{"id":78,"date":"2020-11-30T13:03:47","date_gmt":"2020-11-30T10:03:47","guid":{"rendered":"https:\/\/myvize.com.tr\/yenizelanda\/?page_id=78"},"modified":"2022-05-17T12:04:08","modified_gmt":"2022-05-17T09:04:08","slug":"izmir-baskonsoloslugu","status":"publish","type":"page","link":"https:\/\/myvize.com.tr\/yenizelanda\/konsolosluklar\/izmir-baskonsoloslugu\/","title":{"rendered":"Yeni Zelanda \u0130zmir Ba\u015fkonsoloslu\u011fu"},"content":{"rendered":"<h2><strong><span style=\"font-family: Roboto; font-size: 27px;\">Yeni Zelanda \u0130zmir Ba\u015fkonsoloslu\u011fu Hakk\u0131nda<\/span><\/strong><\/h2>\n<p><span style=\"font-family: Roboto; font-size: 14px;\">Bu makale de sizlere <strong>Yeni Zelanda \u0130zmir Fahri Konsoloslu\u011fu<\/strong> ile ilgili; g\u00f6rev b\u00f6lgesi ve \u00e7al\u0131\u015fma saatleri hakk\u0131nda bilgi verece\u011fiz. Ayn\u0131 zamanda konsoloslu\u011fun ne demek oldu\u011fu ve Yeni Zelanda seyahat amac\u0131, vize t\u00fcrleri hakk\u0131nda da bilgi verece\u011fiz.<\/span><\/p>\n<p><span style=\"font-family: Roboto; font-size: 14px;\">Yeni Zelanda \u0130zmir Konsolosluk<\/span><br \/>\n<span style=\"font-family: Roboto; font-size: 14px;\">Konsolosluklar, bir \u00fclkenin farkl\u0131 \u00fclkelerde a\u00e7ma hakk\u0131na sahip oldu\u011fu kurumlara verilen isim diyebiliriz.T\u00fcm konsolosluklar, kendi vatanda\u015flar\u0131n\u0131 koruyabilmek i\u00e7in gerekli haklara sahiptir.Yeni Zelanda vizesi i\u00e7in seyahat amac\u0131n\u0131z\u0131n belli olmas\u0131 \u00f6nemli bir kriterdir. Yapaca\u011f\u0131n\u0131z seyahat i\u00e7in sahip olman\u0131z gereken vize t\u00fcrleri kendi i\u00e7lerinde de ayr\u0131l\u0131yor.\u00a0<span style=\"color: #2acec2;\"><strong><a style=\"color: #2acec2;\" href=\"https:\/\/myvize.com.tr\/yenizelanda\/vize-islemleri\/yenizelanda-vizesi\/\" target=\"_blank\" rel=\"noopener\">Yeni Zelanda vizesi <\/a><\/strong><\/span>k\u0131sa s\u00fcreli seyahatler i\u00e7in;Yeni Zelanda turistik seyahat vizesi<\/span><br \/>\n<span style=\"font-family: Roboto; font-size: 14px;\">Yeni Zelanda ticari ama\u00e7l\u0131 seyahat vizesi\u00a0<\/span><br \/>\n<span style=\"font-family: Roboto; font-size: 14px;\">Yeni Zelanda aile\/arkada\u015f ziyareti ama\u00e7l\u0131 seyahat vizesi\u00a0<\/span><br \/>\n<span style=\"font-family: Roboto; font-size: 14px;\">Yeni Zelanda e\u011fitim vizesi gerekiyor.<\/span><br \/>\n<span style=\"font-family: Roboto; font-size: 14px;\">Yeni Zelanda \u0130zmir Konsolosluk G\u00f6rev B\u00f6lgesi , T\u00fcrkiye\u2019nin her yerinden bizzat gitmenize gerek olmadan alabilece\u011finiz bir vize t\u00fcr\u00fcd\u00fcr.Mail ya da telefon \u00fczerinden ilgili yerlerle ileti\u015fime ge\u00e7tikten sonra laz\u0131m olan evraklar\u0131 tarat\u0131p ilgili yere ula\u015ft\u0131rd\u0131\u011f\u0131n\u0131zda i\u015flemlerinizi ayn\u0131 g\u00fcn i\u00e7inde ba\u015flat\u0131yorlar.Yeni Zelanda <strong>\u0130zmir\u00a0 Konsolosluk \u00c7al\u0131\u015fma Saatleri<\/strong><\/span><br \/>\n<span style=\"font-family: Roboto; font-size: 14px;\">\u00c7al\u0131\u015fma saatleri a\u015fa\u011f\u0131daki gibidir;<\/span><br \/>\n<span style=\"font-family: Roboto; font-size: 14px;\">Pazartesi \u00a0: 8.30-18.00<\/span><br \/>\n<span style=\"font-family: Roboto; font-size: 14px;\">Sal\u0131\u00a0 \u00a0 \u00a0 \u00a0 \u00a0 \u00a0: 8.30-18.00<\/span><br \/>\n<span style=\"font-family: Roboto; font-size: 14px;\">\u00c7ar\u015famba : 8.30-18.00<\/span><br \/>\n<span style=\"font-family: Roboto; font-size: 14px;\">Per\u015fembe : 8.30-18.00<\/span><br \/>\n<span style=\"font-family: Roboto; font-size: 14px;\">Cuma\u00a0 \u00a0 \u00a0 \u00a0 : 8.30-18.00<\/span><br \/>\n<span style=\"font-family: Roboto; font-size: 14px;\">Cumartesi : 10.00-14.00<\/span><\/p>\n","protected":false},"excerpt":{"rendered":"<p>Yeni Zelanda \u0130zmir Ba\u015fkonsoloslu\u011fu Hakk\u0131nda Bu makale de sizlere Yeni Zelanda \u0130zmir Fahri Konsoloslu\u011fu ile ilgili; g\u00f6rev b\u00f6lgesi ve \u00e7al\u0131\u015fma saatleri hakk\u0131nda bilgi verece\u011fiz. Ayn\u0131 zamanda konsoloslu\u011fun ne demek oldu\u011fu ve Yeni Zelanda seyahat amac\u0131, vize t\u00fcrleri hakk\u0131nda da bilgi verece\u011fiz. Yeni Zelanda \u0130zmir Konsolosluk Konsolosluklar, bir \u00fclkenin farkl\u0131 \u00fclkelerde a\u00e7ma hakk\u0131na sahip oldu\u011fu kurumlara<\/p>\n","protected":false},"author":1,"featured_media":0,"parent":69,"menu_order":0,"comment_status":"closed","ping_status":"closed","template":"","meta":{"footnotes":""},"class_list":["post-78","page","type-page","status-publish","hentry"],"yoast_head":"<!-- This site is optimized with the Yoast SEO plugin v24.0 - https:\/\/yoast.com\/wordpress\/plugins\/seo\/ -->\n<title>Yeni Zelanda \u0130zmir Ba\u015fkonsoloslu\u011fu - MyVize<\/title>\n<meta name=\"description\" content=\"Yeni Zelanda \u0130zmir Ba\u015fkonsoloslu\u011fu \u00e7al\u0131\u015fma saatleri. Yeni Zelanda \u0130zmir Ba\u015fkonsoloslu\u011fu ula\u015f\u0131m, ileti\u015fim bilgileri ve faaliyet alan\u0131.\" \/>\n<meta name=\"robots\" content=\"index, follow, max-snippet:-1, max-image-preview:large, max-video-preview:-1\" \/>\n<link rel=\"canonical\" href=\"https:\/\/myvize.com.tr\/yenizelanda\/konsolosluklar\/izmir-baskonsoloslugu\/\" \/>\n<meta property=\"og:locale\" content=\"tr_TR\" \/>\n<meta property=\"og:type\" content=\"article\" \/>\n<meta property=\"og:title\" content=\"Yeni Zelanda \u0130zmir Ba\u015fkonsoloslu\u011fu - MyVize\" \/>\n<meta property=\"og:description\" content=\"Yeni Zelanda \u0130zmir Ba\u015fkonsoloslu\u011fu \u00e7al\u0131\u015fma saatleri. Yeni Zelanda \u0130zmir Ba\u015fkonsoloslu\u011fu ula\u015f\u0131m, ileti\u015fim bilgileri ve faaliyet alan\u0131.\" \/>\n<meta property=\"og:url\" content=\"https:\/\/myvize.com.tr\/yenizelanda\/konsolosluklar\/izmir-baskonsoloslugu\/\" \/>\n<meta property=\"og:site_name\" content=\"Yeni Zelanda Vizesi\" \/>\n<meta property=\"article:modified_time\" content=\"2022-05-17T09:04:08+00:00\" \/>\n<meta name=\"twitter:card\" content=\"summary_large_image\" \/>\n<meta name=\"twitter:label1\" content=\"Tahmini okuma s\u00fcresi\" \/>\n\t<meta name=\"twitter:data1\" content=\"1 dakika\" \/>\n<script type=\"application\/ld+json\" class=\"yoast-schema-graph\">{\"@context\":\"https:\/\/schema.org\",\"@graph\":[{\"@type\":\"WebPage\",\"@id\":\"https:\/\/myvize.com.tr\/yenizelanda\/konsolosluklar\/izmir-baskonsoloslugu\/\",\"url\":\"https:\/\/myvize.com.tr\/yenizelanda\/konsolosluklar\/izmir-baskonsoloslugu\/\",\"name\":\"Yeni Zelanda \u0130zmir Ba\u015fkonsoloslu\u011fu - MyVize\",\"isPartOf\":{\"@id\":\"https:\/\/myvize.com.tr\/yenizelanda\/#website\"},\"datePublished\":\"2020-11-30T10:03:47+00:00\",\"dateModified\":\"2022-05-17T09:04:08+00:00\",\"description\":\"Yeni Zelanda \u0130zmir Ba\u015fkonsoloslu\u011fu \u00e7al\u0131\u015fma saatleri. Yeni Zelanda \u0130zmir Ba\u015fkonsoloslu\u011fu ula\u015f\u0131m, ileti\u015fim bilgileri ve faaliyet alan\u0131.\",\"breadcrumb\":{\"@id\":\"https:\/\/myvize.com.tr\/yenizelanda\/konsolosluklar\/izmir-baskonsoloslugu\/#breadcrumb\"},\"inLanguage\":\"tr\",\"potentialAction\":[{\"@type\":\"ReadAction\",\"target\":[\"https:\/\/myvize.com.tr\/yenizelanda\/konsolosluklar\/izmir-baskonsoloslugu\/\"]}]},{\"@type\":\"BreadcrumbList\",\"@id\":\"https:\/\/myvize.com.tr\/yenizelanda\/konsolosluklar\/izmir-baskonsoloslugu\/#breadcrumb\",\"itemListElement\":[{\"@type\":\"ListItem\",\"position\":1,\"name\":\"Anasayfa\",\"item\":\"https:\/\/myvize.com.tr\/yenizelanda\/\"},{\"@type\":\"ListItem\",\"position\":2,\"name\":\"KONSOLOSLUKLAR\",\"item\":\"https:\/\/myvize.com.tr\/yenizelanda\/konsolosluklar\/\"},{\"@type\":\"ListItem\",\"position\":3,\"name\":\"Yeni Zelanda \u0130zmir Ba\u015fkonsoloslu\u011fu\"}]},{\"@type\":\"WebSite\",\"@id\":\"https:\/\/myvize.com.tr\/yenizelanda\/#website\",\"url\":\"https:\/\/myvize.com.tr\/yenizelanda\/\",\"name\":\"Yeni Zelanda Vizesi\",\"description\":\"\",\"potentialAction\":[{\"@type\":\"SearchAction\",\"target\":{\"@type\":\"EntryPoint\",\"urlTemplate\":\"https:\/\/myvize.com.tr\/yenizelanda\/?s={search_term_string}\"},\"query-input\":{\"@type\":\"PropertyValueSpecification\",\"valueRequired\":true,\"valueName\":\"search_term_string\"}}],\"inLanguage\":\"tr\"}]}<\/script>\n<!-- \/ Yoast SEO plugin. -->","yoast_head_json":{"title":"Yeni Zelanda \u0130zmir Ba\u015fkonsoloslu\u011fu - MyVize","description":"Yeni Zelanda \u0130zmir Ba\u015fkonsoloslu\u011fu \u00e7al\u0131\u015fma saatleri. Yeni Zelanda \u0130zmir Ba\u015fkonsoloslu\u011fu ula\u015f\u0131m, ileti\u015fim bilgileri ve faaliyet alan\u0131.","robots":{"index":"index","follow":"follow","max-snippet":"max-snippet:-1","max-image-preview":"max-image-preview:large","max-video-preview":"max-video-preview:-1"},"canonical":"https:\/\/myvize.com.tr\/yenizelanda\/konsolosluklar\/izmir-baskonsoloslugu\/","og_locale":"tr_TR","og_type":"article","og_title":"Yeni Zelanda \u0130zmir Ba\u015fkonsoloslu\u011fu - MyVize","og_description":"Yeni Zelanda \u0130zmir Ba\u015fkonsoloslu\u011fu \u00e7al\u0131\u015fma saatleri. Yeni Zelanda \u0130zmir Ba\u015fkonsoloslu\u011fu ula\u015f\u0131m, ileti\u015fim bilgileri ve faaliyet alan\u0131.","og_url":"https:\/\/myvize.com.tr\/yenizelanda\/konsolosluklar\/izmir-baskonsoloslugu\/","og_site_name":"Yeni Zelanda Vizesi","article_modified_time":"2022-05-17T09:04:08+00:00","twitter_card":"summary_large_image","twitter_misc":{"Tahmini okuma s\u00fcresi":"1 dakika"},"schema":{"@context":"https:\/\/schema.org","@graph":[{"@type":"WebPage","@id":"https:\/\/myvize.com.tr\/yenizelanda\/konsolosluklar\/izmir-baskonsoloslugu\/","url":"https:\/\/myvize.com.tr\/yenizelanda\/konsolosluklar\/izmir-baskonsoloslugu\/","name":"Yeni Zelanda \u0130zmir Ba\u015fkonsoloslu\u011fu - MyVize","isPartOf":{"@id":"https:\/\/myvize.com.tr\/yenizelanda\/#website"},"datePublished":"2020-11-30T10:03:47+00:00","dateModified":"2022-05-17T09:04:08+00:00","description":"Yeni Zelanda \u0130zmir Ba\u015fkonsoloslu\u011fu \u00e7al\u0131\u015fma saatleri. Yeni Zelanda \u0130zmir Ba\u015fkonsoloslu\u011fu ula\u015f\u0131m, ileti\u015fim bilgileri ve faaliyet alan\u0131.","breadcrumb":{"@id":"https:\/\/myvize.com.tr\/yenizelanda\/konsolosluklar\/izmir-baskonsoloslugu\/#breadcrumb"},"inLanguage":"tr","potentialAction":[{"@type":"ReadAction","target":["https:\/\/myvize.com.tr\/yenizelanda\/konsolosluklar\/izmir-baskonsoloslugu\/"]}]},{"@type":"BreadcrumbList","@id":"https:\/\/myvize.com.tr\/yenizelanda\/konsolosluklar\/izmir-baskonsoloslugu\/#breadcrumb","itemListElement":[{"@type":"ListItem","position":1,"name":"Anasayfa","item":"https:\/\/myvize.com.tr\/yenizelanda\/"},{"@type":"ListItem","position":2,"name":"KONSOLOSLUKLAR","item":"https:\/\/myvize.com.tr\/yenizelanda\/konsolosluklar\/"},{"@type":"ListItem","position":3,"name":"Yeni Zelanda \u0130zmir Ba\u015fkonsoloslu\u011fu"}]},{"@type":"WebSite","@id":"https:\/\/myvize.com.tr\/yenizelanda\/#website","url":"https:\/\/myvize.com.tr\/yenizelanda\/","name":"Yeni Zelanda Vizesi","description":"","potentialAction":[{"@type":"SearchAction","target":{"@type":"EntryPoint","urlTemplate":"https:\/\/myvize.com.tr\/yenizelanda\/?s={search_term_string}"},"query-input":{"@type":"PropertyValueSpecification","valueRequired":true,"valueName":"search_term_string"}}],"inLanguage":"tr"}]}},"_links":{"self":[{"href":"https:\/\/myvize.com.tr\/yenizelanda\/wp-json\/wp\/v2\/pages\/78","targetHints":{"allow":["GET"]}}],"collection":[{"href":"https:\/\/myvize.com.tr\/yenizelanda\/wp-json\/wp\/v2\/pages"}],"about":[{"href":"https:\/\/myvize.com.tr\/yenizelanda\/wp-json\/wp\/v2\/types\/page"}],"author":[{"embeddable":true,"href":"https:\/\/myvize.com.tr\/yenizelanda\/wp-json\/wp\/v2\/users\/1"}],"replies":[{"embeddable":true,"href":"https:\/\/myvize.com.tr\/yenizelanda\/wp-json\/wp\/v2\/comments?post=78"}],"version-history":[{"count":5,"href":"https:\/\/myvize.com.tr\/yenizelanda\/wp-json\/wp\/v2\/pages\/78\/revisions"}],"predecessor-version":[{"id":626,"href":"https:\/\/myvize.com.tr\/yenizelanda\/wp-json\/wp\/v2\/pages\/78\/revisions\/626"}],"up":[{"embeddable":true,"href":"https:\/\/myvize.com.tr\/yenizelanda\/wp-json\/wp\/v2\/pages\/69"}],"wp:attachment":[{"href":"https:\/\/myvize.com.tr\/yenizelanda\/wp-json\/wp\/v2\/media?parent=78"}],"curies":[{"name":"wp","href":"https:\/\/api.w.org\/{rel}","templated":true}]}}