{"id":72,"date":"2020-11-30T12:59:09","date_gmt":"2020-11-30T09:59:09","guid":{"rendered":"https:\/\/myvize.com.tr\/yenizelanda\/?page_id=72"},"modified":"2022-05-16T17:57:48","modified_gmt":"2022-05-16T14:57:48","slug":"ankara-buyukelciligi","status":"publish","type":"page","link":"https:\/\/myvize.com.tr\/yenizelanda\/konsolosluklar\/ankara-buyukelciligi\/","title":{"rendered":"Yeni Zelanda Ankara B\u00fcy\u00fckel\u00e7ili\u011fi"},"content":{"rendered":"<p><span style=\"font-family: Roboto;\"><\/span><\/p>\r\n<h2><strong><span style=\"font-size: 27px; font-family: Roboto;\">Yeni Zelanda Ankara B\u00fcy\u00fckel\u00e7ili\u011fi Hakk\u0131nda<\/span><\/strong><\/h2>\r\n<p><span style=\"font-family: Roboto; font-size: 14px;\">Yeni Zelanda Ankara konsoloslu\u011fu T\u00fcrkiye\u2019de ya\u015fayan Yeni Zelanda vatanda\u015flar\u0131n\u0131n daha iyi ko\u015fullarda ya\u015famas\u0131 i\u00e7in \u00e7al\u0131\u015fan, gerekli g\u00fcvencesinin sa\u011flanmas\u0131nda yetki bir makamd\u0131r.\u00a0 Elbette ki Yeni Zelanda\u2019ya giden T\u00fcrk vatanda\u015flar\u0131n\u0131n da t\u00fcm haklar\u0131n\u0131n korunabilmesi konsoloslu\u011fun temel g\u00f6revlerindendir.\u00a0<a><strong>Yeni Zelanda konsoloslu\u011fu vize<\/strong><\/a>ba\u015fvurular\u0131n\u0131n usul\u00fcne uygun bir \u015fekilde d\u00fczenlenmesinde etkilidir. Bununla birlikte konsoloslu\u011fun vize kabul\u00fc ve reddinde \u00f6nemli bir hakk\u0131 bulunmaktad\u0131r.\u00a0 Konsolosluk vize i\u015flemlerinin yan\u0131 s\u0131ra oturma ve \u00e7al\u0131\u015fma izni verebilen makamd\u0131r. Yeni Zelanda uyruklu bir vatanda\u015f\u0131n her t\u00fcrl\u00fc resmi evrak\u0131 konsolosluk\u00e7a d\u00fczenlenmektedir. Kimlik i\u015flemleri i\u00e7in mutlaka konsoloslu\u011fu ba\u015fvuru yap\u0131lmal\u0131d\u0131r. Bununla birlikte do\u011fum ve \u00f6l\u00fcm bildirimleri konsoloslu\u011fa beyan edildi\u011finde kay\u0131tlara ge\u00e7erek resmile\u015ftirilir.<\/span><\/p>\r\n<p><span style=\"font-family: Roboto; font-size: 14px;\">\r\n\r\n<\/span><\/p>\r\n<p><span style=\"font-family: Roboto; font-size: 14px;\">Yeni Zelanda uyruklu vatanda\u015flar ve T\u00fcrk vatanda\u015flar\u0131 tutuklanmas\u0131 halinde konsolosluktan olaya ili\u015fkin yard\u0131m talep edebilir. Bu durumda konsolosluk adli takibin yap\u0131lmas\u0131nda faaliyet g\u00f6sterir. T\u00fcrkiye ve Yeni Zelanda\u2019n\u0131n ticari i\u015flerinin y\u00fcr\u00fct\u00fclmesi de konsolosluk\u00e7a sa\u011flan\u0131r.\u00a0<strong>Yeni Zelanda\u00a0<a>konsoloslu\u011fu telefon\u00a0<\/a>numaras\u0131\u00a0<\/strong>ile i\u015flemleriniz hakk\u0131nda bilgi sa\u011flayabilirsiniz. Ayr\u0131ca\u00a0<strong>Yeni Zelanda\u00a0<a>konsoloslu\u011fu adresi<\/a>\u00a0<\/strong>sayesinde resmi evraklar makama h\u0131zl\u0131ca ula\u015ft\u0131r\u0131labilmektedir.<\/span><\/p>\r\n<p><span style=\"font-family: Roboto;\"><\/span><\/p>","protected":false},"excerpt":{"rendered":"<p>Yeni Zelanda Ankara B\u00fcy\u00fckel\u00e7ili\u011fi Hakk\u0131nda Yeni Zelanda Ankara konsoloslu\u011fu T\u00fcrkiye\u2019de ya\u015fayan Yeni Zelanda vatanda\u015flar\u0131n\u0131n daha iyi ko\u015fullarda ya\u015famas\u0131 i\u00e7in \u00e7al\u0131\u015fan, gerekli g\u00fcvencesinin sa\u011flanmas\u0131nda yetki bir makamd\u0131r.\u00a0 Elbette ki Yeni Zelanda\u2019ya giden T\u00fcrk vatanda\u015flar\u0131n\u0131n da t\u00fcm haklar\u0131n\u0131n korunabilmesi konsoloslu\u011fun temel g\u00f6revlerindendir.\u00a0Yeni Zelanda konsoloslu\u011fu vizeba\u015fvurular\u0131n\u0131n usul\u00fcne uygun bir \u015fekilde d\u00fczenlenmesinde etkilidir. Bununla birlikte konsoloslu\u011fun vize kabul\u00fc ve<\/p>\n","protected":false},"author":1,"featured_media":0,"parent":69,"menu_order":0,"comment_status":"closed","ping_status":"closed","template":"","meta":{"footnotes":""},"class_list":["post-72","page","type-page","status-publish","hentry"],"yoast_head":"<!-- This site is optimized with the Yoast SEO plugin v24.0 - https:\/\/yoast.com\/wordpress\/plugins\/seo\/ -->\n<title>Yeni Zelanda Ankara B\u00fcy\u00fckel\u00e7ili\u011fi Vize \u0130\u015flemleri - MyVize<\/title>\n<meta name=\"description\" content=\"Yeni Zelanda B\u00fcy\u00fckel\u00e7ili\u011fi Ankara \u00e7al\u0131\u015fma saatleri. Yeni Zelanda B\u00fcy\u00fckel\u00e7ili\u011fi Ankara ula\u015f\u0131m, ileti\u015fim bilgileri ve faaliyet alan\u0131.\" \/>\n<meta name=\"robots\" content=\"index, follow, max-snippet:-1, max-image-preview:large, max-video-preview:-1\" \/>\n<link rel=\"canonical\" href=\"https:\/\/myvize.com.tr\/yenizelanda\/konsolosluklar\/ankara-buyukelciligi\/\" \/>\n<meta property=\"og:locale\" content=\"tr_TR\" \/>\n<meta property=\"og:type\" content=\"article\" \/>\n<meta property=\"og:title\" content=\"Yeni Zelanda Ankara B\u00fcy\u00fckel\u00e7ili\u011fi Vize \u0130\u015flemleri - MyVize\" \/>\n<meta property=\"og:description\" content=\"Yeni Zelanda B\u00fcy\u00fckel\u00e7ili\u011fi Ankara \u00e7al\u0131\u015fma saatleri. Yeni Zelanda B\u00fcy\u00fckel\u00e7ili\u011fi Ankara ula\u015f\u0131m, ileti\u015fim bilgileri ve faaliyet alan\u0131.\" \/>\n<meta property=\"og:url\" content=\"https:\/\/myvize.com.tr\/yenizelanda\/konsolosluklar\/ankara-buyukelciligi\/\" \/>\n<meta property=\"og:site_name\" content=\"Yeni Zelanda Vizesi\" \/>\n<meta property=\"article:modified_time\" content=\"2022-05-16T14:57:48+00:00\" \/>\n<meta name=\"twitter:card\" content=\"summary_large_image\" \/>\n<meta name=\"twitter:label1\" content=\"Tahmini okuma s\u00fcresi\" \/>\n\t<meta name=\"twitter:data1\" content=\"1 dakika\" \/>\n<script type=\"application\/ld+json\" class=\"yoast-schema-graph\">{\"@context\":\"https:\/\/schema.org\",\"@graph\":[{\"@type\":\"WebPage\",\"@id\":\"https:\/\/myvize.com.tr\/yenizelanda\/konsolosluklar\/ankara-buyukelciligi\/\",\"url\":\"https:\/\/myvize.com.tr\/yenizelanda\/konsolosluklar\/ankara-buyukelciligi\/\",\"name\":\"Yeni Zelanda Ankara B\u00fcy\u00fckel\u00e7ili\u011fi Vize \u0130\u015flemleri - MyVize\",\"isPartOf\":{\"@id\":\"https:\/\/myvize.com.tr\/yenizelanda\/#website\"},\"datePublished\":\"2020-11-30T09:59:09+00:00\",\"dateModified\":\"2022-05-16T14:57:48+00:00\",\"description\":\"Yeni Zelanda B\u00fcy\u00fckel\u00e7ili\u011fi Ankara \u00e7al\u0131\u015fma saatleri. Yeni Zelanda B\u00fcy\u00fckel\u00e7ili\u011fi Ankara ula\u015f\u0131m, ileti\u015fim bilgileri ve faaliyet alan\u0131.\",\"breadcrumb\":{\"@id\":\"https:\/\/myvize.com.tr\/yenizelanda\/konsolosluklar\/ankara-buyukelciligi\/#breadcrumb\"},\"inLanguage\":\"tr\",\"potentialAction\":[{\"@type\":\"ReadAction\",\"target\":[\"https:\/\/myvize.com.tr\/yenizelanda\/konsolosluklar\/ankara-buyukelciligi\/\"]}]},{\"@type\":\"BreadcrumbList\",\"@id\":\"https:\/\/myvize.com.tr\/yenizelanda\/konsolosluklar\/ankara-buyukelciligi\/#breadcrumb\",\"itemListElement\":[{\"@type\":\"ListItem\",\"position\":1,\"name\":\"Anasayfa\",\"item\":\"https:\/\/myvize.com.tr\/yenizelanda\/\"},{\"@type\":\"ListItem\",\"position\":2,\"name\":\"KONSOLOSLUKLAR\",\"item\":\"https:\/\/myvize.com.tr\/yenizelanda\/konsolosluklar\/\"},{\"@type\":\"ListItem\",\"position\":3,\"name\":\"Yeni Zelanda Ankara B\u00fcy\u00fckel\u00e7ili\u011fi\"}]},{\"@type\":\"WebSite\",\"@id\":\"https:\/\/myvize.com.tr\/yenizelanda\/#website\",\"url\":\"https:\/\/myvize.com.tr\/yenizelanda\/\",\"name\":\"Yeni Zelanda Vizesi\",\"description\":\"\",\"potentialAction\":[{\"@type\":\"SearchAction\",\"target\":{\"@type\":\"EntryPoint\",\"urlTemplate\":\"https:\/\/myvize.com.tr\/yenizelanda\/?s={search_term_string}\"},\"query-input\":{\"@type\":\"PropertyValueSpecification\",\"valueRequired\":true,\"valueName\":\"search_term_string\"}}],\"inLanguage\":\"tr\"}]}<\/script>\n<!-- \/ Yoast SEO plugin. -->","yoast_head_json":{"title":"Yeni Zelanda Ankara B\u00fcy\u00fckel\u00e7ili\u011fi Vize \u0130\u015flemleri - MyVize","description":"Yeni Zelanda B\u00fcy\u00fckel\u00e7ili\u011fi Ankara \u00e7al\u0131\u015fma saatleri. Yeni Zelanda B\u00fcy\u00fckel\u00e7ili\u011fi Ankara ula\u015f\u0131m, ileti\u015fim bilgileri ve faaliyet alan\u0131.","robots":{"index":"index","follow":"follow","max-snippet":"max-snippet:-1","max-image-preview":"max-image-preview:large","max-video-preview":"max-video-preview:-1"},"canonical":"https:\/\/myvize.com.tr\/yenizelanda\/konsolosluklar\/ankara-buyukelciligi\/","og_locale":"tr_TR","og_type":"article","og_title":"Yeni Zelanda Ankara B\u00fcy\u00fckel\u00e7ili\u011fi Vize \u0130\u015flemleri - MyVize","og_description":"Yeni Zelanda B\u00fcy\u00fckel\u00e7ili\u011fi Ankara \u00e7al\u0131\u015fma saatleri. Yeni Zelanda B\u00fcy\u00fckel\u00e7ili\u011fi Ankara ula\u015f\u0131m, ileti\u015fim bilgileri ve faaliyet alan\u0131.","og_url":"https:\/\/myvize.com.tr\/yenizelanda\/konsolosluklar\/ankara-buyukelciligi\/","og_site_name":"Yeni Zelanda Vizesi","article_modified_time":"2022-05-16T14:57:48+00:00","twitter_card":"summary_large_image","twitter_misc":{"Tahmini okuma s\u00fcresi":"1 dakika"},"schema":{"@context":"https:\/\/schema.org","@graph":[{"@type":"WebPage","@id":"https:\/\/myvize.com.tr\/yenizelanda\/konsolosluklar\/ankara-buyukelciligi\/","url":"https:\/\/myvize.com.tr\/yenizelanda\/konsolosluklar\/ankara-buyukelciligi\/","name":"Yeni Zelanda Ankara B\u00fcy\u00fckel\u00e7ili\u011fi Vize \u0130\u015flemleri - MyVize","isPartOf":{"@id":"https:\/\/myvize.com.tr\/yenizelanda\/#website"},"datePublished":"2020-11-30T09:59:09+00:00","dateModified":"2022-05-16T14:57:48+00:00","description":"Yeni Zelanda B\u00fcy\u00fckel\u00e7ili\u011fi Ankara \u00e7al\u0131\u015fma saatleri. Yeni Zelanda B\u00fcy\u00fckel\u00e7ili\u011fi Ankara ula\u015f\u0131m, ileti\u015fim bilgileri ve faaliyet alan\u0131.","breadcrumb":{"@id":"https:\/\/myvize.com.tr\/yenizelanda\/konsolosluklar\/ankara-buyukelciligi\/#breadcrumb"},"inLanguage":"tr","potentialAction":[{"@type":"ReadAction","target":["https:\/\/myvize.com.tr\/yenizelanda\/konsolosluklar\/ankara-buyukelciligi\/"]}]},{"@type":"BreadcrumbList","@id":"https:\/\/myvize.com.tr\/yenizelanda\/konsolosluklar\/ankara-buyukelciligi\/#breadcrumb","itemListElement":[{"@type":"ListItem","position":1,"name":"Anasayfa","item":"https:\/\/myvize.com.tr\/yenizelanda\/"},{"@type":"ListItem","position":2,"name":"KONSOLOSLUKLAR","item":"https:\/\/myvize.com.tr\/yenizelanda\/konsolosluklar\/"},{"@type":"ListItem","position":3,"name":"Yeni Zelanda Ankara B\u00fcy\u00fckel\u00e7ili\u011fi"}]},{"@type":"WebSite","@id":"https:\/\/myvize.com.tr\/yenizelanda\/#website","url":"https:\/\/myvize.com.tr\/yenizelanda\/","name":"Yeni Zelanda Vizesi","description":"","potentialAction":[{"@type":"SearchAction","target":{"@type":"EntryPoint","urlTemplate":"https:\/\/myvize.com.tr\/yenizelanda\/?s={search_term_string}"},"query-input":{"@type":"PropertyValueSpecification","valueRequired":true,"valueName":"search_term_string"}}],"inLanguage":"tr"}]}},"_links":{"self":[{"href":"https:\/\/myvize.com.tr\/yenizelanda\/wp-json\/wp\/v2\/pages\/72","targetHints":{"allow":["GET"]}}],"collection":[{"href":"https:\/\/myvize.com.tr\/yenizelanda\/wp-json\/wp\/v2\/pages"}],"about":[{"href":"https:\/\/myvize.com.tr\/yenizelanda\/wp-json\/wp\/v2\/types\/page"}],"author":[{"embeddable":true,"href":"https:\/\/myvize.com.tr\/yenizelanda\/wp-json\/wp\/v2\/users\/1"}],"replies":[{"embeddable":true,"href":"https:\/\/myvize.com.tr\/yenizelanda\/wp-json\/wp\/v2\/comments?post=72"}],"version-history":[{"count":5,"href":"https:\/\/myvize.com.tr\/yenizelanda\/wp-json\/wp\/v2\/pages\/72\/revisions"}],"predecessor-version":[{"id":623,"href":"https:\/\/myvize.com.tr\/yenizelanda\/wp-json\/wp\/v2\/pages\/72\/revisions\/623"}],"up":[{"embeddable":true,"href":"https:\/\/myvize.com.tr\/yenizelanda\/wp-json\/wp\/v2\/pages\/69"}],"wp:attachment":[{"href":"https:\/\/myvize.com.tr\/yenizelanda\/wp-json\/wp\/v2\/media?parent=72"}],"curies":[{"name":"wp","href":"https:\/\/api.w.org\/{rel}","templated":true}]}}