{"id":69,"date":"2020-11-30T12:54:37","date_gmt":"2020-11-30T09:54:37","guid":{"rendered":"https:\/\/myvize.com.tr\/yenizelanda\/?page_id=69"},"modified":"2022-01-13T15:25:41","modified_gmt":"2022-01-13T12:25:41","slug":"konsolosluklar","status":"publish","type":"page","link":"https:\/\/myvize.com.tr\/yenizelanda\/konsolosluklar\/","title":{"rendered":"KONSOLOSLUKLAR"},"content":{"rendered":"<h2><strong><span style=\"font-family: Roboto; font-size: 27px;\">Yeni Zelanda Konsoloslu\u011fu Vize Ba\u015fvurusu<\/span><\/strong><\/h2>\n<p><span style=\"font-family: Roboto; font-size: 14px;\">Yeni Zelanda\u2019ya seyahat edecek olan T\u00fcrk vatanda\u015flar\u0131 pasaport t\u00fcr\u00fc fark etmeksizin, Yeni Zelanda seyahat ama\u00e7lar\u0131na uygun olarak Yeni Zelanda vizesi almal\u0131d\u0131r. <span style=\"color: #2acec2;\"><strong><a style=\"color: #2acec2;\" href=\"https:\/\/myvize.com.tr\/yenizelanda\/vize-islemleri\/yenizelanda-vizesi\/\" target=\"_blank\" rel=\"noopener\">Yeni Zelanda vizesi<\/a><\/strong><\/span> ba\u015fvurular\u0131 vize ba\u015fvuru merkezlerine ve Yeni Zelanda Konsolosluklar\u0131na yap\u0131labilmektedir. <strong>Yeni Zelanda Konsoloslu\u011fu<\/strong>\u2019na ba\u015fvuruda bulunacak olan ki\u015filer yapmas\u0131 gereken Yeni Zelanda Konsoloslu\u011fu vize ba\u015fvurusu i\u015flemleri yerine getirmelidir.<\/span><\/p>\n<p><span style=\"font-family: Roboto; font-size: 14px;\"><span style=\"color: #2acec2;\"><strong><a style=\"color: #2acec2;\" href=\"https:\/\/myvize.com.tr\/yenizelanda\/konsolosluklar\/ankara-buyukelciligi\/\" target=\"_blank\" rel=\"noopener\">Yeni Zelanda Ankara B\u00fcy\u00fckel\u00e7ili\u011fi<\/a><\/strong><\/span>\u2019ne ba\u015fvuruda bulunacak olan ki\u015filer \u00f6ncelikle Yeni Zelanda seyahat amac\u0131na uygun <span style=\"color: #2acec2;\"><strong><a style=\"color: #2acec2;\" href=\"https:\/\/myvize.com.tr\/yenizelanda\/form-ve-dilekce\/vize-basvuru-formu\/\" target=\"_blank\" rel=\"noopener\">vize ba\u015fvuru formu<\/a><\/strong><\/span> doldurulmal\u0131d\u0131r. Bu formdaki t\u00fcm sorular <strong>\u0130ngilizce<\/strong> olarak do\u011fru ve eksiksiz doldurulmal\u0131d\u0131r.<\/span><\/p>\n<p><span style=\"font-family: Roboto; font-size: 14px;\">Ard\u0131ndan <strong>Yeni Zelanda Konsoloslu\u011fu<\/strong> vize randevu i\u015flemi ger\u00e7ekle\u015ftirilmelidir. B\u00fcy\u00fckel\u00e7ilik ile ileti\u015fime ge\u00e7ilerek randevu al\u0131nabilir. Randevular telefon ya da e-posta ile al\u0131nabilmektedir. Randevusuz <strong>Yeni Zelanda vize i\u015flemi<\/strong> yap\u0131lmamaktad\u0131r.<\/span><\/p>\n<p><span style=\"font-family: Roboto; font-size: 14px;\">Yeni Zelanda <strong>vize randevusu<\/strong> al\u0131nd\u0131ktan sonra, Yeni Zelanda vize t\u00fcr\u00fcn\u00fcze uygun belgeleri eksiksiz ve g\u00fcncel bir \u015fekilde haz\u0131rlaman\u0131z gerekmektedir. Yeni Zelanda <strong>vize ba\u015fvuru belgeleri<\/strong> haz\u0131rland\u0131ktan sonra randevu tarihinde belgeler yetkililere teslim edilmelidir. Vize ba\u015fvuru belgelerinin g\u00fcncelli\u011finden ve do\u011frulu\u011fundan emin olman\u0131z gerekmektedir. Eksik ya da g\u00fcncel olmayan ba\u015fvurulardan dolay\u0131, Yeni Zelanda vize ba\u015fvurunuz reddedilebilir.<\/span><\/p>\n","protected":false},"excerpt":{"rendered":"<p>Yeni Zelanda Konsoloslu\u011fu Vize Ba\u015fvurusu Yeni Zelanda\u2019ya seyahat edecek olan T\u00fcrk vatanda\u015flar\u0131 pasaport t\u00fcr\u00fc fark etmeksizin, Yeni Zelanda seyahat ama\u00e7lar\u0131na uygun olarak Yeni Zelanda vizesi almal\u0131d\u0131r. Yeni Zelanda vizesi ba\u015fvurular\u0131 vize ba\u015fvuru merkezlerine ve Yeni Zelanda Konsolosluklar\u0131na yap\u0131labilmektedir. Yeni Zelanda Konsoloslu\u011fu\u2019na ba\u015fvuruda bulunacak olan ki\u015filer yapmas\u0131 gereken Yeni Zelanda Konsoloslu\u011fu vize ba\u015fvurusu i\u015flemleri yerine getirmelidir.<\/p>\n","protected":false},"author":1,"featured_media":0,"parent":0,"menu_order":0,"comment_status":"closed","ping_status":"closed","template":"","meta":{"footnotes":""},"class_list":["post-69","page","type-page","status-publish","hentry"],"yoast_head":"<!-- This site is optimized with the Yoast SEO plugin v24.0 - https:\/\/yoast.com\/wordpress\/plugins\/seo\/ -->\n<title>Yeni Zelanda Konsolosluk \u0130leti\u015fim Bilgileri - MyVize<\/title>\n<meta name=\"description\" content=\"Yeni Zelanda Konsolosluklar\u0131n harital\u0131 a\u00e7\u0131k adresleri, Yeni Zelanda Konsolosluklar ve El\u00e7ilik listeleri. Yeni Zelanda Konsolosluk \u0130\u015flemleri.\" \/>\n<meta name=\"robots\" content=\"index, follow, max-snippet:-1, max-image-preview:large, max-video-preview:-1\" \/>\n<link rel=\"canonical\" href=\"https:\/\/myvize.com.tr\/yenizelanda\/konsolosluklar\/\" \/>\n<meta property=\"og:locale\" content=\"tr_TR\" \/>\n<meta property=\"og:type\" content=\"article\" \/>\n<meta property=\"og:title\" content=\"Yeni Zelanda Konsolosluk \u0130leti\u015fim Bilgileri - MyVize\" \/>\n<meta property=\"og:description\" content=\"Yeni Zelanda Konsolosluklar\u0131n harital\u0131 a\u00e7\u0131k adresleri, Yeni Zelanda Konsolosluklar ve El\u00e7ilik listeleri. Yeni Zelanda Konsolosluk \u0130\u015flemleri.\" \/>\n<meta property=\"og:url\" content=\"https:\/\/myvize.com.tr\/yenizelanda\/konsolosluklar\/\" \/>\n<meta property=\"og:site_name\" content=\"Yeni Zelanda Vizesi\" \/>\n<meta property=\"article:modified_time\" content=\"2022-01-13T12:25:41+00:00\" \/>\n<meta name=\"twitter:card\" content=\"summary_large_image\" \/>\n<meta name=\"twitter:label1\" content=\"Tahmini okuma s\u00fcresi\" \/>\n\t<meta name=\"twitter:data1\" content=\"1 dakika\" \/>\n<script type=\"application\/ld+json\" class=\"yoast-schema-graph\">{\"@context\":\"https:\/\/schema.org\",\"@graph\":[{\"@type\":\"WebPage\",\"@id\":\"https:\/\/myvize.com.tr\/yenizelanda\/konsolosluklar\/\",\"url\":\"https:\/\/myvize.com.tr\/yenizelanda\/konsolosluklar\/\",\"name\":\"Yeni Zelanda Konsolosluk \u0130leti\u015fim Bilgileri - MyVize\",\"isPartOf\":{\"@id\":\"https:\/\/myvize.com.tr\/yenizelanda\/#website\"},\"datePublished\":\"2020-11-30T09:54:37+00:00\",\"dateModified\":\"2022-01-13T12:25:41+00:00\",\"description\":\"Yeni Zelanda Konsolosluklar\u0131n harital\u0131 a\u00e7\u0131k adresleri, Yeni Zelanda Konsolosluklar ve El\u00e7ilik listeleri. Yeni Zelanda Konsolosluk \u0130\u015flemleri.\",\"breadcrumb\":{\"@id\":\"https:\/\/myvize.com.tr\/yenizelanda\/konsolosluklar\/#breadcrumb\"},\"inLanguage\":\"tr\",\"potentialAction\":[{\"@type\":\"ReadAction\",\"target\":[\"https:\/\/myvize.com.tr\/yenizelanda\/konsolosluklar\/\"]}]},{\"@type\":\"BreadcrumbList\",\"@id\":\"https:\/\/myvize.com.tr\/yenizelanda\/konsolosluklar\/#breadcrumb\",\"itemListElement\":[{\"@type\":\"ListItem\",\"position\":1,\"name\":\"Anasayfa\",\"item\":\"https:\/\/myvize.com.tr\/yenizelanda\/\"},{\"@type\":\"ListItem\",\"position\":2,\"name\":\"KONSOLOSLUKLAR\"}]},{\"@type\":\"WebSite\",\"@id\":\"https:\/\/myvize.com.tr\/yenizelanda\/#website\",\"url\":\"https:\/\/myvize.com.tr\/yenizelanda\/\",\"name\":\"Yeni Zelanda Vizesi\",\"description\":\"\",\"potentialAction\":[{\"@type\":\"SearchAction\",\"target\":{\"@type\":\"EntryPoint\",\"urlTemplate\":\"https:\/\/myvize.com.tr\/yenizelanda\/?s={search_term_string}\"},\"query-input\":{\"@type\":\"PropertyValueSpecification\",\"valueRequired\":true,\"valueName\":\"search_term_string\"}}],\"inLanguage\":\"tr\"}]}<\/script>\n<!-- \/ Yoast SEO plugin. -->","yoast_head_json":{"title":"Yeni Zelanda Konsolosluk \u0130leti\u015fim Bilgileri - MyVize","description":"Yeni Zelanda Konsolosluklar\u0131n harital\u0131 a\u00e7\u0131k adresleri, Yeni Zelanda Konsolosluklar ve El\u00e7ilik listeleri. Yeni Zelanda Konsolosluk \u0130\u015flemleri.","robots":{"index":"index","follow":"follow","max-snippet":"max-snippet:-1","max-image-preview":"max-image-preview:large","max-video-preview":"max-video-preview:-1"},"canonical":"https:\/\/myvize.com.tr\/yenizelanda\/konsolosluklar\/","og_locale":"tr_TR","og_type":"article","og_title":"Yeni Zelanda Konsolosluk \u0130leti\u015fim Bilgileri - MyVize","og_description":"Yeni Zelanda Konsolosluklar\u0131n harital\u0131 a\u00e7\u0131k adresleri, Yeni Zelanda Konsolosluklar ve El\u00e7ilik listeleri. Yeni Zelanda Konsolosluk \u0130\u015flemleri.","og_url":"https:\/\/myvize.com.tr\/yenizelanda\/konsolosluklar\/","og_site_name":"Yeni Zelanda Vizesi","article_modified_time":"2022-01-13T12:25:41+00:00","twitter_card":"summary_large_image","twitter_misc":{"Tahmini okuma s\u00fcresi":"1 dakika"},"schema":{"@context":"https:\/\/schema.org","@graph":[{"@type":"WebPage","@id":"https:\/\/myvize.com.tr\/yenizelanda\/konsolosluklar\/","url":"https:\/\/myvize.com.tr\/yenizelanda\/konsolosluklar\/","name":"Yeni Zelanda Konsolosluk \u0130leti\u015fim Bilgileri - MyVize","isPartOf":{"@id":"https:\/\/myvize.com.tr\/yenizelanda\/#website"},"datePublished":"2020-11-30T09:54:37+00:00","dateModified":"2022-01-13T12:25:41+00:00","description":"Yeni Zelanda Konsolosluklar\u0131n harital\u0131 a\u00e7\u0131k adresleri, Yeni Zelanda Konsolosluklar ve El\u00e7ilik listeleri. Yeni Zelanda Konsolosluk \u0130\u015flemleri.","breadcrumb":{"@id":"https:\/\/myvize.com.tr\/yenizelanda\/konsolosluklar\/#breadcrumb"},"inLanguage":"tr","potentialAction":[{"@type":"ReadAction","target":["https:\/\/myvize.com.tr\/yenizelanda\/konsolosluklar\/"]}]},{"@type":"BreadcrumbList","@id":"https:\/\/myvize.com.tr\/yenizelanda\/konsolosluklar\/#breadcrumb","itemListElement":[{"@type":"ListItem","position":1,"name":"Anasayfa","item":"https:\/\/myvize.com.tr\/yenizelanda\/"},{"@type":"ListItem","position":2,"name":"KONSOLOSLUKLAR"}]},{"@type":"WebSite","@id":"https:\/\/myvize.com.tr\/yenizelanda\/#website","url":"https:\/\/myvize.com.tr\/yenizelanda\/","name":"Yeni Zelanda Vizesi","description":"","potentialAction":[{"@type":"SearchAction","target":{"@type":"EntryPoint","urlTemplate":"https:\/\/myvize.com.tr\/yenizelanda\/?s={search_term_string}"},"query-input":{"@type":"PropertyValueSpecification","valueRequired":true,"valueName":"search_term_string"}}],"inLanguage":"tr"}]}},"_links":{"self":[{"href":"https:\/\/myvize.com.tr\/yenizelanda\/wp-json\/wp\/v2\/pages\/69","targetHints":{"allow":["GET"]}}],"collection":[{"href":"https:\/\/myvize.com.tr\/yenizelanda\/wp-json\/wp\/v2\/pages"}],"about":[{"href":"https:\/\/myvize.com.tr\/yenizelanda\/wp-json\/wp\/v2\/types\/page"}],"author":[{"embeddable":true,"href":"https:\/\/myvize.com.tr\/yenizelanda\/wp-json\/wp\/v2\/users\/1"}],"replies":[{"embeddable":true,"href":"https:\/\/myvize.com.tr\/yenizelanda\/wp-json\/wp\/v2\/comments?post=69"}],"version-history":[{"count":4,"href":"https:\/\/myvize.com.tr\/yenizelanda\/wp-json\/wp\/v2\/pages\/69\/revisions"}],"predecessor-version":[{"id":599,"href":"https:\/\/myvize.com.tr\/yenizelanda\/wp-json\/wp\/v2\/pages\/69\/revisions\/599"}],"wp:attachment":[{"href":"https:\/\/myvize.com.tr\/yenizelanda\/wp-json\/wp\/v2\/media?parent=69"}],"curies":[{"name":"wp","href":"https:\/\/api.w.org\/{rel}","templated":true}]}}