{"id":55,"date":"2020-11-30T12:50:43","date_gmt":"2020-11-30T09:50:43","guid":{"rendered":"https:\/\/myvize.com.tr\/yenizelanda\/?page_id=55"},"modified":"2022-01-19T15:10:58","modified_gmt":"2022-01-19T12:10:58","slug":"turkiyede-oturum-ve-calisma-izni","status":"publish","type":"page","link":"https:\/\/myvize.com.tr\/yenizelanda\/vize-islemleri\/turkiyede-oturum-ve-calisma-izni\/","title":{"rendered":"T\u00fcrkiye&#8217;de Oturum ve \u00c7al\u0131\u015fma \u0130zni"},"content":{"rendered":"<h2><strong><span style=\"font-size: 27px;\">Yeni Zelanda T\u00fcrkiye&#8217;de Oturum ve \u00c7al\u0131\u015fma \u0130zni<\/span><\/strong><\/h2>\n<p><img decoding=\"async\" src=\"https:\/\/myvize.com.tr\/yenizelanda\/wp-content\/uploads\/2021\/10\/13.jpg\" \/><\/p>\n","protected":false},"excerpt":{"rendered":"<p>Yeni Zelanda T\u00fcrkiye&#8217;de Oturum ve \u00c7al\u0131\u015fma \u0130zni<\/p>\n","protected":false},"author":1,"featured_media":0,"parent":18,"menu_order":0,"comment_status":"closed","ping_status":"closed","template":"","meta":{"footnotes":""},"class_list":["post-55","page","type-page","status-publish","hentry"],"yoast_head":"<!-- This site is optimized with the Yoast SEO plugin v24.0 - https:\/\/yoast.com\/wordpress\/plugins\/seo\/ -->\n<title>Yeni Zelanda T\u00fcrkiye&#039; de Oturum ve \u00c7al\u0131\u015fma \u0130zni - MyVize<\/title>\n<meta name=\"description\" content=\"Yeni Zelanda T\u00fcrkiye&#039; de oturum ve \u00e7al\u0131\u015fma izni vizesi i\u00e7in ofislerimizi ara. T\u00fcrkiye&#039;de oturum ve \u00e7al\u0131\u015fma vizesi i\u00e7in gerekli evrak listesi.\" \/>\n<meta name=\"robots\" content=\"index, follow, max-snippet:-1, max-image-preview:large, max-video-preview:-1\" \/>\n<link rel=\"canonical\" href=\"https:\/\/myvize.com.tr\/yenizelanda\/vize-islemleri\/turkiyede-oturum-ve-calisma-izni\/\" \/>\n<meta property=\"og:locale\" content=\"tr_TR\" \/>\n<meta property=\"og:type\" content=\"article\" \/>\n<meta property=\"og:title\" content=\"Yeni Zelanda T\u00fcrkiye&#039; de Oturum ve \u00c7al\u0131\u015fma \u0130zni - MyVize\" \/>\n<meta property=\"og:description\" content=\"Yeni Zelanda T\u00fcrkiye&#039; de oturum ve \u00e7al\u0131\u015fma izni vizesi i\u00e7in ofislerimizi ara. T\u00fcrkiye&#039;de oturum ve \u00e7al\u0131\u015fma vizesi i\u00e7in gerekli evrak listesi.\" \/>\n<meta property=\"og:url\" content=\"https:\/\/myvize.com.tr\/yenizelanda\/vize-islemleri\/turkiyede-oturum-ve-calisma-izni\/\" \/>\n<meta property=\"og:site_name\" content=\"Yeni Zelanda Vizesi\" \/>\n<meta property=\"article:modified_time\" content=\"2022-01-19T12:10:58+00:00\" \/>\n<meta property=\"og:image\" content=\"https:\/\/myvize.com.tr\/yenizelanda\/wp-content\/uploads\/2021\/10\/13.jpg\" \/>\n<meta name=\"twitter:card\" content=\"summary_large_image\" \/>\n<meta name=\"twitter:label1\" content=\"Tahmini okuma s\u00fcresi\" \/>\n\t<meta name=\"twitter:data1\" content=\"1 dakika\" \/>\n<script type=\"application\/ld+json\" class=\"yoast-schema-graph\">{\"@context\":\"https:\/\/schema.org\",\"@graph\":[{\"@type\":\"WebPage\",\"@id\":\"https:\/\/myvize.com.tr\/yenizelanda\/vize-islemleri\/turkiyede-oturum-ve-calisma-izni\/\",\"url\":\"https:\/\/myvize.com.tr\/yenizelanda\/vize-islemleri\/turkiyede-oturum-ve-calisma-izni\/\",\"name\":\"Yeni Zelanda T\u00fcrkiye' de Oturum ve \u00c7al\u0131\u015fma \u0130zni - MyVize\",\"isPartOf\":{\"@id\":\"https:\/\/myvize.com.tr\/yenizelanda\/#website\"},\"primaryImageOfPage\":{\"@id\":\"https:\/\/myvize.com.tr\/yenizelanda\/vize-islemleri\/turkiyede-oturum-ve-calisma-izni\/#primaryimage\"},\"image\":{\"@id\":\"https:\/\/myvize.com.tr\/yenizelanda\/vize-islemleri\/turkiyede-oturum-ve-calisma-izni\/#primaryimage\"},\"thumbnailUrl\":\"https:\/\/myvize.com.tr\/yenizelanda\/wp-content\/uploads\/2021\/10\/13.jpg\",\"datePublished\":\"2020-11-30T09:50:43+00:00\",\"dateModified\":\"2022-01-19T12:10:58+00:00\",\"description\":\"Yeni Zelanda T\u00fcrkiye' de oturum ve \u00e7al\u0131\u015fma izni vizesi i\u00e7in ofislerimizi ara. T\u00fcrkiye'de oturum ve \u00e7al\u0131\u015fma vizesi i\u00e7in gerekli evrak listesi.\",\"breadcrumb\":{\"@id\":\"https:\/\/myvize.com.tr\/yenizelanda\/vize-islemleri\/turkiyede-oturum-ve-calisma-izni\/#breadcrumb\"},\"inLanguage\":\"tr\",\"potentialAction\":[{\"@type\":\"ReadAction\",\"target\":[\"https:\/\/myvize.com.tr\/yenizelanda\/vize-islemleri\/turkiyede-oturum-ve-calisma-izni\/\"]}]},{\"@type\":\"ImageObject\",\"inLanguage\":\"tr\",\"@id\":\"https:\/\/myvize.com.tr\/yenizelanda\/vize-islemleri\/turkiyede-oturum-ve-calisma-izni\/#primaryimage\",\"url\":\"https:\/\/myvize.com.tr\/yenizelanda\/wp-content\/uploads\/2021\/10\/13.jpg\",\"contentUrl\":\"https:\/\/myvize.com.tr\/yenizelanda\/wp-content\/uploads\/2021\/10\/13.jpg\",\"width\":800,\"height\":500,\"caption\":\"Yeni Zelanda T\u00fcrkiye'de Oturum ve \u00c7al\u0131\u015fma \u0130zni\"},{\"@type\":\"BreadcrumbList\",\"@id\":\"https:\/\/myvize.com.tr\/yenizelanda\/vize-islemleri\/turkiyede-oturum-ve-calisma-izni\/#breadcrumb\",\"itemListElement\":[{\"@type\":\"ListItem\",\"position\":1,\"name\":\"Anasayfa\",\"item\":\"https:\/\/myvize.com.tr\/yenizelanda\/\"},{\"@type\":\"ListItem\",\"position\":2,\"name\":\"V\u0130ZE \u0130\u015eLEMLER\u0130\",\"item\":\"https:\/\/myvize.com.tr\/yenizelanda\/vize-islemleri\/\"},{\"@type\":\"ListItem\",\"position\":3,\"name\":\"T\u00fcrkiye&#8217;de Oturum ve \u00c7al\u0131\u015fma \u0130zni\"}]},{\"@type\":\"WebSite\",\"@id\":\"https:\/\/myvize.com.tr\/yenizelanda\/#website\",\"url\":\"https:\/\/myvize.com.tr\/yenizelanda\/\",\"name\":\"Yeni Zelanda Vizesi\",\"description\":\"\",\"potentialAction\":[{\"@type\":\"SearchAction\",\"target\":{\"@type\":\"EntryPoint\",\"urlTemplate\":\"https:\/\/myvize.com.tr\/yenizelanda\/?s={search_term_string}\"},\"query-input\":{\"@type\":\"PropertyValueSpecification\",\"valueRequired\":true,\"valueName\":\"search_term_string\"}}],\"inLanguage\":\"tr\"}]}<\/script>\n<!-- \/ Yoast SEO plugin. -->","yoast_head_json":{"title":"Yeni Zelanda T\u00fcrkiye' de Oturum ve \u00c7al\u0131\u015fma \u0130zni - MyVize","description":"Yeni Zelanda T\u00fcrkiye' de oturum ve \u00e7al\u0131\u015fma izni vizesi i\u00e7in ofislerimizi ara. T\u00fcrkiye'de oturum ve \u00e7al\u0131\u015fma vizesi i\u00e7in gerekli evrak listesi.","robots":{"index":"index","follow":"follow","max-snippet":"max-snippet:-1","max-image-preview":"max-image-preview:large","max-video-preview":"max-video-preview:-1"},"canonical":"https:\/\/myvize.com.tr\/yenizelanda\/vize-islemleri\/turkiyede-oturum-ve-calisma-izni\/","og_locale":"tr_TR","og_type":"article","og_title":"Yeni Zelanda T\u00fcrkiye' de Oturum ve \u00c7al\u0131\u015fma \u0130zni - MyVize","og_description":"Yeni Zelanda T\u00fcrkiye' de oturum ve \u00e7al\u0131\u015fma izni vizesi i\u00e7in ofislerimizi ara. T\u00fcrkiye'de oturum ve \u00e7al\u0131\u015fma vizesi i\u00e7in gerekli evrak listesi.","og_url":"https:\/\/myvize.com.tr\/yenizelanda\/vize-islemleri\/turkiyede-oturum-ve-calisma-izni\/","og_site_name":"Yeni Zelanda Vizesi","article_modified_time":"2022-01-19T12:10:58+00:00","og_image":[{"url":"https:\/\/myvize.com.tr\/yenizelanda\/wp-content\/uploads\/2021\/10\/13.jpg","type":"","width":"","height":""}],"twitter_card":"summary_large_image","twitter_misc":{"Tahmini okuma s\u00fcresi":"1 dakika"},"schema":{"@context":"https:\/\/schema.org","@graph":[{"@type":"WebPage","@id":"https:\/\/myvize.com.tr\/yenizelanda\/vize-islemleri\/turkiyede-oturum-ve-calisma-izni\/","url":"https:\/\/myvize.com.tr\/yenizelanda\/vize-islemleri\/turkiyede-oturum-ve-calisma-izni\/","name":"Yeni Zelanda T\u00fcrkiye' de Oturum ve \u00c7al\u0131\u015fma \u0130zni - MyVize","isPartOf":{"@id":"https:\/\/myvize.com.tr\/yenizelanda\/#website"},"primaryImageOfPage":{"@id":"https:\/\/myvize.com.tr\/yenizelanda\/vize-islemleri\/turkiyede-oturum-ve-calisma-izni\/#primaryimage"},"image":{"@id":"https:\/\/myvize.com.tr\/yenizelanda\/vize-islemleri\/turkiyede-oturum-ve-calisma-izni\/#primaryimage"},"thumbnailUrl":"https:\/\/myvize.com.tr\/yenizelanda\/wp-content\/uploads\/2021\/10\/13.jpg","datePublished":"2020-11-30T09:50:43+00:00","dateModified":"2022-01-19T12:10:58+00:00","description":"Yeni Zelanda T\u00fcrkiye' de oturum ve \u00e7al\u0131\u015fma izni vizesi i\u00e7in ofislerimizi ara. T\u00fcrkiye'de oturum ve \u00e7al\u0131\u015fma vizesi i\u00e7in gerekli evrak listesi.","breadcrumb":{"@id":"https:\/\/myvize.com.tr\/yenizelanda\/vize-islemleri\/turkiyede-oturum-ve-calisma-izni\/#breadcrumb"},"inLanguage":"tr","potentialAction":[{"@type":"ReadAction","target":["https:\/\/myvize.com.tr\/yenizelanda\/vize-islemleri\/turkiyede-oturum-ve-calisma-izni\/"]}]},{"@type":"ImageObject","inLanguage":"tr","@id":"https:\/\/myvize.com.tr\/yenizelanda\/vize-islemleri\/turkiyede-oturum-ve-calisma-izni\/#primaryimage","url":"https:\/\/myvize.com.tr\/yenizelanda\/wp-content\/uploads\/2021\/10\/13.jpg","contentUrl":"https:\/\/myvize.com.tr\/yenizelanda\/wp-content\/uploads\/2021\/10\/13.jpg","width":800,"height":500,"caption":"Yeni Zelanda T\u00fcrkiye'de Oturum ve \u00c7al\u0131\u015fma \u0130zni"},{"@type":"BreadcrumbList","@id":"https:\/\/myvize.com.tr\/yenizelanda\/vize-islemleri\/turkiyede-oturum-ve-calisma-izni\/#breadcrumb","itemListElement":[{"@type":"ListItem","position":1,"name":"Anasayfa","item":"https:\/\/myvize.com.tr\/yenizelanda\/"},{"@type":"ListItem","position":2,"name":"V\u0130ZE \u0130\u015eLEMLER\u0130","item":"https:\/\/myvize.com.tr\/yenizelanda\/vize-islemleri\/"},{"@type":"ListItem","position":3,"name":"T\u00fcrkiye&#8217;de Oturum ve \u00c7al\u0131\u015fma \u0130zni"}]},{"@type":"WebSite","@id":"https:\/\/myvize.com.tr\/yenizelanda\/#website","url":"https:\/\/myvize.com.tr\/yenizelanda\/","name":"Yeni Zelanda Vizesi","description":"","potentialAction":[{"@type":"SearchAction","target":{"@type":"EntryPoint","urlTemplate":"https:\/\/myvize.com.tr\/yenizelanda\/?s={search_term_string}"},"query-input":{"@type":"PropertyValueSpecification","valueRequired":true,"valueName":"search_term_string"}}],"inLanguage":"tr"}]}},"_links":{"self":[{"href":"https:\/\/myvize.com.tr\/yenizelanda\/wp-json\/wp\/v2\/pages\/55","targetHints":{"allow":["GET"]}}],"collection":[{"href":"https:\/\/myvize.com.tr\/yenizelanda\/wp-json\/wp\/v2\/pages"}],"about":[{"href":"https:\/\/myvize.com.tr\/yenizelanda\/wp-json\/wp\/v2\/types\/page"}],"author":[{"embeddable":true,"href":"https:\/\/myvize.com.tr\/yenizelanda\/wp-json\/wp\/v2\/users\/1"}],"replies":[{"embeddable":true,"href":"https:\/\/myvize.com.tr\/yenizelanda\/wp-json\/wp\/v2\/comments?post=55"}],"version-history":[{"count":5,"href":"https:\/\/myvize.com.tr\/yenizelanda\/wp-json\/wp\/v2\/pages\/55\/revisions"}],"predecessor-version":[{"id":536,"href":"https:\/\/myvize.com.tr\/yenizelanda\/wp-json\/wp\/v2\/pages\/55\/revisions\/536"}],"up":[{"embeddable":true,"href":"https:\/\/myvize.com.tr\/yenizelanda\/wp-json\/wp\/v2\/pages\/18"}],"wp:attachment":[{"href":"https:\/\/myvize.com.tr\/yenizelanda\/wp-json\/wp\/v2\/media?parent=55"}],"curies":[{"name":"wp","href":"https:\/\/api.w.org\/{rel}","templated":true}]}}