{"id":53,"date":"2020-11-30T12:50:00","date_gmt":"2020-11-30T09:50:00","guid":{"rendered":"https:\/\/myvize.com.tr\/yenizelanda\/?page_id=53"},"modified":"2022-01-13T15:08:16","modified_gmt":"2022-01-13T12:08:16","slug":"yenizelanda-universite-egitimi","status":"publish","type":"page","link":"https:\/\/myvize.com.tr\/yenizelanda\/vize-islemleri\/yenizelanda-universite-egitimi\/","title":{"rendered":"Yeni Zelanda \u00dcniversite E\u011fitimi"},"content":{"rendered":"<h2><span style=\"font-family: Roboto; font-size: 27px;\"><strong>Yeni Zelanda \u00dcniversite E\u011fitimi Vizesi<\/strong><\/span><\/h2>\n<p><span style=\"font-family: Roboto; font-size: 14px;\"><strong>Yeni Zelanda<\/strong> e\u011fitim sistemi senelerdir geli\u015fen teknoloji ayak uyduran \u00e7a\u011fda\u015f bir sistem. \u00dclkede devlet destek 8 \u00fcniversite ve bunlara ek olunarak 23 tane teknoloji enstit\u00fcs\u00fc bulunmakta.<\/span><br \/>\n<span style=\"font-family: Roboto; font-size: 14px;\">Bahsedilen <strong>Yeni Zelanda \u00dcniversitesi<\/strong>\u2019nin hepsi D\u00fcnyan\u0131n en iyi 500 \u00fcniversite aras\u0131nda yer almaktad\u0131r. Yeni Zelanda \u00dcniversitesi\u2019nde lisans e\u011fitimi tamamlay\u0131p <strong>Yeni Zelanda Y\u00fcksek Lisans<\/strong> e\u011fitim ve doktora e\u011fitimi ile kariyerinize ba\u015flayabilirsiniz.<\/span><br \/>\n<span style=\"font-family: Roboto; font-size: 14px;\">Yeni Zelanda\u2019da e\u011fitim dil \u0130ngilizce olup, lisans e\u011fitim s\u00fcresi 3 y\u0131l baz\u0131 b\u00f6l\u00fcmde ise 6 y\u0131la kadar s\u00fcrebilmekte.<\/span><br \/>\n<span style=\"font-family: Roboto; font-size: 14px;\">E\u011fer Yeni Zelanda da lise mezun olarak Yeni Zelanda \u00fcniversite e\u011fitim g\u00f6rmek isterseniz \u00fcniversite e\u011fitim \u00f6ncesinde 1 y\u0131l haz\u0131rl\u0131k e\u011fitim almak zorundas\u0131n\u0131z. 1 y\u0131l\u0131n sonu ana e\u011fitim ge\u00e7i\u015f yapabilirsiniz.<\/span><br \/>\n<span style=\"font-family: Roboto; font-size: 14px;\">Bunlar d\u0131\u015f\u0131 Yeni Zelanda da e\u011fitim Mart ay\u0131nda ba\u015flay\u0131p Kas\u0131m ay\u0131 sona ermektedir. \u00dclkede bulunan \u00e7o\u011fu \u00fcniversite de 2 d\u00f6nem s\u00f6mestir tatil de mevcuttur.<\/span><br \/>\n<strong><span style=\"font-family: Roboto; font-size: 14px;\">Yeni Zelanda \u00dcniversite Ba\u015fvuru \u0130\u00e7in Gerekli Evraklar:<\/span><\/strong><br \/>\n<span style=\"font-family: Roboto; font-size: 14px;\">Pasaport,<\/span><br \/>\n<span style=\"font-family: Roboto; font-size: 14px;\">Niyet mektuplar\u0131,<\/span><br \/>\n<span style=\"font-family: Roboto; font-size: 14px;\">Diploma ya da \u00f6\u011frenci belgesi,<\/span><br \/>\n<span style=\"font-family: Roboto; font-size: 14px;\">Transkript (e\u011fer lise mezun iseniz lise diploma yeterlidir),<\/span><br \/>\n<span style=\"font-family: Roboto; font-size: 14px;\">\u00d6zge\u00e7mi\u015f.<\/span><br \/>\n<span style=\"font-family: Roboto; font-size: 14px;\">Referans mektuplar\u0131.<\/span><br \/>\n<span style=\"font-family: Roboto; font-size: 14px;\">\u00dcniversiteye giri\u015f i\u00e7in gerekli olan TOEFL ya da IELTS s\u0131nav sonucu belgesi.<\/span><\/p>\n<p><span style=\"font-family: Roboto; font-size: 14px;\"><span style=\"color: #2acec2;\"><strong><a style=\"color: #2acec2;\" href=\"https:\/\/myvize.com.tr\/yenizelanda\/vize-islemleri\/yenizelanda-dil-okulu-vizesi\/\" target=\"_blank\" rel=\"noopener\">Yeni Zelanda Dil Okulu Vizesi<\/a><\/strong><\/span> ile ilgili bilgi almak i\u00e7in bizi aray\u0131n\u0131z.<\/span><\/p>\n<p><img decoding=\"async\" src=\"https:\/\/myvize.com.tr\/yenizelanda\/wp-content\/uploads\/2021\/10\/11.jpg\" \/><\/p>\n","protected":false},"excerpt":{"rendered":"<p>Yeni Zelanda \u00dcniversite E\u011fitimi Vizesi Yeni Zelanda e\u011fitim sistemi senelerdir geli\u015fen teknoloji ayak uyduran \u00e7a\u011fda\u015f bir sistem. \u00dclkede devlet destek 8 \u00fcniversite ve bunlara ek olunarak 23 tane teknoloji enstit\u00fcs\u00fc bulunmakta. Bahsedilen Yeni Zelanda \u00dcniversitesi\u2019nin hepsi D\u00fcnyan\u0131n en iyi 500 \u00fcniversite aras\u0131nda yer almaktad\u0131r. Yeni Zelanda \u00dcniversitesi\u2019nde lisans e\u011fitimi tamamlay\u0131p Yeni Zelanda Y\u00fcksek Lisans e\u011fitim<\/p>\n","protected":false},"author":1,"featured_media":0,"parent":18,"menu_order":0,"comment_status":"closed","ping_status":"closed","template":"","meta":{"footnotes":""},"class_list":["post-53","page","type-page","status-publish","hentry"],"yoast_head":"<!-- This site is optimized with the Yoast SEO plugin v24.0 - https:\/\/yoast.com\/wordpress\/plugins\/seo\/ -->\n<title>Yeni Zelanda \u00dcniversite E\u011fitimi Vize \u0130\u015flemi - MyVize<\/title>\n<meta name=\"description\" content=\"Yeni Zelanda \u00fcniversite e\u011fitim vize ba\u015fvurusu evrak listesi. Yeni Zelanda \u00fcniversite e\u011fitim belgeleri ve \u015fartlar\u0131 i\u00e7in ileti\u015fime ge\u00e7iniz.\" \/>\n<meta name=\"robots\" content=\"index, follow, max-snippet:-1, max-image-preview:large, max-video-preview:-1\" \/>\n<link rel=\"canonical\" href=\"https:\/\/myvize.com.tr\/yenizelanda\/vize-islemleri\/yenizelanda-universite-egitimi\/\" \/>\n<meta property=\"og:locale\" content=\"tr_TR\" \/>\n<meta property=\"og:type\" content=\"article\" \/>\n<meta property=\"og:title\" content=\"Yeni Zelanda \u00dcniversite E\u011fitimi Vize \u0130\u015flemi - MyVize\" \/>\n<meta property=\"og:description\" content=\"Yeni Zelanda \u00fcniversite e\u011fitim vize ba\u015fvurusu evrak listesi. Yeni Zelanda \u00fcniversite e\u011fitim belgeleri ve \u015fartlar\u0131 i\u00e7in ileti\u015fime ge\u00e7iniz.\" \/>\n<meta property=\"og:url\" content=\"https:\/\/myvize.com.tr\/yenizelanda\/vize-islemleri\/yenizelanda-universite-egitimi\/\" \/>\n<meta property=\"og:site_name\" content=\"Yeni Zelanda Vizesi\" \/>\n<meta property=\"article:modified_time\" content=\"2022-01-13T12:08:16+00:00\" \/>\n<meta property=\"og:image\" content=\"https:\/\/myvize.com.tr\/yenizelanda\/wp-content\/uploads\/2021\/10\/11.jpg\" \/>\n<meta name=\"twitter:card\" content=\"summary_large_image\" \/>\n<meta name=\"twitter:label1\" content=\"Tahmini okuma s\u00fcresi\" \/>\n\t<meta name=\"twitter:data1\" content=\"2 dakika\" \/>\n<script type=\"application\/ld+json\" class=\"yoast-schema-graph\">{\"@context\":\"https:\/\/schema.org\",\"@graph\":[{\"@type\":\"WebPage\",\"@id\":\"https:\/\/myvize.com.tr\/yenizelanda\/vize-islemleri\/yenizelanda-universite-egitimi\/\",\"url\":\"https:\/\/myvize.com.tr\/yenizelanda\/vize-islemleri\/yenizelanda-universite-egitimi\/\",\"name\":\"Yeni Zelanda \u00dcniversite E\u011fitimi Vize \u0130\u015flemi - MyVize\",\"isPartOf\":{\"@id\":\"https:\/\/myvize.com.tr\/yenizelanda\/#website\"},\"primaryImageOfPage\":{\"@id\":\"https:\/\/myvize.com.tr\/yenizelanda\/vize-islemleri\/yenizelanda-universite-egitimi\/#primaryimage\"},\"image\":{\"@id\":\"https:\/\/myvize.com.tr\/yenizelanda\/vize-islemleri\/yenizelanda-universite-egitimi\/#primaryimage\"},\"thumbnailUrl\":\"https:\/\/myvize.com.tr\/yenizelanda\/wp-content\/uploads\/2021\/10\/11.jpg\",\"datePublished\":\"2020-11-30T09:50:00+00:00\",\"dateModified\":\"2022-01-13T12:08:16+00:00\",\"description\":\"Yeni Zelanda \u00fcniversite e\u011fitim vize ba\u015fvurusu evrak listesi. Yeni Zelanda \u00fcniversite e\u011fitim belgeleri ve \u015fartlar\u0131 i\u00e7in ileti\u015fime ge\u00e7iniz.\",\"breadcrumb\":{\"@id\":\"https:\/\/myvize.com.tr\/yenizelanda\/vize-islemleri\/yenizelanda-universite-egitimi\/#breadcrumb\"},\"inLanguage\":\"tr\",\"potentialAction\":[{\"@type\":\"ReadAction\",\"target\":[\"https:\/\/myvize.com.tr\/yenizelanda\/vize-islemleri\/yenizelanda-universite-egitimi\/\"]}]},{\"@type\":\"ImageObject\",\"inLanguage\":\"tr\",\"@id\":\"https:\/\/myvize.com.tr\/yenizelanda\/vize-islemleri\/yenizelanda-universite-egitimi\/#primaryimage\",\"url\":\"https:\/\/myvize.com.tr\/yenizelanda\/wp-content\/uploads\/2021\/10\/11.jpg\",\"contentUrl\":\"https:\/\/myvize.com.tr\/yenizelanda\/wp-content\/uploads\/2021\/10\/11.jpg\",\"width\":800,\"height\":500,\"caption\":\"Yeni Zelanda \u00dcniversite E\u011fitimi\"},{\"@type\":\"BreadcrumbList\",\"@id\":\"https:\/\/myvize.com.tr\/yenizelanda\/vize-islemleri\/yenizelanda-universite-egitimi\/#breadcrumb\",\"itemListElement\":[{\"@type\":\"ListItem\",\"position\":1,\"name\":\"Anasayfa\",\"item\":\"https:\/\/myvize.com.tr\/yenizelanda\/\"},{\"@type\":\"ListItem\",\"position\":2,\"name\":\"V\u0130ZE \u0130\u015eLEMLER\u0130\",\"item\":\"https:\/\/myvize.com.tr\/yenizelanda\/vize-islemleri\/\"},{\"@type\":\"ListItem\",\"position\":3,\"name\":\"Yeni Zelanda \u00dcniversite E\u011fitimi\"}]},{\"@type\":\"WebSite\",\"@id\":\"https:\/\/myvize.com.tr\/yenizelanda\/#website\",\"url\":\"https:\/\/myvize.com.tr\/yenizelanda\/\",\"name\":\"Yeni Zelanda Vizesi\",\"description\":\"\",\"potentialAction\":[{\"@type\":\"SearchAction\",\"target\":{\"@type\":\"EntryPoint\",\"urlTemplate\":\"https:\/\/myvize.com.tr\/yenizelanda\/?s={search_term_string}\"},\"query-input\":{\"@type\":\"PropertyValueSpecification\",\"valueRequired\":true,\"valueName\":\"search_term_string\"}}],\"inLanguage\":\"tr\"}]}<\/script>\n<!-- \/ Yoast SEO plugin. -->","yoast_head_json":{"title":"Yeni Zelanda \u00dcniversite E\u011fitimi Vize \u0130\u015flemi - MyVize","description":"Yeni Zelanda \u00fcniversite e\u011fitim vize ba\u015fvurusu evrak listesi. Yeni Zelanda \u00fcniversite e\u011fitim belgeleri ve \u015fartlar\u0131 i\u00e7in ileti\u015fime ge\u00e7iniz.","robots":{"index":"index","follow":"follow","max-snippet":"max-snippet:-1","max-image-preview":"max-image-preview:large","max-video-preview":"max-video-preview:-1"},"canonical":"https:\/\/myvize.com.tr\/yenizelanda\/vize-islemleri\/yenizelanda-universite-egitimi\/","og_locale":"tr_TR","og_type":"article","og_title":"Yeni Zelanda \u00dcniversite E\u011fitimi Vize \u0130\u015flemi - MyVize","og_description":"Yeni Zelanda \u00fcniversite e\u011fitim vize ba\u015fvurusu evrak listesi. Yeni Zelanda \u00fcniversite e\u011fitim belgeleri ve \u015fartlar\u0131 i\u00e7in ileti\u015fime ge\u00e7iniz.","og_url":"https:\/\/myvize.com.tr\/yenizelanda\/vize-islemleri\/yenizelanda-universite-egitimi\/","og_site_name":"Yeni Zelanda Vizesi","article_modified_time":"2022-01-13T12:08:16+00:00","og_image":[{"url":"https:\/\/myvize.com.tr\/yenizelanda\/wp-content\/uploads\/2021\/10\/11.jpg","type":"","width":"","height":""}],"twitter_card":"summary_large_image","twitter_misc":{"Tahmini okuma s\u00fcresi":"2 dakika"},"schema":{"@context":"https:\/\/schema.org","@graph":[{"@type":"WebPage","@id":"https:\/\/myvize.com.tr\/yenizelanda\/vize-islemleri\/yenizelanda-universite-egitimi\/","url":"https:\/\/myvize.com.tr\/yenizelanda\/vize-islemleri\/yenizelanda-universite-egitimi\/","name":"Yeni Zelanda \u00dcniversite E\u011fitimi Vize \u0130\u015flemi - MyVize","isPartOf":{"@id":"https:\/\/myvize.com.tr\/yenizelanda\/#website"},"primaryImageOfPage":{"@id":"https:\/\/myvize.com.tr\/yenizelanda\/vize-islemleri\/yenizelanda-universite-egitimi\/#primaryimage"},"image":{"@id":"https:\/\/myvize.com.tr\/yenizelanda\/vize-islemleri\/yenizelanda-universite-egitimi\/#primaryimage"},"thumbnailUrl":"https:\/\/myvize.com.tr\/yenizelanda\/wp-content\/uploads\/2021\/10\/11.jpg","datePublished":"2020-11-30T09:50:00+00:00","dateModified":"2022-01-13T12:08:16+00:00","description":"Yeni Zelanda \u00fcniversite e\u011fitim vize ba\u015fvurusu evrak listesi. Yeni Zelanda \u00fcniversite e\u011fitim belgeleri ve \u015fartlar\u0131 i\u00e7in ileti\u015fime ge\u00e7iniz.","breadcrumb":{"@id":"https:\/\/myvize.com.tr\/yenizelanda\/vize-islemleri\/yenizelanda-universite-egitimi\/#breadcrumb"},"inLanguage":"tr","potentialAction":[{"@type":"ReadAction","target":["https:\/\/myvize.com.tr\/yenizelanda\/vize-islemleri\/yenizelanda-universite-egitimi\/"]}]},{"@type":"ImageObject","inLanguage":"tr","@id":"https:\/\/myvize.com.tr\/yenizelanda\/vize-islemleri\/yenizelanda-universite-egitimi\/#primaryimage","url":"https:\/\/myvize.com.tr\/yenizelanda\/wp-content\/uploads\/2021\/10\/11.jpg","contentUrl":"https:\/\/myvize.com.tr\/yenizelanda\/wp-content\/uploads\/2021\/10\/11.jpg","width":800,"height":500,"caption":"Yeni Zelanda \u00dcniversite E\u011fitimi"},{"@type":"BreadcrumbList","@id":"https:\/\/myvize.com.tr\/yenizelanda\/vize-islemleri\/yenizelanda-universite-egitimi\/#breadcrumb","itemListElement":[{"@type":"ListItem","position":1,"name":"Anasayfa","item":"https:\/\/myvize.com.tr\/yenizelanda\/"},{"@type":"ListItem","position":2,"name":"V\u0130ZE \u0130\u015eLEMLER\u0130","item":"https:\/\/myvize.com.tr\/yenizelanda\/vize-islemleri\/"},{"@type":"ListItem","position":3,"name":"Yeni Zelanda \u00dcniversite E\u011fitimi"}]},{"@type":"WebSite","@id":"https:\/\/myvize.com.tr\/yenizelanda\/#website","url":"https:\/\/myvize.com.tr\/yenizelanda\/","name":"Yeni Zelanda Vizesi","description":"","potentialAction":[{"@type":"SearchAction","target":{"@type":"EntryPoint","urlTemplate":"https:\/\/myvize.com.tr\/yenizelanda\/?s={search_term_string}"},"query-input":{"@type":"PropertyValueSpecification","valueRequired":true,"valueName":"search_term_string"}}],"inLanguage":"tr"}]}},"_links":{"self":[{"href":"https:\/\/myvize.com.tr\/yenizelanda\/wp-json\/wp\/v2\/pages\/53","targetHints":{"allow":["GET"]}}],"collection":[{"href":"https:\/\/myvize.com.tr\/yenizelanda\/wp-json\/wp\/v2\/pages"}],"about":[{"href":"https:\/\/myvize.com.tr\/yenizelanda\/wp-json\/wp\/v2\/types\/page"}],"author":[{"embeddable":true,"href":"https:\/\/myvize.com.tr\/yenizelanda\/wp-json\/wp\/v2\/users\/1"}],"replies":[{"embeddable":true,"href":"https:\/\/myvize.com.tr\/yenizelanda\/wp-json\/wp\/v2\/comments?post=53"}],"version-history":[{"count":7,"href":"https:\/\/myvize.com.tr\/yenizelanda\/wp-json\/wp\/v2\/pages\/53\/revisions"}],"predecessor-version":[{"id":534,"href":"https:\/\/myvize.com.tr\/yenizelanda\/wp-json\/wp\/v2\/pages\/53\/revisions\/534"}],"up":[{"embeddable":true,"href":"https:\/\/myvize.com.tr\/yenizelanda\/wp-json\/wp\/v2\/pages\/18"}],"wp:attachment":[{"href":"https:\/\/myvize.com.tr\/yenizelanda\/wp-json\/wp\/v2\/media?parent=53"}],"curies":[{"name":"wp","href":"https:\/\/api.w.org\/{rel}","templated":true}]}}