{"id":49,"date":"2020-11-30T12:48:56","date_gmt":"2020-11-30T09:48:56","guid":{"rendered":"https:\/\/myvize.com.tr\/yenizelanda\/?page_id=49"},"modified":"2022-01-13T15:06:54","modified_gmt":"2022-01-13T12:06:54","slug":"yenizelanda-vize-reddi","status":"publish","type":"page","link":"https:\/\/myvize.com.tr\/yenizelanda\/vize-islemleri\/yenizelanda-vize-reddi\/","title":{"rendered":"Yeni Zelanda Vize Reddi"},"content":{"rendered":"<h2><span style=\"font-family: Roboto; font-size: 27px;\"><strong>Yeni Zelanda Vize Reddi Hakk\u0131nda<\/strong><\/span><\/h2>\n<p><span style=\"font-family: Roboto; font-size: 14px;\"><strong>Yeni Zelanda vize<\/strong> al\u0131nmas\u0131 zor olan bir vize. <span style=\"color: #2acec2;\"><strong><a style=\"color: #2acec2;\" href=\"https:\/\/myvize.com.tr\/yenizelanda\/vize-islemleri\/yenizelanda-vizesi\/\" target=\"_blank\" rel=\"noopener\">Yeni Zelanda vizesi<\/a><\/strong><\/span> almak i\u00e7in yap\u0131lan ba\u015fvurunun bir\u00e7o\u011fu \u00e7e\u015fitli sebepten dolay\u0131 reddedilmekte. Yeni Zelanda vizesi reddi nedenini a\u015fa\u011f\u0131da \u015fu \u015fekilde s\u0131ralanmakta;<\/span><br \/>\n<span style=\"font-family: Roboto; font-size: 14px;\"><strong>Yeni Zelanda vizesi<\/strong> ba\u015fvurusu s\u0131ras\u0131nda maddi durumun yetersiz olmas\u0131 durumuna vize reddi alma ihtimali \u00e7ok y\u00fcksektir.<\/span><br \/>\n<span style=\"font-family: Roboto; font-size: 14px;\">Ba\u015fvuru s\u0131ras\u0131nda yeterli miktarda tutar hesab\u0131n\u0131zda bulunmamas\u0131 durumlar\u0131nda<strong> vize reddi<\/strong> almak muhtemeldir.<\/span><br \/>\n<span style=\"font-family: Roboto; font-size: 14px;\">Yeni Zelanda <strong>vize ba\u015fvurusu<\/strong> istenen evrak ve doldurulmalar\u0131 gereken formun eksik ya da hata doldurulmas\u0131 durumuna <strong>Yeni Zelanda vizesi reddi<\/strong> alabilirsiniz.<\/span><br \/>\n<span style=\"font-family: Roboto; font-size: 14px;\">Yeni Zelanda seyehati i\u00e7in \u00f6ng\u00f6r\u00fclen masraf\u0131n\u0131z\u0131 kar\u015f\u0131layabilece\u011fi ispat edememe durumuna vize reddi alabilirsiniz.<\/span><br \/>\n<span style=\"font-family: Roboto; font-size: 14px;\">Yeni Zelanda seyahat \u00f6ncesinde herhangi bir \u00fclke ziyaret ger\u00e7ekle\u015ftirmediyse vize reddi alma ihtimali y\u00fcksektir. Yeni Zelanda\u2019da kal\u0131c\u0131 \u015fekilde ya\u015fama istiyorsa e\u011fer \u00f6ncelikle olarak bir ikamet <strong>vize almak<\/strong> gerekmektedir. Bu vizeye sahip olma i\u00e7in de\u011fi\u015fik yol bulunmaktad\u0131r.<\/span><br \/>\n<span style=\"font-family: Roboto; font-size: 14px;\">Yeni Zelanda<strong> vize reddi<\/strong> alma istemiyorsan\u0131z dikkat edilmesi gereken en \u00f6nemli unsurdan biri Yeni Zelanda seyahati \u00f6ncesinde bir tur plan\u0131n\u0131z olmas\u0131 bu vizeyi alma ihtimaliniz y\u00fckseltecektir.<\/span><\/p>\n<p><span style=\"font-family: Roboto; font-size: 14px;\"><span style=\"color: #2acec2;\"><strong><a style=\"color: #2acec2;\" href=\"https:\/\/myvize.com.tr\/yenizelanda\/vize-islemleri\/yenizelanda-ticari-vize\/\" target=\"_blank\" rel=\"noopener\">Yeni Zelanda Ticari Vize<\/a><\/strong><\/span> ile ilgili bilgi almak i\u00e7in bizi aray\u0131n\u0131z.<\/span><\/p>\n<p><span style=\"font-family: Roboto; font-size: 14px;\"><img decoding=\"async\" src=\"https:\/\/myvize.com.tr\/yenizelanda\/wp-content\/uploads\/2021\/10\/10.jpg\" \/><\/span><\/p>\n","protected":false},"excerpt":{"rendered":"<p>Yeni Zelanda Vize Reddi Hakk\u0131nda Yeni Zelanda vize al\u0131nmas\u0131 zor olan bir vize. Yeni Zelanda vizesi almak i\u00e7in yap\u0131lan ba\u015fvurunun bir\u00e7o\u011fu \u00e7e\u015fitli sebepten dolay\u0131 reddedilmekte. Yeni Zelanda vizesi reddi nedenini a\u015fa\u011f\u0131da \u015fu \u015fekilde s\u0131ralanmakta; Yeni Zelanda vizesi ba\u015fvurusu s\u0131ras\u0131nda maddi durumun yetersiz olmas\u0131 durumuna vize reddi alma ihtimali \u00e7ok y\u00fcksektir. Ba\u015fvuru s\u0131ras\u0131nda yeterli miktarda tutar<\/p>\n","protected":false},"author":1,"featured_media":0,"parent":18,"menu_order":0,"comment_status":"closed","ping_status":"closed","template":"","meta":{"footnotes":""},"class_list":["post-49","page","type-page","status-publish","hentry"],"yoast_head":"<!-- This site is optimized with the Yoast SEO plugin v24.0 - https:\/\/yoast.com\/wordpress\/plugins\/seo\/ -->\n<title>Yeni Zelanda Vizesi Reddi - Ret Nedenleri - MyVize<\/title>\n<meta name=\"description\" content=\"Yeni Zelanda vizesi reddi alman\u0131zda ki sebepler neler? Yeni Zelanda vize reddi i\u00e7in detayl\u0131 itiraz dilek\u00e7esi i\u00e7in ileti\u015fime ge\u00e7ebilirsiniz.\" \/>\n<meta name=\"robots\" content=\"index, follow, max-snippet:-1, max-image-preview:large, max-video-preview:-1\" \/>\n<link rel=\"canonical\" href=\"https:\/\/myvize.com.tr\/yenizelanda\/vize-islemleri\/yenizelanda-vize-reddi\/\" \/>\n<meta property=\"og:locale\" content=\"tr_TR\" \/>\n<meta property=\"og:type\" content=\"article\" \/>\n<meta property=\"og:title\" content=\"Yeni Zelanda Vizesi Reddi - Ret Nedenleri - MyVize\" \/>\n<meta property=\"og:description\" content=\"Yeni Zelanda vizesi reddi alman\u0131zda ki sebepler neler? Yeni Zelanda vize reddi i\u00e7in detayl\u0131 itiraz dilek\u00e7esi i\u00e7in ileti\u015fime ge\u00e7ebilirsiniz.\" \/>\n<meta property=\"og:url\" content=\"https:\/\/myvize.com.tr\/yenizelanda\/vize-islemleri\/yenizelanda-vize-reddi\/\" \/>\n<meta property=\"og:site_name\" content=\"Yeni Zelanda Vizesi\" \/>\n<meta property=\"article:modified_time\" content=\"2022-01-13T12:06:54+00:00\" \/>\n<meta property=\"og:image\" content=\"https:\/\/myvize.com.tr\/yenizelanda\/wp-content\/uploads\/2021\/10\/10.jpg\" \/>\n<meta name=\"twitter:card\" content=\"summary_large_image\" \/>\n<meta name=\"twitter:label1\" content=\"Tahmini okuma s\u00fcresi\" \/>\n\t<meta name=\"twitter:data1\" content=\"1 dakika\" \/>\n<script type=\"application\/ld+json\" class=\"yoast-schema-graph\">{\"@context\":\"https:\/\/schema.org\",\"@graph\":[{\"@type\":\"WebPage\",\"@id\":\"https:\/\/myvize.com.tr\/yenizelanda\/vize-islemleri\/yenizelanda-vize-reddi\/\",\"url\":\"https:\/\/myvize.com.tr\/yenizelanda\/vize-islemleri\/yenizelanda-vize-reddi\/\",\"name\":\"Yeni Zelanda Vizesi Reddi - Ret Nedenleri - MyVize\",\"isPartOf\":{\"@id\":\"https:\/\/myvize.com.tr\/yenizelanda\/#website\"},\"primaryImageOfPage\":{\"@id\":\"https:\/\/myvize.com.tr\/yenizelanda\/vize-islemleri\/yenizelanda-vize-reddi\/#primaryimage\"},\"image\":{\"@id\":\"https:\/\/myvize.com.tr\/yenizelanda\/vize-islemleri\/yenizelanda-vize-reddi\/#primaryimage\"},\"thumbnailUrl\":\"https:\/\/myvize.com.tr\/yenizelanda\/wp-content\/uploads\/2021\/10\/10.jpg\",\"datePublished\":\"2020-11-30T09:48:56+00:00\",\"dateModified\":\"2022-01-13T12:06:54+00:00\",\"description\":\"Yeni Zelanda vizesi reddi alman\u0131zda ki sebepler neler? Yeni Zelanda vize reddi i\u00e7in detayl\u0131 itiraz dilek\u00e7esi i\u00e7in ileti\u015fime ge\u00e7ebilirsiniz.\",\"breadcrumb\":{\"@id\":\"https:\/\/myvize.com.tr\/yenizelanda\/vize-islemleri\/yenizelanda-vize-reddi\/#breadcrumb\"},\"inLanguage\":\"tr\",\"potentialAction\":[{\"@type\":\"ReadAction\",\"target\":[\"https:\/\/myvize.com.tr\/yenizelanda\/vize-islemleri\/yenizelanda-vize-reddi\/\"]}]},{\"@type\":\"ImageObject\",\"inLanguage\":\"tr\",\"@id\":\"https:\/\/myvize.com.tr\/yenizelanda\/vize-islemleri\/yenizelanda-vize-reddi\/#primaryimage\",\"url\":\"https:\/\/myvize.com.tr\/yenizelanda\/wp-content\/uploads\/2021\/10\/10.jpg\",\"contentUrl\":\"https:\/\/myvize.com.tr\/yenizelanda\/wp-content\/uploads\/2021\/10\/10.jpg\",\"width\":800,\"height\":500,\"caption\":\"Yeni Zelanda Vize Reddi\"},{\"@type\":\"BreadcrumbList\",\"@id\":\"https:\/\/myvize.com.tr\/yenizelanda\/vize-islemleri\/yenizelanda-vize-reddi\/#breadcrumb\",\"itemListElement\":[{\"@type\":\"ListItem\",\"position\":1,\"name\":\"Anasayfa\",\"item\":\"https:\/\/myvize.com.tr\/yenizelanda\/\"},{\"@type\":\"ListItem\",\"position\":2,\"name\":\"V\u0130ZE \u0130\u015eLEMLER\u0130\",\"item\":\"https:\/\/myvize.com.tr\/yenizelanda\/vize-islemleri\/\"},{\"@type\":\"ListItem\",\"position\":3,\"name\":\"Yeni Zelanda Vize Reddi\"}]},{\"@type\":\"WebSite\",\"@id\":\"https:\/\/myvize.com.tr\/yenizelanda\/#website\",\"url\":\"https:\/\/myvize.com.tr\/yenizelanda\/\",\"name\":\"Yeni Zelanda Vizesi\",\"description\":\"\",\"potentialAction\":[{\"@type\":\"SearchAction\",\"target\":{\"@type\":\"EntryPoint\",\"urlTemplate\":\"https:\/\/myvize.com.tr\/yenizelanda\/?s={search_term_string}\"},\"query-input\":{\"@type\":\"PropertyValueSpecification\",\"valueRequired\":true,\"valueName\":\"search_term_string\"}}],\"inLanguage\":\"tr\"}]}<\/script>\n<!-- \/ Yoast SEO plugin. -->","yoast_head_json":{"title":"Yeni Zelanda Vizesi Reddi - Ret Nedenleri - MyVize","description":"Yeni Zelanda vizesi reddi alman\u0131zda ki sebepler neler? Yeni Zelanda vize reddi i\u00e7in detayl\u0131 itiraz dilek\u00e7esi i\u00e7in ileti\u015fime ge\u00e7ebilirsiniz.","robots":{"index":"index","follow":"follow","max-snippet":"max-snippet:-1","max-image-preview":"max-image-preview:large","max-video-preview":"max-video-preview:-1"},"canonical":"https:\/\/myvize.com.tr\/yenizelanda\/vize-islemleri\/yenizelanda-vize-reddi\/","og_locale":"tr_TR","og_type":"article","og_title":"Yeni Zelanda Vizesi Reddi - Ret Nedenleri - MyVize","og_description":"Yeni Zelanda vizesi reddi alman\u0131zda ki sebepler neler? Yeni Zelanda vize reddi i\u00e7in detayl\u0131 itiraz dilek\u00e7esi i\u00e7in ileti\u015fime ge\u00e7ebilirsiniz.","og_url":"https:\/\/myvize.com.tr\/yenizelanda\/vize-islemleri\/yenizelanda-vize-reddi\/","og_site_name":"Yeni Zelanda Vizesi","article_modified_time":"2022-01-13T12:06:54+00:00","og_image":[{"url":"https:\/\/myvize.com.tr\/yenizelanda\/wp-content\/uploads\/2021\/10\/10.jpg","type":"","width":"","height":""}],"twitter_card":"summary_large_image","twitter_misc":{"Tahmini okuma s\u00fcresi":"1 dakika"},"schema":{"@context":"https:\/\/schema.org","@graph":[{"@type":"WebPage","@id":"https:\/\/myvize.com.tr\/yenizelanda\/vize-islemleri\/yenizelanda-vize-reddi\/","url":"https:\/\/myvize.com.tr\/yenizelanda\/vize-islemleri\/yenizelanda-vize-reddi\/","name":"Yeni Zelanda Vizesi Reddi - Ret Nedenleri - MyVize","isPartOf":{"@id":"https:\/\/myvize.com.tr\/yenizelanda\/#website"},"primaryImageOfPage":{"@id":"https:\/\/myvize.com.tr\/yenizelanda\/vize-islemleri\/yenizelanda-vize-reddi\/#primaryimage"},"image":{"@id":"https:\/\/myvize.com.tr\/yenizelanda\/vize-islemleri\/yenizelanda-vize-reddi\/#primaryimage"},"thumbnailUrl":"https:\/\/myvize.com.tr\/yenizelanda\/wp-content\/uploads\/2021\/10\/10.jpg","datePublished":"2020-11-30T09:48:56+00:00","dateModified":"2022-01-13T12:06:54+00:00","description":"Yeni Zelanda vizesi reddi alman\u0131zda ki sebepler neler? Yeni Zelanda vize reddi i\u00e7in detayl\u0131 itiraz dilek\u00e7esi i\u00e7in ileti\u015fime ge\u00e7ebilirsiniz.","breadcrumb":{"@id":"https:\/\/myvize.com.tr\/yenizelanda\/vize-islemleri\/yenizelanda-vize-reddi\/#breadcrumb"},"inLanguage":"tr","potentialAction":[{"@type":"ReadAction","target":["https:\/\/myvize.com.tr\/yenizelanda\/vize-islemleri\/yenizelanda-vize-reddi\/"]}]},{"@type":"ImageObject","inLanguage":"tr","@id":"https:\/\/myvize.com.tr\/yenizelanda\/vize-islemleri\/yenizelanda-vize-reddi\/#primaryimage","url":"https:\/\/myvize.com.tr\/yenizelanda\/wp-content\/uploads\/2021\/10\/10.jpg","contentUrl":"https:\/\/myvize.com.tr\/yenizelanda\/wp-content\/uploads\/2021\/10\/10.jpg","width":800,"height":500,"caption":"Yeni Zelanda Vize Reddi"},{"@type":"BreadcrumbList","@id":"https:\/\/myvize.com.tr\/yenizelanda\/vize-islemleri\/yenizelanda-vize-reddi\/#breadcrumb","itemListElement":[{"@type":"ListItem","position":1,"name":"Anasayfa","item":"https:\/\/myvize.com.tr\/yenizelanda\/"},{"@type":"ListItem","position":2,"name":"V\u0130ZE \u0130\u015eLEMLER\u0130","item":"https:\/\/myvize.com.tr\/yenizelanda\/vize-islemleri\/"},{"@type":"ListItem","position":3,"name":"Yeni Zelanda Vize Reddi"}]},{"@type":"WebSite","@id":"https:\/\/myvize.com.tr\/yenizelanda\/#website","url":"https:\/\/myvize.com.tr\/yenizelanda\/","name":"Yeni Zelanda Vizesi","description":"","potentialAction":[{"@type":"SearchAction","target":{"@type":"EntryPoint","urlTemplate":"https:\/\/myvize.com.tr\/yenizelanda\/?s={search_term_string}"},"query-input":{"@type":"PropertyValueSpecification","valueRequired":true,"valueName":"search_term_string"}}],"inLanguage":"tr"}]}},"_links":{"self":[{"href":"https:\/\/myvize.com.tr\/yenizelanda\/wp-json\/wp\/v2\/pages\/49","targetHints":{"allow":["GET"]}}],"collection":[{"href":"https:\/\/myvize.com.tr\/yenizelanda\/wp-json\/wp\/v2\/pages"}],"about":[{"href":"https:\/\/myvize.com.tr\/yenizelanda\/wp-json\/wp\/v2\/types\/page"}],"author":[{"embeddable":true,"href":"https:\/\/myvize.com.tr\/yenizelanda\/wp-json\/wp\/v2\/users\/1"}],"replies":[{"embeddable":true,"href":"https:\/\/myvize.com.tr\/yenizelanda\/wp-json\/wp\/v2\/comments?post=49"}],"version-history":[{"count":7,"href":"https:\/\/myvize.com.tr\/yenizelanda\/wp-json\/wp\/v2\/pages\/49\/revisions"}],"predecessor-version":[{"id":532,"href":"https:\/\/myvize.com.tr\/yenizelanda\/wp-json\/wp\/v2\/pages\/49\/revisions\/532"}],"up":[{"embeddable":true,"href":"https:\/\/myvize.com.tr\/yenizelanda\/wp-json\/wp\/v2\/pages\/18"}],"wp:attachment":[{"href":"https:\/\/myvize.com.tr\/yenizelanda\/wp-json\/wp\/v2\/media?parent=49"}],"curies":[{"name":"wp","href":"https:\/\/api.w.org\/{rel}","templated":true}]}}