{"id":47,"date":"2020-11-30T12:48:28","date_gmt":"2020-11-30T09:48:28","guid":{"rendered":"https:\/\/myvize.com.tr\/yenizelanda\/?page_id=47"},"modified":"2022-01-13T15:07:54","modified_gmt":"2022-01-13T12:07:54","slug":"yenizelanda-vize-basvuru-formu","status":"publish","type":"page","link":"https:\/\/myvize.com.tr\/yenizelanda\/vize-islemleri\/yenizelanda-vize-basvuru-formu\/","title":{"rendered":"Yeni Zelanda Vize Ba\u015fvuru Formu"},"content":{"rendered":"<h2><strong><span style=\"font-family: Roboto; font-size: 27px;\">Yeni Zelanda Vize Ba\u015fvuru Formu Hakk\u0131nda<\/span><\/strong><\/h2>\n<p><span style=\"font-family: Roboto; font-size: 14px;\">Yeni Zelanda\u2019ya seyahat edecek olan T\u00fcrk vatanda\u015flar\u0131 seyahatleri \u00f6ncesinde <strong>Yeni Zelanda vize muafiyet<\/strong> yok ise <span style=\"color: #2acec2;\"><strong><a style=\"color: #2acec2;\" href=\"https:\/\/myvize.com.tr\/yenizelanda\/vize-islemleri\/yenizelanda-vizesi\/\" target=\"_blank\" rel=\"noopener\">Yeni Zelanda vizesi<\/a><\/strong><\/span> almal\u0131d\u0131r. T\u00fcrkiye ile Yeni Zelanda aras\u0131nda vize muafiyet anla\u015fmas\u0131 bulunmamaktad\u0131r. Vize ba\u015fvurusu seyahat amac\u0131na g\u00f6re yap\u0131lmal\u0131d\u0131r. Ba\u015fvurular esnas\u0131nda istenen baz\u0131 belgeler bulunmaktad\u0131r. Bu belgeler aras\u0131nda en \u00f6nemlisi ve vize ba\u015fvurusunda en \u00e7ok dikkat edilen belge Yeni Zelanda vize ba\u015fvuru formudur. Bu form el ile ya da bilgisayar ile doldurulabilir.<\/span><\/p>\n<p><span style=\"font-family: Roboto; font-size: 14px;\">Yeni Zelanda temsilcilikleri vize ba\u015fvuru sahibini <strong>Yeni Zelanda vize ba\u015fvuru formu<\/strong> ile tan\u0131maktad\u0131r. Yeni Zelanda vize ba\u015fvuru formu olmayan vize ba\u015fvurular\u0131 reddedilmektedir. Yeni Zelanda vize ba\u015fvuru formu uluslararas\u0131 ge\u00e7erlili\u011fi olan ve resmi bir belge niteli\u011fi ta\u015f\u0131yan bir formudur. Bundan dolay\u0131 forma hatal\u0131 bilgi girilmesi su\u00e7tur. Bundan dolay\u0131 ba\u015fvuru sahibi ceza alabilir.<\/span><\/p>\n<p><span style=\"font-family: Roboto; font-size: 14px;\"><strong>Yeni Zelanda vize ba\u015fvuru formu<\/strong> vize ba\u015fvurusu s\u0131ras\u0131nda teslim edilen di\u011fer belgeler ile kar\u015f\u0131la\u015ft\u0131r\u0131lmaktad\u0131r. Belgeler aras\u0131nda ya\u015fanacak en ufak uyu\u015fmazl\u0131kta vize ba\u015fvurunuz reddedilmektedir. Bundan dolay\u0131 belgeye do\u011fru bilgilerin yaz\u0131lmas\u0131 gerekmektedir.<\/span><\/p>\n<p><span style=\"font-family: Roboto; font-size: 14px;\">Yeni Zelanda vize ba\u015fvurusu i\u00e7in \u00e7ok \u00f6nemli olan bu belge <strong>Yeni Zelanda vize ba\u015fvuru<\/strong> s\u00fcrecini belirlemektedir.<\/span><\/p>\n<p><span style=\"font-family: Roboto; font-size: 14px;\"><span style=\"color: #2acec2;\"><strong><a style=\"color: #2acec2;\" href=\"https:\/\/myvize.com.tr\/yenizelanda\/vize-islemleri\/yenizelanda-vize-randevusu\/\" target=\"_blank\" rel=\"noopener\">Yeni Zelanda Vize Randevusu<\/a><\/strong><\/span> ile ilgili bilgi almak i\u00e7in bizi aray\u0131n\u0131z.<\/span><\/p>\n<p><span style=\"font-family: Roboto; font-size: 14px;\"><img decoding=\"async\" src=\"https:\/\/myvize.com.tr\/yenizelanda\/wp-content\/uploads\/2021\/10\/4.jpg\" \/><\/span><\/p>\n","protected":false},"excerpt":{"rendered":"<p>Yeni Zelanda Vize Ba\u015fvuru Formu Hakk\u0131nda Yeni Zelanda\u2019ya seyahat edecek olan T\u00fcrk vatanda\u015flar\u0131 seyahatleri \u00f6ncesinde Yeni Zelanda vize muafiyet yok ise Yeni Zelanda vizesi almal\u0131d\u0131r. T\u00fcrkiye ile Yeni Zelanda aras\u0131nda vize muafiyet anla\u015fmas\u0131 bulunmamaktad\u0131r. Vize ba\u015fvurusu seyahat amac\u0131na g\u00f6re yap\u0131lmal\u0131d\u0131r. Ba\u015fvurular esnas\u0131nda istenen baz\u0131 belgeler bulunmaktad\u0131r. Bu belgeler aras\u0131nda en \u00f6nemlisi ve vize ba\u015fvurusunda en<\/p>\n","protected":false},"author":1,"featured_media":0,"parent":18,"menu_order":0,"comment_status":"closed","ping_status":"closed","template":"","meta":{"footnotes":""},"class_list":["post-47","page","type-page","status-publish","hentry"],"yoast_head":"<!-- This site is optimized with the Yoast SEO plugin v24.0 - https:\/\/yoast.com\/wordpress\/plugins\/seo\/ -->\n<title>Yeni Zelanda Vizesi Ba\u015fvuru Formu - Vize Ba\u015fvuru - MyVize<\/title>\n<meta name=\"description\" content=\"Yeni Zelanda ba\u015fvuru formuna dair g\u00fcncel veriler. Yeni Zelanda ba\u015fvuru formu g\u00f6rsel anlat\u0131m. Yeni Zelanda ba\u015fvuru formu i\u00e7in ileti\u015fime ge\u00e7in.\" \/>\n<meta name=\"robots\" content=\"index, follow, max-snippet:-1, max-image-preview:large, max-video-preview:-1\" \/>\n<link rel=\"canonical\" href=\"https:\/\/myvize.com.tr\/yenizelanda\/vize-islemleri\/yenizelanda-vize-basvuru-formu\/\" \/>\n<meta property=\"og:locale\" content=\"tr_TR\" \/>\n<meta property=\"og:type\" content=\"article\" \/>\n<meta property=\"og:title\" content=\"Yeni Zelanda Vizesi Ba\u015fvuru Formu - Vize Ba\u015fvuru - MyVize\" \/>\n<meta property=\"og:description\" content=\"Yeni Zelanda ba\u015fvuru formuna dair g\u00fcncel veriler. Yeni Zelanda ba\u015fvuru formu g\u00f6rsel anlat\u0131m. Yeni Zelanda ba\u015fvuru formu i\u00e7in ileti\u015fime ge\u00e7in.\" \/>\n<meta property=\"og:url\" content=\"https:\/\/myvize.com.tr\/yenizelanda\/vize-islemleri\/yenizelanda-vize-basvuru-formu\/\" \/>\n<meta property=\"og:site_name\" content=\"Yeni Zelanda Vizesi\" \/>\n<meta property=\"article:modified_time\" content=\"2022-01-13T12:07:54+00:00\" \/>\n<meta property=\"og:image\" content=\"https:\/\/myvize.com.tr\/yenizelanda\/wp-content\/uploads\/2021\/10\/4.jpg\" \/>\n<meta name=\"twitter:card\" content=\"summary_large_image\" \/>\n<meta name=\"twitter:label1\" content=\"Tahmini okuma s\u00fcresi\" \/>\n\t<meta name=\"twitter:data1\" content=\"1 dakika\" \/>\n<script type=\"application\/ld+json\" class=\"yoast-schema-graph\">{\"@context\":\"https:\/\/schema.org\",\"@graph\":[{\"@type\":\"WebPage\",\"@id\":\"https:\/\/myvize.com.tr\/yenizelanda\/vize-islemleri\/yenizelanda-vize-basvuru-formu\/\",\"url\":\"https:\/\/myvize.com.tr\/yenizelanda\/vize-islemleri\/yenizelanda-vize-basvuru-formu\/\",\"name\":\"Yeni Zelanda Vizesi Ba\u015fvuru Formu - Vize Ba\u015fvuru - MyVize\",\"isPartOf\":{\"@id\":\"https:\/\/myvize.com.tr\/yenizelanda\/#website\"},\"primaryImageOfPage\":{\"@id\":\"https:\/\/myvize.com.tr\/yenizelanda\/vize-islemleri\/yenizelanda-vize-basvuru-formu\/#primaryimage\"},\"image\":{\"@id\":\"https:\/\/myvize.com.tr\/yenizelanda\/vize-islemleri\/yenizelanda-vize-basvuru-formu\/#primaryimage\"},\"thumbnailUrl\":\"https:\/\/myvize.com.tr\/yenizelanda\/wp-content\/uploads\/2021\/10\/4.jpg\",\"datePublished\":\"2020-11-30T09:48:28+00:00\",\"dateModified\":\"2022-01-13T12:07:54+00:00\",\"description\":\"Yeni Zelanda ba\u015fvuru formuna dair g\u00fcncel veriler. Yeni Zelanda ba\u015fvuru formu g\u00f6rsel anlat\u0131m. Yeni Zelanda ba\u015fvuru formu i\u00e7in ileti\u015fime ge\u00e7in.\",\"breadcrumb\":{\"@id\":\"https:\/\/myvize.com.tr\/yenizelanda\/vize-islemleri\/yenizelanda-vize-basvuru-formu\/#breadcrumb\"},\"inLanguage\":\"tr\",\"potentialAction\":[{\"@type\":\"ReadAction\",\"target\":[\"https:\/\/myvize.com.tr\/yenizelanda\/vize-islemleri\/yenizelanda-vize-basvuru-formu\/\"]}]},{\"@type\":\"ImageObject\",\"inLanguage\":\"tr\",\"@id\":\"https:\/\/myvize.com.tr\/yenizelanda\/vize-islemleri\/yenizelanda-vize-basvuru-formu\/#primaryimage\",\"url\":\"https:\/\/myvize.com.tr\/yenizelanda\/wp-content\/uploads\/2021\/10\/4.jpg\",\"contentUrl\":\"https:\/\/myvize.com.tr\/yenizelanda\/wp-content\/uploads\/2021\/10\/4.jpg\",\"width\":800,\"height\":500,\"caption\":\"Yeni Zelanda Vize Ba\u015fvuru Formu\"},{\"@type\":\"BreadcrumbList\",\"@id\":\"https:\/\/myvize.com.tr\/yenizelanda\/vize-islemleri\/yenizelanda-vize-basvuru-formu\/#breadcrumb\",\"itemListElement\":[{\"@type\":\"ListItem\",\"position\":1,\"name\":\"Anasayfa\",\"item\":\"https:\/\/myvize.com.tr\/yenizelanda\/\"},{\"@type\":\"ListItem\",\"position\":2,\"name\":\"V\u0130ZE \u0130\u015eLEMLER\u0130\",\"item\":\"https:\/\/myvize.com.tr\/yenizelanda\/vize-islemleri\/\"},{\"@type\":\"ListItem\",\"position\":3,\"name\":\"Yeni Zelanda Vize Ba\u015fvuru Formu\"}]},{\"@type\":\"WebSite\",\"@id\":\"https:\/\/myvize.com.tr\/yenizelanda\/#website\",\"url\":\"https:\/\/myvize.com.tr\/yenizelanda\/\",\"name\":\"Yeni Zelanda Vizesi\",\"description\":\"\",\"potentialAction\":[{\"@type\":\"SearchAction\",\"target\":{\"@type\":\"EntryPoint\",\"urlTemplate\":\"https:\/\/myvize.com.tr\/yenizelanda\/?s={search_term_string}\"},\"query-input\":{\"@type\":\"PropertyValueSpecification\",\"valueRequired\":true,\"valueName\":\"search_term_string\"}}],\"inLanguage\":\"tr\"}]}<\/script>\n<!-- \/ Yoast SEO plugin. -->","yoast_head_json":{"title":"Yeni Zelanda Vizesi Ba\u015fvuru Formu - Vize Ba\u015fvuru - MyVize","description":"Yeni Zelanda ba\u015fvuru formuna dair g\u00fcncel veriler. Yeni Zelanda ba\u015fvuru formu g\u00f6rsel anlat\u0131m. Yeni Zelanda ba\u015fvuru formu i\u00e7in ileti\u015fime ge\u00e7in.","robots":{"index":"index","follow":"follow","max-snippet":"max-snippet:-1","max-image-preview":"max-image-preview:large","max-video-preview":"max-video-preview:-1"},"canonical":"https:\/\/myvize.com.tr\/yenizelanda\/vize-islemleri\/yenizelanda-vize-basvuru-formu\/","og_locale":"tr_TR","og_type":"article","og_title":"Yeni Zelanda Vizesi Ba\u015fvuru Formu - Vize Ba\u015fvuru - MyVize","og_description":"Yeni Zelanda ba\u015fvuru formuna dair g\u00fcncel veriler. Yeni Zelanda ba\u015fvuru formu g\u00f6rsel anlat\u0131m. Yeni Zelanda ba\u015fvuru formu i\u00e7in ileti\u015fime ge\u00e7in.","og_url":"https:\/\/myvize.com.tr\/yenizelanda\/vize-islemleri\/yenizelanda-vize-basvuru-formu\/","og_site_name":"Yeni Zelanda Vizesi","article_modified_time":"2022-01-13T12:07:54+00:00","og_image":[{"url":"https:\/\/myvize.com.tr\/yenizelanda\/wp-content\/uploads\/2021\/10\/4.jpg","type":"","width":"","height":""}],"twitter_card":"summary_large_image","twitter_misc":{"Tahmini okuma s\u00fcresi":"1 dakika"},"schema":{"@context":"https:\/\/schema.org","@graph":[{"@type":"WebPage","@id":"https:\/\/myvize.com.tr\/yenizelanda\/vize-islemleri\/yenizelanda-vize-basvuru-formu\/","url":"https:\/\/myvize.com.tr\/yenizelanda\/vize-islemleri\/yenizelanda-vize-basvuru-formu\/","name":"Yeni Zelanda Vizesi Ba\u015fvuru Formu - Vize Ba\u015fvuru - MyVize","isPartOf":{"@id":"https:\/\/myvize.com.tr\/yenizelanda\/#website"},"primaryImageOfPage":{"@id":"https:\/\/myvize.com.tr\/yenizelanda\/vize-islemleri\/yenizelanda-vize-basvuru-formu\/#primaryimage"},"image":{"@id":"https:\/\/myvize.com.tr\/yenizelanda\/vize-islemleri\/yenizelanda-vize-basvuru-formu\/#primaryimage"},"thumbnailUrl":"https:\/\/myvize.com.tr\/yenizelanda\/wp-content\/uploads\/2021\/10\/4.jpg","datePublished":"2020-11-30T09:48:28+00:00","dateModified":"2022-01-13T12:07:54+00:00","description":"Yeni Zelanda ba\u015fvuru formuna dair g\u00fcncel veriler. Yeni Zelanda ba\u015fvuru formu g\u00f6rsel anlat\u0131m. Yeni Zelanda ba\u015fvuru formu i\u00e7in ileti\u015fime ge\u00e7in.","breadcrumb":{"@id":"https:\/\/myvize.com.tr\/yenizelanda\/vize-islemleri\/yenizelanda-vize-basvuru-formu\/#breadcrumb"},"inLanguage":"tr","potentialAction":[{"@type":"ReadAction","target":["https:\/\/myvize.com.tr\/yenizelanda\/vize-islemleri\/yenizelanda-vize-basvuru-formu\/"]}]},{"@type":"ImageObject","inLanguage":"tr","@id":"https:\/\/myvize.com.tr\/yenizelanda\/vize-islemleri\/yenizelanda-vize-basvuru-formu\/#primaryimage","url":"https:\/\/myvize.com.tr\/yenizelanda\/wp-content\/uploads\/2021\/10\/4.jpg","contentUrl":"https:\/\/myvize.com.tr\/yenizelanda\/wp-content\/uploads\/2021\/10\/4.jpg","width":800,"height":500,"caption":"Yeni Zelanda Vize Ba\u015fvuru Formu"},{"@type":"BreadcrumbList","@id":"https:\/\/myvize.com.tr\/yenizelanda\/vize-islemleri\/yenizelanda-vize-basvuru-formu\/#breadcrumb","itemListElement":[{"@type":"ListItem","position":1,"name":"Anasayfa","item":"https:\/\/myvize.com.tr\/yenizelanda\/"},{"@type":"ListItem","position":2,"name":"V\u0130ZE \u0130\u015eLEMLER\u0130","item":"https:\/\/myvize.com.tr\/yenizelanda\/vize-islemleri\/"},{"@type":"ListItem","position":3,"name":"Yeni Zelanda Vize Ba\u015fvuru Formu"}]},{"@type":"WebSite","@id":"https:\/\/myvize.com.tr\/yenizelanda\/#website","url":"https:\/\/myvize.com.tr\/yenizelanda\/","name":"Yeni Zelanda Vizesi","description":"","potentialAction":[{"@type":"SearchAction","target":{"@type":"EntryPoint","urlTemplate":"https:\/\/myvize.com.tr\/yenizelanda\/?s={search_term_string}"},"query-input":{"@type":"PropertyValueSpecification","valueRequired":true,"valueName":"search_term_string"}}],"inLanguage":"tr"}]}},"_links":{"self":[{"href":"https:\/\/myvize.com.tr\/yenizelanda\/wp-json\/wp\/v2\/pages\/47","targetHints":{"allow":["GET"]}}],"collection":[{"href":"https:\/\/myvize.com.tr\/yenizelanda\/wp-json\/wp\/v2\/pages"}],"about":[{"href":"https:\/\/myvize.com.tr\/yenizelanda\/wp-json\/wp\/v2\/types\/page"}],"author":[{"embeddable":true,"href":"https:\/\/myvize.com.tr\/yenizelanda\/wp-json\/wp\/v2\/users\/1"}],"replies":[{"embeddable":true,"href":"https:\/\/myvize.com.tr\/yenizelanda\/wp-json\/wp\/v2\/comments?post=47"}],"version-history":[{"count":5,"href":"https:\/\/myvize.com.tr\/yenizelanda\/wp-json\/wp\/v2\/pages\/47\/revisions"}],"predecessor-version":[{"id":594,"href":"https:\/\/myvize.com.tr\/yenizelanda\/wp-json\/wp\/v2\/pages\/47\/revisions\/594"}],"up":[{"embeddable":true,"href":"https:\/\/myvize.com.tr\/yenizelanda\/wp-json\/wp\/v2\/pages\/18"}],"wp:attachment":[{"href":"https:\/\/myvize.com.tr\/yenizelanda\/wp-json\/wp\/v2\/media?parent=47"}],"curies":[{"name":"wp","href":"https:\/\/api.w.org\/{rel}","templated":true}]}}