{"id":45,"date":"2020-11-30T12:47:57","date_gmt":"2020-11-30T09:47:57","guid":{"rendered":"https:\/\/myvize.com.tr\/yenizelanda\/?page_id=45"},"modified":"2022-01-19T15:10:34","modified_gmt":"2022-01-19T12:10:34","slug":"yenizelanda-oturum-izni","status":"publish","type":"page","link":"https:\/\/myvize.com.tr\/yenizelanda\/vize-islemleri\/yenizelanda-oturum-izni\/","title":{"rendered":"Yeni Zelanda Oturum \u0130zni"},"content":{"rendered":"<h2><span style=\"font-family: Roboto; font-size: 27px;\"><strong>Yeni Zelanda Oturum \u0130zni Alma<\/strong><\/span><\/h2>\n<p><span style=\"font-family: Roboto; font-size: 14px;\">Yeni Zelanda <strong>s\u00fcrekli oturum izni<\/strong> alma genelde yerle\u015fik vizesinden sonra ger\u00e7ekle\u015ftirece\u011fi bir ad\u0131md\u0131r. S\u00fcrekli vizesi alan ki\u015fi Yeni Zelanda\u2019ya s\u0131n\u0131rs\u0131z say\u0131larda giri\u015f izni de sahip olmu\u015f olur. S\u00fcrekli <span style=\"color: #2acec2;\"><strong><a style=\"color: #2acec2;\" href=\"https:\/\/myvize.com.tr\/yenizelanda\/vatandaslik\/\" target=\"_blank\" rel=\"noopener\">vatanda\u015fl\u0131k <\/a><\/strong><\/span>vize alman\u0131n baz\u0131 gerek\u00e7esi bulunmakta. En az 2 y\u0131l kadar ikamet vizesi sahip olmak gerekmektedir. \u0130kamet vizesi sunmu\u015f oldu\u011fu ko\u015fulu yerine getirmek ve tamamlamak gerekmekte. <strong>Yeni Zelanda oturma izni<\/strong> i\u00e7in g\u00f6stermi\u015f olunacak 5 tane se\u00e7enek bulunmakta.<\/span><br \/>\n<span style=\"font-family: Roboto; font-size: 14px;\">\u0130\u015f kategori ile ba\u015fvuru yapabilirsiniz. <strong>Yeni Zelanda<\/strong>\u2019ya girdikten sonra 2 y\u0131l boyunca bu vize tutarsan\u0131z i\u015f kategori ile oturma izni hak edebilirsiniz. Bu vizeler sayesinde ge\u00e7ici i\u015f vizeniz oturum vizesi \u00e7evirebilirsiniz. Ayr\u0131ca yeni Zelanda\u2019da s\u00fcresizce olarak kalabilece\u011fi gibi k\u00e2nunun sunmu\u015f olduklar\u0131 t\u00fcm hizmetten de faydalanabilecekse. Sa\u011fl\u0131k ve karakter vizenizi kar\u015f\u0131lamak gerekmekte. Bunun yan\u0131 s\u0131ra Yeni Zelanda iki y\u0131l boyunca ikametle oturmak gerekmektedir.<\/span><br \/>\n<span style=\"font-family: Roboto; font-size: 14px;\"><strong>Yeni Zelanda<\/strong>\u2019da kal\u0131c\u0131 \u015fekilde ya\u015fama istiyorsa e\u011fer \u00f6ncelikle olarak bir ikamet vize almak gerekmektedir. Bu vizeye sahip olma i\u00e7in de\u011fi\u015fik yol bulunmaktad\u0131r.<\/span><\/p>\n<p><span style=\"font-family: Roboto; font-size: 14px;\"><span style=\"color: #2acec2;\"><strong><a style=\"color: #2acec2;\" href=\"https:\/\/myvize.com.tr\/yenizelanda\/form-ve-dilekce\/turistik-vize-dilekce-ornegi\/\" target=\"_blank\" rel=\"noopener\">Yeni Zelanda Turistik Vize Dilek\u00e7e \u00d6rne\u011fi<\/a><\/strong><\/span> ile ilgili bilgi almak i\u00e7in bizi aray\u0131n\u0131z.<\/span><\/p>\n<p><span style=\"font-family: Roboto; font-size: 14px;\"><img decoding=\"async\" src=\"https:\/\/myvize.com.tr\/yenizelanda\/wp-content\/uploads\/2021\/10\/17.jpg\" \/><\/span><\/p>\n<h2><span style=\"font-family: Roboto; font-size: 27px;\"><strong>Yeni Zelanda Oturum \u0130\u015flemleri<\/strong><\/span><\/h2>\n<p><span style=\"font-family: Roboto; font-size: 14px;\">Yeni Zelanda\u2019da kal\u0131c\u0131 \u015fekilde ya\u015fama istiyorsa e\u011fer \u00f6ncelikle olarak bir ikamet vize almak gerekmektedir. Bu vizeye sahip olma i\u00e7in de\u011fi\u015fik yol bulunmaktad\u0131r.<\/span><br \/>\n<span style=\"font-family: Roboto; font-size: 14px;\">Yeni Zelanda <strong>s\u00fcrekli oturum izni<\/strong> alma genelde yerle\u015fik vizesinden sonra ger\u00e7ekle\u015ftirece\u011fi bir ad\u0131md\u0131r. <strong>S\u00fcrekli vizesi<\/strong> alan ki\u015fi Yeni Zelanda\u2019ya s\u0131n\u0131rs\u0131z say\u0131larda <strong>giri\u015f izni<\/strong> de sahip olmu\u015f olur. S\u00fcrekli vatanda\u015fl\u0131k vize alman\u0131n baz\u0131 gerek\u00e7esi bulunmakta. En az 2 y\u0131l kadar ikamet vizesi sahip olmak gerekmektedir. <strong>\u0130kamet vizesi<\/strong> sunmu\u015f oldu\u011fu ko\u015fulu yerine getirmek ve tamamlamak gerekmekte. <strong>Yeni Zelanda oturma izni<\/strong> i\u00e7in g\u00f6stermi\u015f olunacak 5 tane se\u00e7enek bulunmakta.<\/span><br \/>\n<span style=\"font-family: Roboto; font-size: 14px;\">\u0130\u015f kategori ile ba\u015fvuru yapabilirsiniz. Yeni Zelanda\u2019ya girdikten sonra 2 y\u0131l boyunca bu vize tutarsan\u0131z i\u015f kategori ile <strong>oturma izni<\/strong> hak edebilirsiniz. Bu vizeler sayesinde ge\u00e7ici i\u015f vizeniz<strong> oturum vizesi<\/strong> \u00e7evirebilirsiniz. Ayr\u0131ca yeni Zelanda\u2019da s\u00fcresizce olarak kalabilece\u011fi gibi k\u00e2nunun sunmu\u015f olduklar\u0131 t\u00fcm hizmetten de faydalanabilecekse. Sa\u011fl\u0131k ve karakter vizenizi kar\u015f\u0131lamak gerekmekte. Bunun yan\u0131 s\u0131ra Yeni Zelanda iki y\u0131l boyunca ikametle oturmak gerekmektedir.<\/span><\/p>\n<p><span style=\"font-family: Roboto; font-size: 14px;\"><span style=\"color: #2acec2;\"><strong><a style=\"color: #2acec2;\" href=\"https:\/\/myvize.com.tr\/yenizelanda\/vize-islemleri\/yenizelanda-vize-randevusu\/\" target=\"_blank\" rel=\"noopener\">Yeni Zelanda Vize Randevusu<\/a><\/strong><\/span> ile ilgili bilgi almak i\u00e7in bizi aray\u0131n\u0131z.<\/span><\/p>\n","protected":false},"excerpt":{"rendered":"<p>Yeni Zelanda Oturum \u0130zni Alma Yeni Zelanda s\u00fcrekli oturum izni alma genelde yerle\u015fik vizesinden sonra ger\u00e7ekle\u015ftirece\u011fi bir ad\u0131md\u0131r. S\u00fcrekli vizesi alan ki\u015fi Yeni Zelanda\u2019ya s\u0131n\u0131rs\u0131z say\u0131larda giri\u015f izni de sahip olmu\u015f olur. S\u00fcrekli vatanda\u015fl\u0131k vize alman\u0131n baz\u0131 gerek\u00e7esi bulunmakta. En az 2 y\u0131l kadar ikamet vizesi sahip olmak gerekmektedir. \u0130kamet vizesi sunmu\u015f oldu\u011fu ko\u015fulu yerine<\/p>\n","protected":false},"author":1,"featured_media":0,"parent":18,"menu_order":0,"comment_status":"closed","ping_status":"closed","template":"","meta":{"footnotes":""},"class_list":["post-45","page","type-page","status-publish","hentry"],"yoast_head":"<!-- This site is optimized with the Yoast SEO plugin v24.0 - https:\/\/yoast.com\/wordpress\/plugins\/seo\/ -->\n<title>Yeni Zelanda Oturum \u0130zni Vizesi - MyVize<\/title>\n<meta name=\"description\" content=\"Yeni Zelanda oturum vizesi gerekli evrak listesi. Yeni Zelanda oturum vizesi nas\u0131l al\u0131n\u0131r? Yeni Zelanda oturum vizesine dair her \u015fey.\" \/>\n<meta name=\"robots\" content=\"index, follow, max-snippet:-1, max-image-preview:large, max-video-preview:-1\" \/>\n<link rel=\"canonical\" href=\"https:\/\/myvize.com.tr\/yenizelanda\/vize-islemleri\/yenizelanda-oturum-izni\/\" \/>\n<meta property=\"og:locale\" content=\"tr_TR\" \/>\n<meta property=\"og:type\" content=\"article\" \/>\n<meta property=\"og:title\" content=\"Yeni Zelanda Oturum \u0130zni Vizesi - MyVize\" \/>\n<meta property=\"og:description\" content=\"Yeni Zelanda oturum vizesi gerekli evrak listesi. Yeni Zelanda oturum vizesi nas\u0131l al\u0131n\u0131r? Yeni Zelanda oturum vizesine dair her \u015fey.\" \/>\n<meta property=\"og:url\" content=\"https:\/\/myvize.com.tr\/yenizelanda\/vize-islemleri\/yenizelanda-oturum-izni\/\" \/>\n<meta property=\"og:site_name\" content=\"Yeni Zelanda Vizesi\" \/>\n<meta property=\"article:modified_time\" content=\"2022-01-19T12:10:34+00:00\" \/>\n<meta property=\"og:image\" content=\"https:\/\/myvize.com.tr\/yenizelanda\/wp-content\/uploads\/2021\/10\/17.jpg\" \/>\n<meta name=\"twitter:card\" content=\"summary_large_image\" \/>\n<meta name=\"twitter:label1\" content=\"Tahmini okuma s\u00fcresi\" \/>\n\t<meta name=\"twitter:data1\" content=\"2 dakika\" \/>\n<script type=\"application\/ld+json\" class=\"yoast-schema-graph\">{\"@context\":\"https:\/\/schema.org\",\"@graph\":[{\"@type\":\"WebPage\",\"@id\":\"https:\/\/myvize.com.tr\/yenizelanda\/vize-islemleri\/yenizelanda-oturum-izni\/\",\"url\":\"https:\/\/myvize.com.tr\/yenizelanda\/vize-islemleri\/yenizelanda-oturum-izni\/\",\"name\":\"Yeni Zelanda Oturum \u0130zni Vizesi - MyVize\",\"isPartOf\":{\"@id\":\"https:\/\/myvize.com.tr\/yenizelanda\/#website\"},\"primaryImageOfPage\":{\"@id\":\"https:\/\/myvize.com.tr\/yenizelanda\/vize-islemleri\/yenizelanda-oturum-izni\/#primaryimage\"},\"image\":{\"@id\":\"https:\/\/myvize.com.tr\/yenizelanda\/vize-islemleri\/yenizelanda-oturum-izni\/#primaryimage\"},\"thumbnailUrl\":\"https:\/\/myvize.com.tr\/yenizelanda\/wp-content\/uploads\/2021\/10\/17.jpg\",\"datePublished\":\"2020-11-30T09:47:57+00:00\",\"dateModified\":\"2022-01-19T12:10:34+00:00\",\"description\":\"Yeni Zelanda oturum vizesi gerekli evrak listesi. Yeni Zelanda oturum vizesi nas\u0131l al\u0131n\u0131r? Yeni Zelanda oturum vizesine dair her \u015fey.\",\"breadcrumb\":{\"@id\":\"https:\/\/myvize.com.tr\/yenizelanda\/vize-islemleri\/yenizelanda-oturum-izni\/#breadcrumb\"},\"inLanguage\":\"tr\",\"potentialAction\":[{\"@type\":\"ReadAction\",\"target\":[\"https:\/\/myvize.com.tr\/yenizelanda\/vize-islemleri\/yenizelanda-oturum-izni\/\"]}]},{\"@type\":\"ImageObject\",\"inLanguage\":\"tr\",\"@id\":\"https:\/\/myvize.com.tr\/yenizelanda\/vize-islemleri\/yenizelanda-oturum-izni\/#primaryimage\",\"url\":\"https:\/\/myvize.com.tr\/yenizelanda\/wp-content\/uploads\/2021\/10\/17.jpg\",\"contentUrl\":\"https:\/\/myvize.com.tr\/yenizelanda\/wp-content\/uploads\/2021\/10\/17.jpg\",\"width\":800,\"height\":500,\"caption\":\"Yeni Zelanda Oturum \u0130zni\"},{\"@type\":\"BreadcrumbList\",\"@id\":\"https:\/\/myvize.com.tr\/yenizelanda\/vize-islemleri\/yenizelanda-oturum-izni\/#breadcrumb\",\"itemListElement\":[{\"@type\":\"ListItem\",\"position\":1,\"name\":\"Anasayfa\",\"item\":\"https:\/\/myvize.com.tr\/yenizelanda\/\"},{\"@type\":\"ListItem\",\"position\":2,\"name\":\"V\u0130ZE \u0130\u015eLEMLER\u0130\",\"item\":\"https:\/\/myvize.com.tr\/yenizelanda\/vize-islemleri\/\"},{\"@type\":\"ListItem\",\"position\":3,\"name\":\"Yeni Zelanda Oturum \u0130zni\"}]},{\"@type\":\"WebSite\",\"@id\":\"https:\/\/myvize.com.tr\/yenizelanda\/#website\",\"url\":\"https:\/\/myvize.com.tr\/yenizelanda\/\",\"name\":\"Yeni Zelanda Vizesi\",\"description\":\"\",\"potentialAction\":[{\"@type\":\"SearchAction\",\"target\":{\"@type\":\"EntryPoint\",\"urlTemplate\":\"https:\/\/myvize.com.tr\/yenizelanda\/?s={search_term_string}\"},\"query-input\":{\"@type\":\"PropertyValueSpecification\",\"valueRequired\":true,\"valueName\":\"search_term_string\"}}],\"inLanguage\":\"tr\"}]}<\/script>\n<!-- \/ Yoast SEO plugin. -->","yoast_head_json":{"title":"Yeni Zelanda Oturum \u0130zni Vizesi - MyVize","description":"Yeni Zelanda oturum vizesi gerekli evrak listesi. Yeni Zelanda oturum vizesi nas\u0131l al\u0131n\u0131r? Yeni Zelanda oturum vizesine dair her \u015fey.","robots":{"index":"index","follow":"follow","max-snippet":"max-snippet:-1","max-image-preview":"max-image-preview:large","max-video-preview":"max-video-preview:-1"},"canonical":"https:\/\/myvize.com.tr\/yenizelanda\/vize-islemleri\/yenizelanda-oturum-izni\/","og_locale":"tr_TR","og_type":"article","og_title":"Yeni Zelanda Oturum \u0130zni Vizesi - MyVize","og_description":"Yeni Zelanda oturum vizesi gerekli evrak listesi. Yeni Zelanda oturum vizesi nas\u0131l al\u0131n\u0131r? Yeni Zelanda oturum vizesine dair her \u015fey.","og_url":"https:\/\/myvize.com.tr\/yenizelanda\/vize-islemleri\/yenizelanda-oturum-izni\/","og_site_name":"Yeni Zelanda Vizesi","article_modified_time":"2022-01-19T12:10:34+00:00","og_image":[{"url":"https:\/\/myvize.com.tr\/yenizelanda\/wp-content\/uploads\/2021\/10\/17.jpg","type":"","width":"","height":""}],"twitter_card":"summary_large_image","twitter_misc":{"Tahmini okuma s\u00fcresi":"2 dakika"},"schema":{"@context":"https:\/\/schema.org","@graph":[{"@type":"WebPage","@id":"https:\/\/myvize.com.tr\/yenizelanda\/vize-islemleri\/yenizelanda-oturum-izni\/","url":"https:\/\/myvize.com.tr\/yenizelanda\/vize-islemleri\/yenizelanda-oturum-izni\/","name":"Yeni Zelanda Oturum \u0130zni Vizesi - MyVize","isPartOf":{"@id":"https:\/\/myvize.com.tr\/yenizelanda\/#website"},"primaryImageOfPage":{"@id":"https:\/\/myvize.com.tr\/yenizelanda\/vize-islemleri\/yenizelanda-oturum-izni\/#primaryimage"},"image":{"@id":"https:\/\/myvize.com.tr\/yenizelanda\/vize-islemleri\/yenizelanda-oturum-izni\/#primaryimage"},"thumbnailUrl":"https:\/\/myvize.com.tr\/yenizelanda\/wp-content\/uploads\/2021\/10\/17.jpg","datePublished":"2020-11-30T09:47:57+00:00","dateModified":"2022-01-19T12:10:34+00:00","description":"Yeni Zelanda oturum vizesi gerekli evrak listesi. Yeni Zelanda oturum vizesi nas\u0131l al\u0131n\u0131r? Yeni Zelanda oturum vizesine dair her \u015fey.","breadcrumb":{"@id":"https:\/\/myvize.com.tr\/yenizelanda\/vize-islemleri\/yenizelanda-oturum-izni\/#breadcrumb"},"inLanguage":"tr","potentialAction":[{"@type":"ReadAction","target":["https:\/\/myvize.com.tr\/yenizelanda\/vize-islemleri\/yenizelanda-oturum-izni\/"]}]},{"@type":"ImageObject","inLanguage":"tr","@id":"https:\/\/myvize.com.tr\/yenizelanda\/vize-islemleri\/yenizelanda-oturum-izni\/#primaryimage","url":"https:\/\/myvize.com.tr\/yenizelanda\/wp-content\/uploads\/2021\/10\/17.jpg","contentUrl":"https:\/\/myvize.com.tr\/yenizelanda\/wp-content\/uploads\/2021\/10\/17.jpg","width":800,"height":500,"caption":"Yeni Zelanda Oturum \u0130zni"},{"@type":"BreadcrumbList","@id":"https:\/\/myvize.com.tr\/yenizelanda\/vize-islemleri\/yenizelanda-oturum-izni\/#breadcrumb","itemListElement":[{"@type":"ListItem","position":1,"name":"Anasayfa","item":"https:\/\/myvize.com.tr\/yenizelanda\/"},{"@type":"ListItem","position":2,"name":"V\u0130ZE \u0130\u015eLEMLER\u0130","item":"https:\/\/myvize.com.tr\/yenizelanda\/vize-islemleri\/"},{"@type":"ListItem","position":3,"name":"Yeni Zelanda Oturum \u0130zni"}]},{"@type":"WebSite","@id":"https:\/\/myvize.com.tr\/yenizelanda\/#website","url":"https:\/\/myvize.com.tr\/yenizelanda\/","name":"Yeni Zelanda Vizesi","description":"","potentialAction":[{"@type":"SearchAction","target":{"@type":"EntryPoint","urlTemplate":"https:\/\/myvize.com.tr\/yenizelanda\/?s={search_term_string}"},"query-input":{"@type":"PropertyValueSpecification","valueRequired":true,"valueName":"search_term_string"}}],"inLanguage":"tr"}]}},"_links":{"self":[{"href":"https:\/\/myvize.com.tr\/yenizelanda\/wp-json\/wp\/v2\/pages\/45","targetHints":{"allow":["GET"]}}],"collection":[{"href":"https:\/\/myvize.com.tr\/yenizelanda\/wp-json\/wp\/v2\/pages"}],"about":[{"href":"https:\/\/myvize.com.tr\/yenizelanda\/wp-json\/wp\/v2\/types\/page"}],"author":[{"embeddable":true,"href":"https:\/\/myvize.com.tr\/yenizelanda\/wp-json\/wp\/v2\/users\/1"}],"replies":[{"embeddable":true,"href":"https:\/\/myvize.com.tr\/yenizelanda\/wp-json\/wp\/v2\/comments?post=45"}],"version-history":[{"count":7,"href":"https:\/\/myvize.com.tr\/yenizelanda\/wp-json\/wp\/v2\/pages\/45\/revisions"}],"predecessor-version":[{"id":473,"href":"https:\/\/myvize.com.tr\/yenizelanda\/wp-json\/wp\/v2\/pages\/45\/revisions\/473"}],"up":[{"embeddable":true,"href":"https:\/\/myvize.com.tr\/yenizelanda\/wp-json\/wp\/v2\/pages\/18"}],"wp:attachment":[{"href":"https:\/\/myvize.com.tr\/yenizelanda\/wp-json\/wp\/v2\/media?parent=45"}],"curies":[{"name":"wp","href":"https:\/\/api.w.org\/{rel}","templated":true}]}}