{"id":431,"date":"2021-10-27T16:59:14","date_gmt":"2021-10-27T13:59:14","guid":{"rendered":"https:\/\/myvize.com.tr\/yenizelanda\/?page_id=431"},"modified":"2022-05-16T16:41:01","modified_gmt":"2022-05-16T13:41:01","slug":"yeni-zelanda-vize-basvurusu","status":"publish","type":"page","link":"https:\/\/myvize.com.tr\/yenizelanda\/yeni-zelanda-vize-basvurusu\/","title":{"rendered":"Yeni Zelanda Vize Ba\u015fvurusu"},"content":{"rendered":"<h2><strong><span style=\"font-family: Roboto; font-size: 27px;\">Yeni Zelanda Vize Ba\u015fvurusu Hakk\u0131nda<\/span><\/strong><\/h2>\n<p><span style=\"font-family: Roboto; font-size: 14px;\">Yeni Zelanda\u2019ya vizesiz olarak girilmemektedir. Bundan dolay\u0131 Yeni Zelanda\u2019ya seyahat edecek olan T\u00fcrk vatanda\u015flar\u0131n\u0131n <span style=\"color: #2acec2;\"><strong><a style=\"color: #2acec2;\" href=\"https:\/\/myvize.com.tr\/yenizelanda\/vize-islemleri\/yenizelanda-vizesi\/\" target=\"_blank\" rel=\"noopener\">Yeni Zelanda vizesi<\/a><\/strong><\/span> alams\u0131 gerekmektedir. Yeni Zelanda ve T\u00fcrkiye aras\u0131nda bir vize muafiyeti anla\u015fmas\u0131 bulunmamaktad\u0131r. Ayr\u0131ca Yeni Zelanda\u2019n\u0131n T\u00fcrk vatanda\u015flar\u0131 i\u00e7in <strong>kap\u0131da vize<\/strong> uygulamas\u0131 da bulunmamaktad\u0131r.<\/span><\/p>\n<p><span style=\"font-family: Roboto; font-size: 14px;\"><strong>Yeni Zelanda vizesi<\/strong> alacak olan ki\u015filer vize ba\u015fvurular\u0131n\u0131 \u015fahsen <strong>Yeni Zelanda Ankara B\u00fcy\u00fckel\u00e7ili\u011fi<\/strong>\u2019ne yap\u0131labilmektedir. Vize ba\u015fvurusunun \u015fahsen yap\u0131labilece\u011fi gibi yetkilendirilmi\u015f acenteler ve yetkilendirilmi\u015f Yeni Zelanda vize ba\u015fvuru merkezleri ile de vize ba\u015fvurusunda bulunulabilir.<\/span><\/p>\n<p><span style=\"font-family: Roboto; font-size: 14px;\">Ba\u015fvuruda bulunmak i\u00e7in \u00f6ncelikle gerekli olan belgeleri eksiksiz olarak haz\u0131rlamal\u0131s\u0131n\u0131z. Ard\u0131ndan ise bu belgeleri <strong>Yeni Zelanda vize ba\u015fvurusu<\/strong> yapaca\u011f\u0131n\u0131z yere teslim etmelisiniz. Yeni Zelanda\u2019ya giri\u015f yapabilmek i\u00e7in vize ba\u015fvurunuzun olumlu sonu\u00e7lanmas\u0131 gerekmektedir.<\/span><\/p>\n<p><strong><span style=\"font-family: Roboto; font-size: 14px;\">Yeni Zelanda vize ba\u015fvurusu yapacak olan ki\u015filerin a\u015fa\u011f\u0131daki durumlara dikkat etmesi gerekmektedir;<\/span><\/strong><\/p>\n<ul>\n<li><span style=\"font-family: Roboto; font-size: 14px;\">Yeni Zelanda vize ba\u015fvurusu yapacak olan ki\u015filerin Yeni Zelanda\u2019daki seyahat masraflar\u0131n\u0131 kar\u015f\u0131layabilmek i\u00e7in gerekli masraflar\u0131 kar\u015f\u0131laya bilmektedir.<\/span><\/li>\n<li><span style=\"font-family: Roboto; font-size: 14px;\">Vize ba\u015fvurusunda bulunacak olan ki\u015filerin gerekli belgeleri eksiksiz olarak haz\u0131rlamas\u0131 gerekmektedir.<\/span><\/li>\n<li><span style=\"font-family: Roboto; font-size: 14px;\">Ba\u015fvuru sahibinin uluslararas\u0131 ge\u00e7erlili\u011fi olan seyahat sa\u011fl\u0131k sigortas\u0131 yapt\u0131rmas\u0131 gerekmektedir.<\/span><\/li>\n<\/ul>\n<p><span style=\"font-family: Roboto; font-size: 14px;\"><span style=\"color: #2acec2;\"><strong><a style=\"color: #2acec2;\" href=\"https:\/\/myvize.com.tr\/yenizelanda\/vize-islemleri\/yenizelanda-vize-randevusu\/\" target=\"_blank\" rel=\"noopener\">Yani Zelanda Vize Randevusu<\/a><\/strong><\/span> ile ilgili bilgi almak i\u00e7in bizi aray\u0131n\u0131z.<\/span><\/p>\n<h2><span style=\"font-family: Roboto; font-size: 27px;\"><strong>Yeni Zelanda Vize Ba\u015fvuru<\/strong><\/span><\/h2>\n<p><span style=\"font-family: Roboto; font-size: 14px;\">Yeni Zelanda\u2019ya seyahat etmek isteyen ki\u015filer <strong>Yeni Zelanda vize ba\u015fvuru i\u015flemi<\/strong> yapmal\u0131d\u0131r. Yeni Zelanda vize ba\u015fvurusu yapacak olan ki\u015filer vize ba\u015fvurular\u0131n\u0131 <strong>Yeni Zelanda Ankara B\u00fcy\u00fckel\u00e7ili\u011fi<\/strong>\u2019ne ya da Yeni Zelanda B\u00fcy\u00fckel\u00e7ili\u011fi taraf\u0131ndan yetkilendirilmi\u015f vize ba\u015fvuru merkezlerine yapabilirler.<\/span><\/p>\n<p><span style=\"font-family: Roboto; font-size: 14px;\">Yeni Zelanda vize ba\u015fvuru i\u015flemleri i\u00e7in \u00f6ncelikle seyahat amac\u0131n\u0131z\u0131 belirleyip bu amaca uygun vize kategorisini se\u00e7melisiniz. \u00c7\u00fcnk\u00fc yanl\u0131\u015f kategoriden yap\u0131lan Yeni Zelanda vize ba\u015fvurular\u0131 reddedilmektedir. <strong>Yeni Zelanda vize kategorileri<\/strong> a\u015fa\u011f\u0131da verilmi\u015ftir;<\/span><\/p>\n<ul>\n<li><span style=\"font-family: Roboto; font-size: 14px;\"><strong>Turistik vize<\/strong>; Yeni Zelanda\u2019ya k\u00fclt\u00fcrel ve tatil ama\u00e7l\u0131 yap\u0131lacak seyahatler.<\/span><\/li>\n<li><span style=\"font-family: Roboto; font-size: 14px;\"><strong>Ticari vize<\/strong>: Yeni Zelanda\u2019da seminer, kongre, konferans gibi etkinliklere kat\u0131lacak ki\u015filer.<\/span><\/li>\n<li><span style=\"font-family: Roboto; font-size: 14px;\"><strong>Transit vize<\/strong>: Yeni Zelanda \u00fczerinden farkl\u0131 bir \u00fclkeye ge\u00e7ecek ki\u015filer.<\/span><\/li>\n<li><span style=\"font-family: Roboto; font-size: 14px;\"><strong>Aile ziyareti<\/strong>: Yeni Zelanda\u2019da bulunan yak\u0131nlar\u0131na ziyarette bulunacak ki\u015filer.<\/span><\/li>\n<li><span style=\"font-family: Roboto; font-size: 14px;\"><strong>Aile birle\u015fimi<\/strong>: Yeni Zelanda\u2019da bulunan aile \u00fcyesi ile beraber ya\u015famak isteyen ki\u015filer.<\/span><\/li>\n<li><span style=\"font-family: Roboto; font-size: 14px;\"><strong>\u00c7al\u0131\u015fma vizesi<\/strong>: Yeni Zelanda\u2019da \u00e7al\u0131\u015fmak isteyen ki\u015filer.<\/span><\/li>\n<li><span style=\"font-family: Roboto; font-size: 14px;\"><strong>E\u011fitim vizesi<\/strong>: Yeni Zelanda\u2019da e\u011fitim almak isteyen ki\u015filer ba\u015fvuruda bulunabilir.<\/span><\/li>\n<\/ul>\n<p><span style=\"font-family: Roboto; font-size: 14px;\">Yeni Zelanda vize ba\u015fvurular\u0131 Yeni Zelanda Ankara B\u00fcy\u00fckel\u00e7ili\u011fi ve <strong>Yeni Zelanda vize ba\u015fvuru merkezleri<\/strong>ne yap\u0131labilmektedir. Ba\u015fvuru i\u00e7in gerekli dosyalar eksiksiz ve g\u00fcncel olarak haz\u0131rlanmal\u0131d\u0131r. Ba\u015fvuru i\u00e7in belgeler vize ba\u015fvurusu yap\u0131lacak yere teslim edilmelidir. Ba\u015fvurunuz b\u00f6ylece incelemeye al\u0131n\u0131r. Ba\u015fvurular hakk\u0131nda karar verme yetkisi Yeni Zelanda Ankara B\u00fcy\u00fckel\u00e7ili\u011fi\u2019ne aittir.<\/span><\/p>\n<p><span style=\"font-family: Roboto; font-size: 14px;\"><span style=\"color: #2acec2;\"><strong><a style=\"color: #2acec2;\" href=\"https:\/\/myvize.com.tr\/yenizelanda\/vize-islemleri\/yenizelanda-vize-reddi\/\" target=\"_blank\" rel=\"noopener\">Yeni Zelanda Vize Reddi<\/a><\/strong><\/span> ile ilgili bilgi almak i\u00e7in bizi aray\u0131n\u0131z.<\/span><\/p>\n<h2><strong><span style=\"font-family: Roboto; font-size: 27px;\">Yeni Zelanda Online Vize Ba\u015fvurusu<\/span><\/strong><\/h2>\n<p><span style=\"font-family: Roboto; font-size: 14px;\">Yeni Zelanda vize ba\u015fvurusunda bulunacak olan T\u00fcrk vatanda\u015flar\u0131 vize ba\u015fvurular\u0131n\u0131 Yeni Zelanda Ankara B\u00fcy\u00fckel\u00e7ili\u011fi\u2019ne yapmal\u0131d\u0131r. Vize ba\u015fvurular\u0131n\u0131 \u015fahsen yapabilece\u011finiz gibi seyahat acenteleri arac\u0131l\u0131\u011f\u0131 ile de yapabilirsiniz. <strong>Yeni Zelanda vize ba\u015fvurusu<\/strong> online olarak da yap\u0131labilmektedir. <strong>Yeni Zelanda online vize ba\u015fvurusu<\/strong> \u015fu \u015fekildedir;<\/span><\/p>\n<p><span style=\"font-family: Roboto; font-size: 14px;\">Yeni Zelanda online vize ba\u015fvurusu, <strong>vize ba\u015fvurusu<\/strong> yapaca\u011f\u0131n\u0131z seyahat acentesi ile yap\u0131labilmektedir. Vize ba\u015fvurusu i\u00e7in vize ba\u015fvuru\u015funuza uygun olan evraklar\u0131 haz\u0131rlayarak mail yolu ile ba\u015fvuru yapaca\u011f\u0131n\u0131z seyahat acentesine ula\u015ft\u0131rarak ba\u015fvurunuza ba\u015flayabilirsiniz. Daha sonra gerekli evraklar\u0131 kargo yolu ile ula\u015ft\u0131rmal\u0131s\u0131n\u0131z.<\/span><\/p>\n<p><span style=\"font-family: Roboto; font-size: 14px;\"><strong>Yeni Zelanda vizesi<\/strong> ba\u015fvurusunda \u00f6nemli nokta, vize ba\u015fvurusu i\u00e7in istenen belgelerin hatas\u0131z ve eksiksiz olarak haz\u0131rlanmas\u0131d\u0131r. Seyahat amac\u0131n\u0131z\u0131n net olmas\u0131, hangi tarihlerde seyahatte bulunaca\u011f\u0131n\u0131z\u0131, u\u00e7ak rezervasyonlar\u0131n\u0131z\u0131 detayl\u0131 bir \u015fekilde vize ba\u015fvuru dosyas\u0131nda bulunmal\u0131d\u0131r.<\/span><\/p>\n<p><span style=\"font-family: Roboto; font-size: 14px;\">Ba\u015fvuru sahibinin seyahati boyunca masraflar\u0131n\u0131 kar\u015f\u0131layabilecek ekonomik durumunun olmas\u0131 gerekmektedir. Yeni Zelanda vize ba\u015fvurusunda bulunacak olan ki\u015filerin Yeni Zelanda\u2019da da ge\u00e7erli olacak <strong>Seyahat Sa\u011fl\u0131k Sigortas\u0131<\/strong> yapt\u0131rmas\u0131 gereklidir.<\/span><\/p>\n<p><span style=\"font-family: Roboto; font-size: 14px;\">Ba\u015fvurunuz sonu\u00e7lan\u0131nca Pasaportunuzu ister temsilcilikten isterseniz de adresinize kargo yolu ile isteyebilirsiniz. Ba\u015fvurular\u0131n\u0131z ortalama olarak 10-15 g\u00fcn i\u00e7erisinde sonu\u00e7lanmaktad\u0131r.<\/span><\/p>\n","protected":false},"excerpt":{"rendered":"<p>Yeni Zelanda Vize Ba\u015fvurusu Hakk\u0131nda Yeni Zelanda\u2019ya vizesiz olarak girilmemektedir. Bundan dolay\u0131 Yeni Zelanda\u2019ya seyahat edecek olan T\u00fcrk vatanda\u015flar\u0131n\u0131n Yeni Zelanda vizesi alams\u0131 gerekmektedir. Yeni Zelanda ve T\u00fcrkiye aras\u0131nda bir vize muafiyeti anla\u015fmas\u0131 bulunmamaktad\u0131r. Ayr\u0131ca Yeni Zelanda\u2019n\u0131n T\u00fcrk vatanda\u015flar\u0131 i\u00e7in kap\u0131da vize uygulamas\u0131 da bulunmamaktad\u0131r. Yeni Zelanda vizesi alacak olan ki\u015filer vize ba\u015fvurular\u0131n\u0131 \u015fahsen Yeni<\/p>\n","protected":false},"author":1,"featured_media":0,"parent":0,"menu_order":0,"comment_status":"closed","ping_status":"closed","template":"","meta":{"footnotes":""},"class_list":["post-431","page","type-page","status-publish","hentry"],"yoast_head":"<!-- This site is optimized with the Yoast SEO plugin v24.0 - https:\/\/yoast.com\/wordpress\/plugins\/seo\/ -->\n<title>Yeni Zelanda Vize Ba\u015fvurusu - MyVize Vize Ba\u015fvuru Merkezi<\/title>\n<meta name=\"description\" content=\"Yeni Zelanda Vize Ba\u015fvurusu Nas\u0131l Yap\u0131l\u0131r? Yeni Zelanda Vize Ba\u015fvuru Formu Nas\u0131l Doldurulur? Bilgi \u0130\u00e7in Hemen Aray\u0131n: 0850 346 84 93\" \/>\n<meta name=\"robots\" content=\"index, follow, max-snippet:-1, max-image-preview:large, max-video-preview:-1\" \/>\n<link rel=\"canonical\" href=\"https:\/\/myvize.com.tr\/yenizelanda\/yeni-zelanda-vize-basvurusu\/\" \/>\n<meta property=\"og:locale\" content=\"tr_TR\" \/>\n<meta property=\"og:type\" content=\"article\" \/>\n<meta property=\"og:title\" content=\"Yeni Zelanda Vize Ba\u015fvurusu - MyVize Vize Ba\u015fvuru Merkezi\" \/>\n<meta property=\"og:description\" content=\"Yeni Zelanda Vize Ba\u015fvurusu Nas\u0131l Yap\u0131l\u0131r? Yeni Zelanda Vize Ba\u015fvuru Formu Nas\u0131l Doldurulur? Bilgi \u0130\u00e7in Hemen Aray\u0131n: 0850 346 84 93\" \/>\n<meta property=\"og:url\" content=\"https:\/\/myvize.com.tr\/yenizelanda\/yeni-zelanda-vize-basvurusu\/\" \/>\n<meta property=\"og:site_name\" content=\"Yeni Zelanda Vizesi\" \/>\n<meta property=\"article:modified_time\" content=\"2022-05-16T13:41:01+00:00\" \/>\n<meta name=\"twitter:card\" content=\"summary_large_image\" \/>\n<meta name=\"twitter:label1\" content=\"Tahmini okuma s\u00fcresi\" \/>\n\t<meta name=\"twitter:data1\" content=\"3 dakika\" \/>\n<script type=\"application\/ld+json\" class=\"yoast-schema-graph\">{\"@context\":\"https:\/\/schema.org\",\"@graph\":[{\"@type\":\"WebPage\",\"@id\":\"https:\/\/myvize.com.tr\/yenizelanda\/yeni-zelanda-vize-basvurusu\/\",\"url\":\"https:\/\/myvize.com.tr\/yenizelanda\/yeni-zelanda-vize-basvurusu\/\",\"name\":\"Yeni Zelanda Vize Ba\u015fvurusu - MyVize Vize Ba\u015fvuru Merkezi\",\"isPartOf\":{\"@id\":\"https:\/\/myvize.com.tr\/yenizelanda\/#website\"},\"datePublished\":\"2021-10-27T13:59:14+00:00\",\"dateModified\":\"2022-05-16T13:41:01+00:00\",\"description\":\"Yeni Zelanda Vize Ba\u015fvurusu Nas\u0131l Yap\u0131l\u0131r? Yeni Zelanda Vize Ba\u015fvuru Formu Nas\u0131l Doldurulur? Bilgi \u0130\u00e7in Hemen Aray\u0131n: 0850 346 84 93\",\"breadcrumb\":{\"@id\":\"https:\/\/myvize.com.tr\/yenizelanda\/yeni-zelanda-vize-basvurusu\/#breadcrumb\"},\"inLanguage\":\"tr\",\"potentialAction\":[{\"@type\":\"ReadAction\",\"target\":[\"https:\/\/myvize.com.tr\/yenizelanda\/yeni-zelanda-vize-basvurusu\/\"]}]},{\"@type\":\"BreadcrumbList\",\"@id\":\"https:\/\/myvize.com.tr\/yenizelanda\/yeni-zelanda-vize-basvurusu\/#breadcrumb\",\"itemListElement\":[{\"@type\":\"ListItem\",\"position\":1,\"name\":\"Anasayfa\",\"item\":\"https:\/\/myvize.com.tr\/yenizelanda\/\"},{\"@type\":\"ListItem\",\"position\":2,\"name\":\"Yeni Zelanda Vize Ba\u015fvurusu\"}]},{\"@type\":\"WebSite\",\"@id\":\"https:\/\/myvize.com.tr\/yenizelanda\/#website\",\"url\":\"https:\/\/myvize.com.tr\/yenizelanda\/\",\"name\":\"Yeni Zelanda Vizesi\",\"description\":\"\",\"potentialAction\":[{\"@type\":\"SearchAction\",\"target\":{\"@type\":\"EntryPoint\",\"urlTemplate\":\"https:\/\/myvize.com.tr\/yenizelanda\/?s={search_term_string}\"},\"query-input\":{\"@type\":\"PropertyValueSpecification\",\"valueRequired\":true,\"valueName\":\"search_term_string\"}}],\"inLanguage\":\"tr\"}]}<\/script>\n<!-- \/ Yoast SEO plugin. -->","yoast_head_json":{"title":"Yeni Zelanda Vize Ba\u015fvurusu - MyVize Vize Ba\u015fvuru Merkezi","description":"Yeni Zelanda Vize Ba\u015fvurusu Nas\u0131l Yap\u0131l\u0131r? Yeni Zelanda Vize Ba\u015fvuru Formu Nas\u0131l Doldurulur? Bilgi \u0130\u00e7in Hemen Aray\u0131n: 0850 346 84 93","robots":{"index":"index","follow":"follow","max-snippet":"max-snippet:-1","max-image-preview":"max-image-preview:large","max-video-preview":"max-video-preview:-1"},"canonical":"https:\/\/myvize.com.tr\/yenizelanda\/yeni-zelanda-vize-basvurusu\/","og_locale":"tr_TR","og_type":"article","og_title":"Yeni Zelanda Vize Ba\u015fvurusu - MyVize Vize Ba\u015fvuru Merkezi","og_description":"Yeni Zelanda Vize Ba\u015fvurusu Nas\u0131l Yap\u0131l\u0131r? Yeni Zelanda Vize Ba\u015fvuru Formu Nas\u0131l Doldurulur? Bilgi \u0130\u00e7in Hemen Aray\u0131n: 0850 346 84 93","og_url":"https:\/\/myvize.com.tr\/yenizelanda\/yeni-zelanda-vize-basvurusu\/","og_site_name":"Yeni Zelanda Vizesi","article_modified_time":"2022-05-16T13:41:01+00:00","twitter_card":"summary_large_image","twitter_misc":{"Tahmini okuma s\u00fcresi":"3 dakika"},"schema":{"@context":"https:\/\/schema.org","@graph":[{"@type":"WebPage","@id":"https:\/\/myvize.com.tr\/yenizelanda\/yeni-zelanda-vize-basvurusu\/","url":"https:\/\/myvize.com.tr\/yenizelanda\/yeni-zelanda-vize-basvurusu\/","name":"Yeni Zelanda Vize Ba\u015fvurusu - MyVize Vize Ba\u015fvuru Merkezi","isPartOf":{"@id":"https:\/\/myvize.com.tr\/yenizelanda\/#website"},"datePublished":"2021-10-27T13:59:14+00:00","dateModified":"2022-05-16T13:41:01+00:00","description":"Yeni Zelanda Vize Ba\u015fvurusu Nas\u0131l Yap\u0131l\u0131r? Yeni Zelanda Vize Ba\u015fvuru Formu Nas\u0131l Doldurulur? Bilgi \u0130\u00e7in Hemen Aray\u0131n: 0850 346 84 93","breadcrumb":{"@id":"https:\/\/myvize.com.tr\/yenizelanda\/yeni-zelanda-vize-basvurusu\/#breadcrumb"},"inLanguage":"tr","potentialAction":[{"@type":"ReadAction","target":["https:\/\/myvize.com.tr\/yenizelanda\/yeni-zelanda-vize-basvurusu\/"]}]},{"@type":"BreadcrumbList","@id":"https:\/\/myvize.com.tr\/yenizelanda\/yeni-zelanda-vize-basvurusu\/#breadcrumb","itemListElement":[{"@type":"ListItem","position":1,"name":"Anasayfa","item":"https:\/\/myvize.com.tr\/yenizelanda\/"},{"@type":"ListItem","position":2,"name":"Yeni Zelanda Vize Ba\u015fvurusu"}]},{"@type":"WebSite","@id":"https:\/\/myvize.com.tr\/yenizelanda\/#website","url":"https:\/\/myvize.com.tr\/yenizelanda\/","name":"Yeni Zelanda Vizesi","description":"","potentialAction":[{"@type":"SearchAction","target":{"@type":"EntryPoint","urlTemplate":"https:\/\/myvize.com.tr\/yenizelanda\/?s={search_term_string}"},"query-input":{"@type":"PropertyValueSpecification","valueRequired":true,"valueName":"search_term_string"}}],"inLanguage":"tr"}]}},"_links":{"self":[{"href":"https:\/\/myvize.com.tr\/yenizelanda\/wp-json\/wp\/v2\/pages\/431","targetHints":{"allow":["GET"]}}],"collection":[{"href":"https:\/\/myvize.com.tr\/yenizelanda\/wp-json\/wp\/v2\/pages"}],"about":[{"href":"https:\/\/myvize.com.tr\/yenizelanda\/wp-json\/wp\/v2\/types\/page"}],"author":[{"embeddable":true,"href":"https:\/\/myvize.com.tr\/yenizelanda\/wp-json\/wp\/v2\/users\/1"}],"replies":[{"embeddable":true,"href":"https:\/\/myvize.com.tr\/yenizelanda\/wp-json\/wp\/v2\/comments?post=431"}],"version-history":[{"count":4,"href":"https:\/\/myvize.com.tr\/yenizelanda\/wp-json\/wp\/v2\/pages\/431\/revisions"}],"predecessor-version":[{"id":617,"href":"https:\/\/myvize.com.tr\/yenizelanda\/wp-json\/wp\/v2\/pages\/431\/revisions\/617"}],"wp:attachment":[{"href":"https:\/\/myvize.com.tr\/yenizelanda\/wp-json\/wp\/v2\/media?parent=431"}],"curies":[{"name":"wp","href":"https:\/\/api.w.org\/{rel}","templated":true}]}}