{"id":43,"date":"2020-11-30T12:47:27","date_gmt":"2020-11-30T09:47:27","guid":{"rendered":"https:\/\/myvize.com.tr\/yenizelanda\/?page_id=43"},"modified":"2022-05-16T16:44:53","modified_gmt":"2022-05-16T13:44:53","slug":"yenizelanda-calisma-izni","status":"publish","type":"page","link":"https:\/\/myvize.com.tr\/yenizelanda\/vize-islemleri\/yenizelanda-calisma-izni\/","title":{"rendered":"Yeni Zelanda \u00c7al\u0131\u015fma \u0130zni"},"content":{"rendered":"<p><span style=\"font-family: Roboto;\"><\/span><\/p>\r\n<p><span style=\"font-family: Roboto; font-size: 14px;\"><strong>Yeni Zelanda\u00a0\u00e7al\u0131\u015fma vizesi<\/strong> i\u00e7in Yeni Zelanda\u00a0d\u0131\u015f temsilciliklerine ba\u015fvuruda bulunulmas\u0131 gerekmektedir. Gerekli evraklar\u0131n haz\u0131rlanabilmesi i\u00e7in ki\u015filer Yeni Zelanda\u00a0d\u0131\u015f temsilcilikleri taraf\u0131ndan yetki verilmi\u015f ba\u015fvuru merkezleri veya yetkili seyahat acenteleri ile g\u00f6r\u00fc\u015febilirler.\u00a0\u00a0<\/span><\/p>\r\n<p><span style=\"font-family: Roboto; font-size: 14px;\">\r\n\r\n<\/span><\/p>\r\n<p><span style=\"font-family: Roboto; font-size: 18px;\"><strong>Yeni Zelanda\u00a0\u00e7al\u0131\u015fma vizesine ba\u015fvuracak ki\u015filerin ba\u015fvuru \u015fartlar\u0131 ve evraklar\u0131 a\u015fa\u011f\u0131daki \u015fekilde de\u011fi\u015fkenlik g\u00f6stermektedir:\u00a0\u00a0<\/strong><\/span><\/p>\r\n<p><span style=\"font-family: Roboto; font-size: 14px;\">\r\n\r\n<\/span><\/p>\r\n<p><span style=\"font-family: Roboto; font-size: 14px;\">Ki\u015finin \u00e7al\u0131\u015fmak istedi\u011fi sekt\u00f6r\u00a0\u00a0<\/span><\/p>\r\n<p><span style=\"font-family: Roboto; font-size: 14px;\">\r\n\r\n<\/span><\/p>\r\n<p><span style=\"font-family: Roboto; font-size: 14px;\">Ki\u015finin e\u011fitim d\u00fczeyi\u00a0\u00a0<\/span><\/p>\r\n<p><span style=\"font-family: Roboto; font-size: 14px;\">\r\n\r\n<\/span><\/p>\r\n<p><span style=\"font-family: Roboto; font-size: 14px;\">Ki\u015finin bir Yeni Zelanda\u00a0firmas\u0131ndan teklif almas\u0131\u00a0\u00a0<\/span><\/p>\r\n<p><span style=\"font-family: Roboto; font-size: 14px;\">\r\n\r\n<\/span><\/p>\r\n<p><span style=\"font-family: Roboto; font-size: 14px;\">Ki\u015finin i\u015fi i\u00e7in ne kadar s\u00fcreye sahip oldu\u011fu\u00a0\u00a0<\/span><\/p>\r\n<p><span style=\"font-family: Roboto; font-size: 14px;\">\r\n\r\n<\/span><\/p>\r\n<p><span style=\"font-family: Roboto; font-size: 14px;\">Ki\u015finin ailesi ile Yeni Zelanda\u2019ya\u00a0gitmek istemesi\u00a0\u00a0<\/span><\/p>\r\n<p><span style=\"font-family: Roboto; font-size: 14px;\">\r\n\r\n<\/span><\/p>\r\n<p><span style=\"font-family: Roboto; font-size: 14px;\">Ki\u015finin kendi i\u015fini kurmak istemesi\u00a0\u00a0<\/span><\/p>\r\n<p><span style=\"font-family: Roboto; font-size: 14px;\"> <img decoding=\"async\" src=\"https:\/\/myvize.com.tr\/yenizelanda\/wp-content\/uploads\/2021\/10\/16.jpg\" \/><\/span><\/p>\r\n<h2><span style=\"font-family: Roboto; font-size: 27px;\"><strong>Yeni Zelanda \u00c7al\u0131\u015fma \u0130zni Hakk\u0131nda<\/strong><\/span><\/h2>\r\n<p><span style=\"font-family: Roboto; font-size: 14px;\"><strong>Yeni Zelanda \u00e7al\u0131\u015fma vize<\/strong> i\u00e7in Yeni Zelanda d\u0131\u015f temsilcili\u011fine ba\u015fvuruda bulunulmas\u0131 gerekmekte. Gerekli evrak\u0131n haz\u0131rlanabilme i\u00e7in ki\u015fi Yeni Zelanda d\u0131\u015f temsilcili\u011fi taraf\u0131ndan yetki verilmi\u015f <strong>ba\u015fvuru merkezi<\/strong> ya da yetkili seyahat acentesi ile g\u00f6r\u00fc\u015febilir.<\/span><br \/><span style=\"font-family: Roboto; font-size: 14px;\"><strong>Yeni Zelanda \u00e7al\u0131\u015fma vizesi<\/strong> ba\u015fvuracak ki\u015finin ba\u015fvuru \u015fart\u0131 ve evrak\u0131 a\u015fa\u011f\u0131daki \u015fekilde de\u011fi\u015fkenlik g\u00f6stermekte:<\/span><br \/><span style=\"font-family: Roboto; font-size: 14px;\">Ki\u015finin \u00e7al\u0131\u015fma istedi\u011fi sekt\u00f6r.<\/span><br \/><span style=\"font-family: Roboto; font-size: 14px;\">Ki\u015finin e\u011fitimi d\u00fczeyi.<\/span><br \/><span style=\"font-family: Roboto; font-size: 14px;\">Ki\u015finin bir Yeni Zelanda firmas\u0131nda teklif almas\u0131.<\/span><br \/><span style=\"font-family: Roboto; font-size: 14px;\">Ki\u015finin i\u015f i\u00e7in ne kadar s\u00fcreye sahip olduklar\u0131.<\/span><br \/><span style=\"font-family: Roboto; font-size: 14px;\">Ki\u015finin ailesi ve Yeni Zelanda\u2019ya gitme istemesi.<\/span><br \/><span style=\"font-family: Roboto; font-size: 14px;\">Ki\u015finin kendi i\u015fi kurmak istemesi.<\/span><\/p>\r\n<h2><span style=\"font-size: 27px;\"><strong><span style=\"font-family: Roboto;\">Yeni Zelanda \u00c7al\u0131\u015fma \u0130zni Alma \u015eartlar\u0131\u00a0<\/span><\/strong><\/span><\/h2>\r\n<p><span style=\"font-family: Roboto; font-size: 14px;\"><strong>Ba\u015fvuru Form:<\/strong> Yeni Zelanda \u00e7al\u0131\u015fma vize i\u00e7in gereken <strong>ba\u015fvuru formu<\/strong> do\u011fru \u015fekilde doldurulmak ve \u0131slak imzal\u0131 olarak teslim edilmeleri gerekir.<\/span><br \/><span style=\"font-family: Roboto; font-size: 14px;\"><strong>Pasaport:<\/strong> Ba\u015fvuru sahiplerinin minimum 10 y\u0131l ge\u00e7erlilik sahip, d\u00f6n\u00fc\u015f tarihinde itibaren 3 ay ge\u00e7erlilik sahip ve kar\u015f\u0131l\u0131kl\u0131 2 sayfa bo\u015f pasaport sahip olmas\u0131 gerekir.<\/span><br \/><span style=\"font-family: Roboto; font-size: 14px;\">Foto\u011fraf.<\/span><br \/><span style=\"font-family: Roboto; font-size: 14px;\">N\u00fcfus C\u00fczdan Fotokopisi.<\/span><br \/><span style=\"font-family: Roboto; font-size: 14px;\">Pasaport Fotokopileri.<\/span><br \/><span style=\"font-family: Roboto; font-size: 14px;\">Adli Sicili Kayd\u0131.<\/span><br \/><span style=\"font-family: Roboto; font-size: 14px;\">Sa\u011fl\u0131k Durumu Kan\u0131tlayan Evrak:<\/span><br \/><span style=\"font-family: Roboto; font-size: 14px;\">G\u00f6\u011f\u00fcs R\u00f6ntgen.<\/span><br \/><span style=\"font-family: Roboto; font-size: 14px;\">Sa\u011fl\u0131k Rapor.<\/span><br \/><span style=\"font-family: Roboto; font-size: 14px;\">Yabanc\u0131 Dil Evrak\u0131.<\/span><br \/><span style=\"font-family: Roboto; font-size: 14px;\">Ya\u015f \u015eart\u0131.<\/span><br \/><span style=\"font-family: Roboto; font-size: 14px;\">\u0130\u015fveren Ek Form.<\/span><\/p>\r\n<p><span style=\"font-family: Roboto; font-size: 14px;\"><span style=\"color: #2acec2;\"><strong><a style=\"color: #2acec2;\" href=\"https:\/\/myvize.com.tr\/yenizelanda\/vize-islemleri\/yenizelanda-oturum-izni\/\" target=\"_blank\" rel=\"noopener\">Yeni Zelanda Oturum \u0130zni<\/a><\/strong><\/span> ile ilgili bilgi almak i\u00e7in bizi aray\u0131n\u0131z.<\/span><\/p>\r\n<p><span style=\"font-family: Roboto; font-size: 14px;\"><\/span><\/p>\r\n<h2 class=\"wp-block-heading\"><span style=\"font-family: Roboto; font-size: 27px;\"><strong>Yeni Zelanda\u00a0\u00c7al\u0131\u015fma \u0130zni Alma \u015eartlar\u0131 Nedir?\u00a0\u00a0<\/strong><\/span><\/h2>\r\n<p><span style=\"font-family: Roboto; font-size: 14px;\">\r\n\r\n<\/span><\/p>\r\n<ul class=\"wp-block-list\">\r\n<li><span style=\"font-family: Roboto; font-size: 14px;\">Ba\u015fvuru Formu: <strong>Yeni Zelanda \u00e7al\u0131\u015fma vizesi<\/strong> i\u00e7in gereken ba\u015fvuru formunun do\u011fru \u015fekilde doldurulmas\u0131 ve \u0131slak imzal\u0131 olarak teslim edilmesi gerekir.\u00a0\u00a0<\/span><\/li>\r\n<li><span style=\"font-family: Roboto; font-size: 14px;\">Pasaport: Ba\u015fvuru sahibinin minimum 10 y\u0131l ge\u00e7erlili\u011fe sahip, d\u00f6n\u00fc\u015f tarihinden itibaren 3\u00a0ay ge\u00e7erlili\u011fe sahip ve kar\u015f\u0131l\u0131kl\u0131 2 sayfas\u0131 bo\u015f pasaporta sahip olmas\u0131 gerekir.\u00a0\u00a0<\/span><\/li>\r\n<li><span style=\"font-family: Roboto; font-size: 14px;\">Foto\u011fraf: Son 6 ay i\u00e7erisinde beyaz fonda \u00e7ekilmi\u015f\u00a02 adet\u00a0biyometrik\u00a0foto\u011fraf ibraz edilmelidir.\u00a0\u00a0<\/span><\/li>\r\n<li><span style=\"font-family: Roboto; font-size: 14px;\">N\u00fcfus C\u00fczdan\u0131 Fotokopisi\u00a0<\/span><\/li>\r\n<li><span style=\"font-family: Roboto; font-size: 14px;\">Pasaport Fotokopisi: Yeni Zelanda \u00e7al\u0131\u015fma vizesine ba\u015fvuran ki\u015finin yukar\u0131da belirtilen \u015fartlara uygun pasaportunun fotokopisi ibraz edilmelidir.\u00a0\u00a0<\/span><\/li>\r\n<li><span style=\"font-family: Roboto; font-size: 14px;\">Adli Sicil Kayd\u0131: \u0130ngilizce \u00e7evirisi ile ibraz edilmelidir.\u00a0<\/span><\/li>\r\n<li><span style=\"font-family: Roboto; font-size: 14px;\">Sa\u011fl\u0131k Durumunu Kan\u0131tlayan Evraklar:\u00a0\u00a0<\/span><\/li>\r\n<\/ul>\r\n<p><span style=\"font-family: Roboto; font-size: 14px;\">\r\n\r\n<\/span><\/p>\r\n<p><span style=\"font-family: Roboto; font-size: 14px;\">\u00a0 \u00a0 \u00a0 \u00a0 \u00a0 \u00a0 \u00a0G\u00f6\u011f\u00fcs R\u00f6ntgeni\u00a0<\/span><\/p>\r\n<p><span style=\"font-family: Roboto; font-size: 14px;\">\r\n\r\n<\/span><\/p>\r\n<p><span style=\"font-family: Roboto; font-size: 14px;\">\u00a0 \u00a0 \u00a0 \u00a0 \u00a0 \u00a0 \u00a0Sa\u011fl\u0131k Raporu\u00a0<\/span><\/p>\r\n<p><span style=\"font-family: Roboto; font-size: 14px;\">\r\n\r\n<\/span><\/p>\r\n<ul class=\"wp-block-list\">\r\n<li><span style=\"font-family: Roboto; font-size: 14px;\">Yabanc\u0131 Dil Evraklar\u0131: Maksimum 2 y\u0131l \u00f6nce al\u0131nm\u0131\u015f \u0130ngilizce dil sertifikas\u0131 ibraz edilmelidir.\u00a0<\/span><\/li>\r\n<li><span style=\"font-family: Roboto; font-size: 14px;\">Ya\u015f \u015eart\u0131: Yeni Zelanda \u00e7al\u0131\u015fma vizesine ba\u015fvuran ki\u015finin 55 ya\u015f\u0131n\u0131n alt\u0131nda olmas\u0131 gereklidir.\u00a0<\/span><\/li>\r\n<li><span style=\"font-family: Roboto; font-size: 14px;\">\u0130\u015fveren Ek Formu: Yeni Zelanda \u00e7al\u0131\u015fma vizesine ba\u015fvuran ki\u015fi\u00a0hali haz\u0131rda bir Yeni Zelanda firmas\u0131ndan teklif ald\u0131ysa bu evrak\u0131n ibraz edilmesi gereklidir.\u00a0<\/span><\/li>\r\n<\/ul>\r\n<p><span style=\"font-family: Roboto;\"><\/span><\/p>","protected":false},"excerpt":{"rendered":"<p>Yeni Zelanda\u00a0\u00e7al\u0131\u015fma vizesi i\u00e7in Yeni Zelanda\u00a0d\u0131\u015f temsilciliklerine ba\u015fvuruda bulunulmas\u0131 gerekmektedir. Gerekli evraklar\u0131n haz\u0131rlanabilmesi i\u00e7in ki\u015filer Yeni Zelanda\u00a0d\u0131\u015f temsilcilikleri taraf\u0131ndan yetki verilmi\u015f ba\u015fvuru merkezleri veya yetkili seyahat acenteleri ile g\u00f6r\u00fc\u015febilirler.\u00a0\u00a0 Yeni Zelanda\u00a0\u00e7al\u0131\u015fma vizesine ba\u015fvuracak ki\u015filerin ba\u015fvuru \u015fartlar\u0131 ve evraklar\u0131 a\u015fa\u011f\u0131daki \u015fekilde de\u011fi\u015fkenlik g\u00f6stermektedir:\u00a0\u00a0 Ki\u015finin \u00e7al\u0131\u015fmak istedi\u011fi sekt\u00f6r\u00a0\u00a0 Ki\u015finin e\u011fitim d\u00fczeyi\u00a0\u00a0 Ki\u015finin bir Yeni Zelanda\u00a0firmas\u0131ndan teklif almas\u0131\u00a0\u00a0<\/p>\n","protected":false},"author":1,"featured_media":0,"parent":18,"menu_order":0,"comment_status":"closed","ping_status":"closed","template":"","meta":{"footnotes":""},"class_list":["post-43","page","type-page","status-publish","hentry"],"yoast_head":"<!-- This site is optimized with the Yoast SEO plugin v24.0 - https:\/\/yoast.com\/wordpress\/plugins\/seo\/ -->\n<title>Yeni Zelanda \u00c7al\u0131\u015fma \u0130zni - MyVize Vize Ba\u015fvuru Merkezi<\/title>\n<meta name=\"description\" content=\"Yeni Zelanda \u00e7al\u0131\u015fma izni vizesi gerekli g\u00fcncel evrak listesi. Yeni Zelanda \u00e7al\u0131\u015fma izni vizesi ba\u015fvurusunda dikkat edilmesi gereken \u015fartlar.\" \/>\n<meta name=\"robots\" content=\"index, follow, max-snippet:-1, max-image-preview:large, max-video-preview:-1\" \/>\n<link rel=\"canonical\" href=\"https:\/\/myvize.com.tr\/yenizelanda\/vize-islemleri\/yenizelanda-calisma-izni\/\" \/>\n<meta property=\"og:locale\" content=\"tr_TR\" \/>\n<meta property=\"og:type\" content=\"article\" \/>\n<meta property=\"og:title\" content=\"Yeni Zelanda \u00c7al\u0131\u015fma \u0130zni - MyVize Vize Ba\u015fvuru Merkezi\" \/>\n<meta property=\"og:description\" content=\"Yeni Zelanda \u00e7al\u0131\u015fma izni vizesi gerekli g\u00fcncel evrak listesi. Yeni Zelanda \u00e7al\u0131\u015fma izni vizesi ba\u015fvurusunda dikkat edilmesi gereken \u015fartlar.\" \/>\n<meta property=\"og:url\" content=\"https:\/\/myvize.com.tr\/yenizelanda\/vize-islemleri\/yenizelanda-calisma-izni\/\" \/>\n<meta property=\"og:site_name\" content=\"Yeni Zelanda Vizesi\" \/>\n<meta property=\"article:modified_time\" content=\"2022-05-16T13:44:53+00:00\" \/>\n<meta property=\"og:image\" content=\"https:\/\/myvize.com.tr\/yenizelanda\/wp-content\/uploads\/2021\/10\/16.jpg\" \/>\n<meta name=\"twitter:card\" content=\"summary_large_image\" \/>\n<meta name=\"twitter:label1\" content=\"Tahmini okuma s\u00fcresi\" \/>\n\t<meta name=\"twitter:data1\" content=\"2 dakika\" \/>\n<script type=\"application\/ld+json\" class=\"yoast-schema-graph\">{\"@context\":\"https:\/\/schema.org\",\"@graph\":[{\"@type\":\"WebPage\",\"@id\":\"https:\/\/myvize.com.tr\/yenizelanda\/vize-islemleri\/yenizelanda-calisma-izni\/\",\"url\":\"https:\/\/myvize.com.tr\/yenizelanda\/vize-islemleri\/yenizelanda-calisma-izni\/\",\"name\":\"Yeni Zelanda \u00c7al\u0131\u015fma \u0130zni - MyVize Vize Ba\u015fvuru Merkezi\",\"isPartOf\":{\"@id\":\"https:\/\/myvize.com.tr\/yenizelanda\/#website\"},\"primaryImageOfPage\":{\"@id\":\"https:\/\/myvize.com.tr\/yenizelanda\/vize-islemleri\/yenizelanda-calisma-izni\/#primaryimage\"},\"image\":{\"@id\":\"https:\/\/myvize.com.tr\/yenizelanda\/vize-islemleri\/yenizelanda-calisma-izni\/#primaryimage\"},\"thumbnailUrl\":\"https:\/\/myvize.com.tr\/yenizelanda\/wp-content\/uploads\/2021\/10\/16.jpg\",\"datePublished\":\"2020-11-30T09:47:27+00:00\",\"dateModified\":\"2022-05-16T13:44:53+00:00\",\"description\":\"Yeni Zelanda \u00e7al\u0131\u015fma izni vizesi gerekli g\u00fcncel evrak listesi. Yeni Zelanda \u00e7al\u0131\u015fma izni vizesi ba\u015fvurusunda dikkat edilmesi gereken \u015fartlar.\",\"breadcrumb\":{\"@id\":\"https:\/\/myvize.com.tr\/yenizelanda\/vize-islemleri\/yenizelanda-calisma-izni\/#breadcrumb\"},\"inLanguage\":\"tr\",\"potentialAction\":[{\"@type\":\"ReadAction\",\"target\":[\"https:\/\/myvize.com.tr\/yenizelanda\/vize-islemleri\/yenizelanda-calisma-izni\/\"]}]},{\"@type\":\"ImageObject\",\"inLanguage\":\"tr\",\"@id\":\"https:\/\/myvize.com.tr\/yenizelanda\/vize-islemleri\/yenizelanda-calisma-izni\/#primaryimage\",\"url\":\"https:\/\/myvize.com.tr\/yenizelanda\/wp-content\/uploads\/2021\/10\/16.jpg\",\"contentUrl\":\"https:\/\/myvize.com.tr\/yenizelanda\/wp-content\/uploads\/2021\/10\/16.jpg\",\"width\":800,\"height\":500,\"caption\":\"Yeni Zelanda \u00c7al\u0131\u015fma \u0130zni\"},{\"@type\":\"BreadcrumbList\",\"@id\":\"https:\/\/myvize.com.tr\/yenizelanda\/vize-islemleri\/yenizelanda-calisma-izni\/#breadcrumb\",\"itemListElement\":[{\"@type\":\"ListItem\",\"position\":1,\"name\":\"Anasayfa\",\"item\":\"https:\/\/myvize.com.tr\/yenizelanda\/\"},{\"@type\":\"ListItem\",\"position\":2,\"name\":\"V\u0130ZE \u0130\u015eLEMLER\u0130\",\"item\":\"https:\/\/myvize.com.tr\/yenizelanda\/vize-islemleri\/\"},{\"@type\":\"ListItem\",\"position\":3,\"name\":\"Yeni Zelanda \u00c7al\u0131\u015fma \u0130zni\"}]},{\"@type\":\"WebSite\",\"@id\":\"https:\/\/myvize.com.tr\/yenizelanda\/#website\",\"url\":\"https:\/\/myvize.com.tr\/yenizelanda\/\",\"name\":\"Yeni Zelanda Vizesi\",\"description\":\"\",\"potentialAction\":[{\"@type\":\"SearchAction\",\"target\":{\"@type\":\"EntryPoint\",\"urlTemplate\":\"https:\/\/myvize.com.tr\/yenizelanda\/?s={search_term_string}\"},\"query-input\":{\"@type\":\"PropertyValueSpecification\",\"valueRequired\":true,\"valueName\":\"search_term_string\"}}],\"inLanguage\":\"tr\"}]}<\/script>\n<!-- \/ Yoast SEO plugin. -->","yoast_head_json":{"title":"Yeni Zelanda \u00c7al\u0131\u015fma \u0130zni - MyVize Vize Ba\u015fvuru Merkezi","description":"Yeni Zelanda \u00e7al\u0131\u015fma izni vizesi gerekli g\u00fcncel evrak listesi. Yeni Zelanda \u00e7al\u0131\u015fma izni vizesi ba\u015fvurusunda dikkat edilmesi gereken \u015fartlar.","robots":{"index":"index","follow":"follow","max-snippet":"max-snippet:-1","max-image-preview":"max-image-preview:large","max-video-preview":"max-video-preview:-1"},"canonical":"https:\/\/myvize.com.tr\/yenizelanda\/vize-islemleri\/yenizelanda-calisma-izni\/","og_locale":"tr_TR","og_type":"article","og_title":"Yeni Zelanda \u00c7al\u0131\u015fma \u0130zni - MyVize Vize Ba\u015fvuru Merkezi","og_description":"Yeni Zelanda \u00e7al\u0131\u015fma izni vizesi gerekli g\u00fcncel evrak listesi. Yeni Zelanda \u00e7al\u0131\u015fma izni vizesi ba\u015fvurusunda dikkat edilmesi gereken \u015fartlar.","og_url":"https:\/\/myvize.com.tr\/yenizelanda\/vize-islemleri\/yenizelanda-calisma-izni\/","og_site_name":"Yeni Zelanda Vizesi","article_modified_time":"2022-05-16T13:44:53+00:00","og_image":[{"url":"https:\/\/myvize.com.tr\/yenizelanda\/wp-content\/uploads\/2021\/10\/16.jpg","type":"","width":"","height":""}],"twitter_card":"summary_large_image","twitter_misc":{"Tahmini okuma s\u00fcresi":"2 dakika"},"schema":{"@context":"https:\/\/schema.org","@graph":[{"@type":"WebPage","@id":"https:\/\/myvize.com.tr\/yenizelanda\/vize-islemleri\/yenizelanda-calisma-izni\/","url":"https:\/\/myvize.com.tr\/yenizelanda\/vize-islemleri\/yenizelanda-calisma-izni\/","name":"Yeni Zelanda \u00c7al\u0131\u015fma \u0130zni - MyVize Vize Ba\u015fvuru Merkezi","isPartOf":{"@id":"https:\/\/myvize.com.tr\/yenizelanda\/#website"},"primaryImageOfPage":{"@id":"https:\/\/myvize.com.tr\/yenizelanda\/vize-islemleri\/yenizelanda-calisma-izni\/#primaryimage"},"image":{"@id":"https:\/\/myvize.com.tr\/yenizelanda\/vize-islemleri\/yenizelanda-calisma-izni\/#primaryimage"},"thumbnailUrl":"https:\/\/myvize.com.tr\/yenizelanda\/wp-content\/uploads\/2021\/10\/16.jpg","datePublished":"2020-11-30T09:47:27+00:00","dateModified":"2022-05-16T13:44:53+00:00","description":"Yeni Zelanda \u00e7al\u0131\u015fma izni vizesi gerekli g\u00fcncel evrak listesi. Yeni Zelanda \u00e7al\u0131\u015fma izni vizesi ba\u015fvurusunda dikkat edilmesi gereken \u015fartlar.","breadcrumb":{"@id":"https:\/\/myvize.com.tr\/yenizelanda\/vize-islemleri\/yenizelanda-calisma-izni\/#breadcrumb"},"inLanguage":"tr","potentialAction":[{"@type":"ReadAction","target":["https:\/\/myvize.com.tr\/yenizelanda\/vize-islemleri\/yenizelanda-calisma-izni\/"]}]},{"@type":"ImageObject","inLanguage":"tr","@id":"https:\/\/myvize.com.tr\/yenizelanda\/vize-islemleri\/yenizelanda-calisma-izni\/#primaryimage","url":"https:\/\/myvize.com.tr\/yenizelanda\/wp-content\/uploads\/2021\/10\/16.jpg","contentUrl":"https:\/\/myvize.com.tr\/yenizelanda\/wp-content\/uploads\/2021\/10\/16.jpg","width":800,"height":500,"caption":"Yeni Zelanda \u00c7al\u0131\u015fma \u0130zni"},{"@type":"BreadcrumbList","@id":"https:\/\/myvize.com.tr\/yenizelanda\/vize-islemleri\/yenizelanda-calisma-izni\/#breadcrumb","itemListElement":[{"@type":"ListItem","position":1,"name":"Anasayfa","item":"https:\/\/myvize.com.tr\/yenizelanda\/"},{"@type":"ListItem","position":2,"name":"V\u0130ZE \u0130\u015eLEMLER\u0130","item":"https:\/\/myvize.com.tr\/yenizelanda\/vize-islemleri\/"},{"@type":"ListItem","position":3,"name":"Yeni Zelanda \u00c7al\u0131\u015fma \u0130zni"}]},{"@type":"WebSite","@id":"https:\/\/myvize.com.tr\/yenizelanda\/#website","url":"https:\/\/myvize.com.tr\/yenizelanda\/","name":"Yeni Zelanda Vizesi","description":"","potentialAction":[{"@type":"SearchAction","target":{"@type":"EntryPoint","urlTemplate":"https:\/\/myvize.com.tr\/yenizelanda\/?s={search_term_string}"},"query-input":{"@type":"PropertyValueSpecification","valueRequired":true,"valueName":"search_term_string"}}],"inLanguage":"tr"}]}},"_links":{"self":[{"href":"https:\/\/myvize.com.tr\/yenizelanda\/wp-json\/wp\/v2\/pages\/43","targetHints":{"allow":["GET"]}}],"collection":[{"href":"https:\/\/myvize.com.tr\/yenizelanda\/wp-json\/wp\/v2\/pages"}],"about":[{"href":"https:\/\/myvize.com.tr\/yenizelanda\/wp-json\/wp\/v2\/types\/page"}],"author":[{"embeddable":true,"href":"https:\/\/myvize.com.tr\/yenizelanda\/wp-json\/wp\/v2\/users\/1"}],"replies":[{"embeddable":true,"href":"https:\/\/myvize.com.tr\/yenizelanda\/wp-json\/wp\/v2\/comments?post=43"}],"version-history":[{"count":10,"href":"https:\/\/myvize.com.tr\/yenizelanda\/wp-json\/wp\/v2\/pages\/43\/revisions"}],"predecessor-version":[{"id":619,"href":"https:\/\/myvize.com.tr\/yenizelanda\/wp-json\/wp\/v2\/pages\/43\/revisions\/619"}],"up":[{"embeddable":true,"href":"https:\/\/myvize.com.tr\/yenizelanda\/wp-json\/wp\/v2\/pages\/18"}],"wp:attachment":[{"href":"https:\/\/myvize.com.tr\/yenizelanda\/wp-json\/wp\/v2\/media?parent=43"}],"curies":[{"name":"wp","href":"https:\/\/api.w.org\/{rel}","templated":true}]}}