{"id":41,"date":"2020-11-30T12:46:51","date_gmt":"2020-11-30T09:46:51","guid":{"rendered":"https:\/\/myvize.com.tr\/yenizelanda\/?page_id=41"},"modified":"2022-01-13T15:13:26","modified_gmt":"2022-01-13T12:13:26","slug":"yenizelanda-dil-okulu-vizesi","status":"publish","type":"page","link":"https:\/\/myvize.com.tr\/yenizelanda\/vize-islemleri\/yenizelanda-dil-okulu-vizesi\/","title":{"rendered":"Yeni Zelanda Dil Okulu Vizesi"},"content":{"rendered":"<h2><span style=\"font-family: Roboto; font-size: 27px;\"><strong>Yeni Zelanda Dil Okulu<\/strong><\/span><\/h2>\n<p><span style=\"font-family: Roboto; font-size: 14px;\"><strong>Yeni Zelanda dil okul<\/strong> se\u00e7ene\u011fi g\u00fcn\u00fcm\u00fczde uluslararas\u0131 \u00f6\u011frenci i\u00e7in olduk\u00e7a pop\u00fcler bir duruma gelmi\u015ftir. Ana dil \u0130ngilizce olan say\u0131l\u0131 \u00fclkeden biri olan Yeni Zelanda dil okulu ve e\u011fitim ile dikkat \u00e7ekmekte. Yeni Zelanda&#8217;da <strong>\u0130ngilizce<\/strong> \u00f6\u011frenme, \u00f6\u011frenciyi gelecekte d\u00fcnya \u00e7ap\u0131nda bir e\u011fitimi ve kariyeri hayat\u0131 i\u00e7in haz\u0131rlamakta.<\/span><br \/>\n<span style=\"font-family: Roboto; font-size: 14px;\"><strong>English New Zealand<\/strong> gibi bir\u00e7ok kurulu\u015f taraf\u0131ndan akredit edilen Yeni Zelanda dil okulu, e\u011fitimlerinin kalite ile bilinmektedir. Dil okulunda her ihtiya\u00e7 ve beklenti uygun <strong>\u0130ngilizce<\/strong> program\u0131 bulmak m\u00fcmk\u00fcnd\u00fcr. <strong>Yeni Zelanda dil okulu<\/strong> ba\u015flang\u0131\u00e7 tarihi a\u00e7\u0131s\u0131ndan da olduk\u00e7a esnektir ve \u00f6\u011frenci diledi\u011fi Pazartesi e\u011fitimine ba\u015flatabilmektedir.<\/span><br \/>\n<span style=\"font-family: Roboto; font-size: 14px;\">Yeni Zelanda k\u00fclt\u00fcr \u00e7e\u015fitlilik a\u00e7\u0131s\u0131ndan da olduk\u00e7a zengin bir \u00fclke. Cana yak\u0131n bir toplumu olan Yeni Zelanda\u2019da \u00f6\u011frenci geni\u015f bir sosyal \u00e7evre edinmek \u015fans\u0131na sahiptir. Bu sayede yerel halk ile her g\u00fcn ileti\u015fim durumunda olma \u00f6\u011frencinin \u0130ngilizce seviyesinin geli\u015fmesine b\u00fcy\u00fck bir rol oynamakta.<\/span><br \/>\n<span style=\"font-family: Roboto; font-size: 14px;\">Yeni Zelanda\u2019da en pop\u00fclerlik dil e\u011fitim \u015fehri <strong>Auckland<\/strong>. Yeni Zelanda\u2019da dil e\u011fitim almay\u0131 planlayan uluslararas\u0131 \u00f6\u011frenciler genellikle <strong>Auckland<\/strong> \u015fehri tercih etmektedir.<\/span><\/p>\n<p><span style=\"font-family: Roboto; font-size: 14px;\"><span style=\"color: #2acec2;\"><strong><a style=\"color: #2acec2;\" href=\"https:\/\/myvize.com.tr\/yenizelanda\/vize-islemleri\/yenizelanda-universite-egitimi\/\" target=\"_blank\" rel=\"noopener\">Yeni Zelanda \u00dcniversite E\u011fitimi<\/a><\/strong><\/span> ile ilgili bilgi almak i\u00e7in bizi aray\u0131n\u0131z.<\/span><\/p>\n<p><span style=\"font-family: Roboto; font-size: 14px;\"><img decoding=\"async\" src=\"https:\/\/myvize.com.tr\/yenizelanda\/wp-content\/uploads\/2021\/10\/9.jpg\" \/><\/span><\/p>\n","protected":false},"excerpt":{"rendered":"<p>Yeni Zelanda Dil Okulu Yeni Zelanda dil okul se\u00e7ene\u011fi g\u00fcn\u00fcm\u00fczde uluslararas\u0131 \u00f6\u011frenci i\u00e7in olduk\u00e7a pop\u00fcler bir duruma gelmi\u015ftir. Ana dil \u0130ngilizce olan say\u0131l\u0131 \u00fclkeden biri olan Yeni Zelanda dil okulu ve e\u011fitim ile dikkat \u00e7ekmekte. Yeni Zelanda&#8217;da \u0130ngilizce \u00f6\u011frenme, \u00f6\u011frenciyi gelecekte d\u00fcnya \u00e7ap\u0131nda bir e\u011fitimi ve kariyeri hayat\u0131 i\u00e7in haz\u0131rlamakta. English New Zealand gibi bir\u00e7ok<\/p>\n","protected":false},"author":1,"featured_media":0,"parent":18,"menu_order":0,"comment_status":"closed","ping_status":"closed","template":"","meta":{"footnotes":""},"class_list":["post-41","page","type-page","status-publish","hentry"],"yoast_head":"<!-- This site is optimized with the Yoast SEO plugin v24.0 - https:\/\/yoast.com\/wordpress\/plugins\/seo\/ -->\n<title>Yeni Zelanda Dil Okulu Vizesi - Vize Ba\u015fvurusu - MyVize<\/title>\n<meta name=\"description\" content=\"Yeni Zelanda dil okulu vizesi gerekli evrak ve \u015fartlar neler? Yeni Zelanda dil okulu vizesi ba\u015fvuruda dikkat edilmesi gerekenler.\" \/>\n<meta name=\"robots\" content=\"index, follow, max-snippet:-1, max-image-preview:large, max-video-preview:-1\" \/>\n<link rel=\"canonical\" href=\"https:\/\/myvize.com.tr\/yenizelanda\/vize-islemleri\/yenizelanda-dil-okulu-vizesi\/\" \/>\n<meta property=\"og:locale\" content=\"tr_TR\" \/>\n<meta property=\"og:type\" content=\"article\" \/>\n<meta property=\"og:title\" content=\"Yeni Zelanda Dil Okulu Vizesi - Vize Ba\u015fvurusu - MyVize\" \/>\n<meta property=\"og:description\" content=\"Yeni Zelanda dil okulu vizesi gerekli evrak ve \u015fartlar neler? Yeni Zelanda dil okulu vizesi ba\u015fvuruda dikkat edilmesi gerekenler.\" \/>\n<meta property=\"og:url\" content=\"https:\/\/myvize.com.tr\/yenizelanda\/vize-islemleri\/yenizelanda-dil-okulu-vizesi\/\" \/>\n<meta property=\"og:site_name\" content=\"Yeni Zelanda Vizesi\" \/>\n<meta property=\"article:modified_time\" content=\"2022-01-13T12:13:26+00:00\" \/>\n<meta property=\"og:image\" content=\"https:\/\/myvize.com.tr\/yenizelanda\/wp-content\/uploads\/2021\/10\/9.jpg\" \/>\n<meta name=\"twitter:card\" content=\"summary_large_image\" \/>\n<meta name=\"twitter:label1\" content=\"Tahmini okuma s\u00fcresi\" \/>\n\t<meta name=\"twitter:data1\" content=\"1 dakika\" \/>\n<script type=\"application\/ld+json\" class=\"yoast-schema-graph\">{\"@context\":\"https:\/\/schema.org\",\"@graph\":[{\"@type\":\"WebPage\",\"@id\":\"https:\/\/myvize.com.tr\/yenizelanda\/vize-islemleri\/yenizelanda-dil-okulu-vizesi\/\",\"url\":\"https:\/\/myvize.com.tr\/yenizelanda\/vize-islemleri\/yenizelanda-dil-okulu-vizesi\/\",\"name\":\"Yeni Zelanda Dil Okulu Vizesi - Vize Ba\u015fvurusu - MyVize\",\"isPartOf\":{\"@id\":\"https:\/\/myvize.com.tr\/yenizelanda\/#website\"},\"primaryImageOfPage\":{\"@id\":\"https:\/\/myvize.com.tr\/yenizelanda\/vize-islemleri\/yenizelanda-dil-okulu-vizesi\/#primaryimage\"},\"image\":{\"@id\":\"https:\/\/myvize.com.tr\/yenizelanda\/vize-islemleri\/yenizelanda-dil-okulu-vizesi\/#primaryimage\"},\"thumbnailUrl\":\"https:\/\/myvize.com.tr\/yenizelanda\/wp-content\/uploads\/2021\/10\/9.jpg\",\"datePublished\":\"2020-11-30T09:46:51+00:00\",\"dateModified\":\"2022-01-13T12:13:26+00:00\",\"description\":\"Yeni Zelanda dil okulu vizesi gerekli evrak ve \u015fartlar neler? Yeni Zelanda dil okulu vizesi ba\u015fvuruda dikkat edilmesi gerekenler.\",\"breadcrumb\":{\"@id\":\"https:\/\/myvize.com.tr\/yenizelanda\/vize-islemleri\/yenizelanda-dil-okulu-vizesi\/#breadcrumb\"},\"inLanguage\":\"tr\",\"potentialAction\":[{\"@type\":\"ReadAction\",\"target\":[\"https:\/\/myvize.com.tr\/yenizelanda\/vize-islemleri\/yenizelanda-dil-okulu-vizesi\/\"]}]},{\"@type\":\"ImageObject\",\"inLanguage\":\"tr\",\"@id\":\"https:\/\/myvize.com.tr\/yenizelanda\/vize-islemleri\/yenizelanda-dil-okulu-vizesi\/#primaryimage\",\"url\":\"https:\/\/myvize.com.tr\/yenizelanda\/wp-content\/uploads\/2021\/10\/9.jpg\",\"contentUrl\":\"https:\/\/myvize.com.tr\/yenizelanda\/wp-content\/uploads\/2021\/10\/9.jpg\",\"width\":800,\"height\":500,\"caption\":\"Yeni Zelanda Dil Okulu Vizesi\"},{\"@type\":\"BreadcrumbList\",\"@id\":\"https:\/\/myvize.com.tr\/yenizelanda\/vize-islemleri\/yenizelanda-dil-okulu-vizesi\/#breadcrumb\",\"itemListElement\":[{\"@type\":\"ListItem\",\"position\":1,\"name\":\"Anasayfa\",\"item\":\"https:\/\/myvize.com.tr\/yenizelanda\/\"},{\"@type\":\"ListItem\",\"position\":2,\"name\":\"V\u0130ZE \u0130\u015eLEMLER\u0130\",\"item\":\"https:\/\/myvize.com.tr\/yenizelanda\/vize-islemleri\/\"},{\"@type\":\"ListItem\",\"position\":3,\"name\":\"Yeni Zelanda Dil Okulu Vizesi\"}]},{\"@type\":\"WebSite\",\"@id\":\"https:\/\/myvize.com.tr\/yenizelanda\/#website\",\"url\":\"https:\/\/myvize.com.tr\/yenizelanda\/\",\"name\":\"Yeni Zelanda Vizesi\",\"description\":\"\",\"potentialAction\":[{\"@type\":\"SearchAction\",\"target\":{\"@type\":\"EntryPoint\",\"urlTemplate\":\"https:\/\/myvize.com.tr\/yenizelanda\/?s={search_term_string}\"},\"query-input\":{\"@type\":\"PropertyValueSpecification\",\"valueRequired\":true,\"valueName\":\"search_term_string\"}}],\"inLanguage\":\"tr\"}]}<\/script>\n<!-- \/ Yoast SEO plugin. -->","yoast_head_json":{"title":"Yeni Zelanda Dil Okulu Vizesi - Vize Ba\u015fvurusu - MyVize","description":"Yeni Zelanda dil okulu vizesi gerekli evrak ve \u015fartlar neler? Yeni Zelanda dil okulu vizesi ba\u015fvuruda dikkat edilmesi gerekenler.","robots":{"index":"index","follow":"follow","max-snippet":"max-snippet:-1","max-image-preview":"max-image-preview:large","max-video-preview":"max-video-preview:-1"},"canonical":"https:\/\/myvize.com.tr\/yenizelanda\/vize-islemleri\/yenizelanda-dil-okulu-vizesi\/","og_locale":"tr_TR","og_type":"article","og_title":"Yeni Zelanda Dil Okulu Vizesi - Vize Ba\u015fvurusu - MyVize","og_description":"Yeni Zelanda dil okulu vizesi gerekli evrak ve \u015fartlar neler? Yeni Zelanda dil okulu vizesi ba\u015fvuruda dikkat edilmesi gerekenler.","og_url":"https:\/\/myvize.com.tr\/yenizelanda\/vize-islemleri\/yenizelanda-dil-okulu-vizesi\/","og_site_name":"Yeni Zelanda Vizesi","article_modified_time":"2022-01-13T12:13:26+00:00","og_image":[{"url":"https:\/\/myvize.com.tr\/yenizelanda\/wp-content\/uploads\/2021\/10\/9.jpg","type":"","width":"","height":""}],"twitter_card":"summary_large_image","twitter_misc":{"Tahmini okuma s\u00fcresi":"1 dakika"},"schema":{"@context":"https:\/\/schema.org","@graph":[{"@type":"WebPage","@id":"https:\/\/myvize.com.tr\/yenizelanda\/vize-islemleri\/yenizelanda-dil-okulu-vizesi\/","url":"https:\/\/myvize.com.tr\/yenizelanda\/vize-islemleri\/yenizelanda-dil-okulu-vizesi\/","name":"Yeni Zelanda Dil Okulu Vizesi - Vize Ba\u015fvurusu - MyVize","isPartOf":{"@id":"https:\/\/myvize.com.tr\/yenizelanda\/#website"},"primaryImageOfPage":{"@id":"https:\/\/myvize.com.tr\/yenizelanda\/vize-islemleri\/yenizelanda-dil-okulu-vizesi\/#primaryimage"},"image":{"@id":"https:\/\/myvize.com.tr\/yenizelanda\/vize-islemleri\/yenizelanda-dil-okulu-vizesi\/#primaryimage"},"thumbnailUrl":"https:\/\/myvize.com.tr\/yenizelanda\/wp-content\/uploads\/2021\/10\/9.jpg","datePublished":"2020-11-30T09:46:51+00:00","dateModified":"2022-01-13T12:13:26+00:00","description":"Yeni Zelanda dil okulu vizesi gerekli evrak ve \u015fartlar neler? Yeni Zelanda dil okulu vizesi ba\u015fvuruda dikkat edilmesi gerekenler.","breadcrumb":{"@id":"https:\/\/myvize.com.tr\/yenizelanda\/vize-islemleri\/yenizelanda-dil-okulu-vizesi\/#breadcrumb"},"inLanguage":"tr","potentialAction":[{"@type":"ReadAction","target":["https:\/\/myvize.com.tr\/yenizelanda\/vize-islemleri\/yenizelanda-dil-okulu-vizesi\/"]}]},{"@type":"ImageObject","inLanguage":"tr","@id":"https:\/\/myvize.com.tr\/yenizelanda\/vize-islemleri\/yenizelanda-dil-okulu-vizesi\/#primaryimage","url":"https:\/\/myvize.com.tr\/yenizelanda\/wp-content\/uploads\/2021\/10\/9.jpg","contentUrl":"https:\/\/myvize.com.tr\/yenizelanda\/wp-content\/uploads\/2021\/10\/9.jpg","width":800,"height":500,"caption":"Yeni Zelanda Dil Okulu Vizesi"},{"@type":"BreadcrumbList","@id":"https:\/\/myvize.com.tr\/yenizelanda\/vize-islemleri\/yenizelanda-dil-okulu-vizesi\/#breadcrumb","itemListElement":[{"@type":"ListItem","position":1,"name":"Anasayfa","item":"https:\/\/myvize.com.tr\/yenizelanda\/"},{"@type":"ListItem","position":2,"name":"V\u0130ZE \u0130\u015eLEMLER\u0130","item":"https:\/\/myvize.com.tr\/yenizelanda\/vize-islemleri\/"},{"@type":"ListItem","position":3,"name":"Yeni Zelanda Dil Okulu Vizesi"}]},{"@type":"WebSite","@id":"https:\/\/myvize.com.tr\/yenizelanda\/#website","url":"https:\/\/myvize.com.tr\/yenizelanda\/","name":"Yeni Zelanda Vizesi","description":"","potentialAction":[{"@type":"SearchAction","target":{"@type":"EntryPoint","urlTemplate":"https:\/\/myvize.com.tr\/yenizelanda\/?s={search_term_string}"},"query-input":{"@type":"PropertyValueSpecification","valueRequired":true,"valueName":"search_term_string"}}],"inLanguage":"tr"}]}},"_links":{"self":[{"href":"https:\/\/myvize.com.tr\/yenizelanda\/wp-json\/wp\/v2\/pages\/41","targetHints":{"allow":["GET"]}}],"collection":[{"href":"https:\/\/myvize.com.tr\/yenizelanda\/wp-json\/wp\/v2\/pages"}],"about":[{"href":"https:\/\/myvize.com.tr\/yenizelanda\/wp-json\/wp\/v2\/types\/page"}],"author":[{"embeddable":true,"href":"https:\/\/myvize.com.tr\/yenizelanda\/wp-json\/wp\/v2\/users\/1"}],"replies":[{"embeddable":true,"href":"https:\/\/myvize.com.tr\/yenizelanda\/wp-json\/wp\/v2\/comments?post=41"}],"version-history":[{"count":6,"href":"https:\/\/myvize.com.tr\/yenizelanda\/wp-json\/wp\/v2\/pages\/41\/revisions"}],"predecessor-version":[{"id":465,"href":"https:\/\/myvize.com.tr\/yenizelanda\/wp-json\/wp\/v2\/pages\/41\/revisions\/465"}],"up":[{"embeddable":true,"href":"https:\/\/myvize.com.tr\/yenizelanda\/wp-json\/wp\/v2\/pages\/18"}],"wp:attachment":[{"href":"https:\/\/myvize.com.tr\/yenizelanda\/wp-json\/wp\/v2\/media?parent=41"}],"curies":[{"name":"wp","href":"https:\/\/api.w.org\/{rel}","templated":true}]}}