{"id":37,"date":"2021-06-25T12:00:00","date_gmt":"2021-06-25T09:00:00","guid":{"rendered":"https:\/\/myvize.com.tr\/yenizelanda\/?page_id=37"},"modified":"2022-05-16T16:37:31","modified_gmt":"2022-05-16T13:37:31","slug":"yenizelanda-aile-birlesimi-vizesi","status":"publish","type":"page","link":"https:\/\/myvize.com.tr\/yenizelanda\/vize-islemleri\/yenizelanda-aile-birlesimi-vizesi\/","title":{"rendered":"Yeni Zelanda Aile Birle\u015fimi Vizesi"},"content":{"rendered":"<p><span style=\"font-family: Roboto;\"><\/span><\/p>\r\n<p><span style=\"font-family: Roboto; font-size: 14px;\">Yeni Zelanda\u2019da belli bir s\u00fcre ya\u015famak i\u00e7in aile birle\u015fim vizesi almak gerekmektedir. Bu vize t\u00fcr\u00fc farkl\u0131 \u015fekillerde al\u0131nabilmektedir. <strong>Yeni Zelanda vatanda\u015f\u0131<\/strong> olan biriyle evlenmek ya da daha \u00f6nceden bu \u00fclkeye yerle\u015fen bir aile \u00fcyesinin vas\u0131tas\u0131 ile aile birle\u015fim vizesi al\u0131nabilmektedir. Vize i\u015flemleri s\u0131ras\u0131nda haz\u0131rlanmas\u0131 gereken birtak\u0131m evraklar bulunmaktad\u0131r. Her belgenin mutlaka g\u00fcncel ve do\u011fru olmas\u0131 \u015fart\u0131 bulunmaktad\u0131r.<\/span><\/p>\r\n<p><span style=\"font-family: Roboto; font-size: 14px;\">\r\n\r\n<\/span><\/p>\r\n<p><span style=\"font-family: Roboto; font-size: 14px;\">Evlenme yolu ile <strong>Yeni Zelanda aile birle\u015fimi vizesi<\/strong> alacak olan ki\u015filerin mutlaka uluslararas\u0131 evlenme evraklar\u0131n\u0131 vize dosyas\u0131na eklemeleri gerekmektedir. Belgelerinizin eksiksiz olmas\u0131 vizenizi en ge\u00e7 15 g\u00fcn i\u00e7erisinde alabilmenize olanak tan\u0131maktad\u0131r.<\/span><\/p>\r\n<h2><span style=\"font-family: Roboto; font-size: 27px;\"><strong>Yeni Zelanda Aile Birle\u015fimi Vizesi Alma<\/strong><\/span><\/h2>\r\n<p><span style=\"font-family: Roboto; font-size: 14px;\">Yeni Zelanda\u2019da belli bir s\u00fcrede ya\u015famak i\u00e7in aile birle\u015fim vize almak gerekmektedir. Bu vize t\u00fcrler farkl\u0131 \u015fekilde al\u0131nabilmekte. <strong>Yeni Zelanda vatanda\u015f\u0131<\/strong> olan birisiyle evlenmek ya da daha \u00f6ncede bu \u00fclkeye yerle\u015fen aile \u00fcyesi vas\u0131tas\u0131 ile aile birle\u015fimi vizesi al\u0131nabilmekte. Vize i\u015flemi s\u0131ras\u0131nda haz\u0131rlanmas\u0131 gerekli birtak\u0131m evrak bulunmaktad\u0131r. Her belge mutlaka g\u00fcncel ve do\u011fru olmas\u0131 \u015fartlar\u0131 bulunmaktad\u0131r.<\/span><br \/><span style=\"font-family: Roboto; font-size: 14px;\">Evlenme yolu ile <strong>Yeni Zelanda aile birle\u015fim vizesi<\/strong> alacak olan ki\u015finin mutlaka uluslararas\u0131 evlenme evrak\u0131n\u0131 vize dosyas\u0131na eklemesi gerekmektedir. Belgenizin eksiksiz olmas\u0131 vize en ge\u00e7 15 g\u00fcn i\u00e7inde alabilmek olanak tan\u0131makta. Yeni Zelanda\u2019da bir s\u00fcre ya\u015fama hakk\u0131 veren <strong>aile birle\u015fimi vizesi<\/strong> ki\u015finin almakta \u00e7ok zorlanmayacaklar\u0131 vize t\u00fcrleri aras\u0131ndad\u0131r. Bu \u00fclkenin vatanda\u015f\u0131 iseniz ya da burada ya\u015fayan akraban\u0131z varsa vize i\u015fleminizi yapt\u0131rarak \u00fclkeye seyahat edebilirsiniz. <strong>Vize i\u015flemi<\/strong> s\u0131ras\u0131nda haz\u0131rlanmas\u0131 gerekli evraklar \u015funlard\u0131r.<\/span><br \/><span style=\"font-family: Roboto; font-size: 14px;\">Pasaport, davetiyeler ve dilek\u00e7e.<\/span><br \/><span style=\"font-family: Roboto; font-size: 14px;\">Ba\u015fvuru form ve biyometrik foto\u011fraf.<\/span><br \/><span style=\"font-family: Roboto; font-size: 14px;\">Tam vukuatl\u0131 n\u00fcfus kay\u0131t \u00f6rne\u011fi ve seyahat sa\u011fl\u0131k sigortas\u0131.<\/span><br \/><span style=\"font-family: Roboto; font-size: 14px;\">Ya\u015f\u0131 k\u00fc\u00e7\u00fck i\u00e7in izin belgesi.<\/span><br \/><span style=\"font-family: Roboto; font-size: 14px;\">Dil bildi\u011fi g\u00f6steren belge.<\/span><br \/><span style=\"font-family: Roboto; font-size: 14px;\">T\u00fcrkiye\u2019de evlenen \u00e7iftin belgesi i\u00e7in terc\u00fcme edilen evlenme evrak\u0131.<\/span><br \/><span style=\"font-family: Roboto; font-size: 14px;\">N\u00fcfus c\u00fczdan\u0131 fotokopisi.<\/span><br \/><span style=\"font-family: Roboto; font-size: 14px;\">Bunlarla beraber <strong>Yeni Zelanda<\/strong>\u2019da ya\u015fayan aile \u00fcyesinin de belge haz\u0131rlamak gerekmektedir. Bu i\u015flem s\u0131ras\u0131nda finansal durum, i\u015f ve meslek durumunu g\u00f6steren belge gibi \u00e7ok geni\u015f bir vize dosya haz\u0131rlanmas\u0131 gerekmektedir.<\/span><\/p>\r\n<p><span style=\"font-family: Roboto; font-size: 14px;\"><span style=\"color: #2acec2;\"><strong><a style=\"color: #2acec2;\" href=\"https:\/\/myvize.com.tr\/yenizelanda\/vize-islemleri\/yenizelanda-dil-okulu-vizesi\/\" target=\"_blank\" rel=\"noopener\">Yeni Zelanda Dil Okulu Vizesi<\/a><\/strong><\/span> ile ilgili bilgi almak i\u00e7in bizi aray\u0131n\u0131z.<\/span><\/p>\r\n<h2><span style=\"font-family: Roboto; font-size: 27px;\"><strong>Yeni Zelanda Aile Birle\u015fim \u0130\u015flemleri<\/strong><\/span><\/h2>\r\n<p><span style=\"font-family: Roboto; font-size: 14px;\">Yeni Zelanda\u2019da ya\u015fayan Yeni Zelanda vatanda\u015f\u0131n\u0131 ya da oturum izni sahipleri bir ki\u015finin aile \u00fcyesinden biriyseniz, <strong>Yeni Zelanda Aile Birle\u015fim Vizesi<\/strong> ile Yeni Zelanda\u2019ya seyahat edebilir ve hatta oturma izni sahibi olabilirsiniz. Bunun i\u00e7inde Yeni Zelanda\u2019da bulunaca\u011f\u0131n zaman zarf\u0131nda maddi olarak ge\u00e7imi sa\u011flayabilecek finansal kayna\u011fa sahip oldu\u011funuz kan\u0131tlaman\u0131z ya da bir sponsor sahip olmak gerekmektedir. Bu \u015fart da <strong>Yeni Zelanda aile birle\u015fim vizesi<\/strong> alabilirsiniz.<\/span><br \/><span style=\"font-family: Roboto; font-size: 14px;\">Yeni Zelanda\u2019da bulunacak s\u00fcre i\u00e7erisinde maddi olarak kendinizi destekleyebilece\u011finize ait finansal kayna\u011f\u0131n\u0131z\u0131n bulundu\u011funu kan\u0131tlamak ya da sponsor varsa t\u00fcm masraf\u0131n\u0131 sponsorunuzun kar\u015f\u0131layaca\u011f\u0131 kan\u0131tlaman\u0131z gerekmekte.<\/span><br \/><span style=\"font-family: Roboto; font-size: 14px;\"><strong>Oturma izni<\/strong> \u015feklinde verilen vize ile Yeni Zelanda\u2019da ya\u015fayabilir, \u00e7al\u0131\u015fabilir ve e\u011fitim g\u00f6rebilirsiniz. Ayr\u0131ca bakmak ile y\u00fck\u00fcml\u00fc oldu\u011funuz 24 ya\u015f alt\u0131ndaki \u00e7ocuklar\u0131n\u0131z\u0131 da vize ba\u015fvuruya d\u00e2hil edebilirsiniz. <strong>Vize ba\u015fvurusu<\/strong> yapt\u0131ktan sonra vize onaylan\u0131rsa 12 ay i\u00e7erisinde Yeni Zelanda\u2019ya gitmek gerekmektedir.<\/span><br \/><span style=\"font-family: Roboto; font-size: 14px;\">Yeni Zelanda\u2019da en az 2 sene boyunca oturma izni sahibi olarak bulunursa ve Yeni Zelanda\u2019da ya\u015fama istedi\u011finize ait bir taahh\u00fct g\u00f6sterebilirseniz Yeni Zelanda s\u00fcresiz oturma izni ba\u015fvurusunda bulunabilirsiniz.<\/span><\/p>\r\n<p><span style=\"font-family: Roboto; font-size: 14px;\"> <img decoding=\"async\" src=\"https:\/\/myvize.com.tr\/yenizelanda\/wp-content\/uploads\/2021\/10\/7.jpg\" \/> <\/span><\/p>\r\n<h2><span style=\"font-family: Roboto; font-size: 27px;\"><strong>Yeni Zelanda Aile Birle\u015fim Vizesi Evraklar\u0131<\/strong><\/span><\/h2>\r\n<p><span style=\"font-family: Roboto; font-size: 14px;\">\r\n\r\n<\/span><\/p>\r\n<p><span style=\"font-family: Roboto; font-size: 14px;\">Yeni Zelanda\u2019da bir s\u00fcre ya\u015fama hakk\u0131 veren aile birle\u015fim vizesi ki\u015filerin almakta \u00e7ok zorlanmayacaklar\u0131 vize t\u00fcrleri aras\u0131ndad\u0131r. Bu \u00fclkenin vatanda\u015f\u0131ysan\u0131z ya da burada ya\u015fayan akrabalar\u0131n\u0131z varsa <strong>vize i\u015flemleri<\/strong>nizi yapt\u0131rarak \u00fclkeye seyahat edebilirsiniz. <span style=\"color: #2acec2;\"><strong><a style=\"color: #2acec2;\" href=\"https:\/\/myvize.com.tr\/yenizelanda\/vize-islemleri\/\" target=\"_blank\" rel=\"noopener\">Vize i\u015flemleri<\/a><\/strong><\/span> s\u0131ras\u0131nda haz\u0131rlanmas\u0131 gereken evraklar \u015funlard\u0131r.<\/span><\/p>\r\n<p><span style=\"font-family: Roboto; font-size: 14px;\">\r\n\r\n<\/span><\/p>\r\n<ul class=\"wp-block-list\">\r\n<li><span style=\"font-family: Roboto; font-size: 14px;\">Pasaport, davetiye ve dilek\u00e7e<\/span><\/li>\r\n<li><span style=\"font-family: Roboto; font-size: 14px;\">Ba\u015fvuru formu ve biyometrik foto\u011fraf<\/span><\/li>\r\n<li><span style=\"font-family: Roboto; font-size: 14px;\">Tam vukuatl\u0131 <strong>n\u00fcfus kay\u0131t \u00f6rne\u011fi<\/strong> ve seyahat sa\u011fl\u0131k sigortas\u0131<\/span><\/li>\r\n<li><span style=\"font-family: Roboto; font-size: 14px;\">Ya\u015f\u0131 k\u00fc\u00e7\u00fckler i\u00e7in izin belgesi<\/span><\/li>\r\n<li><span style=\"font-family: Roboto; font-size: 14px;\">Dil bildi\u011fini g\u00f6steren belge<\/span><\/li>\r\n<li><span style=\"font-family: Roboto; font-size: 14px;\">T\u00fcrkiye\u2019de evlenen \u00e7iftlerin belgeleri i\u00e7in terc\u00fcme edilen evlenme evraklar\u0131<\/span><\/li>\r\n<li><span style=\"font-family: Roboto; font-size: 14px;\">N\u00fcfus c\u00fczdan fotokopisi<\/span><\/li>\r\n<\/ul>\r\n<p><span style=\"font-family: Roboto; font-size: 14px;\">\r\n\r\n<\/span><\/p>\r\n<p><span style=\"font-family: Roboto; font-size: 14px;\">Bunlarla birlikte Yeni Zelanda\u2019da ya\u015fayan aile \u00fcyelerinin de belge haz\u0131rlamas\u0131 gerekmektedir. Bu i\u015flemler s\u0131ras\u0131nda finansal durumu, i\u015f ve meslek durumlar\u0131n\u0131 g\u00f6steren belgeler gibi \u00e7ok geni\u015f bir vize dosyas\u0131 haz\u0131rlanmas\u0131 gerekmektedir.<\/span><\/p>\r\n<p><span style=\"font-family: Roboto; font-size: 14px;\"><span style=\"color: #2acec2;\"><strong><a style=\"color: #2acec2;\" href=\"https:\/\/myvize.com.tr\/yenizelanda\/vize-islemleri\/yenizelanda-oturum-izni\/\" target=\"_blank\" rel=\"noopener\">Yeni Zelanda Oturum \u0130zni<\/a><\/strong><\/span> ile ilgili bilgi almak i\u00e7in bizi aray\u0131n\u0131z.<\/span><\/p>\r\n<p><span style=\"font-family: Roboto;\"><\/span><\/p>","protected":false},"excerpt":{"rendered":"<p>Yeni Zelanda\u2019da belli bir s\u00fcre ya\u015famak i\u00e7in aile birle\u015fim vizesi almak gerekmektedir. Bu vize t\u00fcr\u00fc farkl\u0131 \u015fekillerde al\u0131nabilmektedir. Yeni Zelanda vatanda\u015f\u0131 olan biriyle evlenmek ya da daha \u00f6nceden bu \u00fclkeye yerle\u015fen bir aile \u00fcyesinin vas\u0131tas\u0131 ile aile birle\u015fim vizesi al\u0131nabilmektedir. Vize i\u015flemleri s\u0131ras\u0131nda haz\u0131rlanmas\u0131 gereken birtak\u0131m evraklar bulunmaktad\u0131r. Her belgenin mutlaka g\u00fcncel ve do\u011fru olmas\u0131<\/p>\n","protected":false},"author":1,"featured_media":0,"parent":18,"menu_order":0,"comment_status":"closed","ping_status":"closed","template":"","meta":{"footnotes":""},"class_list":["post-37","page","type-page","status-publish","hentry"],"yoast_head":"<!-- This site is optimized with the Yoast SEO plugin v24.0 - https:\/\/yoast.com\/wordpress\/plugins\/seo\/ -->\n<title>Yeni Zelanda Aile Birle\u015fimi Vizesi - MyVize<\/title>\n<meta name=\"description\" content=\"Yeni Zelanda aile birle\u015fimi vizesi i\u00e7in gerekli evraklar g\u00fcncel. Yeni Zelanda aile birle\u015fimi vizesi i\u00e7in neler gerekli ve \u015fartlar\u0131 nelerdir?\" \/>\n<meta name=\"robots\" content=\"index, follow, max-snippet:-1, max-image-preview:large, max-video-preview:-1\" \/>\n<link rel=\"canonical\" href=\"https:\/\/myvize.com.tr\/yenizelanda\/vize-islemleri\/yenizelanda-aile-birlesimi-vizesi\/\" \/>\n<meta property=\"og:locale\" content=\"tr_TR\" \/>\n<meta property=\"og:type\" content=\"article\" \/>\n<meta property=\"og:title\" content=\"Yeni Zelanda Aile Birle\u015fimi Vizesi - MyVize\" \/>\n<meta property=\"og:description\" content=\"Yeni Zelanda aile birle\u015fimi vizesi i\u00e7in gerekli evraklar g\u00fcncel. Yeni Zelanda aile birle\u015fimi vizesi i\u00e7in neler gerekli ve \u015fartlar\u0131 nelerdir?\" \/>\n<meta property=\"og:url\" content=\"https:\/\/myvize.com.tr\/yenizelanda\/vize-islemleri\/yenizelanda-aile-birlesimi-vizesi\/\" \/>\n<meta property=\"og:site_name\" content=\"Yeni Zelanda Vizesi\" \/>\n<meta property=\"article:modified_time\" content=\"2022-05-16T13:37:31+00:00\" \/>\n<meta property=\"og:image\" content=\"https:\/\/myvize.com.tr\/yenizelanda\/wp-content\/uploads\/2021\/10\/7.jpg\" \/>\n<meta name=\"twitter:card\" content=\"summary_large_image\" \/>\n<meta name=\"twitter:label1\" content=\"Tahmini okuma s\u00fcresi\" \/>\n\t<meta name=\"twitter:data1\" content=\"3 dakika\" \/>\n<script type=\"application\/ld+json\" class=\"yoast-schema-graph\">{\"@context\":\"https:\/\/schema.org\",\"@graph\":[{\"@type\":\"WebPage\",\"@id\":\"https:\/\/myvize.com.tr\/yenizelanda\/vize-islemleri\/yenizelanda-aile-birlesimi-vizesi\/\",\"url\":\"https:\/\/myvize.com.tr\/yenizelanda\/vize-islemleri\/yenizelanda-aile-birlesimi-vizesi\/\",\"name\":\"Yeni Zelanda Aile Birle\u015fimi Vizesi - MyVize\",\"isPartOf\":{\"@id\":\"https:\/\/myvize.com.tr\/yenizelanda\/#website\"},\"primaryImageOfPage\":{\"@id\":\"https:\/\/myvize.com.tr\/yenizelanda\/vize-islemleri\/yenizelanda-aile-birlesimi-vizesi\/#primaryimage\"},\"image\":{\"@id\":\"https:\/\/myvize.com.tr\/yenizelanda\/vize-islemleri\/yenizelanda-aile-birlesimi-vizesi\/#primaryimage\"},\"thumbnailUrl\":\"https:\/\/myvize.com.tr\/yenizelanda\/wp-content\/uploads\/2021\/10\/7.jpg\",\"datePublished\":\"2021-06-25T09:00:00+00:00\",\"dateModified\":\"2022-05-16T13:37:31+00:00\",\"description\":\"Yeni Zelanda aile birle\u015fimi vizesi i\u00e7in gerekli evraklar g\u00fcncel. Yeni Zelanda aile birle\u015fimi vizesi i\u00e7in neler gerekli ve \u015fartlar\u0131 nelerdir?\",\"breadcrumb\":{\"@id\":\"https:\/\/myvize.com.tr\/yenizelanda\/vize-islemleri\/yenizelanda-aile-birlesimi-vizesi\/#breadcrumb\"},\"inLanguage\":\"tr\",\"potentialAction\":[{\"@type\":\"ReadAction\",\"target\":[\"https:\/\/myvize.com.tr\/yenizelanda\/vize-islemleri\/yenizelanda-aile-birlesimi-vizesi\/\"]}]},{\"@type\":\"ImageObject\",\"inLanguage\":\"tr\",\"@id\":\"https:\/\/myvize.com.tr\/yenizelanda\/vize-islemleri\/yenizelanda-aile-birlesimi-vizesi\/#primaryimage\",\"url\":\"https:\/\/myvize.com.tr\/yenizelanda\/wp-content\/uploads\/2021\/10\/7.jpg\",\"contentUrl\":\"https:\/\/myvize.com.tr\/yenizelanda\/wp-content\/uploads\/2021\/10\/7.jpg\",\"width\":800,\"height\":500,\"caption\":\"Yeni Zelanda Aile Birle\u015fimi Vizesi\"},{\"@type\":\"BreadcrumbList\",\"@id\":\"https:\/\/myvize.com.tr\/yenizelanda\/vize-islemleri\/yenizelanda-aile-birlesimi-vizesi\/#breadcrumb\",\"itemListElement\":[{\"@type\":\"ListItem\",\"position\":1,\"name\":\"Anasayfa\",\"item\":\"https:\/\/myvize.com.tr\/yenizelanda\/\"},{\"@type\":\"ListItem\",\"position\":2,\"name\":\"V\u0130ZE \u0130\u015eLEMLER\u0130\",\"item\":\"https:\/\/myvize.com.tr\/yenizelanda\/vize-islemleri\/\"},{\"@type\":\"ListItem\",\"position\":3,\"name\":\"Yeni Zelanda Aile Birle\u015fimi Vizesi\"}]},{\"@type\":\"WebSite\",\"@id\":\"https:\/\/myvize.com.tr\/yenizelanda\/#website\",\"url\":\"https:\/\/myvize.com.tr\/yenizelanda\/\",\"name\":\"Yeni Zelanda Vizesi\",\"description\":\"\",\"potentialAction\":[{\"@type\":\"SearchAction\",\"target\":{\"@type\":\"EntryPoint\",\"urlTemplate\":\"https:\/\/myvize.com.tr\/yenizelanda\/?s={search_term_string}\"},\"query-input\":{\"@type\":\"PropertyValueSpecification\",\"valueRequired\":true,\"valueName\":\"search_term_string\"}}],\"inLanguage\":\"tr\"}]}<\/script>\n<!-- \/ Yoast SEO plugin. -->","yoast_head_json":{"title":"Yeni Zelanda Aile Birle\u015fimi Vizesi - MyVize","description":"Yeni Zelanda aile birle\u015fimi vizesi i\u00e7in gerekli evraklar g\u00fcncel. Yeni Zelanda aile birle\u015fimi vizesi i\u00e7in neler gerekli ve \u015fartlar\u0131 nelerdir?","robots":{"index":"index","follow":"follow","max-snippet":"max-snippet:-1","max-image-preview":"max-image-preview:large","max-video-preview":"max-video-preview:-1"},"canonical":"https:\/\/myvize.com.tr\/yenizelanda\/vize-islemleri\/yenizelanda-aile-birlesimi-vizesi\/","og_locale":"tr_TR","og_type":"article","og_title":"Yeni Zelanda Aile Birle\u015fimi Vizesi - MyVize","og_description":"Yeni Zelanda aile birle\u015fimi vizesi i\u00e7in gerekli evraklar g\u00fcncel. Yeni Zelanda aile birle\u015fimi vizesi i\u00e7in neler gerekli ve \u015fartlar\u0131 nelerdir?","og_url":"https:\/\/myvize.com.tr\/yenizelanda\/vize-islemleri\/yenizelanda-aile-birlesimi-vizesi\/","og_site_name":"Yeni Zelanda Vizesi","article_modified_time":"2022-05-16T13:37:31+00:00","og_image":[{"url":"https:\/\/myvize.com.tr\/yenizelanda\/wp-content\/uploads\/2021\/10\/7.jpg","type":"","width":"","height":""}],"twitter_card":"summary_large_image","twitter_misc":{"Tahmini okuma s\u00fcresi":"3 dakika"},"schema":{"@context":"https:\/\/schema.org","@graph":[{"@type":"WebPage","@id":"https:\/\/myvize.com.tr\/yenizelanda\/vize-islemleri\/yenizelanda-aile-birlesimi-vizesi\/","url":"https:\/\/myvize.com.tr\/yenizelanda\/vize-islemleri\/yenizelanda-aile-birlesimi-vizesi\/","name":"Yeni Zelanda Aile Birle\u015fimi Vizesi - MyVize","isPartOf":{"@id":"https:\/\/myvize.com.tr\/yenizelanda\/#website"},"primaryImageOfPage":{"@id":"https:\/\/myvize.com.tr\/yenizelanda\/vize-islemleri\/yenizelanda-aile-birlesimi-vizesi\/#primaryimage"},"image":{"@id":"https:\/\/myvize.com.tr\/yenizelanda\/vize-islemleri\/yenizelanda-aile-birlesimi-vizesi\/#primaryimage"},"thumbnailUrl":"https:\/\/myvize.com.tr\/yenizelanda\/wp-content\/uploads\/2021\/10\/7.jpg","datePublished":"2021-06-25T09:00:00+00:00","dateModified":"2022-05-16T13:37:31+00:00","description":"Yeni Zelanda aile birle\u015fimi vizesi i\u00e7in gerekli evraklar g\u00fcncel. Yeni Zelanda aile birle\u015fimi vizesi i\u00e7in neler gerekli ve \u015fartlar\u0131 nelerdir?","breadcrumb":{"@id":"https:\/\/myvize.com.tr\/yenizelanda\/vize-islemleri\/yenizelanda-aile-birlesimi-vizesi\/#breadcrumb"},"inLanguage":"tr","potentialAction":[{"@type":"ReadAction","target":["https:\/\/myvize.com.tr\/yenizelanda\/vize-islemleri\/yenizelanda-aile-birlesimi-vizesi\/"]}]},{"@type":"ImageObject","inLanguage":"tr","@id":"https:\/\/myvize.com.tr\/yenizelanda\/vize-islemleri\/yenizelanda-aile-birlesimi-vizesi\/#primaryimage","url":"https:\/\/myvize.com.tr\/yenizelanda\/wp-content\/uploads\/2021\/10\/7.jpg","contentUrl":"https:\/\/myvize.com.tr\/yenizelanda\/wp-content\/uploads\/2021\/10\/7.jpg","width":800,"height":500,"caption":"Yeni Zelanda Aile Birle\u015fimi Vizesi"},{"@type":"BreadcrumbList","@id":"https:\/\/myvize.com.tr\/yenizelanda\/vize-islemleri\/yenizelanda-aile-birlesimi-vizesi\/#breadcrumb","itemListElement":[{"@type":"ListItem","position":1,"name":"Anasayfa","item":"https:\/\/myvize.com.tr\/yenizelanda\/"},{"@type":"ListItem","position":2,"name":"V\u0130ZE \u0130\u015eLEMLER\u0130","item":"https:\/\/myvize.com.tr\/yenizelanda\/vize-islemleri\/"},{"@type":"ListItem","position":3,"name":"Yeni Zelanda Aile Birle\u015fimi Vizesi"}]},{"@type":"WebSite","@id":"https:\/\/myvize.com.tr\/yenizelanda\/#website","url":"https:\/\/myvize.com.tr\/yenizelanda\/","name":"Yeni Zelanda Vizesi","description":"","potentialAction":[{"@type":"SearchAction","target":{"@type":"EntryPoint","urlTemplate":"https:\/\/myvize.com.tr\/yenizelanda\/?s={search_term_string}"},"query-input":{"@type":"PropertyValueSpecification","valueRequired":true,"valueName":"search_term_string"}}],"inLanguage":"tr"}]}},"_links":{"self":[{"href":"https:\/\/myvize.com.tr\/yenizelanda\/wp-json\/wp\/v2\/pages\/37","targetHints":{"allow":["GET"]}}],"collection":[{"href":"https:\/\/myvize.com.tr\/yenizelanda\/wp-json\/wp\/v2\/pages"}],"about":[{"href":"https:\/\/myvize.com.tr\/yenizelanda\/wp-json\/wp\/v2\/types\/page"}],"author":[{"embeddable":true,"href":"https:\/\/myvize.com.tr\/yenizelanda\/wp-json\/wp\/v2\/users\/1"}],"replies":[{"embeddable":true,"href":"https:\/\/myvize.com.tr\/yenizelanda\/wp-json\/wp\/v2\/comments?post=37"}],"version-history":[{"count":10,"href":"https:\/\/myvize.com.tr\/yenizelanda\/wp-json\/wp\/v2\/pages\/37\/revisions"}],"predecessor-version":[{"id":441,"href":"https:\/\/myvize.com.tr\/yenizelanda\/wp-json\/wp\/v2\/pages\/37\/revisions\/441"}],"up":[{"embeddable":true,"href":"https:\/\/myvize.com.tr\/yenizelanda\/wp-json\/wp\/v2\/pages\/18"}],"wp:attachment":[{"href":"https:\/\/myvize.com.tr\/yenizelanda\/wp-json\/wp\/v2\/media?parent=37"}],"curies":[{"name":"wp","href":"https:\/\/api.w.org\/{rel}","templated":true}]}}