{"id":354,"date":"2021-08-18T17:06:18","date_gmt":"2021-08-18T14:06:18","guid":{"rendered":"https:\/\/myvize.com.tr\/yenizelanda\/?page_id=354"},"modified":"2022-01-13T15:06:02","modified_gmt":"2022-01-13T12:06:02","slug":"yeni-zelanda-ticari-vize-davetiye-mektubu","status":"publish","type":"page","link":"https:\/\/myvize.com.tr\/yenizelanda\/yeni-zelanda-ticari-vize-davetiye-mektubu\/","title":{"rendered":"Yeni Zelanda Ticari Vize Davetiye Mektubu"},"content":{"rendered":"<h2><strong><span style=\"font-size: 27px; font-family: Roboto;\">Yeni Zelanda Ticari Vize Davetiye Mektubu Hakk\u0131nda<\/span><\/strong><\/h2>\n<p><span style=\"font-family: Roboto; font-size: 14px;\">Yeni Zelanda G\u00fcney B\u00fcy\u00fck Okyanus\u2019ta yer alan bir ada \u00fclkesidir. Bu \u00fclkeye al\u0131nan vizeler asl\u0131nda tek tip durumunda de\u011ferlendirilmektedir. Sadece bu tek tik vizede evrak istenirken ayr\u0131\u015ft\u0131r\u0131c\u0131 \u00f6zellik g\u00f6stermektedir. Bunun harici vizeler tek tipte ikiye b\u00f6l\u00fcn\u00fcr: 3 ayl\u0131k s\u00fcre\u00e7, 3 aydan az ziyaret\u00e7i \u015feklinde. Tabii gitme amac\u0131n\u0131za g\u00f6re konsolosluklardan bu s\u00fcrenin uzun tutulmas\u0131 talebinde bulunabilirsiniz. Ancak tek tipli <strong>vize i\u015flemi<\/strong> y\u00fcr\u00fct\u00fclmesi sizleri yan\u0131ltmas\u0131n. Ticari ama\u00e7l\u0131 gitti\u011finizde yine standart prosed\u00fcr e\u015fli\u011finde evraklar istenecektir. En \u00f6nemli evrak ise davetiye mektubunuzdur. A\u015fa\u011f\u0131da maddeler h\u00e2linde davetiye mektubun nas\u0131l haz\u0131rlanmas\u0131 gerekti\u011fine dair bilgilendirme yap\u0131lm\u0131\u015ft\u0131r.\u00a0<\/span><\/p>\n<p><strong><span style=\"font-family: Roboto; font-size: 14px;\">Davetiye mektubu \u00f6rne\u011fi nas\u0131l yaz\u0131l\u0131r:\u00a0<\/span><\/strong><\/p>\n<ul>\n<li><span style=\"font-family: Roboto; font-size: 14px;\">Mektubun ba\u015f\u0131na tarih atmal\u0131s\u0131n\u0131z\u00a0<\/span><\/li>\n<li><span style=\"font-family: Roboto; font-size: 14px;\">Ard\u0131ndan <strong>Yeni Zelanda B\u00fcy\u00fckel\u00e7ili\u011fine<\/strong>, diye hitap ederek mektuba ba\u015flamal\u0131s\u0131n\u0131z.\u00a0<\/span><\/li>\n<li><span style=\"font-family: Roboto; font-size: 14px;\">Yeni Zelanda\u2019ya gidecek ki\u015finin ad\u0131 soyad\u0131 ve pasaport numaras\u0131 yaz\u0131l\u0131r. Sonra bir sonraki paragrafa Yeni Zelanda\u2019ya gidecek ki\u015finin nerede ya\u015fad\u0131\u011f\u0131, ziyaret eden ki\u015fi ile aralar\u0131ndaki ili\u015fki belirtilir ve ard\u0131ndan neden \u0130srail&#8217;e davet edildi\u011fine dair gerek\u00e7e yaz\u0131l\u0131r.\u00a0<\/span><\/li>\n<li><span style=\"font-family: Roboto; font-size: 14px;\">Mektubun bitiminde davet eden ki\u015fi ad\u0131n\u0131, do\u011fum tarihini, adresini, telefon numaras\u0131n\u0131 ve imzas\u0131n\u0131 b\u0131rakmal\u0131d\u0131r.\u00a0\u00a0<\/span><\/li>\n<\/ul>\n<p><span style=\"font-family: Roboto; font-size: 14px;\">\u00a0\u00a0 Mektup onay al\u0131rsa <strong>Konsolosluk<\/strong> taraf\u0131ndan ka\u015fe ve m\u00fch\u00fcrlenerek evraklar\u0131n\u0131z\u0131n aras\u0131na konulup dikkate al\u0131nacakt\u0131r.\u00a0<\/span><\/p>\n<p><span style=\"font-family: Roboto; font-size: 14px;\"><span style=\"color: #2acec2;\"><strong><a style=\"color: #2acec2;\" href=\"https:\/\/myvize.com.tr\/yenizelanda\/vize-islemleri\/yenizelanda-vizesi\/\" target=\"_blank\" rel=\"noopener\">Yeni Zelanda Vizesi<\/a><\/strong><\/span> ile ilgili bilgi almak i\u00e7in bizi aray\u0131n.<\/span><\/p>\n","protected":false},"excerpt":{"rendered":"<p>Yeni Zelanda Ticari Vize Davetiye Mektubu Hakk\u0131nda Yeni Zelanda G\u00fcney B\u00fcy\u00fck Okyanus\u2019ta yer alan bir ada \u00fclkesidir. Bu \u00fclkeye al\u0131nan vizeler asl\u0131nda tek tip durumunda de\u011ferlendirilmektedir. Sadece bu tek tik vizede evrak istenirken ayr\u0131\u015ft\u0131r\u0131c\u0131 \u00f6zellik g\u00f6stermektedir. Bunun harici vizeler tek tipte ikiye b\u00f6l\u00fcn\u00fcr: 3 ayl\u0131k s\u00fcre\u00e7, 3 aydan az ziyaret\u00e7i \u015feklinde. Tabii gitme amac\u0131n\u0131za g\u00f6re<\/p>\n","protected":false},"author":1,"featured_media":0,"parent":0,"menu_order":0,"comment_status":"closed","ping_status":"closed","template":"","meta":{"footnotes":""},"class_list":["post-354","page","type-page","status-publish","hentry"],"yoast_head":"<!-- This site is optimized with the Yoast SEO plugin v24.0 - https:\/\/yoast.com\/wordpress\/plugins\/seo\/ -->\n<title>Yeni Zelanda Ticari Vize Davetiye Mektubu - MyVize<\/title>\n<meta name=\"description\" content=\"Yeni Zelanda Ticari Vize Davetiye Mektubu Nas\u0131l Yaz\u0131l\u0131r? Yeni Zelanda Ticari Vize Davetiye Mektubu \u00d6rne\u011fi 2022. Bizi Aray\u0131n: 0850 346 84 93\" \/>\n<meta name=\"robots\" content=\"index, follow, max-snippet:-1, max-image-preview:large, max-video-preview:-1\" \/>\n<link rel=\"canonical\" href=\"https:\/\/myvize.com.tr\/yenizelanda\/yeni-zelanda-ticari-vize-davetiye-mektubu\/\" \/>\n<meta property=\"og:locale\" content=\"tr_TR\" \/>\n<meta property=\"og:type\" content=\"article\" \/>\n<meta property=\"og:title\" content=\"Yeni Zelanda Ticari Vize Davetiye Mektubu - MyVize\" \/>\n<meta property=\"og:description\" content=\"Yeni Zelanda Ticari Vize Davetiye Mektubu Nas\u0131l Yaz\u0131l\u0131r? Yeni Zelanda Ticari Vize Davetiye Mektubu \u00d6rne\u011fi 2022. Bizi Aray\u0131n: 0850 346 84 93\" \/>\n<meta property=\"og:url\" content=\"https:\/\/myvize.com.tr\/yenizelanda\/yeni-zelanda-ticari-vize-davetiye-mektubu\/\" \/>\n<meta property=\"og:site_name\" content=\"Yeni Zelanda Vizesi\" \/>\n<meta property=\"article:modified_time\" content=\"2022-01-13T12:06:02+00:00\" \/>\n<meta name=\"twitter:card\" content=\"summary_large_image\" \/>\n<meta name=\"twitter:label1\" content=\"Tahmini okuma s\u00fcresi\" \/>\n\t<meta name=\"twitter:data1\" content=\"1 dakika\" \/>\n<script type=\"application\/ld+json\" class=\"yoast-schema-graph\">{\"@context\":\"https:\/\/schema.org\",\"@graph\":[{\"@type\":\"WebPage\",\"@id\":\"https:\/\/myvize.com.tr\/yenizelanda\/yeni-zelanda-ticari-vize-davetiye-mektubu\/\",\"url\":\"https:\/\/myvize.com.tr\/yenizelanda\/yeni-zelanda-ticari-vize-davetiye-mektubu\/\",\"name\":\"Yeni Zelanda Ticari Vize Davetiye Mektubu - MyVize\",\"isPartOf\":{\"@id\":\"https:\/\/myvize.com.tr\/yenizelanda\/#website\"},\"datePublished\":\"2021-08-18T14:06:18+00:00\",\"dateModified\":\"2022-01-13T12:06:02+00:00\",\"description\":\"Yeni Zelanda Ticari Vize Davetiye Mektubu Nas\u0131l Yaz\u0131l\u0131r? Yeni Zelanda Ticari Vize Davetiye Mektubu \u00d6rne\u011fi 2022. Bizi Aray\u0131n: 0850 346 84 93\",\"breadcrumb\":{\"@id\":\"https:\/\/myvize.com.tr\/yenizelanda\/yeni-zelanda-ticari-vize-davetiye-mektubu\/#breadcrumb\"},\"inLanguage\":\"tr\",\"potentialAction\":[{\"@type\":\"ReadAction\",\"target\":[\"https:\/\/myvize.com.tr\/yenizelanda\/yeni-zelanda-ticari-vize-davetiye-mektubu\/\"]}]},{\"@type\":\"BreadcrumbList\",\"@id\":\"https:\/\/myvize.com.tr\/yenizelanda\/yeni-zelanda-ticari-vize-davetiye-mektubu\/#breadcrumb\",\"itemListElement\":[{\"@type\":\"ListItem\",\"position\":1,\"name\":\"Anasayfa\",\"item\":\"https:\/\/myvize.com.tr\/yenizelanda\/\"},{\"@type\":\"ListItem\",\"position\":2,\"name\":\"Yeni Zelanda Ticari Vize Davetiye Mektubu\"}]},{\"@type\":\"WebSite\",\"@id\":\"https:\/\/myvize.com.tr\/yenizelanda\/#website\",\"url\":\"https:\/\/myvize.com.tr\/yenizelanda\/\",\"name\":\"Yeni Zelanda Vizesi\",\"description\":\"\",\"potentialAction\":[{\"@type\":\"SearchAction\",\"target\":{\"@type\":\"EntryPoint\",\"urlTemplate\":\"https:\/\/myvize.com.tr\/yenizelanda\/?s={search_term_string}\"},\"query-input\":{\"@type\":\"PropertyValueSpecification\",\"valueRequired\":true,\"valueName\":\"search_term_string\"}}],\"inLanguage\":\"tr\"}]}<\/script>\n<!-- \/ Yoast SEO plugin. -->","yoast_head_json":{"title":"Yeni Zelanda Ticari Vize Davetiye Mektubu - MyVize","description":"Yeni Zelanda Ticari Vize Davetiye Mektubu Nas\u0131l Yaz\u0131l\u0131r? Yeni Zelanda Ticari Vize Davetiye Mektubu \u00d6rne\u011fi 2022. Bizi Aray\u0131n: 0850 346 84 93","robots":{"index":"index","follow":"follow","max-snippet":"max-snippet:-1","max-image-preview":"max-image-preview:large","max-video-preview":"max-video-preview:-1"},"canonical":"https:\/\/myvize.com.tr\/yenizelanda\/yeni-zelanda-ticari-vize-davetiye-mektubu\/","og_locale":"tr_TR","og_type":"article","og_title":"Yeni Zelanda Ticari Vize Davetiye Mektubu - MyVize","og_description":"Yeni Zelanda Ticari Vize Davetiye Mektubu Nas\u0131l Yaz\u0131l\u0131r? Yeni Zelanda Ticari Vize Davetiye Mektubu \u00d6rne\u011fi 2022. Bizi Aray\u0131n: 0850 346 84 93","og_url":"https:\/\/myvize.com.tr\/yenizelanda\/yeni-zelanda-ticari-vize-davetiye-mektubu\/","og_site_name":"Yeni Zelanda Vizesi","article_modified_time":"2022-01-13T12:06:02+00:00","twitter_card":"summary_large_image","twitter_misc":{"Tahmini okuma s\u00fcresi":"1 dakika"},"schema":{"@context":"https:\/\/schema.org","@graph":[{"@type":"WebPage","@id":"https:\/\/myvize.com.tr\/yenizelanda\/yeni-zelanda-ticari-vize-davetiye-mektubu\/","url":"https:\/\/myvize.com.tr\/yenizelanda\/yeni-zelanda-ticari-vize-davetiye-mektubu\/","name":"Yeni Zelanda Ticari Vize Davetiye Mektubu - MyVize","isPartOf":{"@id":"https:\/\/myvize.com.tr\/yenizelanda\/#website"},"datePublished":"2021-08-18T14:06:18+00:00","dateModified":"2022-01-13T12:06:02+00:00","description":"Yeni Zelanda Ticari Vize Davetiye Mektubu Nas\u0131l Yaz\u0131l\u0131r? Yeni Zelanda Ticari Vize Davetiye Mektubu \u00d6rne\u011fi 2022. Bizi Aray\u0131n: 0850 346 84 93","breadcrumb":{"@id":"https:\/\/myvize.com.tr\/yenizelanda\/yeni-zelanda-ticari-vize-davetiye-mektubu\/#breadcrumb"},"inLanguage":"tr","potentialAction":[{"@type":"ReadAction","target":["https:\/\/myvize.com.tr\/yenizelanda\/yeni-zelanda-ticari-vize-davetiye-mektubu\/"]}]},{"@type":"BreadcrumbList","@id":"https:\/\/myvize.com.tr\/yenizelanda\/yeni-zelanda-ticari-vize-davetiye-mektubu\/#breadcrumb","itemListElement":[{"@type":"ListItem","position":1,"name":"Anasayfa","item":"https:\/\/myvize.com.tr\/yenizelanda\/"},{"@type":"ListItem","position":2,"name":"Yeni Zelanda Ticari Vize Davetiye Mektubu"}]},{"@type":"WebSite","@id":"https:\/\/myvize.com.tr\/yenizelanda\/#website","url":"https:\/\/myvize.com.tr\/yenizelanda\/","name":"Yeni Zelanda Vizesi","description":"","potentialAction":[{"@type":"SearchAction","target":{"@type":"EntryPoint","urlTemplate":"https:\/\/myvize.com.tr\/yenizelanda\/?s={search_term_string}"},"query-input":{"@type":"PropertyValueSpecification","valueRequired":true,"valueName":"search_term_string"}}],"inLanguage":"tr"}]}},"_links":{"self":[{"href":"https:\/\/myvize.com.tr\/yenizelanda\/wp-json\/wp\/v2\/pages\/354","targetHints":{"allow":["GET"]}}],"collection":[{"href":"https:\/\/myvize.com.tr\/yenizelanda\/wp-json\/wp\/v2\/pages"}],"about":[{"href":"https:\/\/myvize.com.tr\/yenizelanda\/wp-json\/wp\/v2\/types\/page"}],"author":[{"embeddable":true,"href":"https:\/\/myvize.com.tr\/yenizelanda\/wp-json\/wp\/v2\/users\/1"}],"replies":[{"embeddable":true,"href":"https:\/\/myvize.com.tr\/yenizelanda\/wp-json\/wp\/v2\/comments?post=354"}],"version-history":[{"count":3,"href":"https:\/\/myvize.com.tr\/yenizelanda\/wp-json\/wp\/v2\/pages\/354\/revisions"}],"predecessor-version":[{"id":541,"href":"https:\/\/myvize.com.tr\/yenizelanda\/wp-json\/wp\/v2\/pages\/354\/revisions\/541"}],"wp:attachment":[{"href":"https:\/\/myvize.com.tr\/yenizelanda\/wp-json\/wp\/v2\/media?parent=354"}],"curies":[{"name":"wp","href":"https:\/\/api.w.org\/{rel}","templated":true}]}}