{"id":35,"date":"2020-11-30T12:44:42","date_gmt":"2020-11-30T09:44:42","guid":{"rendered":"https:\/\/myvize.com.tr\/yenizelanda\/?page_id=35"},"modified":"2022-05-16T16:36:34","modified_gmt":"2022-05-16T13:36:34","slug":"yenizelanda-ticari-vize","status":"publish","type":"page","link":"https:\/\/myvize.com.tr\/yenizelanda\/vize-islemleri\/yenizelanda-ticari-vize\/","title":{"rendered":"Yeni Zelanda Ticari Vize"},"content":{"rendered":"<h2><span style=\"font-family: Roboto; font-size: 27px;\"><strong>Yeni Zelanda Ticari Vizesi<\/strong><\/span><\/h2>\n<p><span style=\"font-family: Roboto; font-size: 14px;\">D\u00fcnyan\u0131n en g\u00fczel \u00fclkesinden birisi olan <strong>Yeni Zelanda<\/strong>\u2019ya her yerde gitmek isteyen bir\u00e7ok insan var. Bu durum temelinde tabii ki de s\u00f6z konu \u00fclkenin olduk\u00e7a g\u00fczel ve g\u00f6steri\u015fli olmas\u0131 yatmaktad\u0131r. Bu tip bir \u00fclkeyi ziyaret etmeyi istiyorsa bunun \u00e7ok \u00e7e\u015fitli nedeni olabilir. \u00d6rnek olarak turistik faaliyeti i\u00e7in bu \u00fclkeye gidebilirse ve kesinlikle \u00e7ok iyi bir tercih yapt\u0131\u011f\u0131 da s\u00f6ylenebilir. Ancak uzun vade d\u00fc\u015f\u00fcn\u00fcld\u00fc\u011f\u00fcnde Yeni Zelanda\u2019ya gitme ve bu \u00fclkede ticaret yapmak da bir\u00e7ok ki\u015fi i\u00e7in olduk\u00e7a mant\u0131kl\u0131 olacakt\u0131r. Son zamanda d\u00fcnyan\u0131n bir\u00e7ok yerinde bu \u00fclkeye giden ve bu \u00fclkede ticaret yapan ki\u015fi vard\u0131r. E\u011fer sizin de niyeti buysa <strong>Yeni Zelanda Ticari Vize<\/strong> almak i\u00e7in \u00e7aba g\u00f6stermek olduk\u00e7a ak\u0131ll\u0131ca olacakt\u0131r.<\/span><br \/>\n<span style=\"font-family: Roboto; font-size: 14px;\">Yeni Zelanda\u2019dan <strong>ticari vizesi<\/strong> almak isteyen bir\u00e7ok ki\u015fi kar\u015f\u0131la\u015ft\u0131\u011f\u0131 sorunun temelinde evrakla ilgili yapt\u0131\u011f\u0131 hata yat\u0131yor. Genellikle bir\u00e7ok ki\u015fi evrak\u0131 tam anlam\u0131yla do\u011fru \u015fekilde tamamlayamad\u0131klar\u0131 i\u00e7in bu noktada yetkili vize reddi yap\u0131yor ve kullan\u0131c\u0131 bu \u015fekilde ma\u011fdur olabiliyor.<\/span><\/p>\n<p><span style=\"font-family: Roboto; font-size: 14px;\"><span style=\"color: #2acec2;\"><strong><a style=\"color: #2acec2;\" href=\"https:\/\/myvize.com.tr\/yenizelanda\/yeni-zelanda-ticari-vize-davetiye-mektubu\/\">Yeni Zelanda Ticari Vize Davetiye Mektubu<\/a><\/strong><\/span> ile ilgili bilgi almak i\u00e7in bizi aray\u0131n\u0131z.<\/span><\/p>\n<h2><span style=\"font-family: Roboto; font-size: 27px;\"><strong>Yeni Zelanda Ticari Vize Nas\u0131l Al\u0131n\u0131r?<\/strong><\/span><\/h2>\n<p><span style=\"font-family: Roboto; font-size: 14px;\">D\u00fcnyan\u0131n en g\u00fczel \u00fclkelerinden birisi olan Yeni Zelanda\u2019ya her yerden gitmek isteyen bir\u00e7ok ki\u015fi var. Bu durumun temelinde tabi ki de s\u00f6z konusu \u00fclkenin olduk\u00e7a g\u00fczel ve g\u00f6steri\u015fli olmas\u0131 yat\u0131yor. Bu tip bir \u00fclkeyi ziyaret etmek istiyorsan\u0131z bunun \u00e7ok \u00e7e\u015fitli nedenleri olabilir. \u00d6rnek olarak turistik faaliyetler i\u00e7in bu \u00fclkeye gidebilirsiniz ve kesinlikle \u00e7ok iyi bir tercih yapt\u0131\u011f\u0131n\u0131z da s\u00f6ylenebilir. Ancak uzun vadeli d\u00fc\u015f\u00fcn\u00fcld\u00fc\u011f\u00fcnde Yeni Zelanda\u2019ya gitmek ve bu \u00fclkede ticaret yapmakta bir\u00e7ok ki\u015fi i\u00e7in olduk\u00e7a mant\u0131kl\u0131 olacakt\u0131r. Son zamanlarda d\u00fcnyan\u0131n bir\u00e7ok yerinden bu \u00fclkeye giden ve bu \u00fclkede ticaret yapan bir\u00e7ok ki\u015fi var. E\u011fer sizin de niyetiniz buysa <strong>Yeni Zelanda Ticari Vizesi Almak\u00a0<\/strong>i\u00e7in \u00e7aba g\u00f6stermeniz olduk\u00e7a ak\u0131ll\u0131ca olacakt\u0131r.<\/span><\/p>\n<p><img decoding=\"async\" src=\"https:\/\/myvize.com.tr\/yenizelanda\/wp-content\/uploads\/2021\/10\/6.jpg\" \/><\/p>\n<h2><span style=\"font-family: Roboto; font-size: 27px;\"><strong>Yeni Zelanda Ticari Vize Al\u0131rken Dikkat Edilmesi Gerekenler<\/strong><\/span><\/h2>\n<p><span style=\"font-family: Roboto; font-size: 14px;\"><strong>Yeni Zelanda\u2019dan ticari vize<\/strong> almak isteyen bir\u00e7ok ki\u015finin kar\u015f\u0131la\u015ft\u0131\u011f\u0131 sorunlar\u0131n temelinde evraklarla ilgili yapt\u0131klar\u0131 hatalar yat\u0131yor. Genellikle bir\u00e7ok ki\u015fi evraklar\u0131 tam anlam\u0131yla do\u011fru bir \u015fekilde tamamlayamad\u0131\u011f\u0131 i\u00e7in bu noktada yetkililer vize reddi yap\u0131yorlar ve kullan\u0131c\u0131lar bu \u015fekilde ma\u011fdur olabiliyorlar. \u015eimdi burada \u00f6nemli olan iki \u00f6nemli nokta var. Birincisi tabi ki de bu evraklar\u0131 ve evrak doldurma i\u015flemlerini m\u00fcmk\u00fcn oldu\u011funca titiz, dikkatli bir \u015fekilde yapmak. \u0130kincisi ise tecr\u00fcbeli biriyle ileti\u015fim kurmak ve yard\u0131m\u0131n\u0131 istemek. Bazen her \u015feyi do\u011fru yapt\u0131\u011f\u0131n\u0131z\u0131 d\u00fc\u015f\u00fcnebilirsiniz ancak tecr\u00fcbeli birine durumu belirtti\u011finizde hatan\u0131z\u0131 size aktaracakt\u0131r. Bu gibi durumlar i\u00e7in tecr\u00fcbeli ki\u015filerden yard\u0131m istemeyi ihmal etmeyin. Bu ki\u015filere \u00e7e\u015fitli forumlardan ve web sitelerinden ula\u015fman\u0131z m\u00fcmk\u00fcn olabilir.<\/span><\/p>\n<blockquote><p><a href=\"https:\/\/myvize.com.tr\/yenizelanda\/vize-islemleri\/yenizelanda-vize-randevusu\/\" target=\"_blank\" rel=\"noopener\"><span style=\"font-family: Roboto; font-size: 14px; color: #2acec2;\"><strong>Yeni Zelanda Vize Randevusu<\/strong><\/span><\/a><\/p><\/blockquote>\n<h2><span style=\"font-family: Roboto; font-size: 27px;\"><strong>My Vize Arac\u0131l\u0131\u011f\u0131yla Yeni Zelanda Ticari Vize<\/strong><\/span><\/h2>\n<p><span style=\"font-family: Roboto; font-size: 14px;\">My Vize kullanarak b\u00fcy\u00fck bir tecr\u00fcbeden faydalanmak ve Yeni Zelanda\u2019ya planlad\u0131\u011f\u0131n\u0131z s\u00fcreye uygun bir \u015fekilde gitmek sizin i\u00e7in m\u00fcmk\u00fcn olacakt\u0131r. Genellikle yapt\u0131\u011f\u0131n\u0131z hatalar Yeni Zelanda\u2019ya gitmek istedi\u011finiz zaman problem olarak kar\u015f\u0131n\u0131za \u00e7\u0131kabilir. \u00d6rnek olarak evraklar\u0131n\u0131zdaki bir hata size vize verilmesine engel olabilir ve bu durumda planlar\u0131n\u0131z\u0131n istedi\u011finiz \u00f6l\u00e7\u00fcde ger\u00e7ekle\u015fmesini engelleyebilir. My Vize<strong>\u00a0Arac\u0131l\u0131\u011f\u0131yla Yeni Zelanda Vizesi Almak\u00a0<\/strong>konusunda olaya bu \u015fekilde yakla\u015fmak en mant\u0131kl\u0131s\u0131 olacakt\u0131r. Bunun d\u0131\u015f\u0131nda tabi ki de yard\u0131ma ihtiyac\u0131n\u0131z oldu\u011funda size rehberlik etmeleri ve s\u00fcreci \u00e7ok daha stressiz, kolay bir \u015fekilde halletmenizi sa\u011flamalar\u0131 a\u00e7\u0131s\u0131ndan da olduk\u00e7a faydal\u0131 olduklar\u0131 s\u00f6ylenebilir. Bu gibi avantajlar\u0131 d\u00fc\u015f\u00fcn\u00fcld\u00fc\u011f\u00fc zaman My Vize ile \u00e7al\u0131\u015fmak sizler i\u00e7in \u00e7ok mant\u0131kl\u0131 olabilir.<\/span><\/p>\n","protected":false},"excerpt":{"rendered":"<p>Yeni Zelanda Ticari Vizesi D\u00fcnyan\u0131n en g\u00fczel \u00fclkesinden birisi olan Yeni Zelanda\u2019ya her yerde gitmek isteyen bir\u00e7ok insan var. Bu durum temelinde tabii ki de s\u00f6z konu \u00fclkenin olduk\u00e7a g\u00fczel ve g\u00f6steri\u015fli olmas\u0131 yatmaktad\u0131r. Bu tip bir \u00fclkeyi ziyaret etmeyi istiyorsa bunun \u00e7ok \u00e7e\u015fitli nedeni olabilir. \u00d6rnek olarak turistik faaliyeti i\u00e7in bu \u00fclkeye gidebilirse ve<\/p>\n","protected":false},"author":1,"featured_media":0,"parent":18,"menu_order":0,"comment_status":"closed","ping_status":"closed","template":"","meta":{"footnotes":""},"class_list":["post-35","page","type-page","status-publish","hentry"],"yoast_head":"<!-- This site is optimized with the Yoast SEO plugin v24.0 - https:\/\/yoast.com\/wordpress\/plugins\/seo\/ -->\n<title>Yeni Zelanda Ticari Vize - Yeni Zelanda Vizesi - MyVize<\/title>\n<meta name=\"description\" content=\"Yeni Zelanda ticari vizesi evrak listesi. Yeni Zelanda ticari vize randevusu nas\u0131l al\u0131n\u0131r? Vize ile ihtiyac\u0131n\u0131z olan t\u00fcm bilgi bu sayfada.\" \/>\n<meta name=\"robots\" content=\"index, follow, max-snippet:-1, max-image-preview:large, max-video-preview:-1\" \/>\n<link rel=\"canonical\" href=\"https:\/\/myvize.com.tr\/yenizelanda\/vize-islemleri\/yenizelanda-ticari-vize\/\" \/>\n<meta property=\"og:locale\" content=\"tr_TR\" \/>\n<meta property=\"og:type\" content=\"article\" \/>\n<meta property=\"og:title\" content=\"Yeni Zelanda Ticari Vize - Yeni Zelanda Vizesi - MyVize\" \/>\n<meta property=\"og:description\" content=\"Yeni Zelanda ticari vizesi evrak listesi. Yeni Zelanda ticari vize randevusu nas\u0131l al\u0131n\u0131r? Vize ile ihtiyac\u0131n\u0131z olan t\u00fcm bilgi bu sayfada.\" \/>\n<meta property=\"og:url\" content=\"https:\/\/myvize.com.tr\/yenizelanda\/vize-islemleri\/yenizelanda-ticari-vize\/\" \/>\n<meta property=\"og:site_name\" content=\"Yeni Zelanda Vizesi\" \/>\n<meta property=\"article:modified_time\" content=\"2022-05-16T13:36:34+00:00\" \/>\n<meta property=\"og:image\" content=\"https:\/\/myvize.com.tr\/yenizelanda\/wp-content\/uploads\/2021\/10\/6.jpg\" \/>\n<meta name=\"twitter:card\" content=\"summary_large_image\" \/>\n<meta name=\"twitter:label1\" content=\"Tahmini okuma s\u00fcresi\" \/>\n\t<meta name=\"twitter:data1\" content=\"3 dakika\" \/>\n<script type=\"application\/ld+json\" class=\"yoast-schema-graph\">{\"@context\":\"https:\/\/schema.org\",\"@graph\":[{\"@type\":\"WebPage\",\"@id\":\"https:\/\/myvize.com.tr\/yenizelanda\/vize-islemleri\/yenizelanda-ticari-vize\/\",\"url\":\"https:\/\/myvize.com.tr\/yenizelanda\/vize-islemleri\/yenizelanda-ticari-vize\/\",\"name\":\"Yeni Zelanda Ticari Vize - Yeni Zelanda Vizesi - MyVize\",\"isPartOf\":{\"@id\":\"https:\/\/myvize.com.tr\/yenizelanda\/#website\"},\"primaryImageOfPage\":{\"@id\":\"https:\/\/myvize.com.tr\/yenizelanda\/vize-islemleri\/yenizelanda-ticari-vize\/#primaryimage\"},\"image\":{\"@id\":\"https:\/\/myvize.com.tr\/yenizelanda\/vize-islemleri\/yenizelanda-ticari-vize\/#primaryimage\"},\"thumbnailUrl\":\"https:\/\/myvize.com.tr\/yenizelanda\/wp-content\/uploads\/2021\/10\/6.jpg\",\"datePublished\":\"2020-11-30T09:44:42+00:00\",\"dateModified\":\"2022-05-16T13:36:34+00:00\",\"description\":\"Yeni Zelanda ticari vizesi evrak listesi. Yeni Zelanda ticari vize randevusu nas\u0131l al\u0131n\u0131r? Vize ile ihtiyac\u0131n\u0131z olan t\u00fcm bilgi bu sayfada.\",\"breadcrumb\":{\"@id\":\"https:\/\/myvize.com.tr\/yenizelanda\/vize-islemleri\/yenizelanda-ticari-vize\/#breadcrumb\"},\"inLanguage\":\"tr\",\"potentialAction\":[{\"@type\":\"ReadAction\",\"target\":[\"https:\/\/myvize.com.tr\/yenizelanda\/vize-islemleri\/yenizelanda-ticari-vize\/\"]}]},{\"@type\":\"ImageObject\",\"inLanguage\":\"tr\",\"@id\":\"https:\/\/myvize.com.tr\/yenizelanda\/vize-islemleri\/yenizelanda-ticari-vize\/#primaryimage\",\"url\":\"https:\/\/myvize.com.tr\/yenizelanda\/wp-content\/uploads\/2021\/10\/6.jpg\",\"contentUrl\":\"https:\/\/myvize.com.tr\/yenizelanda\/wp-content\/uploads\/2021\/10\/6.jpg\",\"width\":800,\"height\":500,\"caption\":\"Yeni Zelanda Ticari Vize\"},{\"@type\":\"BreadcrumbList\",\"@id\":\"https:\/\/myvize.com.tr\/yenizelanda\/vize-islemleri\/yenizelanda-ticari-vize\/#breadcrumb\",\"itemListElement\":[{\"@type\":\"ListItem\",\"position\":1,\"name\":\"Anasayfa\",\"item\":\"https:\/\/myvize.com.tr\/yenizelanda\/\"},{\"@type\":\"ListItem\",\"position\":2,\"name\":\"V\u0130ZE \u0130\u015eLEMLER\u0130\",\"item\":\"https:\/\/myvize.com.tr\/yenizelanda\/vize-islemleri\/\"},{\"@type\":\"ListItem\",\"position\":3,\"name\":\"Yeni Zelanda Ticari Vize\"}]},{\"@type\":\"WebSite\",\"@id\":\"https:\/\/myvize.com.tr\/yenizelanda\/#website\",\"url\":\"https:\/\/myvize.com.tr\/yenizelanda\/\",\"name\":\"Yeni Zelanda Vizesi\",\"description\":\"\",\"potentialAction\":[{\"@type\":\"SearchAction\",\"target\":{\"@type\":\"EntryPoint\",\"urlTemplate\":\"https:\/\/myvize.com.tr\/yenizelanda\/?s={search_term_string}\"},\"query-input\":{\"@type\":\"PropertyValueSpecification\",\"valueRequired\":true,\"valueName\":\"search_term_string\"}}],\"inLanguage\":\"tr\"}]}<\/script>\n<!-- \/ Yoast SEO plugin. -->","yoast_head_json":{"title":"Yeni Zelanda Ticari Vize - Yeni Zelanda Vizesi - MyVize","description":"Yeni Zelanda ticari vizesi evrak listesi. Yeni Zelanda ticari vize randevusu nas\u0131l al\u0131n\u0131r? Vize ile ihtiyac\u0131n\u0131z olan t\u00fcm bilgi bu sayfada.","robots":{"index":"index","follow":"follow","max-snippet":"max-snippet:-1","max-image-preview":"max-image-preview:large","max-video-preview":"max-video-preview:-1"},"canonical":"https:\/\/myvize.com.tr\/yenizelanda\/vize-islemleri\/yenizelanda-ticari-vize\/","og_locale":"tr_TR","og_type":"article","og_title":"Yeni Zelanda Ticari Vize - Yeni Zelanda Vizesi - MyVize","og_description":"Yeni Zelanda ticari vizesi evrak listesi. Yeni Zelanda ticari vize randevusu nas\u0131l al\u0131n\u0131r? Vize ile ihtiyac\u0131n\u0131z olan t\u00fcm bilgi bu sayfada.","og_url":"https:\/\/myvize.com.tr\/yenizelanda\/vize-islemleri\/yenizelanda-ticari-vize\/","og_site_name":"Yeni Zelanda Vizesi","article_modified_time":"2022-05-16T13:36:34+00:00","og_image":[{"url":"https:\/\/myvize.com.tr\/yenizelanda\/wp-content\/uploads\/2021\/10\/6.jpg","type":"","width":"","height":""}],"twitter_card":"summary_large_image","twitter_misc":{"Tahmini okuma s\u00fcresi":"3 dakika"},"schema":{"@context":"https:\/\/schema.org","@graph":[{"@type":"WebPage","@id":"https:\/\/myvize.com.tr\/yenizelanda\/vize-islemleri\/yenizelanda-ticari-vize\/","url":"https:\/\/myvize.com.tr\/yenizelanda\/vize-islemleri\/yenizelanda-ticari-vize\/","name":"Yeni Zelanda Ticari Vize - Yeni Zelanda Vizesi - MyVize","isPartOf":{"@id":"https:\/\/myvize.com.tr\/yenizelanda\/#website"},"primaryImageOfPage":{"@id":"https:\/\/myvize.com.tr\/yenizelanda\/vize-islemleri\/yenizelanda-ticari-vize\/#primaryimage"},"image":{"@id":"https:\/\/myvize.com.tr\/yenizelanda\/vize-islemleri\/yenizelanda-ticari-vize\/#primaryimage"},"thumbnailUrl":"https:\/\/myvize.com.tr\/yenizelanda\/wp-content\/uploads\/2021\/10\/6.jpg","datePublished":"2020-11-30T09:44:42+00:00","dateModified":"2022-05-16T13:36:34+00:00","description":"Yeni Zelanda ticari vizesi evrak listesi. Yeni Zelanda ticari vize randevusu nas\u0131l al\u0131n\u0131r? Vize ile ihtiyac\u0131n\u0131z olan t\u00fcm bilgi bu sayfada.","breadcrumb":{"@id":"https:\/\/myvize.com.tr\/yenizelanda\/vize-islemleri\/yenizelanda-ticari-vize\/#breadcrumb"},"inLanguage":"tr","potentialAction":[{"@type":"ReadAction","target":["https:\/\/myvize.com.tr\/yenizelanda\/vize-islemleri\/yenizelanda-ticari-vize\/"]}]},{"@type":"ImageObject","inLanguage":"tr","@id":"https:\/\/myvize.com.tr\/yenizelanda\/vize-islemleri\/yenizelanda-ticari-vize\/#primaryimage","url":"https:\/\/myvize.com.tr\/yenizelanda\/wp-content\/uploads\/2021\/10\/6.jpg","contentUrl":"https:\/\/myvize.com.tr\/yenizelanda\/wp-content\/uploads\/2021\/10\/6.jpg","width":800,"height":500,"caption":"Yeni Zelanda Ticari Vize"},{"@type":"BreadcrumbList","@id":"https:\/\/myvize.com.tr\/yenizelanda\/vize-islemleri\/yenizelanda-ticari-vize\/#breadcrumb","itemListElement":[{"@type":"ListItem","position":1,"name":"Anasayfa","item":"https:\/\/myvize.com.tr\/yenizelanda\/"},{"@type":"ListItem","position":2,"name":"V\u0130ZE \u0130\u015eLEMLER\u0130","item":"https:\/\/myvize.com.tr\/yenizelanda\/vize-islemleri\/"},{"@type":"ListItem","position":3,"name":"Yeni Zelanda Ticari Vize"}]},{"@type":"WebSite","@id":"https:\/\/myvize.com.tr\/yenizelanda\/#website","url":"https:\/\/myvize.com.tr\/yenizelanda\/","name":"Yeni Zelanda Vizesi","description":"","potentialAction":[{"@type":"SearchAction","target":{"@type":"EntryPoint","urlTemplate":"https:\/\/myvize.com.tr\/yenizelanda\/?s={search_term_string}"},"query-input":{"@type":"PropertyValueSpecification","valueRequired":true,"valueName":"search_term_string"}}],"inLanguage":"tr"}]}},"_links":{"self":[{"href":"https:\/\/myvize.com.tr\/yenizelanda\/wp-json\/wp\/v2\/pages\/35","targetHints":{"allow":["GET"]}}],"collection":[{"href":"https:\/\/myvize.com.tr\/yenizelanda\/wp-json\/wp\/v2\/pages"}],"about":[{"href":"https:\/\/myvize.com.tr\/yenizelanda\/wp-json\/wp\/v2\/types\/page"}],"author":[{"embeddable":true,"href":"https:\/\/myvize.com.tr\/yenizelanda\/wp-json\/wp\/v2\/users\/1"}],"replies":[{"embeddable":true,"href":"https:\/\/myvize.com.tr\/yenizelanda\/wp-json\/wp\/v2\/comments?post=35"}],"version-history":[{"count":9,"href":"https:\/\/myvize.com.tr\/yenizelanda\/wp-json\/wp\/v2\/pages\/35\/revisions"}],"predecessor-version":[{"id":349,"href":"https:\/\/myvize.com.tr\/yenizelanda\/wp-json\/wp\/v2\/pages\/35\/revisions\/349"}],"up":[{"embeddable":true,"href":"https:\/\/myvize.com.tr\/yenizelanda\/wp-json\/wp\/v2\/pages\/18"}],"wp:attachment":[{"href":"https:\/\/myvize.com.tr\/yenizelanda\/wp-json\/wp\/v2\/media?parent=35"}],"curies":[{"name":"wp","href":"https:\/\/api.w.org\/{rel}","templated":true}]}}