{"id":33,"date":"2020-11-30T12:42:19","date_gmt":"2020-11-30T09:42:19","guid":{"rendered":"https:\/\/myvize.com.tr\/yenizelanda\/?page_id=33"},"modified":"2022-01-13T15:18:49","modified_gmt":"2022-01-13T12:18:49","slug":"yenizelanda-aile-ziyareti-vizesi","status":"publish","type":"page","link":"https:\/\/myvize.com.tr\/yenizelanda\/vize-islemleri\/yenizelanda-aile-ziyareti-vizesi\/","title":{"rendered":"Yeni Zelanda Aile Ziyareti Vizesi"},"content":{"rendered":"<h2><span style=\"font-family: Roboto; font-size: 27px;\"><strong>Yeni Zelanda Aile Ziyareti Vizesi Gerekli Evraklar<\/strong><\/span><\/h2>\n<p><span style=\"font-family: Roboto; font-size: 14px;\"><strong>Yeni Zelanda Konsolosluk<\/strong>, Yeni Zelanda aile, akraba, arkada\u015f ziyareti <strong>vizesi i\u015flem<\/strong> ba\u015fvurusu i\u00e7in gerekli evrak\u0131n sahip olmas\u0131 gerekli \u00f6zellikler.<\/span><br \/>\n<span style=\"font-family: Roboto; font-size: 14px;\">-Pasaport.<\/span><br \/>\n<span style=\"font-family: Roboto; font-size: 14px;\">Yeni Zelanda Konsolosluk, B\u00fcy\u00fckel\u00e7ili\u011fi; Yeni Zelanda aile, akraba, <strong>arkada\u015f ziyaret vize i\u015flem ba\u015fvurular\u0131<\/strong> yap\u0131lan pasaport ge\u00e7erlilik s\u00fcresi, Yeni Zelanda seyahatleri biti\u015f tarihinde sonra en az 6 ay olmas\u0131 dikkat etmektedir.<\/span><br \/>\n<span style=\"font-family: Roboto; font-size: 14px;\">-Biyometrik Foto\u011fraf.<\/span><br \/>\n<span style=\"font-family: Roboto; font-size: 14px;\">-Finansal Durum G\u00f6steren Evrak.<\/span><br \/>\n<span style=\"font-family: Roboto; font-size: 14px;\">-Varsa, T\u00fcrkiye\u2019de ya da Avrupa\u2019daki gayrimenkul belgeleri.<\/span><br \/>\n<span style=\"font-family: Roboto; font-size: 14px;\">&#8211;<strong>Yeni Zelanda Vize Talep Dilek\u00e7esi<\/strong>.<\/span><br \/>\n<span style=\"font-family: Roboto; font-size: 14px;\">Yeni Zelanda\u2019da \u00f6\u011frenci kald\u0131\u011f\u0131 her ay i\u00e7inde en az 1500 Yeni Zelanda Dolar tutar\u0131nda bir bakiye hesap da bulunmal\u0131. Bu hesaba dair banka hesap d\u00f6k\u00fcm fotokopileri. <strong>Yeni Zelanda Konsoloslu\u011fa<\/strong> hitaben, \u00f6\u011frenci velisi taraf\u0131ndan, seyahat sponsoru oldu\u011funa ve akraba derecesi anlatan, seyahat detay\u0131n\u0131 i\u00e7eren, \u0130ngilizce bir dilek\u00e7e yaz\u0131lmal\u0131d\u0131r.<\/span><br \/>\n<span style=\"font-family: Roboto; font-size: 14px;\">Ki\u015fi 18 ya\u015f\u0131nda k\u00fc\u00e7\u00fckse; ebeveyninin pasaport fotokopisi ve ebeveynde al\u0131nm\u0131\u015f \u0130zin Belgesi.<\/span><br \/>\n<span style=\"font-family: Roboto; font-size: 14px;\">-Ula\u015f\u0131m ve Konaklama \u0130li\u015fkin Belge.<\/span><br \/>\n<span style=\"font-family: Roboto; font-size: 14px;\">&#8211; Yeni Zelanda\u2019da otel konaklamas\u0131 ait rezervasyon teyidi ya da seyahat plan\u0131 g\u00f6sterir belgeler.<\/span><br \/>\n<span style=\"font-family: Roboto; font-size: 14px;\">&#8211; Gidi\u015f-d\u00f6n\u00fc\u015f u\u00e7ak bileti rezervasyonu ya da ula\u015f\u0131m araca ili\u015fkin kan\u0131tlay\u0131c\u0131 belge.<\/span><\/p>\n<p><span style=\"font-family: Roboto; font-size: 14px;\"><span style=\"color: #2acec2;\"><strong><a style=\"color: #2acec2;\" href=\"https:\/\/myvize.com.tr\/yenizelanda\/form-ve-dilekce\/vize-islem-takip-belgesi\/\" target=\"_blank\" rel=\"noopener\">Yeni Zelanda Vize \u0130\u015flem Takip Belgesi<\/a><\/strong><\/span> ile ilgili bilgi almak i\u00e7in bizi aray\u0131n\u0131z.<\/span><\/p>\n<p><span style=\"font-family: Roboto; font-size: 14px;\"><img decoding=\"async\" src=\"https:\/\/myvize.com.tr\/yenizelanda\/wp-content\/uploads\/2021\/10\/3.jpg\" \/><\/span><\/p>\n","protected":false},"excerpt":{"rendered":"<p>Yeni Zelanda Aile Ziyareti Vizesi Gerekli Evraklar Yeni Zelanda Konsolosluk, Yeni Zelanda aile, akraba, arkada\u015f ziyareti vizesi i\u015flem ba\u015fvurusu i\u00e7in gerekli evrak\u0131n sahip olmas\u0131 gerekli \u00f6zellikler. -Pasaport. Yeni Zelanda Konsolosluk, B\u00fcy\u00fckel\u00e7ili\u011fi; Yeni Zelanda aile, akraba, arkada\u015f ziyaret vize i\u015flem ba\u015fvurular\u0131 yap\u0131lan pasaport ge\u00e7erlilik s\u00fcresi, Yeni Zelanda seyahatleri biti\u015f tarihinde sonra en az 6 ay olmas\u0131<\/p>\n","protected":false},"author":1,"featured_media":0,"parent":18,"menu_order":0,"comment_status":"closed","ping_status":"closed","template":"","meta":{"footnotes":""},"class_list":["post-33","page","type-page","status-publish","hentry"],"yoast_head":"<!-- This site is optimized with the Yoast SEO plugin v24.0 - https:\/\/yoast.com\/wordpress\/plugins\/seo\/ -->\n<title>Yeni Zelanda Aile Ziyareti Vizesi - Vize \u0130\u015flemi - MyVize<\/title>\n<meta name=\"description\" content=\"Yeni Zelanda aile ziyareti vizesi i\u00e7in gerekli evraklar. Yeni Zelanda aile ziyaret vizesi i\u015flem s\u00fcrecinde dikkat edilmesi gerekenler.\" \/>\n<meta name=\"robots\" content=\"index, follow, max-snippet:-1, max-image-preview:large, max-video-preview:-1\" \/>\n<link rel=\"canonical\" href=\"https:\/\/myvize.com.tr\/yenizelanda\/vize-islemleri\/yenizelanda-aile-ziyareti-vizesi\/\" \/>\n<meta property=\"og:locale\" content=\"tr_TR\" \/>\n<meta property=\"og:type\" content=\"article\" \/>\n<meta property=\"og:title\" content=\"Yeni Zelanda Aile Ziyareti Vizesi - Vize \u0130\u015flemi - MyVize\" \/>\n<meta property=\"og:description\" content=\"Yeni Zelanda aile ziyareti vizesi i\u00e7in gerekli evraklar. Yeni Zelanda aile ziyaret vizesi i\u015flem s\u00fcrecinde dikkat edilmesi gerekenler.\" \/>\n<meta property=\"og:url\" content=\"https:\/\/myvize.com.tr\/yenizelanda\/vize-islemleri\/yenizelanda-aile-ziyareti-vizesi\/\" \/>\n<meta property=\"og:site_name\" content=\"Yeni Zelanda Vizesi\" \/>\n<meta property=\"article:modified_time\" content=\"2022-01-13T12:18:49+00:00\" \/>\n<meta property=\"og:image\" content=\"https:\/\/myvize.com.tr\/yenizelanda\/wp-content\/uploads\/2021\/10\/3.jpg\" \/>\n<meta name=\"twitter:card\" content=\"summary_large_image\" \/>\n<meta name=\"twitter:label1\" content=\"Tahmini okuma s\u00fcresi\" \/>\n\t<meta name=\"twitter:data1\" content=\"1 dakika\" \/>\n<script type=\"application\/ld+json\" class=\"yoast-schema-graph\">{\"@context\":\"https:\/\/schema.org\",\"@graph\":[{\"@type\":\"WebPage\",\"@id\":\"https:\/\/myvize.com.tr\/yenizelanda\/vize-islemleri\/yenizelanda-aile-ziyareti-vizesi\/\",\"url\":\"https:\/\/myvize.com.tr\/yenizelanda\/vize-islemleri\/yenizelanda-aile-ziyareti-vizesi\/\",\"name\":\"Yeni Zelanda Aile Ziyareti Vizesi - Vize \u0130\u015flemi - MyVize\",\"isPartOf\":{\"@id\":\"https:\/\/myvize.com.tr\/yenizelanda\/#website\"},\"primaryImageOfPage\":{\"@id\":\"https:\/\/myvize.com.tr\/yenizelanda\/vize-islemleri\/yenizelanda-aile-ziyareti-vizesi\/#primaryimage\"},\"image\":{\"@id\":\"https:\/\/myvize.com.tr\/yenizelanda\/vize-islemleri\/yenizelanda-aile-ziyareti-vizesi\/#primaryimage\"},\"thumbnailUrl\":\"https:\/\/myvize.com.tr\/yenizelanda\/wp-content\/uploads\/2021\/10\/3.jpg\",\"datePublished\":\"2020-11-30T09:42:19+00:00\",\"dateModified\":\"2022-01-13T12:18:49+00:00\",\"description\":\"Yeni Zelanda aile ziyareti vizesi i\u00e7in gerekli evraklar. Yeni Zelanda aile ziyaret vizesi i\u015flem s\u00fcrecinde dikkat edilmesi gerekenler.\",\"breadcrumb\":{\"@id\":\"https:\/\/myvize.com.tr\/yenizelanda\/vize-islemleri\/yenizelanda-aile-ziyareti-vizesi\/#breadcrumb\"},\"inLanguage\":\"tr\",\"potentialAction\":[{\"@type\":\"ReadAction\",\"target\":[\"https:\/\/myvize.com.tr\/yenizelanda\/vize-islemleri\/yenizelanda-aile-ziyareti-vizesi\/\"]}]},{\"@type\":\"ImageObject\",\"inLanguage\":\"tr\",\"@id\":\"https:\/\/myvize.com.tr\/yenizelanda\/vize-islemleri\/yenizelanda-aile-ziyareti-vizesi\/#primaryimage\",\"url\":\"https:\/\/myvize.com.tr\/yenizelanda\/wp-content\/uploads\/2021\/10\/3.jpg\",\"contentUrl\":\"https:\/\/myvize.com.tr\/yenizelanda\/wp-content\/uploads\/2021\/10\/3.jpg\",\"width\":800,\"height\":500,\"caption\":\"Yeni Zelanda Aile Ziyareti Vizesi\"},{\"@type\":\"BreadcrumbList\",\"@id\":\"https:\/\/myvize.com.tr\/yenizelanda\/vize-islemleri\/yenizelanda-aile-ziyareti-vizesi\/#breadcrumb\",\"itemListElement\":[{\"@type\":\"ListItem\",\"position\":1,\"name\":\"Anasayfa\",\"item\":\"https:\/\/myvize.com.tr\/yenizelanda\/\"},{\"@type\":\"ListItem\",\"position\":2,\"name\":\"V\u0130ZE \u0130\u015eLEMLER\u0130\",\"item\":\"https:\/\/myvize.com.tr\/yenizelanda\/vize-islemleri\/\"},{\"@type\":\"ListItem\",\"position\":3,\"name\":\"Yeni Zelanda Aile Ziyareti Vizesi\"}]},{\"@type\":\"WebSite\",\"@id\":\"https:\/\/myvize.com.tr\/yenizelanda\/#website\",\"url\":\"https:\/\/myvize.com.tr\/yenizelanda\/\",\"name\":\"Yeni Zelanda Vizesi\",\"description\":\"\",\"potentialAction\":[{\"@type\":\"SearchAction\",\"target\":{\"@type\":\"EntryPoint\",\"urlTemplate\":\"https:\/\/myvize.com.tr\/yenizelanda\/?s={search_term_string}\"},\"query-input\":{\"@type\":\"PropertyValueSpecification\",\"valueRequired\":true,\"valueName\":\"search_term_string\"}}],\"inLanguage\":\"tr\"}]}<\/script>\n<!-- \/ Yoast SEO plugin. -->","yoast_head_json":{"title":"Yeni Zelanda Aile Ziyareti Vizesi - Vize \u0130\u015flemi - MyVize","description":"Yeni Zelanda aile ziyareti vizesi i\u00e7in gerekli evraklar. Yeni Zelanda aile ziyaret vizesi i\u015flem s\u00fcrecinde dikkat edilmesi gerekenler.","robots":{"index":"index","follow":"follow","max-snippet":"max-snippet:-1","max-image-preview":"max-image-preview:large","max-video-preview":"max-video-preview:-1"},"canonical":"https:\/\/myvize.com.tr\/yenizelanda\/vize-islemleri\/yenizelanda-aile-ziyareti-vizesi\/","og_locale":"tr_TR","og_type":"article","og_title":"Yeni Zelanda Aile Ziyareti Vizesi - Vize \u0130\u015flemi - MyVize","og_description":"Yeni Zelanda aile ziyareti vizesi i\u00e7in gerekli evraklar. Yeni Zelanda aile ziyaret vizesi i\u015flem s\u00fcrecinde dikkat edilmesi gerekenler.","og_url":"https:\/\/myvize.com.tr\/yenizelanda\/vize-islemleri\/yenizelanda-aile-ziyareti-vizesi\/","og_site_name":"Yeni Zelanda Vizesi","article_modified_time":"2022-01-13T12:18:49+00:00","og_image":[{"url":"https:\/\/myvize.com.tr\/yenizelanda\/wp-content\/uploads\/2021\/10\/3.jpg","type":"","width":"","height":""}],"twitter_card":"summary_large_image","twitter_misc":{"Tahmini okuma s\u00fcresi":"1 dakika"},"schema":{"@context":"https:\/\/schema.org","@graph":[{"@type":"WebPage","@id":"https:\/\/myvize.com.tr\/yenizelanda\/vize-islemleri\/yenizelanda-aile-ziyareti-vizesi\/","url":"https:\/\/myvize.com.tr\/yenizelanda\/vize-islemleri\/yenizelanda-aile-ziyareti-vizesi\/","name":"Yeni Zelanda Aile Ziyareti Vizesi - Vize \u0130\u015flemi - MyVize","isPartOf":{"@id":"https:\/\/myvize.com.tr\/yenizelanda\/#website"},"primaryImageOfPage":{"@id":"https:\/\/myvize.com.tr\/yenizelanda\/vize-islemleri\/yenizelanda-aile-ziyareti-vizesi\/#primaryimage"},"image":{"@id":"https:\/\/myvize.com.tr\/yenizelanda\/vize-islemleri\/yenizelanda-aile-ziyareti-vizesi\/#primaryimage"},"thumbnailUrl":"https:\/\/myvize.com.tr\/yenizelanda\/wp-content\/uploads\/2021\/10\/3.jpg","datePublished":"2020-11-30T09:42:19+00:00","dateModified":"2022-01-13T12:18:49+00:00","description":"Yeni Zelanda aile ziyareti vizesi i\u00e7in gerekli evraklar. Yeni Zelanda aile ziyaret vizesi i\u015flem s\u00fcrecinde dikkat edilmesi gerekenler.","breadcrumb":{"@id":"https:\/\/myvize.com.tr\/yenizelanda\/vize-islemleri\/yenizelanda-aile-ziyareti-vizesi\/#breadcrumb"},"inLanguage":"tr","potentialAction":[{"@type":"ReadAction","target":["https:\/\/myvize.com.tr\/yenizelanda\/vize-islemleri\/yenizelanda-aile-ziyareti-vizesi\/"]}]},{"@type":"ImageObject","inLanguage":"tr","@id":"https:\/\/myvize.com.tr\/yenizelanda\/vize-islemleri\/yenizelanda-aile-ziyareti-vizesi\/#primaryimage","url":"https:\/\/myvize.com.tr\/yenizelanda\/wp-content\/uploads\/2021\/10\/3.jpg","contentUrl":"https:\/\/myvize.com.tr\/yenizelanda\/wp-content\/uploads\/2021\/10\/3.jpg","width":800,"height":500,"caption":"Yeni Zelanda Aile Ziyareti Vizesi"},{"@type":"BreadcrumbList","@id":"https:\/\/myvize.com.tr\/yenizelanda\/vize-islemleri\/yenizelanda-aile-ziyareti-vizesi\/#breadcrumb","itemListElement":[{"@type":"ListItem","position":1,"name":"Anasayfa","item":"https:\/\/myvize.com.tr\/yenizelanda\/"},{"@type":"ListItem","position":2,"name":"V\u0130ZE \u0130\u015eLEMLER\u0130","item":"https:\/\/myvize.com.tr\/yenizelanda\/vize-islemleri\/"},{"@type":"ListItem","position":3,"name":"Yeni Zelanda Aile Ziyareti Vizesi"}]},{"@type":"WebSite","@id":"https:\/\/myvize.com.tr\/yenizelanda\/#website","url":"https:\/\/myvize.com.tr\/yenizelanda\/","name":"Yeni Zelanda Vizesi","description":"","potentialAction":[{"@type":"SearchAction","target":{"@type":"EntryPoint","urlTemplate":"https:\/\/myvize.com.tr\/yenizelanda\/?s={search_term_string}"},"query-input":{"@type":"PropertyValueSpecification","valueRequired":true,"valueName":"search_term_string"}}],"inLanguage":"tr"}]}},"_links":{"self":[{"href":"https:\/\/myvize.com.tr\/yenizelanda\/wp-json\/wp\/v2\/pages\/33","targetHints":{"allow":["GET"]}}],"collection":[{"href":"https:\/\/myvize.com.tr\/yenizelanda\/wp-json\/wp\/v2\/pages"}],"about":[{"href":"https:\/\/myvize.com.tr\/yenizelanda\/wp-json\/wp\/v2\/types\/page"}],"author":[{"embeddable":true,"href":"https:\/\/myvize.com.tr\/yenizelanda\/wp-json\/wp\/v2\/users\/1"}],"replies":[{"embeddable":true,"href":"https:\/\/myvize.com.tr\/yenizelanda\/wp-json\/wp\/v2\/comments?post=33"}],"version-history":[{"count":6,"href":"https:\/\/myvize.com.tr\/yenizelanda\/wp-json\/wp\/v2\/pages\/33\/revisions"}],"predecessor-version":[{"id":463,"href":"https:\/\/myvize.com.tr\/yenizelanda\/wp-json\/wp\/v2\/pages\/33\/revisions\/463"}],"up":[{"embeddable":true,"href":"https:\/\/myvize.com.tr\/yenizelanda\/wp-json\/wp\/v2\/pages\/18"}],"wp:attachment":[{"href":"https:\/\/myvize.com.tr\/yenizelanda\/wp-json\/wp\/v2\/media?parent=33"}],"curies":[{"name":"wp","href":"https:\/\/api.w.org\/{rel}","templated":true}]}}