{"id":309,"date":"2021-06-28T12:00:00","date_gmt":"2021-06-28T09:00:00","guid":{"rendered":"https:\/\/myvize.com.tr\/yenizelanda\/?page_id=309"},"modified":"2022-05-16T16:46:14","modified_gmt":"2022-05-16T13:46:14","slug":"yeni-zelanda-transit-vize","status":"publish","type":"page","link":"https:\/\/myvize.com.tr\/yenizelanda\/vize-islemleri\/yeni-zelanda-transit-vize\/","title":{"rendered":"Yeni Zelanda Transit Vize"},"content":{"rendered":"<p><span style=\"font-family: Roboto;\"><\/span><\/p>\r\n<p><span style=\"font-family: Roboto; font-size: 14px;\">Aktarmal\u0131 u\u00e7u\u015flarda e\u011fer Yeni Zelanda\u2019ya gidilecekse ve bu \u00fclkede 24 saatten daha az s\u00fcre kal\u0131nacaksa bu durumda Yeni Zelanda, vatanda\u015flardan\u00a0<strong>Yeni Zelanda transit vize<\/strong>\u00a0talebinde bulunur. Bu \u00fclkede kalmay\u0131 d\u00fc\u015f\u00fcnmeyenler <strong>Yeni Zelanda transit vize<\/strong> ile bu \u00fclkeye rahat\u00e7a giri\u015f ve \u00e7\u0131k\u0131\u015f yapabilirler.<\/span><\/p>\r\n<h2><span style=\"font-family: Roboto; font-size: 27px;\"><strong>Yeni Zelanda Transit Vize \u0130stiyor Mu?<\/strong><\/span><\/h2>\r\n<p><span style=\"font-family: Roboto; font-size: 14px;\">Yeni Zelanda\u2019ya seyahat edecek vatanda\u015f\u0131m\u0131z\u0131n kendisine en yak\u0131n Yeni Zelanda temsilcili\u011finde vize almas\u0131 gerekmektedir. Seyahat Avustralya \u00fczerinde ger\u00e7ekle\u015ftirilecekse, <strong>transit ge\u00e7i\u015f<\/strong> i\u00e7in Avustralya vize al\u0131nmas\u0131 gerekti\u011fi unutulmamal\u0131.<\/span><br \/><span style=\"font-family: Roboto; font-size: 14px;\"><span style=\"color: #2acec2;\"><strong><a style=\"color: #2acec2;\" href=\"https:\/\/myvize.com.tr\/yenizelanda\/vize-islemleri\/yenizelanda-vizesi\/\" target=\"_blank\" rel=\"noopener\">Yeni Zelanda vizesi<\/a><\/strong><\/span> alacak olan ki\u015fi uygun bir pasaport sahip olmak zorunda. Pasaportu \u00e7ok eski olan bu belgeyi yenilemek durumundad\u0131r. Bununla beraber ba\u015fvuru formunu mutlaka belirtilen kritere uygun bir \u015fekilde doldurulmak da son derece \u00f6nemlidir.<\/span><br \/><span style=\"font-family: Roboto; font-size: 14px;\"><strong>Yeni Zelanda vize<\/strong> alacak olan ki\u015finin dikkat etmesi gereken son derece \u00f6nemli detay bulunmaktad\u0131r. Bu detay\u0131n i\u00e7inde ilk olarak pasaportun g\u00fcncel olmas\u0131 ve ba\u015fvuru formu vize t\u00fcr\u00fcne uygun doldurulmu\u015f olmas\u0131 gerekmekte. Vize merkezleri sizlere bu konuda en iyi \u015fekilde hizmetler veriyor ve bu s\u00fcreci daha kolay bir bi\u00e7imde atman\u0131za yard\u0131mc\u0131 oluyor. <strong>Yeni Zelanda vize i\u015flemi<\/strong> s\u0131ras\u0131nda \u00f6denmesi gereken \u00fccret konusunda da firmalardan bilgi alabilmeniz m\u00fcmk\u00fcn olmakta. Yeni Zelanda\u2019ya seyahat edecek vatanda\u015f\u0131m\u0131z\u0131n kendisine en yak\u0131n Yeni Zelanda temsilcili\u011finde vize almas\u0131 gerekmektedir. Transit ge\u00e7i\u015fler yapan ki\u015filer gerekli prosed\u00fcrleri yerine getirmekle y\u00fck\u00fcml\u00fcd\u00fcr ve getirmelidir.<\/span><\/p>\r\n<p><span style=\"font-family: Roboto; font-size: 14px;\"><span style=\"color: #2acec2;\"><strong><a style=\"color: #2acec2;\" href=\"https:\/\/myvize.com.tr\/yenizelanda\/vize-islemleri\/yenizelanda-turistik-vize\/\" target=\"_blank\" rel=\"noopener\">Yeni Zelanda Turistik Vize<\/a><\/strong><\/span> ile ilgili bilgi almak i\u00e7in bizi aray\u0131n\u0131z.<\/span><\/p>\r\n<p><span style=\"font-family: Roboto; font-size: 14px;\">\r\n\r\n<\/span><\/p>\r\n<h2><span style=\"font-family: Roboto; font-size: 27px;\"><strong>Yeni Zelanda Transit Vize Muafiyet Durumlar\u0131<\/strong><\/span><\/h2>\r\n<p><span style=\"font-family: Roboto; font-size: 14px;\">\r\n\r\n<\/span><\/p>\r\n<p><span style=\"font-family: Roboto; font-size: 14px;\"><strong>Yeni Zelanda transit vize<\/strong>\u00a0almadan \u00fclkeye giri\u015f yapabilmek i\u00e7in ya Yeni Zelanda vatanda\u015f\u0131 olmak ya da bu \u00fclkede kal\u0131c\u0131 olarak oturum iznine sahip olmak gerekir.\u00a0 Bununla birlikte ge\u00e7erli seyahat ko\u015fullar\u0131 bulunan bir Yeni Zelanda vizesine sahip olan vatanda\u015flar da Yeni Zelanda transit vize \u00e7\u0131kartmadan bu \u00fclkeye giri\u015f yapabilir. Avusturalya vatanda\u015f\u0131 olanlar i\u00e7in de bu \u00fclkeye transit vize olmadan giri\u015fler serbesttir. Bu durumlar haricinde kalan vatanda\u015flar 24 saatten az giri\u015f \u00e7\u0131k\u0131\u015flar i\u00e7in Yeni Zelanda transit vize sahibi olmak zorundad\u0131r.<\/span><\/p>\r\n<p><span style=\"font-family: Roboto; font-size: 14px;\"> <img decoding=\"async\" src=\"https:\/\/myvize.com.tr\/yenizelanda\/wp-content\/uploads\/2021\/10\/18.jpg\" \/> <\/span><\/p>\r\n<h2><span style=\"font-family: Roboto; font-size: 27px;\"><strong>Yeni Zelanda Transit Vize Ba\u015fvuru Evraklar\u0131 Nelerdir?<\/strong><\/span><\/h2>\r\n<p><span style=\"font-family: Roboto; font-size: 14px;\">\r\n\r\n<\/span><\/p>\r\n<p><span style=\"font-family: Roboto; font-size: 14px;\"><strong>Yeni Zelanda transit vize\u00a0<\/strong>ba\u015fvuru esnas\u0131nda haz\u0131r bulundurulmas\u0131 gereken evraklar \u015f\u00f6yledir;<\/span><\/p>\r\n<p><span style=\"font-family: Roboto; font-size: 14px;\">\r\n\r\n<\/span><\/p>\r\n<ul class=\"wp-block-list\">\r\n<li><span style=\"font-family: Roboto; font-size: 14px;\">Eksiksiz doldurulan Yeni Zelanda transit vize formu<\/span><\/li>\r\n<li><span style=\"font-family: Roboto; font-size: 14px;\">6 ayl\u0131k biyometrik foto\u011fraf, pasaport asl\u0131 ve fotokopisi<\/span><\/li>\r\n<li><span style=\"font-family: Roboto; font-size: 14px;\">Onaylanm\u0131\u015f detayl\u0131 bir seyahat \u00e7izelgesi<\/span><\/li>\r\n<li><span style=\"font-family: Roboto; font-size: 14px;\">\u015eahsi ve finansal di\u011fer d\u00f6k\u00fcmler<\/span><\/li>\r\n<li><span style=\"font-family: Roboto; font-size: 14px;\">Gidilecek as\u0131l \u00fclkeye ait ge\u00e7erlili\u011fi bulunan vize g\u00f6r\u00fcnt\u00fcs\u00fc<\/span><\/li>\r\n<li><span style=\"font-family: Roboto; font-size: 14px;\">Gidilecek \u00fclkeye ait u\u00e7ak ve konaklama bilgileri<\/span><\/li>\r\n<\/ul>\r\n<p><span style=\"font-family: Roboto; font-size: 14px;\">\r\n\r\n<\/span><\/p>\r\n<p><span style=\"font-family: Roboto; font-size: 14px;\">Vatanda\u015flar evraklar\u0131n haz\u0131rlanmas\u0131n\u0131n ard\u0131ndan konsolosluk ya da b\u00fcy\u00fckel\u00e7ilik vas\u0131tas\u0131 ile ba\u015fvurusunu ger\u00e7ekle\u015ftirece\u011fi gibi, turizm seyahat acenteleri ile ileti\u015fime ge\u00e7erek de bu s\u00fcreci rahat tamamlayabilir. Resmi olarak vize i\u015flemi y\u00fcr\u00fcten acenteler vatanda\u015flara vize s\u00fcrecinde gerekli olacak b\u00fct\u00fcn hizmeti sa\u011flamaktad\u0131r.<\/span><\/p>\r\n<p><span style=\"font-family: Roboto;\"><\/span><\/p>","protected":false},"excerpt":{"rendered":"<p>Aktarmal\u0131 u\u00e7u\u015flarda e\u011fer Yeni Zelanda\u2019ya gidilecekse ve bu \u00fclkede 24 saatten daha az s\u00fcre kal\u0131nacaksa bu durumda Yeni Zelanda, vatanda\u015flardan\u00a0Yeni Zelanda transit vize\u00a0talebinde bulunur. Bu \u00fclkede kalmay\u0131 d\u00fc\u015f\u00fcnmeyenler Yeni Zelanda transit vize ile bu \u00fclkeye rahat\u00e7a giri\u015f ve \u00e7\u0131k\u0131\u015f yapabilirler. Yeni Zelanda Transit Vize \u0130stiyor Mu? Yeni Zelanda\u2019ya seyahat edecek vatanda\u015f\u0131m\u0131z\u0131n kendisine en yak\u0131n Yeni<\/p>\n","protected":false},"author":1,"featured_media":0,"parent":18,"menu_order":0,"comment_status":"closed","ping_status":"closed","template":"","meta":{"footnotes":""},"class_list":["post-309","page","type-page","status-publish","hentry"],"yoast_head":"<!-- This site is optimized with the Yoast SEO plugin v24.0 - https:\/\/yoast.com\/wordpress\/plugins\/seo\/ -->\n<title>Yeni Zelanda Transit Vize - Yeni Zelanda Vizesi - MyVize<\/title>\n<meta name=\"description\" content=\"Yeni Zelanda transit vizesi gerekli evraklar\u0131. Yeni Zelanda transit vize ba\u015fvuru i\u015flemleri. Yeni Zelanda transit vize s\u00fcresi ka\u00e7 g\u00fcnde \u00e7\u0131kar?\" \/>\n<meta name=\"robots\" content=\"index, follow, max-snippet:-1, max-image-preview:large, max-video-preview:-1\" \/>\n<link rel=\"canonical\" href=\"https:\/\/myvize.com.tr\/yenizelanda\/vize-islemleri\/yeni-zelanda-transit-vize\/\" \/>\n<meta property=\"og:locale\" content=\"tr_TR\" \/>\n<meta property=\"og:type\" content=\"article\" \/>\n<meta property=\"og:title\" content=\"Yeni Zelanda Transit Vize - Yeni Zelanda Vizesi - MyVize\" \/>\n<meta property=\"og:description\" content=\"Yeni Zelanda transit vizesi gerekli evraklar\u0131. Yeni Zelanda transit vize ba\u015fvuru i\u015flemleri. Yeni Zelanda transit vize s\u00fcresi ka\u00e7 g\u00fcnde \u00e7\u0131kar?\" \/>\n<meta property=\"og:url\" content=\"https:\/\/myvize.com.tr\/yenizelanda\/vize-islemleri\/yeni-zelanda-transit-vize\/\" \/>\n<meta property=\"og:site_name\" content=\"Yeni Zelanda Vizesi\" \/>\n<meta property=\"article:modified_time\" content=\"2022-05-16T13:46:14+00:00\" \/>\n<meta property=\"og:image\" content=\"https:\/\/myvize.com.tr\/yenizelanda\/wp-content\/uploads\/2021\/10\/18.jpg\" \/>\n<meta name=\"twitter:card\" content=\"summary_large_image\" \/>\n<meta name=\"twitter:label1\" content=\"Tahmini okuma s\u00fcresi\" \/>\n\t<meta name=\"twitter:data1\" content=\"2 dakika\" \/>\n<script type=\"application\/ld+json\" class=\"yoast-schema-graph\">{\"@context\":\"https:\/\/schema.org\",\"@graph\":[{\"@type\":\"WebPage\",\"@id\":\"https:\/\/myvize.com.tr\/yenizelanda\/vize-islemleri\/yeni-zelanda-transit-vize\/\",\"url\":\"https:\/\/myvize.com.tr\/yenizelanda\/vize-islemleri\/yeni-zelanda-transit-vize\/\",\"name\":\"Yeni Zelanda Transit Vize - Yeni Zelanda Vizesi - MyVize\",\"isPartOf\":{\"@id\":\"https:\/\/myvize.com.tr\/yenizelanda\/#website\"},\"primaryImageOfPage\":{\"@id\":\"https:\/\/myvize.com.tr\/yenizelanda\/vize-islemleri\/yeni-zelanda-transit-vize\/#primaryimage\"},\"image\":{\"@id\":\"https:\/\/myvize.com.tr\/yenizelanda\/vize-islemleri\/yeni-zelanda-transit-vize\/#primaryimage\"},\"thumbnailUrl\":\"https:\/\/myvize.com.tr\/yenizelanda\/wp-content\/uploads\/2021\/10\/18.jpg\",\"datePublished\":\"2021-06-28T09:00:00+00:00\",\"dateModified\":\"2022-05-16T13:46:14+00:00\",\"description\":\"Yeni Zelanda transit vizesi gerekli evraklar\u0131. Yeni Zelanda transit vize ba\u015fvuru i\u015flemleri. Yeni Zelanda transit vize s\u00fcresi ka\u00e7 g\u00fcnde \u00e7\u0131kar?\",\"breadcrumb\":{\"@id\":\"https:\/\/myvize.com.tr\/yenizelanda\/vize-islemleri\/yeni-zelanda-transit-vize\/#breadcrumb\"},\"inLanguage\":\"tr\",\"potentialAction\":[{\"@type\":\"ReadAction\",\"target\":[\"https:\/\/myvize.com.tr\/yenizelanda\/vize-islemleri\/yeni-zelanda-transit-vize\/\"]}]},{\"@type\":\"ImageObject\",\"inLanguage\":\"tr\",\"@id\":\"https:\/\/myvize.com.tr\/yenizelanda\/vize-islemleri\/yeni-zelanda-transit-vize\/#primaryimage\",\"url\":\"https:\/\/myvize.com.tr\/yenizelanda\/wp-content\/uploads\/2021\/10\/18.jpg\",\"contentUrl\":\"https:\/\/myvize.com.tr\/yenizelanda\/wp-content\/uploads\/2021\/10\/18.jpg\",\"width\":800,\"height\":500,\"caption\":\"Yeni Zelanda Transit Vize\"},{\"@type\":\"BreadcrumbList\",\"@id\":\"https:\/\/myvize.com.tr\/yenizelanda\/vize-islemleri\/yeni-zelanda-transit-vize\/#breadcrumb\",\"itemListElement\":[{\"@type\":\"ListItem\",\"position\":1,\"name\":\"Anasayfa\",\"item\":\"https:\/\/myvize.com.tr\/yenizelanda\/\"},{\"@type\":\"ListItem\",\"position\":2,\"name\":\"V\u0130ZE \u0130\u015eLEMLER\u0130\",\"item\":\"https:\/\/myvize.com.tr\/yenizelanda\/vize-islemleri\/\"},{\"@type\":\"ListItem\",\"position\":3,\"name\":\"Yeni Zelanda Transit Vize\"}]},{\"@type\":\"WebSite\",\"@id\":\"https:\/\/myvize.com.tr\/yenizelanda\/#website\",\"url\":\"https:\/\/myvize.com.tr\/yenizelanda\/\",\"name\":\"Yeni Zelanda Vizesi\",\"description\":\"\",\"potentialAction\":[{\"@type\":\"SearchAction\",\"target\":{\"@type\":\"EntryPoint\",\"urlTemplate\":\"https:\/\/myvize.com.tr\/yenizelanda\/?s={search_term_string}\"},\"query-input\":{\"@type\":\"PropertyValueSpecification\",\"valueRequired\":true,\"valueName\":\"search_term_string\"}}],\"inLanguage\":\"tr\"}]}<\/script>\n<!-- \/ Yoast SEO plugin. -->","yoast_head_json":{"title":"Yeni Zelanda Transit Vize - Yeni Zelanda Vizesi - MyVize","description":"Yeni Zelanda transit vizesi gerekli evraklar\u0131. Yeni Zelanda transit vize ba\u015fvuru i\u015flemleri. Yeni Zelanda transit vize s\u00fcresi ka\u00e7 g\u00fcnde \u00e7\u0131kar?","robots":{"index":"index","follow":"follow","max-snippet":"max-snippet:-1","max-image-preview":"max-image-preview:large","max-video-preview":"max-video-preview:-1"},"canonical":"https:\/\/myvize.com.tr\/yenizelanda\/vize-islemleri\/yeni-zelanda-transit-vize\/","og_locale":"tr_TR","og_type":"article","og_title":"Yeni Zelanda Transit Vize - Yeni Zelanda Vizesi - MyVize","og_description":"Yeni Zelanda transit vizesi gerekli evraklar\u0131. Yeni Zelanda transit vize ba\u015fvuru i\u015flemleri. Yeni Zelanda transit vize s\u00fcresi ka\u00e7 g\u00fcnde \u00e7\u0131kar?","og_url":"https:\/\/myvize.com.tr\/yenizelanda\/vize-islemleri\/yeni-zelanda-transit-vize\/","og_site_name":"Yeni Zelanda Vizesi","article_modified_time":"2022-05-16T13:46:14+00:00","og_image":[{"url":"https:\/\/myvize.com.tr\/yenizelanda\/wp-content\/uploads\/2021\/10\/18.jpg","type":"","width":"","height":""}],"twitter_card":"summary_large_image","twitter_misc":{"Tahmini okuma s\u00fcresi":"2 dakika"},"schema":{"@context":"https:\/\/schema.org","@graph":[{"@type":"WebPage","@id":"https:\/\/myvize.com.tr\/yenizelanda\/vize-islemleri\/yeni-zelanda-transit-vize\/","url":"https:\/\/myvize.com.tr\/yenizelanda\/vize-islemleri\/yeni-zelanda-transit-vize\/","name":"Yeni Zelanda Transit Vize - Yeni Zelanda Vizesi - MyVize","isPartOf":{"@id":"https:\/\/myvize.com.tr\/yenizelanda\/#website"},"primaryImageOfPage":{"@id":"https:\/\/myvize.com.tr\/yenizelanda\/vize-islemleri\/yeni-zelanda-transit-vize\/#primaryimage"},"image":{"@id":"https:\/\/myvize.com.tr\/yenizelanda\/vize-islemleri\/yeni-zelanda-transit-vize\/#primaryimage"},"thumbnailUrl":"https:\/\/myvize.com.tr\/yenizelanda\/wp-content\/uploads\/2021\/10\/18.jpg","datePublished":"2021-06-28T09:00:00+00:00","dateModified":"2022-05-16T13:46:14+00:00","description":"Yeni Zelanda transit vizesi gerekli evraklar\u0131. Yeni Zelanda transit vize ba\u015fvuru i\u015flemleri. Yeni Zelanda transit vize s\u00fcresi ka\u00e7 g\u00fcnde \u00e7\u0131kar?","breadcrumb":{"@id":"https:\/\/myvize.com.tr\/yenizelanda\/vize-islemleri\/yeni-zelanda-transit-vize\/#breadcrumb"},"inLanguage":"tr","potentialAction":[{"@type":"ReadAction","target":["https:\/\/myvize.com.tr\/yenizelanda\/vize-islemleri\/yeni-zelanda-transit-vize\/"]}]},{"@type":"ImageObject","inLanguage":"tr","@id":"https:\/\/myvize.com.tr\/yenizelanda\/vize-islemleri\/yeni-zelanda-transit-vize\/#primaryimage","url":"https:\/\/myvize.com.tr\/yenizelanda\/wp-content\/uploads\/2021\/10\/18.jpg","contentUrl":"https:\/\/myvize.com.tr\/yenizelanda\/wp-content\/uploads\/2021\/10\/18.jpg","width":800,"height":500,"caption":"Yeni Zelanda Transit Vize"},{"@type":"BreadcrumbList","@id":"https:\/\/myvize.com.tr\/yenizelanda\/vize-islemleri\/yeni-zelanda-transit-vize\/#breadcrumb","itemListElement":[{"@type":"ListItem","position":1,"name":"Anasayfa","item":"https:\/\/myvize.com.tr\/yenizelanda\/"},{"@type":"ListItem","position":2,"name":"V\u0130ZE \u0130\u015eLEMLER\u0130","item":"https:\/\/myvize.com.tr\/yenizelanda\/vize-islemleri\/"},{"@type":"ListItem","position":3,"name":"Yeni Zelanda Transit Vize"}]},{"@type":"WebSite","@id":"https:\/\/myvize.com.tr\/yenizelanda\/#website","url":"https:\/\/myvize.com.tr\/yenizelanda\/","name":"Yeni Zelanda Vizesi","description":"","potentialAction":[{"@type":"SearchAction","target":{"@type":"EntryPoint","urlTemplate":"https:\/\/myvize.com.tr\/yenizelanda\/?s={search_term_string}"},"query-input":{"@type":"PropertyValueSpecification","valueRequired":true,"valueName":"search_term_string"}}],"inLanguage":"tr"}]}},"_links":{"self":[{"href":"https:\/\/myvize.com.tr\/yenizelanda\/wp-json\/wp\/v2\/pages\/309","targetHints":{"allow":["GET"]}}],"collection":[{"href":"https:\/\/myvize.com.tr\/yenizelanda\/wp-json\/wp\/v2\/pages"}],"about":[{"href":"https:\/\/myvize.com.tr\/yenizelanda\/wp-json\/wp\/v2\/types\/page"}],"author":[{"embeddable":true,"href":"https:\/\/myvize.com.tr\/yenizelanda\/wp-json\/wp\/v2\/users\/1"}],"replies":[{"embeddable":true,"href":"https:\/\/myvize.com.tr\/yenizelanda\/wp-json\/wp\/v2\/comments?post=309"}],"version-history":[{"count":6,"href":"https:\/\/myvize.com.tr\/yenizelanda\/wp-json\/wp\/v2\/pages\/309\/revisions"}],"predecessor-version":[{"id":620,"href":"https:\/\/myvize.com.tr\/yenizelanda\/wp-json\/wp\/v2\/pages\/309\/revisions\/620"}],"up":[{"embeddable":true,"href":"https:\/\/myvize.com.tr\/yenizelanda\/wp-json\/wp\/v2\/pages\/18"}],"wp:attachment":[{"href":"https:\/\/myvize.com.tr\/yenizelanda\/wp-json\/wp\/v2\/media?parent=309"}],"curies":[{"name":"wp","href":"https:\/\/api.w.org\/{rel}","templated":true}]}}