{"id":289,"date":"2021-03-31T21:24:22","date_gmt":"2021-03-31T18:24:22","guid":{"rendered":"https:\/\/myvize.com.tr\/yenizelanda\/?page_id=289"},"modified":"2022-05-16T16:42:52","modified_gmt":"2022-05-16T13:42:52","slug":"yeni-zelanda-vize-ucreti","status":"publish","type":"page","link":"https:\/\/myvize.com.tr\/yenizelanda\/yeni-zelanda-vize-ucreti\/","title":{"rendered":"Yeni Zelanda Vize \u00dccreti"},"content":{"rendered":"<p><span style=\"font-family: Roboto;\"><\/span><\/p>\r\n<p><span style=\"font-family: Roboto; font-size: 14px;\"><strong>Yeni Zelanda vize \u00fccretleri<\/strong> hakk\u0131nda ki\u015filer bilgi sahibi olmadan <strong>vize i\u015flemlerine<\/strong> ba\u015flamal\u0131d\u0131rlar. Vize \u00fccretleri konusunda profesyonel olarak hareket eden ki\u015filerin dikkat etmesi gereken hususlardan birisi de bu \u00fccretlerin g\u00fcncel olmas\u0131 gerekti\u011fidir.<strong> Yeni Zelanda B\u00fcy\u00fckel\u00e7ili\u011fi<\/strong> taraf\u0131ndan her sene yenilenen vize \u00fccretlerinin uygun \u015fartlarda yat\u0131r\u0131lmas\u0131 en \u00f6nemli kriterler aras\u0131ndad\u0131r. Bir i\u015flem yapt\u0131rmadan \u00f6nce dikkat etmeniz gereken bir di\u011fer husus ise vize \u00fccretlerinin izin yetkilendirilmi\u015f bankalara yap\u0131lmas\u0131 gerekti\u011fidir.<\/span><\/p>\r\n<p><span style=\"font-family: Roboto; font-size: 14px;\">\r\n\r\n<\/span><\/p>\r\n<p><span style=\"font-family: Roboto; font-size: 14px;\">\r\n\r\n<\/span><\/p>\r\n<h2><span style=\"font-family: Roboto; font-size: 27px;\"><strong>Yeni Zelanda Vize \u00dccreti Hakk\u0131nda<\/strong><\/span><\/h2>\r\n<p><span style=\"font-family: Roboto; font-size: 14px;\">Yeni Zelanda\u2019ya seyahat edecek olan T\u00fcrk vatanda\u015flar\u0131 Yeni Zelanda <strong>vize ba\u015fvurusu<\/strong> s\u0131ras\u0131nda Yeni Zelanda <strong>vize \u00fccreti<\/strong> \u00f6demesi gerekmektedir. A\u015fa\u011f\u0131da Yeni Zelanda vize \u00fccreti verilmi\u015ftir.<\/span><\/p>\r\n<p><span style=\"font-family: Roboto; font-size: 14px;\">Yeni Zelanda\u2019ya seyahat edecek olan T\u00fcrk vatanda\u015flar\u0131 Yeni Zelanda seyahatleri \u00f6ncesinde vize ba\u015fvurusu s\u0131ras\u0131nda Yeni Zelanda vize \u00fccreti yat\u0131rmal\u0131d\u0131r. <strong>Yeni Zelanda vize ba\u015fvurusu<\/strong> reddedilen T\u00fcrk vatanda\u015flar\u0131 Yeni Zelanda vize ba\u015fvurusu i\u00e7in \u00f6demi\u015f oldu\u011fu vize \u00fccreti geri \u00f6denmemektedir. Bunun i\u00e7in vize ba\u015fvurular\u0131n\u0131z\u0131 \u00e7ok dikkatli yapman\u0131z gerekmektedir. Yeni Zelanda vize ba\u015fvurusunda bulunacak olan ki\u015filer grup halinde ba\u015fvuruda bulunacaksa herkes i\u00e7in ayr\u0131 ayr\u0131 vize \u00fccreti yat\u0131rmal\u0131d\u0131r.<\/span><\/p>\r\n<p><span style=\"font-family: Roboto; font-size: 14px;\">Yeni Zelanda vize \u00fccretleri vize t\u00fcr\u00fcne g\u00f6re, giri\u015f say\u0131s\u0131na g\u00f6re ve vize s\u00fcresine g\u00f6re farkl\u0131l\u0131k g\u00f6stermektedir.<\/span><\/p>\r\n<p><span style=\"font-family: Roboto; font-size: 16px;\"><strong>Yeni Zelanda vize \u00fccreti;<\/strong><\/span><\/p>\r\n<table cellspacing=\"0\">\r\n<tbody>\r\n<tr>\r\n<td>\r\n<p><span style=\"font-family: Roboto; font-size: 14px;\"><strong>Yeni Zelanda Vize T\u00fcr\u00fc<\/strong><\/span><\/p>\r\n<\/td>\r\n<td>\r\n<p><span style=\"font-family: Roboto; font-size: 14px;\"><strong>Giri\u015f Say\u0131s\u0131<\/strong><\/span><\/p>\r\n<\/td>\r\n<td>\r\n<p><span style=\"font-family: Roboto; font-size: 14px;\"><strong>Yeni Zelanda Vize \u00dccreti<\/strong><\/span><\/p>\r\n<\/td>\r\n<\/tr>\r\n<tr>\r\n<td>\r\n<p><span style=\"font-family: Roboto; font-size: 14px;\">Yeni Zelanda Turistik Vizesi<\/span><\/p>\r\n<\/td>\r\n<td>\r\n<p><span style=\"font-family: Roboto; font-size: 14px;\">Tek Giri\u015f<\/span><\/p>\r\n<\/td>\r\n<td>\r\n<p><span style=\"font-family: Roboto; font-size: 14px;\">130 USD<\/span><\/p>\r\n<\/td>\r\n<\/tr>\r\n<tr>\r\n<td>\r\n<p><span style=\"font-family: Roboto; font-size: 14px;\">Yeni Zelanda Turistik Vizesi<\/span><\/p>\r\n<\/td>\r\n<td>\r\n<p><span style=\"font-family: Roboto; font-size: 14px;\">\u00c7oklu Giri\u015f<\/span><\/p>\r\n<\/td>\r\n<td>\r\n<p><span style=\"font-family: Roboto; font-size: 14px;\">150 USD<\/span><\/p>\r\n<\/td>\r\n<\/tr>\r\n<tr>\r\n<td>\r\n<p><span style=\"font-family: Roboto; font-size: 14px;\">Yeni Zelanda Ticari Vizesi<\/span><\/p>\r\n<\/td>\r\n<td>\r\n<p><span style=\"font-family: Roboto; font-size: 14px;\">Tek Giri\u015f<\/span><\/p>\r\n<\/td>\r\n<td>\r\n<p><span style=\"font-family: Roboto; font-size: 14px;\">130 USD<\/span><\/p>\r\n<\/td>\r\n<\/tr>\r\n<tr>\r\n<td>\r\n<p><span style=\"font-family: Roboto; font-size: 14px;\">Yeni Zelanda Ticari Vizesi<\/span><\/p>\r\n<\/td>\r\n<td>\r\n<p><span style=\"font-family: Roboto; font-size: 14px;\">\u00c7oklu Giri\u015f<\/span><\/p>\r\n<\/td>\r\n<td>\r\n<p><span style=\"font-family: Roboto; font-size: 14px;\">150 USD<\/span><\/p>\r\n<\/td>\r\n<\/tr>\r\n<tr>\r\n<td>\r\n<p><span style=\"font-family: Roboto; font-size: 14px;\">Yeni Zelanda \u00d6\u011frenci Vizesi<\/span><\/p>\r\n<\/td>\r\n<td>\r\n<p><span style=\"font-family: Roboto; font-size: 14px;\">\u00c7ok Giri\u015fli<\/span><\/p>\r\n<\/td>\r\n<td>\r\n<p><span style=\"font-family: Roboto; font-size: 14px;\">210 USD<\/span><\/p>\r\n<\/td>\r\n<\/tr>\r\n<tr>\r\n<td>\r\n<p><span style=\"font-family: Roboto; font-size: 14px;\">Yeni Zelanda Ziyaret Vizesi<\/span><\/p>\r\n<\/td>\r\n<td>\r\n<p><span style=\"font-family: Roboto; font-size: 14px;\">Tek Giri\u015fli<\/span><\/p>\r\n<\/td>\r\n<td>\r\n<p><span style=\"font-family: Roboto; font-size: 14px;\">130 USD<\/span><\/p>\r\n<\/td>\r\n<\/tr>\r\n<tr>\r\n<td>\r\n<p><span style=\"font-family: Roboto; font-size: 14px;\">Yeni Zelanda Ziyaret Vizesi<\/span><\/p>\r\n<\/td>\r\n<td>\r\n<p><span style=\"font-family: Roboto; font-size: 14px;\">\u00c7ok Giri\u015fli<\/span><\/p>\r\n<\/td>\r\n<td>\r\n<p><span style=\"font-family: Roboto; font-size: 14px;\">150 USD<\/span><\/p>\r\n<\/td>\r\n<\/tr>\r\n<\/tbody>\r\n<\/table>\r\n<h2><span style=\"font-size: 27px;\"><strong><span style=\"font-family: Roboto;\">Yeni Zelanda \u00d6\u011frenci Vize \u00dccreti<\/span><\/strong><\/span><\/h2>\r\n<p><span style=\"font-family: Roboto; font-size: 14px;\">Yeni Zelanda\u2019ya e\u011fitim amac\u0131 ile seyahat edecek olan T\u00fcrk vatanda\u015flar\u0131 seyahatleri \u00f6ncesinde <strong>Yeni Zelanda \u00f6\u011frenci vizesi<\/strong> almal\u0131d\u0131r. \u00d6\u011frenci vizesi alacak olan ki\u015filer vize ba\u015fvurular\u0131n\u0131 Yeni Zelanda temsilciliklerine yapmal\u0131d\u0131r. Yeni Zelanda \u00f6\u011frenci vizesi ba\u015fvurusu yapacak olan ki\u015filer <strong>Yeni Zelanda \u00f6\u011frenci vize \u00fccreti<\/strong> yat\u0131rmal\u0131d\u0131r.<\/span><\/p>\r\n<p><span style=\"font-family: Roboto; font-size: 14px;\">Yeni Zelanda \u00d6\u011frenci vizesi ba\u015fvurusunda bulunman\u0131z ve vize \u00fccretini yat\u0131rman\u0131z vize ba\u015fvurusunun olumlu sonu\u00e7lanaca\u011f\u0131 anlam\u0131 ta\u015f\u0131mamaktad\u0131r. <strong>Yeni Zelanda \u00f6\u011frenci vizesi<\/strong> olumlu sonu\u00e7lanan ki\u015filerin Yeni Zelanda\u2019ya giri\u015fi de kesin de\u011fildir. \u00dclkeye al\u0131n\u0131p al\u0131nmama durumu s\u0131n\u0131r g\u00f6revlilerinin elindedir.<\/span><\/p>\r\n<p><span style=\"font-family: Roboto; font-size: 14px;\">Yeni Zelanda \u00f6\u011frenci vizesi alacak olan ki\u015filerin yat\u0131rmas\u0131 gereken Yeni Zelanda \u00f6\u011frenci vizesi \u00fccreti 130 USD\u2019dir. Bu \u00fccret Yeni Zelanda vize ba\u015fvurusu yaparken <strong>Yeni Zelanda vize ba\u015fvurusu<\/strong> yapt\u0131\u011f\u0131n\u0131z temsilcili\u011fin gi\u015fesine \u00f6denmelidir.<\/span><\/p>\r\n<p><span style=\"font-family: Roboto; font-size: 14px;\">Yeni Zelanda \u00f6\u011frenci vizesi alacak ki\u015filer vize har\u00e7 \u00fccreti \u00f6denmeden ba\u015fvuruda bulunamaz. Ayr\u0131ca vize ba\u015fvurunuz reddedilirse Yeni Zelanda \u00f6\u011frenci vize \u00fccreti geri \u00f6denmemektedir. Yeni Zelanda \u00d6\u011frenci vizesi \u00fccreti her ba\u015fvuru sahibi i\u00e7in ayr\u0131 ayr\u0131 \u00f6denmelidir.<\/span><\/p>\r\n<p><span style=\"font-family: Roboto; font-size: 14px;\">Yeni Zelanda vize \u00fccreti belirleme yetkisi <span style=\"color: #2acec2;\"><strong><a style=\"color: #2acec2;\" href=\"https:\/\/myvize.com.tr\/yenizelanda\/konsolosluklar\/ankara-buyukelciligi\/\" target=\"_blank\" rel=\"noopener\">Yeni Zelanda Ankara B\u00fcy\u00fckel\u00e7ili\u011fi<\/a><\/strong><\/span>\u2019ne aittir.<\/span><\/p>\r\n<h2><span style=\"font-family: Roboto; font-size: 27px;\"><strong>Yeni Zelanda Vize \u00dccreti Ne Kadar?<\/strong><\/span><\/h2>\r\n<p><span style=\"font-family: Roboto; font-size: 14px;\">\r\n\r\n<\/span><\/p>\r\n<p><span style=\"font-family: Roboto; font-size: 14px;\"><strong>Yeni Zelanda vize \u00fccreti<\/strong> 2021 senesinde 60 dolar ile 720 dolar aras\u0131nda de\u011fi\u015fmektedir. Alaca\u011f\u0131n\u0131z vizenin giri\u015f say\u0131s\u0131, vizenin t\u00fcr\u00fc \u00fccretleri belirleyen unsurlar aras\u0131ndad\u0131r. <strong>Vize i\u015flemleri<\/strong> s\u0131ras\u0131nda bir sorun ya\u015famak i\u00e7in seyahatten en az 45 g\u00fcn \u00f6ncesinden i\u015flemlerinizi yapt\u0131rman\u0131z gerekiyor. \u00fccretleri yat\u0131rd\u0131\u011f\u0131n\u0131zda sizlere verilen dekontu da ekledikten sonra vize dosyan\u0131z\u0131 ilgili kurumlara teslim edebilirsiniz.<\/span><\/p>\r\n<h2><span style=\"font-family: Roboto; font-size: 27px;\"><strong>Yeni Zelanda Vize \u00dccret Bilgisi<\/strong><\/span><\/h2>\r\n<p><span style=\"font-family: Roboto; font-size: 14px;\"><strong>Yeni Zelanda vizesi \u00fccreti 2021<\/strong> senesi 60 dolar ve 720 dolar aras\u0131na de\u011fi\u015fmektedir. Alaca\u011f\u0131n vizenin giri\u015f say\u0131lar\u0131, vizenin t\u00fcr \u00fccreti belirleyen unsur aras\u0131ndad\u0131r. <strong>Vize i\u015flemi<\/strong> s\u0131ras\u0131nda bir sorun ya\u015famam i\u00e7in seyahatten en az 45 g\u00fcn \u00f6ncesi i\u015fleminizi yapt\u0131rman\u0131z gerekli. \u00dccreti yat\u0131rd\u0131\u011f\u0131n\u0131zda size verilen dekont da ekledikten sonra vize dosyan\u0131z ilgili kuruma teslim edebilirsiniz.<\/span><br \/><span style=\"font-family: Roboto; font-size: 14px;\"><strong>Yeni Zelanda vizesi \u00fccreti<\/strong> hakk\u0131nda ki\u015fi bilgi sahipleri olmadan<strong> vize i\u015flemi<\/strong>ne ba\u015flamal\u0131d\u0131r. Vize \u00fccreti konusunda profesyonellik olarak hareket eden ki\u015finin dikkat etmesi gerekli husustan birisi de bu \u00fccretin g\u00fcncel olmas\u0131 gerekti\u011fi. <strong>Yeni Zelanda B\u00fcy\u00fckel\u00e7ilik<\/strong> taraf\u0131ndan her y\u0131l yenilenen vize \u00fccretinin uygun \u015fart da yat\u0131r\u0131lmas\u0131 en \u00f6nemli kriter aras\u0131ndad\u0131r. Bir i\u015flemleri yapt\u0131rmadan \u00f6nce dikkat edilmesi gereken bir di\u011fer husus ise vize \u00fccretinin izin yetkilendirmi\u015f bankaya yap\u0131lmas\u0131 gerektikleridir.<\/span><br \/><span style=\"font-family: Roboto; font-size: 14px;\"><strong>Yeni Zelanda vize<\/strong> alacak olan ki\u015finin bilmesi gereken en \u00f6nemli unsurlar bu vize \u00fccretinin yanl\u0131\u015f yat\u0131r\u0131m\u0131 kar\u015f\u0131s\u0131nda iade yap\u0131lmamas\u0131d\u0131r. Yani herhangi i\u015flem iptal edilirse ya da vize tamamen reddedilirse vize \u00fccretini alabilmek durumunuz bulunmamakta.<\/span><\/p>\r\n<h3><span style=\"font-family: Roboto; font-size: 24px;\"><strong>Yeni Zelanda Vize \u00dccretleri Hakk\u0131nda Bilmeniz Gerekenler<\/strong><\/span><\/h3>\r\n<p><span style=\"font-family: Roboto; font-size: 14px;\">\r\n\r\n<\/span><\/p>\r\n<p><span style=\"font-family: Roboto; font-size: 14px;\"><span style=\"color: #2acec2;\"><strong><a style=\"color: #2acec2;\" href=\"https:\/\/myvize.com.tr\/yenizelanda\/vize-islemleri\/yenizelanda-vizesi\/\" target=\"_blank\" rel=\"noopener\">Yeni Zelanda vizesi<\/a><\/strong><\/span> alacak olan ki\u015filerin bilmesi gereken en \u00f6nemli unsur bu vize \u00fccretlerinin yanl\u0131\u015f yat\u0131r\u0131mlar\u0131 kar\u015f\u0131s\u0131nda iadenin yap\u0131lmamas\u0131d\u0131r. Yani herhangi bir i\u015flem iptal edilirse veya vizeniz tamamen reddedilirse vize \u00fccretinizi alabilme durumunuz bulunmamaktad\u0131r.<\/span><\/p>\r\n<p><span style=\"font-family: Roboto; font-size: 14px;\">\r\n\r\n<\/span><\/p>\r\n<p><span style=\"font-family: Roboto; font-size: 14px;\">Yanl\u0131\u015f bir bankaya \u00fccret yat\u0131r\u0131rsan\u0131z veya <span style=\"color: #2acec2;\"><strong><a style=\"color: #2acec2;\" href=\"https:\/\/myvize.com.tr\/yenizelanda\/vize-islemleri\/\" target=\"_blank\" rel=\"noopener\">vize i\u015flemleri<\/a><\/strong><\/span> s\u0131ras\u0131nda g\u00fcncel olmayan \u00fccretler \u00fczerinden yat\u0131r\u0131m yaparsan\u0131z yine yat\u0131rd\u0131\u011f\u0131n\u0131z \u00fccretleri talep etme \u015fans\u0131n\u0131z bulunuyor. Bu nedenle <strong>Yeni Zelanda vizesi<\/strong> ne ba\u015fvuracak olan ki\u015filerin dikkat etmesi gereken son derece detayl\u0131 unsurlar bulunuyor.<\/span><\/p>\r\n<p><span style=\"font-family: Roboto; font-size: 14px;\">\r\n\r\n<\/span><\/p>\r\n<p><span style=\"font-family: Roboto; font-size: 14px;\">Bu s\u00fcre\u00e7te en \u00f6nemli evraklardan birisi de seyahat sa\u011fl\u0131k sigortas\u0131 oluyor. Seyahat sa\u011fl\u0131k sigortan\u0131z\u0131 30.000 Euro teminatl\u0131 olmas\u0131 en \u00e7ok aranan ko\u015fullardan biridir. Bununla birlikte bir di\u011fer \u00f6nemli husus ise ki\u015filerin mutlaka seyahat sa\u011fl\u0131k sigortas\u0131nda t\u00fcm seyahati i\u00e7ine alacak \u015fekilde haz\u0131rlanm\u0131\u015f olmas\u0131d\u0131r. Vize \u00fccretlerinin yat\u0131r\u0131rken seyahat sa\u011fl\u0131k sigortan\u0131z\u0131 yapt\u0131rmay\u0131 unutmamal\u0131s\u0131n\u0131z.<\/span><\/p>\r\n<p><span style=\"font-family: Roboto;\"><\/span><\/p>","protected":false},"excerpt":{"rendered":"<p>Yeni Zelanda vize \u00fccretleri hakk\u0131nda ki\u015filer bilgi sahibi olmadan vize i\u015flemlerine ba\u015flamal\u0131d\u0131rlar. Vize \u00fccretleri konusunda profesyonel olarak hareket eden ki\u015filerin dikkat etmesi gereken hususlardan birisi de bu \u00fccretlerin g\u00fcncel olmas\u0131 gerekti\u011fidir. Yeni Zelanda B\u00fcy\u00fckel\u00e7ili\u011fi taraf\u0131ndan her sene yenilenen vize \u00fccretlerinin uygun \u015fartlarda yat\u0131r\u0131lmas\u0131 en \u00f6nemli kriterler aras\u0131ndad\u0131r. Bir i\u015flem yapt\u0131rmadan \u00f6nce dikkat etmeniz gereken bir<\/p>\n","protected":false},"author":1,"featured_media":0,"parent":0,"menu_order":0,"comment_status":"closed","ping_status":"closed","template":"","meta":{"footnotes":""},"class_list":["post-289","page","type-page","status-publish","hentry"],"yoast_head":"<!-- This site is optimized with the Yoast SEO plugin v24.0 - https:\/\/yoast.com\/wordpress\/plugins\/seo\/ -->\n<title>Yeni Zelanda Vize \u00dccreti \u0130\u015flemleri - Vize Ba\u015fvuru - MyVize<\/title>\n<meta name=\"description\" content=\"Yeni Zelanda vizesi \u00fccreti hakk\u0131nda bilgi i\u00e7in ileti\u015fime ge\u00e7ebilirsiniz. Yeni Zelanda vize \u00fccreti, vize tipine g\u00f6re de\u011fi\u015fiklik g\u00f6sterebilir.\" \/>\n<meta name=\"robots\" content=\"index, follow, max-snippet:-1, max-image-preview:large, max-video-preview:-1\" \/>\n<link rel=\"canonical\" href=\"https:\/\/myvize.com.tr\/yenizelanda\/yeni-zelanda-vize-ucreti\/\" \/>\n<meta property=\"og:locale\" content=\"tr_TR\" \/>\n<meta property=\"og:type\" content=\"article\" \/>\n<meta property=\"og:title\" content=\"Yeni Zelanda Vize \u00dccreti \u0130\u015flemleri - Vize Ba\u015fvuru - MyVize\" \/>\n<meta property=\"og:description\" content=\"Yeni Zelanda vizesi \u00fccreti hakk\u0131nda bilgi i\u00e7in ileti\u015fime ge\u00e7ebilirsiniz. Yeni Zelanda vize \u00fccreti, vize tipine g\u00f6re de\u011fi\u015fiklik g\u00f6sterebilir.\" \/>\n<meta property=\"og:url\" content=\"https:\/\/myvize.com.tr\/yenizelanda\/yeni-zelanda-vize-ucreti\/\" \/>\n<meta property=\"og:site_name\" content=\"Yeni Zelanda Vizesi\" \/>\n<meta property=\"article:modified_time\" content=\"2022-05-16T13:42:52+00:00\" \/>\n<meta name=\"twitter:card\" content=\"summary_large_image\" \/>\n<meta name=\"twitter:label1\" content=\"Tahmini okuma s\u00fcresi\" \/>\n\t<meta name=\"twitter:data1\" content=\"4 dakika\" \/>\n<script type=\"application\/ld+json\" class=\"yoast-schema-graph\">{\"@context\":\"https:\/\/schema.org\",\"@graph\":[{\"@type\":\"WebPage\",\"@id\":\"https:\/\/myvize.com.tr\/yenizelanda\/yeni-zelanda-vize-ucreti\/\",\"url\":\"https:\/\/myvize.com.tr\/yenizelanda\/yeni-zelanda-vize-ucreti\/\",\"name\":\"Yeni Zelanda Vize \u00dccreti \u0130\u015flemleri - Vize Ba\u015fvuru - MyVize\",\"isPartOf\":{\"@id\":\"https:\/\/myvize.com.tr\/yenizelanda\/#website\"},\"datePublished\":\"2021-03-31T18:24:22+00:00\",\"dateModified\":\"2022-05-16T13:42:52+00:00\",\"description\":\"Yeni Zelanda vizesi \u00fccreti hakk\u0131nda bilgi i\u00e7in ileti\u015fime ge\u00e7ebilirsiniz. Yeni Zelanda vize \u00fccreti, vize tipine g\u00f6re de\u011fi\u015fiklik g\u00f6sterebilir.\",\"breadcrumb\":{\"@id\":\"https:\/\/myvize.com.tr\/yenizelanda\/yeni-zelanda-vize-ucreti\/#breadcrumb\"},\"inLanguage\":\"tr\",\"potentialAction\":[{\"@type\":\"ReadAction\",\"target\":[\"https:\/\/myvize.com.tr\/yenizelanda\/yeni-zelanda-vize-ucreti\/\"]}]},{\"@type\":\"BreadcrumbList\",\"@id\":\"https:\/\/myvize.com.tr\/yenizelanda\/yeni-zelanda-vize-ucreti\/#breadcrumb\",\"itemListElement\":[{\"@type\":\"ListItem\",\"position\":1,\"name\":\"Anasayfa\",\"item\":\"https:\/\/myvize.com.tr\/yenizelanda\/\"},{\"@type\":\"ListItem\",\"position\":2,\"name\":\"Yeni Zelanda Vize \u00dccreti\"}]},{\"@type\":\"WebSite\",\"@id\":\"https:\/\/myvize.com.tr\/yenizelanda\/#website\",\"url\":\"https:\/\/myvize.com.tr\/yenizelanda\/\",\"name\":\"Yeni Zelanda Vizesi\",\"description\":\"\",\"potentialAction\":[{\"@type\":\"SearchAction\",\"target\":{\"@type\":\"EntryPoint\",\"urlTemplate\":\"https:\/\/myvize.com.tr\/yenizelanda\/?s={search_term_string}\"},\"query-input\":{\"@type\":\"PropertyValueSpecification\",\"valueRequired\":true,\"valueName\":\"search_term_string\"}}],\"inLanguage\":\"tr\"}]}<\/script>\n<!-- \/ Yoast SEO plugin. -->","yoast_head_json":{"title":"Yeni Zelanda Vize \u00dccreti \u0130\u015flemleri - Vize Ba\u015fvuru - MyVize","description":"Yeni Zelanda vizesi \u00fccreti hakk\u0131nda bilgi i\u00e7in ileti\u015fime ge\u00e7ebilirsiniz. Yeni Zelanda vize \u00fccreti, vize tipine g\u00f6re de\u011fi\u015fiklik g\u00f6sterebilir.","robots":{"index":"index","follow":"follow","max-snippet":"max-snippet:-1","max-image-preview":"max-image-preview:large","max-video-preview":"max-video-preview:-1"},"canonical":"https:\/\/myvize.com.tr\/yenizelanda\/yeni-zelanda-vize-ucreti\/","og_locale":"tr_TR","og_type":"article","og_title":"Yeni Zelanda Vize \u00dccreti \u0130\u015flemleri - Vize Ba\u015fvuru - MyVize","og_description":"Yeni Zelanda vizesi \u00fccreti hakk\u0131nda bilgi i\u00e7in ileti\u015fime ge\u00e7ebilirsiniz. Yeni Zelanda vize \u00fccreti, vize tipine g\u00f6re de\u011fi\u015fiklik g\u00f6sterebilir.","og_url":"https:\/\/myvize.com.tr\/yenizelanda\/yeni-zelanda-vize-ucreti\/","og_site_name":"Yeni Zelanda Vizesi","article_modified_time":"2022-05-16T13:42:52+00:00","twitter_card":"summary_large_image","twitter_misc":{"Tahmini okuma s\u00fcresi":"4 dakika"},"schema":{"@context":"https:\/\/schema.org","@graph":[{"@type":"WebPage","@id":"https:\/\/myvize.com.tr\/yenizelanda\/yeni-zelanda-vize-ucreti\/","url":"https:\/\/myvize.com.tr\/yenizelanda\/yeni-zelanda-vize-ucreti\/","name":"Yeni Zelanda Vize \u00dccreti \u0130\u015flemleri - Vize Ba\u015fvuru - MyVize","isPartOf":{"@id":"https:\/\/myvize.com.tr\/yenizelanda\/#website"},"datePublished":"2021-03-31T18:24:22+00:00","dateModified":"2022-05-16T13:42:52+00:00","description":"Yeni Zelanda vizesi \u00fccreti hakk\u0131nda bilgi i\u00e7in ileti\u015fime ge\u00e7ebilirsiniz. Yeni Zelanda vize \u00fccreti, vize tipine g\u00f6re de\u011fi\u015fiklik g\u00f6sterebilir.","breadcrumb":{"@id":"https:\/\/myvize.com.tr\/yenizelanda\/yeni-zelanda-vize-ucreti\/#breadcrumb"},"inLanguage":"tr","potentialAction":[{"@type":"ReadAction","target":["https:\/\/myvize.com.tr\/yenizelanda\/yeni-zelanda-vize-ucreti\/"]}]},{"@type":"BreadcrumbList","@id":"https:\/\/myvize.com.tr\/yenizelanda\/yeni-zelanda-vize-ucreti\/#breadcrumb","itemListElement":[{"@type":"ListItem","position":1,"name":"Anasayfa","item":"https:\/\/myvize.com.tr\/yenizelanda\/"},{"@type":"ListItem","position":2,"name":"Yeni Zelanda Vize \u00dccreti"}]},{"@type":"WebSite","@id":"https:\/\/myvize.com.tr\/yenizelanda\/#website","url":"https:\/\/myvize.com.tr\/yenizelanda\/","name":"Yeni Zelanda Vizesi","description":"","potentialAction":[{"@type":"SearchAction","target":{"@type":"EntryPoint","urlTemplate":"https:\/\/myvize.com.tr\/yenizelanda\/?s={search_term_string}"},"query-input":{"@type":"PropertyValueSpecification","valueRequired":true,"valueName":"search_term_string"}}],"inLanguage":"tr"}]}},"_links":{"self":[{"href":"https:\/\/myvize.com.tr\/yenizelanda\/wp-json\/wp\/v2\/pages\/289","targetHints":{"allow":["GET"]}}],"collection":[{"href":"https:\/\/myvize.com.tr\/yenizelanda\/wp-json\/wp\/v2\/pages"}],"about":[{"href":"https:\/\/myvize.com.tr\/yenizelanda\/wp-json\/wp\/v2\/types\/page"}],"author":[{"embeddable":true,"href":"https:\/\/myvize.com.tr\/yenizelanda\/wp-json\/wp\/v2\/users\/1"}],"replies":[{"embeddable":true,"href":"https:\/\/myvize.com.tr\/yenizelanda\/wp-json\/wp\/v2\/comments?post=289"}],"version-history":[{"count":9,"href":"https:\/\/myvize.com.tr\/yenizelanda\/wp-json\/wp\/v2\/pages\/289\/revisions"}],"predecessor-version":[{"id":618,"href":"https:\/\/myvize.com.tr\/yenizelanda\/wp-json\/wp\/v2\/pages\/289\/revisions\/618"}],"wp:attachment":[{"href":"https:\/\/myvize.com.tr\/yenizelanda\/wp-json\/wp\/v2\/media?parent=289"}],"curies":[{"name":"wp","href":"https:\/\/api.w.org\/{rel}","templated":true}]}}