{"id":261,"date":"2021-01-16T00:23:40","date_gmt":"2021-01-15T21:23:40","guid":{"rendered":"https:\/\/myvize.com.tr\/yenizelanda\/?page_id=261"},"modified":"2022-01-13T15:20:28","modified_gmt":"2022-01-13T12:20:28","slug":"yatirim-yoluyla","status":"publish","type":"page","link":"https:\/\/myvize.com.tr\/yenizelanda\/vatandaslik\/yatirim-yoluyla\/","title":{"rendered":"Yeni Zelanda Yat\u0131r\u0131m Yoluyla"},"content":{"rendered":"<h2><span style=\"font-family: Roboto; font-size: 27px;\"><strong>Yat\u0131r\u0131m Yoluyla Yeni Zelanda Vatanda\u015fl\u0131\u011f\u0131<\/strong><\/span><\/h2>\n<p><span style=\"font-family: Roboto; font-size: 14px;\">Yeni Zelanda\u2019da ya\u015famak isteyen yat\u0131r\u0131mc\u0131lar, yat\u0131r\u0131m yolu ile<strong> Yeni Zelanda vatanda\u015fl\u0131\u011f\u0131<\/strong> alabilir. 4 y\u0131l bir s\u00fcre zarf\u0131 3 milyon Yeni Zelanda Dolar veya 10 milyon Yeni Zelanda Dolar\u0131 ve fazla yat\u0131r\u0131m yap\u0131larak yat\u0131r\u0131mc\u0131 vizesi alabilir ve Yeni Zelanda vatanda\u015fl\u0131\u011f\u0131 i\u00e7in ba\u015fvuru yapabilirsiniz.<\/span><br \/>\n<span style=\"font-family: Roboto; font-size: 14px;\">Ba\u015fvuru i\u00e7in i\u015f deneyimini, \u0130ngilizce dil becerini ve b\u00fcy\u00fcme odakl\u0131 yapaca\u011f\u0131 yat\u0131r\u0131ma \u00f6nem te\u015fkil etmektedir.<\/span><br \/>\n<span style=\"font-family: Roboto; font-size: 14px;\">Yeni Zelanda\u2019da 3 y\u0131ll\u0131k bir s\u00fcre i\u00e7erisinde 10 milyon Yeni Zelanda Dolar\u0131 tutar\u0131nda yat\u0131r\u0131m yapan ki\u015fi Yeni Zelanda Yat\u0131r\u0131mc\u0131 1 vize ile Yeni Zelanda\u2019da <strong>oturma izni<\/strong>ne sahip olabilir. Ba\u015fvurunuza e\u015f ve bakmakla y\u00fck\u00fcml\u00fc oldu\u011fu 24 ya\u015f\u0131 alt\u0131ndaki ba\u011f\u0131ml\u0131 \u00e7ocu\u011funuzu da ekleyebilirsiniz.<\/span><br \/>\n<span style=\"font-family: Roboto; font-size: 14px;\">Fon veya varl\u0131k 3 milyon Yeni Zelanda Dolar olan deneyimli i\u015f adam\u0131 Yeni Zelanda yat\u0131r\u0131mc\u0131 2 vize ile oturum izin ve nihayetinde Yeni Zelanda vatanda\u015fl\u0131\u011f\u0131n\u0131 alabilir. Ba\u015fvuruda bulunmada \u00f6nce i\u015f deneyiminizi, yat\u0131r\u0131m ve yerle\u015fim fonunuzu kan\u0131tlamak gerekebilir. Uygun bulunursa e\u015f ve bakmakla y\u00fck\u00fcml\u00fcl\u00fck oldu\u011fu ba\u011f\u0131ml\u0131 \u00e7ocu\u011funuz da bu vizeden yararlanabilecektir.<\/span><\/p>\n<p><span style=\"font-family: Roboto; font-size: 14px;\"><span style=\"color: #2acec2;\"><strong><a style=\"color: #2acec2;\" href=\"https:\/\/myvize.com.tr\/yenizelanda\/vize-islemleri\/yenizelanda-aile-birlesimi-vizesi\/\" target=\"_blank\" rel=\"noopener\">Yeni Zelanda Aile Birle\u015fimi Vizesi<\/a><\/strong><\/span> ile ilgili bilgi almak i\u00e7in bizi aray\u0131n\u0131z.<\/span><\/p>\n","protected":false},"excerpt":{"rendered":"<p>Yat\u0131r\u0131m Yoluyla Yeni Zelanda Vatanda\u015fl\u0131\u011f\u0131 Yeni Zelanda\u2019da ya\u015famak isteyen yat\u0131r\u0131mc\u0131lar, yat\u0131r\u0131m yolu ile Yeni Zelanda vatanda\u015fl\u0131\u011f\u0131 alabilir. 4 y\u0131l bir s\u00fcre zarf\u0131 3 milyon Yeni Zelanda Dolar veya 10 milyon Yeni Zelanda Dolar\u0131 ve fazla yat\u0131r\u0131m yap\u0131larak yat\u0131r\u0131mc\u0131 vizesi alabilir ve Yeni Zelanda vatanda\u015fl\u0131\u011f\u0131 i\u00e7in ba\u015fvuru yapabilirsiniz. Ba\u015fvuru i\u00e7in i\u015f deneyimini, \u0130ngilizce dil becerini ve<\/p>\n","protected":false},"author":1,"featured_media":0,"parent":141,"menu_order":0,"comment_status":"closed","ping_status":"closed","template":"","meta":{"footnotes":""},"class_list":["post-261","page","type-page","status-publish","hentry"],"yoast_head":"<!-- This site is optimized with the Yoast SEO plugin v24.0 - https:\/\/yoast.com\/wordpress\/plugins\/seo\/ -->\n<title>Yeni Zelanda Yat\u0131r\u0131m Yoluyla Vatanda\u015fl\u0131k \u0130\u015flemi - MyVize<\/title>\n<meta name=\"description\" content=\"Yeni Zelanda yat\u0131r\u0131m yoluyla vize alman\u0131n kolay yolu. Yeni Zelanda Vize i\u015flem s\u00fcre\u00e7leri hakk\u0131nda her \u015fey burada.\" \/>\n<meta name=\"robots\" content=\"index, follow, max-snippet:-1, max-image-preview:large, max-video-preview:-1\" \/>\n<link rel=\"canonical\" href=\"https:\/\/myvize.com.tr\/yenizelanda\/vatandaslik\/yatirim-yoluyla\/\" \/>\n<meta property=\"og:locale\" content=\"tr_TR\" \/>\n<meta property=\"og:type\" content=\"article\" \/>\n<meta property=\"og:title\" content=\"Yeni Zelanda Yat\u0131r\u0131m Yoluyla Vatanda\u015fl\u0131k \u0130\u015flemi - MyVize\" \/>\n<meta property=\"og:description\" content=\"Yeni Zelanda yat\u0131r\u0131m yoluyla vize alman\u0131n kolay yolu. Yeni Zelanda Vize i\u015flem s\u00fcre\u00e7leri hakk\u0131nda her \u015fey burada.\" \/>\n<meta property=\"og:url\" content=\"https:\/\/myvize.com.tr\/yenizelanda\/vatandaslik\/yatirim-yoluyla\/\" \/>\n<meta property=\"og:site_name\" content=\"Yeni Zelanda Vizesi\" \/>\n<meta property=\"article:modified_time\" content=\"2022-01-13T12:20:28+00:00\" \/>\n<meta name=\"twitter:card\" content=\"summary_large_image\" \/>\n<meta name=\"twitter:label1\" content=\"Tahmini okuma s\u00fcresi\" \/>\n\t<meta name=\"twitter:data1\" content=\"1 dakika\" \/>\n<script type=\"application\/ld+json\" class=\"yoast-schema-graph\">{\"@context\":\"https:\/\/schema.org\",\"@graph\":[{\"@type\":\"WebPage\",\"@id\":\"https:\/\/myvize.com.tr\/yenizelanda\/vatandaslik\/yatirim-yoluyla\/\",\"url\":\"https:\/\/myvize.com.tr\/yenizelanda\/vatandaslik\/yatirim-yoluyla\/\",\"name\":\"Yeni Zelanda Yat\u0131r\u0131m Yoluyla Vatanda\u015fl\u0131k \u0130\u015flemi - MyVize\",\"isPartOf\":{\"@id\":\"https:\/\/myvize.com.tr\/yenizelanda\/#website\"},\"datePublished\":\"2021-01-15T21:23:40+00:00\",\"dateModified\":\"2022-01-13T12:20:28+00:00\",\"description\":\"Yeni Zelanda yat\u0131r\u0131m yoluyla vize alman\u0131n kolay yolu. Yeni Zelanda Vize i\u015flem s\u00fcre\u00e7leri hakk\u0131nda her \u015fey burada.\",\"breadcrumb\":{\"@id\":\"https:\/\/myvize.com.tr\/yenizelanda\/vatandaslik\/yatirim-yoluyla\/#breadcrumb\"},\"inLanguage\":\"tr\",\"potentialAction\":[{\"@type\":\"ReadAction\",\"target\":[\"https:\/\/myvize.com.tr\/yenizelanda\/vatandaslik\/yatirim-yoluyla\/\"]}]},{\"@type\":\"BreadcrumbList\",\"@id\":\"https:\/\/myvize.com.tr\/yenizelanda\/vatandaslik\/yatirim-yoluyla\/#breadcrumb\",\"itemListElement\":[{\"@type\":\"ListItem\",\"position\":1,\"name\":\"Anasayfa\",\"item\":\"https:\/\/myvize.com.tr\/yenizelanda\/\"},{\"@type\":\"ListItem\",\"position\":2,\"name\":\"VATANDA\u015eLIK\",\"item\":\"https:\/\/myvize.com.tr\/yenizelanda\/vatandaslik\/\"},{\"@type\":\"ListItem\",\"position\":3,\"name\":\"Yeni Zelanda Yat\u0131r\u0131m Yoluyla\"}]},{\"@type\":\"WebSite\",\"@id\":\"https:\/\/myvize.com.tr\/yenizelanda\/#website\",\"url\":\"https:\/\/myvize.com.tr\/yenizelanda\/\",\"name\":\"Yeni Zelanda Vizesi\",\"description\":\"\",\"potentialAction\":[{\"@type\":\"SearchAction\",\"target\":{\"@type\":\"EntryPoint\",\"urlTemplate\":\"https:\/\/myvize.com.tr\/yenizelanda\/?s={search_term_string}\"},\"query-input\":{\"@type\":\"PropertyValueSpecification\",\"valueRequired\":true,\"valueName\":\"search_term_string\"}}],\"inLanguage\":\"tr\"}]}<\/script>\n<!-- \/ Yoast SEO plugin. -->","yoast_head_json":{"title":"Yeni Zelanda Yat\u0131r\u0131m Yoluyla Vatanda\u015fl\u0131k \u0130\u015flemi - MyVize","description":"Yeni Zelanda yat\u0131r\u0131m yoluyla vize alman\u0131n kolay yolu. Yeni Zelanda Vize i\u015flem s\u00fcre\u00e7leri hakk\u0131nda her \u015fey burada.","robots":{"index":"index","follow":"follow","max-snippet":"max-snippet:-1","max-image-preview":"max-image-preview:large","max-video-preview":"max-video-preview:-1"},"canonical":"https:\/\/myvize.com.tr\/yenizelanda\/vatandaslik\/yatirim-yoluyla\/","og_locale":"tr_TR","og_type":"article","og_title":"Yeni Zelanda Yat\u0131r\u0131m Yoluyla Vatanda\u015fl\u0131k \u0130\u015flemi - MyVize","og_description":"Yeni Zelanda yat\u0131r\u0131m yoluyla vize alman\u0131n kolay yolu. Yeni Zelanda Vize i\u015flem s\u00fcre\u00e7leri hakk\u0131nda her \u015fey burada.","og_url":"https:\/\/myvize.com.tr\/yenizelanda\/vatandaslik\/yatirim-yoluyla\/","og_site_name":"Yeni Zelanda Vizesi","article_modified_time":"2022-01-13T12:20:28+00:00","twitter_card":"summary_large_image","twitter_misc":{"Tahmini okuma s\u00fcresi":"1 dakika"},"schema":{"@context":"https:\/\/schema.org","@graph":[{"@type":"WebPage","@id":"https:\/\/myvize.com.tr\/yenizelanda\/vatandaslik\/yatirim-yoluyla\/","url":"https:\/\/myvize.com.tr\/yenizelanda\/vatandaslik\/yatirim-yoluyla\/","name":"Yeni Zelanda Yat\u0131r\u0131m Yoluyla Vatanda\u015fl\u0131k \u0130\u015flemi - MyVize","isPartOf":{"@id":"https:\/\/myvize.com.tr\/yenizelanda\/#website"},"datePublished":"2021-01-15T21:23:40+00:00","dateModified":"2022-01-13T12:20:28+00:00","description":"Yeni Zelanda yat\u0131r\u0131m yoluyla vize alman\u0131n kolay yolu. Yeni Zelanda Vize i\u015flem s\u00fcre\u00e7leri hakk\u0131nda her \u015fey burada.","breadcrumb":{"@id":"https:\/\/myvize.com.tr\/yenizelanda\/vatandaslik\/yatirim-yoluyla\/#breadcrumb"},"inLanguage":"tr","potentialAction":[{"@type":"ReadAction","target":["https:\/\/myvize.com.tr\/yenizelanda\/vatandaslik\/yatirim-yoluyla\/"]}]},{"@type":"BreadcrumbList","@id":"https:\/\/myvize.com.tr\/yenizelanda\/vatandaslik\/yatirim-yoluyla\/#breadcrumb","itemListElement":[{"@type":"ListItem","position":1,"name":"Anasayfa","item":"https:\/\/myvize.com.tr\/yenizelanda\/"},{"@type":"ListItem","position":2,"name":"VATANDA\u015eLIK","item":"https:\/\/myvize.com.tr\/yenizelanda\/vatandaslik\/"},{"@type":"ListItem","position":3,"name":"Yeni Zelanda Yat\u0131r\u0131m Yoluyla"}]},{"@type":"WebSite","@id":"https:\/\/myvize.com.tr\/yenizelanda\/#website","url":"https:\/\/myvize.com.tr\/yenizelanda\/","name":"Yeni Zelanda Vizesi","description":"","potentialAction":[{"@type":"SearchAction","target":{"@type":"EntryPoint","urlTemplate":"https:\/\/myvize.com.tr\/yenizelanda\/?s={search_term_string}"},"query-input":{"@type":"PropertyValueSpecification","valueRequired":true,"valueName":"search_term_string"}}],"inLanguage":"tr"}]}},"_links":{"self":[{"href":"https:\/\/myvize.com.tr\/yenizelanda\/wp-json\/wp\/v2\/pages\/261","targetHints":{"allow":["GET"]}}],"collection":[{"href":"https:\/\/myvize.com.tr\/yenizelanda\/wp-json\/wp\/v2\/pages"}],"about":[{"href":"https:\/\/myvize.com.tr\/yenizelanda\/wp-json\/wp\/v2\/types\/page"}],"author":[{"embeddable":true,"href":"https:\/\/myvize.com.tr\/yenizelanda\/wp-json\/wp\/v2\/users\/1"}],"replies":[{"embeddable":true,"href":"https:\/\/myvize.com.tr\/yenizelanda\/wp-json\/wp\/v2\/comments?post=261"}],"version-history":[{"count":5,"href":"https:\/\/myvize.com.tr\/yenizelanda\/wp-json\/wp\/v2\/pages\/261\/revisions"}],"predecessor-version":[{"id":538,"href":"https:\/\/myvize.com.tr\/yenizelanda\/wp-json\/wp\/v2\/pages\/261\/revisions\/538"}],"up":[{"embeddable":true,"href":"https:\/\/myvize.com.tr\/yenizelanda\/wp-json\/wp\/v2\/pages\/141"}],"wp:attachment":[{"href":"https:\/\/myvize.com.tr\/yenizelanda\/wp-json\/wp\/v2\/media?parent=261"}],"curies":[{"name":"wp","href":"https:\/\/api.w.org\/{rel}","templated":true}]}}