{"id":244,"date":"2021-01-15T16:40:55","date_gmt":"2021-01-15T13:40:55","guid":{"rendered":"https:\/\/myvize.com.tr\/yenizelanda\/?page_id=244"},"modified":"2022-01-19T15:12:05","modified_gmt":"2022-01-19T12:12:05","slug":"vize-basvuru-formu","status":"publish","type":"page","link":"https:\/\/myvize.com.tr\/yenizelanda\/form-ve-dilekce\/vize-basvuru-formu\/","title":{"rendered":"Yeni Zelanda Vizesi Ba\u015fvuru Formu"},"content":{"rendered":"<h2><span style=\"font-family: Roboto; font-size: 27px;\"><strong>Yeni Zelanda Vize Ba\u015fvuru Formu<\/strong><\/span><\/h2>\n<p><span style=\"font-family: Roboto; font-size: 14px;\">Yeni Zelanda vize ba\u015fvuru formu, <strong>Yeni Zelanda Konsoloslu\u011fu<\/strong> taraf\u0131nda haz\u0131rlanm\u0131\u015f olup, konsoloslu\u011fu Yeni Zelanda vize talebinde bulunan ki\u015fi hakk\u0131nda bilgi edinilebilmesi sa\u011flamaktad\u0131r. Yeni Zelanda Konsoloslu\u011fu haz\u0131rlam\u0131\u015f oldu\u011fu ba\u015fvuru formu doldurulmas\u0131 zorunlu ve Yeni Zelanda vize ba\u015fvuru i\u015fleminin ilk ad\u0131m\u0131n\u0131 <strong>Yeni Zelanda vize ba\u015fvuru form<\/strong> olu\u015fturacakt\u0131r.<\/span><br \/>\n<span style=\"font-family: Roboto; font-size: 14px;\"><strong>Yeni Zelanda vizesi ba\u015fvuru form<\/strong>, eksiksiz ve ger\u00e7ekli\u011fe uygun bilgiler doldurularak ba\u015fvuru evrak\u0131n\u0131z aras\u0131nda bulundurmal\u0131. Yeni Zelanda Konsoloslu\u011fu vize ba\u015fvuru sahipleri hakk\u0131ndaki detayl\u0131 bilgi ba\u015fvuru form arac\u0131l\u0131\u011f\u0131 ile ula\u015f\u0131rken, Yeni Zelanda vizesi ba\u015fvuru formu eksiksiz ve ger\u00e7e\u011fe uygun olan bilgi verilmelidir. <span style=\"color: #2acec2;\"><strong><a style=\"color: #2acec2;\" href=\"https:\/\/myvize.com.tr\/yenizelanda\/vize-islemleri\/yenizelanda-vizesi\/\" target=\"_blank\" rel=\"noopener\">Yeni Zelanda vizesi<\/a><\/strong><\/span> ba\u015fvuru formunda vermi\u015f oldu\u011fu bilginin, ba\u015fvuru evrak\u0131nda bulunan bilginizi desteklemeleri ise <strong>Yeni Zelanda Konsoloslu\u011fu<\/strong> g\u00f6z \u00f6n\u00fcnde bulunduracak bir konudur. Yeni Zelanda Konsoloslu\u011fu vizesi ba\u015fvuru form ve ba\u015fvuru evrak\u0131 aras\u0131nda beyan etti\u011finiz bilgiyi dikkate alacak, uyumsuz ve ger\u00e7ekli\u011fe uygun olmayan bilginizle kar\u015f\u0131la\u015fma durumunda vize ba\u015fvurular\u0131 i\u015fleminizi reddedebilecektir.<\/span><br \/>\n<span style=\"font-family: Roboto; font-size: 14px;\">Ama\u00e7lara ve ger\u00e7e\u011fe uygun bir bi\u00e7imde doldurulmas\u0131 verilen sahte bilginin su\u00e7 unsuru ta\u015f\u0131yaca\u011f\u0131 g\u00f6z \u00f6n\u00fcnde bulundurulmal\u0131.<\/span><\/p>\n<p><span style=\"font-family: Roboto; font-size: 14px;\"><span style=\"color: #2acec2;\"><strong><a style=\"color: #2acec2;\" href=\"https:\/\/myvize.com.tr\/yenizelanda\/vize-islemleri\/yenizelanda-turistik-vize\/\" target=\"_blank\" rel=\"noopener\">Yeni Zelanda Turistik Vize<\/a><\/strong><\/span> ile ilgili bilgi almak i\u00e7in biziz aray\u0131n\u0131z.<\/span><\/p>\n<h2><span style=\"font-family: Roboto; font-size: 27px;\"><strong>Vize Ba\u015fvuru Formu Hakk\u0131nda<\/strong><\/span><\/h2>\n<p><span style=\"font-family: Roboto; font-size: 14px;\"><strong>Yeni Zelanda vize ba\u015fvuru formu<\/strong>, Yeni Zelanda Konsoloslu\u011fu taraf\u0131nda haz\u0131rlanm\u0131\u015f olup, konsoloslu\u011fu <strong>Yeni Zelanda vize<\/strong> talebinde bulunan ki\u015fi hakk\u0131nda bilgi edinilebilmesi sa\u011flamaktad\u0131r. Yeni Zelanda Konsoloslu\u011fu haz\u0131rlam\u0131\u015f oldu\u011fu ba\u015fvuru formu doldurulmas\u0131 zorunlu ve Yeni Zelanda <strong>vize ba\u015fvuru<\/strong> i\u015fleminin ilk ad\u0131m\u0131n\u0131 <strong>Yeni Zelanda vize ba\u015fvuru form<\/strong> olu\u015fturacakt\u0131r.<\/span><br \/>\n<span style=\"font-family: Roboto; font-size: 14px;\"><span style=\"color: #000000;\">Yeni Zelanda vizesi <\/span>ba\u015fvuru form, eksiksiz ve ger\u00e7ekli\u011fe uygun bilgiler doldurularak ba\u015fvuru evrak\u0131n\u0131z aras\u0131nda bulundurmal\u0131. Yeni Zelanda Konsoloslu\u011fu vize ba\u015fvuru sahipleri hakk\u0131ndaki detayl\u0131 bilgi ba\u015fvuru form arac\u0131l\u0131\u011f\u0131 ile ula\u015f\u0131rken, Yeni Zelanda vizesi ba\u015fvuru formu eksiksiz ve ger\u00e7e\u011fe uygun olan bilgi verilmelidir. <strong>Yeni Zelanda vizesi<\/strong> ba\u015fvuru formunda vermi\u015f oldu\u011fu bilginin, ba\u015fvuru evrak\u0131nda bulunan bilginizi desteklemeleri ise <strong>Yeni Zelanda Konsoloslu\u011fu<\/strong> g\u00f6z \u00f6n\u00fcnde bulunduracak bir konudur. Yeni Zelanda Konsoloslu\u011fu <strong>vizesi ba\u015fvuru form<\/strong> ve ba\u015fvuru evrak\u0131 aras\u0131nda beyan etti\u011finiz bilgiyi dikkate alacak, uyumsuz ve ger\u00e7ekli\u011fe uygun olmayan bilginizle kar\u015f\u0131la\u015fma durumunda vize ba\u015fvurular\u0131 i\u015fleminizi reddedebilecektir.<\/span><br \/>\n<span style=\"font-family: Roboto; font-size: 14px;\">Ama\u00e7lara ve ger\u00e7e\u011fe uygun bir bi\u00e7imde doldurulmas\u0131 verilen sahte bilginin su\u00e7 unsuru ta\u015f\u0131yaca\u011f\u0131 g\u00f6z \u00f6n\u00fcnde bulundurulmal\u0131.<\/span><\/p>\n<p><span style=\"font-family: Roboto; font-size: 14px;\"><strong><span style=\"color: #2acec2;\"><a style=\"color: #2acec2;\" href=\"https:\/\/myvize.com.tr\/yenizelanda\/vize-islemleri\/yenizelanda-vize-reddi\/\" target=\"_blank\" rel=\"noopener\">Yeni Zelanda Vize Reddi<\/a><\/span> <\/strong>ile ilgili bilgi almak i\u00e7in bizi aray\u0131n\u0131z.<\/span><\/p>\n","protected":false},"excerpt":{"rendered":"<p>Yeni Zelanda Vize Ba\u015fvuru Formu Yeni Zelanda vize ba\u015fvuru formu, Yeni Zelanda Konsoloslu\u011fu taraf\u0131nda haz\u0131rlanm\u0131\u015f olup, konsoloslu\u011fu Yeni Zelanda vize talebinde bulunan ki\u015fi hakk\u0131nda bilgi edinilebilmesi sa\u011flamaktad\u0131r. Yeni Zelanda Konsoloslu\u011fu haz\u0131rlam\u0131\u015f oldu\u011fu ba\u015fvuru formu doldurulmas\u0131 zorunlu ve Yeni Zelanda vize ba\u015fvuru i\u015fleminin ilk ad\u0131m\u0131n\u0131 Yeni Zelanda vize ba\u015fvuru form olu\u015fturacakt\u0131r. Yeni Zelanda vizesi ba\u015fvuru form,<\/p>\n","protected":false},"author":1,"featured_media":0,"parent":144,"menu_order":0,"comment_status":"closed","ping_status":"closed","template":"","meta":{"footnotes":""},"class_list":["post-244","page","type-page","status-publish","hentry"],"yoast_head":"<!-- This site is optimized with the Yoast SEO plugin v24.0 - https:\/\/yoast.com\/wordpress\/plugins\/seo\/ -->\n<title>Yeni Zelanda Vize Ba\u015fvuru Formu - MyVize<\/title>\n<meta name=\"description\" content=\"Yeni Zelanda vize ba\u015fvuru formuna dair g\u00fcncel veriler. Yeni Zelanda vize ba\u015fvuru formu g\u00f6rsel anlat\u0131m. Yeni Zelanda vize ba\u015fvurusu 2022.\" \/>\n<meta name=\"robots\" content=\"index, follow, max-snippet:-1, max-image-preview:large, max-video-preview:-1\" \/>\n<link rel=\"canonical\" href=\"https:\/\/myvize.com.tr\/yenizelanda\/form-ve-dilekce\/vize-basvuru-formu\/\" \/>\n<meta property=\"og:locale\" content=\"tr_TR\" \/>\n<meta property=\"og:type\" content=\"article\" \/>\n<meta property=\"og:title\" content=\"Yeni Zelanda Vize Ba\u015fvuru Formu - MyVize\" \/>\n<meta property=\"og:description\" content=\"Yeni Zelanda vize ba\u015fvuru formuna dair g\u00fcncel veriler. Yeni Zelanda vize ba\u015fvuru formu g\u00f6rsel anlat\u0131m. Yeni Zelanda vize ba\u015fvurusu 2022.\" \/>\n<meta property=\"og:url\" content=\"https:\/\/myvize.com.tr\/yenizelanda\/form-ve-dilekce\/vize-basvuru-formu\/\" \/>\n<meta property=\"og:site_name\" content=\"Yeni Zelanda Vizesi\" \/>\n<meta property=\"article:modified_time\" content=\"2022-01-19T12:12:05+00:00\" \/>\n<meta name=\"twitter:card\" content=\"summary_large_image\" \/>\n<meta name=\"twitter:label1\" content=\"Tahmini okuma s\u00fcresi\" \/>\n\t<meta name=\"twitter:data1\" content=\"2 dakika\" \/>\n<script type=\"application\/ld+json\" class=\"yoast-schema-graph\">{\"@context\":\"https:\/\/schema.org\",\"@graph\":[{\"@type\":\"WebPage\",\"@id\":\"https:\/\/myvize.com.tr\/yenizelanda\/form-ve-dilekce\/vize-basvuru-formu\/\",\"url\":\"https:\/\/myvize.com.tr\/yenizelanda\/form-ve-dilekce\/vize-basvuru-formu\/\",\"name\":\"Yeni Zelanda Vize Ba\u015fvuru Formu - MyVize\",\"isPartOf\":{\"@id\":\"https:\/\/myvize.com.tr\/yenizelanda\/#website\"},\"datePublished\":\"2021-01-15T13:40:55+00:00\",\"dateModified\":\"2022-01-19T12:12:05+00:00\",\"description\":\"Yeni Zelanda vize ba\u015fvuru formuna dair g\u00fcncel veriler. Yeni Zelanda vize ba\u015fvuru formu g\u00f6rsel anlat\u0131m. Yeni Zelanda vize ba\u015fvurusu 2022.\",\"breadcrumb\":{\"@id\":\"https:\/\/myvize.com.tr\/yenizelanda\/form-ve-dilekce\/vize-basvuru-formu\/#breadcrumb\"},\"inLanguage\":\"tr\",\"potentialAction\":[{\"@type\":\"ReadAction\",\"target\":[\"https:\/\/myvize.com.tr\/yenizelanda\/form-ve-dilekce\/vize-basvuru-formu\/\"]}]},{\"@type\":\"BreadcrumbList\",\"@id\":\"https:\/\/myvize.com.tr\/yenizelanda\/form-ve-dilekce\/vize-basvuru-formu\/#breadcrumb\",\"itemListElement\":[{\"@type\":\"ListItem\",\"position\":1,\"name\":\"Anasayfa\",\"item\":\"https:\/\/myvize.com.tr\/yenizelanda\/\"},{\"@type\":\"ListItem\",\"position\":2,\"name\":\"FORM VE D\u0130LEK\u00c7E\",\"item\":\"https:\/\/myvize.com.tr\/yenizelanda\/form-ve-dilekce\/\"},{\"@type\":\"ListItem\",\"position\":3,\"name\":\"Yeni Zelanda Vizesi Ba\u015fvuru Formu\"}]},{\"@type\":\"WebSite\",\"@id\":\"https:\/\/myvize.com.tr\/yenizelanda\/#website\",\"url\":\"https:\/\/myvize.com.tr\/yenizelanda\/\",\"name\":\"Yeni Zelanda Vizesi\",\"description\":\"\",\"potentialAction\":[{\"@type\":\"SearchAction\",\"target\":{\"@type\":\"EntryPoint\",\"urlTemplate\":\"https:\/\/myvize.com.tr\/yenizelanda\/?s={search_term_string}\"},\"query-input\":{\"@type\":\"PropertyValueSpecification\",\"valueRequired\":true,\"valueName\":\"search_term_string\"}}],\"inLanguage\":\"tr\"}]}<\/script>\n<!-- \/ Yoast SEO plugin. -->","yoast_head_json":{"title":"Yeni Zelanda Vize Ba\u015fvuru Formu - MyVize","description":"Yeni Zelanda vize ba\u015fvuru formuna dair g\u00fcncel veriler. Yeni Zelanda vize ba\u015fvuru formu g\u00f6rsel anlat\u0131m. Yeni Zelanda vize ba\u015fvurusu 2022.","robots":{"index":"index","follow":"follow","max-snippet":"max-snippet:-1","max-image-preview":"max-image-preview:large","max-video-preview":"max-video-preview:-1"},"canonical":"https:\/\/myvize.com.tr\/yenizelanda\/form-ve-dilekce\/vize-basvuru-formu\/","og_locale":"tr_TR","og_type":"article","og_title":"Yeni Zelanda Vize Ba\u015fvuru Formu - MyVize","og_description":"Yeni Zelanda vize ba\u015fvuru formuna dair g\u00fcncel veriler. Yeni Zelanda vize ba\u015fvuru formu g\u00f6rsel anlat\u0131m. Yeni Zelanda vize ba\u015fvurusu 2022.","og_url":"https:\/\/myvize.com.tr\/yenizelanda\/form-ve-dilekce\/vize-basvuru-formu\/","og_site_name":"Yeni Zelanda Vizesi","article_modified_time":"2022-01-19T12:12:05+00:00","twitter_card":"summary_large_image","twitter_misc":{"Tahmini okuma s\u00fcresi":"2 dakika"},"schema":{"@context":"https:\/\/schema.org","@graph":[{"@type":"WebPage","@id":"https:\/\/myvize.com.tr\/yenizelanda\/form-ve-dilekce\/vize-basvuru-formu\/","url":"https:\/\/myvize.com.tr\/yenizelanda\/form-ve-dilekce\/vize-basvuru-formu\/","name":"Yeni Zelanda Vize Ba\u015fvuru Formu - MyVize","isPartOf":{"@id":"https:\/\/myvize.com.tr\/yenizelanda\/#website"},"datePublished":"2021-01-15T13:40:55+00:00","dateModified":"2022-01-19T12:12:05+00:00","description":"Yeni Zelanda vize ba\u015fvuru formuna dair g\u00fcncel veriler. Yeni Zelanda vize ba\u015fvuru formu g\u00f6rsel anlat\u0131m. Yeni Zelanda vize ba\u015fvurusu 2022.","breadcrumb":{"@id":"https:\/\/myvize.com.tr\/yenizelanda\/form-ve-dilekce\/vize-basvuru-formu\/#breadcrumb"},"inLanguage":"tr","potentialAction":[{"@type":"ReadAction","target":["https:\/\/myvize.com.tr\/yenizelanda\/form-ve-dilekce\/vize-basvuru-formu\/"]}]},{"@type":"BreadcrumbList","@id":"https:\/\/myvize.com.tr\/yenizelanda\/form-ve-dilekce\/vize-basvuru-formu\/#breadcrumb","itemListElement":[{"@type":"ListItem","position":1,"name":"Anasayfa","item":"https:\/\/myvize.com.tr\/yenizelanda\/"},{"@type":"ListItem","position":2,"name":"FORM VE D\u0130LEK\u00c7E","item":"https:\/\/myvize.com.tr\/yenizelanda\/form-ve-dilekce\/"},{"@type":"ListItem","position":3,"name":"Yeni Zelanda Vizesi Ba\u015fvuru Formu"}]},{"@type":"WebSite","@id":"https:\/\/myvize.com.tr\/yenizelanda\/#website","url":"https:\/\/myvize.com.tr\/yenizelanda\/","name":"Yeni Zelanda Vizesi","description":"","potentialAction":[{"@type":"SearchAction","target":{"@type":"EntryPoint","urlTemplate":"https:\/\/myvize.com.tr\/yenizelanda\/?s={search_term_string}"},"query-input":{"@type":"PropertyValueSpecification","valueRequired":true,"valueName":"search_term_string"}}],"inLanguage":"tr"}]}},"_links":{"self":[{"href":"https:\/\/myvize.com.tr\/yenizelanda\/wp-json\/wp\/v2\/pages\/244","targetHints":{"allow":["GET"]}}],"collection":[{"href":"https:\/\/myvize.com.tr\/yenizelanda\/wp-json\/wp\/v2\/pages"}],"about":[{"href":"https:\/\/myvize.com.tr\/yenizelanda\/wp-json\/wp\/v2\/types\/page"}],"author":[{"embeddable":true,"href":"https:\/\/myvize.com.tr\/yenizelanda\/wp-json\/wp\/v2\/users\/1"}],"replies":[{"embeddable":true,"href":"https:\/\/myvize.com.tr\/yenizelanda\/wp-json\/wp\/v2\/comments?post=244"}],"version-history":[{"count":5,"href":"https:\/\/myvize.com.tr\/yenizelanda\/wp-json\/wp\/v2\/pages\/244\/revisions"}],"predecessor-version":[{"id":595,"href":"https:\/\/myvize.com.tr\/yenizelanda\/wp-json\/wp\/v2\/pages\/244\/revisions\/595"}],"up":[{"embeddable":true,"href":"https:\/\/myvize.com.tr\/yenizelanda\/wp-json\/wp\/v2\/pages\/144"}],"wp:attachment":[{"href":"https:\/\/myvize.com.tr\/yenizelanda\/wp-json\/wp\/v2\/media?parent=244"}],"curies":[{"name":"wp","href":"https:\/\/api.w.org\/{rel}","templated":true}]}}