{"id":242,"date":"2021-01-15T16:40:37","date_gmt":"2021-01-15T13:40:37","guid":{"rendered":"https:\/\/myvize.com.tr\/yenizelanda\/?page_id=242"},"modified":"2022-01-13T15:25:46","modified_gmt":"2022-01-13T12:25:46","slug":"turistik-vize-dilekce-ornegi","status":"publish","type":"page","link":"https:\/\/myvize.com.tr\/yenizelanda\/form-ve-dilekce\/turistik-vize-dilekce-ornegi\/","title":{"rendered":"Yeni Zelanda Turistik Vize Dilek\u00e7e \u00d6rne\u011fi"},"content":{"rendered":"<h2><span style=\"font-family: Roboto; font-size: 27px;\"><strong>Yeni Zelanda Turistik Vize Dilek\u00e7e \u00d6rne\u011fi Hakk\u0131nda<\/strong><\/span><\/h2>\n<p><span style=\"font-family: Roboto; font-size: 14px;\">Yeni Zelanda turistik ama\u00e7 ile seyahat edecek ki\u015finin \u00fclkeye yapaca\u011f\u0131 seyahate ili\u015fkin <span style=\"color: #2acec2;\"><strong><a style=\"color: #2acec2;\" href=\"https:\/\/myvize.com.tr\/yenizelanda\/konsolosluklar\/yenizelanda-istanbul-fahri-konsoloslugu\/\" target=\"_blank\" rel=\"noopener\">Yeni Zelanda \u0130stanbul Ba\u015fkonsoloslu\u011fu<\/a><\/strong><\/span> hitaben Yeni Zelanda Turistik Vize talep dilek\u00e7esi yazmal\u0131. <strong>Yeni Zelanda Turistik vize talep dilek\u00e7esi<\/strong> yaz\u0131l\u0131rken dikkat edilme gereken husus a\u015fa\u011f\u0131daki gibidir.<\/span><br \/>\n<span style=\"font-family: Roboto; font-size: 14px;\">\u00dclkeye yapacak seyahatin ama\u00e7lar\u0131 net olarak ifade edilmeli. \u00d6rne\u011fin; Turistik bir tur kat\u0131lacak ki\u015filer <strong>Yeni Zelanda Turistik vize<\/strong> talep dilek\u00e7esine kat\u0131laca\u011f\u0131 turdan bahsetmesi ve varsa tur ile ilgili belgenin dosyas\u0131na eklemelidir.<\/span><br \/>\n<span style=\"font-family: Roboto; font-size: 14px;\">Seyahat tarihi a\u00e7\u0131k\u00e7a yaz\u0131lmal\u0131. <strong>Yeni Zelanda Turistik Vize ba\u015fvurusu<\/strong>nda bulunacak ki\u015fiyi Yeni Zelanda Turistik vize talep dilek\u00e7esinde \u00fclkeye giri\u015f yapaca\u011f\u0131 tarih, \u00fclkeden ayr\u0131laca\u011f\u0131 tarihi ve ayn\u0131 s\u00fcre\u00e7 i\u00e7inde ba\u015fka bir \u00fclkeye ge\u00e7i\u015f yapaca\u011f\u0131 bir seyahat var ise bu seyahatin tarihini a\u00e7\u0131k\u00e7a yazmal\u0131d\u0131r.<\/span><br \/>\n<span style=\"font-family: Roboto; font-size: 14px;\">Seyahat masraf\u0131n\u0131n nas\u0131l kar\u015f\u0131lanaca\u011f\u0131 a\u00e7\u0131k\u00e7a ifade edilmeli.<strong> Yeni Zelanda Turistik Vizesi Talep Dilek\u00e7esi<\/strong> yaz\u0131l\u0131rken ki\u015filerin seyahati s\u00fcresince olu\u015facak masraf\u0131n\u0131n nas\u0131l kar\u015f\u0131lanaca\u011f\u0131 net olarak ifade edilmeli.<\/span><br \/>\n<span style=\"font-family: Roboto; font-size: 14px;\"><strong>Yeni Zelanda Konsoloslu\u011fa Turistik vizesi<\/strong> ba\u015fvurusuna sunulan belge ile <span style=\"color: #2acec2;\"><strong><a style=\"color: #2acec2;\" href=\"https:\/\/myvize.com.tr\/yenizelanda\/vize-islemleri\/yenizelanda-turistik-vize\/\" target=\"_blank\" rel=\"noopener\">Yeni Zelanda Turistik vize<\/a><\/strong><\/span>\u00a0talep dilek\u00e7esi yer verilen ifadenin birbirini destekleyici olmas\u0131 dikkat edilmelidir.<\/span><\/p>\n","protected":false},"excerpt":{"rendered":"<p>Yeni Zelanda Turistik Vize Dilek\u00e7e \u00d6rne\u011fi Hakk\u0131nda Yeni Zelanda turistik ama\u00e7 ile seyahat edecek ki\u015finin \u00fclkeye yapaca\u011f\u0131 seyahate ili\u015fkin Yeni Zelanda \u0130stanbul Ba\u015fkonsoloslu\u011fu hitaben Yeni Zelanda Turistik Vize talep dilek\u00e7esi yazmal\u0131. Yeni Zelanda Turistik vize talep dilek\u00e7esi yaz\u0131l\u0131rken dikkat edilme gereken husus a\u015fa\u011f\u0131daki gibidir. \u00dclkeye yapacak seyahatin ama\u00e7lar\u0131 net olarak ifade edilmeli. \u00d6rne\u011fin; Turistik bir<\/p>\n","protected":false},"author":1,"featured_media":0,"parent":144,"menu_order":0,"comment_status":"closed","ping_status":"closed","template":"","meta":{"footnotes":""},"class_list":["post-242","page","type-page","status-publish","hentry"],"yoast_head":"<!-- This site is optimized with the Yoast SEO plugin v24.0 - https:\/\/yoast.com\/wordpress\/plugins\/seo\/ -->\n<title>Yeni Zelanda Turistik Vizesi Dilek\u00e7e \u00d6rne\u011fi - MyVize<\/title>\n<meta name=\"description\" content=\"Yeni Zelanda turistik vizesi dilek\u00e7e \u00f6rnekleri g\u00fcncel 2022 g\u00f6rselleri. Yeni Zelanda turistik vizesi dilek\u00e7e \u00f6rne\u011fi nas\u0131l yaz\u0131l\u0131r?\" \/>\n<meta name=\"robots\" content=\"index, follow, max-snippet:-1, max-image-preview:large, max-video-preview:-1\" \/>\n<link rel=\"canonical\" href=\"https:\/\/myvize.com.tr\/yenizelanda\/form-ve-dilekce\/turistik-vize-dilekce-ornegi\/\" \/>\n<meta property=\"og:locale\" content=\"tr_TR\" \/>\n<meta property=\"og:type\" content=\"article\" \/>\n<meta property=\"og:title\" content=\"Yeni Zelanda Turistik Vizesi Dilek\u00e7e \u00d6rne\u011fi - MyVize\" \/>\n<meta property=\"og:description\" content=\"Yeni Zelanda turistik vizesi dilek\u00e7e \u00f6rnekleri g\u00fcncel 2022 g\u00f6rselleri. Yeni Zelanda turistik vizesi dilek\u00e7e \u00f6rne\u011fi nas\u0131l yaz\u0131l\u0131r?\" \/>\n<meta property=\"og:url\" content=\"https:\/\/myvize.com.tr\/yenizelanda\/form-ve-dilekce\/turistik-vize-dilekce-ornegi\/\" \/>\n<meta property=\"og:site_name\" content=\"Yeni Zelanda Vizesi\" \/>\n<meta property=\"article:modified_time\" content=\"2022-01-13T12:25:46+00:00\" \/>\n<meta name=\"twitter:card\" content=\"summary_large_image\" \/>\n<meta name=\"twitter:label1\" content=\"Tahmini okuma s\u00fcresi\" \/>\n\t<meta name=\"twitter:data1\" content=\"1 dakika\" \/>\n<script type=\"application\/ld+json\" class=\"yoast-schema-graph\">{\"@context\":\"https:\/\/schema.org\",\"@graph\":[{\"@type\":\"WebPage\",\"@id\":\"https:\/\/myvize.com.tr\/yenizelanda\/form-ve-dilekce\/turistik-vize-dilekce-ornegi\/\",\"url\":\"https:\/\/myvize.com.tr\/yenizelanda\/form-ve-dilekce\/turistik-vize-dilekce-ornegi\/\",\"name\":\"Yeni Zelanda Turistik Vizesi Dilek\u00e7e \u00d6rne\u011fi - MyVize\",\"isPartOf\":{\"@id\":\"https:\/\/myvize.com.tr\/yenizelanda\/#website\"},\"datePublished\":\"2021-01-15T13:40:37+00:00\",\"dateModified\":\"2022-01-13T12:25:46+00:00\",\"description\":\"Yeni Zelanda turistik vizesi dilek\u00e7e \u00f6rnekleri g\u00fcncel 2022 g\u00f6rselleri. Yeni Zelanda turistik vizesi dilek\u00e7e \u00f6rne\u011fi nas\u0131l yaz\u0131l\u0131r?\",\"breadcrumb\":{\"@id\":\"https:\/\/myvize.com.tr\/yenizelanda\/form-ve-dilekce\/turistik-vize-dilekce-ornegi\/#breadcrumb\"},\"inLanguage\":\"tr\",\"potentialAction\":[{\"@type\":\"ReadAction\",\"target\":[\"https:\/\/myvize.com.tr\/yenizelanda\/form-ve-dilekce\/turistik-vize-dilekce-ornegi\/\"]}]},{\"@type\":\"BreadcrumbList\",\"@id\":\"https:\/\/myvize.com.tr\/yenizelanda\/form-ve-dilekce\/turistik-vize-dilekce-ornegi\/#breadcrumb\",\"itemListElement\":[{\"@type\":\"ListItem\",\"position\":1,\"name\":\"Anasayfa\",\"item\":\"https:\/\/myvize.com.tr\/yenizelanda\/\"},{\"@type\":\"ListItem\",\"position\":2,\"name\":\"FORM VE D\u0130LEK\u00c7E\",\"item\":\"https:\/\/myvize.com.tr\/yenizelanda\/form-ve-dilekce\/\"},{\"@type\":\"ListItem\",\"position\":3,\"name\":\"Yeni Zelanda Turistik Vize Dilek\u00e7e \u00d6rne\u011fi\"}]},{\"@type\":\"WebSite\",\"@id\":\"https:\/\/myvize.com.tr\/yenizelanda\/#website\",\"url\":\"https:\/\/myvize.com.tr\/yenizelanda\/\",\"name\":\"Yeni Zelanda Vizesi\",\"description\":\"\",\"potentialAction\":[{\"@type\":\"SearchAction\",\"target\":{\"@type\":\"EntryPoint\",\"urlTemplate\":\"https:\/\/myvize.com.tr\/yenizelanda\/?s={search_term_string}\"},\"query-input\":{\"@type\":\"PropertyValueSpecification\",\"valueRequired\":true,\"valueName\":\"search_term_string\"}}],\"inLanguage\":\"tr\"}]}<\/script>\n<!-- \/ Yoast SEO plugin. -->","yoast_head_json":{"title":"Yeni Zelanda Turistik Vizesi Dilek\u00e7e \u00d6rne\u011fi - MyVize","description":"Yeni Zelanda turistik vizesi dilek\u00e7e \u00f6rnekleri g\u00fcncel 2022 g\u00f6rselleri. Yeni Zelanda turistik vizesi dilek\u00e7e \u00f6rne\u011fi nas\u0131l yaz\u0131l\u0131r?","robots":{"index":"index","follow":"follow","max-snippet":"max-snippet:-1","max-image-preview":"max-image-preview:large","max-video-preview":"max-video-preview:-1"},"canonical":"https:\/\/myvize.com.tr\/yenizelanda\/form-ve-dilekce\/turistik-vize-dilekce-ornegi\/","og_locale":"tr_TR","og_type":"article","og_title":"Yeni Zelanda Turistik Vizesi Dilek\u00e7e \u00d6rne\u011fi - MyVize","og_description":"Yeni Zelanda turistik vizesi dilek\u00e7e \u00f6rnekleri g\u00fcncel 2022 g\u00f6rselleri. Yeni Zelanda turistik vizesi dilek\u00e7e \u00f6rne\u011fi nas\u0131l yaz\u0131l\u0131r?","og_url":"https:\/\/myvize.com.tr\/yenizelanda\/form-ve-dilekce\/turistik-vize-dilekce-ornegi\/","og_site_name":"Yeni Zelanda Vizesi","article_modified_time":"2022-01-13T12:25:46+00:00","twitter_card":"summary_large_image","twitter_misc":{"Tahmini okuma s\u00fcresi":"1 dakika"},"schema":{"@context":"https:\/\/schema.org","@graph":[{"@type":"WebPage","@id":"https:\/\/myvize.com.tr\/yenizelanda\/form-ve-dilekce\/turistik-vize-dilekce-ornegi\/","url":"https:\/\/myvize.com.tr\/yenizelanda\/form-ve-dilekce\/turistik-vize-dilekce-ornegi\/","name":"Yeni Zelanda Turistik Vizesi Dilek\u00e7e \u00d6rne\u011fi - MyVize","isPartOf":{"@id":"https:\/\/myvize.com.tr\/yenizelanda\/#website"},"datePublished":"2021-01-15T13:40:37+00:00","dateModified":"2022-01-13T12:25:46+00:00","description":"Yeni Zelanda turistik vizesi dilek\u00e7e \u00f6rnekleri g\u00fcncel 2022 g\u00f6rselleri. Yeni Zelanda turistik vizesi dilek\u00e7e \u00f6rne\u011fi nas\u0131l yaz\u0131l\u0131r?","breadcrumb":{"@id":"https:\/\/myvize.com.tr\/yenizelanda\/form-ve-dilekce\/turistik-vize-dilekce-ornegi\/#breadcrumb"},"inLanguage":"tr","potentialAction":[{"@type":"ReadAction","target":["https:\/\/myvize.com.tr\/yenizelanda\/form-ve-dilekce\/turistik-vize-dilekce-ornegi\/"]}]},{"@type":"BreadcrumbList","@id":"https:\/\/myvize.com.tr\/yenizelanda\/form-ve-dilekce\/turistik-vize-dilekce-ornegi\/#breadcrumb","itemListElement":[{"@type":"ListItem","position":1,"name":"Anasayfa","item":"https:\/\/myvize.com.tr\/yenizelanda\/"},{"@type":"ListItem","position":2,"name":"FORM VE D\u0130LEK\u00c7E","item":"https:\/\/myvize.com.tr\/yenizelanda\/form-ve-dilekce\/"},{"@type":"ListItem","position":3,"name":"Yeni Zelanda Turistik Vize Dilek\u00e7e \u00d6rne\u011fi"}]},{"@type":"WebSite","@id":"https:\/\/myvize.com.tr\/yenizelanda\/#website","url":"https:\/\/myvize.com.tr\/yenizelanda\/","name":"Yeni Zelanda Vizesi","description":"","potentialAction":[{"@type":"SearchAction","target":{"@type":"EntryPoint","urlTemplate":"https:\/\/myvize.com.tr\/yenizelanda\/?s={search_term_string}"},"query-input":{"@type":"PropertyValueSpecification","valueRequired":true,"valueName":"search_term_string"}}],"inLanguage":"tr"}]}},"_links":{"self":[{"href":"https:\/\/myvize.com.tr\/yenizelanda\/wp-json\/wp\/v2\/pages\/242","targetHints":{"allow":["GET"]}}],"collection":[{"href":"https:\/\/myvize.com.tr\/yenizelanda\/wp-json\/wp\/v2\/pages"}],"about":[{"href":"https:\/\/myvize.com.tr\/yenizelanda\/wp-json\/wp\/v2\/types\/page"}],"author":[{"embeddable":true,"href":"https:\/\/myvize.com.tr\/yenizelanda\/wp-json\/wp\/v2\/users\/1"}],"replies":[{"embeddable":true,"href":"https:\/\/myvize.com.tr\/yenizelanda\/wp-json\/wp\/v2\/comments?post=242"}],"version-history":[{"count":5,"href":"https:\/\/myvize.com.tr\/yenizelanda\/wp-json\/wp\/v2\/pages\/242\/revisions"}],"predecessor-version":[{"id":603,"href":"https:\/\/myvize.com.tr\/yenizelanda\/wp-json\/wp\/v2\/pages\/242\/revisions\/603"}],"up":[{"embeddable":true,"href":"https:\/\/myvize.com.tr\/yenizelanda\/wp-json\/wp\/v2\/pages\/144"}],"wp:attachment":[{"href":"https:\/\/myvize.com.tr\/yenizelanda\/wp-json\/wp\/v2\/media?parent=242"}],"curies":[{"name":"wp","href":"https:\/\/api.w.org\/{rel}","templated":true}]}}