{"id":238,"date":"2021-01-15T16:40:00","date_gmt":"2021-01-15T13:40:00","guid":{"rendered":"https:\/\/myvize.com.tr\/yenizelanda\/?page_id=238"},"modified":"2022-01-19T15:11:59","modified_gmt":"2022-01-19T12:11:59","slug":"vize-islem-takip-belgesi","status":"publish","type":"page","link":"https:\/\/myvize.com.tr\/yenizelanda\/form-ve-dilekce\/vize-islem-takip-belgesi\/","title":{"rendered":"Yeni Zelanda Vize \u0130\u015flem Takip Belgesi"},"content":{"rendered":"<h2><span style=\"font-family: Roboto; font-size: 27px;\"><strong>Yeni Zelanda Vize Takip Formu\u00a0<\/strong><\/span><\/h2>\n<p><span style=\"font-family: Roboto; font-size: 14px;\"><strong>Yeni Zelanda vize takip formu<\/strong> size ba\u015fvuraca\u011f\u0131n\u0131z vize merkezi arac\u0131l\u0131\u011f\u0131yla temin edilecek. Daha sonras\u0131 formda bulunan bilgiyi tam ve eksiksiz olarak doldurmak gerekmekte. Formda bildirdi\u011fini adresiniz ile kayd\u0131n bulundu\u011fu ve resmi evrakalar olarak g\u00f6sterece\u011finiz <strong>yerle\u015fim yeri belgesi<\/strong> aras\u0131 bir uyumsuzluk olmamas\u0131 gerekmekte. Aksi durumda bu durum <strong>vize merkezleri<\/strong> ve yetkili makamlardan olan konsolosluk ya da b\u00fcy\u00fckel\u00e7ilik yan\u0131lmas\u0131na sebebiyeti verecektir. E\u011fer seyahat etme istedi\u011finiz \u00fclke Yeni Zelanda \u00a0ise \u00f6ncelikle <span style=\"color: #2acec2;\"><strong><a style=\"color: #2acec2;\" href=\"https:\/\/myvize.com.tr\/yenizelanda\/vize-islemleri\/yenizelanda-vizesi\/\" target=\"_blank\" rel=\"noopener\">Yeni Zelanda vizesi<\/a><\/strong><\/span> alman\u0131z gerekmektedir. Buna kar\u015f\u0131l\u0131\u011f\u0131 Yeni Zelanda b\u00f6lgesi s\u0131n\u0131rlar\u0131 i\u00e7erisinde konaklayaca\u011f\u0131n\u0131z \u00fclke Yeni Zelanda\u2019dan daha \u00e7ok kalma s\u00fcresine sahip olmas\u0131 durumunda, sizin kal\u0131\u015f s\u00fcre olarak daha fazla olan \u00fclke de vize i\u00e7in ba\u015fvuru yapma zorunda olacaks\u0131n\u0131z. Bu \u015fekilde yapmad\u0131\u011f\u0131n\u0131z durumda <span style=\"color: #2acec2;\"><strong><a style=\"color: #2acec2;\" href=\"https:\/\/myvize.com.tr\/yenizelanda\/yeni-zelanda-vize-basvurusu\/\" target=\"_blank\" rel=\"noopener\">Yeni Zelanda vize ba\u015fvurusu<\/a><\/strong><\/span> kabul edilmeyecektir ya da seyahat boyunca duraca\u011f\u0131 Yeni Zelanda&#8217;dan \u00e7\u0131kma isterseniz, \u00e7ok giri\u015f bir vize almak gerekecektir. Bunu da Yeni Zelanda vize takip formu belgesine belirtmek gerekecektir. <strong>Yeni Zelanda vize ba\u015fvuru formu <\/strong>Yeni Zelanda konsoloslu\u011fu taraf\u0131ndan ilgili ki\u015finin vize i\u015flemini ba\u015flatabilmesi i\u00e7in haz\u0131rlanan bir evrakt\u0131r.<\/span><\/p>\n","protected":false},"excerpt":{"rendered":"<p>Yeni Zelanda Vize Takip Formu\u00a0 Yeni Zelanda vize takip formu size ba\u015fvuraca\u011f\u0131n\u0131z vize merkezi arac\u0131l\u0131\u011f\u0131yla temin edilecek. Daha sonras\u0131 formda bulunan bilgiyi tam ve eksiksiz olarak doldurmak gerekmekte. Formda bildirdi\u011fini adresiniz ile kayd\u0131n bulundu\u011fu ve resmi evrakalar olarak g\u00f6sterece\u011finiz yerle\u015fim yeri belgesi aras\u0131 bir uyumsuzluk olmamas\u0131 gerekmekte. Aksi durumda bu durum vize merkezleri ve yetkili<\/p>\n","protected":false},"author":1,"featured_media":0,"parent":144,"menu_order":0,"comment_status":"closed","ping_status":"closed","template":"","meta":{"footnotes":""},"class_list":["post-238","page","type-page","status-publish","hentry"],"yoast_head":"<!-- This site is optimized with the Yoast SEO plugin v24.0 - https:\/\/yoast.com\/wordpress\/plugins\/seo\/ -->\n<title>Yeni Zelanda Vize Takip Belgesi - MyVize<\/title>\n<meta name=\"description\" content=\"Yeni Zelanda vize takip belgesi ile online olarak takibini yapabilirsiniz. Takip edebilmeniz i\u00e7in gerekli olan alanlar\u0131 doldurman\u0131z gerekir.\" \/>\n<meta name=\"robots\" content=\"index, follow, max-snippet:-1, max-image-preview:large, max-video-preview:-1\" \/>\n<link rel=\"canonical\" href=\"https:\/\/myvize.com.tr\/yenizelanda\/form-ve-dilekce\/vize-islem-takip-belgesi\/\" \/>\n<meta property=\"og:locale\" content=\"tr_TR\" \/>\n<meta property=\"og:type\" content=\"article\" \/>\n<meta property=\"og:title\" content=\"Yeni Zelanda Vize Takip Belgesi - MyVize\" \/>\n<meta property=\"og:description\" content=\"Yeni Zelanda vize takip belgesi ile online olarak takibini yapabilirsiniz. Takip edebilmeniz i\u00e7in gerekli olan alanlar\u0131 doldurman\u0131z gerekir.\" \/>\n<meta property=\"og:url\" content=\"https:\/\/myvize.com.tr\/yenizelanda\/form-ve-dilekce\/vize-islem-takip-belgesi\/\" \/>\n<meta property=\"og:site_name\" content=\"Yeni Zelanda Vizesi\" \/>\n<meta property=\"article:modified_time\" content=\"2022-01-19T12:11:59+00:00\" \/>\n<meta name=\"twitter:card\" content=\"summary_large_image\" \/>\n<meta name=\"twitter:label1\" content=\"Tahmini okuma s\u00fcresi\" \/>\n\t<meta name=\"twitter:data1\" content=\"1 dakika\" \/>\n<script type=\"application\/ld+json\" class=\"yoast-schema-graph\">{\"@context\":\"https:\/\/schema.org\",\"@graph\":[{\"@type\":\"WebPage\",\"@id\":\"https:\/\/myvize.com.tr\/yenizelanda\/form-ve-dilekce\/vize-islem-takip-belgesi\/\",\"url\":\"https:\/\/myvize.com.tr\/yenizelanda\/form-ve-dilekce\/vize-islem-takip-belgesi\/\",\"name\":\"Yeni Zelanda Vize Takip Belgesi - MyVize\",\"isPartOf\":{\"@id\":\"https:\/\/myvize.com.tr\/yenizelanda\/#website\"},\"datePublished\":\"2021-01-15T13:40:00+00:00\",\"dateModified\":\"2022-01-19T12:11:59+00:00\",\"description\":\"Yeni Zelanda vize takip belgesi ile online olarak takibini yapabilirsiniz. Takip edebilmeniz i\u00e7in gerekli olan alanlar\u0131 doldurman\u0131z gerekir.\",\"breadcrumb\":{\"@id\":\"https:\/\/myvize.com.tr\/yenizelanda\/form-ve-dilekce\/vize-islem-takip-belgesi\/#breadcrumb\"},\"inLanguage\":\"tr\",\"potentialAction\":[{\"@type\":\"ReadAction\",\"target\":[\"https:\/\/myvize.com.tr\/yenizelanda\/form-ve-dilekce\/vize-islem-takip-belgesi\/\"]}]},{\"@type\":\"BreadcrumbList\",\"@id\":\"https:\/\/myvize.com.tr\/yenizelanda\/form-ve-dilekce\/vize-islem-takip-belgesi\/#breadcrumb\",\"itemListElement\":[{\"@type\":\"ListItem\",\"position\":1,\"name\":\"Anasayfa\",\"item\":\"https:\/\/myvize.com.tr\/yenizelanda\/\"},{\"@type\":\"ListItem\",\"position\":2,\"name\":\"FORM VE D\u0130LEK\u00c7E\",\"item\":\"https:\/\/myvize.com.tr\/yenizelanda\/form-ve-dilekce\/\"},{\"@type\":\"ListItem\",\"position\":3,\"name\":\"Yeni Zelanda Vize \u0130\u015flem Takip Belgesi\"}]},{\"@type\":\"WebSite\",\"@id\":\"https:\/\/myvize.com.tr\/yenizelanda\/#website\",\"url\":\"https:\/\/myvize.com.tr\/yenizelanda\/\",\"name\":\"Yeni Zelanda Vizesi\",\"description\":\"\",\"potentialAction\":[{\"@type\":\"SearchAction\",\"target\":{\"@type\":\"EntryPoint\",\"urlTemplate\":\"https:\/\/myvize.com.tr\/yenizelanda\/?s={search_term_string}\"},\"query-input\":{\"@type\":\"PropertyValueSpecification\",\"valueRequired\":true,\"valueName\":\"search_term_string\"}}],\"inLanguage\":\"tr\"}]}<\/script>\n<!-- \/ Yoast SEO plugin. -->","yoast_head_json":{"title":"Yeni Zelanda Vize Takip Belgesi - MyVize","description":"Yeni Zelanda vize takip belgesi ile online olarak takibini yapabilirsiniz. Takip edebilmeniz i\u00e7in gerekli olan alanlar\u0131 doldurman\u0131z gerekir.","robots":{"index":"index","follow":"follow","max-snippet":"max-snippet:-1","max-image-preview":"max-image-preview:large","max-video-preview":"max-video-preview:-1"},"canonical":"https:\/\/myvize.com.tr\/yenizelanda\/form-ve-dilekce\/vize-islem-takip-belgesi\/","og_locale":"tr_TR","og_type":"article","og_title":"Yeni Zelanda Vize Takip Belgesi - MyVize","og_description":"Yeni Zelanda vize takip belgesi ile online olarak takibini yapabilirsiniz. Takip edebilmeniz i\u00e7in gerekli olan alanlar\u0131 doldurman\u0131z gerekir.","og_url":"https:\/\/myvize.com.tr\/yenizelanda\/form-ve-dilekce\/vize-islem-takip-belgesi\/","og_site_name":"Yeni Zelanda Vizesi","article_modified_time":"2022-01-19T12:11:59+00:00","twitter_card":"summary_large_image","twitter_misc":{"Tahmini okuma s\u00fcresi":"1 dakika"},"schema":{"@context":"https:\/\/schema.org","@graph":[{"@type":"WebPage","@id":"https:\/\/myvize.com.tr\/yenizelanda\/form-ve-dilekce\/vize-islem-takip-belgesi\/","url":"https:\/\/myvize.com.tr\/yenizelanda\/form-ve-dilekce\/vize-islem-takip-belgesi\/","name":"Yeni Zelanda Vize Takip Belgesi - MyVize","isPartOf":{"@id":"https:\/\/myvize.com.tr\/yenizelanda\/#website"},"datePublished":"2021-01-15T13:40:00+00:00","dateModified":"2022-01-19T12:11:59+00:00","description":"Yeni Zelanda vize takip belgesi ile online olarak takibini yapabilirsiniz. Takip edebilmeniz i\u00e7in gerekli olan alanlar\u0131 doldurman\u0131z gerekir.","breadcrumb":{"@id":"https:\/\/myvize.com.tr\/yenizelanda\/form-ve-dilekce\/vize-islem-takip-belgesi\/#breadcrumb"},"inLanguage":"tr","potentialAction":[{"@type":"ReadAction","target":["https:\/\/myvize.com.tr\/yenizelanda\/form-ve-dilekce\/vize-islem-takip-belgesi\/"]}]},{"@type":"BreadcrumbList","@id":"https:\/\/myvize.com.tr\/yenizelanda\/form-ve-dilekce\/vize-islem-takip-belgesi\/#breadcrumb","itemListElement":[{"@type":"ListItem","position":1,"name":"Anasayfa","item":"https:\/\/myvize.com.tr\/yenizelanda\/"},{"@type":"ListItem","position":2,"name":"FORM VE D\u0130LEK\u00c7E","item":"https:\/\/myvize.com.tr\/yenizelanda\/form-ve-dilekce\/"},{"@type":"ListItem","position":3,"name":"Yeni Zelanda Vize \u0130\u015flem Takip Belgesi"}]},{"@type":"WebSite","@id":"https:\/\/myvize.com.tr\/yenizelanda\/#website","url":"https:\/\/myvize.com.tr\/yenizelanda\/","name":"Yeni Zelanda Vizesi","description":"","potentialAction":[{"@type":"SearchAction","target":{"@type":"EntryPoint","urlTemplate":"https:\/\/myvize.com.tr\/yenizelanda\/?s={search_term_string}"},"query-input":{"@type":"PropertyValueSpecification","valueRequired":true,"valueName":"search_term_string"}}],"inLanguage":"tr"}]}},"_links":{"self":[{"href":"https:\/\/myvize.com.tr\/yenizelanda\/wp-json\/wp\/v2\/pages\/238","targetHints":{"allow":["GET"]}}],"collection":[{"href":"https:\/\/myvize.com.tr\/yenizelanda\/wp-json\/wp\/v2\/pages"}],"about":[{"href":"https:\/\/myvize.com.tr\/yenizelanda\/wp-json\/wp\/v2\/types\/page"}],"author":[{"embeddable":true,"href":"https:\/\/myvize.com.tr\/yenizelanda\/wp-json\/wp\/v2\/users\/1"}],"replies":[{"embeddable":true,"href":"https:\/\/myvize.com.tr\/yenizelanda\/wp-json\/wp\/v2\/comments?post=238"}],"version-history":[{"count":5,"href":"https:\/\/myvize.com.tr\/yenizelanda\/wp-json\/wp\/v2\/pages\/238\/revisions"}],"predecessor-version":[{"id":545,"href":"https:\/\/myvize.com.tr\/yenizelanda\/wp-json\/wp\/v2\/pages\/238\/revisions\/545"}],"up":[{"embeddable":true,"href":"https:\/\/myvize.com.tr\/yenizelanda\/wp-json\/wp\/v2\/pages\/144"}],"wp:attachment":[{"href":"https:\/\/myvize.com.tr\/yenizelanda\/wp-json\/wp\/v2\/media?parent=238"}],"curies":[{"name":"wp","href":"https:\/\/api.w.org\/{rel}","templated":true}]}}