{"id":236,"date":"2021-01-15T16:39:16","date_gmt":"2021-01-15T13:39:16","guid":{"rendered":"https:\/\/myvize.com.tr\/yenizelanda\/?page_id=236"},"modified":"2022-01-13T15:20:42","modified_gmt":"2022-01-13T12:20:42","slug":"aile-birlesimi","status":"publish","type":"page","link":"https:\/\/myvize.com.tr\/yenizelanda\/vatandaslik\/aile-birlesimi\/","title":{"rendered":"Yeni Zelanda Aile Birle\u015fimi"},"content":{"rendered":"<h2><strong><span style=\"font-size: 27px; font-family: Roboto;\">Yeni Zelanda Aile Birle\u015fimi Vizesi<\/span><\/strong><\/h2>\n<p><img decoding=\"async\" src=\"https:\/\/myvize.com.tr\/yenizelanda\/wp-content\/uploads\/2021\/10\/15.jpg\" \/><\/p>\n","protected":false},"excerpt":{"rendered":"<p>Yeni Zelanda Aile Birle\u015fimi Vizesi<\/p>\n","protected":false},"author":1,"featured_media":0,"parent":141,"menu_order":0,"comment_status":"closed","ping_status":"closed","template":"","meta":{"footnotes":""},"class_list":["post-236","page","type-page","status-publish","hentry"],"yoast_head":"<!-- This site is optimized with the Yoast SEO plugin v24.0 - https:\/\/yoast.com\/wordpress\/plugins\/seo\/ -->\n<title>Yeni Zelanda Aile Birle\u015fimi Vizesi - Vize Ba\u015fvuru - MyVize<\/title>\n<meta name=\"description\" content=\"Yeni Zelanda aile birle\u015fimi vizesi i\u00e7in gerekli evraklar g\u00fcnceldir. Yeni Zelanda aile birle\u015fimi vizesi i\u00e7in neler gerekli ve \u015fartlar\u0131 neler?\" \/>\n<meta name=\"robots\" content=\"index, follow, max-snippet:-1, max-image-preview:large, max-video-preview:-1\" \/>\n<link rel=\"canonical\" href=\"https:\/\/myvize.com.tr\/yenizelanda\/vatandaslik\/aile-birlesimi\/\" \/>\n<meta property=\"og:locale\" content=\"tr_TR\" \/>\n<meta property=\"og:type\" content=\"article\" \/>\n<meta property=\"og:title\" content=\"Yeni Zelanda Aile Birle\u015fimi Vizesi - Vize Ba\u015fvuru - MyVize\" \/>\n<meta property=\"og:description\" content=\"Yeni Zelanda aile birle\u015fimi vizesi i\u00e7in gerekli evraklar g\u00fcnceldir. Yeni Zelanda aile birle\u015fimi vizesi i\u00e7in neler gerekli ve \u015fartlar\u0131 neler?\" \/>\n<meta property=\"og:url\" content=\"https:\/\/myvize.com.tr\/yenizelanda\/vatandaslik\/aile-birlesimi\/\" \/>\n<meta property=\"og:site_name\" content=\"Yeni Zelanda Vizesi\" \/>\n<meta property=\"article:modified_time\" content=\"2022-01-13T12:20:42+00:00\" \/>\n<meta property=\"og:image\" content=\"https:\/\/myvize.com.tr\/yenizelanda\/wp-content\/uploads\/2021\/10\/15.jpg\" \/>\n<meta name=\"twitter:card\" content=\"summary_large_image\" \/>\n<meta name=\"twitter:label1\" content=\"Tahmini okuma s\u00fcresi\" \/>\n\t<meta name=\"twitter:data1\" content=\"1 dakika\" \/>\n<script type=\"application\/ld+json\" class=\"yoast-schema-graph\">{\"@context\":\"https:\/\/schema.org\",\"@graph\":[{\"@type\":\"WebPage\",\"@id\":\"https:\/\/myvize.com.tr\/yenizelanda\/vatandaslik\/aile-birlesimi\/\",\"url\":\"https:\/\/myvize.com.tr\/yenizelanda\/vatandaslik\/aile-birlesimi\/\",\"name\":\"Yeni Zelanda Aile Birle\u015fimi Vizesi - Vize Ba\u015fvuru - MyVize\",\"isPartOf\":{\"@id\":\"https:\/\/myvize.com.tr\/yenizelanda\/#website\"},\"primaryImageOfPage\":{\"@id\":\"https:\/\/myvize.com.tr\/yenizelanda\/vatandaslik\/aile-birlesimi\/#primaryimage\"},\"image\":{\"@id\":\"https:\/\/myvize.com.tr\/yenizelanda\/vatandaslik\/aile-birlesimi\/#primaryimage\"},\"thumbnailUrl\":\"https:\/\/myvize.com.tr\/yenizelanda\/wp-content\/uploads\/2021\/10\/15.jpg\",\"datePublished\":\"2021-01-15T13:39:16+00:00\",\"dateModified\":\"2022-01-13T12:20:42+00:00\",\"description\":\"Yeni Zelanda aile birle\u015fimi vizesi i\u00e7in gerekli evraklar g\u00fcnceldir. Yeni Zelanda aile birle\u015fimi vizesi i\u00e7in neler gerekli ve \u015fartlar\u0131 neler?\",\"breadcrumb\":{\"@id\":\"https:\/\/myvize.com.tr\/yenizelanda\/vatandaslik\/aile-birlesimi\/#breadcrumb\"},\"inLanguage\":\"tr\",\"potentialAction\":[{\"@type\":\"ReadAction\",\"target\":[\"https:\/\/myvize.com.tr\/yenizelanda\/vatandaslik\/aile-birlesimi\/\"]}]},{\"@type\":\"ImageObject\",\"inLanguage\":\"tr\",\"@id\":\"https:\/\/myvize.com.tr\/yenizelanda\/vatandaslik\/aile-birlesimi\/#primaryimage\",\"url\":\"https:\/\/myvize.com.tr\/yenizelanda\/wp-content\/uploads\/2021\/10\/15.jpg\",\"contentUrl\":\"https:\/\/myvize.com.tr\/yenizelanda\/wp-content\/uploads\/2021\/10\/15.jpg\",\"width\":800,\"height\":500,\"caption\":\"Yeni Zelanda Aile Birle\u015fimi\"},{\"@type\":\"BreadcrumbList\",\"@id\":\"https:\/\/myvize.com.tr\/yenizelanda\/vatandaslik\/aile-birlesimi\/#breadcrumb\",\"itemListElement\":[{\"@type\":\"ListItem\",\"position\":1,\"name\":\"Anasayfa\",\"item\":\"https:\/\/myvize.com.tr\/yenizelanda\/\"},{\"@type\":\"ListItem\",\"position\":2,\"name\":\"VATANDA\u015eLIK\",\"item\":\"https:\/\/myvize.com.tr\/yenizelanda\/vatandaslik\/\"},{\"@type\":\"ListItem\",\"position\":3,\"name\":\"Yeni Zelanda Aile Birle\u015fimi\"}]},{\"@type\":\"WebSite\",\"@id\":\"https:\/\/myvize.com.tr\/yenizelanda\/#website\",\"url\":\"https:\/\/myvize.com.tr\/yenizelanda\/\",\"name\":\"Yeni Zelanda Vizesi\",\"description\":\"\",\"potentialAction\":[{\"@type\":\"SearchAction\",\"target\":{\"@type\":\"EntryPoint\",\"urlTemplate\":\"https:\/\/myvize.com.tr\/yenizelanda\/?s={search_term_string}\"},\"query-input\":{\"@type\":\"PropertyValueSpecification\",\"valueRequired\":true,\"valueName\":\"search_term_string\"}}],\"inLanguage\":\"tr\"}]}<\/script>\n<!-- \/ Yoast SEO plugin. -->","yoast_head_json":{"title":"Yeni Zelanda Aile Birle\u015fimi Vizesi - Vize Ba\u015fvuru - MyVize","description":"Yeni Zelanda aile birle\u015fimi vizesi i\u00e7in gerekli evraklar g\u00fcnceldir. Yeni Zelanda aile birle\u015fimi vizesi i\u00e7in neler gerekli ve \u015fartlar\u0131 neler?","robots":{"index":"index","follow":"follow","max-snippet":"max-snippet:-1","max-image-preview":"max-image-preview:large","max-video-preview":"max-video-preview:-1"},"canonical":"https:\/\/myvize.com.tr\/yenizelanda\/vatandaslik\/aile-birlesimi\/","og_locale":"tr_TR","og_type":"article","og_title":"Yeni Zelanda Aile Birle\u015fimi Vizesi - Vize Ba\u015fvuru - MyVize","og_description":"Yeni Zelanda aile birle\u015fimi vizesi i\u00e7in gerekli evraklar g\u00fcnceldir. Yeni Zelanda aile birle\u015fimi vizesi i\u00e7in neler gerekli ve \u015fartlar\u0131 neler?","og_url":"https:\/\/myvize.com.tr\/yenizelanda\/vatandaslik\/aile-birlesimi\/","og_site_name":"Yeni Zelanda Vizesi","article_modified_time":"2022-01-13T12:20:42+00:00","og_image":[{"url":"https:\/\/myvize.com.tr\/yenizelanda\/wp-content\/uploads\/2021\/10\/15.jpg","type":"","width":"","height":""}],"twitter_card":"summary_large_image","twitter_misc":{"Tahmini okuma s\u00fcresi":"1 dakika"},"schema":{"@context":"https:\/\/schema.org","@graph":[{"@type":"WebPage","@id":"https:\/\/myvize.com.tr\/yenizelanda\/vatandaslik\/aile-birlesimi\/","url":"https:\/\/myvize.com.tr\/yenizelanda\/vatandaslik\/aile-birlesimi\/","name":"Yeni Zelanda Aile Birle\u015fimi Vizesi - Vize Ba\u015fvuru - MyVize","isPartOf":{"@id":"https:\/\/myvize.com.tr\/yenizelanda\/#website"},"primaryImageOfPage":{"@id":"https:\/\/myvize.com.tr\/yenizelanda\/vatandaslik\/aile-birlesimi\/#primaryimage"},"image":{"@id":"https:\/\/myvize.com.tr\/yenizelanda\/vatandaslik\/aile-birlesimi\/#primaryimage"},"thumbnailUrl":"https:\/\/myvize.com.tr\/yenizelanda\/wp-content\/uploads\/2021\/10\/15.jpg","datePublished":"2021-01-15T13:39:16+00:00","dateModified":"2022-01-13T12:20:42+00:00","description":"Yeni Zelanda aile birle\u015fimi vizesi i\u00e7in gerekli evraklar g\u00fcnceldir. Yeni Zelanda aile birle\u015fimi vizesi i\u00e7in neler gerekli ve \u015fartlar\u0131 neler?","breadcrumb":{"@id":"https:\/\/myvize.com.tr\/yenizelanda\/vatandaslik\/aile-birlesimi\/#breadcrumb"},"inLanguage":"tr","potentialAction":[{"@type":"ReadAction","target":["https:\/\/myvize.com.tr\/yenizelanda\/vatandaslik\/aile-birlesimi\/"]}]},{"@type":"ImageObject","inLanguage":"tr","@id":"https:\/\/myvize.com.tr\/yenizelanda\/vatandaslik\/aile-birlesimi\/#primaryimage","url":"https:\/\/myvize.com.tr\/yenizelanda\/wp-content\/uploads\/2021\/10\/15.jpg","contentUrl":"https:\/\/myvize.com.tr\/yenizelanda\/wp-content\/uploads\/2021\/10\/15.jpg","width":800,"height":500,"caption":"Yeni Zelanda Aile Birle\u015fimi"},{"@type":"BreadcrumbList","@id":"https:\/\/myvize.com.tr\/yenizelanda\/vatandaslik\/aile-birlesimi\/#breadcrumb","itemListElement":[{"@type":"ListItem","position":1,"name":"Anasayfa","item":"https:\/\/myvize.com.tr\/yenizelanda\/"},{"@type":"ListItem","position":2,"name":"VATANDA\u015eLIK","item":"https:\/\/myvize.com.tr\/yenizelanda\/vatandaslik\/"},{"@type":"ListItem","position":3,"name":"Yeni Zelanda Aile Birle\u015fimi"}]},{"@type":"WebSite","@id":"https:\/\/myvize.com.tr\/yenizelanda\/#website","url":"https:\/\/myvize.com.tr\/yenizelanda\/","name":"Yeni Zelanda Vizesi","description":"","potentialAction":[{"@type":"SearchAction","target":{"@type":"EntryPoint","urlTemplate":"https:\/\/myvize.com.tr\/yenizelanda\/?s={search_term_string}"},"query-input":{"@type":"PropertyValueSpecification","valueRequired":true,"valueName":"search_term_string"}}],"inLanguage":"tr"}]}},"_links":{"self":[{"href":"https:\/\/myvize.com.tr\/yenizelanda\/wp-json\/wp\/v2\/pages\/236","targetHints":{"allow":["GET"]}}],"collection":[{"href":"https:\/\/myvize.com.tr\/yenizelanda\/wp-json\/wp\/v2\/pages"}],"about":[{"href":"https:\/\/myvize.com.tr\/yenizelanda\/wp-json\/wp\/v2\/types\/page"}],"author":[{"embeddable":true,"href":"https:\/\/myvize.com.tr\/yenizelanda\/wp-json\/wp\/v2\/users\/1"}],"replies":[{"embeddable":true,"href":"https:\/\/myvize.com.tr\/yenizelanda\/wp-json\/wp\/v2\/comments?post=236"}],"version-history":[{"count":4,"href":"https:\/\/myvize.com.tr\/yenizelanda\/wp-json\/wp\/v2\/pages\/236\/revisions"}],"predecessor-version":[{"id":537,"href":"https:\/\/myvize.com.tr\/yenizelanda\/wp-json\/wp\/v2\/pages\/236\/revisions\/537"}],"up":[{"embeddable":true,"href":"https:\/\/myvize.com.tr\/yenizelanda\/wp-json\/wp\/v2\/pages\/141"}],"wp:attachment":[{"href":"https:\/\/myvize.com.tr\/yenizelanda\/wp-json\/wp\/v2\/media?parent=236"}],"curies":[{"name":"wp","href":"https:\/\/api.w.org\/{rel}","templated":true}]}}