{"id":21,"date":"2021-06-01T12:00:19","date_gmt":"2021-06-01T09:00:19","guid":{"rendered":"https:\/\/myvize.com.tr\/yenizelanda\/?page_id=21"},"modified":"2022-05-16T16:33:21","modified_gmt":"2022-05-16T13:33:21","slug":"yenizelanda-turistik-vize","status":"publish","type":"page","link":"https:\/\/myvize.com.tr\/yenizelanda\/vize-islemleri\/yenizelanda-turistik-vize\/","title":{"rendered":"Yeni Zelanda Turistik Vize"},"content":{"rendered":"<p><span style=\"font-family: Roboto;\"><\/span><\/p>\r\n<h2 class=\"wp-block-heading\"><span style=\"font-family: Roboto; font-size: 27px;\"><strong>Yeni Zelanda Turistik Vize Hakk\u0131nda<\/strong><\/span><\/h2>\r\n<p><span style=\"font-family: Roboto; font-size: 14px;\">\r\n\r\n<\/span><\/p>\r\n<p><span style=\"font-family: Roboto; font-size: 14px;\"><span style=\"color: #2acec2;\"><strong><a style=\"color: #2acec2;\" href=\"https:\/\/myvize.com.tr\/yenizelanda\/vize-islemleri\/yenizelanda-vizesi\/\" target=\"_blank\" rel=\"noopener\">Yeni Zelanda vizesi\u00a0<\/a><\/strong><\/span>\u00fclkeye sadece turistik ama\u00e7lar ile giri\u015f yapacak olan vatanda\u015flara verilen vize t\u00fcr\u00fcd\u00fcr. Yeni Zelanda Milletler Toplulu\u011fu ad\u0131 ile bilinen Yeni Zelanda bir\u00e7ok \u00fclke ile vize s\u00f6zle\u015fmesine tabidir ve vize s\u00fcresi dolan vatanda\u015flardan vize yenileme talebinde bulunur.<\/span><\/p>\r\n<p><span style=\"font-family: Roboto; font-size: 14px;\">\r\n\r\n<\/span><\/p>\r\n<p><span style=\"font-family: Roboto; font-size: 14px;\"><strong>Yeni Zelanda turistik vize<\/strong>\u00a0ba\u015fvurular\u0131n\u0131n \u0130ngilizce dilinde haz\u0131rlanmas\u0131 gerekir. Herhangi bir noter onay\u0131na gerek olmadan haz\u0131rlanabilen ba\u015fvuru formu \u00e7evirmen ka\u015fesi ve imzas\u0131 ile ge\u00e7erlilik kazan\u0131r.<\/span><\/p>\r\n<h2><span style=\"font-family: Roboto; font-size: 27px;\"><strong>Yeni Zelanda Vizesi Nas\u0131l Al\u0131n\u0131r?<\/strong><\/span><\/h2>\r\n<p><span style=\"font-family: Roboto; font-size: 14px;\"><strong>Yeni Zelanda vize<\/strong> alacak olan ki\u015finin dikkat etmesi gereken son derece \u00f6nemli detay bulunmaktad\u0131r. Bu detay\u0131n i\u00e7inde ilk olarak pasaportun g\u00fcncel olmas\u0131 ve ba\u015fvuru formu vize t\u00fcr\u00fcne uygun doldurulmu\u015f olmas\u0131 gerekmekte. Vize merkezleri sizlere bu konuda en iyi \u015fekilde hizmetler veriyor ve bu s\u00fcreci daha kolay bir bi\u00e7imde atman\u0131za yard\u0131mc\u0131 oluyor. <strong>Yeni Zelanda vize i\u015flemi<\/strong> s\u0131ras\u0131nda \u00f6denmesi gereken \u00fccret konusunda da firmalardan bilgi alabilmeniz m\u00fcmk\u00fcn olmakta.<\/span><br \/><span style=\"font-family: Roboto; font-size: 14px;\">Yeni Zelanda seyahatleri konusunda ki\u015fi vize almak zorunda. Vize i\u015flemi son derece karma\u015f\u0131k oldu\u011funda bu s\u00fcre\u00e7te profesyonel yard\u0131m al\u0131nmas\u0131 gerekli. <strong>Yeni Zelanda vizesi <\/strong>nas\u0131l al\u0131n\u0131r konusunda son derecede profesyonel bir \u015fekilde hizmetler alabilirsiniz. Bu hizmet s\u0131ras\u0131nda randevu al\u0131nmas\u0131 ve di\u011fer t\u00fcm prosed\u00fcr eksiksiz olarak yerine getirilmekte. Profesyonelin vermi\u015f oldu\u011fu t\u00fcm hizmet de vize i\u015flemi konusunda her belge olmas\u0131 gerekti\u011fi gibi haz\u0131rlanmakta. <strong>Yeni Zelanda vizesi<\/strong> alacak olan ki\u015fi uygun bir pasaport sahip olmak zorunda. Pasaportu \u00e7ok eski olan bu belgeyi yenilemek durumundad\u0131r. Bununla beraber ba\u015fvuru formunu mutlaka belirtilen kritere uygun bir \u015fekilde doldurulmak da son derece \u00f6nemlidir.<\/span><\/p>\r\n<h2><span style=\"font-family: Roboto; font-size: 27px;\"><strong>Yeni Zelanda Vizesi Nereden Al\u0131n\u0131r?<\/strong><\/span><\/h2>\r\n<p><span style=\"font-family: Roboto; font-size: 14px;\">\r\n\r\n<\/span><\/p>\r\n<p><span style=\"font-family: Roboto; font-size: 14px;\"><strong>Yeni Zelanda vize ba\u015fvurusu\u00a0<\/strong>Ankara\u2019da bulunan Yeni Zelanda B\u00fcy\u00fckel\u00e7ili\u011fi arac\u0131l\u0131\u011f\u0131 ile yap\u0131labilir. \u00a0Bizzat konsoloslu\u011fa gitmek yerine resmi vize i\u015flemi ger\u00e7ekle\u015ftiren acenteler ile de ileti\u015fime ge\u00e7erek vize ba\u015fvurusunda bulunulabilir. Ba\u015fvuru merkezlerine yap\u0131lacak m\u00fcracaat\u0131n ard\u0131ndan gerekli evraklar\u0131n haz\u0131rlanmas\u0131 ile konsoloslu\u011fa g\u00f6nderilen evraklar de\u011ferlendirme s\u00fcrecine al\u0131n\u0131r ve olumlu geri d\u00f6n\u00fc\u015f alan vatanda\u015flar\u00a0<strong>Yeni Zelanda vizesi<\/strong>\u00a0sahibi olabilir.<\/span><\/p>\r\n<h2><span style=\"font-family: Roboto; font-size: 27px;\"><strong>Yeni Zelanda Turistik Vize Ba\u015fvurusu<\/strong><\/span><\/h2>\r\n<p><span style=\"font-family: Roboto; font-size: 14px;\">\r\n\r\n<\/span><\/p>\r\n<p><span style=\"font-family: Roboto; font-size: 14px;\">Yeni Zelanda\u2019ya turist olarak gitmeyi d\u00fc\u015f\u00fcn\u00fcyorsan\u0131z mutlaka vize i\u015flemlerinizi tam zaman\u0131nda yapt\u0131rmal\u0131s\u0131n\u0131z. Vize evraklar\u0131n\u0131z\u0131\u00a0<strong>Yeni Zelanda turistik vize ba\u015fvurusu<\/strong>\u00a0s\u0131ras\u0131nda eksiksiz olarak konsolosluklara ya da yetkili vize merkezlerine teslim etmeniz gerekmektedir.\u00a0<strong>Yeni Zelanda turistik vize ba\u015fvurusu<\/strong>\u00a0yapmay\u0131 d\u00fc\u015f\u00fcn\u00fcyorsan\u0131z en \u00e7ok dilek\u00e7e gibi evraklara \u00f6nem vermeniz gerekmektedir.<\/span><\/p>\r\n<p><span style=\"font-family: Roboto; font-size: 14px;\">\r\n\r\n<\/span><\/p>\r\n<h3 class=\"wp-block-heading\"><span style=\"font-family: Roboto; font-size: 24px;\"><strong>Yeni Zelanda Turistik Vize \u0130\u00e7in \u0130stenen Evraklar Nelerdir?<\/strong><\/span><\/h3>\r\n<p><span style=\"font-family: Roboto; font-size: 14px;\">\r\n\r\n<\/span><\/p>\r\n<p><span style=\"font-family: Roboto; font-size: 14px;\"><strong>Yeni Zelanda turistik vizesi\u00a0<\/strong>i\u00e7in vatanda\u015flardan istenen evraklar \u015fu \u015fekildedir;<\/span><\/p>\r\n<p><span style=\"font-family: Roboto; font-size: 14px;\">\r\n\r\n<\/span><\/p>\r\n<ul class=\"wp-block-list\">\r\n<li><span style=\"font-family: Roboto; font-size: 14px;\">Ba\u015fvuru sahibine ait pasaport asl\u0131 ve fotokopisi,<\/span><\/li>\r\n<li><span style=\"font-family: Roboto; font-size: 14px;\">2 adet biyometrik foto\u011fraf,<\/span><\/li>\r\n<li><span style=\"font-family: Roboto; font-size: 14px;\">Ba\u015fvuru dilek\u00e7e formu,<\/span><\/li>\r\n<li><span style=\"font-family: Roboto; font-size: 14px;\">Kimlik fotokopileri,<\/span><\/li>\r\n<li><span style=\"font-family: Roboto; font-size: 14px;\">Adli sicil kayd\u0131,<\/span><\/li>\r\n<li><span style=\"font-family: Roboto; font-size: 14px;\">Konaklama ve u\u00e7ak bileti bilgileri,<\/span><\/li>\r\n<li><span style=\"font-family: Roboto; font-size: 14px;\">Son 3 ay\u0131 i\u00e7eren banka hesap \u00f6zeti,<\/span><\/li>\r\n<li><span style=\"font-family: Roboto; font-size: 14px;\">Ge\u00e7mi\u015fe ait vize ve pasaportlar,<\/span><\/li>\r\n<li><span style=\"font-family: Roboto; font-size: 14px;\">30.Euro kapsaml\u0131 seyahat sa\u011fl\u0131k sigortas\u0131.<\/span><\/li>\r\n<\/ul>\r\n<p><span style=\"font-family: Roboto; font-size: 14px;\">\r\n\r\n<\/span><\/p>\r\n<p><span style=\"font-family: Roboto; font-size: 14px;\">Genel olarak istenen evraklar bunlar olmakla birlikte ek evraklar\u0131n istenmesi de muhtemeldir. Vatanda\u015flar ilgili yerler ile ileti\u015fime ge\u00e7erek evraklar hakk\u0131nda daha detayl\u0131 bilgiye sahip olabilirler.<\/span><\/p>\r\n<p><span style=\"font-family: Roboto; font-size: 14px;\"> <img decoding=\"async\" src=\"https:\/\/myvize.com.tr\/yenizelanda\/wp-content\/uploads\/2021\/10\/5.jpg\" \/> <\/span><\/p>\r\n<p><span style=\"font-family: Roboto; font-size: 14px;\">\r\n\r\n<\/span><\/p>\r\n<p><span style=\"font-family: Roboto; font-size: 14px;\">\r\n\r\n<\/span><\/p>\r\n<h3 class=\"wp-block-heading\"><span style=\"font-family: Roboto; font-size: 24px;\"><strong>Yeni Zelanda Turistik Vize Talep Dilek\u00e7esi Nas\u0131l Yaz\u0131l\u0131r?<\/strong><\/span><\/h3>\r\n<p><span style=\"font-family: Roboto; font-size: 14px;\">\r\n\r\n<\/span><\/p>\r\n<p><span style=\"font-family: Roboto; font-size: 14px;\"><strong>Yeni Zelanda turistik vize ba\u015fvurusu<\/strong>\u00a0s\u0131ras\u0131nda dilek\u00e7e belgesinin her t\u00fcrl\u00fc seyahat detay\u0131n\u0131n yer ald\u0131\u011f\u0131ndan emin olman\u0131z gerekiyor. \u00a0Vize i\u015flemleri konusunda bilgisi olmayan ki\u015filerin \u00f6zellikle ba\u015fvuru formunu ve dilek\u00e7elerini \u0131slak imzal\u0131 olarak sunmalar\u0131 gereklidir.\u00a0<strong>Yeni Zelanda turistik vize ba\u015fvurusu<\/strong>\u00a0s\u0131ras\u0131nda bir sorun olmamas\u0131 i\u00e7in dilek\u00e7enin g\u00fcncel tarihli olmas\u0131 ve istenilen dilde olmas\u0131 gereklidir.<\/span><\/p>\r\n<p><span style=\"font-family: Roboto; font-size: 14px;\"><span style=\"color: #2acec2;\"><strong><a style=\"color: #2acec2;\" href=\"https:\/\/myvize.com.tr\/yenizelanda\/vize-islemleri\/yenizelanda-ticari-vize\/\" target=\"_blank\" rel=\"noopener\">Yeni Zelanda Ticari Vize<\/a><\/strong><\/span> ile ilgili bilgi almak i\u00e7in bizi aray\u0131n\u0131z.<\/span><\/p>\r\n<p><span style=\"font-family: Roboto;\"><\/span><\/p>","protected":false},"excerpt":{"rendered":"<p>Yeni Zelanda Turistik Vize Hakk\u0131nda Yeni Zelanda vizesi\u00a0\u00fclkeye sadece turistik ama\u00e7lar ile giri\u015f yapacak olan vatanda\u015flara verilen vize t\u00fcr\u00fcd\u00fcr. Yeni Zelanda Milletler Toplulu\u011fu ad\u0131 ile bilinen Yeni Zelanda bir\u00e7ok \u00fclke ile vize s\u00f6zle\u015fmesine tabidir ve vize s\u00fcresi dolan vatanda\u015flardan vize yenileme talebinde bulunur. Yeni Zelanda turistik vize\u00a0ba\u015fvurular\u0131n\u0131n \u0130ngilizce dilinde haz\u0131rlanmas\u0131 gerekir. Herhangi bir noter onay\u0131na<\/p>\n","protected":false},"author":1,"featured_media":0,"parent":18,"menu_order":0,"comment_status":"closed","ping_status":"closed","template":"","meta":{"footnotes":""},"class_list":["post-21","page","type-page","status-publish","hentry"],"yoast_head":"<!-- This site is optimized with the Yoast SEO plugin v24.0 - https:\/\/yoast.com\/wordpress\/plugins\/seo\/ -->\n<title>Yeni Zelanda Turistik Vize - Yeni Zelanda Vizesi - MyVize<\/title>\n<meta name=\"description\" content=\"Yeni Zelanda Turistik Vizesi i\u00e7in gerekli evraklar g\u00fcncel. Yeni Zelanda Turistik Vizesi i\u00e7in randevu al\u0131m\u0131 ve i\u015flem s\u00fcreci g\u00f6rsel anlat\u0131m.\" \/>\n<meta name=\"robots\" content=\"index, follow, max-snippet:-1, max-image-preview:large, max-video-preview:-1\" \/>\n<link rel=\"canonical\" href=\"https:\/\/myvize.com.tr\/yenizelanda\/vize-islemleri\/yenizelanda-turistik-vize\/\" \/>\n<meta property=\"og:locale\" content=\"tr_TR\" \/>\n<meta property=\"og:type\" content=\"article\" \/>\n<meta property=\"og:title\" content=\"Yeni Zelanda Turistik Vize - Yeni Zelanda Vizesi - MyVize\" \/>\n<meta property=\"og:description\" content=\"Yeni Zelanda Turistik Vizesi i\u00e7in gerekli evraklar g\u00fcncel. Yeni Zelanda Turistik Vizesi i\u00e7in randevu al\u0131m\u0131 ve i\u015flem s\u00fcreci g\u00f6rsel anlat\u0131m.\" \/>\n<meta property=\"og:url\" content=\"https:\/\/myvize.com.tr\/yenizelanda\/vize-islemleri\/yenizelanda-turistik-vize\/\" \/>\n<meta property=\"og:site_name\" content=\"Yeni Zelanda Vizesi\" \/>\n<meta property=\"article:modified_time\" content=\"2022-05-16T13:33:21+00:00\" \/>\n<meta property=\"og:image\" content=\"https:\/\/myvize.com.tr\/yenizelanda\/wp-content\/uploads\/2021\/10\/5.jpg\" \/>\n<meta name=\"twitter:card\" content=\"summary_large_image\" \/>\n<meta name=\"twitter:label1\" content=\"Tahmini okuma s\u00fcresi\" \/>\n\t<meta name=\"twitter:data1\" content=\"3 dakika\" \/>\n<script type=\"application\/ld+json\" class=\"yoast-schema-graph\">{\"@context\":\"https:\/\/schema.org\",\"@graph\":[{\"@type\":\"WebPage\",\"@id\":\"https:\/\/myvize.com.tr\/yenizelanda\/vize-islemleri\/yenizelanda-turistik-vize\/\",\"url\":\"https:\/\/myvize.com.tr\/yenizelanda\/vize-islemleri\/yenizelanda-turistik-vize\/\",\"name\":\"Yeni Zelanda Turistik Vize - Yeni Zelanda Vizesi - MyVize\",\"isPartOf\":{\"@id\":\"https:\/\/myvize.com.tr\/yenizelanda\/#website\"},\"primaryImageOfPage\":{\"@id\":\"https:\/\/myvize.com.tr\/yenizelanda\/vize-islemleri\/yenizelanda-turistik-vize\/#primaryimage\"},\"image\":{\"@id\":\"https:\/\/myvize.com.tr\/yenizelanda\/vize-islemleri\/yenizelanda-turistik-vize\/#primaryimage\"},\"thumbnailUrl\":\"https:\/\/myvize.com.tr\/yenizelanda\/wp-content\/uploads\/2021\/10\/5.jpg\",\"datePublished\":\"2021-06-01T09:00:19+00:00\",\"dateModified\":\"2022-05-16T13:33:21+00:00\",\"description\":\"Yeni Zelanda Turistik Vizesi i\u00e7in gerekli evraklar g\u00fcncel. Yeni Zelanda Turistik Vizesi i\u00e7in randevu al\u0131m\u0131 ve i\u015flem s\u00fcreci g\u00f6rsel anlat\u0131m.\",\"breadcrumb\":{\"@id\":\"https:\/\/myvize.com.tr\/yenizelanda\/vize-islemleri\/yenizelanda-turistik-vize\/#breadcrumb\"},\"inLanguage\":\"tr\",\"potentialAction\":[{\"@type\":\"ReadAction\",\"target\":[\"https:\/\/myvize.com.tr\/yenizelanda\/vize-islemleri\/yenizelanda-turistik-vize\/\"]}]},{\"@type\":\"ImageObject\",\"inLanguage\":\"tr\",\"@id\":\"https:\/\/myvize.com.tr\/yenizelanda\/vize-islemleri\/yenizelanda-turistik-vize\/#primaryimage\",\"url\":\"https:\/\/myvize.com.tr\/yenizelanda\/wp-content\/uploads\/2021\/10\/5.jpg\",\"contentUrl\":\"https:\/\/myvize.com.tr\/yenizelanda\/wp-content\/uploads\/2021\/10\/5.jpg\",\"width\":800,\"height\":500,\"caption\":\"Yeni Zelanda Turistik Vize\"},{\"@type\":\"BreadcrumbList\",\"@id\":\"https:\/\/myvize.com.tr\/yenizelanda\/vize-islemleri\/yenizelanda-turistik-vize\/#breadcrumb\",\"itemListElement\":[{\"@type\":\"ListItem\",\"position\":1,\"name\":\"Anasayfa\",\"item\":\"https:\/\/myvize.com.tr\/yenizelanda\/\"},{\"@type\":\"ListItem\",\"position\":2,\"name\":\"V\u0130ZE \u0130\u015eLEMLER\u0130\",\"item\":\"https:\/\/myvize.com.tr\/yenizelanda\/vize-islemleri\/\"},{\"@type\":\"ListItem\",\"position\":3,\"name\":\"Yeni Zelanda Turistik Vize\"}]},{\"@type\":\"WebSite\",\"@id\":\"https:\/\/myvize.com.tr\/yenizelanda\/#website\",\"url\":\"https:\/\/myvize.com.tr\/yenizelanda\/\",\"name\":\"Yeni Zelanda Vizesi\",\"description\":\"\",\"potentialAction\":[{\"@type\":\"SearchAction\",\"target\":{\"@type\":\"EntryPoint\",\"urlTemplate\":\"https:\/\/myvize.com.tr\/yenizelanda\/?s={search_term_string}\"},\"query-input\":{\"@type\":\"PropertyValueSpecification\",\"valueRequired\":true,\"valueName\":\"search_term_string\"}}],\"inLanguage\":\"tr\"}]}<\/script>\n<!-- \/ Yoast SEO plugin. -->","yoast_head_json":{"title":"Yeni Zelanda Turistik Vize - Yeni Zelanda Vizesi - MyVize","description":"Yeni Zelanda Turistik Vizesi i\u00e7in gerekli evraklar g\u00fcncel. Yeni Zelanda Turistik Vizesi i\u00e7in randevu al\u0131m\u0131 ve i\u015flem s\u00fcreci g\u00f6rsel anlat\u0131m.","robots":{"index":"index","follow":"follow","max-snippet":"max-snippet:-1","max-image-preview":"max-image-preview:large","max-video-preview":"max-video-preview:-1"},"canonical":"https:\/\/myvize.com.tr\/yenizelanda\/vize-islemleri\/yenizelanda-turistik-vize\/","og_locale":"tr_TR","og_type":"article","og_title":"Yeni Zelanda Turistik Vize - Yeni Zelanda Vizesi - MyVize","og_description":"Yeni Zelanda Turistik Vizesi i\u00e7in gerekli evraklar g\u00fcncel. Yeni Zelanda Turistik Vizesi i\u00e7in randevu al\u0131m\u0131 ve i\u015flem s\u00fcreci g\u00f6rsel anlat\u0131m.","og_url":"https:\/\/myvize.com.tr\/yenizelanda\/vize-islemleri\/yenizelanda-turistik-vize\/","og_site_name":"Yeni Zelanda Vizesi","article_modified_time":"2022-05-16T13:33:21+00:00","og_image":[{"url":"https:\/\/myvize.com.tr\/yenizelanda\/wp-content\/uploads\/2021\/10\/5.jpg","type":"","width":"","height":""}],"twitter_card":"summary_large_image","twitter_misc":{"Tahmini okuma s\u00fcresi":"3 dakika"},"schema":{"@context":"https:\/\/schema.org","@graph":[{"@type":"WebPage","@id":"https:\/\/myvize.com.tr\/yenizelanda\/vize-islemleri\/yenizelanda-turistik-vize\/","url":"https:\/\/myvize.com.tr\/yenizelanda\/vize-islemleri\/yenizelanda-turistik-vize\/","name":"Yeni Zelanda Turistik Vize - Yeni Zelanda Vizesi - MyVize","isPartOf":{"@id":"https:\/\/myvize.com.tr\/yenizelanda\/#website"},"primaryImageOfPage":{"@id":"https:\/\/myvize.com.tr\/yenizelanda\/vize-islemleri\/yenizelanda-turistik-vize\/#primaryimage"},"image":{"@id":"https:\/\/myvize.com.tr\/yenizelanda\/vize-islemleri\/yenizelanda-turistik-vize\/#primaryimage"},"thumbnailUrl":"https:\/\/myvize.com.tr\/yenizelanda\/wp-content\/uploads\/2021\/10\/5.jpg","datePublished":"2021-06-01T09:00:19+00:00","dateModified":"2022-05-16T13:33:21+00:00","description":"Yeni Zelanda Turistik Vizesi i\u00e7in gerekli evraklar g\u00fcncel. Yeni Zelanda Turistik Vizesi i\u00e7in randevu al\u0131m\u0131 ve i\u015flem s\u00fcreci g\u00f6rsel anlat\u0131m.","breadcrumb":{"@id":"https:\/\/myvize.com.tr\/yenizelanda\/vize-islemleri\/yenizelanda-turistik-vize\/#breadcrumb"},"inLanguage":"tr","potentialAction":[{"@type":"ReadAction","target":["https:\/\/myvize.com.tr\/yenizelanda\/vize-islemleri\/yenizelanda-turistik-vize\/"]}]},{"@type":"ImageObject","inLanguage":"tr","@id":"https:\/\/myvize.com.tr\/yenizelanda\/vize-islemleri\/yenizelanda-turistik-vize\/#primaryimage","url":"https:\/\/myvize.com.tr\/yenizelanda\/wp-content\/uploads\/2021\/10\/5.jpg","contentUrl":"https:\/\/myvize.com.tr\/yenizelanda\/wp-content\/uploads\/2021\/10\/5.jpg","width":800,"height":500,"caption":"Yeni Zelanda Turistik Vize"},{"@type":"BreadcrumbList","@id":"https:\/\/myvize.com.tr\/yenizelanda\/vize-islemleri\/yenizelanda-turistik-vize\/#breadcrumb","itemListElement":[{"@type":"ListItem","position":1,"name":"Anasayfa","item":"https:\/\/myvize.com.tr\/yenizelanda\/"},{"@type":"ListItem","position":2,"name":"V\u0130ZE \u0130\u015eLEMLER\u0130","item":"https:\/\/myvize.com.tr\/yenizelanda\/vize-islemleri\/"},{"@type":"ListItem","position":3,"name":"Yeni Zelanda Turistik Vize"}]},{"@type":"WebSite","@id":"https:\/\/myvize.com.tr\/yenizelanda\/#website","url":"https:\/\/myvize.com.tr\/yenizelanda\/","name":"Yeni Zelanda Vizesi","description":"","potentialAction":[{"@type":"SearchAction","target":{"@type":"EntryPoint","urlTemplate":"https:\/\/myvize.com.tr\/yenizelanda\/?s={search_term_string}"},"query-input":{"@type":"PropertyValueSpecification","valueRequired":true,"valueName":"search_term_string"}}],"inLanguage":"tr"}]}},"_links":{"self":[{"href":"https:\/\/myvize.com.tr\/yenizelanda\/wp-json\/wp\/v2\/pages\/21","targetHints":{"allow":["GET"]}}],"collection":[{"href":"https:\/\/myvize.com.tr\/yenizelanda\/wp-json\/wp\/v2\/pages"}],"about":[{"href":"https:\/\/myvize.com.tr\/yenizelanda\/wp-json\/wp\/v2\/types\/page"}],"author":[{"embeddable":true,"href":"https:\/\/myvize.com.tr\/yenizelanda\/wp-json\/wp\/v2\/users\/1"}],"replies":[{"embeddable":true,"href":"https:\/\/myvize.com.tr\/yenizelanda\/wp-json\/wp\/v2\/comments?post=21"}],"version-history":[{"count":11,"href":"https:\/\/myvize.com.tr\/yenizelanda\/wp-json\/wp\/v2\/pages\/21\/revisions"}],"predecessor-version":[{"id":612,"href":"https:\/\/myvize.com.tr\/yenizelanda\/wp-json\/wp\/v2\/pages\/21\/revisions\/612"}],"up":[{"embeddable":true,"href":"https:\/\/myvize.com.tr\/yenizelanda\/wp-json\/wp\/v2\/pages\/18"}],"wp:attachment":[{"href":"https:\/\/myvize.com.tr\/yenizelanda\/wp-json\/wp\/v2\/media?parent=21"}],"curies":[{"name":"wp","href":"https:\/\/api.w.org\/{rel}","templated":true}]}}