{"id":18,"date":"2020-11-30T08:50:13","date_gmt":"2020-11-30T05:50:13","guid":{"rendered":"https:\/\/myvize.com.tr\/yenizelanda\/?page_id=18"},"modified":"2022-05-16T16:30:37","modified_gmt":"2022-05-16T13:30:37","slug":"vize-islemleri","status":"publish","type":"page","link":"https:\/\/myvize.com.tr\/yenizelanda\/vize-islemleri\/","title":{"rendered":"V\u0130ZE \u0130\u015eLEMLER\u0130"},"content":{"rendered":"<p><span style=\"font-family: Roboto;\"><\/span><\/p>\r\n<p><span style=\"font-family: Roboto; font-size: 14px;\">Bir ada \u00fclkesi olan Yeni Zelanda, B\u00fcy\u00fck Okyanus\u2019ta bulunuyor. G\u00fcney Pasifik Adalar\u0131 aras\u0131nda yer alan bu egzotik \u00fclke her y\u0131l T\u00fcrk ve yabanc\u0131 bir\u00e7ok ki\u015finin ziyaret i\u00e7in ak\u0131n\u0131na u\u011fruyor. \u0130lgin\u00e7 do\u011fal g\u00fczellikleri olan Yeni Zelanda t\u00fcm pasaport sahiplerinden vize talebinde bulunuyor. Herhangi bir <strong>vize muafiyet<\/strong> olmayan \u00fclkenin <strong>vize t\u00fcrleri<\/strong> ise \u015fu \u015fekildedir:<\/span><\/p>\r\n<p><span style=\"font-family: Roboto; font-size: 14px;\">\r\n\r\n<\/span><\/p>\r\n<p><span style=\"font-family: Roboto; font-size: 14px;\">l Yeni Zelanda \u00f6\u011frenci vizesi<\/span><\/p>\r\n<p><span style=\"font-family: Roboto; font-size: 14px;\">\r\n\r\n<\/span><\/p>\r\n<p><span style=\"font-family: Roboto; font-size: 14px;\">l <strong><span style=\"color: #2acec2;\"><a style=\"color: #2acec2;\" href=\"https:\/\/myvize.com.tr\/yenizelanda\/vize-islemleri\/yenizelanda-turistik-vize\/\" target=\"_blank\" rel=\"noopener\">Yeni Zelanda turistik vize<\/a><\/span><\/strong><\/span><\/p>\r\n<p><span style=\"font-family: Roboto; font-size: 14px;\">\r\n\r\n<\/span><\/p>\r\n<p><span style=\"font-family: Roboto; font-size: 14px;\">l Yeni Zelanda Ticari\/ \u00c7al\u0131\u015fma vizesi<\/span><\/p>\r\n<p><span style=\"font-family: Roboto; font-size: 14px;\">\r\n\r\n<\/span><\/p>\r\n<p><span style=\"font-family: Roboto; font-size: 14px;\">l Yeni Zelanda aile ve arkada\u015f ziyareti vizesi<\/span><\/p>\r\n<p><span style=\"font-family: Roboto; font-size: 14px;\">\r\n\r\n<\/span><\/p>\r\n<p><span style=\"font-family: Roboto; font-size: 14px;\">Bu vize t\u00fcrlerinden herhangi biri i\u00e7in ki\u015filerin uygun \u015fekilde evrak haz\u0131rlamas\u0131 gereklidir. Evrak dosyan\u0131z\u0131 istenildi\u011fi \u015fekilde haz\u0131rlad\u0131\u011f\u0131n\u0131zda vizenizi k\u0131sa s\u00fcrede alabilirsiniz.<\/span><\/p>\r\n<p><span style=\"font-family: Roboto; font-size: 14px;\">\r\n\r\n<\/span><\/p>\r\n<h2><span style=\"font-family: Roboto; font-size: 27px;\"><strong>Yeni Zelanda Vizesi Nereden Al\u0131n\u0131r?<\/strong><\/span><\/h2>\r\n<p><span style=\"font-family: Roboto; font-size: 14px;\">\r\n\r\n<\/span><\/p>\r\n<p><span style=\"font-family: Roboto; font-size: 14px;\">Yeni Zelanda vizesini alabilmek i\u00e7in <strong>Ankara Yeni Zelanda B\u00fcy\u00fckel\u00e7ili\u011fi<\/strong>\u2019ne ba\u015fvurular\u0131n\u0131z\u0131 ger\u00e7ekle\u015ftirmeniz m\u00fcmk\u00fcnd\u00fcr. Buraya \u00f6\u011frenci ve turistik vize ba\u015fvurusu yapacak olan ki\u015filer evraklar\u0131n\u0131 teslim etmelidir.<\/span><\/p>\r\n<p><span style=\"font-family: Roboto; font-size: 14px;\"> <img decoding=\"async\" src=\"https:\/\/myvize.com.tr\/yenizelanda\/wp-content\/uploads\/2021\/10\/2.jpg\" \/> <\/span><\/p>\r\n<h2><span style=\"font-family: Roboto; font-size: 27px;\"><strong>Yeni Zelanda Vizesi Evraklar\u0131<\/strong><\/span><\/h2>\r\n<p><span style=\"font-family: Roboto; font-size: 14px;\">\r\n\r\n<\/span><\/p>\r\n<p><span style=\"font-family: Roboto; font-size: 14px;\"><strong>Yeni Zelanda vize evraklar\u0131<\/strong> farkl\u0131l\u0131k g\u00f6sterse de herkesin mutlaka bulundurmas\u0131 gereken belgeler vard\u0131r. Bu belgelerin ilki pasaporttur. Pasaportun istenilen g\u00fcncellikte olmas\u0131 \u00e7ok \u00f6nemlidir. Ba\u015fvuru formunu vize t\u00fcr\u00fcne g\u00f6re doldurmal\u0131 ve gerekli her bilgiyi eklemelisiniz. Vize dilek\u00e7enizin \u00fczerinde mutlaka \u0131slak imza bulunmas\u0131na \u00f6zen g\u00f6stermeniz gerekiyor. Seyahat amac\u0131n\u0131za uygun bir davetiyeniz bulunmas\u0131 da \u00f6nemli bir ayr\u0131nt\u0131d\u0131r. Biyometrik olarak \u00e7ekilmi\u015f olan foto\u011fraf\u0131n mutlaka 2 tane olmas\u0131 gerekiyor. Beyaz fonda 35*45 boyutunda olmas\u0131na \u00f6zen g\u00f6sterilmelidir. T\u00fcm bu evraklar\u0131 gerekti\u011fi \u015fekilde temin ettikten sonra vize \u00fccretlerini de yat\u0131rarak ba\u015fvurunuzu yapabilirsiniz. <strong>Vize \u00fccretleri<\/strong> de al\u0131nan vizenin t\u00fcr\u00fcne ve s\u00fcresine g\u00f6re de\u011fi\u015fecektir.<\/span><\/p>\r\n<p><span style=\"font-family: Roboto; font-size: 14px;\"><span style=\"color: #2acec2;\"><strong><a style=\"color: #2acec2;\" href=\"https:\/\/myvize.com.tr\/yenizelanda\/yeni-zelanda-vize-ucreti\/\" target=\"_blank\" rel=\"noopener\">Yeni Zelanda Vize \u00dccreti<\/a><\/strong><\/span> ile ilgili bilgi almak i\u00e7in bizi aray\u0131n\u0131z.<\/span><\/p>\r\n<p><span style=\"font-family: Roboto; font-size: 14px;\">\r\n\r\n<\/span><\/p>\r\n<h2><span style=\"font-family: Roboto; font-size: 27px;\"><strong>Yeni Zelanda Vizesi Ka\u00e7 G\u00fcnde \u00c7\u0131kar?<\/strong><\/span><\/h2>\r\n<p><span style=\"font-family: Roboto; font-size: 14px;\">\r\n\r\n<\/span><\/p>\r\n<p><span style=\"font-family: Roboto; font-size: 14px;\"><strong>Yeni Zelanda vizesi<\/strong> araya uzun tatil girmemi\u015f ise ve evrak eksi\u011finiz yok ise 7 i\u015f g\u00fcn\u00fc i\u00e7erisinde alabilirsiniz. Vizenin al\u0131m s\u00fcrecinin uzamas\u0131 s\u00f6z konusu olabilece\u011finden ki\u015filerin mutlaka vize i\u015flemlerini seyahatten 1 ay \u00f6nce ba\u015flatmas\u0131 gerekir.<\/span><\/p>\r\n<h2><strong><span style=\"font-family: Roboto; font-size: 27px;\">Yeni Zelanda Vize T\u00fcrleri<\/span><\/strong><\/h2>\r\n<p><span style=\"font-family: Roboto; font-size: 14px;\">Yeni Zelanda\u2019ya seyahat edecek olan T\u00fcrk vatanda\u015flar\u0131n\u0131n seyahatleri \u00f6ncesinde Yeni Zelanda vizesi almas\u0131 gerekmektedir. Yeni Zelanda vize ba\u015fvurular\u0131 Yeni Zelanda vize ba\u015fvuru t\u00fcr\u00fcne g\u00f6re yap\u0131lmal\u0131d\u0131r. Ba\u015fvuru yapabilece\u011finiz Yeni Zelanda vize t\u00fcrleri \u015fu \u015fekildedir.<\/span><\/p>\r\n<ul>\r\n<li><span style=\"font-family: Roboto; font-size: 14px;\"><strong>Yeni Zelanda Turistik Vizesi:\u00a0<\/strong>K\u00fclt\u00fcrel ama\u00e7la ya da tatil amac\u0131 ile Yeni Zelanda\u2019ya seyahat edecek olan T\u00fcrk vatanda\u015flar\u0131n\u0131n almas\u0131 gereken vize t\u00fcr\u00fc turistik vizedir.<\/span><\/li>\r\n<li><span style=\"font-family: Roboto; font-size: 14px;\"><strong>Yeni Zelanda Ticari Vizesi:<\/strong>\u00a0Konferans, seminer, kongre, i\u015f g\u00f6r\u00fc\u015fmesine kat\u0131lmak sat\u0131lan \u00fcr\u00fcn deste\u011fi vermek ve al\u0131nan \u00fcr\u00fcn deste\u011fi almak i\u00e7in al\u0131nabilecek vize t\u00fcr\u00fc Teni Zelanda ticari vizesidir. Yeni Zelanda ticari vizesi \u00fclkede \u00e7al\u0131\u015fma ya da \u00fcr\u00fcn satma yetkisi vermemektedir.<\/span><\/li>\r\n<li><span style=\"font-family: Roboto; font-size: 14px;\"><strong>Yeni Zelanda Aile Ziyareti Vizesi:<\/strong>\u00a0Yeni Zelanda\u2019da bulunan aile \u00fcyesini ya da arkada\u015f\u0131na ziyarette bulunmak isteyen ki\u015filer Yeni Zelanda aile ziyareti vizesi almal\u0131d\u0131r. Bunun i\u00e7in Yeni Zelanda\u2019da bulunan aile \u00fcyesinin Yeni Zelanda\u2019da yasal olarak ikamet etmesi gerekmektedir.<\/span><\/li>\r\n<li><span style=\"font-family: Roboto; font-size: 14px;\"><strong>Yeni Zelanda \u00d6\u011frenci Vizesi:<\/strong>\u00a0Yeni Zelanda\u2019da e\u011fitim g\u00f6rmek isteyen ki\u015filer Yeni Zelanda aile ziyareti vizesi almal\u0131d\u0131r.<\/span><\/li>\r\n<li><span style=\"font-family: Roboto; font-size: 14px;\"><strong>Yeni Zelanda \u00c7al\u0131\u015fma Vizesi:<\/strong>\u00a0Yeni Zelanda\u2019da \u00e7al\u0131\u015fmak isteyen T\u00fcrk vatanda\u015flar\u0131 bunun i\u00e7in Yeni Zelanda \u00e7al\u0131\u015fma izni almal\u0131d\u0131r.<\/span><\/li>\r\n<\/ul>\r\n<p><span style=\"font-family: Roboto; font-size: 14px;\"><span style=\"color: #2acec2;\"><strong><a style=\"color: #2acec2;\" href=\"https:\/\/myvize.com.tr\/yenizelanda\/vize-islemleri\/yenizelanda-vize-randevusu\/\" target=\"_blank\" rel=\"noopener\">Yeni Zelanda Vize Randevusu<\/a><\/strong><\/span> ile ilgili bilgi almak i\u00e7in bizi aray\u0131n\u0131z.<\/span><\/p>\r\n<h3><strong><span style=\"font-family: Roboto; font-size: 24px;\">Yeni Zelanda Vize \u0130\u015flemleri<\/span><\/strong><\/h3>\r\n<p><span style=\"font-family: Roboto; font-size: 14px;\">Yeni Zelanda\u2019ya seyahat edecek olan T\u00fcrk vatanda\u015flar\u0131n\u0131n pasaport t\u00fcr\u00fc fark etmeden vize alams\u0131 gerekmektedir. <strong>Yeni Zelanda vize i\u015flemleri<\/strong> yapacak olan ki\u015filer <strong>vize ba\u015fvurular\u0131<\/strong>n\u0131 a\u015fa\u011f\u0131daki \u015fekilde yapabilmektedir.<\/span><\/p>\r\n<ul>\r\n<li><span style=\"font-family: Roboto; font-size: 14px;\">Yeni Zelanda vize ba\u015fvurular\u0131; Yeni Zelanda\u2019n\u0131n T\u00fcrkiye\u2019deki temsilciliklerine yap\u0131labilir.<\/span><\/li>\r\n<li><span style=\"font-family: Roboto; font-size: 14px;\">Yeni Zelanda vize ba\u015fvurular\u0131; yetkilendirilmi\u015f vize ba\u015fvuru merkezleri ile yap\u0131labilir.<\/span><\/li>\r\n<li><span style=\"font-family: Roboto; font-size: 14px;\">Yeni Zelanda vize ba\u015fvurular\u0131; Yeni Zelanda Ankara B\u00fcy\u00fckel\u00e7ili\u011fi taraf\u0131ndan yetkilendirilmi\u015f seyahat acentelerine yap\u0131labilir.<\/span><\/li>\r\n<\/ul>\r\n<p><span style=\"font-family: Roboto; font-size: 15px;\"><strong>Yeni Zelanda temsilcilikleri ile vize ba\u015fvurusu;<\/strong><\/span><\/p>\r\n<p><span style=\"font-family: Roboto; font-size: 14px;\">Yeni Zelanda Ankara B\u00fcy\u00fckel\u00e7ili\u011fi\u2019ne vize ba\u015fvurusu yapacak olan T\u00fcrk vatanda\u015flar\u0131 ilk olarak Yeni Zelanda vize ba\u015fvuru formu doldurmal\u0131d\u0131r. Formu dolduran ki\u015filer gerekli olan belgeleri haz\u0131rlamal\u0131d\u0131r. \u00a0Belgeleri <strong>Yeni Zelanda Ankara B\u00fcy\u00fckel\u00e7ili\u011fi<\/strong>\u2019ne teslim etmelidir.<\/span><\/p>\r\n<p><span style=\"font-family: Roboto; font-size: 15px;\"><strong>Vize ba\u015fvuru merkezleri ve acentelere yap\u0131lacak ba\u015fvurular;<\/strong><\/span><\/p>\r\n<p><span style=\"font-family: Roboto; font-size: 14px;\">Yeni Zelanda vize ba\u015fvurular\u0131 Yeni Zelanda Ankara B\u00fcy\u00fckel\u00e7ili\u011fi taraf\u0131ndan yetkilendirilmi\u015f acenteler ve vize ba\u015fvuru merkezlerine yap\u0131labilir. Bunun i\u00e7in gerekli olan belgeler haz\u0131rlanarak Yeni Zelanda vize ba\u015fvuru merkezi ve acentelere teslim edilmesi gerekmektedir. Buradan ba\u015fvuru talebiniz <strong>Yeni Zelanda Ankara B\u00fcy\u00fckel\u00e7ili\u011fi<\/strong>\u2019ne iletilmektedir.<\/span><\/p>\r\n<p><span style=\"font-family: Roboto; font-size: 14px;\">Yeni Zelanda vize ba\u015fvurular\u0131 ortalama olarak 10-15 g\u00fcn i\u00e7erisinde sonu\u00e7lanmaktad\u0131r.<\/span><\/p>\r\n<p><span style=\"font-family: Roboto; font-size: 14px;\"><span style=\"color: #2acec2;\"><strong><a style=\"color: #2acec2;\" href=\"https:\/\/myvize.com.tr\/yenizelanda\/form-ve-dilekce\/vize-islem-takip-belgesi\/\" target=\"_blank\" rel=\"noopener\">Yeni Zelanda Vize \u0130\u015flem Takip Belgesi<\/a><\/strong><\/span> ile ilgili bilgi almak i\u00e7in bizi aray\u0131n\u0131z.<\/span><\/p>\r\n<p><span style=\"font-family: Roboto;\"><\/span><\/p>","protected":false},"excerpt":{"rendered":"<p>Bir ada \u00fclkesi olan Yeni Zelanda, B\u00fcy\u00fck Okyanus\u2019ta bulunuyor. G\u00fcney Pasifik Adalar\u0131 aras\u0131nda yer alan bu egzotik \u00fclke her y\u0131l T\u00fcrk ve yabanc\u0131 bir\u00e7ok ki\u015finin ziyaret i\u00e7in ak\u0131n\u0131na u\u011fruyor. \u0130lgin\u00e7 do\u011fal g\u00fczellikleri olan Yeni Zelanda t\u00fcm pasaport sahiplerinden vize talebinde bulunuyor. Herhangi bir vize muafiyet olmayan \u00fclkenin vize t\u00fcrleri ise \u015fu \u015fekildedir: l Yeni Zelanda<\/p>\n","protected":false},"author":1,"featured_media":0,"parent":0,"menu_order":0,"comment_status":"closed","ping_status":"closed","template":"","meta":{"footnotes":""},"class_list":["post-18","page","type-page","status-publish","hentry"],"yoast_head":"<!-- This site is optimized with the Yoast SEO plugin v24.0 - https:\/\/yoast.com\/wordpress\/plugins\/seo\/ -->\n<title>Yeni Zelanda Vize \u0130\u015flem Ba\u015fvurusu Hakk\u0131nda - MyVize<\/title>\n<meta name=\"description\" content=\"Yeni Zelanda vize i\u015flemleri gerekli evraklar g\u00fcncel. Yeni Zelanda vize i\u015flemleri randevu al\u0131m\u0131 ve i\u015flem s\u00fcreci g\u00f6rsel anlat\u0131m\u0131.\" \/>\n<meta name=\"robots\" content=\"index, follow, max-snippet:-1, max-image-preview:large, max-video-preview:-1\" \/>\n<link rel=\"canonical\" href=\"https:\/\/myvize.com.tr\/yenizelanda\/vize-islemleri\/\" \/>\n<meta property=\"og:locale\" content=\"tr_TR\" \/>\n<meta property=\"og:type\" content=\"article\" \/>\n<meta property=\"og:title\" content=\"Yeni Zelanda Vize \u0130\u015flem Ba\u015fvurusu Hakk\u0131nda - MyVize\" \/>\n<meta property=\"og:description\" content=\"Yeni Zelanda vize i\u015flemleri gerekli evraklar g\u00fcncel. Yeni Zelanda vize i\u015flemleri randevu al\u0131m\u0131 ve i\u015flem s\u00fcreci g\u00f6rsel anlat\u0131m\u0131.\" \/>\n<meta property=\"og:url\" content=\"https:\/\/myvize.com.tr\/yenizelanda\/vize-islemleri\/\" \/>\n<meta property=\"og:site_name\" content=\"Yeni Zelanda Vizesi\" \/>\n<meta property=\"article:modified_time\" content=\"2022-05-16T13:30:37+00:00\" \/>\n<meta property=\"og:image\" content=\"https:\/\/myvize.com.tr\/yenizelanda\/wp-content\/uploads\/2021\/10\/2.jpg\" \/>\n<meta name=\"twitter:card\" content=\"summary_large_image\" \/>\n<meta name=\"twitter:label1\" content=\"Tahmini okuma s\u00fcresi\" \/>\n\t<meta name=\"twitter:data1\" content=\"3 dakika\" \/>\n<script type=\"application\/ld+json\" class=\"yoast-schema-graph\">{\"@context\":\"https:\/\/schema.org\",\"@graph\":[{\"@type\":\"WebPage\",\"@id\":\"https:\/\/myvize.com.tr\/yenizelanda\/vize-islemleri\/\",\"url\":\"https:\/\/myvize.com.tr\/yenizelanda\/vize-islemleri\/\",\"name\":\"Yeni Zelanda Vize \u0130\u015flem Ba\u015fvurusu Hakk\u0131nda - MyVize\",\"isPartOf\":{\"@id\":\"https:\/\/myvize.com.tr\/yenizelanda\/#website\"},\"primaryImageOfPage\":{\"@id\":\"https:\/\/myvize.com.tr\/yenizelanda\/vize-islemleri\/#primaryimage\"},\"image\":{\"@id\":\"https:\/\/myvize.com.tr\/yenizelanda\/vize-islemleri\/#primaryimage\"},\"thumbnailUrl\":\"https:\/\/myvize.com.tr\/yenizelanda\/wp-content\/uploads\/2021\/10\/2.jpg\",\"datePublished\":\"2020-11-30T05:50:13+00:00\",\"dateModified\":\"2022-05-16T13:30:37+00:00\",\"description\":\"Yeni Zelanda vize i\u015flemleri gerekli evraklar g\u00fcncel. Yeni Zelanda vize i\u015flemleri randevu al\u0131m\u0131 ve i\u015flem s\u00fcreci g\u00f6rsel anlat\u0131m\u0131.\",\"breadcrumb\":{\"@id\":\"https:\/\/myvize.com.tr\/yenizelanda\/vize-islemleri\/#breadcrumb\"},\"inLanguage\":\"tr\",\"potentialAction\":[{\"@type\":\"ReadAction\",\"target\":[\"https:\/\/myvize.com.tr\/yenizelanda\/vize-islemleri\/\"]}]},{\"@type\":\"ImageObject\",\"inLanguage\":\"tr\",\"@id\":\"https:\/\/myvize.com.tr\/yenizelanda\/vize-islemleri\/#primaryimage\",\"url\":\"https:\/\/myvize.com.tr\/yenizelanda\/wp-content\/uploads\/2021\/10\/2.jpg\",\"contentUrl\":\"https:\/\/myvize.com.tr\/yenizelanda\/wp-content\/uploads\/2021\/10\/2.jpg\",\"width\":800,\"height\":500,\"caption\":\"Yeni Zelanda Vize \u0130\u015flemleri\"},{\"@type\":\"BreadcrumbList\",\"@id\":\"https:\/\/myvize.com.tr\/yenizelanda\/vize-islemleri\/#breadcrumb\",\"itemListElement\":[{\"@type\":\"ListItem\",\"position\":1,\"name\":\"Anasayfa\",\"item\":\"https:\/\/myvize.com.tr\/yenizelanda\/\"},{\"@type\":\"ListItem\",\"position\":2,\"name\":\"V\u0130ZE \u0130\u015eLEMLER\u0130\"}]},{\"@type\":\"WebSite\",\"@id\":\"https:\/\/myvize.com.tr\/yenizelanda\/#website\",\"url\":\"https:\/\/myvize.com.tr\/yenizelanda\/\",\"name\":\"Yeni Zelanda Vizesi\",\"description\":\"\",\"potentialAction\":[{\"@type\":\"SearchAction\",\"target\":{\"@type\":\"EntryPoint\",\"urlTemplate\":\"https:\/\/myvize.com.tr\/yenizelanda\/?s={search_term_string}\"},\"query-input\":{\"@type\":\"PropertyValueSpecification\",\"valueRequired\":true,\"valueName\":\"search_term_string\"}}],\"inLanguage\":\"tr\"}]}<\/script>\n<!-- \/ Yoast SEO plugin. -->","yoast_head_json":{"title":"Yeni Zelanda Vize \u0130\u015flem Ba\u015fvurusu Hakk\u0131nda - MyVize","description":"Yeni Zelanda vize i\u015flemleri gerekli evraklar g\u00fcncel. Yeni Zelanda vize i\u015flemleri randevu al\u0131m\u0131 ve i\u015flem s\u00fcreci g\u00f6rsel anlat\u0131m\u0131.","robots":{"index":"index","follow":"follow","max-snippet":"max-snippet:-1","max-image-preview":"max-image-preview:large","max-video-preview":"max-video-preview:-1"},"canonical":"https:\/\/myvize.com.tr\/yenizelanda\/vize-islemleri\/","og_locale":"tr_TR","og_type":"article","og_title":"Yeni Zelanda Vize \u0130\u015flem Ba\u015fvurusu Hakk\u0131nda - MyVize","og_description":"Yeni Zelanda vize i\u015flemleri gerekli evraklar g\u00fcncel. Yeni Zelanda vize i\u015flemleri randevu al\u0131m\u0131 ve i\u015flem s\u00fcreci g\u00f6rsel anlat\u0131m\u0131.","og_url":"https:\/\/myvize.com.tr\/yenizelanda\/vize-islemleri\/","og_site_name":"Yeni Zelanda Vizesi","article_modified_time":"2022-05-16T13:30:37+00:00","og_image":[{"url":"https:\/\/myvize.com.tr\/yenizelanda\/wp-content\/uploads\/2021\/10\/2.jpg","type":"","width":"","height":""}],"twitter_card":"summary_large_image","twitter_misc":{"Tahmini okuma s\u00fcresi":"3 dakika"},"schema":{"@context":"https:\/\/schema.org","@graph":[{"@type":"WebPage","@id":"https:\/\/myvize.com.tr\/yenizelanda\/vize-islemleri\/","url":"https:\/\/myvize.com.tr\/yenizelanda\/vize-islemleri\/","name":"Yeni Zelanda Vize \u0130\u015flem Ba\u015fvurusu Hakk\u0131nda - MyVize","isPartOf":{"@id":"https:\/\/myvize.com.tr\/yenizelanda\/#website"},"primaryImageOfPage":{"@id":"https:\/\/myvize.com.tr\/yenizelanda\/vize-islemleri\/#primaryimage"},"image":{"@id":"https:\/\/myvize.com.tr\/yenizelanda\/vize-islemleri\/#primaryimage"},"thumbnailUrl":"https:\/\/myvize.com.tr\/yenizelanda\/wp-content\/uploads\/2021\/10\/2.jpg","datePublished":"2020-11-30T05:50:13+00:00","dateModified":"2022-05-16T13:30:37+00:00","description":"Yeni Zelanda vize i\u015flemleri gerekli evraklar g\u00fcncel. Yeni Zelanda vize i\u015flemleri randevu al\u0131m\u0131 ve i\u015flem s\u00fcreci g\u00f6rsel anlat\u0131m\u0131.","breadcrumb":{"@id":"https:\/\/myvize.com.tr\/yenizelanda\/vize-islemleri\/#breadcrumb"},"inLanguage":"tr","potentialAction":[{"@type":"ReadAction","target":["https:\/\/myvize.com.tr\/yenizelanda\/vize-islemleri\/"]}]},{"@type":"ImageObject","inLanguage":"tr","@id":"https:\/\/myvize.com.tr\/yenizelanda\/vize-islemleri\/#primaryimage","url":"https:\/\/myvize.com.tr\/yenizelanda\/wp-content\/uploads\/2021\/10\/2.jpg","contentUrl":"https:\/\/myvize.com.tr\/yenizelanda\/wp-content\/uploads\/2021\/10\/2.jpg","width":800,"height":500,"caption":"Yeni Zelanda Vize \u0130\u015flemleri"},{"@type":"BreadcrumbList","@id":"https:\/\/myvize.com.tr\/yenizelanda\/vize-islemleri\/#breadcrumb","itemListElement":[{"@type":"ListItem","position":1,"name":"Anasayfa","item":"https:\/\/myvize.com.tr\/yenizelanda\/"},{"@type":"ListItem","position":2,"name":"V\u0130ZE \u0130\u015eLEMLER\u0130"}]},{"@type":"WebSite","@id":"https:\/\/myvize.com.tr\/yenizelanda\/#website","url":"https:\/\/myvize.com.tr\/yenizelanda\/","name":"Yeni Zelanda Vizesi","description":"","potentialAction":[{"@type":"SearchAction","target":{"@type":"EntryPoint","urlTemplate":"https:\/\/myvize.com.tr\/yenizelanda\/?s={search_term_string}"},"query-input":{"@type":"PropertyValueSpecification","valueRequired":true,"valueName":"search_term_string"}}],"inLanguage":"tr"}]}},"_links":{"self":[{"href":"https:\/\/myvize.com.tr\/yenizelanda\/wp-json\/wp\/v2\/pages\/18","targetHints":{"allow":["GET"]}}],"collection":[{"href":"https:\/\/myvize.com.tr\/yenizelanda\/wp-json\/wp\/v2\/pages"}],"about":[{"href":"https:\/\/myvize.com.tr\/yenizelanda\/wp-json\/wp\/v2\/types\/page"}],"author":[{"embeddable":true,"href":"https:\/\/myvize.com.tr\/yenizelanda\/wp-json\/wp\/v2\/users\/1"}],"replies":[{"embeddable":true,"href":"https:\/\/myvize.com.tr\/yenizelanda\/wp-json\/wp\/v2\/comments?post=18"}],"version-history":[{"count":5,"href":"https:\/\/myvize.com.tr\/yenizelanda\/wp-json\/wp\/v2\/pages\/18\/revisions"}],"predecessor-version":[{"id":610,"href":"https:\/\/myvize.com.tr\/yenizelanda\/wp-json\/wp\/v2\/pages\/18\/revisions\/610"}],"wp:attachment":[{"href":"https:\/\/myvize.com.tr\/yenizelanda\/wp-json\/wp\/v2\/media?parent=18"}],"curies":[{"name":"wp","href":"https:\/\/api.w.org\/{rel}","templated":true}]}}