{"id":170,"date":"2021-01-15T16:16:34","date_gmt":"2021-01-15T13:16:34","guid":{"rendered":"https:\/\/myvize.com.tr\/yenizelanda\/?page_id=170"},"modified":"2022-05-17T12:13:29","modified_gmt":"2022-05-17T09:13:29","slug":"ankara","status":"publish","type":"page","link":"https:\/\/myvize.com.tr\/yenizelanda\/subelerimiz\/ankara\/","title":{"rendered":"Yeni Zelanda Vizesi , Ankara"},"content":{"rendered":"<p><span style=\"font-family: Roboto;\"><\/span><\/p>\r\n<h2><span style=\"font-family: Roboto; font-size: 27px;\"><strong>Yeni Zelanda Vize Ba\u015fvuru Merkezi , Ankara<\/strong><\/span><\/h2>\r\n<p><span style=\"font-family: Roboto; font-size: 14px;\"><strong>Yeni Zellanda Ankara vize merkezi\u00a0<\/strong>ofisinin olu\u015fturmu\u015f oldu\u011fu sayfam\u0131za ho\u015f geldiniz.<\/span><\/p>\r\n<p><span style=\"font-family: Roboto; font-size: 14px;\">\r\n\r\n<\/span><\/p>\r\n<p><span style=\"font-family: Roboto; font-size: 14px;\"><strong>Yeni Zellanda Ankara vize merkezi\u00a0<\/strong>size vize i\u015flemleri hakk\u0131nda bilmeniz gerekli olan t\u00fcm bilgileri detayl\u0131 bir \u015fekilde sunmaktad\u0131r. Vize uzman\u0131 dan\u0131\u015fmanlar\u0131 ile akl\u0131n\u0131za tak\u0131lan sorular\u0131 ve vize i\u015flemleri i\u00e7in gerekli olan evraklar hakk\u0131nda size bilgi verirler.\u00a0<strong>Yeni Zellanda Ankara vize merkezi\u00a0<\/strong>size \u00f6ncelikle Yeni Zellanda \u00fclkeyi hangi ama\u00e7 ile ziyarette bulunaca\u011f\u0131n\u0131z\u0131 belirterek vize t\u00fcr\u00fcn\u00fc se\u00e7meniz gerekir.<\/span><\/p>\r\n<p><span style=\"font-family: Roboto; font-size: 14px;\">\r\n\r\n<\/span><\/p>\r\n<p><span style=\"font-family: Roboto; font-size: 14px;\">Mesai saatleri i\u00e7inde\u00a0<strong>Yeni Zellanda Ankara vize merkezi\u00a0<\/strong>ofisimizden randevu alman\u0131za gerek yoktur. Hafta i\u00e7i 08.30 \u2013 18.30 ile hafta sonu 10.00 \u2013 14.00 aras\u0131nda ofisimizden rahatl\u0131kla hizmet alabilirsiniz. Ayn\u0131 zamanda ofisimize gelmeden detayl\u0131 bilgi almak i\u00e7in bizi arayabilirsiniz ya da e posta g\u00f6nderebilirsiniz.<\/span><\/p>\r\n<p><span style=\"font-family: Roboto; font-size: 14px;\">\r\n\r\n<\/span><\/p>\r\n<h2 class=\"wp-block-heading\"><span style=\"font-family: Roboto; font-size: 27px;\"><strong>YEN\u0130 ZELANDA V\u0130ZES\u0130 \u0130\u00c7\u0130N NE ZAMAN BA\u015eVURU YAPILMALIDIR?<\/strong><\/span><\/h2>\r\n<p><span style=\"font-family: Roboto; font-size: 14px;\">\r\n\r\n<\/span><\/p>\r\n<p><span style=\"font-family: Roboto; font-size: 14px;\"><strong>Yeni Zellanda Ankara vize merkezi\u00a0<\/strong>ofisimize yapaca\u011f\u0131n\u0131z ba\u015fvuru tarihiniz olduk\u00e7a \u00f6nemlidir. \u00c7\u00fcnk\u00fc seyahat tarihiniz geldi\u011fi zaman vizenizin elinizde olmas\u0131 gerekir. Konsolosluk ba\u015fvuru i\u00e7in seyahat tarihinizden en fazla 90 g\u00fcn i\u00e7erisinde ba\u015fvuru yapman\u0131z\u0131 ister.\u00a0<strong>Yeni Zellanda Ankara vize merkezi\u00a0<\/strong>ofisimize t\u00fcm tarihlerinizi belirledikten sonra ba\u015fvuru i\u00e7in talepte bulunabilirsiniz.<\/span><\/p>\r\n<p><span style=\"font-family: Roboto;\"><\/span><\/p>","protected":false},"excerpt":{"rendered":"<p>Yeni Zelanda Vize Ba\u015fvuru Merkezi , Ankara Yeni Zellanda Ankara vize merkezi\u00a0ofisinin olu\u015fturmu\u015f oldu\u011fu sayfam\u0131za ho\u015f geldiniz. Yeni Zellanda Ankara vize merkezi\u00a0size vize i\u015flemleri hakk\u0131nda bilmeniz gerekli olan t\u00fcm bilgileri detayl\u0131 bir \u015fekilde sunmaktad\u0131r. Vize uzman\u0131 dan\u0131\u015fmanlar\u0131 ile akl\u0131n\u0131za tak\u0131lan sorular\u0131 ve vize i\u015flemleri i\u00e7in gerekli olan evraklar hakk\u0131nda size bilgi verirler.\u00a0Yeni Zellanda Ankara vize<\/p>\n","protected":false},"author":1,"featured_media":0,"parent":147,"menu_order":0,"comment_status":"closed","ping_status":"closed","template":"","meta":{"footnotes":""},"class_list":["post-170","page","type-page","status-publish","hentry"],"yoast_head":"<!-- This site is optimized with the Yoast SEO plugin v24.0 - https:\/\/yoast.com\/wordpress\/plugins\/seo\/ -->\n<title>Yeni Zelanda Vize Ba\u015fvuru \u015eubesi Ankara - MyVize<\/title>\n<meta name=\"description\" content=\"Yeni Zelanda vizesi Ankara ofisimiz, hangi \u00fclkeye seyahat etmek isterseniz gerekli b\u00fct\u00fcn bilgilere ula\u015fabilirsiniz: 0850 346 84 93\" \/>\n<meta name=\"robots\" content=\"index, follow, max-snippet:-1, max-image-preview:large, max-video-preview:-1\" \/>\n<link rel=\"canonical\" href=\"https:\/\/myvize.com.tr\/yenizelanda\/subelerimiz\/ankara\/\" \/>\n<meta property=\"og:locale\" content=\"tr_TR\" \/>\n<meta property=\"og:type\" content=\"article\" \/>\n<meta property=\"og:title\" content=\"Yeni Zelanda Vize Ba\u015fvuru \u015eubesi Ankara - MyVize\" \/>\n<meta property=\"og:description\" content=\"Yeni Zelanda vizesi Ankara ofisimiz, hangi \u00fclkeye seyahat etmek isterseniz gerekli b\u00fct\u00fcn bilgilere ula\u015fabilirsiniz: 0850 346 84 93\" \/>\n<meta property=\"og:url\" content=\"https:\/\/myvize.com.tr\/yenizelanda\/subelerimiz\/ankara\/\" \/>\n<meta property=\"og:site_name\" content=\"Yeni Zelanda Vizesi\" \/>\n<meta property=\"article:modified_time\" content=\"2022-05-17T09:13:29+00:00\" \/>\n<meta name=\"twitter:card\" content=\"summary_large_image\" \/>\n<meta name=\"twitter:label1\" content=\"Tahmini okuma s\u00fcresi\" \/>\n\t<meta name=\"twitter:data1\" content=\"1 dakika\" \/>\n<script type=\"application\/ld+json\" class=\"yoast-schema-graph\">{\"@context\":\"https:\/\/schema.org\",\"@graph\":[{\"@type\":\"WebPage\",\"@id\":\"https:\/\/myvize.com.tr\/yenizelanda\/subelerimiz\/ankara\/\",\"url\":\"https:\/\/myvize.com.tr\/yenizelanda\/subelerimiz\/ankara\/\",\"name\":\"Yeni Zelanda Vize Ba\u015fvuru \u015eubesi Ankara - MyVize\",\"isPartOf\":{\"@id\":\"https:\/\/myvize.com.tr\/yenizelanda\/#website\"},\"datePublished\":\"2021-01-15T13:16:34+00:00\",\"dateModified\":\"2022-05-17T09:13:29+00:00\",\"description\":\"Yeni Zelanda vizesi Ankara ofisimiz, hangi \u00fclkeye seyahat etmek isterseniz gerekli b\u00fct\u00fcn bilgilere ula\u015fabilirsiniz: 0850 346 84 93\",\"breadcrumb\":{\"@id\":\"https:\/\/myvize.com.tr\/yenizelanda\/subelerimiz\/ankara\/#breadcrumb\"},\"inLanguage\":\"tr\",\"potentialAction\":[{\"@type\":\"ReadAction\",\"target\":[\"https:\/\/myvize.com.tr\/yenizelanda\/subelerimiz\/ankara\/\"]}]},{\"@type\":\"BreadcrumbList\",\"@id\":\"https:\/\/myvize.com.tr\/yenizelanda\/subelerimiz\/ankara\/#breadcrumb\",\"itemListElement\":[{\"@type\":\"ListItem\",\"position\":1,\"name\":\"Anasayfa\",\"item\":\"https:\/\/myvize.com.tr\/yenizelanda\/\"},{\"@type\":\"ListItem\",\"position\":2,\"name\":\"\u015eUBELER\u0130M\u0130Z\",\"item\":\"https:\/\/myvize.com.tr\/yenizelanda\/subelerimiz\/\"},{\"@type\":\"ListItem\",\"position\":3,\"name\":\"Yeni Zelanda Vizesi , Ankara\"}]},{\"@type\":\"WebSite\",\"@id\":\"https:\/\/myvize.com.tr\/yenizelanda\/#website\",\"url\":\"https:\/\/myvize.com.tr\/yenizelanda\/\",\"name\":\"Yeni Zelanda Vizesi\",\"description\":\"\",\"potentialAction\":[{\"@type\":\"SearchAction\",\"target\":{\"@type\":\"EntryPoint\",\"urlTemplate\":\"https:\/\/myvize.com.tr\/yenizelanda\/?s={search_term_string}\"},\"query-input\":{\"@type\":\"PropertyValueSpecification\",\"valueRequired\":true,\"valueName\":\"search_term_string\"}}],\"inLanguage\":\"tr\"}]}<\/script>\n<!-- \/ Yoast SEO plugin. -->","yoast_head_json":{"title":"Yeni Zelanda Vize Ba\u015fvuru \u015eubesi Ankara - MyVize","description":"Yeni Zelanda vizesi Ankara ofisimiz, hangi \u00fclkeye seyahat etmek isterseniz gerekli b\u00fct\u00fcn bilgilere ula\u015fabilirsiniz: 0850 346 84 93","robots":{"index":"index","follow":"follow","max-snippet":"max-snippet:-1","max-image-preview":"max-image-preview:large","max-video-preview":"max-video-preview:-1"},"canonical":"https:\/\/myvize.com.tr\/yenizelanda\/subelerimiz\/ankara\/","og_locale":"tr_TR","og_type":"article","og_title":"Yeni Zelanda Vize Ba\u015fvuru \u015eubesi Ankara - MyVize","og_description":"Yeni Zelanda vizesi Ankara ofisimiz, hangi \u00fclkeye seyahat etmek isterseniz gerekli b\u00fct\u00fcn bilgilere ula\u015fabilirsiniz: 0850 346 84 93","og_url":"https:\/\/myvize.com.tr\/yenizelanda\/subelerimiz\/ankara\/","og_site_name":"Yeni Zelanda Vizesi","article_modified_time":"2022-05-17T09:13:29+00:00","twitter_card":"summary_large_image","twitter_misc":{"Tahmini okuma s\u00fcresi":"1 dakika"},"schema":{"@context":"https:\/\/schema.org","@graph":[{"@type":"WebPage","@id":"https:\/\/myvize.com.tr\/yenizelanda\/subelerimiz\/ankara\/","url":"https:\/\/myvize.com.tr\/yenizelanda\/subelerimiz\/ankara\/","name":"Yeni Zelanda Vize Ba\u015fvuru \u015eubesi Ankara - MyVize","isPartOf":{"@id":"https:\/\/myvize.com.tr\/yenizelanda\/#website"},"datePublished":"2021-01-15T13:16:34+00:00","dateModified":"2022-05-17T09:13:29+00:00","description":"Yeni Zelanda vizesi Ankara ofisimiz, hangi \u00fclkeye seyahat etmek isterseniz gerekli b\u00fct\u00fcn bilgilere ula\u015fabilirsiniz: 0850 346 84 93","breadcrumb":{"@id":"https:\/\/myvize.com.tr\/yenizelanda\/subelerimiz\/ankara\/#breadcrumb"},"inLanguage":"tr","potentialAction":[{"@type":"ReadAction","target":["https:\/\/myvize.com.tr\/yenizelanda\/subelerimiz\/ankara\/"]}]},{"@type":"BreadcrumbList","@id":"https:\/\/myvize.com.tr\/yenizelanda\/subelerimiz\/ankara\/#breadcrumb","itemListElement":[{"@type":"ListItem","position":1,"name":"Anasayfa","item":"https:\/\/myvize.com.tr\/yenizelanda\/"},{"@type":"ListItem","position":2,"name":"\u015eUBELER\u0130M\u0130Z","item":"https:\/\/myvize.com.tr\/yenizelanda\/subelerimiz\/"},{"@type":"ListItem","position":3,"name":"Yeni Zelanda Vizesi , Ankara"}]},{"@type":"WebSite","@id":"https:\/\/myvize.com.tr\/yenizelanda\/#website","url":"https:\/\/myvize.com.tr\/yenizelanda\/","name":"Yeni Zelanda Vizesi","description":"","potentialAction":[{"@type":"SearchAction","target":{"@type":"EntryPoint","urlTemplate":"https:\/\/myvize.com.tr\/yenizelanda\/?s={search_term_string}"},"query-input":{"@type":"PropertyValueSpecification","valueRequired":true,"valueName":"search_term_string"}}],"inLanguage":"tr"}]}},"_links":{"self":[{"href":"https:\/\/myvize.com.tr\/yenizelanda\/wp-json\/wp\/v2\/pages\/170","targetHints":{"allow":["GET"]}}],"collection":[{"href":"https:\/\/myvize.com.tr\/yenizelanda\/wp-json\/wp\/v2\/pages"}],"about":[{"href":"https:\/\/myvize.com.tr\/yenizelanda\/wp-json\/wp\/v2\/types\/page"}],"author":[{"embeddable":true,"href":"https:\/\/myvize.com.tr\/yenizelanda\/wp-json\/wp\/v2\/users\/1"}],"replies":[{"embeddable":true,"href":"https:\/\/myvize.com.tr\/yenizelanda\/wp-json\/wp\/v2\/comments?post=170"}],"version-history":[{"count":5,"href":"https:\/\/myvize.com.tr\/yenizelanda\/wp-json\/wp\/v2\/pages\/170\/revisions"}],"predecessor-version":[{"id":629,"href":"https:\/\/myvize.com.tr\/yenizelanda\/wp-json\/wp\/v2\/pages\/170\/revisions\/629"}],"up":[{"embeddable":true,"href":"https:\/\/myvize.com.tr\/yenizelanda\/wp-json\/wp\/v2\/pages\/147"}],"wp:attachment":[{"href":"https:\/\/myvize.com.tr\/yenizelanda\/wp-json\/wp\/v2\/media?parent=170"}],"curies":[{"name":"wp","href":"https:\/\/api.w.org\/{rel}","templated":true}]}}