{"id":144,"date":"2021-01-15T16:03:36","date_gmt":"2021-01-15T13:03:36","guid":{"rendered":"https:\/\/myvize.com.tr\/yenizelanda\/?page_id=144"},"modified":"2022-05-16T17:55:08","modified_gmt":"2022-05-16T14:55:08","slug":"form-ve-dilekce","status":"publish","type":"page","link":"https:\/\/myvize.com.tr\/yenizelanda\/form-ve-dilekce\/","title":{"rendered":"FORM VE D\u0130LEK\u00c7E"},"content":{"rendered":"<p><span style=\"font-family: Roboto;\"><\/span><\/p>\r\n<p><span style=\"font-family: Roboto; font-size: 14px;\">Yeni Zelanda\u2019ya gidecek olan T\u00fcrk vatanda\u015flar\u0131n\u0131n vize almas\u0131 i\u00e7in birtak\u0131m belgeleri zaman\u0131nda haz\u0131rlamas\u0131 ve ilgili kurumlara teslim etmesi gerekir. Bu belgeler i\u00e7erisinde en \u00f6nemli evraklar aras\u0131nda ba\u015fvuru formu ve dilek\u00e7eden bahsedilebilir. Bu her iki belgenin titizlikle doldurulmas\u0131 ve istenilen bilgilerin net bir \u015fekilde yer almas\u0131 gereklidir. <span style=\"color: #2acec2;\"><strong><a style=\"color: #2acec2;\" href=\"https:\/\/myvize.com.tr\/yenizelanda\/vize-islemleri\/yenizelanda-vize-basvuru-formu\/\" target=\"_blank\" rel=\"noopener\">Yeni Zelanda vize ba\u015fvuru formu<\/a><\/strong><\/span> ki\u015filerin kendilerini en iyi \u015fekilde tan\u0131tt\u0131klar\u0131 belgelerden biri olup bu belgenin mutlaka istenilen dilde doldurulmas\u0131 \u00f6zen g\u00f6sterilmelidir.<\/span><\/p>\r\n<p><span style=\"font-family: Roboto; font-size: 14px;\">\r\n\r\n<\/span><\/p>\r\n<h2><span style=\"font-family: Roboto; font-size: 27px;\"><strong>Yeni Zelanda Vize Ba\u015fvuru Formu Nas\u0131l Doldurulmal\u0131d\u0131r?<\/strong><\/span><\/h2>\r\n<p><span style=\"font-family: Roboto; font-size: 14px;\">\r\n\r\n<\/span><\/p>\r\n<p><span style=\"font-family: Roboto; font-size: 14px;\"><strong>Yeni Zelanda vize ba\u015fvuru<\/strong> formunun doldurulabilmesi i\u00e7in \u00f6ncelikle g\u00fcncel belgeyi temin etmeleri gerekir. Bu belge Yeni Zelanda B\u00fcy\u00fckel\u00e7ili\u011fi ya da Ba\u015fkonsoloslu\u011fu taraf\u0131ndan her sene g\u00fcncel olarak yay\u0131nlan\u0131r. Ba\u015fvuru formunda ki\u015fi bilgilerinizi detayl\u0131 olarak doldurmal\u0131 ve mesleki durumunuzu net bir \u015fekilde belirtmelisiniz. \u0130\u015fyeri sahibiyseniz i\u015fyeriniz ile ilgili \u00e7al\u0131\u015fansan\u0131z i\u015fverenlerinizle ilgili bilgileri formda doldurmaya ihmal etmemelisiniz.<\/span><\/p>\r\n<p><span style=\"font-family: Roboto; font-size: 14px;\">\r\n\r\n<\/span><\/p>\r\n<p><span style=\"font-family: Roboto; font-size: 14px;\">\u00d6\u011frencilerin okuduklar\u0131 okullar\u0131 ve b\u00f6l\u00fcmleri ile ilgili alanlar\u0131 bo\u015f b\u0131rakmamas\u0131 \u00f6nemli bir kriterdir. Yeni Zelanda vize ba\u015fvuru formunda vize t\u00fcr\u00fcn\u00fcn i\u015faretlenmesi ve seyahat amac\u0131n\u0131n da bu vize t\u00fcr\u00fcne uygun bir \u015fekilde ba\u015fvuru formuna yaz\u0131lmas\u0131 son derece \u00f6nemli bir detayd\u0131r. Vize t\u00fcr\u00fcne uygun olarak haz\u0131rlanmayan evraklar ve bilgiler vize reddi ile kar\u015f\u0131la\u015fman\u0131z\u0131n en \u00f6nemli nedenleri aras\u0131ndad\u0131r.<\/span><\/p>\r\n<p><span style=\"font-family: Roboto; font-size: 14px;\"><span style=\"color: #2acec2;\"><strong><a style=\"color: #2acec2;\" href=\"https:\/\/myvize.com.tr\/yenizelanda\/yeni-zelanda-ticari-vize-davetiye-mektubu\/\" target=\"_blank\" rel=\"noopener\">Yeni Zelanda Ticari Vize Davetiye Mektubu<\/a><\/strong><\/span> ile ilgili bilgi almak i\u00e7in bizi aray\u0131n\u0131z.<\/span><\/p>\r\n<p><span style=\"font-family: Roboto; font-size: 14px;\">\r\n\r\n<\/span><\/p>\r\n<h2><span style=\"font-family: Roboto; font-size: 27px;\"><strong>Yeni Zelanda Vize Dilek\u00e7esi Nas\u0131l Haz\u0131rlan\u0131r?<\/strong><\/span><\/h2>\r\n<p><span style=\"font-family: Roboto; font-size: 14px;\">\r\n\r\n<\/span><\/p>\r\n<p><span style=\"font-family: Roboto; font-size: 14px;\"><strong>Yeni Zelanda vize dilek\u00e7esi<\/strong> de hep ba\u015fvuru formu kadar \u00f6nemli evraklardan biridir. Bu evrak \u00fczerinde haz\u0131rland\u0131\u011f\u0131 tarih yaz\u0131lmal\u0131 ve sizin ad\u0131n\u0131z\u0131n, soyad\u0131n\u0131z\u0131n ve pasaport bilgilerinizin yer almas\u0131na \u00f6zen g\u00f6sterilmelidir. <strong>Vize talep dilek\u00e7esi<\/strong>nde seyahat amac\u0131n\u0131z, ne kadar s\u00fcre kalaca\u011f\u0131n\u0131z ve \u00fclkede neler yapaca\u011f\u0131n\u0131za dair detayl\u0131 bilgiler vermeniz gerekir. Talep dilek\u00e7esinde ayn\u0131 zamanda gidi\u015f ve d\u00f6n\u00fc\u015f tarihlerinin net olmas\u0131 ayn\u0131 zamanda konaklama bilgilerinizin de adres belirtilerek yer almas\u0131 \u00f6nemli kriterler aras\u0131ndad\u0131r<\/span><\/p>\r\n<h2><span style=\"font-family: Roboto; font-size: 27px;\"><strong>Yeni Zelanda Konsoloslu\u011fu Form Ve Dilek\u00e7e<\/strong><\/span><\/h2>\r\n<p><span style=\"font-family: Roboto; font-size: 14px;\"><strong>Yeni Zelanda vize ba\u015fvuru form ve dilek\u00e7e<\/strong> i\u015flemi s\u0131ras\u0131nda gereken evraklar ve belgenin tam ve eksiksiz olmas\u0131, doldurulan formu ve dilek\u00e7e bilgisinin yan\u0131lt\u0131c\u0131 bilgi ve beyanda bulunulmamas\u0131 ba\u015fvuru s\u0131ras\u0131nda <strong>Konsolosluk<\/strong> yetkilisi taraf\u0131ndan en fazla \u00f6nemi ve dikkat edilen konunun ba\u015f\u0131nda gelmekte.<\/span><br \/><span style=\"font-family: Roboto; font-size: 14px;\"><span style=\"color: #2acec2;\"><a style=\"color: #2acec2;\" href=\"https:\/\/myvize.com.tr\/yenizelanda\/vize-islemleri\/yenizelanda-vizesi\/\" target=\"_blank\" rel=\"noopener\"><strong>Yeni Zelanda vizesi<\/strong><\/a><\/span> ba\u015fvurusu ger\u00e7ekle\u015ftirme isteyenin \u00f6ncelikle bilgi sahipleri olmas\u0131 gereken konunun ba\u015f\u0131nda i\u00e7inde ba\u015fvuru sahibinin ki\u015fisel bilgisinin yer ald\u0131\u011f\u0131 form ve dilek\u00e7e i\u00e7eri\u011fi\u00a0eksiksiz ve do\u011fru bilgisinin yer almas\u0131 gerekti\u011fi. Yeni Zelanda vizesi i\u015flem\u00a0s\u0131ras\u0131nda istenen evraklarda ve belge de yer alan form ve dilek\u00e7e talebi, ziyareti ger\u00e7ekle\u015ftirme isteyen ki\u015finin \u00fclkeye nedeni ve ne \u015fartla girmeyi planlad\u0131\u011f\u0131 \u00f6\u011frenme iste\u011fiyle aranmakta.<\/span><br \/><span style=\"font-family: Roboto; font-size: 14px;\"><strong>Form ve dilek\u00e7e<\/strong> \u00f6rnekleri i\u00e7in yap\u0131lmas\u0131 gerekenin ba\u015f\u0131nda \u00fclkeye ger\u00e7ekle\u015ftirecek ki\u015fisel ziyaret sebebi tam ve net bir \u015fekilde eksiksiz anlat\u0131lmalar\u0131 gerekmektedir. Ziyaret sebepleri tam olarak bilinmeyen vize ba\u015fvurular\u0131n\u0131n sonucu konsolosluk yetkilisi taraf\u0131ndan olumsuz kar\u015f\u0131lanabilmekte. Bu sebepten dolay\u0131 <strong>vize ba\u015fvuru<\/strong> s\u0131ras\u0131nda form ve dilek\u00e7e \u00f6rnek dikkatle \u00fczerinde durulmas\u0131 gerekli konunun ba\u015f\u0131nda gelmektedir.<\/span><\/p>\r\n<p><span style=\"font-family: Roboto; font-size: 14px;\"><span style=\"color: #2acec2;\"><strong><a style=\"color: #2acec2;\" href=\"https:\/\/myvize.com.tr\/yenizelanda\/vize-islemleri\/yenizelanda-aile-birlesimi-vizesi\/\" target=\"_blank\" rel=\"noopener\">Yeni Zelanda Aile Birle\u015fimi Vizesi<\/a><\/strong><\/span> ile ilgili bilgi almak i\u00e7in bizi aray\u0131n\u0131z.<\/span><\/p>\r\n<p><span style=\"font-family: Roboto;\"><\/span><\/p>","protected":false},"excerpt":{"rendered":"<p>Yeni Zelanda\u2019ya gidecek olan T\u00fcrk vatanda\u015flar\u0131n\u0131n vize almas\u0131 i\u00e7in birtak\u0131m belgeleri zaman\u0131nda haz\u0131rlamas\u0131 ve ilgili kurumlara teslim etmesi gerekir. Bu belgeler i\u00e7erisinde en \u00f6nemli evraklar aras\u0131nda ba\u015fvuru formu ve dilek\u00e7eden bahsedilebilir. Bu her iki belgenin titizlikle doldurulmas\u0131 ve istenilen bilgilerin net bir \u015fekilde yer almas\u0131 gereklidir. Yeni Zelanda vize ba\u015fvuru formu ki\u015filerin kendilerini en iyi<\/p>\n","protected":false},"author":1,"featured_media":0,"parent":0,"menu_order":0,"comment_status":"closed","ping_status":"closed","template":"","meta":{"footnotes":""},"class_list":["post-144","page","type-page","status-publish","hentry"],"yoast_head":"<!-- This site is optimized with the Yoast SEO plugin v24.0 - https:\/\/yoast.com\/wordpress\/plugins\/seo\/ -->\n<title>Yeni Zelanda Form Ve Dilek\u00e7e - Vize Ba\u015fvurusu - MyVize<\/title>\n<meta name=\"description\" content=\"Yeni Zelanda form ve dilek\u00e7e g\u00fcncel payla\u015f\u0131mlar. Yeni Zelanda form doldurma ve dilek\u00e7e yaz\u0131m\u0131na dair do\u011fru bilgiler.\" \/>\n<meta name=\"robots\" content=\"index, follow, max-snippet:-1, max-image-preview:large, max-video-preview:-1\" \/>\n<link rel=\"canonical\" href=\"https:\/\/myvize.com.tr\/yenizelanda\/form-ve-dilekce\/\" \/>\n<meta property=\"og:locale\" content=\"tr_TR\" \/>\n<meta property=\"og:type\" content=\"article\" \/>\n<meta property=\"og:title\" content=\"Yeni Zelanda Form Ve Dilek\u00e7e - Vize Ba\u015fvurusu - MyVize\" \/>\n<meta property=\"og:description\" content=\"Yeni Zelanda form ve dilek\u00e7e g\u00fcncel payla\u015f\u0131mlar. Yeni Zelanda form doldurma ve dilek\u00e7e yaz\u0131m\u0131na dair do\u011fru bilgiler.\" \/>\n<meta property=\"og:url\" content=\"https:\/\/myvize.com.tr\/yenizelanda\/form-ve-dilekce\/\" \/>\n<meta property=\"og:site_name\" content=\"Yeni Zelanda Vizesi\" \/>\n<meta property=\"article:modified_time\" content=\"2022-05-16T14:55:08+00:00\" \/>\n<meta name=\"twitter:card\" content=\"summary_large_image\" \/>\n<meta name=\"twitter:label1\" content=\"Tahmini okuma s\u00fcresi\" \/>\n\t<meta name=\"twitter:data1\" content=\"2 dakika\" \/>\n<script type=\"application\/ld+json\" class=\"yoast-schema-graph\">{\"@context\":\"https:\/\/schema.org\",\"@graph\":[{\"@type\":\"WebPage\",\"@id\":\"https:\/\/myvize.com.tr\/yenizelanda\/form-ve-dilekce\/\",\"url\":\"https:\/\/myvize.com.tr\/yenizelanda\/form-ve-dilekce\/\",\"name\":\"Yeni Zelanda Form Ve Dilek\u00e7e - Vize Ba\u015fvurusu - MyVize\",\"isPartOf\":{\"@id\":\"https:\/\/myvize.com.tr\/yenizelanda\/#website\"},\"datePublished\":\"2021-01-15T13:03:36+00:00\",\"dateModified\":\"2022-05-16T14:55:08+00:00\",\"description\":\"Yeni Zelanda form ve dilek\u00e7e g\u00fcncel payla\u015f\u0131mlar. Yeni Zelanda form doldurma ve dilek\u00e7e yaz\u0131m\u0131na dair do\u011fru bilgiler.\",\"breadcrumb\":{\"@id\":\"https:\/\/myvize.com.tr\/yenizelanda\/form-ve-dilekce\/#breadcrumb\"},\"inLanguage\":\"tr\",\"potentialAction\":[{\"@type\":\"ReadAction\",\"target\":[\"https:\/\/myvize.com.tr\/yenizelanda\/form-ve-dilekce\/\"]}]},{\"@type\":\"BreadcrumbList\",\"@id\":\"https:\/\/myvize.com.tr\/yenizelanda\/form-ve-dilekce\/#breadcrumb\",\"itemListElement\":[{\"@type\":\"ListItem\",\"position\":1,\"name\":\"Anasayfa\",\"item\":\"https:\/\/myvize.com.tr\/yenizelanda\/\"},{\"@type\":\"ListItem\",\"position\":2,\"name\":\"FORM VE D\u0130LEK\u00c7E\"}]},{\"@type\":\"WebSite\",\"@id\":\"https:\/\/myvize.com.tr\/yenizelanda\/#website\",\"url\":\"https:\/\/myvize.com.tr\/yenizelanda\/\",\"name\":\"Yeni Zelanda Vizesi\",\"description\":\"\",\"potentialAction\":[{\"@type\":\"SearchAction\",\"target\":{\"@type\":\"EntryPoint\",\"urlTemplate\":\"https:\/\/myvize.com.tr\/yenizelanda\/?s={search_term_string}\"},\"query-input\":{\"@type\":\"PropertyValueSpecification\",\"valueRequired\":true,\"valueName\":\"search_term_string\"}}],\"inLanguage\":\"tr\"}]}<\/script>\n<!-- \/ Yoast SEO plugin. -->","yoast_head_json":{"title":"Yeni Zelanda Form Ve Dilek\u00e7e - Vize Ba\u015fvurusu - MyVize","description":"Yeni Zelanda form ve dilek\u00e7e g\u00fcncel payla\u015f\u0131mlar. Yeni Zelanda form doldurma ve dilek\u00e7e yaz\u0131m\u0131na dair do\u011fru bilgiler.","robots":{"index":"index","follow":"follow","max-snippet":"max-snippet:-1","max-image-preview":"max-image-preview:large","max-video-preview":"max-video-preview:-1"},"canonical":"https:\/\/myvize.com.tr\/yenizelanda\/form-ve-dilekce\/","og_locale":"tr_TR","og_type":"article","og_title":"Yeni Zelanda Form Ve Dilek\u00e7e - Vize Ba\u015fvurusu - MyVize","og_description":"Yeni Zelanda form ve dilek\u00e7e g\u00fcncel payla\u015f\u0131mlar. Yeni Zelanda form doldurma ve dilek\u00e7e yaz\u0131m\u0131na dair do\u011fru bilgiler.","og_url":"https:\/\/myvize.com.tr\/yenizelanda\/form-ve-dilekce\/","og_site_name":"Yeni Zelanda Vizesi","article_modified_time":"2022-05-16T14:55:08+00:00","twitter_card":"summary_large_image","twitter_misc":{"Tahmini okuma s\u00fcresi":"2 dakika"},"schema":{"@context":"https:\/\/schema.org","@graph":[{"@type":"WebPage","@id":"https:\/\/myvize.com.tr\/yenizelanda\/form-ve-dilekce\/","url":"https:\/\/myvize.com.tr\/yenizelanda\/form-ve-dilekce\/","name":"Yeni Zelanda Form Ve Dilek\u00e7e - Vize Ba\u015fvurusu - MyVize","isPartOf":{"@id":"https:\/\/myvize.com.tr\/yenizelanda\/#website"},"datePublished":"2021-01-15T13:03:36+00:00","dateModified":"2022-05-16T14:55:08+00:00","description":"Yeni Zelanda form ve dilek\u00e7e g\u00fcncel payla\u015f\u0131mlar. Yeni Zelanda form doldurma ve dilek\u00e7e yaz\u0131m\u0131na dair do\u011fru bilgiler.","breadcrumb":{"@id":"https:\/\/myvize.com.tr\/yenizelanda\/form-ve-dilekce\/#breadcrumb"},"inLanguage":"tr","potentialAction":[{"@type":"ReadAction","target":["https:\/\/myvize.com.tr\/yenizelanda\/form-ve-dilekce\/"]}]},{"@type":"BreadcrumbList","@id":"https:\/\/myvize.com.tr\/yenizelanda\/form-ve-dilekce\/#breadcrumb","itemListElement":[{"@type":"ListItem","position":1,"name":"Anasayfa","item":"https:\/\/myvize.com.tr\/yenizelanda\/"},{"@type":"ListItem","position":2,"name":"FORM VE D\u0130LEK\u00c7E"}]},{"@type":"WebSite","@id":"https:\/\/myvize.com.tr\/yenizelanda\/#website","url":"https:\/\/myvize.com.tr\/yenizelanda\/","name":"Yeni Zelanda Vizesi","description":"","potentialAction":[{"@type":"SearchAction","target":{"@type":"EntryPoint","urlTemplate":"https:\/\/myvize.com.tr\/yenizelanda\/?s={search_term_string}"},"query-input":{"@type":"PropertyValueSpecification","valueRequired":true,"valueName":"search_term_string"}}],"inLanguage":"tr"}]}},"_links":{"self":[{"href":"https:\/\/myvize.com.tr\/yenizelanda\/wp-json\/wp\/v2\/pages\/144","targetHints":{"allow":["GET"]}}],"collection":[{"href":"https:\/\/myvize.com.tr\/yenizelanda\/wp-json\/wp\/v2\/pages"}],"about":[{"href":"https:\/\/myvize.com.tr\/yenizelanda\/wp-json\/wp\/v2\/types\/page"}],"author":[{"embeddable":true,"href":"https:\/\/myvize.com.tr\/yenizelanda\/wp-json\/wp\/v2\/users\/1"}],"replies":[{"embeddable":true,"href":"https:\/\/myvize.com.tr\/yenizelanda\/wp-json\/wp\/v2\/comments?post=144"}],"version-history":[{"count":5,"href":"https:\/\/myvize.com.tr\/yenizelanda\/wp-json\/wp\/v2\/pages\/144\/revisions"}],"predecessor-version":[{"id":622,"href":"https:\/\/myvize.com.tr\/yenizelanda\/wp-json\/wp\/v2\/pages\/144\/revisions\/622"}],"wp:attachment":[{"href":"https:\/\/myvize.com.tr\/yenizelanda\/wp-json\/wp\/v2\/media?parent=144"}],"curies":[{"name":"wp","href":"https:\/\/api.w.org\/{rel}","templated":true}]}}