{"id":141,"date":"2021-01-15T16:03:15","date_gmt":"2021-01-15T13:03:15","guid":{"rendered":"https:\/\/myvize.com.tr\/yenizelanda\/?page_id=141"},"modified":"2022-01-19T15:11:06","modified_gmt":"2022-01-19T12:11:06","slug":"vatandaslik","status":"publish","type":"page","link":"https:\/\/myvize.com.tr\/yenizelanda\/vatandaslik\/","title":{"rendered":"VATANDA\u015eLIK"},"content":{"rendered":"<h2><span style=\"font-family: Roboto; font-size: 27px;\"><strong>Yeni Zelanda Vatanda\u015fl\u0131k<\/strong><\/span><\/h2>\n<p><span style=\"font-family: Roboto; font-size: 14px;\">En az 5 y\u0131l Yeni Zelanda\u2019da ya\u015f\u0131yorsa, iyi bir karakter sahibiyse ve \u0130ngilizce gereksinimini kar\u015f\u0131l\u0131yorsan\u0131z Yeni Zelanda vatanda\u015fl\u0131k i\u00e7in ba\u015fvuru yapabilirsiniz.<\/span><br \/>\n<span style=\"font-family: Roboto; font-size: 14px;\">A\u015fa\u011f\u0131daki durumda <strong>Yeni Zelanda vatanda\u015fl\u0131\u011fa<\/strong> ba\u015fvurabilirsiniz:<\/span><br \/>\n<span style=\"font-family: Roboto; font-size: 14px;\">En az 5 y\u0131l Yeni Zelanda\u2019da ya\u015f\u0131yorsan\u0131z.<\/span><br \/>\n<span style=\"font-family: Roboto; font-size: 14px;\">Yeni Zelanda\u2019da ya\u015fama devam etmek istiyorsan\u0131z.<\/span><br \/>\n<span style=\"font-family: Roboto; font-size: 14px;\">Temel seviye \u0130ngilizce konu\u015fuyorsan\u0131z.<\/span><br \/>\n<span style=\"font-family: Roboto; font-size: 14px;\">\u0130yi bir karakter sahipseniz.<\/span><br \/>\n<span style=\"font-family: Roboto; font-size: 14px;\">Bu \u015fart\u0131 kar\u015f\u0131lam\u0131yorsa anne \u2013 baban\u0131zdan herhangi bir do\u011fum ya da vatanda\u015fl\u0131\u011fa ge\u00e7i\u015f yolu ile Yeni Zelanda vatanda\u015f ise siz de <strong>Yeni Zelanda vatanda\u015fl\u0131k <\/strong>i\u00e7in ba\u015fvuru yapabilirsiniz.<\/span><br \/>\n<span style=\"font-family: Roboto; font-size: 14px;\">Yeni Zelanda vatanda\u015fl\u0131k ba\u015fvuru i\u015fleminiz genellikle 4 ay i\u00e7erisinde sonu\u00e7lanmakta. Vatanda\u015fl\u0131k ba\u015fvuru olumlu olarak sonu\u00e7lan\u0131r ise bir vatanda\u015fl\u0131k t\u00f6reni kat\u0131larak <strong>vatanda\u015fl\u0131k belgesi<\/strong> alabilirsiniz. Daha sonra bu belgeler ile Yeni Zelanda pasaport i\u00e7in ba\u015fvuru yapabilirsiniz.<\/span><br \/>\n<span style=\"font-family: Roboto; font-size: 14px;\">16 ya\u015f\u0131nda b\u00fcy\u00fck ki\u015fi<strong> Yeni Zelanda vatanda\u015fl\u0131\u011f\u0131<\/strong> ba\u015fvurusunu yeti\u015fkinle ayn\u0131 ko\u015fulda ger\u00e7ekle\u015ftirmekte.<\/span><br \/>\n<span style=\"font-family: Roboto; font-size: 14px;\">14 ve 15 ya\u015f\u0131nda ki \u00e7ocuk bir ebeveyniyle ayn\u0131 anda Yeni Zelanda vatanda\u015fl\u0131\u011f\u0131n\u0131 ba\u015fvuru yaparsa ya da ebeveyninden biri zaten <strong>Yeni Zelanda vatanda\u015f\u0131<\/strong> ise 5 y\u0131l boyunca Yeni Zelanda\u2019da ikamet etmi\u015f olma \u015fart\u0131 aranmaks\u0131z\u0131n ba\u015fvuru yapabilir.<\/span><\/p>\n<p><span style=\"font-family: Roboto; font-size: 14px;\"><span style=\"color: #2acec2;\"><strong><a style=\"color: #2acec2;\" href=\"https:\/\/myvize.com.tr\/yenizelanda\/vize-islemleri\/yenizelanda-aile-ziyareti-vizesi\/\" target=\"_blank\" rel=\"noopener\">Yeni Zelanda Aile Ziyareti Vizesi<\/a><\/strong><\/span> ile ilgili bilgi almak i\u00e7in bizi aray\u0131n\u0131z.<\/span><\/p>\n<p><span style=\"font-family: Roboto; font-size: 14px;\"><img decoding=\"async\" src=\"https:\/\/myvize.com.tr\/yenizelanda\/wp-content\/uploads\/2021\/10\/20.jpg\" \/><\/span><\/p>\n","protected":false},"excerpt":{"rendered":"<p>Yeni Zelanda Vatanda\u015fl\u0131k En az 5 y\u0131l Yeni Zelanda\u2019da ya\u015f\u0131yorsa, iyi bir karakter sahibiyse ve \u0130ngilizce gereksinimini kar\u015f\u0131l\u0131yorsan\u0131z Yeni Zelanda vatanda\u015fl\u0131k i\u00e7in ba\u015fvuru yapabilirsiniz. A\u015fa\u011f\u0131daki durumda Yeni Zelanda vatanda\u015fl\u0131\u011fa ba\u015fvurabilirsiniz: En az 5 y\u0131l Yeni Zelanda\u2019da ya\u015f\u0131yorsan\u0131z. Yeni Zelanda\u2019da ya\u015fama devam etmek istiyorsan\u0131z. Temel seviye \u0130ngilizce konu\u015fuyorsan\u0131z. \u0130yi bir karakter sahipseniz. Bu \u015fart\u0131 kar\u015f\u0131lam\u0131yorsa anne<\/p>\n","protected":false},"author":1,"featured_media":0,"parent":0,"menu_order":0,"comment_status":"closed","ping_status":"closed","template":"","meta":{"footnotes":""},"class_list":["post-141","page","type-page","status-publish","hentry"],"yoast_head":"<!-- This site is optimized with the Yoast SEO plugin v24.0 - https:\/\/yoast.com\/wordpress\/plugins\/seo\/ -->\n<title>Yeni Zelanda Vatanda\u015fl\u0131k \u015eartlar\u0131 Nelerdir? - MyVize<\/title>\n<meta name=\"description\" content=\"Yeni Zelanda vatanda\u015fl\u0131\u011f\u0131 ba\u015fvuru belgeleri. Yeni Zelanda vatanda\u015fl\u0131k i\u00e7in gerekli \u015fartlar. Yeni Zelanda vatanda\u015fl\u0131k i\u015flemleri nas\u0131l yap\u0131l\u0131r?\" \/>\n<meta name=\"robots\" content=\"index, follow, max-snippet:-1, max-image-preview:large, max-video-preview:-1\" \/>\n<link rel=\"canonical\" href=\"https:\/\/myvize.com.tr\/yenizelanda\/vatandaslik\/\" \/>\n<meta property=\"og:locale\" content=\"tr_TR\" \/>\n<meta property=\"og:type\" content=\"article\" \/>\n<meta property=\"og:title\" content=\"Yeni Zelanda Vatanda\u015fl\u0131k \u015eartlar\u0131 Nelerdir? - MyVize\" \/>\n<meta property=\"og:description\" content=\"Yeni Zelanda vatanda\u015fl\u0131\u011f\u0131 ba\u015fvuru belgeleri. Yeni Zelanda vatanda\u015fl\u0131k i\u00e7in gerekli \u015fartlar. Yeni Zelanda vatanda\u015fl\u0131k i\u015flemleri nas\u0131l yap\u0131l\u0131r?\" \/>\n<meta property=\"og:url\" content=\"https:\/\/myvize.com.tr\/yenizelanda\/vatandaslik\/\" \/>\n<meta property=\"og:site_name\" content=\"Yeni Zelanda Vizesi\" \/>\n<meta property=\"article:modified_time\" content=\"2022-01-19T12:11:06+00:00\" \/>\n<meta property=\"og:image\" content=\"https:\/\/myvize.com.tr\/yenizelanda\/wp-content\/uploads\/2021\/10\/20.jpg\" \/>\n<meta name=\"twitter:card\" content=\"summary_large_image\" \/>\n<meta name=\"twitter:label1\" content=\"Tahmini okuma s\u00fcresi\" \/>\n\t<meta name=\"twitter:data1\" content=\"1 dakika\" \/>\n<script type=\"application\/ld+json\" class=\"yoast-schema-graph\">{\"@context\":\"https:\/\/schema.org\",\"@graph\":[{\"@type\":\"WebPage\",\"@id\":\"https:\/\/myvize.com.tr\/yenizelanda\/vatandaslik\/\",\"url\":\"https:\/\/myvize.com.tr\/yenizelanda\/vatandaslik\/\",\"name\":\"Yeni Zelanda Vatanda\u015fl\u0131k \u015eartlar\u0131 Nelerdir? - MyVize\",\"isPartOf\":{\"@id\":\"https:\/\/myvize.com.tr\/yenizelanda\/#website\"},\"primaryImageOfPage\":{\"@id\":\"https:\/\/myvize.com.tr\/yenizelanda\/vatandaslik\/#primaryimage\"},\"image\":{\"@id\":\"https:\/\/myvize.com.tr\/yenizelanda\/vatandaslik\/#primaryimage\"},\"thumbnailUrl\":\"https:\/\/myvize.com.tr\/yenizelanda\/wp-content\/uploads\/2021\/10\/20.jpg\",\"datePublished\":\"2021-01-15T13:03:15+00:00\",\"dateModified\":\"2022-01-19T12:11:06+00:00\",\"description\":\"Yeni Zelanda vatanda\u015fl\u0131\u011f\u0131 ba\u015fvuru belgeleri. Yeni Zelanda vatanda\u015fl\u0131k i\u00e7in gerekli \u015fartlar. Yeni Zelanda vatanda\u015fl\u0131k i\u015flemleri nas\u0131l yap\u0131l\u0131r?\",\"breadcrumb\":{\"@id\":\"https:\/\/myvize.com.tr\/yenizelanda\/vatandaslik\/#breadcrumb\"},\"inLanguage\":\"tr\",\"potentialAction\":[{\"@type\":\"ReadAction\",\"target\":[\"https:\/\/myvize.com.tr\/yenizelanda\/vatandaslik\/\"]}]},{\"@type\":\"ImageObject\",\"inLanguage\":\"tr\",\"@id\":\"https:\/\/myvize.com.tr\/yenizelanda\/vatandaslik\/#primaryimage\",\"url\":\"https:\/\/myvize.com.tr\/yenizelanda\/wp-content\/uploads\/2021\/10\/20.jpg\",\"contentUrl\":\"https:\/\/myvize.com.tr\/yenizelanda\/wp-content\/uploads\/2021\/10\/20.jpg\",\"width\":800,\"height\":500,\"caption\":\"Yeni Zelanda Vatanda\u015fl\u0131k\"},{\"@type\":\"BreadcrumbList\",\"@id\":\"https:\/\/myvize.com.tr\/yenizelanda\/vatandaslik\/#breadcrumb\",\"itemListElement\":[{\"@type\":\"ListItem\",\"position\":1,\"name\":\"Anasayfa\",\"item\":\"https:\/\/myvize.com.tr\/yenizelanda\/\"},{\"@type\":\"ListItem\",\"position\":2,\"name\":\"VATANDA\u015eLIK\"}]},{\"@type\":\"WebSite\",\"@id\":\"https:\/\/myvize.com.tr\/yenizelanda\/#website\",\"url\":\"https:\/\/myvize.com.tr\/yenizelanda\/\",\"name\":\"Yeni Zelanda Vizesi\",\"description\":\"\",\"potentialAction\":[{\"@type\":\"SearchAction\",\"target\":{\"@type\":\"EntryPoint\",\"urlTemplate\":\"https:\/\/myvize.com.tr\/yenizelanda\/?s={search_term_string}\"},\"query-input\":{\"@type\":\"PropertyValueSpecification\",\"valueRequired\":true,\"valueName\":\"search_term_string\"}}],\"inLanguage\":\"tr\"}]}<\/script>\n<!-- \/ Yoast SEO plugin. -->","yoast_head_json":{"title":"Yeni Zelanda Vatanda\u015fl\u0131k \u015eartlar\u0131 Nelerdir? - MyVize","description":"Yeni Zelanda vatanda\u015fl\u0131\u011f\u0131 ba\u015fvuru belgeleri. Yeni Zelanda vatanda\u015fl\u0131k i\u00e7in gerekli \u015fartlar. Yeni Zelanda vatanda\u015fl\u0131k i\u015flemleri nas\u0131l yap\u0131l\u0131r?","robots":{"index":"index","follow":"follow","max-snippet":"max-snippet:-1","max-image-preview":"max-image-preview:large","max-video-preview":"max-video-preview:-1"},"canonical":"https:\/\/myvize.com.tr\/yenizelanda\/vatandaslik\/","og_locale":"tr_TR","og_type":"article","og_title":"Yeni Zelanda Vatanda\u015fl\u0131k \u015eartlar\u0131 Nelerdir? - MyVize","og_description":"Yeni Zelanda vatanda\u015fl\u0131\u011f\u0131 ba\u015fvuru belgeleri. Yeni Zelanda vatanda\u015fl\u0131k i\u00e7in gerekli \u015fartlar. Yeni Zelanda vatanda\u015fl\u0131k i\u015flemleri nas\u0131l yap\u0131l\u0131r?","og_url":"https:\/\/myvize.com.tr\/yenizelanda\/vatandaslik\/","og_site_name":"Yeni Zelanda Vizesi","article_modified_time":"2022-01-19T12:11:06+00:00","og_image":[{"url":"https:\/\/myvize.com.tr\/yenizelanda\/wp-content\/uploads\/2021\/10\/20.jpg","type":"","width":"","height":""}],"twitter_card":"summary_large_image","twitter_misc":{"Tahmini okuma s\u00fcresi":"1 dakika"},"schema":{"@context":"https:\/\/schema.org","@graph":[{"@type":"WebPage","@id":"https:\/\/myvize.com.tr\/yenizelanda\/vatandaslik\/","url":"https:\/\/myvize.com.tr\/yenizelanda\/vatandaslik\/","name":"Yeni Zelanda Vatanda\u015fl\u0131k \u015eartlar\u0131 Nelerdir? - MyVize","isPartOf":{"@id":"https:\/\/myvize.com.tr\/yenizelanda\/#website"},"primaryImageOfPage":{"@id":"https:\/\/myvize.com.tr\/yenizelanda\/vatandaslik\/#primaryimage"},"image":{"@id":"https:\/\/myvize.com.tr\/yenizelanda\/vatandaslik\/#primaryimage"},"thumbnailUrl":"https:\/\/myvize.com.tr\/yenizelanda\/wp-content\/uploads\/2021\/10\/20.jpg","datePublished":"2021-01-15T13:03:15+00:00","dateModified":"2022-01-19T12:11:06+00:00","description":"Yeni Zelanda vatanda\u015fl\u0131\u011f\u0131 ba\u015fvuru belgeleri. Yeni Zelanda vatanda\u015fl\u0131k i\u00e7in gerekli \u015fartlar. Yeni Zelanda vatanda\u015fl\u0131k i\u015flemleri nas\u0131l yap\u0131l\u0131r?","breadcrumb":{"@id":"https:\/\/myvize.com.tr\/yenizelanda\/vatandaslik\/#breadcrumb"},"inLanguage":"tr","potentialAction":[{"@type":"ReadAction","target":["https:\/\/myvize.com.tr\/yenizelanda\/vatandaslik\/"]}]},{"@type":"ImageObject","inLanguage":"tr","@id":"https:\/\/myvize.com.tr\/yenizelanda\/vatandaslik\/#primaryimage","url":"https:\/\/myvize.com.tr\/yenizelanda\/wp-content\/uploads\/2021\/10\/20.jpg","contentUrl":"https:\/\/myvize.com.tr\/yenizelanda\/wp-content\/uploads\/2021\/10\/20.jpg","width":800,"height":500,"caption":"Yeni Zelanda Vatanda\u015fl\u0131k"},{"@type":"BreadcrumbList","@id":"https:\/\/myvize.com.tr\/yenizelanda\/vatandaslik\/#breadcrumb","itemListElement":[{"@type":"ListItem","position":1,"name":"Anasayfa","item":"https:\/\/myvize.com.tr\/yenizelanda\/"},{"@type":"ListItem","position":2,"name":"VATANDA\u015eLIK"}]},{"@type":"WebSite","@id":"https:\/\/myvize.com.tr\/yenizelanda\/#website","url":"https:\/\/myvize.com.tr\/yenizelanda\/","name":"Yeni Zelanda Vizesi","description":"","potentialAction":[{"@type":"SearchAction","target":{"@type":"EntryPoint","urlTemplate":"https:\/\/myvize.com.tr\/yenizelanda\/?s={search_term_string}"},"query-input":{"@type":"PropertyValueSpecification","valueRequired":true,"valueName":"search_term_string"}}],"inLanguage":"tr"}]}},"_links":{"self":[{"href":"https:\/\/myvize.com.tr\/yenizelanda\/wp-json\/wp\/v2\/pages\/141","targetHints":{"allow":["GET"]}}],"collection":[{"href":"https:\/\/myvize.com.tr\/yenizelanda\/wp-json\/wp\/v2\/pages"}],"about":[{"href":"https:\/\/myvize.com.tr\/yenizelanda\/wp-json\/wp\/v2\/types\/page"}],"author":[{"embeddable":true,"href":"https:\/\/myvize.com.tr\/yenizelanda\/wp-json\/wp\/v2\/users\/1"}],"replies":[{"embeddable":true,"href":"https:\/\/myvize.com.tr\/yenizelanda\/wp-json\/wp\/v2\/comments?post=141"}],"version-history":[{"count":5,"href":"https:\/\/myvize.com.tr\/yenizelanda\/wp-json\/wp\/v2\/pages\/141\/revisions"}],"predecessor-version":[{"id":517,"href":"https:\/\/myvize.com.tr\/yenizelanda\/wp-json\/wp\/v2\/pages\/141\/revisions\/517"}],"wp:attachment":[{"href":"https:\/\/myvize.com.tr\/yenizelanda\/wp-json\/wp\/v2\/media?parent=141"}],"curies":[{"name":"wp","href":"https:\/\/api.w.org\/{rel}","templated":true}]}}