{"id":138,"date":"2021-01-15T16:02:54","date_gmt":"2021-01-15T13:02:54","guid":{"rendered":"https:\/\/myvize.com.tr\/yenizelanda\/?page_id=138"},"modified":"2022-05-16T17:18:43","modified_gmt":"2022-05-16T14:18:43","slug":"oturum-2","status":"publish","type":"page","link":"https:\/\/myvize.com.tr\/yenizelanda\/oturum-2\/","title":{"rendered":"OTURUM"},"content":{"rendered":"<p><span style=\"font-family: Roboto;\"><\/span><\/p>\r\n<p><span style=\"font-family: Roboto; font-size: 14px;\">Yeni Zelanda oturum vizesi alacak olan ki\u015filer i\u00e7in evrak listesi farkl\u0131l\u0131k g\u00f6sterebiliyor. Oturum vizesi alma \u015fekliniz bu evrak listesini belirleyen en \u00f6nemli unsurlar aras\u0131nda yer almaktad\u0131r. Yeni Zelanda vizesi i\u015flemlerinde mutlaka g\u00fcncel evraklar haz\u0131rlaman\u0131z gerekmektedir. Ayn\u0131 zamanda bu oturum vizesini neden almak istedi\u011finizi de net bir \u015fekilde dile getirmek gereklidir.<\/span><\/p>\r\n<p><span style=\"font-family: Roboto; font-size: 14px;\">\r\n\r\n<\/span><\/p>\r\n<p><span style=\"font-family: Roboto; font-size: 14px;\">Yeni Zelanda\u2019da ya\u015famak isteyen ki\u015filerin oturum vizesi konusunda farkl\u0131 avantajlar\u0131 vard\u0131r. Bu izinler sayesinde ki\u015filer hem uzun s\u00fcreli olarak \u00fclkede oturabilirler hem de \u00e7al\u0131\u015fma \u015fans\u0131 elde edebilirler. Bu vizeyi \u00e7al\u0131\u015fma nedeni ile ya da evlenme nedeniyle alabilirsiniz. Evlenme nedeni ile ba\u015fvuran ki\u015filerin vizelerinin sonu\u00e7lar\u0131 daha h\u0131zl\u0131 \u015fekilde a\u00e7\u0131klanmaktad\u0131r. Ancak burada \u00f6nemli olan nokta evlili\u011fin ger\u00e7ek oldu\u011funu ispatlayabilmektir.<\/span><\/p>\r\n<p><span style=\"font-family: Roboto; font-size: 14px;\">\r\n\r\n<\/span><\/p>\r\n<p><span style=\"font-family: Roboto; font-size: 14px;\">Evlenme c\u00fczdan\u0131, pasaport, pasaportun fotokopileri, biyometrik foto\u011fraf gibi belgeleri eksiksiz olarak haz\u0131rlaman\u0131z gerekmektedir. Bu belgeleri mutlaka \u00fclkenin diline \u00e7evirmeli ve o \u015fekilde teslim etmeniz gereklidir. T\u00fcm oturum vize ba\u015fvurular\u0131 ise Yeni Zelanda El\u00e7ili\u011fi ya da Konsolosluklar\u0131 taraf\u0131ndan al\u0131nabilmektedir.<\/span><\/p>\r\n<p><span style=\"font-family: Roboto; font-size: 14px;\"> <img decoding=\"async\" src=\"https:\/\/myvize.com.tr\/yenizelanda\/wp-content\/uploads\/2021\/10\/14.jpg\" \/> <\/span><\/p>\r\n<h2><span style=\"font-family: Roboto; font-size: 27px;\"><strong>Yeni Zelanda Oturum \u0130zni Evraklar\u0131<\/strong><\/span><\/h2>\r\n<p><span style=\"font-family: Roboto; font-size: 14px;\">\r\n\r\n<\/span><\/p>\r\n<p><span style=\"font-family: Roboto; font-size: 14px;\">Yeni Zelanda oturum izni almak istiyorsan\u0131z mutlaka uygun standartlarda haz\u0131rlanm\u0131\u015f evraklar\u0131n\u0131z olmas\u0131 gereklidir. Bu evraklar\u0131n haz\u0131rlanmas\u0131nda dikkat edilmesi gereken \u00f6nemli detaylar vard\u0131r. Evraklar\u0131n\u0131z aras\u0131nda mutlaka \u00e7al\u0131\u015fma belgelerinizin olmas\u0131 gerekiyor. E\u011fer bir \u015firket arac\u0131l\u0131\u011f\u0131 ile bu \u00fclkeye geldiyseniz mutlaka o \u015firket ile yapt\u0131\u011f\u0131n\u0131z i\u015f s\u00f6zle\u015fmesinin evraklar aras\u0131nda olmas\u0131 gerekmektedir.<\/span><\/p>\r\n<p><span style=\"font-family: Roboto; font-size: 14px;\">\r\n\r\n<\/span><\/p>\r\n<p><span style=\"font-family: Roboto; font-size: 14px;\">Evlenme yolu ile oturum iznine ba\u015fvuranlar\u0131n pasaport ve ba\u015fvuru formlar\u0131n\u0131 belirtmeleri gerekmektedir. Dilek\u00e7e ve biyometrik foto\u011fraf t\u00fcm ba\u015fvuru sahiplerinin haz\u0131rlamas\u0131 gereken evraklar aras\u0131nda yer almaktad\u0131r. Ki\u015filer Yeni Zelanda evraklar\u0131n\u0131 haz\u0131rlarken g\u00fcncel verilerden yararlanmal\u0131d\u0131r. Eski pasaportlar\u0131n yenilenmesi son derece \u00f6nemlidir. Ayn\u0131 zamanda ba\u015fvuru i\u00e7in ilgili yerlerden al\u0131nmas\u0131 gereken davetiyeleri de edinmeniz ba\u015fvuru s\u00fcrecinde \u00f6nemli evraklard\u0131r.<\/span><\/p>\r\n<p><span style=\"font-family: Roboto;\"><\/span><\/p>","protected":false},"excerpt":{"rendered":"<p>Yeni Zelanda oturum vizesi alacak olan ki\u015filer i\u00e7in evrak listesi farkl\u0131l\u0131k g\u00f6sterebiliyor. Oturum vizesi alma \u015fekliniz bu evrak listesini belirleyen en \u00f6nemli unsurlar aras\u0131nda yer almaktad\u0131r. Yeni Zelanda vizesi i\u015flemlerinde mutlaka g\u00fcncel evraklar haz\u0131rlaman\u0131z gerekmektedir. Ayn\u0131 zamanda bu oturum vizesini neden almak istedi\u011finizi de net bir \u015fekilde dile getirmek gereklidir. Yeni Zelanda\u2019da ya\u015famak isteyen ki\u015filerin<\/p>\n","protected":false},"author":1,"featured_media":0,"parent":0,"menu_order":0,"comment_status":"closed","ping_status":"closed","template":"","meta":{"footnotes":""},"class_list":["post-138","page","type-page","status-publish","hentry"],"yoast_head":"<!-- This site is optimized with the Yoast SEO plugin v24.0 - https:\/\/yoast.com\/wordpress\/plugins\/seo\/ -->\n<title>Yeni Zelanda Oturum Vizesi - Oturum \u0130zni - MyVize<\/title>\n<meta name=\"description\" content=\"Yeni Zelanda oturum vizesi i\u00e7in gerekli evraklar ve \u015fartlar g\u00fcncel. Yeni Zelanda oturum vizesi ba\u015fvurusunda dikkat edilmesi gerekenler.\" \/>\n<meta name=\"robots\" content=\"index, follow, max-snippet:-1, max-image-preview:large, max-video-preview:-1\" \/>\n<link rel=\"canonical\" href=\"https:\/\/myvize.com.tr\/yenizelanda\/oturum-2\/\" \/>\n<meta property=\"og:locale\" content=\"tr_TR\" \/>\n<meta property=\"og:type\" content=\"article\" \/>\n<meta property=\"og:title\" content=\"Yeni Zelanda Oturum Vizesi - Oturum \u0130zni - MyVize\" \/>\n<meta property=\"og:description\" content=\"Yeni Zelanda oturum vizesi i\u00e7in gerekli evraklar ve \u015fartlar g\u00fcncel. Yeni Zelanda oturum vizesi ba\u015fvurusunda dikkat edilmesi gerekenler.\" \/>\n<meta property=\"og:url\" content=\"https:\/\/myvize.com.tr\/yenizelanda\/oturum-2\/\" \/>\n<meta property=\"og:site_name\" content=\"Yeni Zelanda Vizesi\" \/>\n<meta property=\"article:modified_time\" content=\"2022-05-16T14:18:43+00:00\" \/>\n<meta property=\"og:image\" content=\"https:\/\/myvize.com.tr\/yenizelanda\/wp-content\/uploads\/2021\/10\/14.jpg\" \/>\n<meta name=\"twitter:card\" content=\"summary_large_image\" \/>\n<meta name=\"twitter:label1\" content=\"Tahmini okuma s\u00fcresi\" \/>\n\t<meta name=\"twitter:data1\" content=\"2 dakika\" \/>\n<script type=\"application\/ld+json\" class=\"yoast-schema-graph\">{\"@context\":\"https:\/\/schema.org\",\"@graph\":[{\"@type\":\"WebPage\",\"@id\":\"https:\/\/myvize.com.tr\/yenizelanda\/oturum-2\/\",\"url\":\"https:\/\/myvize.com.tr\/yenizelanda\/oturum-2\/\",\"name\":\"Yeni Zelanda Oturum Vizesi - Oturum \u0130zni - MyVize\",\"isPartOf\":{\"@id\":\"https:\/\/myvize.com.tr\/yenizelanda\/#website\"},\"primaryImageOfPage\":{\"@id\":\"https:\/\/myvize.com.tr\/yenizelanda\/oturum-2\/#primaryimage\"},\"image\":{\"@id\":\"https:\/\/myvize.com.tr\/yenizelanda\/oturum-2\/#primaryimage\"},\"thumbnailUrl\":\"https:\/\/myvize.com.tr\/yenizelanda\/wp-content\/uploads\/2021\/10\/14.jpg\",\"datePublished\":\"2021-01-15T13:02:54+00:00\",\"dateModified\":\"2022-05-16T14:18:43+00:00\",\"description\":\"Yeni Zelanda oturum vizesi i\u00e7in gerekli evraklar ve \u015fartlar g\u00fcncel. Yeni Zelanda oturum vizesi ba\u015fvurusunda dikkat edilmesi gerekenler.\",\"breadcrumb\":{\"@id\":\"https:\/\/myvize.com.tr\/yenizelanda\/oturum-2\/#breadcrumb\"},\"inLanguage\":\"tr\",\"potentialAction\":[{\"@type\":\"ReadAction\",\"target\":[\"https:\/\/myvize.com.tr\/yenizelanda\/oturum-2\/\"]}]},{\"@type\":\"ImageObject\",\"inLanguage\":\"tr\",\"@id\":\"https:\/\/myvize.com.tr\/yenizelanda\/oturum-2\/#primaryimage\",\"url\":\"https:\/\/myvize.com.tr\/yenizelanda\/wp-content\/uploads\/2021\/10\/14.jpg\",\"contentUrl\":\"https:\/\/myvize.com.tr\/yenizelanda\/wp-content\/uploads\/2021\/10\/14.jpg\",\"width\":800,\"height\":500,\"caption\":\"Yeni Zelanda Oturum\"},{\"@type\":\"BreadcrumbList\",\"@id\":\"https:\/\/myvize.com.tr\/yenizelanda\/oturum-2\/#breadcrumb\",\"itemListElement\":[{\"@type\":\"ListItem\",\"position\":1,\"name\":\"Anasayfa\",\"item\":\"https:\/\/myvize.com.tr\/yenizelanda\/\"},{\"@type\":\"ListItem\",\"position\":2,\"name\":\"OTURUM\"}]},{\"@type\":\"WebSite\",\"@id\":\"https:\/\/myvize.com.tr\/yenizelanda\/#website\",\"url\":\"https:\/\/myvize.com.tr\/yenizelanda\/\",\"name\":\"Yeni Zelanda Vizesi\",\"description\":\"\",\"potentialAction\":[{\"@type\":\"SearchAction\",\"target\":{\"@type\":\"EntryPoint\",\"urlTemplate\":\"https:\/\/myvize.com.tr\/yenizelanda\/?s={search_term_string}\"},\"query-input\":{\"@type\":\"PropertyValueSpecification\",\"valueRequired\":true,\"valueName\":\"search_term_string\"}}],\"inLanguage\":\"tr\"}]}<\/script>\n<!-- \/ Yoast SEO plugin. -->","yoast_head_json":{"title":"Yeni Zelanda Oturum Vizesi - Oturum \u0130zni - MyVize","description":"Yeni Zelanda oturum vizesi i\u00e7in gerekli evraklar ve \u015fartlar g\u00fcncel. Yeni Zelanda oturum vizesi ba\u015fvurusunda dikkat edilmesi gerekenler.","robots":{"index":"index","follow":"follow","max-snippet":"max-snippet:-1","max-image-preview":"max-image-preview:large","max-video-preview":"max-video-preview:-1"},"canonical":"https:\/\/myvize.com.tr\/yenizelanda\/oturum-2\/","og_locale":"tr_TR","og_type":"article","og_title":"Yeni Zelanda Oturum Vizesi - Oturum \u0130zni - MyVize","og_description":"Yeni Zelanda oturum vizesi i\u00e7in gerekli evraklar ve \u015fartlar g\u00fcncel. Yeni Zelanda oturum vizesi ba\u015fvurusunda dikkat edilmesi gerekenler.","og_url":"https:\/\/myvize.com.tr\/yenizelanda\/oturum-2\/","og_site_name":"Yeni Zelanda Vizesi","article_modified_time":"2022-05-16T14:18:43+00:00","og_image":[{"url":"https:\/\/myvize.com.tr\/yenizelanda\/wp-content\/uploads\/2021\/10\/14.jpg","type":"","width":"","height":""}],"twitter_card":"summary_large_image","twitter_misc":{"Tahmini okuma s\u00fcresi":"2 dakika"},"schema":{"@context":"https:\/\/schema.org","@graph":[{"@type":"WebPage","@id":"https:\/\/myvize.com.tr\/yenizelanda\/oturum-2\/","url":"https:\/\/myvize.com.tr\/yenizelanda\/oturum-2\/","name":"Yeni Zelanda Oturum Vizesi - Oturum \u0130zni - MyVize","isPartOf":{"@id":"https:\/\/myvize.com.tr\/yenizelanda\/#website"},"primaryImageOfPage":{"@id":"https:\/\/myvize.com.tr\/yenizelanda\/oturum-2\/#primaryimage"},"image":{"@id":"https:\/\/myvize.com.tr\/yenizelanda\/oturum-2\/#primaryimage"},"thumbnailUrl":"https:\/\/myvize.com.tr\/yenizelanda\/wp-content\/uploads\/2021\/10\/14.jpg","datePublished":"2021-01-15T13:02:54+00:00","dateModified":"2022-05-16T14:18:43+00:00","description":"Yeni Zelanda oturum vizesi i\u00e7in gerekli evraklar ve \u015fartlar g\u00fcncel. Yeni Zelanda oturum vizesi ba\u015fvurusunda dikkat edilmesi gerekenler.","breadcrumb":{"@id":"https:\/\/myvize.com.tr\/yenizelanda\/oturum-2\/#breadcrumb"},"inLanguage":"tr","potentialAction":[{"@type":"ReadAction","target":["https:\/\/myvize.com.tr\/yenizelanda\/oturum-2\/"]}]},{"@type":"ImageObject","inLanguage":"tr","@id":"https:\/\/myvize.com.tr\/yenizelanda\/oturum-2\/#primaryimage","url":"https:\/\/myvize.com.tr\/yenizelanda\/wp-content\/uploads\/2021\/10\/14.jpg","contentUrl":"https:\/\/myvize.com.tr\/yenizelanda\/wp-content\/uploads\/2021\/10\/14.jpg","width":800,"height":500,"caption":"Yeni Zelanda Oturum"},{"@type":"BreadcrumbList","@id":"https:\/\/myvize.com.tr\/yenizelanda\/oturum-2\/#breadcrumb","itemListElement":[{"@type":"ListItem","position":1,"name":"Anasayfa","item":"https:\/\/myvize.com.tr\/yenizelanda\/"},{"@type":"ListItem","position":2,"name":"OTURUM"}]},{"@type":"WebSite","@id":"https:\/\/myvize.com.tr\/yenizelanda\/#website","url":"https:\/\/myvize.com.tr\/yenizelanda\/","name":"Yeni Zelanda Vizesi","description":"","potentialAction":[{"@type":"SearchAction","target":{"@type":"EntryPoint","urlTemplate":"https:\/\/myvize.com.tr\/yenizelanda\/?s={search_term_string}"},"query-input":{"@type":"PropertyValueSpecification","valueRequired":true,"valueName":"search_term_string"}}],"inLanguage":"tr"}]}},"_links":{"self":[{"href":"https:\/\/myvize.com.tr\/yenizelanda\/wp-json\/wp\/v2\/pages\/138","targetHints":{"allow":["GET"]}}],"collection":[{"href":"https:\/\/myvize.com.tr\/yenizelanda\/wp-json\/wp\/v2\/pages"}],"about":[{"href":"https:\/\/myvize.com.tr\/yenizelanda\/wp-json\/wp\/v2\/types\/page"}],"author":[{"embeddable":true,"href":"https:\/\/myvize.com.tr\/yenizelanda\/wp-json\/wp\/v2\/users\/1"}],"replies":[{"embeddable":true,"href":"https:\/\/myvize.com.tr\/yenizelanda\/wp-json\/wp\/v2\/comments?post=138"}],"version-history":[{"count":5,"href":"https:\/\/myvize.com.tr\/yenizelanda\/wp-json\/wp\/v2\/pages\/138\/revisions"}],"predecessor-version":[{"id":621,"href":"https:\/\/myvize.com.tr\/yenizelanda\/wp-json\/wp\/v2\/pages\/138\/revisions\/621"}],"wp:attachment":[{"href":"https:\/\/myvize.com.tr\/yenizelanda\/wp-json\/wp\/v2\/media?parent=138"}],"curies":[{"name":"wp","href":"https:\/\/api.w.org\/{rel}","templated":true}]}}