{"id":18,"date":"2020-11-30T08:50:13","date_gmt":"2020-11-30T05:50:13","guid":{"rendered":"https:\/\/myvize.com.tr\/umman\/?page_id=18"},"modified":"2022-05-16T16:02:55","modified_gmt":"2022-05-16T13:02:55","slug":"vize-islemleri","status":"publish","type":"page","link":"https:\/\/myvize.com.tr\/umman\/vize-islemleri\/","title":{"rendered":"V\u0130ZE \u0130\u015eLEMLER\u0130"},"content":{"rendered":"\n<h2 class=\"wp-block-heading\"><strong>Umman Vize \u0130\u015flemleri Hakk\u0131nda<\/strong><\/h2>\n\n\n\n<p>Umman, Arap yar\u0131madas\u0131n\u0131n g\u00fcneydo\u011fusunda yer alan ve sultanl\u0131kla y\u00f6netilen bir \u00fclkedir. Umman\u2019a seyahat planlayan T\u00fcrkiye Cumhuriyeti vatanda\u015flar\u0131n\u0131n Diplomatik (siyah), Hizmet (gri) ve Hususi (ye\u015fil) pasaport sahibi olanlar&nbsp;<strong>Umman vizesinden<\/strong>&nbsp;muaft\u0131rlar. Ancak Umuma mahsus (bordo) pasaport sahipleri vizeye tabidirler. Umman\u2019a giri\u015f i\u00e7in gerek vize turistik, ticari ya da resmi ziyaret i\u00e7in al\u0131n\u0131r. Bordo pasaport sahibi T\u00fcrkiye Cumhuriyeti vatanda\u015flar\u0131n\u0131n&nbsp;<strong>Umman vizesi<\/strong>&nbsp;almalar\u0131 i\u00e7in Umman Konsoloslu\u011funa ya da gerekli evraklar ile s\u0131n\u0131r kap\u0131lar\u0131ndaki yetkili merkezlere ba\u015fvurmalar\u0131 gerekmektedir. S\u0131n\u0131r kap\u0131s\u0131ndaki ba\u015fvurular hemen sonu\u00e7lan\u0131rken konsolosluk ba\u015fvurular\u0131 yedi i\u015f g\u00fcn\u00fc i\u00e7erisinde sonu\u00e7lan\u0131r. Umman vizesi almak i\u00e7in gereken evraklar ise \u015funlard\u0131r: Vize ba\u015fvurusundan itibaren en az bir y\u0131l daha ge\u00e7erlili\u011fi olan pasaportun asl\u0131 ve kimlik bilgilerinin yer ald\u0131\u011f\u0131 sayfalar\u0131n fotokopisi, kimlik kart\u0131 veya n\u00fcfus c\u00fczdan\u0131n fotokopisi, son alt\u0131 ay i\u00e7erisinde \u00e7ekilmi\u015f biyometrik foto\u011fraf, vize ba\u015fvuru mektubu (mesleki ve ki\u015fisel bilgiler ile ileti\u015fim bilgileri yer almal\u0131), konaklama yeri rezervasyon belgesi, ula\u015f\u0131m bileti ya da ula\u015f\u0131m rezervasyon belgesi ve vize \u00fccretinin \u00f6dendi\u011fine dair makbuz. Resmi ziyaret&nbsp;<strong>Umman vizesi<\/strong>&nbsp;i\u00e7in bu belgelere ek olarak T.C. D\u0131\u015fi\u015fleri Bakanl\u0131\u011f\u0131\u2019ndan al\u0131nm\u0131\u015f dilek\u00e7e gibi evraklar gereklidir. S\u0131n\u0131r kap\u0131s\u0131 vize \u00fccreti ise her on g\u00fcnl\u00fck ziyaret i\u00e7in 5 Riyal olarak belirlenmi\u015ftir. Ancak konsolosluk ba\u015fvurular\u0131 i\u00e7in 700 TL gerekir. &nbsp;<\/p>\n","protected":false},"excerpt":{"rendered":"<p>Umman Vize \u0130\u015flemleri Hakk\u0131nda Umman, Arap yar\u0131madas\u0131n\u0131n g\u00fcneydo\u011fusunda yer alan ve sultanl\u0131kla y\u00f6netilen bir \u00fclkedir. Umman\u2019a seyahat planlayan T\u00fcrkiye Cumhuriyeti vatanda\u015flar\u0131n\u0131n Diplomatik (siyah), Hizmet (gri) ve Hususi (ye\u015fil) pasaport sahibi olanlar&nbsp;Umman vizesinden&nbsp;muaft\u0131rlar. Ancak Umuma mahsus (bordo) pasaport sahipleri vizeye tabidirler. Umman\u2019a giri\u015f i\u00e7in gerek vize turistik, ticari ya da resmi ziyaret i\u00e7in al\u0131n\u0131r. Bordo pasaport<\/p>\n","protected":false},"author":1,"featured_media":0,"parent":0,"menu_order":0,"comment_status":"closed","ping_status":"closed","template":"","meta":{"footnotes":""},"class_list":["post-18","page","type-page","status-publish","hentry"],"yoast_head":"<!-- This site is optimized with the Yoast SEO plugin v24.0 - https:\/\/yoast.com\/wordpress\/plugins\/seo\/ -->\n<title>Umman Vize \u0130\u015flemleri - Umman Vize Ba\u015fvurusu - MyVize<\/title>\n<meta name=\"description\" content=\"Umman Vize \u0130\u015flemleri nas\u0131l yap\u0131l\u0131r? Umman Vize \u0130\u015flemleri nelerdir? Umman Vize \u0130\u015flem \u00fccreti nedir? Umman Vize \u0130\u015flem evraklar\u0131 nelerdir?\" \/>\n<meta name=\"robots\" content=\"index, follow, max-snippet:-1, max-image-preview:large, max-video-preview:-1\" \/>\n<link rel=\"canonical\" href=\"https:\/\/myvize.com.tr\/umman\/vize-islemleri\/\" \/>\n<meta property=\"og:locale\" content=\"tr_TR\" \/>\n<meta property=\"og:type\" content=\"article\" \/>\n<meta property=\"og:title\" content=\"Umman Vize \u0130\u015flemleri - Umman Vize Ba\u015fvurusu - MyVize\" \/>\n<meta property=\"og:description\" content=\"Umman Vize \u0130\u015flemleri nas\u0131l yap\u0131l\u0131r? Umman Vize \u0130\u015flemleri nelerdir? Umman Vize \u0130\u015flem \u00fccreti nedir? Umman Vize \u0130\u015flem evraklar\u0131 nelerdir?\" \/>\n<meta property=\"og:url\" content=\"https:\/\/myvize.com.tr\/umman\/vize-islemleri\/\" \/>\n<meta property=\"og:site_name\" content=\"Umman Vizesi\" \/>\n<meta property=\"article:modified_time\" content=\"2022-05-16T13:02:55+00:00\" \/>\n<meta name=\"twitter:card\" content=\"summary_large_image\" \/>\n<meta name=\"twitter:label1\" content=\"Tahmini okuma s\u00fcresi\" \/>\n\t<meta name=\"twitter:data1\" content=\"1 dakika\" \/>\n<script type=\"application\/ld+json\" class=\"yoast-schema-graph\">{\"@context\":\"https:\/\/schema.org\",\"@graph\":[{\"@type\":\"WebPage\",\"@id\":\"https:\/\/myvize.com.tr\/umman\/vize-islemleri\/\",\"url\":\"https:\/\/myvize.com.tr\/umman\/vize-islemleri\/\",\"name\":\"Umman Vize \u0130\u015flemleri - Umman Vize Ba\u015fvurusu - MyVize\",\"isPartOf\":{\"@id\":\"https:\/\/myvize.com.tr\/umman\/#website\"},\"datePublished\":\"2020-11-30T05:50:13+00:00\",\"dateModified\":\"2022-05-16T13:02:55+00:00\",\"description\":\"Umman Vize \u0130\u015flemleri nas\u0131l yap\u0131l\u0131r? Umman Vize \u0130\u015flemleri nelerdir? Umman Vize \u0130\u015flem \u00fccreti nedir? Umman Vize \u0130\u015flem evraklar\u0131 nelerdir?\",\"breadcrumb\":{\"@id\":\"https:\/\/myvize.com.tr\/umman\/vize-islemleri\/#breadcrumb\"},\"inLanguage\":\"tr\",\"potentialAction\":[{\"@type\":\"ReadAction\",\"target\":[\"https:\/\/myvize.com.tr\/umman\/vize-islemleri\/\"]}]},{\"@type\":\"BreadcrumbList\",\"@id\":\"https:\/\/myvize.com.tr\/umman\/vize-islemleri\/#breadcrumb\",\"itemListElement\":[{\"@type\":\"ListItem\",\"position\":1,\"name\":\"Anasayfa\",\"item\":\"https:\/\/myvize.com.tr\/umman\/\"},{\"@type\":\"ListItem\",\"position\":2,\"name\":\"V\u0130ZE \u0130\u015eLEMLER\u0130\"}]},{\"@type\":\"WebSite\",\"@id\":\"https:\/\/myvize.com.tr\/umman\/#website\",\"url\":\"https:\/\/myvize.com.tr\/umman\/\",\"name\":\"Umman Vizesi\",\"description\":\"\",\"potentialAction\":[{\"@type\":\"SearchAction\",\"target\":{\"@type\":\"EntryPoint\",\"urlTemplate\":\"https:\/\/myvize.com.tr\/umman\/?s={search_term_string}\"},\"query-input\":{\"@type\":\"PropertyValueSpecification\",\"valueRequired\":true,\"valueName\":\"search_term_string\"}}],\"inLanguage\":\"tr\"}]}<\/script>\n<!-- \/ Yoast SEO plugin. -->","yoast_head_json":{"title":"Umman Vize \u0130\u015flemleri - Umman Vize Ba\u015fvurusu - MyVize","description":"Umman Vize \u0130\u015flemleri nas\u0131l yap\u0131l\u0131r? Umman Vize \u0130\u015flemleri nelerdir? Umman Vize \u0130\u015flem \u00fccreti nedir? Umman Vize \u0130\u015flem evraklar\u0131 nelerdir?","robots":{"index":"index","follow":"follow","max-snippet":"max-snippet:-1","max-image-preview":"max-image-preview:large","max-video-preview":"max-video-preview:-1"},"canonical":"https:\/\/myvize.com.tr\/umman\/vize-islemleri\/","og_locale":"tr_TR","og_type":"article","og_title":"Umman Vize \u0130\u015flemleri - Umman Vize Ba\u015fvurusu - MyVize","og_description":"Umman Vize \u0130\u015flemleri nas\u0131l yap\u0131l\u0131r? Umman Vize \u0130\u015flemleri nelerdir? Umman Vize \u0130\u015flem \u00fccreti nedir? Umman Vize \u0130\u015flem evraklar\u0131 nelerdir?","og_url":"https:\/\/myvize.com.tr\/umman\/vize-islemleri\/","og_site_name":"Umman Vizesi","article_modified_time":"2022-05-16T13:02:55+00:00","twitter_card":"summary_large_image","twitter_misc":{"Tahmini okuma s\u00fcresi":"1 dakika"},"schema":{"@context":"https:\/\/schema.org","@graph":[{"@type":"WebPage","@id":"https:\/\/myvize.com.tr\/umman\/vize-islemleri\/","url":"https:\/\/myvize.com.tr\/umman\/vize-islemleri\/","name":"Umman Vize \u0130\u015flemleri - Umman Vize Ba\u015fvurusu - MyVize","isPartOf":{"@id":"https:\/\/myvize.com.tr\/umman\/#website"},"datePublished":"2020-11-30T05:50:13+00:00","dateModified":"2022-05-16T13:02:55+00:00","description":"Umman Vize \u0130\u015flemleri nas\u0131l yap\u0131l\u0131r? Umman Vize \u0130\u015flemleri nelerdir? Umman Vize \u0130\u015flem \u00fccreti nedir? Umman Vize \u0130\u015flem evraklar\u0131 nelerdir?","breadcrumb":{"@id":"https:\/\/myvize.com.tr\/umman\/vize-islemleri\/#breadcrumb"},"inLanguage":"tr","potentialAction":[{"@type":"ReadAction","target":["https:\/\/myvize.com.tr\/umman\/vize-islemleri\/"]}]},{"@type":"BreadcrumbList","@id":"https:\/\/myvize.com.tr\/umman\/vize-islemleri\/#breadcrumb","itemListElement":[{"@type":"ListItem","position":1,"name":"Anasayfa","item":"https:\/\/myvize.com.tr\/umman\/"},{"@type":"ListItem","position":2,"name":"V\u0130ZE \u0130\u015eLEMLER\u0130"}]},{"@type":"WebSite","@id":"https:\/\/myvize.com.tr\/umman\/#website","url":"https:\/\/myvize.com.tr\/umman\/","name":"Umman Vizesi","description":"","potentialAction":[{"@type":"SearchAction","target":{"@type":"EntryPoint","urlTemplate":"https:\/\/myvize.com.tr\/umman\/?s={search_term_string}"},"query-input":{"@type":"PropertyValueSpecification","valueRequired":true,"valueName":"search_term_string"}}],"inLanguage":"tr"}]}},"_links":{"self":[{"href":"https:\/\/myvize.com.tr\/umman\/wp-json\/wp\/v2\/pages\/18","targetHints":{"allow":["GET"]}}],"collection":[{"href":"https:\/\/myvize.com.tr\/umman\/wp-json\/wp\/v2\/pages"}],"about":[{"href":"https:\/\/myvize.com.tr\/umman\/wp-json\/wp\/v2\/types\/page"}],"author":[{"embeddable":true,"href":"https:\/\/myvize.com.tr\/umman\/wp-json\/wp\/v2\/users\/1"}],"replies":[{"embeddable":true,"href":"https:\/\/myvize.com.tr\/umman\/wp-json\/wp\/v2\/comments?post=18"}],"version-history":[{"count":5,"href":"https:\/\/myvize.com.tr\/umman\/wp-json\/wp\/v2\/pages\/18\/revisions"}],"predecessor-version":[{"id":442,"href":"https:\/\/myvize.com.tr\/umman\/wp-json\/wp\/v2\/pages\/18\/revisions\/442"}],"wp:attachment":[{"href":"https:\/\/myvize.com.tr\/umman\/wp-json\/wp\/v2\/media?parent=18"}],"curies":[{"name":"wp","href":"https:\/\/api.w.org\/{rel}","templated":true}]}}