{"id":341,"date":"2021-01-29T15:51:27","date_gmt":"2021-01-29T12:51:27","guid":{"rendered":"https:\/\/myvize.com.tr\/turkmenistan\/?page_id=341"},"modified":"2022-02-15T17:42:47","modified_gmt":"2022-02-15T14:42:47","slug":"turkmen-ortaksiz-sirket-nasil-kurulur-yabanci-ozel-kisiler","status":"publish","type":"page","link":"https:\/\/myvize.com.tr\/turkmenistan\/gerekli-bilgiler\/turkmen-ortaksiz-sirket-nasil-kurulur-yabanci-ozel-kisiler\/","title":{"rendered":"T\u00fcrkmen Ortaks\u0131z \u015eirket Kurma(Yabanc\u0131 \u00d6zel Ki\u015filer)"},"content":{"rendered":"\n<h2 class=\"wp-block-heading\"><strong>T\u00fcrkmen Ortaks\u0131z \u015eirket Kurma(Yabanc\u0131 \u00d6zel Ki\u015filer) Hakk\u0131nda<\/strong><\/h2>\n","protected":false},"excerpt":{"rendered":"<p>T\u00fcrkmen Ortaks\u0131z \u015eirket Kurma(Yabanc\u0131 \u00d6zel Ki\u015filer) Hakk\u0131nda<\/p>\n","protected":false},"author":1,"featured_media":0,"parent":320,"menu_order":0,"comment_status":"closed","ping_status":"closed","template":"","meta":{"footnotes":""},"class_list":["post-341","page","type-page","status-publish","hentry"],"yoast_head":"<!-- This site is optimized with the Yoast SEO plugin v24.0 - https:\/\/yoast.com\/wordpress\/plugins\/seo\/ -->\n<title>T\u00fcrkmen Ortaks\u0131z \u015eirket Kurma - My Vize<\/title>\n<meta name=\"description\" content=\"T\u00fcrkmen Ortaks\u0131z \u015eirket Kurma(Yabanc\u0131 \u00d6zel Ki\u015filer) nas\u0131l yap\u0131l\u0131r? T\u00fcrkmen Ortaks\u0131z \u015eirket Kurma(Yabanc\u0131 \u00d6zel Ki\u015filer) \u015eartlar\u0131 nelerdir?\" \/>\n<meta name=\"robots\" content=\"index, follow, max-snippet:-1, max-image-preview:large, max-video-preview:-1\" \/>\n<link rel=\"canonical\" href=\"https:\/\/myvize.com.tr\/turkmenistan\/gerekli-bilgiler\/turkmen-ortaksiz-sirket-nasil-kurulur-yabanci-ozel-kisiler\/\" \/>\n<meta property=\"og:locale\" content=\"tr_TR\" \/>\n<meta property=\"og:type\" content=\"article\" \/>\n<meta property=\"og:title\" content=\"T\u00fcrkmen Ortaks\u0131z \u015eirket Kurma - My Vize\" \/>\n<meta property=\"og:description\" content=\"T\u00fcrkmen Ortaks\u0131z \u015eirket Kurma(Yabanc\u0131 \u00d6zel Ki\u015filer) nas\u0131l yap\u0131l\u0131r? T\u00fcrkmen Ortaks\u0131z \u015eirket Kurma(Yabanc\u0131 \u00d6zel Ki\u015filer) \u015eartlar\u0131 nelerdir?\" \/>\n<meta property=\"og:url\" content=\"https:\/\/myvize.com.tr\/turkmenistan\/gerekli-bilgiler\/turkmen-ortaksiz-sirket-nasil-kurulur-yabanci-ozel-kisiler\/\" \/>\n<meta property=\"og:site_name\" content=\"T\u00fcrkmenistan Vizesi\" \/>\n<meta property=\"article:modified_time\" content=\"2022-02-15T14:42:47+00:00\" \/>\n<meta name=\"twitter:card\" content=\"summary_large_image\" \/>\n<meta name=\"twitter:label1\" content=\"Tahmini okuma s\u00fcresi\" \/>\n\t<meta name=\"twitter:data1\" content=\"1 dakika\" \/>\n<script type=\"application\/ld+json\" class=\"yoast-schema-graph\">{\"@context\":\"https:\/\/schema.org\",\"@graph\":[{\"@type\":\"WebPage\",\"@id\":\"https:\/\/myvize.com.tr\/turkmenistan\/gerekli-bilgiler\/turkmen-ortaksiz-sirket-nasil-kurulur-yabanci-ozel-kisiler\/\",\"url\":\"https:\/\/myvize.com.tr\/turkmenistan\/gerekli-bilgiler\/turkmen-ortaksiz-sirket-nasil-kurulur-yabanci-ozel-kisiler\/\",\"name\":\"T\u00fcrkmen Ortaks\u0131z \u015eirket Kurma - My Vize\",\"isPartOf\":{\"@id\":\"https:\/\/myvize.com.tr\/turkmenistan\/#website\"},\"datePublished\":\"2021-01-29T12:51:27+00:00\",\"dateModified\":\"2022-02-15T14:42:47+00:00\",\"description\":\"T\u00fcrkmen Ortaks\u0131z \u015eirket Kurma(Yabanc\u0131 \u00d6zel Ki\u015filer) nas\u0131l yap\u0131l\u0131r? T\u00fcrkmen Ortaks\u0131z \u015eirket Kurma(Yabanc\u0131 \u00d6zel Ki\u015filer) \u015eartlar\u0131 nelerdir?\",\"breadcrumb\":{\"@id\":\"https:\/\/myvize.com.tr\/turkmenistan\/gerekli-bilgiler\/turkmen-ortaksiz-sirket-nasil-kurulur-yabanci-ozel-kisiler\/#breadcrumb\"},\"inLanguage\":\"tr\",\"potentialAction\":[{\"@type\":\"ReadAction\",\"target\":[\"https:\/\/myvize.com.tr\/turkmenistan\/gerekli-bilgiler\/turkmen-ortaksiz-sirket-nasil-kurulur-yabanci-ozel-kisiler\/\"]}]},{\"@type\":\"BreadcrumbList\",\"@id\":\"https:\/\/myvize.com.tr\/turkmenistan\/gerekli-bilgiler\/turkmen-ortaksiz-sirket-nasil-kurulur-yabanci-ozel-kisiler\/#breadcrumb\",\"itemListElement\":[{\"@type\":\"ListItem\",\"position\":1,\"name\":\"Anasayfa\",\"item\":\"https:\/\/myvize.com.tr\/turkmenistan\/\"},{\"@type\":\"ListItem\",\"position\":2,\"name\":\"GEREKL\u0130 B\u0130LG\u0130LER\",\"item\":\"https:\/\/myvize.com.tr\/turkmenistan\/gerekli-bilgiler\/\"},{\"@type\":\"ListItem\",\"position\":3,\"name\":\"T\u00fcrkmen Ortaks\u0131z \u015eirket Kurma(Yabanc\u0131 \u00d6zel Ki\u015filer)\"}]},{\"@type\":\"WebSite\",\"@id\":\"https:\/\/myvize.com.tr\/turkmenistan\/#website\",\"url\":\"https:\/\/myvize.com.tr\/turkmenistan\/\",\"name\":\"T\u00fcrkmenistan Vizesi\",\"description\":\"\",\"potentialAction\":[{\"@type\":\"SearchAction\",\"target\":{\"@type\":\"EntryPoint\",\"urlTemplate\":\"https:\/\/myvize.com.tr\/turkmenistan\/?s={search_term_string}\"},\"query-input\":{\"@type\":\"PropertyValueSpecification\",\"valueRequired\":true,\"valueName\":\"search_term_string\"}}],\"inLanguage\":\"tr\"}]}<\/script>\n<!-- \/ Yoast SEO plugin. -->","yoast_head_json":{"title":"T\u00fcrkmen Ortaks\u0131z \u015eirket Kurma - My Vize","description":"T\u00fcrkmen Ortaks\u0131z \u015eirket Kurma(Yabanc\u0131 \u00d6zel Ki\u015filer) nas\u0131l yap\u0131l\u0131r? T\u00fcrkmen Ortaks\u0131z \u015eirket Kurma(Yabanc\u0131 \u00d6zel Ki\u015filer) \u015eartlar\u0131 nelerdir?","robots":{"index":"index","follow":"follow","max-snippet":"max-snippet:-1","max-image-preview":"max-image-preview:large","max-video-preview":"max-video-preview:-1"},"canonical":"https:\/\/myvize.com.tr\/turkmenistan\/gerekli-bilgiler\/turkmen-ortaksiz-sirket-nasil-kurulur-yabanci-ozel-kisiler\/","og_locale":"tr_TR","og_type":"article","og_title":"T\u00fcrkmen Ortaks\u0131z \u015eirket Kurma - My Vize","og_description":"T\u00fcrkmen Ortaks\u0131z \u015eirket Kurma(Yabanc\u0131 \u00d6zel Ki\u015filer) nas\u0131l yap\u0131l\u0131r? T\u00fcrkmen Ortaks\u0131z \u015eirket Kurma(Yabanc\u0131 \u00d6zel Ki\u015filer) \u015eartlar\u0131 nelerdir?","og_url":"https:\/\/myvize.com.tr\/turkmenistan\/gerekli-bilgiler\/turkmen-ortaksiz-sirket-nasil-kurulur-yabanci-ozel-kisiler\/","og_site_name":"T\u00fcrkmenistan Vizesi","article_modified_time":"2022-02-15T14:42:47+00:00","twitter_card":"summary_large_image","twitter_misc":{"Tahmini okuma s\u00fcresi":"1 dakika"},"schema":{"@context":"https:\/\/schema.org","@graph":[{"@type":"WebPage","@id":"https:\/\/myvize.com.tr\/turkmenistan\/gerekli-bilgiler\/turkmen-ortaksiz-sirket-nasil-kurulur-yabanci-ozel-kisiler\/","url":"https:\/\/myvize.com.tr\/turkmenistan\/gerekli-bilgiler\/turkmen-ortaksiz-sirket-nasil-kurulur-yabanci-ozel-kisiler\/","name":"T\u00fcrkmen Ortaks\u0131z \u015eirket Kurma - My Vize","isPartOf":{"@id":"https:\/\/myvize.com.tr\/turkmenistan\/#website"},"datePublished":"2021-01-29T12:51:27+00:00","dateModified":"2022-02-15T14:42:47+00:00","description":"T\u00fcrkmen Ortaks\u0131z \u015eirket Kurma(Yabanc\u0131 \u00d6zel Ki\u015filer) nas\u0131l yap\u0131l\u0131r? T\u00fcrkmen Ortaks\u0131z \u015eirket Kurma(Yabanc\u0131 \u00d6zel Ki\u015filer) \u015eartlar\u0131 nelerdir?","breadcrumb":{"@id":"https:\/\/myvize.com.tr\/turkmenistan\/gerekli-bilgiler\/turkmen-ortaksiz-sirket-nasil-kurulur-yabanci-ozel-kisiler\/#breadcrumb"},"inLanguage":"tr","potentialAction":[{"@type":"ReadAction","target":["https:\/\/myvize.com.tr\/turkmenistan\/gerekli-bilgiler\/turkmen-ortaksiz-sirket-nasil-kurulur-yabanci-ozel-kisiler\/"]}]},{"@type":"BreadcrumbList","@id":"https:\/\/myvize.com.tr\/turkmenistan\/gerekli-bilgiler\/turkmen-ortaksiz-sirket-nasil-kurulur-yabanci-ozel-kisiler\/#breadcrumb","itemListElement":[{"@type":"ListItem","position":1,"name":"Anasayfa","item":"https:\/\/myvize.com.tr\/turkmenistan\/"},{"@type":"ListItem","position":2,"name":"GEREKL\u0130 B\u0130LG\u0130LER","item":"https:\/\/myvize.com.tr\/turkmenistan\/gerekli-bilgiler\/"},{"@type":"ListItem","position":3,"name":"T\u00fcrkmen Ortaks\u0131z \u015eirket Kurma(Yabanc\u0131 \u00d6zel Ki\u015filer)"}]},{"@type":"WebSite","@id":"https:\/\/myvize.com.tr\/turkmenistan\/#website","url":"https:\/\/myvize.com.tr\/turkmenistan\/","name":"T\u00fcrkmenistan Vizesi","description":"","potentialAction":[{"@type":"SearchAction","target":{"@type":"EntryPoint","urlTemplate":"https:\/\/myvize.com.tr\/turkmenistan\/?s={search_term_string}"},"query-input":{"@type":"PropertyValueSpecification","valueRequired":true,"valueName":"search_term_string"}}],"inLanguage":"tr"}]}},"_links":{"self":[{"href":"https:\/\/myvize.com.tr\/turkmenistan\/wp-json\/wp\/v2\/pages\/341","targetHints":{"allow":["GET"]}}],"collection":[{"href":"https:\/\/myvize.com.tr\/turkmenistan\/wp-json\/wp\/v2\/pages"}],"about":[{"href":"https:\/\/myvize.com.tr\/turkmenistan\/wp-json\/wp\/v2\/types\/page"}],"author":[{"embeddable":true,"href":"https:\/\/myvize.com.tr\/turkmenistan\/wp-json\/wp\/v2\/users\/1"}],"replies":[{"embeddable":true,"href":"https:\/\/myvize.com.tr\/turkmenistan\/wp-json\/wp\/v2\/comments?post=341"}],"version-history":[{"count":2,"href":"https:\/\/myvize.com.tr\/turkmenistan\/wp-json\/wp\/v2\/pages\/341\/revisions"}],"predecessor-version":[{"id":454,"href":"https:\/\/myvize.com.tr\/turkmenistan\/wp-json\/wp\/v2\/pages\/341\/revisions\/454"}],"up":[{"embeddable":true,"href":"https:\/\/myvize.com.tr\/turkmenistan\/wp-json\/wp\/v2\/pages\/320"}],"wp:attachment":[{"href":"https:\/\/myvize.com.tr\/turkmenistan\/wp-json\/wp\/v2\/media?parent=341"}],"curies":[{"name":"wp","href":"https:\/\/api.w.org\/{rel}","templated":true}]}}