{"id":144,"date":"2021-01-15T16:03:36","date_gmt":"2021-01-15T13:03:36","guid":{"rendered":"https:\/\/myvize.com.tr\/turkmenistan\/?page_id=144"},"modified":"2022-01-14T17:34:59","modified_gmt":"2022-01-14T14:34:59","slug":"form-ve-dilekce","status":"publish","type":"page","link":"https:\/\/myvize.com.tr\/turkmenistan\/form-ve-dilekce\/","title":{"rendered":"FORM VE D\u0130LEK\u00c7E"},"content":{"rendered":"\n<h2 class=\"wp-block-heading\"><strong>T\u00fcrkmenistan Vizesi Form Ve Dilek\u00e7e<\/strong><\/h2>\n","protected":false},"excerpt":{"rendered":"<p>T\u00fcrkmenistan Vizesi Form Ve Dilek\u00e7e<\/p>\n","protected":false},"author":1,"featured_media":0,"parent":0,"menu_order":0,"comment_status":"closed","ping_status":"closed","template":"","meta":{"footnotes":""},"class_list":["post-144","page","type-page","status-publish","hentry"],"yoast_head":"<!-- This site is optimized with the Yoast SEO plugin v24.0 - https:\/\/yoast.com\/wordpress\/plugins\/seo\/ -->\n<title>T\u00fcrkmenistan Vizesi Form Ve Dilek\u00e7e - MyVize<\/title>\n<meta name=\"description\" content=\"T\u00fcrkmenistan Vizesi Formu nas\u0131l doldurulur Ve Dilek\u00e7esi nas\u0131l yaz\u0131l\u0131r? T\u00fcrkmenistan Vizesi Form Ve Dilek\u00e7eleri g\u00fcncel bilgileri 2022.\" \/>\n<meta name=\"robots\" content=\"index, follow, max-snippet:-1, max-image-preview:large, max-video-preview:-1\" \/>\n<link rel=\"canonical\" href=\"https:\/\/myvize.com.tr\/turkmenistan\/form-ve-dilekce\/\" \/>\n<meta property=\"og:locale\" content=\"tr_TR\" \/>\n<meta property=\"og:type\" content=\"article\" \/>\n<meta property=\"og:title\" content=\"T\u00fcrkmenistan Vizesi Form Ve Dilek\u00e7e - MyVize\" \/>\n<meta property=\"og:description\" content=\"T\u00fcrkmenistan Vizesi Formu nas\u0131l doldurulur Ve Dilek\u00e7esi nas\u0131l yaz\u0131l\u0131r? T\u00fcrkmenistan Vizesi Form Ve Dilek\u00e7eleri g\u00fcncel bilgileri 2022.\" \/>\n<meta property=\"og:url\" content=\"https:\/\/myvize.com.tr\/turkmenistan\/form-ve-dilekce\/\" \/>\n<meta property=\"og:site_name\" content=\"T\u00fcrkmenistan Vizesi\" \/>\n<meta property=\"article:modified_time\" content=\"2022-01-14T14:34:59+00:00\" \/>\n<meta name=\"twitter:card\" content=\"summary_large_image\" \/>\n<meta name=\"twitter:label1\" content=\"Tahmini okuma s\u00fcresi\" \/>\n\t<meta name=\"twitter:data1\" content=\"1 dakika\" \/>\n<script type=\"application\/ld+json\" class=\"yoast-schema-graph\">{\"@context\":\"https:\/\/schema.org\",\"@graph\":[{\"@type\":\"WebPage\",\"@id\":\"https:\/\/myvize.com.tr\/turkmenistan\/form-ve-dilekce\/\",\"url\":\"https:\/\/myvize.com.tr\/turkmenistan\/form-ve-dilekce\/\",\"name\":\"T\u00fcrkmenistan Vizesi Form Ve Dilek\u00e7e - MyVize\",\"isPartOf\":{\"@id\":\"https:\/\/myvize.com.tr\/turkmenistan\/#website\"},\"datePublished\":\"2021-01-15T13:03:36+00:00\",\"dateModified\":\"2022-01-14T14:34:59+00:00\",\"description\":\"T\u00fcrkmenistan Vizesi Formu nas\u0131l doldurulur Ve Dilek\u00e7esi nas\u0131l yaz\u0131l\u0131r? T\u00fcrkmenistan Vizesi Form Ve Dilek\u00e7eleri g\u00fcncel bilgileri 2022.\",\"breadcrumb\":{\"@id\":\"https:\/\/myvize.com.tr\/turkmenistan\/form-ve-dilekce\/#breadcrumb\"},\"inLanguage\":\"tr\",\"potentialAction\":[{\"@type\":\"ReadAction\",\"target\":[\"https:\/\/myvize.com.tr\/turkmenistan\/form-ve-dilekce\/\"]}]},{\"@type\":\"BreadcrumbList\",\"@id\":\"https:\/\/myvize.com.tr\/turkmenistan\/form-ve-dilekce\/#breadcrumb\",\"itemListElement\":[{\"@type\":\"ListItem\",\"position\":1,\"name\":\"Anasayfa\",\"item\":\"https:\/\/myvize.com.tr\/turkmenistan\/\"},{\"@type\":\"ListItem\",\"position\":2,\"name\":\"FORM VE D\u0130LEK\u00c7E\"}]},{\"@type\":\"WebSite\",\"@id\":\"https:\/\/myvize.com.tr\/turkmenistan\/#website\",\"url\":\"https:\/\/myvize.com.tr\/turkmenistan\/\",\"name\":\"T\u00fcrkmenistan Vizesi\",\"description\":\"\",\"potentialAction\":[{\"@type\":\"SearchAction\",\"target\":{\"@type\":\"EntryPoint\",\"urlTemplate\":\"https:\/\/myvize.com.tr\/turkmenistan\/?s={search_term_string}\"},\"query-input\":{\"@type\":\"PropertyValueSpecification\",\"valueRequired\":true,\"valueName\":\"search_term_string\"}}],\"inLanguage\":\"tr\"}]}<\/script>\n<!-- \/ Yoast SEO plugin. -->","yoast_head_json":{"title":"T\u00fcrkmenistan Vizesi Form Ve Dilek\u00e7e - MyVize","description":"T\u00fcrkmenistan Vizesi Formu nas\u0131l doldurulur Ve Dilek\u00e7esi nas\u0131l yaz\u0131l\u0131r? T\u00fcrkmenistan Vizesi Form Ve Dilek\u00e7eleri g\u00fcncel bilgileri 2022.","robots":{"index":"index","follow":"follow","max-snippet":"max-snippet:-1","max-image-preview":"max-image-preview:large","max-video-preview":"max-video-preview:-1"},"canonical":"https:\/\/myvize.com.tr\/turkmenistan\/form-ve-dilekce\/","og_locale":"tr_TR","og_type":"article","og_title":"T\u00fcrkmenistan Vizesi Form Ve Dilek\u00e7e - MyVize","og_description":"T\u00fcrkmenistan Vizesi Formu nas\u0131l doldurulur Ve Dilek\u00e7esi nas\u0131l yaz\u0131l\u0131r? T\u00fcrkmenistan Vizesi Form Ve Dilek\u00e7eleri g\u00fcncel bilgileri 2022.","og_url":"https:\/\/myvize.com.tr\/turkmenistan\/form-ve-dilekce\/","og_site_name":"T\u00fcrkmenistan Vizesi","article_modified_time":"2022-01-14T14:34:59+00:00","twitter_card":"summary_large_image","twitter_misc":{"Tahmini okuma s\u00fcresi":"1 dakika"},"schema":{"@context":"https:\/\/schema.org","@graph":[{"@type":"WebPage","@id":"https:\/\/myvize.com.tr\/turkmenistan\/form-ve-dilekce\/","url":"https:\/\/myvize.com.tr\/turkmenistan\/form-ve-dilekce\/","name":"T\u00fcrkmenistan Vizesi Form Ve Dilek\u00e7e - MyVize","isPartOf":{"@id":"https:\/\/myvize.com.tr\/turkmenistan\/#website"},"datePublished":"2021-01-15T13:03:36+00:00","dateModified":"2022-01-14T14:34:59+00:00","description":"T\u00fcrkmenistan Vizesi Formu nas\u0131l doldurulur Ve Dilek\u00e7esi nas\u0131l yaz\u0131l\u0131r? T\u00fcrkmenistan Vizesi Form Ve Dilek\u00e7eleri g\u00fcncel bilgileri 2022.","breadcrumb":{"@id":"https:\/\/myvize.com.tr\/turkmenistan\/form-ve-dilekce\/#breadcrumb"},"inLanguage":"tr","potentialAction":[{"@type":"ReadAction","target":["https:\/\/myvize.com.tr\/turkmenistan\/form-ve-dilekce\/"]}]},{"@type":"BreadcrumbList","@id":"https:\/\/myvize.com.tr\/turkmenistan\/form-ve-dilekce\/#breadcrumb","itemListElement":[{"@type":"ListItem","position":1,"name":"Anasayfa","item":"https:\/\/myvize.com.tr\/turkmenistan\/"},{"@type":"ListItem","position":2,"name":"FORM VE D\u0130LEK\u00c7E"}]},{"@type":"WebSite","@id":"https:\/\/myvize.com.tr\/turkmenistan\/#website","url":"https:\/\/myvize.com.tr\/turkmenistan\/","name":"T\u00fcrkmenistan Vizesi","description":"","potentialAction":[{"@type":"SearchAction","target":{"@type":"EntryPoint","urlTemplate":"https:\/\/myvize.com.tr\/turkmenistan\/?s={search_term_string}"},"query-input":{"@type":"PropertyValueSpecification","valueRequired":true,"valueName":"search_term_string"}}],"inLanguage":"tr"}]}},"_links":{"self":[{"href":"https:\/\/myvize.com.tr\/turkmenistan\/wp-json\/wp\/v2\/pages\/144","targetHints":{"allow":["GET"]}}],"collection":[{"href":"https:\/\/myvize.com.tr\/turkmenistan\/wp-json\/wp\/v2\/pages"}],"about":[{"href":"https:\/\/myvize.com.tr\/turkmenistan\/wp-json\/wp\/v2\/types\/page"}],"author":[{"embeddable":true,"href":"https:\/\/myvize.com.tr\/turkmenistan\/wp-json\/wp\/v2\/users\/1"}],"replies":[{"embeddable":true,"href":"https:\/\/myvize.com.tr\/turkmenistan\/wp-json\/wp\/v2\/comments?post=144"}],"version-history":[{"count":3,"href":"https:\/\/myvize.com.tr\/turkmenistan\/wp-json\/wp\/v2\/pages\/144\/revisions"}],"predecessor-version":[{"id":465,"href":"https:\/\/myvize.com.tr\/turkmenistan\/wp-json\/wp\/v2\/pages\/144\/revisions\/465"}],"wp:attachment":[{"href":"https:\/\/myvize.com.tr\/turkmenistan\/wp-json\/wp\/v2\/media?parent=144"}],"curies":[{"name":"wp","href":"https:\/\/api.w.org\/{rel}","templated":true}]}}