{"id":18,"date":"2020-11-30T08:50:13","date_gmt":"2020-11-30T05:50:13","guid":{"rendered":"https:\/\/myvize.com.tr\/turkiye\/?page_id=18"},"modified":"2022-05-16T15:43:51","modified_gmt":"2022-05-16T12:43:51","slug":"vize-islemleri","status":"publish","type":"page","link":"https:\/\/myvize.com.tr\/turkiye\/vize-islemleri\/","title":{"rendered":"V\u0130ZE \u0130\u015eLEMLER\u0130"},"content":{"rendered":"\n<h2 class=\"wp-block-heading\"><strong>T\u00fcrkiye Vize \u0130\u015flemleri Hakk\u0131nda<\/strong><\/h2>\n\n\n\n<p>Do\u011fu ve Avrupa\u2019y\u0131 birbirine ba\u011flayan k\u00f6pr\u00fc niteli\u011findeki T\u00fcrkiye sahip oldu\u011fu k\u00fclt\u00fcrel ve do\u011fal g\u00fczellikler nedeniyle turizm merkezlerindendir. T\u00fcrkiye\u2019yi vize muafiyeti olmayan \u00fclkelerden ziyaret edecek olan ziyaret\u00e7ilerin vize almalar\u0131 gerekmektedir.&nbsp;<strong>T\u00fcrkiye vizesini<\/strong>&nbsp;elektronik ortamdan e-vize olarak ya da \u00fclkelerindeki T\u00fcrkiye Cumhuriyeti d\u0131\u015f temsilciliklerine ba\u015fvurarak almalar\u0131 gerekmektedir. Ancak e-vize y\u00f6ntemi sadece turistik ve ticari seyahatler i\u00e7in ge\u00e7erlidir. Ayr\u0131ca baz\u0131 \u00fclke vatanda\u015flar\u0131 i\u00e7in s\u0131n\u0131rda kap\u0131 vizesi uygulamas\u0131 da mevcuttur.&nbsp;<strong>T\u00fcrkiye vizesi<\/strong>&nbsp;i\u00e7in gerekli genel evraklar \u015funlard\u0131r: Seyahat bitiminden itibaren en az alt\u0131 ay daha ge\u00e7erlilik s\u00fcresi bulunan resmi (umuma mahsus, hususi, hizmet ya da diplomatik) pasaport, iki adet biyometrik g\u00fcncel foto\u011fraf, konaklama rezervasyon belgeleri, gidi\u015f-d\u00f6n\u00fc\u015f ula\u015f\u0131m bileti ya da rezervasyon belgesi,&nbsp;<strong>T\u00fcrkiye Vizesi<\/strong>&nbsp;Ba\u015fvuru Formu ve seyahati finanse edebilecek maddi g\u00fcce sahip olundu\u011funu g\u00f6steren banka hesap d\u00f6k\u00fcm\u00fc. Ayr\u0131ca vizeden muaf olan \u00fclke vatanda\u015flar\u0131n\u0131n da son 180 g\u00fcn i\u00e7erisinde doksan g\u00fcn\u00fc ge\u00e7en seyahatlerinde&nbsp;<strong>T\u00fcrkiye vizesi<\/strong>&nbsp;almalar\u0131 gerekmektedir. Bunlara ek olarak T\u00fcrkiye\u2019yi ziyaret etmeye gelenlerin vize, vize muafiyeti ya da konaklama izni s\u00fcresinin sonlanmas\u0131ndan itibaren en az altm\u0131\u015f g\u00fcn ge\u00e7erli pasaport veya pasaport yerine ge\u00e7en belge ta\u015f\u0131malar\u0131 da gerekmektedir. &nbsp;Son olarak vize \u00fccretleri ise \u00fclkeden \u00fclkeye de\u011fi\u015fmektedir.<\/p>\n","protected":false},"excerpt":{"rendered":"<p>T\u00fcrkiye Vize \u0130\u015flemleri Hakk\u0131nda Do\u011fu ve Avrupa\u2019y\u0131 birbirine ba\u011flayan k\u00f6pr\u00fc niteli\u011findeki T\u00fcrkiye sahip oldu\u011fu k\u00fclt\u00fcrel ve do\u011fal g\u00fczellikler nedeniyle turizm merkezlerindendir. T\u00fcrkiye\u2019yi vize muafiyeti olmayan \u00fclkelerden ziyaret edecek olan ziyaret\u00e7ilerin vize almalar\u0131 gerekmektedir.&nbsp;T\u00fcrkiye vizesini&nbsp;elektronik ortamdan e-vize olarak ya da \u00fclkelerindeki T\u00fcrkiye Cumhuriyeti d\u0131\u015f temsilciliklerine ba\u015fvurarak almalar\u0131 gerekmektedir. Ancak e-vize y\u00f6ntemi sadece turistik ve ticari seyahatler<\/p>\n","protected":false},"author":1,"featured_media":0,"parent":0,"menu_order":0,"comment_status":"closed","ping_status":"closed","template":"","meta":{"footnotes":""},"class_list":["post-18","page","type-page","status-publish","hentry"],"yoast_head":"<!-- This site is optimized with the Yoast SEO plugin v24.0 - https:\/\/yoast.com\/wordpress\/plugins\/seo\/ -->\n<title>T\u00fcrkiye Vize \u0130\u015flemi - T\u00fcrkiye Vize Ba\u015fvuru - MyVize<\/title>\n<meta name=\"description\" content=\"T\u00fcrkiye Vize \u0130\u015flemleri nelerdir? T\u00fcrkiye Vize \u0130\u015flemleri nas\u0131l yap\u0131l\u0131r? T\u00fcrkiye Vize \u0130\u015flem \u00dccreti nedir? T\u00fcrkiye Vize Ba\u015fvurusu nas\u0131l yap\u0131l\u0131r?\" \/>\n<meta name=\"robots\" content=\"index, follow, max-snippet:-1, max-image-preview:large, max-video-preview:-1\" \/>\n<link rel=\"canonical\" href=\"https:\/\/myvize.com.tr\/turkiye\/vize-islemleri\/\" \/>\n<meta property=\"og:locale\" content=\"tr_TR\" \/>\n<meta property=\"og:type\" content=\"article\" \/>\n<meta property=\"og:title\" content=\"T\u00fcrkiye Vize \u0130\u015flemi - T\u00fcrkiye Vize Ba\u015fvuru - MyVize\" \/>\n<meta property=\"og:description\" content=\"T\u00fcrkiye Vize \u0130\u015flemleri nelerdir? T\u00fcrkiye Vize \u0130\u015flemleri nas\u0131l yap\u0131l\u0131r? T\u00fcrkiye Vize \u0130\u015flem \u00dccreti nedir? T\u00fcrkiye Vize Ba\u015fvurusu nas\u0131l yap\u0131l\u0131r?\" \/>\n<meta property=\"og:url\" content=\"https:\/\/myvize.com.tr\/turkiye\/vize-islemleri\/\" \/>\n<meta property=\"og:site_name\" content=\"T\u00fcrkiye Vizesi\" \/>\n<meta property=\"article:modified_time\" content=\"2022-05-16T12:43:51+00:00\" \/>\n<meta name=\"twitter:card\" content=\"summary_large_image\" \/>\n<meta name=\"twitter:label1\" content=\"Tahmini okuma s\u00fcresi\" \/>\n\t<meta name=\"twitter:data1\" content=\"1 dakika\" \/>\n<script type=\"application\/ld+json\" class=\"yoast-schema-graph\">{\"@context\":\"https:\/\/schema.org\",\"@graph\":[{\"@type\":\"WebPage\",\"@id\":\"https:\/\/myvize.com.tr\/turkiye\/vize-islemleri\/\",\"url\":\"https:\/\/myvize.com.tr\/turkiye\/vize-islemleri\/\",\"name\":\"T\u00fcrkiye Vize \u0130\u015flemi - T\u00fcrkiye Vize Ba\u015fvuru - MyVize\",\"isPartOf\":{\"@id\":\"https:\/\/myvize.com.tr\/turkiye\/#website\"},\"datePublished\":\"2020-11-30T05:50:13+00:00\",\"dateModified\":\"2022-05-16T12:43:51+00:00\",\"description\":\"T\u00fcrkiye Vize \u0130\u015flemleri nelerdir? T\u00fcrkiye Vize \u0130\u015flemleri nas\u0131l yap\u0131l\u0131r? T\u00fcrkiye Vize \u0130\u015flem \u00dccreti nedir? T\u00fcrkiye Vize Ba\u015fvurusu nas\u0131l yap\u0131l\u0131r?\",\"breadcrumb\":{\"@id\":\"https:\/\/myvize.com.tr\/turkiye\/vize-islemleri\/#breadcrumb\"},\"inLanguage\":\"tr\",\"potentialAction\":[{\"@type\":\"ReadAction\",\"target\":[\"https:\/\/myvize.com.tr\/turkiye\/vize-islemleri\/\"]}]},{\"@type\":\"BreadcrumbList\",\"@id\":\"https:\/\/myvize.com.tr\/turkiye\/vize-islemleri\/#breadcrumb\",\"itemListElement\":[{\"@type\":\"ListItem\",\"position\":1,\"name\":\"Anasayfa\",\"item\":\"https:\/\/myvize.com.tr\/turkiye\/\"},{\"@type\":\"ListItem\",\"position\":2,\"name\":\"V\u0130ZE \u0130\u015eLEMLER\u0130\"}]},{\"@type\":\"WebSite\",\"@id\":\"https:\/\/myvize.com.tr\/turkiye\/#website\",\"url\":\"https:\/\/myvize.com.tr\/turkiye\/\",\"name\":\"T\u00fcrkiye Vizesi\",\"description\":\"\",\"potentialAction\":[{\"@type\":\"SearchAction\",\"target\":{\"@type\":\"EntryPoint\",\"urlTemplate\":\"https:\/\/myvize.com.tr\/turkiye\/?s={search_term_string}\"},\"query-input\":{\"@type\":\"PropertyValueSpecification\",\"valueRequired\":true,\"valueName\":\"search_term_string\"}}],\"inLanguage\":\"tr\"}]}<\/script>\n<!-- \/ Yoast SEO plugin. -->","yoast_head_json":{"title":"T\u00fcrkiye Vize \u0130\u015flemi - T\u00fcrkiye Vize Ba\u015fvuru - MyVize","description":"T\u00fcrkiye Vize \u0130\u015flemleri nelerdir? T\u00fcrkiye Vize \u0130\u015flemleri nas\u0131l yap\u0131l\u0131r? T\u00fcrkiye Vize \u0130\u015flem \u00dccreti nedir? T\u00fcrkiye Vize Ba\u015fvurusu nas\u0131l yap\u0131l\u0131r?","robots":{"index":"index","follow":"follow","max-snippet":"max-snippet:-1","max-image-preview":"max-image-preview:large","max-video-preview":"max-video-preview:-1"},"canonical":"https:\/\/myvize.com.tr\/turkiye\/vize-islemleri\/","og_locale":"tr_TR","og_type":"article","og_title":"T\u00fcrkiye Vize \u0130\u015flemi - T\u00fcrkiye Vize Ba\u015fvuru - MyVize","og_description":"T\u00fcrkiye Vize \u0130\u015flemleri nelerdir? T\u00fcrkiye Vize \u0130\u015flemleri nas\u0131l yap\u0131l\u0131r? T\u00fcrkiye Vize \u0130\u015flem \u00dccreti nedir? T\u00fcrkiye Vize Ba\u015fvurusu nas\u0131l yap\u0131l\u0131r?","og_url":"https:\/\/myvize.com.tr\/turkiye\/vize-islemleri\/","og_site_name":"T\u00fcrkiye Vizesi","article_modified_time":"2022-05-16T12:43:51+00:00","twitter_card":"summary_large_image","twitter_misc":{"Tahmini okuma s\u00fcresi":"1 dakika"},"schema":{"@context":"https:\/\/schema.org","@graph":[{"@type":"WebPage","@id":"https:\/\/myvize.com.tr\/turkiye\/vize-islemleri\/","url":"https:\/\/myvize.com.tr\/turkiye\/vize-islemleri\/","name":"T\u00fcrkiye Vize \u0130\u015flemi - T\u00fcrkiye Vize Ba\u015fvuru - MyVize","isPartOf":{"@id":"https:\/\/myvize.com.tr\/turkiye\/#website"},"datePublished":"2020-11-30T05:50:13+00:00","dateModified":"2022-05-16T12:43:51+00:00","description":"T\u00fcrkiye Vize \u0130\u015flemleri nelerdir? T\u00fcrkiye Vize \u0130\u015flemleri nas\u0131l yap\u0131l\u0131r? T\u00fcrkiye Vize \u0130\u015flem \u00dccreti nedir? T\u00fcrkiye Vize Ba\u015fvurusu nas\u0131l yap\u0131l\u0131r?","breadcrumb":{"@id":"https:\/\/myvize.com.tr\/turkiye\/vize-islemleri\/#breadcrumb"},"inLanguage":"tr","potentialAction":[{"@type":"ReadAction","target":["https:\/\/myvize.com.tr\/turkiye\/vize-islemleri\/"]}]},{"@type":"BreadcrumbList","@id":"https:\/\/myvize.com.tr\/turkiye\/vize-islemleri\/#breadcrumb","itemListElement":[{"@type":"ListItem","position":1,"name":"Anasayfa","item":"https:\/\/myvize.com.tr\/turkiye\/"},{"@type":"ListItem","position":2,"name":"V\u0130ZE \u0130\u015eLEMLER\u0130"}]},{"@type":"WebSite","@id":"https:\/\/myvize.com.tr\/turkiye\/#website","url":"https:\/\/myvize.com.tr\/turkiye\/","name":"T\u00fcrkiye Vizesi","description":"","potentialAction":[{"@type":"SearchAction","target":{"@type":"EntryPoint","urlTemplate":"https:\/\/myvize.com.tr\/turkiye\/?s={search_term_string}"},"query-input":{"@type":"PropertyValueSpecification","valueRequired":true,"valueName":"search_term_string"}}],"inLanguage":"tr"}]}},"_links":{"self":[{"href":"https:\/\/myvize.com.tr\/turkiye\/wp-json\/wp\/v2\/pages\/18","targetHints":{"allow":["GET"]}}],"collection":[{"href":"https:\/\/myvize.com.tr\/turkiye\/wp-json\/wp\/v2\/pages"}],"about":[{"href":"https:\/\/myvize.com.tr\/turkiye\/wp-json\/wp\/v2\/types\/page"}],"author":[{"embeddable":true,"href":"https:\/\/myvize.com.tr\/turkiye\/wp-json\/wp\/v2\/users\/1"}],"replies":[{"embeddable":true,"href":"https:\/\/myvize.com.tr\/turkiye\/wp-json\/wp\/v2\/comments?post=18"}],"version-history":[{"count":5,"href":"https:\/\/myvize.com.tr\/turkiye\/wp-json\/wp\/v2\/pages\/18\/revisions"}],"predecessor-version":[{"id":641,"href":"https:\/\/myvize.com.tr\/turkiye\/wp-json\/wp\/v2\/pages\/18\/revisions\/641"}],"wp:attachment":[{"href":"https:\/\/myvize.com.tr\/turkiye\/wp-json\/wp\/v2\/media?parent=18"}],"curies":[{"name":"wp","href":"https:\/\/api.w.org\/{rel}","templated":true}]}}