{"id":147,"date":"2021-01-15T16:03:58","date_gmt":"2021-01-15T13:03:58","guid":{"rendered":"https:\/\/myvize.com.tr\/tayland\/?page_id=147"},"modified":"2022-01-14T13:11:17","modified_gmt":"2022-01-14T10:11:17","slug":"subelerimiz","status":"publish","type":"page","link":"https:\/\/myvize.com.tr\/tayland\/subelerimiz\/","title":{"rendered":"\u015eUBELER\u0130M\u0130Z"},"content":{"rendered":"\n<h2 class=\"wp-block-heading\"><strong>Tayland Vize Ba\u015fvuru \u015eubelerimiz<\/strong><\/h2>\n","protected":false},"excerpt":{"rendered":"<p>Tayland Vize Ba\u015fvuru \u015eubelerimiz<\/p>\n","protected":false},"author":1,"featured_media":0,"parent":0,"menu_order":0,"comment_status":"closed","ping_status":"closed","template":"","meta":{"footnotes":""},"class_list":["post-147","page","type-page","status-publish","hentry"],"yoast_head":"<!-- This site is optimized with the Yoast SEO plugin v24.0 - https:\/\/yoast.com\/wordpress\/plugins\/seo\/ -->\n<title>Tayland Vize Ba\u015fvuru \u015eubelerimiz - MyVize<\/title>\n<meta name=\"description\" content=\"Tayland Vize Ba\u015fvuru \u015eubelerimizin ileti\u015fim bilgileri. Tayland Vize Ba\u015fvuru \u015eubelerimizden ba\u015fvuru yapmak i\u00e7in aray\u0131n: 0850 346 84 93\" \/>\n<meta name=\"robots\" content=\"index, follow, max-snippet:-1, max-image-preview:large, max-video-preview:-1\" \/>\n<link rel=\"canonical\" href=\"https:\/\/myvize.com.tr\/tayland\/subelerimiz\/\" \/>\n<meta property=\"og:locale\" content=\"tr_TR\" \/>\n<meta property=\"og:type\" content=\"article\" \/>\n<meta property=\"og:title\" content=\"Tayland Vize Ba\u015fvuru \u015eubelerimiz - MyVize\" \/>\n<meta property=\"og:description\" content=\"Tayland Vize Ba\u015fvuru \u015eubelerimizin ileti\u015fim bilgileri. Tayland Vize Ba\u015fvuru \u015eubelerimizden ba\u015fvuru yapmak i\u00e7in aray\u0131n: 0850 346 84 93\" \/>\n<meta property=\"og:url\" content=\"https:\/\/myvize.com.tr\/tayland\/subelerimiz\/\" \/>\n<meta property=\"og:site_name\" content=\"Tayland Vizesi\" \/>\n<meta property=\"article:modified_time\" content=\"2022-01-14T10:11:17+00:00\" \/>\n<meta name=\"twitter:card\" content=\"summary_large_image\" \/>\n<meta name=\"twitter:label1\" content=\"Tahmini okuma s\u00fcresi\" \/>\n\t<meta name=\"twitter:data1\" content=\"1 dakika\" \/>\n<script type=\"application\/ld+json\" class=\"yoast-schema-graph\">{\"@context\":\"https:\/\/schema.org\",\"@graph\":[{\"@type\":\"WebPage\",\"@id\":\"https:\/\/myvize.com.tr\/tayland\/subelerimiz\/\",\"url\":\"https:\/\/myvize.com.tr\/tayland\/subelerimiz\/\",\"name\":\"Tayland Vize Ba\u015fvuru \u015eubelerimiz - MyVize\",\"isPartOf\":{\"@id\":\"https:\/\/myvize.com.tr\/tayland\/#website\"},\"datePublished\":\"2021-01-15T13:03:58+00:00\",\"dateModified\":\"2022-01-14T10:11:17+00:00\",\"description\":\"Tayland Vize Ba\u015fvuru \u015eubelerimizin ileti\u015fim bilgileri. Tayland Vize Ba\u015fvuru \u015eubelerimizden ba\u015fvuru yapmak i\u00e7in aray\u0131n: 0850 346 84 93\",\"breadcrumb\":{\"@id\":\"https:\/\/myvize.com.tr\/tayland\/subelerimiz\/#breadcrumb\"},\"inLanguage\":\"tr\",\"potentialAction\":[{\"@type\":\"ReadAction\",\"target\":[\"https:\/\/myvize.com.tr\/tayland\/subelerimiz\/\"]}]},{\"@type\":\"BreadcrumbList\",\"@id\":\"https:\/\/myvize.com.tr\/tayland\/subelerimiz\/#breadcrumb\",\"itemListElement\":[{\"@type\":\"ListItem\",\"position\":1,\"name\":\"Anasayfa\",\"item\":\"https:\/\/myvize.com.tr\/tayland\/\"},{\"@type\":\"ListItem\",\"position\":2,\"name\":\"\u015eUBELER\u0130M\u0130Z\"}]},{\"@type\":\"WebSite\",\"@id\":\"https:\/\/myvize.com.tr\/tayland\/#website\",\"url\":\"https:\/\/myvize.com.tr\/tayland\/\",\"name\":\"Tayland Vizesi\",\"description\":\"\",\"potentialAction\":[{\"@type\":\"SearchAction\",\"target\":{\"@type\":\"EntryPoint\",\"urlTemplate\":\"https:\/\/myvize.com.tr\/tayland\/?s={search_term_string}\"},\"query-input\":{\"@type\":\"PropertyValueSpecification\",\"valueRequired\":true,\"valueName\":\"search_term_string\"}}],\"inLanguage\":\"tr\"}]}<\/script>\n<!-- \/ Yoast SEO plugin. -->","yoast_head_json":{"title":"Tayland Vize Ba\u015fvuru \u015eubelerimiz - MyVize","description":"Tayland Vize Ba\u015fvuru \u015eubelerimizin ileti\u015fim bilgileri. Tayland Vize Ba\u015fvuru \u015eubelerimizden ba\u015fvuru yapmak i\u00e7in aray\u0131n: 0850 346 84 93","robots":{"index":"index","follow":"follow","max-snippet":"max-snippet:-1","max-image-preview":"max-image-preview:large","max-video-preview":"max-video-preview:-1"},"canonical":"https:\/\/myvize.com.tr\/tayland\/subelerimiz\/","og_locale":"tr_TR","og_type":"article","og_title":"Tayland Vize Ba\u015fvuru \u015eubelerimiz - MyVize","og_description":"Tayland Vize Ba\u015fvuru \u015eubelerimizin ileti\u015fim bilgileri. Tayland Vize Ba\u015fvuru \u015eubelerimizden ba\u015fvuru yapmak i\u00e7in aray\u0131n: 0850 346 84 93","og_url":"https:\/\/myvize.com.tr\/tayland\/subelerimiz\/","og_site_name":"Tayland Vizesi","article_modified_time":"2022-01-14T10:11:17+00:00","twitter_card":"summary_large_image","twitter_misc":{"Tahmini okuma s\u00fcresi":"1 dakika"},"schema":{"@context":"https:\/\/schema.org","@graph":[{"@type":"WebPage","@id":"https:\/\/myvize.com.tr\/tayland\/subelerimiz\/","url":"https:\/\/myvize.com.tr\/tayland\/subelerimiz\/","name":"Tayland Vize Ba\u015fvuru \u015eubelerimiz - MyVize","isPartOf":{"@id":"https:\/\/myvize.com.tr\/tayland\/#website"},"datePublished":"2021-01-15T13:03:58+00:00","dateModified":"2022-01-14T10:11:17+00:00","description":"Tayland Vize Ba\u015fvuru \u015eubelerimizin ileti\u015fim bilgileri. Tayland Vize Ba\u015fvuru \u015eubelerimizden ba\u015fvuru yapmak i\u00e7in aray\u0131n: 0850 346 84 93","breadcrumb":{"@id":"https:\/\/myvize.com.tr\/tayland\/subelerimiz\/#breadcrumb"},"inLanguage":"tr","potentialAction":[{"@type":"ReadAction","target":["https:\/\/myvize.com.tr\/tayland\/subelerimiz\/"]}]},{"@type":"BreadcrumbList","@id":"https:\/\/myvize.com.tr\/tayland\/subelerimiz\/#breadcrumb","itemListElement":[{"@type":"ListItem","position":1,"name":"Anasayfa","item":"https:\/\/myvize.com.tr\/tayland\/"},{"@type":"ListItem","position":2,"name":"\u015eUBELER\u0130M\u0130Z"}]},{"@type":"WebSite","@id":"https:\/\/myvize.com.tr\/tayland\/#website","url":"https:\/\/myvize.com.tr\/tayland\/","name":"Tayland Vizesi","description":"","potentialAction":[{"@type":"SearchAction","target":{"@type":"EntryPoint","urlTemplate":"https:\/\/myvize.com.tr\/tayland\/?s={search_term_string}"},"query-input":{"@type":"PropertyValueSpecification","valueRequired":true,"valueName":"search_term_string"}}],"inLanguage":"tr"}]}},"_links":{"self":[{"href":"https:\/\/myvize.com.tr\/tayland\/wp-json\/wp\/v2\/pages\/147","targetHints":{"allow":["GET"]}}],"collection":[{"href":"https:\/\/myvize.com.tr\/tayland\/wp-json\/wp\/v2\/pages"}],"about":[{"href":"https:\/\/myvize.com.tr\/tayland\/wp-json\/wp\/v2\/types\/page"}],"author":[{"embeddable":true,"href":"https:\/\/myvize.com.tr\/tayland\/wp-json\/wp\/v2\/users\/1"}],"replies":[{"embeddable":true,"href":"https:\/\/myvize.com.tr\/tayland\/wp-json\/wp\/v2\/comments?post=147"}],"version-history":[{"count":3,"href":"https:\/\/myvize.com.tr\/tayland\/wp-json\/wp\/v2\/pages\/147\/revisions"}],"predecessor-version":[{"id":417,"href":"https:\/\/myvize.com.tr\/tayland\/wp-json\/wp\/v2\/pages\/147\/revisions\/417"}],"wp:attachment":[{"href":"https:\/\/myvize.com.tr\/tayland\/wp-json\/wp\/v2\/media?parent=147"}],"curies":[{"name":"wp","href":"https:\/\/api.w.org\/{rel}","templated":true}]}}