{"id":18,"date":"2020-11-30T08:50:13","date_gmt":"2020-11-30T05:50:13","guid":{"rendered":"https:\/\/myvize.com.tr\/tanzanya\/?page_id=18"},"modified":"2022-05-16T15:14:10","modified_gmt":"2022-05-16T12:14:10","slug":"vize-islemleri","status":"publish","type":"page","link":"https:\/\/myvize.com.tr\/tanzanya\/vize-islemleri\/","title":{"rendered":"V\u0130ZE \u0130\u015eLEMLER\u0130"},"content":{"rendered":"\n<h2 class=\"wp-block-heading\"><strong>Tanzanya Vize \u0130\u015flemleri<\/strong><\/h2>\n\n\n\n<p>Afrika\u2019n\u0131n orta do\u011fusunda bulunan Tanzanya Birle\u015fik Cumhuriyeti\u2019ne seyahat planlayan Umuma Mahsus (bordo) Pasaport sahiplerinin \u00fclkeye giri\u015f yapabilmesi i\u00e7in&nbsp;<strong>Tanzanya vizesi<\/strong>&nbsp;almalar\u0131 gerekmektedir. Hususi (ye\u015fil), Hizmet (gri) Diplomatik (siya) pasaport sahiplerinin ise 90 g\u00fcn\u00fc a\u015fmayacak ziyaretlerinde vize almalar\u0131na gerek yoktur. Tanzanya\u2019ya vize verme yetkisi yaln\u0131zca Ankara Tanzanya B\u00fcy\u00fckel\u00e7ili\u011fi\u2019dir.&nbsp;<strong>Tanzanya vizesi<\/strong>&nbsp;turistik veya ticari ama\u00e7l\u0131 olarak al\u0131nabilir. Ayr\u0131ca Tanzanya\u2019n\u0131n kap\u0131 vizesi ve ekspres (h\u0131zl\u0131) vize uygulamalar\u0131 bulunmamaktad\u0131r. Gerekli evraklar\u0131 tamamlan\u0131p ve vize ba\u015fvuru \u00fccreti \u00f6denince 10-15 i\u015f g\u00fcn\u00fc i\u00e7erisinde vize ba\u015fvurusu sonu\u00e7lanmaktad\u0131r. Vize \u00fccreti ise verilen hizmet ve seyahat s\u00fcresine g\u00f6re 110-320 Euro\u2019dur.&nbsp;<strong>Tanzanya vizesi<\/strong>&nbsp;i\u00e7in gerekli evraklar ise \u015funlard\u0131r: Son 10 y\u0131l i\u00e7erisinde \u00e7\u0131kar\u0131lm\u0131\u015f ve seyahat bitiminden itibaren 6 ay daha ge\u00e7erlili\u011fi bulunan ve en az 1 sayfas\u0131 da bo\u015f olan pasaport, eksiksiz ve do\u011fru doldurulmu\u015f&nbsp;<strong>Tanzanya Vizesi<\/strong>&nbsp;Ba\u015fvuru Formu, 2 adet g\u00fcncel biyometrik foto\u011fraf, sar\u0131 humma a\u015f\u0131 kart\u0131 fotokopisi, banka hesap d\u00f6k\u00fcm\u00fc, pasaportta kimlik bilgilerini i\u00e7eren sayfan\u0131n fotokopisi ve T.C. kimlik kart\u0131n\u0131n arkal\u0131 \u00f6nl\u00fc fotokopisi.<\/p>\n","protected":false},"excerpt":{"rendered":"<p>Tanzanya Vize \u0130\u015flemleri Afrika\u2019n\u0131n orta do\u011fusunda bulunan Tanzanya Birle\u015fik Cumhuriyeti\u2019ne seyahat planlayan Umuma Mahsus (bordo) Pasaport sahiplerinin \u00fclkeye giri\u015f yapabilmesi i\u00e7in&nbsp;Tanzanya vizesi&nbsp;almalar\u0131 gerekmektedir. Hususi (ye\u015fil), Hizmet (gri) Diplomatik (siya) pasaport sahiplerinin ise 90 g\u00fcn\u00fc a\u015fmayacak ziyaretlerinde vize almalar\u0131na gerek yoktur. Tanzanya\u2019ya vize verme yetkisi yaln\u0131zca Ankara Tanzanya B\u00fcy\u00fckel\u00e7ili\u011fi\u2019dir.&nbsp;Tanzanya vizesi&nbsp;turistik veya ticari ama\u00e7l\u0131 olarak al\u0131nabilir. Ayr\u0131ca<\/p>\n","protected":false},"author":1,"featured_media":0,"parent":0,"menu_order":0,"comment_status":"closed","ping_status":"closed","template":"","meta":{"footnotes":""},"class_list":["post-18","page","type-page","status-publish","hentry"],"yoast_head":"<!-- This site is optimized with the Yoast SEO plugin v24.0 - https:\/\/yoast.com\/wordpress\/plugins\/seo\/ -->\n<title>Tanzanya Vize \u0130\u015flemleri - Tanzanya Vizesi - MyVize<\/title>\n<meta name=\"description\" content=\"Tanzanya Vize \u0130\u015flemleri nelerdir? Tanzanya Vize \u0130\u015flemleri nas\u0131l yap\u0131l\u0131r? Tanzanya Vize \u0130\u015flem \u00fccreti nedir? Bilgi \u0130\u00e7in Aray\u0131n: 0850 346 84 93\" \/>\n<meta name=\"robots\" content=\"index, follow, max-snippet:-1, max-image-preview:large, max-video-preview:-1\" \/>\n<link rel=\"canonical\" href=\"https:\/\/myvize.com.tr\/tanzanya\/vize-islemleri\/\" \/>\n<meta property=\"og:locale\" content=\"tr_TR\" \/>\n<meta property=\"og:type\" content=\"article\" \/>\n<meta property=\"og:title\" content=\"Tanzanya Vize \u0130\u015flemleri - Tanzanya Vizesi - MyVize\" \/>\n<meta property=\"og:description\" content=\"Tanzanya Vize \u0130\u015flemleri nelerdir? Tanzanya Vize \u0130\u015flemleri nas\u0131l yap\u0131l\u0131r? Tanzanya Vize \u0130\u015flem \u00fccreti nedir? Bilgi \u0130\u00e7in Aray\u0131n: 0850 346 84 93\" \/>\n<meta property=\"og:url\" content=\"https:\/\/myvize.com.tr\/tanzanya\/vize-islemleri\/\" \/>\n<meta property=\"og:site_name\" content=\"Tanzanya Vizesi\" \/>\n<meta property=\"article:modified_time\" content=\"2022-05-16T12:14:10+00:00\" \/>\n<meta name=\"twitter:card\" content=\"summary_large_image\" \/>\n<meta name=\"twitter:label1\" content=\"Tahmini okuma s\u00fcresi\" \/>\n\t<meta name=\"twitter:data1\" content=\"1 dakika\" \/>\n<script type=\"application\/ld+json\" class=\"yoast-schema-graph\">{\"@context\":\"https:\/\/schema.org\",\"@graph\":[{\"@type\":\"WebPage\",\"@id\":\"https:\/\/myvize.com.tr\/tanzanya\/vize-islemleri\/\",\"url\":\"https:\/\/myvize.com.tr\/tanzanya\/vize-islemleri\/\",\"name\":\"Tanzanya Vize \u0130\u015flemleri - Tanzanya Vizesi - MyVize\",\"isPartOf\":{\"@id\":\"https:\/\/myvize.com.tr\/tanzanya\/#website\"},\"datePublished\":\"2020-11-30T05:50:13+00:00\",\"dateModified\":\"2022-05-16T12:14:10+00:00\",\"description\":\"Tanzanya Vize \u0130\u015flemleri nelerdir? Tanzanya Vize \u0130\u015flemleri nas\u0131l yap\u0131l\u0131r? Tanzanya Vize \u0130\u015flem \u00fccreti nedir? Bilgi \u0130\u00e7in Aray\u0131n: 0850 346 84 93\",\"breadcrumb\":{\"@id\":\"https:\/\/myvize.com.tr\/tanzanya\/vize-islemleri\/#breadcrumb\"},\"inLanguage\":\"tr\",\"potentialAction\":[{\"@type\":\"ReadAction\",\"target\":[\"https:\/\/myvize.com.tr\/tanzanya\/vize-islemleri\/\"]}]},{\"@type\":\"BreadcrumbList\",\"@id\":\"https:\/\/myvize.com.tr\/tanzanya\/vize-islemleri\/#breadcrumb\",\"itemListElement\":[{\"@type\":\"ListItem\",\"position\":1,\"name\":\"Anasayfa\",\"item\":\"https:\/\/myvize.com.tr\/tanzanya\/\"},{\"@type\":\"ListItem\",\"position\":2,\"name\":\"V\u0130ZE \u0130\u015eLEMLER\u0130\"}]},{\"@type\":\"WebSite\",\"@id\":\"https:\/\/myvize.com.tr\/tanzanya\/#website\",\"url\":\"https:\/\/myvize.com.tr\/tanzanya\/\",\"name\":\"Tanzanya Vizesi\",\"description\":\"\",\"potentialAction\":[{\"@type\":\"SearchAction\",\"target\":{\"@type\":\"EntryPoint\",\"urlTemplate\":\"https:\/\/myvize.com.tr\/tanzanya\/?s={search_term_string}\"},\"query-input\":{\"@type\":\"PropertyValueSpecification\",\"valueRequired\":true,\"valueName\":\"search_term_string\"}}],\"inLanguage\":\"tr\"}]}<\/script>\n<!-- \/ Yoast SEO plugin. -->","yoast_head_json":{"title":"Tanzanya Vize \u0130\u015flemleri - Tanzanya Vizesi - MyVize","description":"Tanzanya Vize \u0130\u015flemleri nelerdir? Tanzanya Vize \u0130\u015flemleri nas\u0131l yap\u0131l\u0131r? Tanzanya Vize \u0130\u015flem \u00fccreti nedir? Bilgi \u0130\u00e7in Aray\u0131n: 0850 346 84 93","robots":{"index":"index","follow":"follow","max-snippet":"max-snippet:-1","max-image-preview":"max-image-preview:large","max-video-preview":"max-video-preview:-1"},"canonical":"https:\/\/myvize.com.tr\/tanzanya\/vize-islemleri\/","og_locale":"tr_TR","og_type":"article","og_title":"Tanzanya Vize \u0130\u015flemleri - Tanzanya Vizesi - MyVize","og_description":"Tanzanya Vize \u0130\u015flemleri nelerdir? Tanzanya Vize \u0130\u015flemleri nas\u0131l yap\u0131l\u0131r? Tanzanya Vize \u0130\u015flem \u00fccreti nedir? Bilgi \u0130\u00e7in Aray\u0131n: 0850 346 84 93","og_url":"https:\/\/myvize.com.tr\/tanzanya\/vize-islemleri\/","og_site_name":"Tanzanya Vizesi","article_modified_time":"2022-05-16T12:14:10+00:00","twitter_card":"summary_large_image","twitter_misc":{"Tahmini okuma s\u00fcresi":"1 dakika"},"schema":{"@context":"https:\/\/schema.org","@graph":[{"@type":"WebPage","@id":"https:\/\/myvize.com.tr\/tanzanya\/vize-islemleri\/","url":"https:\/\/myvize.com.tr\/tanzanya\/vize-islemleri\/","name":"Tanzanya Vize \u0130\u015flemleri - Tanzanya Vizesi - MyVize","isPartOf":{"@id":"https:\/\/myvize.com.tr\/tanzanya\/#website"},"datePublished":"2020-11-30T05:50:13+00:00","dateModified":"2022-05-16T12:14:10+00:00","description":"Tanzanya Vize \u0130\u015flemleri nelerdir? Tanzanya Vize \u0130\u015flemleri nas\u0131l yap\u0131l\u0131r? Tanzanya Vize \u0130\u015flem \u00fccreti nedir? Bilgi \u0130\u00e7in Aray\u0131n: 0850 346 84 93","breadcrumb":{"@id":"https:\/\/myvize.com.tr\/tanzanya\/vize-islemleri\/#breadcrumb"},"inLanguage":"tr","potentialAction":[{"@type":"ReadAction","target":["https:\/\/myvize.com.tr\/tanzanya\/vize-islemleri\/"]}]},{"@type":"BreadcrumbList","@id":"https:\/\/myvize.com.tr\/tanzanya\/vize-islemleri\/#breadcrumb","itemListElement":[{"@type":"ListItem","position":1,"name":"Anasayfa","item":"https:\/\/myvize.com.tr\/tanzanya\/"},{"@type":"ListItem","position":2,"name":"V\u0130ZE \u0130\u015eLEMLER\u0130"}]},{"@type":"WebSite","@id":"https:\/\/myvize.com.tr\/tanzanya\/#website","url":"https:\/\/myvize.com.tr\/tanzanya\/","name":"Tanzanya Vizesi","description":"","potentialAction":[{"@type":"SearchAction","target":{"@type":"EntryPoint","urlTemplate":"https:\/\/myvize.com.tr\/tanzanya\/?s={search_term_string}"},"query-input":{"@type":"PropertyValueSpecification","valueRequired":true,"valueName":"search_term_string"}}],"inLanguage":"tr"}]}},"_links":{"self":[{"href":"https:\/\/myvize.com.tr\/tanzanya\/wp-json\/wp\/v2\/pages\/18","targetHints":{"allow":["GET"]}}],"collection":[{"href":"https:\/\/myvize.com.tr\/tanzanya\/wp-json\/wp\/v2\/pages"}],"about":[{"href":"https:\/\/myvize.com.tr\/tanzanya\/wp-json\/wp\/v2\/types\/page"}],"author":[{"embeddable":true,"href":"https:\/\/myvize.com.tr\/tanzanya\/wp-json\/wp\/v2\/users\/1"}],"replies":[{"embeddable":true,"href":"https:\/\/myvize.com.tr\/tanzanya\/wp-json\/wp\/v2\/comments?post=18"}],"version-history":[{"count":5,"href":"https:\/\/myvize.com.tr\/tanzanya\/wp-json\/wp\/v2\/pages\/18\/revisions"}],"predecessor-version":[{"id":412,"href":"https:\/\/myvize.com.tr\/tanzanya\/wp-json\/wp\/v2\/pages\/18\/revisions\/412"}],"wp:attachment":[{"href":"https:\/\/myvize.com.tr\/tanzanya\/wp-json\/wp\/v2\/media?parent=18"}],"curies":[{"name":"wp","href":"https:\/\/api.w.org\/{rel}","templated":true}]}}