{"id":18,"date":"2020-11-30T08:50:13","date_gmt":"2020-11-30T05:50:13","guid":{"rendered":"https:\/\/myvize.com.tr\/somali\/?page_id=18"},"modified":"2022-05-16T15:05:26","modified_gmt":"2022-05-16T12:05:26","slug":"vize-islemleri","status":"publish","type":"page","link":"https:\/\/myvize.com.tr\/somali\/vize-islemleri\/","title":{"rendered":"V\u0130ZE \u0130\u015eLEMLER\u0130"},"content":{"rendered":"\n<h2 class=\"wp-block-heading\">Somali Vize \u0130\u015flemleri Hakk\u0131nda<\/h2>\n\n\n\n<p>Hint Okyanusu\u2019na k\u0131y\u0131s\u0131 olan bir Do\u011fu Afrika \u00fclkesi olan Somali ile T\u00fcrkiye Cumhuriyeti aras\u0131nda herhangi bir vize muafiyeti anla\u015fmas\u0131 yoktur. Dolay\u0131s\u0131yla sahip olunan pasaport t\u00fcr\u00fc fark etmeksizin Somali\u2019ye seyahat planlayan t\u00fcm T.C vatanda\u015flar\u0131 vizeye tabidir.&nbsp;<strong>Somali Vizesi<\/strong>&nbsp;almak i\u00e7in seyahat bitiminden itibaren en az alt\u0131 ay daha ge\u00e7erlili\u011fi olan ve sayfas\u0131 bo\u015f bulunan pasaport, son alt\u0131 ayda \u00e7ekilmi\u015f iki adet biyometrik foto\u011fraf, konaklama ve ula\u015f\u0131m rezervasyon belgeleri, son 3 ayl\u0131k maa\u015f bordrosu, varsa davet mektubu, el\u00e7ili\u011fe antetli ka\u011f\u0131da yaz\u0131lm\u0131\u015f dilek\u00e7e,&nbsp;<strong>Somali Vizesi<\/strong>&nbsp;Ba\u015fvuru Formu ve ticari vizeler i\u00e7in SGK giri\u015f belgesi ile vergi levhas\u0131 fotokopisi, imza sirk\u00fcleri, ticaret odas\u0131 faaliyetleri ve ticaret sicil gazetesi gerekmektedir. Bu belgeler ile Somali Ankara Konsoloslu\u011fu\u2019na ba\u015fvurulmas\u0131 ve 30-60 USD olan vize \u00fccretinin \u00f6denmesi ile vize al\u0131m s\u00fcreci ba\u015flat\u0131l\u0131r.&nbsp;<strong>Somali Vizesi<\/strong>&nbsp;al\u0131m i\u015flemlerinde tek yetkili kurumun Somali Ankara Konsoloslu\u011fu oldu\u011fu g\u00f6z ard\u0131 edilmemelidir. Herhangi bir sorun olmamas\u0131 halinde ba\u015fvurunun sonu\u00e7lanma s\u00fcresi 7- 10 i\u015f g\u00fcn\u00fcd\u00fcr. Ayr\u0131ca \u00fclkeye giri\u015f yapmadan \u00f6nce muhakkak Sar\u0131humma, Tetanos ve Hepatit a\u015f\u0131lar\u0131n\u0131 yapt\u0131rmak da gerekiyor.<\/p>\n","protected":false},"excerpt":{"rendered":"<p>Somali Vize \u0130\u015flemleri Hakk\u0131nda Hint Okyanusu\u2019na k\u0131y\u0131s\u0131 olan bir Do\u011fu Afrika \u00fclkesi olan Somali ile T\u00fcrkiye Cumhuriyeti aras\u0131nda herhangi bir vize muafiyeti anla\u015fmas\u0131 yoktur. Dolay\u0131s\u0131yla sahip olunan pasaport t\u00fcr\u00fc fark etmeksizin Somali\u2019ye seyahat planlayan t\u00fcm T.C vatanda\u015flar\u0131 vizeye tabidir.&nbsp;Somali Vizesi&nbsp;almak i\u00e7in seyahat bitiminden itibaren en az alt\u0131 ay daha ge\u00e7erlili\u011fi olan ve sayfas\u0131 bo\u015f bulunan<\/p>\n","protected":false},"author":1,"featured_media":0,"parent":0,"menu_order":0,"comment_status":"closed","ping_status":"closed","template":"","meta":{"footnotes":""},"class_list":["post-18","page","type-page","status-publish","hentry"],"yoast_head":"<!-- This site is optimized with the Yoast SEO plugin v24.0 - https:\/\/yoast.com\/wordpress\/plugins\/seo\/ -->\n<title>Somali Vize \u0130\u015flemleri - Somali Vizesi - MyVize<\/title>\n<meta name=\"description\" content=\"Somali Vize \u0130\u015flemleri nelerdir? Somali Vize \u0130\u015flemleri nas\u0131l yap\u0131l\u0131r? Somali Vize \u0130\u015flem Evraklar\u0131 Nelerdir? Bilgi \u0130\u00e7in Aray\u0131n: 0850 346 84 93\" \/>\n<meta name=\"robots\" content=\"index, follow, max-snippet:-1, max-image-preview:large, max-video-preview:-1\" \/>\n<link rel=\"canonical\" href=\"https:\/\/myvize.com.tr\/somali\/vize-islemleri\/\" \/>\n<meta property=\"og:locale\" content=\"tr_TR\" \/>\n<meta property=\"og:type\" content=\"article\" \/>\n<meta property=\"og:title\" content=\"Somali Vize \u0130\u015flemleri - Somali Vizesi - MyVize\" \/>\n<meta property=\"og:description\" content=\"Somali Vize \u0130\u015flemleri nelerdir? Somali Vize \u0130\u015flemleri nas\u0131l yap\u0131l\u0131r? Somali Vize \u0130\u015flem Evraklar\u0131 Nelerdir? Bilgi \u0130\u00e7in Aray\u0131n: 0850 346 84 93\" \/>\n<meta property=\"og:url\" content=\"https:\/\/myvize.com.tr\/somali\/vize-islemleri\/\" \/>\n<meta property=\"og:site_name\" content=\"Somali Vizesi\" \/>\n<meta property=\"article:modified_time\" content=\"2022-05-16T12:05:26+00:00\" \/>\n<meta name=\"twitter:card\" content=\"summary_large_image\" \/>\n<meta name=\"twitter:label1\" content=\"Tahmini okuma s\u00fcresi\" \/>\n\t<meta name=\"twitter:data1\" content=\"1 dakika\" \/>\n<script type=\"application\/ld+json\" class=\"yoast-schema-graph\">{\"@context\":\"https:\/\/schema.org\",\"@graph\":[{\"@type\":\"WebPage\",\"@id\":\"https:\/\/myvize.com.tr\/somali\/vize-islemleri\/\",\"url\":\"https:\/\/myvize.com.tr\/somali\/vize-islemleri\/\",\"name\":\"Somali Vize \u0130\u015flemleri - Somali Vizesi - MyVize\",\"isPartOf\":{\"@id\":\"https:\/\/myvize.com.tr\/somali\/#website\"},\"datePublished\":\"2020-11-30T05:50:13+00:00\",\"dateModified\":\"2022-05-16T12:05:26+00:00\",\"description\":\"Somali Vize \u0130\u015flemleri nelerdir? Somali Vize \u0130\u015flemleri nas\u0131l yap\u0131l\u0131r? Somali Vize \u0130\u015flem Evraklar\u0131 Nelerdir? Bilgi \u0130\u00e7in Aray\u0131n: 0850 346 84 93\",\"breadcrumb\":{\"@id\":\"https:\/\/myvize.com.tr\/somali\/vize-islemleri\/#breadcrumb\"},\"inLanguage\":\"tr\",\"potentialAction\":[{\"@type\":\"ReadAction\",\"target\":[\"https:\/\/myvize.com.tr\/somali\/vize-islemleri\/\"]}]},{\"@type\":\"BreadcrumbList\",\"@id\":\"https:\/\/myvize.com.tr\/somali\/vize-islemleri\/#breadcrumb\",\"itemListElement\":[{\"@type\":\"ListItem\",\"position\":1,\"name\":\"Anasayfa\",\"item\":\"https:\/\/myvize.com.tr\/somali\/\"},{\"@type\":\"ListItem\",\"position\":2,\"name\":\"V\u0130ZE \u0130\u015eLEMLER\u0130\"}]},{\"@type\":\"WebSite\",\"@id\":\"https:\/\/myvize.com.tr\/somali\/#website\",\"url\":\"https:\/\/myvize.com.tr\/somali\/\",\"name\":\"Somali Vizesi\",\"description\":\"\",\"potentialAction\":[{\"@type\":\"SearchAction\",\"target\":{\"@type\":\"EntryPoint\",\"urlTemplate\":\"https:\/\/myvize.com.tr\/somali\/?s={search_term_string}\"},\"query-input\":{\"@type\":\"PropertyValueSpecification\",\"valueRequired\":true,\"valueName\":\"search_term_string\"}}],\"inLanguage\":\"tr\"}]}<\/script>\n<!-- \/ Yoast SEO plugin. -->","yoast_head_json":{"title":"Somali Vize \u0130\u015flemleri - Somali Vizesi - MyVize","description":"Somali Vize \u0130\u015flemleri nelerdir? Somali Vize \u0130\u015flemleri nas\u0131l yap\u0131l\u0131r? Somali Vize \u0130\u015flem Evraklar\u0131 Nelerdir? Bilgi \u0130\u00e7in Aray\u0131n: 0850 346 84 93","robots":{"index":"index","follow":"follow","max-snippet":"max-snippet:-1","max-image-preview":"max-image-preview:large","max-video-preview":"max-video-preview:-1"},"canonical":"https:\/\/myvize.com.tr\/somali\/vize-islemleri\/","og_locale":"tr_TR","og_type":"article","og_title":"Somali Vize \u0130\u015flemleri - Somali Vizesi - MyVize","og_description":"Somali Vize \u0130\u015flemleri nelerdir? Somali Vize \u0130\u015flemleri nas\u0131l yap\u0131l\u0131r? Somali Vize \u0130\u015flem Evraklar\u0131 Nelerdir? Bilgi \u0130\u00e7in Aray\u0131n: 0850 346 84 93","og_url":"https:\/\/myvize.com.tr\/somali\/vize-islemleri\/","og_site_name":"Somali Vizesi","article_modified_time":"2022-05-16T12:05:26+00:00","twitter_card":"summary_large_image","twitter_misc":{"Tahmini okuma s\u00fcresi":"1 dakika"},"schema":{"@context":"https:\/\/schema.org","@graph":[{"@type":"WebPage","@id":"https:\/\/myvize.com.tr\/somali\/vize-islemleri\/","url":"https:\/\/myvize.com.tr\/somali\/vize-islemleri\/","name":"Somali Vize \u0130\u015flemleri - Somali Vizesi - MyVize","isPartOf":{"@id":"https:\/\/myvize.com.tr\/somali\/#website"},"datePublished":"2020-11-30T05:50:13+00:00","dateModified":"2022-05-16T12:05:26+00:00","description":"Somali Vize \u0130\u015flemleri nelerdir? Somali Vize \u0130\u015flemleri nas\u0131l yap\u0131l\u0131r? Somali Vize \u0130\u015flem Evraklar\u0131 Nelerdir? Bilgi \u0130\u00e7in Aray\u0131n: 0850 346 84 93","breadcrumb":{"@id":"https:\/\/myvize.com.tr\/somali\/vize-islemleri\/#breadcrumb"},"inLanguage":"tr","potentialAction":[{"@type":"ReadAction","target":["https:\/\/myvize.com.tr\/somali\/vize-islemleri\/"]}]},{"@type":"BreadcrumbList","@id":"https:\/\/myvize.com.tr\/somali\/vize-islemleri\/#breadcrumb","itemListElement":[{"@type":"ListItem","position":1,"name":"Anasayfa","item":"https:\/\/myvize.com.tr\/somali\/"},{"@type":"ListItem","position":2,"name":"V\u0130ZE \u0130\u015eLEMLER\u0130"}]},{"@type":"WebSite","@id":"https:\/\/myvize.com.tr\/somali\/#website","url":"https:\/\/myvize.com.tr\/somali\/","name":"Somali Vizesi","description":"","potentialAction":[{"@type":"SearchAction","target":{"@type":"EntryPoint","urlTemplate":"https:\/\/myvize.com.tr\/somali\/?s={search_term_string}"},"query-input":{"@type":"PropertyValueSpecification","valueRequired":true,"valueName":"search_term_string"}}],"inLanguage":"tr"}]}},"_links":{"self":[{"href":"https:\/\/myvize.com.tr\/somali\/wp-json\/wp\/v2\/pages\/18","targetHints":{"allow":["GET"]}}],"collection":[{"href":"https:\/\/myvize.com.tr\/somali\/wp-json\/wp\/v2\/pages"}],"about":[{"href":"https:\/\/myvize.com.tr\/somali\/wp-json\/wp\/v2\/types\/page"}],"author":[{"embeddable":true,"href":"https:\/\/myvize.com.tr\/somali\/wp-json\/wp\/v2\/users\/1"}],"replies":[{"embeddable":true,"href":"https:\/\/myvize.com.tr\/somali\/wp-json\/wp\/v2\/comments?post=18"}],"version-history":[{"count":5,"href":"https:\/\/myvize.com.tr\/somali\/wp-json\/wp\/v2\/pages\/18\/revisions"}],"predecessor-version":[{"id":468,"href":"https:\/\/myvize.com.tr\/somali\/wp-json\/wp\/v2\/pages\/18\/revisions\/468"}],"wp:attachment":[{"href":"https:\/\/myvize.com.tr\/somali\/wp-json\/wp\/v2\/media?parent=18"}],"curies":[{"name":"wp","href":"https:\/\/api.w.org\/{rel}","templated":true}]}}