{"id":311,"date":"2021-01-27T15:11:19","date_gmt":"2021-01-27T12:11:19","guid":{"rendered":"https:\/\/myvize.com.tr\/ruanda\/?page_id=311"},"modified":"2022-01-19T15:50:43","modified_gmt":"2022-01-19T12:50:43","slug":"evlat-edinme-yoluyla-kazanilan-vatandaslik","status":"publish","type":"page","link":"https:\/\/myvize.com.tr\/ruanda\/vatandaslik\/evlat-edinme-yoluyla-kazanilan-vatandaslik\/","title":{"rendered":"Ruanda Evlat Edinme Yoluyla Kazan\u0131lan Vatanda\u015fl\u0131k"},"content":{"rendered":"\n<h2 class=\"wp-block-heading\"><strong>Ruanda Evlat Edinme Yoluyla Kazan\u0131lan Vatanda\u015fl\u0131k Hakk\u0131nda<\/strong><\/h2>\n","protected":false},"excerpt":{"rendered":"<p>Ruanda Evlat Edinme Yoluyla Kazan\u0131lan Vatanda\u015fl\u0131k Hakk\u0131nda<\/p>\n","protected":false},"author":1,"featured_media":0,"parent":141,"menu_order":0,"comment_status":"closed","ping_status":"closed","template":"","meta":{"footnotes":""},"class_list":["post-311","page","type-page","status-publish","hentry"],"yoast_head":"<!-- This site is optimized with the Yoast SEO plugin v24.0 - https:\/\/yoast.com\/wordpress\/plugins\/seo\/ -->\n<title>Ruanda Evlat Edinme \u0130le Kazan\u0131lan Vatanda\u015fl\u0131k - MyVize<\/title>\n<meta name=\"description\" content=\"Ruanda Evlat Edinme Yoluyla Kazan\u0131lan Vatanda\u015fl\u0131k nas\u0131l al\u0131n\u0131r? Ruanda Evlat Edinme Yoluyla Kazan\u0131lan Vatanda\u015fl\u0131k \u015eartlar\u0131 nelerdir?\" \/>\n<meta name=\"robots\" content=\"index, follow, max-snippet:-1, max-image-preview:large, max-video-preview:-1\" \/>\n<link rel=\"canonical\" href=\"https:\/\/myvize.com.tr\/ruanda\/vatandaslik\/evlat-edinme-yoluyla-kazanilan-vatandaslik\/\" \/>\n<meta property=\"og:locale\" content=\"tr_TR\" \/>\n<meta property=\"og:type\" content=\"article\" \/>\n<meta property=\"og:title\" content=\"Ruanda Evlat Edinme \u0130le Kazan\u0131lan Vatanda\u015fl\u0131k - MyVize\" \/>\n<meta property=\"og:description\" content=\"Ruanda Evlat Edinme Yoluyla Kazan\u0131lan Vatanda\u015fl\u0131k nas\u0131l al\u0131n\u0131r? Ruanda Evlat Edinme Yoluyla Kazan\u0131lan Vatanda\u015fl\u0131k \u015eartlar\u0131 nelerdir?\" \/>\n<meta property=\"og:url\" content=\"https:\/\/myvize.com.tr\/ruanda\/vatandaslik\/evlat-edinme-yoluyla-kazanilan-vatandaslik\/\" \/>\n<meta property=\"og:site_name\" content=\"Ruanda Vizesi\" \/>\n<meta property=\"article:modified_time\" content=\"2022-01-19T12:50:43+00:00\" \/>\n<meta name=\"twitter:card\" content=\"summary_large_image\" \/>\n<meta name=\"twitter:label1\" content=\"Tahmini okuma s\u00fcresi\" \/>\n\t<meta name=\"twitter:data1\" content=\"1 dakika\" \/>\n<script type=\"application\/ld+json\" class=\"yoast-schema-graph\">{\"@context\":\"https:\/\/schema.org\",\"@graph\":[{\"@type\":\"WebPage\",\"@id\":\"https:\/\/myvize.com.tr\/ruanda\/vatandaslik\/evlat-edinme-yoluyla-kazanilan-vatandaslik\/\",\"url\":\"https:\/\/myvize.com.tr\/ruanda\/vatandaslik\/evlat-edinme-yoluyla-kazanilan-vatandaslik\/\",\"name\":\"Ruanda Evlat Edinme \u0130le Kazan\u0131lan Vatanda\u015fl\u0131k - MyVize\",\"isPartOf\":{\"@id\":\"https:\/\/myvize.com.tr\/ruanda\/#website\"},\"datePublished\":\"2021-01-27T12:11:19+00:00\",\"dateModified\":\"2022-01-19T12:50:43+00:00\",\"description\":\"Ruanda Evlat Edinme Yoluyla Kazan\u0131lan Vatanda\u015fl\u0131k nas\u0131l al\u0131n\u0131r? Ruanda Evlat Edinme Yoluyla Kazan\u0131lan Vatanda\u015fl\u0131k \u015eartlar\u0131 nelerdir?\",\"breadcrumb\":{\"@id\":\"https:\/\/myvize.com.tr\/ruanda\/vatandaslik\/evlat-edinme-yoluyla-kazanilan-vatandaslik\/#breadcrumb\"},\"inLanguage\":\"tr\",\"potentialAction\":[{\"@type\":\"ReadAction\",\"target\":[\"https:\/\/myvize.com.tr\/ruanda\/vatandaslik\/evlat-edinme-yoluyla-kazanilan-vatandaslik\/\"]}]},{\"@type\":\"BreadcrumbList\",\"@id\":\"https:\/\/myvize.com.tr\/ruanda\/vatandaslik\/evlat-edinme-yoluyla-kazanilan-vatandaslik\/#breadcrumb\",\"itemListElement\":[{\"@type\":\"ListItem\",\"position\":1,\"name\":\"Anasayfa\",\"item\":\"https:\/\/myvize.com.tr\/ruanda\/\"},{\"@type\":\"ListItem\",\"position\":2,\"name\":\"VATANDA\u015eLIK\",\"item\":\"https:\/\/myvize.com.tr\/ruanda\/vatandaslik\/\"},{\"@type\":\"ListItem\",\"position\":3,\"name\":\"Ruanda Evlat Edinme Yoluyla Kazan\u0131lan Vatanda\u015fl\u0131k\"}]},{\"@type\":\"WebSite\",\"@id\":\"https:\/\/myvize.com.tr\/ruanda\/#website\",\"url\":\"https:\/\/myvize.com.tr\/ruanda\/\",\"name\":\"Ruanda Vizesi\",\"description\":\"\",\"potentialAction\":[{\"@type\":\"SearchAction\",\"target\":{\"@type\":\"EntryPoint\",\"urlTemplate\":\"https:\/\/myvize.com.tr\/ruanda\/?s={search_term_string}\"},\"query-input\":{\"@type\":\"PropertyValueSpecification\",\"valueRequired\":true,\"valueName\":\"search_term_string\"}}],\"inLanguage\":\"tr\"}]}<\/script>\n<!-- \/ Yoast SEO plugin. -->","yoast_head_json":{"title":"Ruanda Evlat Edinme \u0130le Kazan\u0131lan Vatanda\u015fl\u0131k - MyVize","description":"Ruanda Evlat Edinme Yoluyla Kazan\u0131lan Vatanda\u015fl\u0131k nas\u0131l al\u0131n\u0131r? Ruanda Evlat Edinme Yoluyla Kazan\u0131lan Vatanda\u015fl\u0131k \u015eartlar\u0131 nelerdir?","robots":{"index":"index","follow":"follow","max-snippet":"max-snippet:-1","max-image-preview":"max-image-preview:large","max-video-preview":"max-video-preview:-1"},"canonical":"https:\/\/myvize.com.tr\/ruanda\/vatandaslik\/evlat-edinme-yoluyla-kazanilan-vatandaslik\/","og_locale":"tr_TR","og_type":"article","og_title":"Ruanda Evlat Edinme \u0130le Kazan\u0131lan Vatanda\u015fl\u0131k - MyVize","og_description":"Ruanda Evlat Edinme Yoluyla Kazan\u0131lan Vatanda\u015fl\u0131k nas\u0131l al\u0131n\u0131r? Ruanda Evlat Edinme Yoluyla Kazan\u0131lan Vatanda\u015fl\u0131k \u015eartlar\u0131 nelerdir?","og_url":"https:\/\/myvize.com.tr\/ruanda\/vatandaslik\/evlat-edinme-yoluyla-kazanilan-vatandaslik\/","og_site_name":"Ruanda Vizesi","article_modified_time":"2022-01-19T12:50:43+00:00","twitter_card":"summary_large_image","twitter_misc":{"Tahmini okuma s\u00fcresi":"1 dakika"},"schema":{"@context":"https:\/\/schema.org","@graph":[{"@type":"WebPage","@id":"https:\/\/myvize.com.tr\/ruanda\/vatandaslik\/evlat-edinme-yoluyla-kazanilan-vatandaslik\/","url":"https:\/\/myvize.com.tr\/ruanda\/vatandaslik\/evlat-edinme-yoluyla-kazanilan-vatandaslik\/","name":"Ruanda Evlat Edinme \u0130le Kazan\u0131lan Vatanda\u015fl\u0131k - MyVize","isPartOf":{"@id":"https:\/\/myvize.com.tr\/ruanda\/#website"},"datePublished":"2021-01-27T12:11:19+00:00","dateModified":"2022-01-19T12:50:43+00:00","description":"Ruanda Evlat Edinme Yoluyla Kazan\u0131lan Vatanda\u015fl\u0131k nas\u0131l al\u0131n\u0131r? Ruanda Evlat Edinme Yoluyla Kazan\u0131lan Vatanda\u015fl\u0131k \u015eartlar\u0131 nelerdir?","breadcrumb":{"@id":"https:\/\/myvize.com.tr\/ruanda\/vatandaslik\/evlat-edinme-yoluyla-kazanilan-vatandaslik\/#breadcrumb"},"inLanguage":"tr","potentialAction":[{"@type":"ReadAction","target":["https:\/\/myvize.com.tr\/ruanda\/vatandaslik\/evlat-edinme-yoluyla-kazanilan-vatandaslik\/"]}]},{"@type":"BreadcrumbList","@id":"https:\/\/myvize.com.tr\/ruanda\/vatandaslik\/evlat-edinme-yoluyla-kazanilan-vatandaslik\/#breadcrumb","itemListElement":[{"@type":"ListItem","position":1,"name":"Anasayfa","item":"https:\/\/myvize.com.tr\/ruanda\/"},{"@type":"ListItem","position":2,"name":"VATANDA\u015eLIK","item":"https:\/\/myvize.com.tr\/ruanda\/vatandaslik\/"},{"@type":"ListItem","position":3,"name":"Ruanda Evlat Edinme Yoluyla Kazan\u0131lan Vatanda\u015fl\u0131k"}]},{"@type":"WebSite","@id":"https:\/\/myvize.com.tr\/ruanda\/#website","url":"https:\/\/myvize.com.tr\/ruanda\/","name":"Ruanda Vizesi","description":"","potentialAction":[{"@type":"SearchAction","target":{"@type":"EntryPoint","urlTemplate":"https:\/\/myvize.com.tr\/ruanda\/?s={search_term_string}"},"query-input":{"@type":"PropertyValueSpecification","valueRequired":true,"valueName":"search_term_string"}}],"inLanguage":"tr"}]}},"_links":{"self":[{"href":"https:\/\/myvize.com.tr\/ruanda\/wp-json\/wp\/v2\/pages\/311","targetHints":{"allow":["GET"]}}],"collection":[{"href":"https:\/\/myvize.com.tr\/ruanda\/wp-json\/wp\/v2\/pages"}],"about":[{"href":"https:\/\/myvize.com.tr\/ruanda\/wp-json\/wp\/v2\/types\/page"}],"author":[{"embeddable":true,"href":"https:\/\/myvize.com.tr\/ruanda\/wp-json\/wp\/v2\/users\/1"}],"replies":[{"embeddable":true,"href":"https:\/\/myvize.com.tr\/ruanda\/wp-json\/wp\/v2\/comments?post=311"}],"version-history":[{"count":2,"href":"https:\/\/myvize.com.tr\/ruanda\/wp-json\/wp\/v2\/pages\/311\/revisions"}],"predecessor-version":[{"id":409,"href":"https:\/\/myvize.com.tr\/ruanda\/wp-json\/wp\/v2\/pages\/311\/revisions\/409"}],"up":[{"embeddable":true,"href":"https:\/\/myvize.com.tr\/ruanda\/wp-json\/wp\/v2\/pages\/141"}],"wp:attachment":[{"href":"https:\/\/myvize.com.tr\/ruanda\/wp-json\/wp\/v2\/media?parent=311"}],"curies":[{"name":"wp","href":"https:\/\/api.w.org\/{rel}","templated":true}]}}