{"id":18,"date":"2020-11-30T08:50:13","date_gmt":"2020-11-30T05:50:13","guid":{"rendered":"https:\/\/myvize.com.tr\/ruanda\/?page_id=18"},"modified":"2022-05-14T14:12:20","modified_gmt":"2022-05-14T11:12:20","slug":"vize-islemleri","status":"publish","type":"page","link":"https:\/\/myvize.com.tr\/ruanda\/vize-islemleri\/","title":{"rendered":"V\u0130ZE \u0130\u015eLEMLER\u0130"},"content":{"rendered":"\n<h2 class=\"wp-block-heading\"><strong>Ruanda Vize \u0130\u015flemleri<\/strong><\/h2>\n\n\n\n<p>Orta Afrika \u00fclkelerinden biri olan Ruanda Cumhuriyeti\u2019ne seyahat etmeyi planlayan T.C. vatanda\u015flar\u0131ndan Hizmet (gri) ve Diplomatik (siyah) pasaporta sahip olanlar vizeye tabi de\u011filken Umumi (bordo) ve Hususi (ye\u015fil) pasaporta sahip olanlar vizeye tabidir<strong>. Ruanda Vizesi<\/strong>&nbsp;turistik veya ticari ama\u00e7l\u0131 olarak al\u0131nabilir. Ruanda\u2019y\u0131 ziyaret etmek isteyen vatanda\u015flar\u0131n gerekli evraklar\u0131 ile Ankara Ruanda Cumhuriyeti B\u00fcy\u00fckel\u00e7ili\u011fi\u2019ne ba\u015fvurmalar\u0131 yeterli olabilece\u011fi gibi elektronik ortamda da vize m\u00fcracaat\u0131 yap\u0131labilir. E-vize ba\u015fvurusu yap\u0131l\u0131rken herhangi bir yaz\u0131m hatas\u0131n\u0131n vize al\u0131m\u0131n\u0131 olumsuz sonu\u00e7land\u0131raca\u011f\u0131 g\u00f6z \u00f6n\u00fcnde bulundurulunca bir profesyonelden yard\u0131m almak gerekti\u011fi a\u015fikard\u0131r. E\u011fer b\u00fcy\u00fckel\u00e7ili\u011fe ba\u015fvurulacaksa son 10 y\u0131l i\u00e7erisinde \u00e7\u0131kar\u0131lm\u0131\u015f ve seyahat bitiminden itibaren 6 ay daha ge\u00e7erlili\u011fi bulunan ve en az iki sayfas\u0131 bo\u015f olan pasaport, ula\u015f\u0131m ve konaklama rezervasyon belgeleri,&nbsp;<strong>Ruanda Vizesi<\/strong>&nbsp;Ba\u015fvuru Formu, adli sicil kayd\u0131 ve uluslararas\u0131 a\u015f\u0131 kart\u0131 belgelerinin bulundurulmas\u0131 gerekmektedir. Bu evraklar\u0131n eksiksiz bir \u015fekilde iletilmesi ile m\u00fclakat sonucunun ba\u015far\u0131l\u0131 olmas\u0131 neticesinde 5-10 i\u015f g\u00fcn\u00fc gibi k\u0131sa bir s\u00fcrede&nbsp;<strong>Ruanda Vizesi&nbsp;<\/strong>ba\u015fvurusu sonu\u00e7lanm\u0131\u015f olur. Vize \u00fccretleri s\u00fcreye ve vize \u00e7e\u015fidine g\u00f6re de\u011fi\u015fse de kabaca 150-230 USD\u2019dir.<\/p>\n","protected":false},"excerpt":{"rendered":"<p>Ruanda Vize \u0130\u015flemleri Orta Afrika \u00fclkelerinden biri olan Ruanda Cumhuriyeti\u2019ne seyahat etmeyi planlayan T.C. vatanda\u015flar\u0131ndan Hizmet (gri) ve Diplomatik (siyah) pasaporta sahip olanlar vizeye tabi de\u011filken Umumi (bordo) ve Hususi (ye\u015fil) pasaporta sahip olanlar vizeye tabidir. Ruanda Vizesi&nbsp;turistik veya ticari ama\u00e7l\u0131 olarak al\u0131nabilir. Ruanda\u2019y\u0131 ziyaret etmek isteyen vatanda\u015flar\u0131n gerekli evraklar\u0131 ile Ankara Ruanda Cumhuriyeti B\u00fcy\u00fckel\u00e7ili\u011fi\u2019ne<\/p>\n","protected":false},"author":1,"featured_media":0,"parent":0,"menu_order":0,"comment_status":"closed","ping_status":"closed","template":"","meta":{"footnotes":""},"class_list":["post-18","page","type-page","status-publish","hentry"],"yoast_head":"<!-- This site is optimized with the Yoast SEO plugin v24.0 - https:\/\/yoast.com\/wordpress\/plugins\/seo\/ -->\n<title>Ruanda Vize \u0130\u015flemleri - Ruanda Vize \u00dccreti - MyVize<\/title>\n<meta name=\"description\" content=\"Ruanda Vize \u0130\u015flemleri Nelerdir? Ruanda Vize \u0130\u015flemleri Nas\u0131l Yap\u0131l\u0131r? Ruanda Vize \u0130\u015flemleri \u0130\u00e7in Gerekli Evraklar Neler?\" \/>\n<meta name=\"robots\" content=\"index, follow, max-snippet:-1, max-image-preview:large, max-video-preview:-1\" \/>\n<link rel=\"canonical\" href=\"https:\/\/myvize.com.tr\/ruanda\/vize-islemleri\/\" \/>\n<meta property=\"og:locale\" content=\"tr_TR\" \/>\n<meta property=\"og:type\" content=\"article\" \/>\n<meta property=\"og:title\" content=\"Ruanda Vize \u0130\u015flemleri - Ruanda Vize \u00dccreti - MyVize\" \/>\n<meta property=\"og:description\" content=\"Ruanda Vize \u0130\u015flemleri Nelerdir? Ruanda Vize \u0130\u015flemleri Nas\u0131l Yap\u0131l\u0131r? Ruanda Vize \u0130\u015flemleri \u0130\u00e7in Gerekli Evraklar Neler?\" \/>\n<meta property=\"og:url\" content=\"https:\/\/myvize.com.tr\/ruanda\/vize-islemleri\/\" \/>\n<meta property=\"og:site_name\" content=\"Ruanda Vizesi\" \/>\n<meta property=\"article:modified_time\" content=\"2022-05-14T11:12:20+00:00\" \/>\n<meta name=\"twitter:card\" content=\"summary_large_image\" \/>\n<meta name=\"twitter:label1\" content=\"Tahmini okuma s\u00fcresi\" \/>\n\t<meta name=\"twitter:data1\" content=\"1 dakika\" \/>\n<script type=\"application\/ld+json\" class=\"yoast-schema-graph\">{\"@context\":\"https:\/\/schema.org\",\"@graph\":[{\"@type\":\"WebPage\",\"@id\":\"https:\/\/myvize.com.tr\/ruanda\/vize-islemleri\/\",\"url\":\"https:\/\/myvize.com.tr\/ruanda\/vize-islemleri\/\",\"name\":\"Ruanda Vize \u0130\u015flemleri - Ruanda Vize \u00dccreti - MyVize\",\"isPartOf\":{\"@id\":\"https:\/\/myvize.com.tr\/ruanda\/#website\"},\"datePublished\":\"2020-11-30T05:50:13+00:00\",\"dateModified\":\"2022-05-14T11:12:20+00:00\",\"description\":\"Ruanda Vize \u0130\u015flemleri Nelerdir? Ruanda Vize \u0130\u015flemleri Nas\u0131l Yap\u0131l\u0131r? Ruanda Vize \u0130\u015flemleri \u0130\u00e7in Gerekli Evraklar Neler?\",\"breadcrumb\":{\"@id\":\"https:\/\/myvize.com.tr\/ruanda\/vize-islemleri\/#breadcrumb\"},\"inLanguage\":\"tr\",\"potentialAction\":[{\"@type\":\"ReadAction\",\"target\":[\"https:\/\/myvize.com.tr\/ruanda\/vize-islemleri\/\"]}]},{\"@type\":\"BreadcrumbList\",\"@id\":\"https:\/\/myvize.com.tr\/ruanda\/vize-islemleri\/#breadcrumb\",\"itemListElement\":[{\"@type\":\"ListItem\",\"position\":1,\"name\":\"Anasayfa\",\"item\":\"https:\/\/myvize.com.tr\/ruanda\/\"},{\"@type\":\"ListItem\",\"position\":2,\"name\":\"V\u0130ZE \u0130\u015eLEMLER\u0130\"}]},{\"@type\":\"WebSite\",\"@id\":\"https:\/\/myvize.com.tr\/ruanda\/#website\",\"url\":\"https:\/\/myvize.com.tr\/ruanda\/\",\"name\":\"Ruanda Vizesi\",\"description\":\"\",\"potentialAction\":[{\"@type\":\"SearchAction\",\"target\":{\"@type\":\"EntryPoint\",\"urlTemplate\":\"https:\/\/myvize.com.tr\/ruanda\/?s={search_term_string}\"},\"query-input\":{\"@type\":\"PropertyValueSpecification\",\"valueRequired\":true,\"valueName\":\"search_term_string\"}}],\"inLanguage\":\"tr\"}]}<\/script>\n<!-- \/ Yoast SEO plugin. -->","yoast_head_json":{"title":"Ruanda Vize \u0130\u015flemleri - Ruanda Vize \u00dccreti - MyVize","description":"Ruanda Vize \u0130\u015flemleri Nelerdir? Ruanda Vize \u0130\u015flemleri Nas\u0131l Yap\u0131l\u0131r? Ruanda Vize \u0130\u015flemleri \u0130\u00e7in Gerekli Evraklar Neler?","robots":{"index":"index","follow":"follow","max-snippet":"max-snippet:-1","max-image-preview":"max-image-preview:large","max-video-preview":"max-video-preview:-1"},"canonical":"https:\/\/myvize.com.tr\/ruanda\/vize-islemleri\/","og_locale":"tr_TR","og_type":"article","og_title":"Ruanda Vize \u0130\u015flemleri - Ruanda Vize \u00dccreti - MyVize","og_description":"Ruanda Vize \u0130\u015flemleri Nelerdir? Ruanda Vize \u0130\u015flemleri Nas\u0131l Yap\u0131l\u0131r? Ruanda Vize \u0130\u015flemleri \u0130\u00e7in Gerekli Evraklar Neler?","og_url":"https:\/\/myvize.com.tr\/ruanda\/vize-islemleri\/","og_site_name":"Ruanda Vizesi","article_modified_time":"2022-05-14T11:12:20+00:00","twitter_card":"summary_large_image","twitter_misc":{"Tahmini okuma s\u00fcresi":"1 dakika"},"schema":{"@context":"https:\/\/schema.org","@graph":[{"@type":"WebPage","@id":"https:\/\/myvize.com.tr\/ruanda\/vize-islemleri\/","url":"https:\/\/myvize.com.tr\/ruanda\/vize-islemleri\/","name":"Ruanda Vize \u0130\u015flemleri - Ruanda Vize \u00dccreti - MyVize","isPartOf":{"@id":"https:\/\/myvize.com.tr\/ruanda\/#website"},"datePublished":"2020-11-30T05:50:13+00:00","dateModified":"2022-05-14T11:12:20+00:00","description":"Ruanda Vize \u0130\u015flemleri Nelerdir? Ruanda Vize \u0130\u015flemleri Nas\u0131l Yap\u0131l\u0131r? Ruanda Vize \u0130\u015flemleri \u0130\u00e7in Gerekli Evraklar Neler?","breadcrumb":{"@id":"https:\/\/myvize.com.tr\/ruanda\/vize-islemleri\/#breadcrumb"},"inLanguage":"tr","potentialAction":[{"@type":"ReadAction","target":["https:\/\/myvize.com.tr\/ruanda\/vize-islemleri\/"]}]},{"@type":"BreadcrumbList","@id":"https:\/\/myvize.com.tr\/ruanda\/vize-islemleri\/#breadcrumb","itemListElement":[{"@type":"ListItem","position":1,"name":"Anasayfa","item":"https:\/\/myvize.com.tr\/ruanda\/"},{"@type":"ListItem","position":2,"name":"V\u0130ZE \u0130\u015eLEMLER\u0130"}]},{"@type":"WebSite","@id":"https:\/\/myvize.com.tr\/ruanda\/#website","url":"https:\/\/myvize.com.tr\/ruanda\/","name":"Ruanda Vizesi","description":"","potentialAction":[{"@type":"SearchAction","target":{"@type":"EntryPoint","urlTemplate":"https:\/\/myvize.com.tr\/ruanda\/?s={search_term_string}"},"query-input":{"@type":"PropertyValueSpecification","valueRequired":true,"valueName":"search_term_string"}}],"inLanguage":"tr"}]}},"_links":{"self":[{"href":"https:\/\/myvize.com.tr\/ruanda\/wp-json\/wp\/v2\/pages\/18","targetHints":{"allow":["GET"]}}],"collection":[{"href":"https:\/\/myvize.com.tr\/ruanda\/wp-json\/wp\/v2\/pages"}],"about":[{"href":"https:\/\/myvize.com.tr\/ruanda\/wp-json\/wp\/v2\/types\/page"}],"author":[{"embeddable":true,"href":"https:\/\/myvize.com.tr\/ruanda\/wp-json\/wp\/v2\/users\/1"}],"replies":[{"embeddable":true,"href":"https:\/\/myvize.com.tr\/ruanda\/wp-json\/wp\/v2\/comments?post=18"}],"version-history":[{"count":5,"href":"https:\/\/myvize.com.tr\/ruanda\/wp-json\/wp\/v2\/pages\/18\/revisions"}],"predecessor-version":[{"id":464,"href":"https:\/\/myvize.com.tr\/ruanda\/wp-json\/wp\/v2\/pages\/18\/revisions\/464"}],"wp:attachment":[{"href":"https:\/\/myvize.com.tr\/ruanda\/wp-json\/wp\/v2\/media?parent=18"}],"curies":[{"name":"wp","href":"https:\/\/api.w.org\/{rel}","templated":true}]}}