{"id":138,"date":"2021-01-15T16:02:54","date_gmt":"2021-01-15T13:02:54","guid":{"rendered":"https:\/\/myvize.com.tr\/ruanda\/?page_id=138"},"modified":"2022-01-15T12:15:54","modified_gmt":"2022-01-15T09:15:54","slug":"oturum-2","status":"publish","type":"page","link":"https:\/\/myvize.com.tr\/ruanda\/oturum-2\/","title":{"rendered":"OTURUM"},"content":{"rendered":"\n<h2 class=\"wp-block-heading\"><strong>Ruanda Oturum Vizesi<\/strong><\/h2>\n\n\n\n<p><\/p>\n","protected":false},"excerpt":{"rendered":"<p>Ruanda Oturum Vizesi<\/p>\n","protected":false},"author":1,"featured_media":0,"parent":0,"menu_order":0,"comment_status":"closed","ping_status":"closed","template":"","meta":{"footnotes":""},"class_list":["post-138","page","type-page","status-publish","hentry"],"yoast_head":"<!-- This site is optimized with the Yoast SEO plugin v24.0 - https:\/\/yoast.com\/wordpress\/plugins\/seo\/ -->\n<title>Ruanda Oturum Vizesi - Ruanda Vizesi - MyVize<\/title>\n<meta name=\"description\" content=\"Ruanda Oturum Vizesi nas\u0131l al\u0131n\u0131r? Ruanda Oturum Vize Ba\u015fvurusu nas\u0131l yap\u0131l\u0131r? Ruanda Oturum Vize \u00dccreti nedir? Ruanda Oturum Vize randevusu.\" \/>\n<meta name=\"robots\" content=\"index, follow, max-snippet:-1, max-image-preview:large, max-video-preview:-1\" \/>\n<link rel=\"canonical\" href=\"https:\/\/myvize.com.tr\/ruanda\/oturum-2\/\" \/>\n<meta property=\"og:locale\" content=\"tr_TR\" \/>\n<meta property=\"og:type\" content=\"article\" \/>\n<meta property=\"og:title\" content=\"Ruanda Oturum Vizesi - Ruanda Vizesi - MyVize\" \/>\n<meta property=\"og:description\" content=\"Ruanda Oturum Vizesi nas\u0131l al\u0131n\u0131r? Ruanda Oturum Vize Ba\u015fvurusu nas\u0131l yap\u0131l\u0131r? Ruanda Oturum Vize \u00dccreti nedir? Ruanda Oturum Vize randevusu.\" \/>\n<meta property=\"og:url\" content=\"https:\/\/myvize.com.tr\/ruanda\/oturum-2\/\" \/>\n<meta property=\"og:site_name\" content=\"Ruanda Vizesi\" \/>\n<meta property=\"article:modified_time\" content=\"2022-01-15T09:15:54+00:00\" \/>\n<meta name=\"twitter:card\" content=\"summary_large_image\" \/>\n<meta name=\"twitter:label1\" content=\"Tahmini okuma s\u00fcresi\" \/>\n\t<meta name=\"twitter:data1\" content=\"1 dakika\" \/>\n<script type=\"application\/ld+json\" class=\"yoast-schema-graph\">{\"@context\":\"https:\/\/schema.org\",\"@graph\":[{\"@type\":\"WebPage\",\"@id\":\"https:\/\/myvize.com.tr\/ruanda\/oturum-2\/\",\"url\":\"https:\/\/myvize.com.tr\/ruanda\/oturum-2\/\",\"name\":\"Ruanda Oturum Vizesi - Ruanda Vizesi - MyVize\",\"isPartOf\":{\"@id\":\"https:\/\/myvize.com.tr\/ruanda\/#website\"},\"datePublished\":\"2021-01-15T13:02:54+00:00\",\"dateModified\":\"2022-01-15T09:15:54+00:00\",\"description\":\"Ruanda Oturum Vizesi nas\u0131l al\u0131n\u0131r? Ruanda Oturum Vize Ba\u015fvurusu nas\u0131l yap\u0131l\u0131r? Ruanda Oturum Vize \u00dccreti nedir? Ruanda Oturum Vize randevusu.\",\"breadcrumb\":{\"@id\":\"https:\/\/myvize.com.tr\/ruanda\/oturum-2\/#breadcrumb\"},\"inLanguage\":\"tr\",\"potentialAction\":[{\"@type\":\"ReadAction\",\"target\":[\"https:\/\/myvize.com.tr\/ruanda\/oturum-2\/\"]}]},{\"@type\":\"BreadcrumbList\",\"@id\":\"https:\/\/myvize.com.tr\/ruanda\/oturum-2\/#breadcrumb\",\"itemListElement\":[{\"@type\":\"ListItem\",\"position\":1,\"name\":\"Anasayfa\",\"item\":\"https:\/\/myvize.com.tr\/ruanda\/\"},{\"@type\":\"ListItem\",\"position\":2,\"name\":\"OTURUM\"}]},{\"@type\":\"WebSite\",\"@id\":\"https:\/\/myvize.com.tr\/ruanda\/#website\",\"url\":\"https:\/\/myvize.com.tr\/ruanda\/\",\"name\":\"Ruanda Vizesi\",\"description\":\"\",\"potentialAction\":[{\"@type\":\"SearchAction\",\"target\":{\"@type\":\"EntryPoint\",\"urlTemplate\":\"https:\/\/myvize.com.tr\/ruanda\/?s={search_term_string}\"},\"query-input\":{\"@type\":\"PropertyValueSpecification\",\"valueRequired\":true,\"valueName\":\"search_term_string\"}}],\"inLanguage\":\"tr\"}]}<\/script>\n<!-- \/ Yoast SEO plugin. -->","yoast_head_json":{"title":"Ruanda Oturum Vizesi - Ruanda Vizesi - MyVize","description":"Ruanda Oturum Vizesi nas\u0131l al\u0131n\u0131r? Ruanda Oturum Vize Ba\u015fvurusu nas\u0131l yap\u0131l\u0131r? Ruanda Oturum Vize \u00dccreti nedir? Ruanda Oturum Vize randevusu.","robots":{"index":"index","follow":"follow","max-snippet":"max-snippet:-1","max-image-preview":"max-image-preview:large","max-video-preview":"max-video-preview:-1"},"canonical":"https:\/\/myvize.com.tr\/ruanda\/oturum-2\/","og_locale":"tr_TR","og_type":"article","og_title":"Ruanda Oturum Vizesi - Ruanda Vizesi - MyVize","og_description":"Ruanda Oturum Vizesi nas\u0131l al\u0131n\u0131r? Ruanda Oturum Vize Ba\u015fvurusu nas\u0131l yap\u0131l\u0131r? Ruanda Oturum Vize \u00dccreti nedir? Ruanda Oturum Vize randevusu.","og_url":"https:\/\/myvize.com.tr\/ruanda\/oturum-2\/","og_site_name":"Ruanda Vizesi","article_modified_time":"2022-01-15T09:15:54+00:00","twitter_card":"summary_large_image","twitter_misc":{"Tahmini okuma s\u00fcresi":"1 dakika"},"schema":{"@context":"https:\/\/schema.org","@graph":[{"@type":"WebPage","@id":"https:\/\/myvize.com.tr\/ruanda\/oturum-2\/","url":"https:\/\/myvize.com.tr\/ruanda\/oturum-2\/","name":"Ruanda Oturum Vizesi - Ruanda Vizesi - MyVize","isPartOf":{"@id":"https:\/\/myvize.com.tr\/ruanda\/#website"},"datePublished":"2021-01-15T13:02:54+00:00","dateModified":"2022-01-15T09:15:54+00:00","description":"Ruanda Oturum Vizesi nas\u0131l al\u0131n\u0131r? Ruanda Oturum Vize Ba\u015fvurusu nas\u0131l yap\u0131l\u0131r? Ruanda Oturum Vize \u00dccreti nedir? Ruanda Oturum Vize randevusu.","breadcrumb":{"@id":"https:\/\/myvize.com.tr\/ruanda\/oturum-2\/#breadcrumb"},"inLanguage":"tr","potentialAction":[{"@type":"ReadAction","target":["https:\/\/myvize.com.tr\/ruanda\/oturum-2\/"]}]},{"@type":"BreadcrumbList","@id":"https:\/\/myvize.com.tr\/ruanda\/oturum-2\/#breadcrumb","itemListElement":[{"@type":"ListItem","position":1,"name":"Anasayfa","item":"https:\/\/myvize.com.tr\/ruanda\/"},{"@type":"ListItem","position":2,"name":"OTURUM"}]},{"@type":"WebSite","@id":"https:\/\/myvize.com.tr\/ruanda\/#website","url":"https:\/\/myvize.com.tr\/ruanda\/","name":"Ruanda Vizesi","description":"","potentialAction":[{"@type":"SearchAction","target":{"@type":"EntryPoint","urlTemplate":"https:\/\/myvize.com.tr\/ruanda\/?s={search_term_string}"},"query-input":{"@type":"PropertyValueSpecification","valueRequired":true,"valueName":"search_term_string"}}],"inLanguage":"tr"}]}},"_links":{"self":[{"href":"https:\/\/myvize.com.tr\/ruanda\/wp-json\/wp\/v2\/pages\/138","targetHints":{"allow":["GET"]}}],"collection":[{"href":"https:\/\/myvize.com.tr\/ruanda\/wp-json\/wp\/v2\/pages"}],"about":[{"href":"https:\/\/myvize.com.tr\/ruanda\/wp-json\/wp\/v2\/types\/page"}],"author":[{"embeddable":true,"href":"https:\/\/myvize.com.tr\/ruanda\/wp-json\/wp\/v2\/users\/1"}],"replies":[{"embeddable":true,"href":"https:\/\/myvize.com.tr\/ruanda\/wp-json\/wp\/v2\/comments?post=138"}],"version-history":[{"count":5,"href":"https:\/\/myvize.com.tr\/ruanda\/wp-json\/wp\/v2\/pages\/138\/revisions"}],"predecessor-version":[{"id":462,"href":"https:\/\/myvize.com.tr\/ruanda\/wp-json\/wp\/v2\/pages\/138\/revisions\/462"}],"wp:attachment":[{"href":"https:\/\/myvize.com.tr\/ruanda\/wp-json\/wp\/v2\/media?parent=138"}],"curies":[{"name":"wp","href":"https:\/\/api.w.org\/{rel}","templated":true}]}}