{"id":311,"date":"2021-01-27T14:48:51","date_gmt":"2021-01-27T11:48:51","guid":{"rendered":"https:\/\/myvize.com.tr\/papua-yeni-gine\/?page_id=311"},"modified":"2022-01-13T15:12:47","modified_gmt":"2022-01-13T12:12:47","slug":"port-moresby-konsoloslugu","status":"publish","type":"page","link":"https:\/\/myvize.com.tr\/papua-yeni-gine\/konsolosluklar\/port-moresby-konsoloslugu\/","title":{"rendered":"Papua Yeni Gine Port Moresby Konsoloslu\u011fu"},"content":{"rendered":"\n<h2 class=\"wp-block-heading\"><strong>Papua Yeni Gine Port Moresby Konsoloslu\u011fu \u0130leti\u015fim Bilgileri<\/strong><\/h2>\n","protected":false},"excerpt":{"rendered":"<p>Papua Yeni Gine Port Moresby Konsoloslu\u011fu \u0130leti\u015fim Bilgileri<\/p>\n","protected":false},"author":1,"featured_media":0,"parent":69,"menu_order":0,"comment_status":"closed","ping_status":"closed","template":"","meta":{"footnotes":""},"class_list":["post-311","page","type-page","status-publish","hentry"],"yoast_head":"<!-- This site is optimized with the Yoast SEO plugin v24.0 - https:\/\/yoast.com\/wordpress\/plugins\/seo\/ -->\n<title>Papua Yeni Gine Port Moresby Konsolosluk - MyVize<\/title>\n<meta name=\"description\" content=\"Papua Yeni Gine Port Moresby Konsoloslu\u011fu \u0130leti\u015fim Bilgileri Telefon Numaras\u0131 Mail Bilgileri \u0130\u00e7erir. Papua Yeni Gine Vize Dan\u0131\u015fman\u0131 \u0130\u00e7in Ara.\" \/>\n<meta name=\"robots\" content=\"index, follow, max-snippet:-1, max-image-preview:large, max-video-preview:-1\" \/>\n<link rel=\"canonical\" href=\"https:\/\/myvize.com.tr\/papua-yeni-gine\/konsolosluklar\/port-moresby-konsoloslugu\/\" \/>\n<meta property=\"og:locale\" content=\"tr_TR\" \/>\n<meta property=\"og:type\" content=\"article\" \/>\n<meta property=\"og:title\" content=\"Papua Yeni Gine Port Moresby Konsolosluk - MyVize\" \/>\n<meta property=\"og:description\" content=\"Papua Yeni Gine Port Moresby Konsoloslu\u011fu \u0130leti\u015fim Bilgileri Telefon Numaras\u0131 Mail Bilgileri \u0130\u00e7erir. Papua Yeni Gine Vize Dan\u0131\u015fman\u0131 \u0130\u00e7in Ara.\" \/>\n<meta property=\"og:url\" content=\"https:\/\/myvize.com.tr\/papua-yeni-gine\/konsolosluklar\/port-moresby-konsoloslugu\/\" \/>\n<meta property=\"og:site_name\" content=\"Papua Yeni Gine Vizesi\" \/>\n<meta property=\"article:modified_time\" content=\"2022-01-13T12:12:47+00:00\" \/>\n<meta name=\"twitter:card\" content=\"summary_large_image\" \/>\n<meta name=\"twitter:label1\" content=\"Tahmini okuma s\u00fcresi\" \/>\n\t<meta name=\"twitter:data1\" content=\"1 dakika\" \/>\n<script type=\"application\/ld+json\" class=\"yoast-schema-graph\">{\"@context\":\"https:\/\/schema.org\",\"@graph\":[{\"@type\":\"WebPage\",\"@id\":\"https:\/\/myvize.com.tr\/papua-yeni-gine\/konsolosluklar\/port-moresby-konsoloslugu\/\",\"url\":\"https:\/\/myvize.com.tr\/papua-yeni-gine\/konsolosluklar\/port-moresby-konsoloslugu\/\",\"name\":\"Papua Yeni Gine Port Moresby Konsolosluk - MyVize\",\"isPartOf\":{\"@id\":\"https:\/\/myvize.com.tr\/papua-yeni-gine\/#website\"},\"datePublished\":\"2021-01-27T11:48:51+00:00\",\"dateModified\":\"2022-01-13T12:12:47+00:00\",\"description\":\"Papua Yeni Gine Port Moresby Konsoloslu\u011fu \u0130leti\u015fim Bilgileri Telefon Numaras\u0131 Mail Bilgileri \u0130\u00e7erir. Papua Yeni Gine Vize Dan\u0131\u015fman\u0131 \u0130\u00e7in Ara.\",\"breadcrumb\":{\"@id\":\"https:\/\/myvize.com.tr\/papua-yeni-gine\/konsolosluklar\/port-moresby-konsoloslugu\/#breadcrumb\"},\"inLanguage\":\"tr\",\"potentialAction\":[{\"@type\":\"ReadAction\",\"target\":[\"https:\/\/myvize.com.tr\/papua-yeni-gine\/konsolosluklar\/port-moresby-konsoloslugu\/\"]}]},{\"@type\":\"BreadcrumbList\",\"@id\":\"https:\/\/myvize.com.tr\/papua-yeni-gine\/konsolosluklar\/port-moresby-konsoloslugu\/#breadcrumb\",\"itemListElement\":[{\"@type\":\"ListItem\",\"position\":1,\"name\":\"Anasayfa\",\"item\":\"https:\/\/myvize.com.tr\/papua-yeni-gine\/\"},{\"@type\":\"ListItem\",\"position\":2,\"name\":\"KONSOLOSLUKLAR\",\"item\":\"https:\/\/myvize.com.tr\/papua-yeni-gine\/konsolosluklar\/\"},{\"@type\":\"ListItem\",\"position\":3,\"name\":\"Papua Yeni Gine Port Moresby Konsoloslu\u011fu\"}]},{\"@type\":\"WebSite\",\"@id\":\"https:\/\/myvize.com.tr\/papua-yeni-gine\/#website\",\"url\":\"https:\/\/myvize.com.tr\/papua-yeni-gine\/\",\"name\":\"Papua Yeni Gine Vizesi\",\"description\":\"\",\"potentialAction\":[{\"@type\":\"SearchAction\",\"target\":{\"@type\":\"EntryPoint\",\"urlTemplate\":\"https:\/\/myvize.com.tr\/papua-yeni-gine\/?s={search_term_string}\"},\"query-input\":{\"@type\":\"PropertyValueSpecification\",\"valueRequired\":true,\"valueName\":\"search_term_string\"}}],\"inLanguage\":\"tr\"}]}<\/script>\n<!-- \/ Yoast SEO plugin. -->","yoast_head_json":{"title":"Papua Yeni Gine Port Moresby Konsolosluk - MyVize","description":"Papua Yeni Gine Port Moresby Konsoloslu\u011fu \u0130leti\u015fim Bilgileri Telefon Numaras\u0131 Mail Bilgileri \u0130\u00e7erir. Papua Yeni Gine Vize Dan\u0131\u015fman\u0131 \u0130\u00e7in Ara.","robots":{"index":"index","follow":"follow","max-snippet":"max-snippet:-1","max-image-preview":"max-image-preview:large","max-video-preview":"max-video-preview:-1"},"canonical":"https:\/\/myvize.com.tr\/papua-yeni-gine\/konsolosluklar\/port-moresby-konsoloslugu\/","og_locale":"tr_TR","og_type":"article","og_title":"Papua Yeni Gine Port Moresby Konsolosluk - MyVize","og_description":"Papua Yeni Gine Port Moresby Konsoloslu\u011fu \u0130leti\u015fim Bilgileri Telefon Numaras\u0131 Mail Bilgileri \u0130\u00e7erir. Papua Yeni Gine Vize Dan\u0131\u015fman\u0131 \u0130\u00e7in Ara.","og_url":"https:\/\/myvize.com.tr\/papua-yeni-gine\/konsolosluklar\/port-moresby-konsoloslugu\/","og_site_name":"Papua Yeni Gine Vizesi","article_modified_time":"2022-01-13T12:12:47+00:00","twitter_card":"summary_large_image","twitter_misc":{"Tahmini okuma s\u00fcresi":"1 dakika"},"schema":{"@context":"https:\/\/schema.org","@graph":[{"@type":"WebPage","@id":"https:\/\/myvize.com.tr\/papua-yeni-gine\/konsolosluklar\/port-moresby-konsoloslugu\/","url":"https:\/\/myvize.com.tr\/papua-yeni-gine\/konsolosluklar\/port-moresby-konsoloslugu\/","name":"Papua Yeni Gine Port Moresby Konsolosluk - MyVize","isPartOf":{"@id":"https:\/\/myvize.com.tr\/papua-yeni-gine\/#website"},"datePublished":"2021-01-27T11:48:51+00:00","dateModified":"2022-01-13T12:12:47+00:00","description":"Papua Yeni Gine Port Moresby Konsoloslu\u011fu \u0130leti\u015fim Bilgileri Telefon Numaras\u0131 Mail Bilgileri \u0130\u00e7erir. Papua Yeni Gine Vize Dan\u0131\u015fman\u0131 \u0130\u00e7in Ara.","breadcrumb":{"@id":"https:\/\/myvize.com.tr\/papua-yeni-gine\/konsolosluklar\/port-moresby-konsoloslugu\/#breadcrumb"},"inLanguage":"tr","potentialAction":[{"@type":"ReadAction","target":["https:\/\/myvize.com.tr\/papua-yeni-gine\/konsolosluklar\/port-moresby-konsoloslugu\/"]}]},{"@type":"BreadcrumbList","@id":"https:\/\/myvize.com.tr\/papua-yeni-gine\/konsolosluklar\/port-moresby-konsoloslugu\/#breadcrumb","itemListElement":[{"@type":"ListItem","position":1,"name":"Anasayfa","item":"https:\/\/myvize.com.tr\/papua-yeni-gine\/"},{"@type":"ListItem","position":2,"name":"KONSOLOSLUKLAR","item":"https:\/\/myvize.com.tr\/papua-yeni-gine\/konsolosluklar\/"},{"@type":"ListItem","position":3,"name":"Papua Yeni Gine Port Moresby Konsoloslu\u011fu"}]},{"@type":"WebSite","@id":"https:\/\/myvize.com.tr\/papua-yeni-gine\/#website","url":"https:\/\/myvize.com.tr\/papua-yeni-gine\/","name":"Papua Yeni Gine Vizesi","description":"","potentialAction":[{"@type":"SearchAction","target":{"@type":"EntryPoint","urlTemplate":"https:\/\/myvize.com.tr\/papua-yeni-gine\/?s={search_term_string}"},"query-input":{"@type":"PropertyValueSpecification","valueRequired":true,"valueName":"search_term_string"}}],"inLanguage":"tr"}]}},"_links":{"self":[{"href":"https:\/\/myvize.com.tr\/papua-yeni-gine\/wp-json\/wp\/v2\/pages\/311","targetHints":{"allow":["GET"]}}],"collection":[{"href":"https:\/\/myvize.com.tr\/papua-yeni-gine\/wp-json\/wp\/v2\/pages"}],"about":[{"href":"https:\/\/myvize.com.tr\/papua-yeni-gine\/wp-json\/wp\/v2\/types\/page"}],"author":[{"embeddable":true,"href":"https:\/\/myvize.com.tr\/papua-yeni-gine\/wp-json\/wp\/v2\/users\/1"}],"replies":[{"embeddable":true,"href":"https:\/\/myvize.com.tr\/papua-yeni-gine\/wp-json\/wp\/v2\/comments?post=311"}],"version-history":[{"count":2,"href":"https:\/\/myvize.com.tr\/papua-yeni-gine\/wp-json\/wp\/v2\/pages\/311\/revisions"}],"predecessor-version":[{"id":397,"href":"https:\/\/myvize.com.tr\/papua-yeni-gine\/wp-json\/wp\/v2\/pages\/311\/revisions\/397"}],"up":[{"embeddable":true,"href":"https:\/\/myvize.com.tr\/papua-yeni-gine\/wp-json\/wp\/v2\/pages\/69"}],"wp:attachment":[{"href":"https:\/\/myvize.com.tr\/papua-yeni-gine\/wp-json\/wp\/v2\/media?parent=311"}],"curies":[{"name":"wp","href":"https:\/\/api.w.org\/{rel}","templated":true}]}}