{"id":18,"date":"2020-11-30T08:50:13","date_gmt":"2020-11-30T05:50:13","guid":{"rendered":"https:\/\/myvize.com.tr\/namibya\/?page_id=18"},"modified":"2022-05-14T12:00:40","modified_gmt":"2022-05-14T09:00:40","slug":"vize-islemleri","status":"publish","type":"page","link":"https:\/\/myvize.com.tr\/namibya\/vize-islemleri\/","title":{"rendered":"V\u0130ZE \u0130\u015eLEMLER\u0130"},"content":{"rendered":"\n<h2 class=\"wp-block-heading\"><strong>Namibya Vize \u0130\u015flemleri Hakk\u0131nda<\/strong><\/h2>\n\n\n\n<p>Afrika\u2019n\u0131n en g\u00fcvenilir \u00fclkelerinden olan Namibya son y\u0131llarda turistlerin dikkatini \u00e7ekmektedir. T\u00fcrkiye\u2019den de Namibya\u2019ya gitmek isteyenlerin say\u0131s\u0131 hayli fazlad\u0131r. Bu seyahat kar\u015f\u0131s\u0131nda \u00fclkemizde Namibya d\u0131\u015f temsilcili\u011finin bulunmamas\u0131 gibi bir sorun vard\u0131r. Bu sorun&nbsp;<strong>Namibya Vizesi<\/strong>&nbsp;almay\u0131&nbsp;zorla\u015ft\u0131rsa da T\u00fcrkiye\u2019de bir seyahat acentesi yard\u0131m\u0131yla, Namibya\u2019da bulunan bir acente arac\u0131l\u0131\u011f\u0131 ile ka\u011f\u0131t vize (paper visa) alarak,&nbsp; pasaportu&nbsp;Almanya\u2019daki Namibya Konsoloslu\u011fu\u2019na g\u00f6ndererek ya da Namibya s\u0131n\u0131r kap\u0131s\u0131ndan do\u011frudan vize al\u0131nabilir.&nbsp;<strong>Namibya Vizes<\/strong>i al\u0131n\u0131rken hangi yol&nbsp;tercih edilirse edilsin muhakkak&nbsp;\u015fu belgelere sahip olunmal\u0131d\u0131r: Pasaport (seyahat bitiminden itibaren 6 ayl\u0131k ge\u00e7erlili\u011fi olan ve en az 3 bo\u015f sayfas\u0131 bulunan), 2 adet eksiksiz doldurulmu\u015f vize ba\u015fvuru formu (\u0130ngilizce olmas\u0131 daha iyi olur), foto\u011fraf\u0131n\u0131z\u0131n oldu\u011fu pasaport sayfas\u0131n\u0131n fotokopisi, 2 adet son 6 ay i\u00e7erisinde \u00e7ekilmi\u015f biyometrik foto\u011fraf, sehayat sa\u011fl\u0131k sigortas\u0131, 3 ayl\u0131k banka hesap d\u00f6k\u00fcm\u00fc, gerekli a\u015f\u0131lar\u0131n yap\u0131ld\u0131\u011f\u0131na dair belge, konaklama ve ula\u015f\u0131m belgeleri, davet mektubu (ticari vize i\u00e7in gerekli), e\u011fer yap\u0131lacaksa safari program\u0131 d\u00f6k\u00fcm\u00fc ve son olarak&nbsp;vize \u00fccretini yat\u0131r\u0131ld\u0131\u011f\u0131na dair dekont. T\u00fcm belgeleri eksiksiz ve do\u011fru bir \u015fekilde ilettikten sonra&nbsp;<strong>Namibya Vizesi<\/strong>&nbsp;ba\u015fvurular\u0131n\u0131n sonu\u00e7lanmas\u0131 5-10 i\u015f g\u00fcn\u00fcn\u00fc alabilmektedir. E\u011fer bir aciliyet s\u00f6z konusu ise ek \u00fccret \u00f6denerek bu s\u00fcre 1-2 i\u015f g\u00fcn\u00fcne k\u0131salt\u0131labilir. T.C. diplomatik ya da hizmet pasaportu olanlar&nbsp;<strong>Namibya Vizesi<\/strong>nden yani t\u00fcm bu i\u015flemlerden muaft\u0131rlar. Vize \u00fccreti tercih etti\u011finiz y\u00f6ntem ve \u00fclkede konaklama s\u00fcreniz gibi fakt\u00f6lere ba\u011fl\u0131 olarak de\u011fi\u015fmektedir ancak s\u0131n\u0131r kap\u0131s\u0131ndan vize alacaksan\u0131z \u00fccret sabit, 77 USD\u2019dir.<\/p>\n","protected":false},"excerpt":{"rendered":"<p>Namibya Vize \u0130\u015flemleri Hakk\u0131nda Afrika\u2019n\u0131n en g\u00fcvenilir \u00fclkelerinden olan Namibya son y\u0131llarda turistlerin dikkatini \u00e7ekmektedir. T\u00fcrkiye\u2019den de Namibya\u2019ya gitmek isteyenlerin say\u0131s\u0131 hayli fazlad\u0131r. Bu seyahat kar\u015f\u0131s\u0131nda \u00fclkemizde Namibya d\u0131\u015f temsilcili\u011finin bulunmamas\u0131 gibi bir sorun vard\u0131r. Bu sorun&nbsp;Namibya Vizesi&nbsp;almay\u0131&nbsp;zorla\u015ft\u0131rsa da T\u00fcrkiye\u2019de bir seyahat acentesi yard\u0131m\u0131yla, Namibya\u2019da bulunan bir acente arac\u0131l\u0131\u011f\u0131 ile ka\u011f\u0131t vize (paper visa) alarak,&nbsp;<\/p>\n","protected":false},"author":1,"featured_media":0,"parent":0,"menu_order":0,"comment_status":"closed","ping_status":"closed","template":"","meta":{"footnotes":""},"class_list":["post-18","page","type-page","status-publish","hentry"],"yoast_head":"<!-- This site is optimized with the Yoast SEO plugin v24.0 - https:\/\/yoast.com\/wordpress\/plugins\/seo\/ -->\n<title>Namibya Vize \u0130\u015flemleri - Namibya Vizesi - MyVize<\/title>\n<meta name=\"description\" content=\"Namibya Vize \u0130\u015flemleri nelerdir? Namibya Vize \u0130\u015flemleri nas\u0131l yap\u0131l\u0131r? Namibya Vizesi nas\u0131l al\u0131n\u0131r? Namibya Vize \u0130\u015flem \u00dccreti nedir?\" \/>\n<meta name=\"robots\" content=\"index, follow, max-snippet:-1, max-image-preview:large, max-video-preview:-1\" \/>\n<link rel=\"canonical\" href=\"https:\/\/myvize.com.tr\/namibya\/vize-islemleri\/\" \/>\n<meta property=\"og:locale\" content=\"tr_TR\" \/>\n<meta property=\"og:type\" content=\"article\" \/>\n<meta property=\"og:title\" content=\"Namibya Vize \u0130\u015flemleri - Namibya Vizesi - MyVize\" \/>\n<meta property=\"og:description\" content=\"Namibya Vize \u0130\u015flemleri nelerdir? Namibya Vize \u0130\u015flemleri nas\u0131l yap\u0131l\u0131r? Namibya Vizesi nas\u0131l al\u0131n\u0131r? Namibya Vize \u0130\u015flem \u00dccreti nedir?\" \/>\n<meta property=\"og:url\" content=\"https:\/\/myvize.com.tr\/namibya\/vize-islemleri\/\" \/>\n<meta property=\"og:site_name\" content=\"Namibya Vizesi\" \/>\n<meta property=\"article:modified_time\" content=\"2022-05-14T09:00:40+00:00\" \/>\n<meta name=\"twitter:card\" content=\"summary_large_image\" \/>\n<meta name=\"twitter:label1\" content=\"Tahmini okuma s\u00fcresi\" \/>\n\t<meta name=\"twitter:data1\" content=\"1 dakika\" \/>\n<script type=\"application\/ld+json\" class=\"yoast-schema-graph\">{\"@context\":\"https:\/\/schema.org\",\"@graph\":[{\"@type\":\"WebPage\",\"@id\":\"https:\/\/myvize.com.tr\/namibya\/vize-islemleri\/\",\"url\":\"https:\/\/myvize.com.tr\/namibya\/vize-islemleri\/\",\"name\":\"Namibya Vize \u0130\u015flemleri - Namibya Vizesi - MyVize\",\"isPartOf\":{\"@id\":\"https:\/\/myvize.com.tr\/namibya\/#website\"},\"datePublished\":\"2020-11-30T05:50:13+00:00\",\"dateModified\":\"2022-05-14T09:00:40+00:00\",\"description\":\"Namibya Vize \u0130\u015flemleri nelerdir? Namibya Vize \u0130\u015flemleri nas\u0131l yap\u0131l\u0131r? Namibya Vizesi nas\u0131l al\u0131n\u0131r? Namibya Vize \u0130\u015flem \u00dccreti nedir?\",\"breadcrumb\":{\"@id\":\"https:\/\/myvize.com.tr\/namibya\/vize-islemleri\/#breadcrumb\"},\"inLanguage\":\"tr\",\"potentialAction\":[{\"@type\":\"ReadAction\",\"target\":[\"https:\/\/myvize.com.tr\/namibya\/vize-islemleri\/\"]}]},{\"@type\":\"BreadcrumbList\",\"@id\":\"https:\/\/myvize.com.tr\/namibya\/vize-islemleri\/#breadcrumb\",\"itemListElement\":[{\"@type\":\"ListItem\",\"position\":1,\"name\":\"Anasayfa\",\"item\":\"https:\/\/myvize.com.tr\/namibya\/\"},{\"@type\":\"ListItem\",\"position\":2,\"name\":\"V\u0130ZE \u0130\u015eLEMLER\u0130\"}]},{\"@type\":\"WebSite\",\"@id\":\"https:\/\/myvize.com.tr\/namibya\/#website\",\"url\":\"https:\/\/myvize.com.tr\/namibya\/\",\"name\":\"Namibya Vizesi\",\"description\":\"\",\"potentialAction\":[{\"@type\":\"SearchAction\",\"target\":{\"@type\":\"EntryPoint\",\"urlTemplate\":\"https:\/\/myvize.com.tr\/namibya\/?s={search_term_string}\"},\"query-input\":{\"@type\":\"PropertyValueSpecification\",\"valueRequired\":true,\"valueName\":\"search_term_string\"}}],\"inLanguage\":\"tr\"}]}<\/script>\n<!-- \/ Yoast SEO plugin. -->","yoast_head_json":{"title":"Namibya Vize \u0130\u015flemleri - Namibya Vizesi - MyVize","description":"Namibya Vize \u0130\u015flemleri nelerdir? Namibya Vize \u0130\u015flemleri nas\u0131l yap\u0131l\u0131r? Namibya Vizesi nas\u0131l al\u0131n\u0131r? Namibya Vize \u0130\u015flem \u00dccreti nedir?","robots":{"index":"index","follow":"follow","max-snippet":"max-snippet:-1","max-image-preview":"max-image-preview:large","max-video-preview":"max-video-preview:-1"},"canonical":"https:\/\/myvize.com.tr\/namibya\/vize-islemleri\/","og_locale":"tr_TR","og_type":"article","og_title":"Namibya Vize \u0130\u015flemleri - Namibya Vizesi - MyVize","og_description":"Namibya Vize \u0130\u015flemleri nelerdir? Namibya Vize \u0130\u015flemleri nas\u0131l yap\u0131l\u0131r? Namibya Vizesi nas\u0131l al\u0131n\u0131r? Namibya Vize \u0130\u015flem \u00dccreti nedir?","og_url":"https:\/\/myvize.com.tr\/namibya\/vize-islemleri\/","og_site_name":"Namibya Vizesi","article_modified_time":"2022-05-14T09:00:40+00:00","twitter_card":"summary_large_image","twitter_misc":{"Tahmini okuma s\u00fcresi":"1 dakika"},"schema":{"@context":"https:\/\/schema.org","@graph":[{"@type":"WebPage","@id":"https:\/\/myvize.com.tr\/namibya\/vize-islemleri\/","url":"https:\/\/myvize.com.tr\/namibya\/vize-islemleri\/","name":"Namibya Vize \u0130\u015flemleri - Namibya Vizesi - MyVize","isPartOf":{"@id":"https:\/\/myvize.com.tr\/namibya\/#website"},"datePublished":"2020-11-30T05:50:13+00:00","dateModified":"2022-05-14T09:00:40+00:00","description":"Namibya Vize \u0130\u015flemleri nelerdir? Namibya Vize \u0130\u015flemleri nas\u0131l yap\u0131l\u0131r? Namibya Vizesi nas\u0131l al\u0131n\u0131r? Namibya Vize \u0130\u015flem \u00dccreti nedir?","breadcrumb":{"@id":"https:\/\/myvize.com.tr\/namibya\/vize-islemleri\/#breadcrumb"},"inLanguage":"tr","potentialAction":[{"@type":"ReadAction","target":["https:\/\/myvize.com.tr\/namibya\/vize-islemleri\/"]}]},{"@type":"BreadcrumbList","@id":"https:\/\/myvize.com.tr\/namibya\/vize-islemleri\/#breadcrumb","itemListElement":[{"@type":"ListItem","position":1,"name":"Anasayfa","item":"https:\/\/myvize.com.tr\/namibya\/"},{"@type":"ListItem","position":2,"name":"V\u0130ZE \u0130\u015eLEMLER\u0130"}]},{"@type":"WebSite","@id":"https:\/\/myvize.com.tr\/namibya\/#website","url":"https:\/\/myvize.com.tr\/namibya\/","name":"Namibya Vizesi","description":"","potentialAction":[{"@type":"SearchAction","target":{"@type":"EntryPoint","urlTemplate":"https:\/\/myvize.com.tr\/namibya\/?s={search_term_string}"},"query-input":{"@type":"PropertyValueSpecification","valueRequired":true,"valueName":"search_term_string"}}],"inLanguage":"tr"}]}},"_links":{"self":[{"href":"https:\/\/myvize.com.tr\/namibya\/wp-json\/wp\/v2\/pages\/18","targetHints":{"allow":["GET"]}}],"collection":[{"href":"https:\/\/myvize.com.tr\/namibya\/wp-json\/wp\/v2\/pages"}],"about":[{"href":"https:\/\/myvize.com.tr\/namibya\/wp-json\/wp\/v2\/types\/page"}],"author":[{"embeddable":true,"href":"https:\/\/myvize.com.tr\/namibya\/wp-json\/wp\/v2\/users\/1"}],"replies":[{"embeddable":true,"href":"https:\/\/myvize.com.tr\/namibya\/wp-json\/wp\/v2\/comments?post=18"}],"version-history":[{"count":5,"href":"https:\/\/myvize.com.tr\/namibya\/wp-json\/wp\/v2\/pages\/18\/revisions"}],"predecessor-version":[{"id":435,"href":"https:\/\/myvize.com.tr\/namibya\/wp-json\/wp\/v2\/pages\/18\/revisions\/435"}],"wp:attachment":[{"href":"https:\/\/myvize.com.tr\/namibya\/wp-json\/wp\/v2\/media?parent=18"}],"curies":[{"name":"wp","href":"https:\/\/api.w.org\/{rel}","templated":true}]}}