{"id":308,"date":"2021-01-27T13:38:14","date_gmt":"2021-01-27T10:38:14","guid":{"rendered":"https:\/\/myvize.com.tr\/myanmar\/?page_id=308"},"modified":"2022-01-19T15:52:39","modified_gmt":"2022-01-19T12:52:39","slug":"myanmar-online-basvuru-myanmar-e-vize","status":"publish","type":"page","link":"https:\/\/myvize.com.tr\/myanmar\/vize-islemleri\/myanmar-online-basvuru-myanmar-e-vize\/","title":{"rendered":"Myanmar Online Ba\u015fvuru &#8211; Myanmar E-Vize"},"content":{"rendered":"\n<h2 class=\"wp-block-heading\"><strong>Myanmar Online Ba\u015fvuru &#8211; Myanmar E-Vize Hakk\u0131nda<\/strong><\/h2>\n","protected":false},"excerpt":{"rendered":"<p>Myanmar Online Ba\u015fvuru &#8211; Myanmar E-Vize Hakk\u0131nda<\/p>\n","protected":false},"author":1,"featured_media":0,"parent":18,"menu_order":0,"comment_status":"closed","ping_status":"closed","template":"","meta":{"footnotes":""},"class_list":["post-308","page","type-page","status-publish","hentry"],"yoast_head":"<!-- This site is optimized with the Yoast SEO plugin v24.0 - https:\/\/yoast.com\/wordpress\/plugins\/seo\/ -->\n<title>Myanmar Online Ba\u015fvuru - Myanmar E-Vize - MyVize<\/title>\n<meta name=\"description\" content=\"Myanmar Online Ba\u015fvuru nas\u0131l yap\u0131l\u0131r? Myanmar E-Vize nas\u0131l ba\u015fvurulur? Bilgi \u0130\u00e7in Vize Uzmanlar\u0131m\u0131z\u0131 Aray\u0131n: 0850 346 84 93\" \/>\n<meta name=\"robots\" content=\"index, follow, max-snippet:-1, max-image-preview:large, max-video-preview:-1\" \/>\n<link rel=\"canonical\" href=\"https:\/\/myvize.com.tr\/myanmar\/vize-islemleri\/myanmar-online-basvuru-myanmar-e-vize\/\" \/>\n<meta property=\"og:locale\" content=\"tr_TR\" \/>\n<meta property=\"og:type\" content=\"article\" \/>\n<meta property=\"og:title\" content=\"Myanmar Online Ba\u015fvuru - Myanmar E-Vize - MyVize\" \/>\n<meta property=\"og:description\" content=\"Myanmar Online Ba\u015fvuru nas\u0131l yap\u0131l\u0131r? Myanmar E-Vize nas\u0131l ba\u015fvurulur? Bilgi \u0130\u00e7in Vize Uzmanlar\u0131m\u0131z\u0131 Aray\u0131n: 0850 346 84 93\" \/>\n<meta property=\"og:url\" content=\"https:\/\/myvize.com.tr\/myanmar\/vize-islemleri\/myanmar-online-basvuru-myanmar-e-vize\/\" \/>\n<meta property=\"og:site_name\" content=\"Myanmar Vizesi\" \/>\n<meta property=\"article:modified_time\" content=\"2022-01-19T12:52:39+00:00\" \/>\n<meta name=\"twitter:card\" content=\"summary_large_image\" \/>\n<meta name=\"twitter:label1\" content=\"Tahmini okuma s\u00fcresi\" \/>\n\t<meta name=\"twitter:data1\" content=\"1 dakika\" \/>\n<script type=\"application\/ld+json\" class=\"yoast-schema-graph\">{\"@context\":\"https:\/\/schema.org\",\"@graph\":[{\"@type\":\"WebPage\",\"@id\":\"https:\/\/myvize.com.tr\/myanmar\/vize-islemleri\/myanmar-online-basvuru-myanmar-e-vize\/\",\"url\":\"https:\/\/myvize.com.tr\/myanmar\/vize-islemleri\/myanmar-online-basvuru-myanmar-e-vize\/\",\"name\":\"Myanmar Online Ba\u015fvuru - Myanmar E-Vize - MyVize\",\"isPartOf\":{\"@id\":\"https:\/\/myvize.com.tr\/myanmar\/#website\"},\"datePublished\":\"2021-01-27T10:38:14+00:00\",\"dateModified\":\"2022-01-19T12:52:39+00:00\",\"description\":\"Myanmar Online Ba\u015fvuru nas\u0131l yap\u0131l\u0131r? Myanmar E-Vize nas\u0131l ba\u015fvurulur? Bilgi \u0130\u00e7in Vize Uzmanlar\u0131m\u0131z\u0131 Aray\u0131n: 0850 346 84 93\",\"breadcrumb\":{\"@id\":\"https:\/\/myvize.com.tr\/myanmar\/vize-islemleri\/myanmar-online-basvuru-myanmar-e-vize\/#breadcrumb\"},\"inLanguage\":\"tr\",\"potentialAction\":[{\"@type\":\"ReadAction\",\"target\":[\"https:\/\/myvize.com.tr\/myanmar\/vize-islemleri\/myanmar-online-basvuru-myanmar-e-vize\/\"]}]},{\"@type\":\"BreadcrumbList\",\"@id\":\"https:\/\/myvize.com.tr\/myanmar\/vize-islemleri\/myanmar-online-basvuru-myanmar-e-vize\/#breadcrumb\",\"itemListElement\":[{\"@type\":\"ListItem\",\"position\":1,\"name\":\"Anasayfa\",\"item\":\"https:\/\/myvize.com.tr\/myanmar\/\"},{\"@type\":\"ListItem\",\"position\":2,\"name\":\"V\u0130ZE \u0130\u015eLEMLER\u0130\",\"item\":\"https:\/\/myvize.com.tr\/myanmar\/vize-islemleri\/\"},{\"@type\":\"ListItem\",\"position\":3,\"name\":\"Myanmar Online Ba\u015fvuru &#8211; Myanmar E-Vize\"}]},{\"@type\":\"WebSite\",\"@id\":\"https:\/\/myvize.com.tr\/myanmar\/#website\",\"url\":\"https:\/\/myvize.com.tr\/myanmar\/\",\"name\":\"Myanmar Vizesi\",\"description\":\"\",\"potentialAction\":[{\"@type\":\"SearchAction\",\"target\":{\"@type\":\"EntryPoint\",\"urlTemplate\":\"https:\/\/myvize.com.tr\/myanmar\/?s={search_term_string}\"},\"query-input\":{\"@type\":\"PropertyValueSpecification\",\"valueRequired\":true,\"valueName\":\"search_term_string\"}}],\"inLanguage\":\"tr\"}]}<\/script>\n<!-- \/ Yoast SEO plugin. -->","yoast_head_json":{"title":"Myanmar Online Ba\u015fvuru - Myanmar E-Vize - MyVize","description":"Myanmar Online Ba\u015fvuru nas\u0131l yap\u0131l\u0131r? Myanmar E-Vize nas\u0131l ba\u015fvurulur? Bilgi \u0130\u00e7in Vize Uzmanlar\u0131m\u0131z\u0131 Aray\u0131n: 0850 346 84 93","robots":{"index":"index","follow":"follow","max-snippet":"max-snippet:-1","max-image-preview":"max-image-preview:large","max-video-preview":"max-video-preview:-1"},"canonical":"https:\/\/myvize.com.tr\/myanmar\/vize-islemleri\/myanmar-online-basvuru-myanmar-e-vize\/","og_locale":"tr_TR","og_type":"article","og_title":"Myanmar Online Ba\u015fvuru - Myanmar E-Vize - MyVize","og_description":"Myanmar Online Ba\u015fvuru nas\u0131l yap\u0131l\u0131r? Myanmar E-Vize nas\u0131l ba\u015fvurulur? Bilgi \u0130\u00e7in Vize Uzmanlar\u0131m\u0131z\u0131 Aray\u0131n: 0850 346 84 93","og_url":"https:\/\/myvize.com.tr\/myanmar\/vize-islemleri\/myanmar-online-basvuru-myanmar-e-vize\/","og_site_name":"Myanmar Vizesi","article_modified_time":"2022-01-19T12:52:39+00:00","twitter_card":"summary_large_image","twitter_misc":{"Tahmini okuma s\u00fcresi":"1 dakika"},"schema":{"@context":"https:\/\/schema.org","@graph":[{"@type":"WebPage","@id":"https:\/\/myvize.com.tr\/myanmar\/vize-islemleri\/myanmar-online-basvuru-myanmar-e-vize\/","url":"https:\/\/myvize.com.tr\/myanmar\/vize-islemleri\/myanmar-online-basvuru-myanmar-e-vize\/","name":"Myanmar Online Ba\u015fvuru - Myanmar E-Vize - MyVize","isPartOf":{"@id":"https:\/\/myvize.com.tr\/myanmar\/#website"},"datePublished":"2021-01-27T10:38:14+00:00","dateModified":"2022-01-19T12:52:39+00:00","description":"Myanmar Online Ba\u015fvuru nas\u0131l yap\u0131l\u0131r? Myanmar E-Vize nas\u0131l ba\u015fvurulur? Bilgi \u0130\u00e7in Vize Uzmanlar\u0131m\u0131z\u0131 Aray\u0131n: 0850 346 84 93","breadcrumb":{"@id":"https:\/\/myvize.com.tr\/myanmar\/vize-islemleri\/myanmar-online-basvuru-myanmar-e-vize\/#breadcrumb"},"inLanguage":"tr","potentialAction":[{"@type":"ReadAction","target":["https:\/\/myvize.com.tr\/myanmar\/vize-islemleri\/myanmar-online-basvuru-myanmar-e-vize\/"]}]},{"@type":"BreadcrumbList","@id":"https:\/\/myvize.com.tr\/myanmar\/vize-islemleri\/myanmar-online-basvuru-myanmar-e-vize\/#breadcrumb","itemListElement":[{"@type":"ListItem","position":1,"name":"Anasayfa","item":"https:\/\/myvize.com.tr\/myanmar\/"},{"@type":"ListItem","position":2,"name":"V\u0130ZE \u0130\u015eLEMLER\u0130","item":"https:\/\/myvize.com.tr\/myanmar\/vize-islemleri\/"},{"@type":"ListItem","position":3,"name":"Myanmar Online Ba\u015fvuru &#8211; Myanmar E-Vize"}]},{"@type":"WebSite","@id":"https:\/\/myvize.com.tr\/myanmar\/#website","url":"https:\/\/myvize.com.tr\/myanmar\/","name":"Myanmar Vizesi","description":"","potentialAction":[{"@type":"SearchAction","target":{"@type":"EntryPoint","urlTemplate":"https:\/\/myvize.com.tr\/myanmar\/?s={search_term_string}"},"query-input":{"@type":"PropertyValueSpecification","valueRequired":true,"valueName":"search_term_string"}}],"inLanguage":"tr"}]}},"_links":{"self":[{"href":"https:\/\/myvize.com.tr\/myanmar\/wp-json\/wp\/v2\/pages\/308","targetHints":{"allow":["GET"]}}],"collection":[{"href":"https:\/\/myvize.com.tr\/myanmar\/wp-json\/wp\/v2\/pages"}],"about":[{"href":"https:\/\/myvize.com.tr\/myanmar\/wp-json\/wp\/v2\/types\/page"}],"author":[{"embeddable":true,"href":"https:\/\/myvize.com.tr\/myanmar\/wp-json\/wp\/v2\/users\/1"}],"replies":[{"embeddable":true,"href":"https:\/\/myvize.com.tr\/myanmar\/wp-json\/wp\/v2\/comments?post=308"}],"version-history":[{"count":2,"href":"https:\/\/myvize.com.tr\/myanmar\/wp-json\/wp\/v2\/pages\/308\/revisions"}],"predecessor-version":[{"id":386,"href":"https:\/\/myvize.com.tr\/myanmar\/wp-json\/wp\/v2\/pages\/308\/revisions\/386"}],"up":[{"embeddable":true,"href":"https:\/\/myvize.com.tr\/myanmar\/wp-json\/wp\/v2\/pages\/18"}],"wp:attachment":[{"href":"https:\/\/myvize.com.tr\/myanmar\/wp-json\/wp\/v2\/media?parent=308"}],"curies":[{"name":"wp","href":"https:\/\/api.w.org\/{rel}","templated":true}]}}