{"id":344,"date":"2021-06-28T15:43:42","date_gmt":"2021-06-28T12:43:42","guid":{"rendered":"https:\/\/myvize.com.tr\/moldova\/?page_id=344"},"modified":"2022-05-12T17:40:16","modified_gmt":"2022-05-12T14:40:16","slug":"vize-basvurusu","status":"publish","type":"page","link":"https:\/\/myvize.com.tr\/moldova\/vize-basvurusu\/","title":{"rendered":"Moldova Vize Ba\u015fvurusu"},"content":{"rendered":"\n<h2 class=\"wp-block-heading\">Moldova Vize Ba\u015fvurusu Hakk\u0131nda<\/h2>\n\n\n\n<p>Moldova\u2019ya seyahat edecek T\u00fcrk vatanda\u015flar\u0131 Umuma Mahsus (Ye\u015fil), Hususi (Bordo), Hizmet (Gri) ve Diplomatik (Siyah) pasaporta haiz olmalar\u0131 ayr\u0131m etmeksizin 90 g\u00fcn zaman ile vizeden muaft\u0131r. 90 g\u00fcn\u00fc a\u015facak ziyaretler i\u00e7in daha uzun zaman vize al\u0131nmas\u0131 gerekmektedir. T\u00fcrk vatanda\u015flar\u0131 Moldova seyahatleri i\u00e7in 90 g\u00fcn zaman ile vizeden muaf olsa da \u00fclkeye giri\u015f i\u00e7in ibraz edilmesi istek edilen baz\u0131 evraklar olabilmektedir. Gezinti s\u0131ras\u0131nda bulundurulmas\u0131 gereken evraklar \u015fu \u015fekildedir; pasaport (seyahat d\u00f6n\u00fc\u015f\u00fcnden itibaren 6 ay daha ge\u00e7erli olan), konaklama yeri rezervasyonlar\u0131, u\u00e7ak bileti &#8211; rezervasyonu benzer bi\u00e7imde seyahat belgeleri, \u00fclkede bulunulan zaman i\u00e7in yeterli miktarda d\u00f6viz, 90 g\u00fcn\u00fc a\u015fan Moldova ziyaretleri i\u00e7in uzun zamanl\u0131&nbsp;vize ba\u015fvurusu yap\u0131lmas\u0131 gerekmektedir.<\/p>\n\n\n\n<p>Uzun s\u00fcreli Moldova vizesi ba\u015fvurular\u0131 ve haz\u0131rlanmas\u0131 ihtiya\u00e7 duyulan evraklarla alakal\u0131 detayl\u0131 bilginin Moldova diplomatik temsilciliklerinden \u00f6\u011frenilmesi \u00f6nemlidir. T.C. Pasaport hamilleri 90 g\u00fcne kadar olan seyahatleri i\u00e7in Moldova vize prosed\u00fcr\u00fcnden sorumsuz tutulurlar. T\u00fcrkiye ikamet izinli yabanc\u0131 ge\u00e7i\u015flik sahipleri (\u00fc\u00e7\u00fcnc\u00fc \u00fclke vatanda\u015flar\u0131) Moldova\u2019ya yapaca\u011f\u0131 gezinsel, ticari yahut aile\/arkada\u015f ziyareti ama\u00e7l\u0131 seyahatleriniz ile alakal\u0131 vize ba\u015fvurular\u0131n\u0131 tamamlamal\u0131d\u0131rlar.<\/p>\n","protected":false},"excerpt":{"rendered":"<p>Moldova Vize Ba\u015fvurusu Hakk\u0131nda Moldova\u2019ya seyahat edecek T\u00fcrk vatanda\u015flar\u0131 Umuma Mahsus (Ye\u015fil), Hususi (Bordo), Hizmet (Gri) ve Diplomatik (Siyah) pasaporta haiz olmalar\u0131 ayr\u0131m etmeksizin 90 g\u00fcn zaman ile vizeden muaft\u0131r. 90 g\u00fcn\u00fc a\u015facak ziyaretler i\u00e7in daha uzun zaman vize al\u0131nmas\u0131 gerekmektedir. T\u00fcrk vatanda\u015flar\u0131 Moldova seyahatleri i\u00e7in 90 g\u00fcn zaman ile vizeden muaf olsa da \u00fclkeye<\/p>\n","protected":false},"author":1,"featured_media":0,"parent":0,"menu_order":0,"comment_status":"closed","ping_status":"closed","template":"","meta":{"footnotes":""},"class_list":["post-344","page","type-page","status-publish","hentry"],"yoast_head":"<!-- This site is optimized with the Yoast SEO plugin v24.0 - https:\/\/yoast.com\/wordpress\/plugins\/seo\/ -->\n<title>Moldova Vize Ba\u015fvurusu - Moldova Vizesi - MyVize<\/title>\n<meta name=\"description\" content=\"Moldova Vize Ba\u015fvurusu nas\u0131l yap\u0131l\u0131r? Moldova Vize Ba\u015fvuru Formu nas\u0131l doldurulur? Bilgi \u0130\u00e7in Vize Uzmanlar\u0131m\u0131z\u0131 Aray\u0131n: 0850 346 84 93\" \/>\n<meta name=\"robots\" content=\"index, follow, max-snippet:-1, max-image-preview:large, max-video-preview:-1\" \/>\n<link rel=\"canonical\" href=\"https:\/\/myvize.com.tr\/moldova\/vize-basvurusu\/\" \/>\n<meta property=\"og:locale\" content=\"tr_TR\" \/>\n<meta property=\"og:type\" content=\"article\" \/>\n<meta property=\"og:title\" content=\"Moldova Vize Ba\u015fvurusu - Moldova Vizesi - MyVize\" \/>\n<meta property=\"og:description\" content=\"Moldova Vize Ba\u015fvurusu nas\u0131l yap\u0131l\u0131r? Moldova Vize Ba\u015fvuru Formu nas\u0131l doldurulur? Bilgi \u0130\u00e7in Vize Uzmanlar\u0131m\u0131z\u0131 Aray\u0131n: 0850 346 84 93\" \/>\n<meta property=\"og:url\" content=\"https:\/\/myvize.com.tr\/moldova\/vize-basvurusu\/\" \/>\n<meta property=\"og:site_name\" content=\"Moldova Vizesi\" \/>\n<meta property=\"article:modified_time\" content=\"2022-05-12T14:40:16+00:00\" \/>\n<meta name=\"twitter:card\" content=\"summary_large_image\" \/>\n<meta name=\"twitter:label1\" content=\"Tahmini okuma s\u00fcresi\" \/>\n\t<meta name=\"twitter:data1\" content=\"1 dakika\" \/>\n<script type=\"application\/ld+json\" class=\"yoast-schema-graph\">{\"@context\":\"https:\/\/schema.org\",\"@graph\":[{\"@type\":\"WebPage\",\"@id\":\"https:\/\/myvize.com.tr\/moldova\/vize-basvurusu\/\",\"url\":\"https:\/\/myvize.com.tr\/moldova\/vize-basvurusu\/\",\"name\":\"Moldova Vize Ba\u015fvurusu - Moldova Vizesi - MyVize\",\"isPartOf\":{\"@id\":\"https:\/\/myvize.com.tr\/moldova\/#website\"},\"datePublished\":\"2021-06-28T12:43:42+00:00\",\"dateModified\":\"2022-05-12T14:40:16+00:00\",\"description\":\"Moldova Vize Ba\u015fvurusu nas\u0131l yap\u0131l\u0131r? Moldova Vize Ba\u015fvuru Formu nas\u0131l doldurulur? Bilgi \u0130\u00e7in Vize Uzmanlar\u0131m\u0131z\u0131 Aray\u0131n: 0850 346 84 93\",\"breadcrumb\":{\"@id\":\"https:\/\/myvize.com.tr\/moldova\/vize-basvurusu\/#breadcrumb\"},\"inLanguage\":\"tr\",\"potentialAction\":[{\"@type\":\"ReadAction\",\"target\":[\"https:\/\/myvize.com.tr\/moldova\/vize-basvurusu\/\"]}]},{\"@type\":\"BreadcrumbList\",\"@id\":\"https:\/\/myvize.com.tr\/moldova\/vize-basvurusu\/#breadcrumb\",\"itemListElement\":[{\"@type\":\"ListItem\",\"position\":1,\"name\":\"Anasayfa\",\"item\":\"https:\/\/myvize.com.tr\/moldova\/\"},{\"@type\":\"ListItem\",\"position\":2,\"name\":\"Moldova Vize Ba\u015fvurusu\"}]},{\"@type\":\"WebSite\",\"@id\":\"https:\/\/myvize.com.tr\/moldova\/#website\",\"url\":\"https:\/\/myvize.com.tr\/moldova\/\",\"name\":\"Moldova Vizesi\",\"description\":\"\",\"potentialAction\":[{\"@type\":\"SearchAction\",\"target\":{\"@type\":\"EntryPoint\",\"urlTemplate\":\"https:\/\/myvize.com.tr\/moldova\/?s={search_term_string}\"},\"query-input\":{\"@type\":\"PropertyValueSpecification\",\"valueRequired\":true,\"valueName\":\"search_term_string\"}}],\"inLanguage\":\"tr\"}]}<\/script>\n<!-- \/ Yoast SEO plugin. -->","yoast_head_json":{"title":"Moldova Vize Ba\u015fvurusu - Moldova Vizesi - MyVize","description":"Moldova Vize Ba\u015fvurusu nas\u0131l yap\u0131l\u0131r? Moldova Vize Ba\u015fvuru Formu nas\u0131l doldurulur? Bilgi \u0130\u00e7in Vize Uzmanlar\u0131m\u0131z\u0131 Aray\u0131n: 0850 346 84 93","robots":{"index":"index","follow":"follow","max-snippet":"max-snippet:-1","max-image-preview":"max-image-preview:large","max-video-preview":"max-video-preview:-1"},"canonical":"https:\/\/myvize.com.tr\/moldova\/vize-basvurusu\/","og_locale":"tr_TR","og_type":"article","og_title":"Moldova Vize Ba\u015fvurusu - Moldova Vizesi - MyVize","og_description":"Moldova Vize Ba\u015fvurusu nas\u0131l yap\u0131l\u0131r? Moldova Vize Ba\u015fvuru Formu nas\u0131l doldurulur? Bilgi \u0130\u00e7in Vize Uzmanlar\u0131m\u0131z\u0131 Aray\u0131n: 0850 346 84 93","og_url":"https:\/\/myvize.com.tr\/moldova\/vize-basvurusu\/","og_site_name":"Moldova Vizesi","article_modified_time":"2022-05-12T14:40:16+00:00","twitter_card":"summary_large_image","twitter_misc":{"Tahmini okuma s\u00fcresi":"1 dakika"},"schema":{"@context":"https:\/\/schema.org","@graph":[{"@type":"WebPage","@id":"https:\/\/myvize.com.tr\/moldova\/vize-basvurusu\/","url":"https:\/\/myvize.com.tr\/moldova\/vize-basvurusu\/","name":"Moldova Vize Ba\u015fvurusu - Moldova Vizesi - MyVize","isPartOf":{"@id":"https:\/\/myvize.com.tr\/moldova\/#website"},"datePublished":"2021-06-28T12:43:42+00:00","dateModified":"2022-05-12T14:40:16+00:00","description":"Moldova Vize Ba\u015fvurusu nas\u0131l yap\u0131l\u0131r? Moldova Vize Ba\u015fvuru Formu nas\u0131l doldurulur? Bilgi \u0130\u00e7in Vize Uzmanlar\u0131m\u0131z\u0131 Aray\u0131n: 0850 346 84 93","breadcrumb":{"@id":"https:\/\/myvize.com.tr\/moldova\/vize-basvurusu\/#breadcrumb"},"inLanguage":"tr","potentialAction":[{"@type":"ReadAction","target":["https:\/\/myvize.com.tr\/moldova\/vize-basvurusu\/"]}]},{"@type":"BreadcrumbList","@id":"https:\/\/myvize.com.tr\/moldova\/vize-basvurusu\/#breadcrumb","itemListElement":[{"@type":"ListItem","position":1,"name":"Anasayfa","item":"https:\/\/myvize.com.tr\/moldova\/"},{"@type":"ListItem","position":2,"name":"Moldova Vize Ba\u015fvurusu"}]},{"@type":"WebSite","@id":"https:\/\/myvize.com.tr\/moldova\/#website","url":"https:\/\/myvize.com.tr\/moldova\/","name":"Moldova Vizesi","description":"","potentialAction":[{"@type":"SearchAction","target":{"@type":"EntryPoint","urlTemplate":"https:\/\/myvize.com.tr\/moldova\/?s={search_term_string}"},"query-input":{"@type":"PropertyValueSpecification","valueRequired":true,"valueName":"search_term_string"}}],"inLanguage":"tr"}]}},"_links":{"self":[{"href":"https:\/\/myvize.com.tr\/moldova\/wp-json\/wp\/v2\/pages\/344","targetHints":{"allow":["GET"]}}],"collection":[{"href":"https:\/\/myvize.com.tr\/moldova\/wp-json\/wp\/v2\/pages"}],"about":[{"href":"https:\/\/myvize.com.tr\/moldova\/wp-json\/wp\/v2\/types\/page"}],"author":[{"embeddable":true,"href":"https:\/\/myvize.com.tr\/moldova\/wp-json\/wp\/v2\/users\/1"}],"replies":[{"embeddable":true,"href":"https:\/\/myvize.com.tr\/moldova\/wp-json\/wp\/v2\/comments?post=344"}],"version-history":[{"count":5,"href":"https:\/\/myvize.com.tr\/moldova\/wp-json\/wp\/v2\/pages\/344\/revisions"}],"predecessor-version":[{"id":459,"href":"https:\/\/myvize.com.tr\/moldova\/wp-json\/wp\/v2\/pages\/344\/revisions\/459"}],"wp:attachment":[{"href":"https:\/\/myvize.com.tr\/moldova\/wp-json\/wp\/v2\/media?parent=344"}],"curies":[{"name":"wp","href":"https:\/\/api.w.org\/{rel}","templated":true}]}}