{"id":336,"date":"2021-06-28T15:55:12","date_gmt":"2021-06-28T12:55:12","guid":{"rendered":"https:\/\/myvize.com.tr\/mikronezya\/?page_id=336"},"modified":"2022-05-12T17:04:43","modified_gmt":"2022-05-12T14:04:43","slug":"vize-basvurusu","status":"publish","type":"page","link":"https:\/\/myvize.com.tr\/mikronezya\/vize-basvurusu\/","title":{"rendered":"Mikronezya Vize Ba\u015fvurusu"},"content":{"rendered":"\n<h2 class=\"wp-block-heading\"><strong>Mikronezya Vize Ba\u015fvurusu Hakk\u0131nda<\/strong><\/h2>\n\n\n\n<p>Mikronezya\u2019ya gitmek isteyen T\u00fcrk yurtta\u015flar\u0131ndan Umuma Mahsus (Bordo), Hizmet (Gri), Hususi (Ye\u015fil) ve Diplomatik (Siyah) pasaport abonelerinin hepsi ileri i\u00e7in kap\u0131 vizesi uygulamas\u0131ndan faydalanabilir. Bu vakit uzat\u0131lmak istenilirse g\u00f6\u00e7menlik b\u00fcrosuna ba\u015fvurularak 60 g\u00fcne kadar \u00e7\u0131kar\u0131labilir. Mikronezya\u2019ya h\u00fcviyet ya da giri\u015f izni ile girebilecek ve 1 y\u0131la kadar kalabilecek \u00fclkeler \u015fu bi\u00e7imdedir; ABD Birle\u015fik Devletleri yurtta\u015flar\u0131, Marshall Adalar\u0131 Cumhuriyeti yurtta\u015flar\u0131, Palau yurtta\u015flar\u0131 Mikronezya Vize \u00dccretleri Mikronezya\u2019ya T\u00fcrkiye\u2019den gidecek olan yurtta\u015flar vize i\u015flemlerini s\u0131n\u0131r kap\u0131lar\u0131nda ger\u00e7ekle\u015ftirdi\u011fi i\u00e7in vize \u00fccretleri farkl\u0131l\u0131k g\u00f6sterebilmektedir.<\/p>\n\n\n\n<p>Peki Mikronezya vize ba\u015fvurusu nas\u0131l yap\u0131l\u0131r? T\u00fcrkiye\u2019de Mikronezya B\u00fcy\u00fckel\u00e7ili\u011fi ya da&nbsp;Konsoloslu\u011fu bulunmamaktad\u0131r. Mikronezya\u2019ya gidecek olan T\u00fcrk yurtta\u015flar\u0131 otuz g\u00fcn zamanl\u0131 misafirleri i\u00e7in kap\u0131 vizesi uygulamas\u0131ndan faydalanabilir. Bu s\u00fcre uzat\u0131lmak istenirse g\u00f6\u00e7menlik b\u00fcrosuna ba\u015fvurularak 60 g\u00fcn sonras\u0131na kadar \u00e7\u0131kar\u0131labilir. Mikronezya kap\u0131 vizesi i\u00e7in bulundurulmas\u0131 ihtiya\u00e7 duyulan evraklar \u015fu bi\u00e7imdedir; pasaport (\u00dclkeye giri\u015ften sonras\u0131nda en az d\u00f6rt ay daha ge\u00e7erli), Mikronezya Vize Ba\u015fvuru Formu, konaklama yeri belgeleri (otel rezervasyonu vb.), otuz g\u00fcn sonras\u0131nda d\u00f6n\u00fclece\u011fini g\u00f6steren d\u00f6n\u00fc\u015f bileti, var ise davetiye, seyahat masraflar\u0131n\u0131n kar\u015f\u0131lanabilece\u011fini yay\u0131nlayan yeterli oranda finansal kaynak.<\/p>\n","protected":false},"excerpt":{"rendered":"<p>Mikronezya Vize Ba\u015fvurusu Hakk\u0131nda Mikronezya\u2019ya gitmek isteyen T\u00fcrk yurtta\u015flar\u0131ndan Umuma Mahsus (Bordo), Hizmet (Gri), Hususi (Ye\u015fil) ve Diplomatik (Siyah) pasaport abonelerinin hepsi ileri i\u00e7in kap\u0131 vizesi uygulamas\u0131ndan faydalanabilir. Bu vakit uzat\u0131lmak istenilirse g\u00f6\u00e7menlik b\u00fcrosuna ba\u015fvurularak 60 g\u00fcne kadar \u00e7\u0131kar\u0131labilir. Mikronezya\u2019ya h\u00fcviyet ya da giri\u015f izni ile girebilecek ve 1 y\u0131la kadar kalabilecek \u00fclkeler \u015fu bi\u00e7imdedir;<\/p>\n","protected":false},"author":1,"featured_media":0,"parent":0,"menu_order":0,"comment_status":"closed","ping_status":"closed","template":"","meta":{"footnotes":""},"class_list":["post-336","page","type-page","status-publish","hentry"],"yoast_head":"<!-- This site is optimized with the Yoast SEO plugin v24.0 - https:\/\/yoast.com\/wordpress\/plugins\/seo\/ -->\n<title>Mikronezya Vize Ba\u015fvurusu - MyVize Vize Ba\u015fvuru Merkezi<\/title>\n<meta name=\"description\" content=\"Mikronezya Vize Ba\u015fvurusu nas\u0131l yap\u0131l\u0131r? Mikronezya Vize Ba\u015fvuru Formu nas\u0131l doldurulur? Bilgi \u0130\u00e7in Vize Uzmanlar\u0131m\u0131z\u0131 Aray\u0131n: 0850 346 84 93\" \/>\n<meta name=\"robots\" content=\"index, follow, max-snippet:-1, max-image-preview:large, max-video-preview:-1\" \/>\n<link rel=\"canonical\" href=\"https:\/\/myvize.com.tr\/mikronezya\/vize-basvurusu\/\" \/>\n<meta property=\"og:locale\" content=\"tr_TR\" \/>\n<meta property=\"og:type\" content=\"article\" \/>\n<meta property=\"og:title\" content=\"Mikronezya Vize Ba\u015fvurusu - MyVize Vize Ba\u015fvuru Merkezi\" \/>\n<meta property=\"og:description\" content=\"Mikronezya Vize Ba\u015fvurusu nas\u0131l yap\u0131l\u0131r? Mikronezya Vize Ba\u015fvuru Formu nas\u0131l doldurulur? Bilgi \u0130\u00e7in Vize Uzmanlar\u0131m\u0131z\u0131 Aray\u0131n: 0850 346 84 93\" \/>\n<meta property=\"og:url\" content=\"https:\/\/myvize.com.tr\/mikronezya\/vize-basvurusu\/\" \/>\n<meta property=\"og:site_name\" content=\"Mikronezya Vizesi\" \/>\n<meta property=\"article:modified_time\" content=\"2022-05-12T14:04:43+00:00\" \/>\n<meta name=\"twitter:card\" content=\"summary_large_image\" \/>\n<meta name=\"twitter:label1\" content=\"Tahmini okuma s\u00fcresi\" \/>\n\t<meta name=\"twitter:data1\" content=\"1 dakika\" \/>\n<script type=\"application\/ld+json\" class=\"yoast-schema-graph\">{\"@context\":\"https:\/\/schema.org\",\"@graph\":[{\"@type\":\"WebPage\",\"@id\":\"https:\/\/myvize.com.tr\/mikronezya\/vize-basvurusu\/\",\"url\":\"https:\/\/myvize.com.tr\/mikronezya\/vize-basvurusu\/\",\"name\":\"Mikronezya Vize Ba\u015fvurusu - MyVize Vize Ba\u015fvuru Merkezi\",\"isPartOf\":{\"@id\":\"https:\/\/myvize.com.tr\/mikronezya\/#website\"},\"datePublished\":\"2021-06-28T12:55:12+00:00\",\"dateModified\":\"2022-05-12T14:04:43+00:00\",\"description\":\"Mikronezya Vize Ba\u015fvurusu nas\u0131l yap\u0131l\u0131r? Mikronezya Vize Ba\u015fvuru Formu nas\u0131l doldurulur? Bilgi \u0130\u00e7in Vize Uzmanlar\u0131m\u0131z\u0131 Aray\u0131n: 0850 346 84 93\",\"breadcrumb\":{\"@id\":\"https:\/\/myvize.com.tr\/mikronezya\/vize-basvurusu\/#breadcrumb\"},\"inLanguage\":\"tr\",\"potentialAction\":[{\"@type\":\"ReadAction\",\"target\":[\"https:\/\/myvize.com.tr\/mikronezya\/vize-basvurusu\/\"]}]},{\"@type\":\"BreadcrumbList\",\"@id\":\"https:\/\/myvize.com.tr\/mikronezya\/vize-basvurusu\/#breadcrumb\",\"itemListElement\":[{\"@type\":\"ListItem\",\"position\":1,\"name\":\"Anasayfa\",\"item\":\"https:\/\/myvize.com.tr\/mikronezya\/\"},{\"@type\":\"ListItem\",\"position\":2,\"name\":\"Mikronezya Vize Ba\u015fvurusu\"}]},{\"@type\":\"WebSite\",\"@id\":\"https:\/\/myvize.com.tr\/mikronezya\/#website\",\"url\":\"https:\/\/myvize.com.tr\/mikronezya\/\",\"name\":\"Mikronezya Vizesi\",\"description\":\"\",\"potentialAction\":[{\"@type\":\"SearchAction\",\"target\":{\"@type\":\"EntryPoint\",\"urlTemplate\":\"https:\/\/myvize.com.tr\/mikronezya\/?s={search_term_string}\"},\"query-input\":{\"@type\":\"PropertyValueSpecification\",\"valueRequired\":true,\"valueName\":\"search_term_string\"}}],\"inLanguage\":\"tr\"}]}<\/script>\n<!-- \/ Yoast SEO plugin. -->","yoast_head_json":{"title":"Mikronezya Vize Ba\u015fvurusu - MyVize Vize Ba\u015fvuru Merkezi","description":"Mikronezya Vize Ba\u015fvurusu nas\u0131l yap\u0131l\u0131r? Mikronezya Vize Ba\u015fvuru Formu nas\u0131l doldurulur? Bilgi \u0130\u00e7in Vize Uzmanlar\u0131m\u0131z\u0131 Aray\u0131n: 0850 346 84 93","robots":{"index":"index","follow":"follow","max-snippet":"max-snippet:-1","max-image-preview":"max-image-preview:large","max-video-preview":"max-video-preview:-1"},"canonical":"https:\/\/myvize.com.tr\/mikronezya\/vize-basvurusu\/","og_locale":"tr_TR","og_type":"article","og_title":"Mikronezya Vize Ba\u015fvurusu - MyVize Vize Ba\u015fvuru Merkezi","og_description":"Mikronezya Vize Ba\u015fvurusu nas\u0131l yap\u0131l\u0131r? Mikronezya Vize Ba\u015fvuru Formu nas\u0131l doldurulur? Bilgi \u0130\u00e7in Vize Uzmanlar\u0131m\u0131z\u0131 Aray\u0131n: 0850 346 84 93","og_url":"https:\/\/myvize.com.tr\/mikronezya\/vize-basvurusu\/","og_site_name":"Mikronezya Vizesi","article_modified_time":"2022-05-12T14:04:43+00:00","twitter_card":"summary_large_image","twitter_misc":{"Tahmini okuma s\u00fcresi":"1 dakika"},"schema":{"@context":"https:\/\/schema.org","@graph":[{"@type":"WebPage","@id":"https:\/\/myvize.com.tr\/mikronezya\/vize-basvurusu\/","url":"https:\/\/myvize.com.tr\/mikronezya\/vize-basvurusu\/","name":"Mikronezya Vize Ba\u015fvurusu - MyVize Vize Ba\u015fvuru Merkezi","isPartOf":{"@id":"https:\/\/myvize.com.tr\/mikronezya\/#website"},"datePublished":"2021-06-28T12:55:12+00:00","dateModified":"2022-05-12T14:04:43+00:00","description":"Mikronezya Vize Ba\u015fvurusu nas\u0131l yap\u0131l\u0131r? Mikronezya Vize Ba\u015fvuru Formu nas\u0131l doldurulur? Bilgi \u0130\u00e7in Vize Uzmanlar\u0131m\u0131z\u0131 Aray\u0131n: 0850 346 84 93","breadcrumb":{"@id":"https:\/\/myvize.com.tr\/mikronezya\/vize-basvurusu\/#breadcrumb"},"inLanguage":"tr","potentialAction":[{"@type":"ReadAction","target":["https:\/\/myvize.com.tr\/mikronezya\/vize-basvurusu\/"]}]},{"@type":"BreadcrumbList","@id":"https:\/\/myvize.com.tr\/mikronezya\/vize-basvurusu\/#breadcrumb","itemListElement":[{"@type":"ListItem","position":1,"name":"Anasayfa","item":"https:\/\/myvize.com.tr\/mikronezya\/"},{"@type":"ListItem","position":2,"name":"Mikronezya Vize Ba\u015fvurusu"}]},{"@type":"WebSite","@id":"https:\/\/myvize.com.tr\/mikronezya\/#website","url":"https:\/\/myvize.com.tr\/mikronezya\/","name":"Mikronezya Vizesi","description":"","potentialAction":[{"@type":"SearchAction","target":{"@type":"EntryPoint","urlTemplate":"https:\/\/myvize.com.tr\/mikronezya\/?s={search_term_string}"},"query-input":{"@type":"PropertyValueSpecification","valueRequired":true,"valueName":"search_term_string"}}],"inLanguage":"tr"}]}},"_links":{"self":[{"href":"https:\/\/myvize.com.tr\/mikronezya\/wp-json\/wp\/v2\/pages\/336","targetHints":{"allow":["GET"]}}],"collection":[{"href":"https:\/\/myvize.com.tr\/mikronezya\/wp-json\/wp\/v2\/pages"}],"about":[{"href":"https:\/\/myvize.com.tr\/mikronezya\/wp-json\/wp\/v2\/types\/page"}],"author":[{"embeddable":true,"href":"https:\/\/myvize.com.tr\/mikronezya\/wp-json\/wp\/v2\/users\/1"}],"replies":[{"embeddable":true,"href":"https:\/\/myvize.com.tr\/mikronezya\/wp-json\/wp\/v2\/comments?post=336"}],"version-history":[{"count":5,"href":"https:\/\/myvize.com.tr\/mikronezya\/wp-json\/wp\/v2\/pages\/336\/revisions"}],"predecessor-version":[{"id":462,"href":"https:\/\/myvize.com.tr\/mikronezya\/wp-json\/wp\/v2\/pages\/336\/revisions\/462"}],"wp:attachment":[{"href":"https:\/\/myvize.com.tr\/mikronezya\/wp-json\/wp\/v2\/media?parent=336"}],"curies":[{"name":"wp","href":"https:\/\/api.w.org\/{rel}","templated":true}]}}