{"id":318,"date":"2021-01-26T15:14:28","date_gmt":"2021-01-26T12:14:28","guid":{"rendered":"https:\/\/myvize.com.tr\/mikronezya\/?page_id=318"},"modified":"2022-01-14T15:44:03","modified_gmt":"2022-01-14T12:44:03","slug":"mikronezya-vize-dilekce-ornegi","status":"publish","type":"page","link":"https:\/\/myvize.com.tr\/mikronezya\/mikronezya-vize-dilekce-ornegi\/","title":{"rendered":"Mikronezya Vize Dilek\u00e7e \u00d6rne\u011fi"},"content":{"rendered":"\n<h2 class=\"wp-block-heading\"><strong>Mikronezya Vize Dilek\u00e7e \u00d6rne\u011fi Hakk\u0131nda<\/strong><\/h2>\n","protected":false},"excerpt":{"rendered":"<p>Mikronezya Vize Dilek\u00e7e \u00d6rne\u011fi Hakk\u0131nda<\/p>\n","protected":false},"author":1,"featured_media":0,"parent":0,"menu_order":0,"comment_status":"closed","ping_status":"closed","template":"","meta":{"footnotes":""},"class_list":["post-318","page","type-page","status-publish","hentry"],"yoast_head":"<!-- This site is optimized with the Yoast SEO plugin v24.0 - https:\/\/yoast.com\/wordpress\/plugins\/seo\/ -->\n<title>Mikronezya Vize Dilek\u00e7e \u00d6rne\u011fi - MyVize<\/title>\n<meta name=\"description\" content=\"Mikronezya Vize Dilek\u00e7e \u00d6rne\u011fi nas\u0131l yaz\u0131l\u0131r? Mikronezya Vize Dilek\u00e7esi nas\u0131l olmal\u0131d\u0131r? Bilgi \u0130\u00e7in Vize Uzmanlar\u0131m\u0131z\u0131 Aray\u0131n: 0850 346 84 93\" \/>\n<meta name=\"robots\" content=\"index, follow, max-snippet:-1, max-image-preview:large, max-video-preview:-1\" \/>\n<link rel=\"canonical\" href=\"https:\/\/myvize.com.tr\/mikronezya\/mikronezya-vize-dilekce-ornegi\/\" \/>\n<meta property=\"og:locale\" content=\"tr_TR\" \/>\n<meta property=\"og:type\" content=\"article\" \/>\n<meta property=\"og:title\" content=\"Mikronezya Vize Dilek\u00e7e \u00d6rne\u011fi - MyVize\" \/>\n<meta property=\"og:description\" content=\"Mikronezya Vize Dilek\u00e7e \u00d6rne\u011fi nas\u0131l yaz\u0131l\u0131r? Mikronezya Vize Dilek\u00e7esi nas\u0131l olmal\u0131d\u0131r? Bilgi \u0130\u00e7in Vize Uzmanlar\u0131m\u0131z\u0131 Aray\u0131n: 0850 346 84 93\" \/>\n<meta property=\"og:url\" content=\"https:\/\/myvize.com.tr\/mikronezya\/mikronezya-vize-dilekce-ornegi\/\" \/>\n<meta property=\"og:site_name\" content=\"Mikronezya Vizesi\" \/>\n<meta property=\"article:modified_time\" content=\"2022-01-14T12:44:03+00:00\" \/>\n<meta name=\"twitter:card\" content=\"summary_large_image\" \/>\n<meta name=\"twitter:label1\" content=\"Tahmini okuma s\u00fcresi\" \/>\n\t<meta name=\"twitter:data1\" content=\"1 dakika\" \/>\n<script type=\"application\/ld+json\" class=\"yoast-schema-graph\">{\"@context\":\"https:\/\/schema.org\",\"@graph\":[{\"@type\":\"WebPage\",\"@id\":\"https:\/\/myvize.com.tr\/mikronezya\/mikronezya-vize-dilekce-ornegi\/\",\"url\":\"https:\/\/myvize.com.tr\/mikronezya\/mikronezya-vize-dilekce-ornegi\/\",\"name\":\"Mikronezya Vize Dilek\u00e7e \u00d6rne\u011fi - MyVize\",\"isPartOf\":{\"@id\":\"https:\/\/myvize.com.tr\/mikronezya\/#website\"},\"datePublished\":\"2021-01-26T12:14:28+00:00\",\"dateModified\":\"2022-01-14T12:44:03+00:00\",\"description\":\"Mikronezya Vize Dilek\u00e7e \u00d6rne\u011fi nas\u0131l yaz\u0131l\u0131r? Mikronezya Vize Dilek\u00e7esi nas\u0131l olmal\u0131d\u0131r? Bilgi \u0130\u00e7in Vize Uzmanlar\u0131m\u0131z\u0131 Aray\u0131n: 0850 346 84 93\",\"breadcrumb\":{\"@id\":\"https:\/\/myvize.com.tr\/mikronezya\/mikronezya-vize-dilekce-ornegi\/#breadcrumb\"},\"inLanguage\":\"tr\",\"potentialAction\":[{\"@type\":\"ReadAction\",\"target\":[\"https:\/\/myvize.com.tr\/mikronezya\/mikronezya-vize-dilekce-ornegi\/\"]}]},{\"@type\":\"BreadcrumbList\",\"@id\":\"https:\/\/myvize.com.tr\/mikronezya\/mikronezya-vize-dilekce-ornegi\/#breadcrumb\",\"itemListElement\":[{\"@type\":\"ListItem\",\"position\":1,\"name\":\"Anasayfa\",\"item\":\"https:\/\/myvize.com.tr\/mikronezya\/\"},{\"@type\":\"ListItem\",\"position\":2,\"name\":\"Mikronezya Vize Dilek\u00e7e \u00d6rne\u011fi\"}]},{\"@type\":\"WebSite\",\"@id\":\"https:\/\/myvize.com.tr\/mikronezya\/#website\",\"url\":\"https:\/\/myvize.com.tr\/mikronezya\/\",\"name\":\"Mikronezya Vizesi\",\"description\":\"\",\"potentialAction\":[{\"@type\":\"SearchAction\",\"target\":{\"@type\":\"EntryPoint\",\"urlTemplate\":\"https:\/\/myvize.com.tr\/mikronezya\/?s={search_term_string}\"},\"query-input\":{\"@type\":\"PropertyValueSpecification\",\"valueRequired\":true,\"valueName\":\"search_term_string\"}}],\"inLanguage\":\"tr\"}]}<\/script>\n<!-- \/ Yoast SEO plugin. -->","yoast_head_json":{"title":"Mikronezya Vize Dilek\u00e7e \u00d6rne\u011fi - MyVize","description":"Mikronezya Vize Dilek\u00e7e \u00d6rne\u011fi nas\u0131l yaz\u0131l\u0131r? Mikronezya Vize Dilek\u00e7esi nas\u0131l olmal\u0131d\u0131r? Bilgi \u0130\u00e7in Vize Uzmanlar\u0131m\u0131z\u0131 Aray\u0131n: 0850 346 84 93","robots":{"index":"index","follow":"follow","max-snippet":"max-snippet:-1","max-image-preview":"max-image-preview:large","max-video-preview":"max-video-preview:-1"},"canonical":"https:\/\/myvize.com.tr\/mikronezya\/mikronezya-vize-dilekce-ornegi\/","og_locale":"tr_TR","og_type":"article","og_title":"Mikronezya Vize Dilek\u00e7e \u00d6rne\u011fi - MyVize","og_description":"Mikronezya Vize Dilek\u00e7e \u00d6rne\u011fi nas\u0131l yaz\u0131l\u0131r? Mikronezya Vize Dilek\u00e7esi nas\u0131l olmal\u0131d\u0131r? Bilgi \u0130\u00e7in Vize Uzmanlar\u0131m\u0131z\u0131 Aray\u0131n: 0850 346 84 93","og_url":"https:\/\/myvize.com.tr\/mikronezya\/mikronezya-vize-dilekce-ornegi\/","og_site_name":"Mikronezya Vizesi","article_modified_time":"2022-01-14T12:44:03+00:00","twitter_card":"summary_large_image","twitter_misc":{"Tahmini okuma s\u00fcresi":"1 dakika"},"schema":{"@context":"https:\/\/schema.org","@graph":[{"@type":"WebPage","@id":"https:\/\/myvize.com.tr\/mikronezya\/mikronezya-vize-dilekce-ornegi\/","url":"https:\/\/myvize.com.tr\/mikronezya\/mikronezya-vize-dilekce-ornegi\/","name":"Mikronezya Vize Dilek\u00e7e \u00d6rne\u011fi - MyVize","isPartOf":{"@id":"https:\/\/myvize.com.tr\/mikronezya\/#website"},"datePublished":"2021-01-26T12:14:28+00:00","dateModified":"2022-01-14T12:44:03+00:00","description":"Mikronezya Vize Dilek\u00e7e \u00d6rne\u011fi nas\u0131l yaz\u0131l\u0131r? Mikronezya Vize Dilek\u00e7esi nas\u0131l olmal\u0131d\u0131r? Bilgi \u0130\u00e7in Vize Uzmanlar\u0131m\u0131z\u0131 Aray\u0131n: 0850 346 84 93","breadcrumb":{"@id":"https:\/\/myvize.com.tr\/mikronezya\/mikronezya-vize-dilekce-ornegi\/#breadcrumb"},"inLanguage":"tr","potentialAction":[{"@type":"ReadAction","target":["https:\/\/myvize.com.tr\/mikronezya\/mikronezya-vize-dilekce-ornegi\/"]}]},{"@type":"BreadcrumbList","@id":"https:\/\/myvize.com.tr\/mikronezya\/mikronezya-vize-dilekce-ornegi\/#breadcrumb","itemListElement":[{"@type":"ListItem","position":1,"name":"Anasayfa","item":"https:\/\/myvize.com.tr\/mikronezya\/"},{"@type":"ListItem","position":2,"name":"Mikronezya Vize Dilek\u00e7e \u00d6rne\u011fi"}]},{"@type":"WebSite","@id":"https:\/\/myvize.com.tr\/mikronezya\/#website","url":"https:\/\/myvize.com.tr\/mikronezya\/","name":"Mikronezya Vizesi","description":"","potentialAction":[{"@type":"SearchAction","target":{"@type":"EntryPoint","urlTemplate":"https:\/\/myvize.com.tr\/mikronezya\/?s={search_term_string}"},"query-input":{"@type":"PropertyValueSpecification","valueRequired":true,"valueName":"search_term_string"}}],"inLanguage":"tr"}]}},"_links":{"self":[{"href":"https:\/\/myvize.com.tr\/mikronezya\/wp-json\/wp\/v2\/pages\/318","targetHints":{"allow":["GET"]}}],"collection":[{"href":"https:\/\/myvize.com.tr\/mikronezya\/wp-json\/wp\/v2\/pages"}],"about":[{"href":"https:\/\/myvize.com.tr\/mikronezya\/wp-json\/wp\/v2\/types\/page"}],"author":[{"embeddable":true,"href":"https:\/\/myvize.com.tr\/mikronezya\/wp-json\/wp\/v2\/users\/1"}],"replies":[{"embeddable":true,"href":"https:\/\/myvize.com.tr\/mikronezya\/wp-json\/wp\/v2\/comments?post=318"}],"version-history":[{"count":2,"href":"https:\/\/myvize.com.tr\/mikronezya\/wp-json\/wp\/v2\/pages\/318\/revisions"}],"predecessor-version":[{"id":365,"href":"https:\/\/myvize.com.tr\/mikronezya\/wp-json\/wp\/v2\/pages\/318\/revisions\/365"}],"wp:attachment":[{"href":"https:\/\/myvize.com.tr\/mikronezya\/wp-json\/wp\/v2\/media?parent=318"}],"curies":[{"name":"wp","href":"https:\/\/api.w.org\/{rel}","templated":true}]}}