{"id":180,"date":"2021-01-15T16:17:57","date_gmt":"2021-01-15T13:17:57","guid":{"rendered":"https:\/\/myvize.com.tr\/mikronezya\/?page_id=180"},"modified":"2022-01-14T15:43:18","modified_gmt":"2022-01-14T12:43:18","slug":"istanbul","status":"publish","type":"page","link":"https:\/\/myvize.com.tr\/mikronezya\/subelerimiz\/istanbul\/","title":{"rendered":"\u0130stanbul"},"content":{"rendered":"\n<h2 class=\"wp-block-heading\"><strong>Mikronezya Vize Ba\u015fvuru Merkezi, \u0130stanbul<\/strong><\/h2>\n","protected":false},"excerpt":{"rendered":"<p>Mikronezya Vize Ba\u015fvuru Merkezi, \u0130stanbul<\/p>\n","protected":false},"author":1,"featured_media":0,"parent":147,"menu_order":0,"comment_status":"closed","ping_status":"closed","template":"","meta":{"footnotes":""},"class_list":["post-180","page","type-page","status-publish","hentry"],"yoast_head":"<!-- This site is optimized with the Yoast SEO plugin v24.0 - https:\/\/yoast.com\/wordpress\/plugins\/seo\/ -->\n<title>Mikronezya Vizesi \u0130stanbul Ba\u015fvuru \u015eubesi - MyVize<\/title>\n<meta name=\"description\" content=\"Mikronezya Vizesi \u0130stanbul Vize Ba\u015fvuru Merkezi. Mikronezya Vizesi Nas\u0131l Al\u0131n\u0131r? Bilgi \u0130\u00e7in Vize Uzmanlar\u0131m\u0131z\u0131 Aray\u0131n: 0850 346 84 93\" \/>\n<meta name=\"robots\" content=\"index, follow, max-snippet:-1, max-image-preview:large, max-video-preview:-1\" \/>\n<link rel=\"canonical\" href=\"https:\/\/myvize.com.tr\/mikronezya\/subelerimiz\/istanbul\/\" \/>\n<meta property=\"og:locale\" content=\"tr_TR\" \/>\n<meta property=\"og:type\" content=\"article\" \/>\n<meta property=\"og:title\" content=\"Mikronezya Vizesi \u0130stanbul Ba\u015fvuru \u015eubesi - MyVize\" \/>\n<meta property=\"og:description\" content=\"Mikronezya Vizesi \u0130stanbul Vize Ba\u015fvuru Merkezi. Mikronezya Vizesi Nas\u0131l Al\u0131n\u0131r? Bilgi \u0130\u00e7in Vize Uzmanlar\u0131m\u0131z\u0131 Aray\u0131n: 0850 346 84 93\" \/>\n<meta property=\"og:url\" content=\"https:\/\/myvize.com.tr\/mikronezya\/subelerimiz\/istanbul\/\" \/>\n<meta property=\"og:site_name\" content=\"Mikronezya Vizesi\" \/>\n<meta property=\"article:modified_time\" content=\"2022-01-14T12:43:18+00:00\" \/>\n<meta name=\"twitter:card\" content=\"summary_large_image\" \/>\n<meta name=\"twitter:label1\" content=\"Tahmini okuma s\u00fcresi\" \/>\n\t<meta name=\"twitter:data1\" content=\"1 dakika\" \/>\n<script type=\"application\/ld+json\" class=\"yoast-schema-graph\">{\"@context\":\"https:\/\/schema.org\",\"@graph\":[{\"@type\":\"WebPage\",\"@id\":\"https:\/\/myvize.com.tr\/mikronezya\/subelerimiz\/istanbul\/\",\"url\":\"https:\/\/myvize.com.tr\/mikronezya\/subelerimiz\/istanbul\/\",\"name\":\"Mikronezya Vizesi \u0130stanbul Ba\u015fvuru \u015eubesi - MyVize\",\"isPartOf\":{\"@id\":\"https:\/\/myvize.com.tr\/mikronezya\/#website\"},\"datePublished\":\"2021-01-15T13:17:57+00:00\",\"dateModified\":\"2022-01-14T12:43:18+00:00\",\"description\":\"Mikronezya Vizesi \u0130stanbul Vize Ba\u015fvuru Merkezi. Mikronezya Vizesi Nas\u0131l Al\u0131n\u0131r? Bilgi \u0130\u00e7in Vize Uzmanlar\u0131m\u0131z\u0131 Aray\u0131n: 0850 346 84 93\",\"breadcrumb\":{\"@id\":\"https:\/\/myvize.com.tr\/mikronezya\/subelerimiz\/istanbul\/#breadcrumb\"},\"inLanguage\":\"tr\",\"potentialAction\":[{\"@type\":\"ReadAction\",\"target\":[\"https:\/\/myvize.com.tr\/mikronezya\/subelerimiz\/istanbul\/\"]}]},{\"@type\":\"BreadcrumbList\",\"@id\":\"https:\/\/myvize.com.tr\/mikronezya\/subelerimiz\/istanbul\/#breadcrumb\",\"itemListElement\":[{\"@type\":\"ListItem\",\"position\":1,\"name\":\"Anasayfa\",\"item\":\"https:\/\/myvize.com.tr\/mikronezya\/\"},{\"@type\":\"ListItem\",\"position\":2,\"name\":\"\u015eUBELER\u0130M\u0130Z\",\"item\":\"https:\/\/myvize.com.tr\/mikronezya\/subelerimiz\/\"},{\"@type\":\"ListItem\",\"position\":3,\"name\":\"\u0130stanbul\"}]},{\"@type\":\"WebSite\",\"@id\":\"https:\/\/myvize.com.tr\/mikronezya\/#website\",\"url\":\"https:\/\/myvize.com.tr\/mikronezya\/\",\"name\":\"Mikronezya Vizesi\",\"description\":\"\",\"potentialAction\":[{\"@type\":\"SearchAction\",\"target\":{\"@type\":\"EntryPoint\",\"urlTemplate\":\"https:\/\/myvize.com.tr\/mikronezya\/?s={search_term_string}\"},\"query-input\":{\"@type\":\"PropertyValueSpecification\",\"valueRequired\":true,\"valueName\":\"search_term_string\"}}],\"inLanguage\":\"tr\"}]}<\/script>\n<!-- \/ Yoast SEO plugin. -->","yoast_head_json":{"title":"Mikronezya Vizesi \u0130stanbul Ba\u015fvuru \u015eubesi - MyVize","description":"Mikronezya Vizesi \u0130stanbul Vize Ba\u015fvuru Merkezi. Mikronezya Vizesi Nas\u0131l Al\u0131n\u0131r? Bilgi \u0130\u00e7in Vize Uzmanlar\u0131m\u0131z\u0131 Aray\u0131n: 0850 346 84 93","robots":{"index":"index","follow":"follow","max-snippet":"max-snippet:-1","max-image-preview":"max-image-preview:large","max-video-preview":"max-video-preview:-1"},"canonical":"https:\/\/myvize.com.tr\/mikronezya\/subelerimiz\/istanbul\/","og_locale":"tr_TR","og_type":"article","og_title":"Mikronezya Vizesi \u0130stanbul Ba\u015fvuru \u015eubesi - MyVize","og_description":"Mikronezya Vizesi \u0130stanbul Vize Ba\u015fvuru Merkezi. Mikronezya Vizesi Nas\u0131l Al\u0131n\u0131r? Bilgi \u0130\u00e7in Vize Uzmanlar\u0131m\u0131z\u0131 Aray\u0131n: 0850 346 84 93","og_url":"https:\/\/myvize.com.tr\/mikronezya\/subelerimiz\/istanbul\/","og_site_name":"Mikronezya Vizesi","article_modified_time":"2022-01-14T12:43:18+00:00","twitter_card":"summary_large_image","twitter_misc":{"Tahmini okuma s\u00fcresi":"1 dakika"},"schema":{"@context":"https:\/\/schema.org","@graph":[{"@type":"WebPage","@id":"https:\/\/myvize.com.tr\/mikronezya\/subelerimiz\/istanbul\/","url":"https:\/\/myvize.com.tr\/mikronezya\/subelerimiz\/istanbul\/","name":"Mikronezya Vizesi \u0130stanbul Ba\u015fvuru \u015eubesi - MyVize","isPartOf":{"@id":"https:\/\/myvize.com.tr\/mikronezya\/#website"},"datePublished":"2021-01-15T13:17:57+00:00","dateModified":"2022-01-14T12:43:18+00:00","description":"Mikronezya Vizesi \u0130stanbul Vize Ba\u015fvuru Merkezi. Mikronezya Vizesi Nas\u0131l Al\u0131n\u0131r? Bilgi \u0130\u00e7in Vize Uzmanlar\u0131m\u0131z\u0131 Aray\u0131n: 0850 346 84 93","breadcrumb":{"@id":"https:\/\/myvize.com.tr\/mikronezya\/subelerimiz\/istanbul\/#breadcrumb"},"inLanguage":"tr","potentialAction":[{"@type":"ReadAction","target":["https:\/\/myvize.com.tr\/mikronezya\/subelerimiz\/istanbul\/"]}]},{"@type":"BreadcrumbList","@id":"https:\/\/myvize.com.tr\/mikronezya\/subelerimiz\/istanbul\/#breadcrumb","itemListElement":[{"@type":"ListItem","position":1,"name":"Anasayfa","item":"https:\/\/myvize.com.tr\/mikronezya\/"},{"@type":"ListItem","position":2,"name":"\u015eUBELER\u0130M\u0130Z","item":"https:\/\/myvize.com.tr\/mikronezya\/subelerimiz\/"},{"@type":"ListItem","position":3,"name":"\u0130stanbul"}]},{"@type":"WebSite","@id":"https:\/\/myvize.com.tr\/mikronezya\/#website","url":"https:\/\/myvize.com.tr\/mikronezya\/","name":"Mikronezya Vizesi","description":"","potentialAction":[{"@type":"SearchAction","target":{"@type":"EntryPoint","urlTemplate":"https:\/\/myvize.com.tr\/mikronezya\/?s={search_term_string}"},"query-input":{"@type":"PropertyValueSpecification","valueRequired":true,"valueName":"search_term_string"}}],"inLanguage":"tr"}]}},"_links":{"self":[{"href":"https:\/\/myvize.com.tr\/mikronezya\/wp-json\/wp\/v2\/pages\/180","targetHints":{"allow":["GET"]}}],"collection":[{"href":"https:\/\/myvize.com.tr\/mikronezya\/wp-json\/wp\/v2\/pages"}],"about":[{"href":"https:\/\/myvize.com.tr\/mikronezya\/wp-json\/wp\/v2\/types\/page"}],"author":[{"embeddable":true,"href":"https:\/\/myvize.com.tr\/mikronezya\/wp-json\/wp\/v2\/users\/1"}],"replies":[{"embeddable":true,"href":"https:\/\/myvize.com.tr\/mikronezya\/wp-json\/wp\/v2\/comments?post=180"}],"version-history":[{"count":4,"href":"https:\/\/myvize.com.tr\/mikronezya\/wp-json\/wp\/v2\/pages\/180\/revisions"}],"predecessor-version":[{"id":424,"href":"https:\/\/myvize.com.tr\/mikronezya\/wp-json\/wp\/v2\/pages\/180\/revisions\/424"}],"up":[{"embeddable":true,"href":"https:\/\/myvize.com.tr\/mikronezya\/wp-json\/wp\/v2\/pages\/147"}],"wp:attachment":[{"href":"https:\/\/myvize.com.tr\/mikronezya\/wp-json\/wp\/v2\/media?parent=180"}],"curies":[{"name":"wp","href":"https:\/\/api.w.org\/{rel}","templated":true}]}}