{"id":170,"date":"2021-01-15T16:16:34","date_gmt":"2021-01-15T13:16:34","guid":{"rendered":"https:\/\/myvize.com.tr\/mikronezya\/?page_id=170"},"modified":"2022-01-15T14:17:05","modified_gmt":"2022-01-15T11:17:05","slug":"ankara","status":"publish","type":"page","link":"https:\/\/myvize.com.tr\/mikronezya\/subelerimiz\/ankara\/","title":{"rendered":"Ankara"},"content":{"rendered":"\n<h2 class=\"wp-block-heading\"><strong>Mikronezya Vize Ba\u015fvuru Merkezi, Ankara<\/strong><\/h2>\n","protected":false},"excerpt":{"rendered":"<p>Mikronezya Vize Ba\u015fvuru Merkezi, Ankara<\/p>\n","protected":false},"author":1,"featured_media":0,"parent":147,"menu_order":0,"comment_status":"closed","ping_status":"closed","template":"","meta":{"footnotes":""},"class_list":["post-170","page","type-page","status-publish","hentry"],"yoast_head":"<!-- This site is optimized with the Yoast SEO plugin v24.0 - https:\/\/yoast.com\/wordpress\/plugins\/seo\/ -->\n<title>Mikronezya Vize Ba\u015fvuru \u015eubesi Ankara - MyVize<\/title>\n<meta name=\"description\" content=\"Mikronezya Vizesi Ankara Vize Ba\u015fvuru Merkezi. Mikronezya Vizesi Nas\u0131l Al\u0131n\u0131r? Ba\u015fvuru Yapmak \u0130\u00e7in Ankara \u015eubemizi Aray\u0131n: 0850 346 84 93\" \/>\n<meta name=\"robots\" content=\"index, follow, max-snippet:-1, max-image-preview:large, max-video-preview:-1\" \/>\n<link rel=\"canonical\" href=\"https:\/\/myvize.com.tr\/mikronezya\/subelerimiz\/ankara\/\" \/>\n<meta property=\"og:locale\" content=\"tr_TR\" \/>\n<meta property=\"og:type\" content=\"article\" \/>\n<meta property=\"og:title\" content=\"Mikronezya Vize Ba\u015fvuru \u015eubesi Ankara - MyVize\" \/>\n<meta property=\"og:description\" content=\"Mikronezya Vizesi Ankara Vize Ba\u015fvuru Merkezi. Mikronezya Vizesi Nas\u0131l Al\u0131n\u0131r? Ba\u015fvuru Yapmak \u0130\u00e7in Ankara \u015eubemizi Aray\u0131n: 0850 346 84 93\" \/>\n<meta property=\"og:url\" content=\"https:\/\/myvize.com.tr\/mikronezya\/subelerimiz\/ankara\/\" \/>\n<meta property=\"og:site_name\" content=\"Mikronezya Vizesi\" \/>\n<meta property=\"article:modified_time\" content=\"2022-01-15T11:17:05+00:00\" \/>\n<meta name=\"twitter:card\" content=\"summary_large_image\" \/>\n<meta name=\"twitter:label1\" content=\"Tahmini okuma s\u00fcresi\" \/>\n\t<meta name=\"twitter:data1\" content=\"1 dakika\" \/>\n<script type=\"application\/ld+json\" class=\"yoast-schema-graph\">{\"@context\":\"https:\/\/schema.org\",\"@graph\":[{\"@type\":\"WebPage\",\"@id\":\"https:\/\/myvize.com.tr\/mikronezya\/subelerimiz\/ankara\/\",\"url\":\"https:\/\/myvize.com.tr\/mikronezya\/subelerimiz\/ankara\/\",\"name\":\"Mikronezya Vize Ba\u015fvuru \u015eubesi Ankara - MyVize\",\"isPartOf\":{\"@id\":\"https:\/\/myvize.com.tr\/mikronezya\/#website\"},\"datePublished\":\"2021-01-15T13:16:34+00:00\",\"dateModified\":\"2022-01-15T11:17:05+00:00\",\"description\":\"Mikronezya Vizesi Ankara Vize Ba\u015fvuru Merkezi. Mikronezya Vizesi Nas\u0131l Al\u0131n\u0131r? Ba\u015fvuru Yapmak \u0130\u00e7in Ankara \u015eubemizi Aray\u0131n: 0850 346 84 93\",\"breadcrumb\":{\"@id\":\"https:\/\/myvize.com.tr\/mikronezya\/subelerimiz\/ankara\/#breadcrumb\"},\"inLanguage\":\"tr\",\"potentialAction\":[{\"@type\":\"ReadAction\",\"target\":[\"https:\/\/myvize.com.tr\/mikronezya\/subelerimiz\/ankara\/\"]}]},{\"@type\":\"BreadcrumbList\",\"@id\":\"https:\/\/myvize.com.tr\/mikronezya\/subelerimiz\/ankara\/#breadcrumb\",\"itemListElement\":[{\"@type\":\"ListItem\",\"position\":1,\"name\":\"Anasayfa\",\"item\":\"https:\/\/myvize.com.tr\/mikronezya\/\"},{\"@type\":\"ListItem\",\"position\":2,\"name\":\"\u015eUBELER\u0130M\u0130Z\",\"item\":\"https:\/\/myvize.com.tr\/mikronezya\/subelerimiz\/\"},{\"@type\":\"ListItem\",\"position\":3,\"name\":\"Ankara\"}]},{\"@type\":\"WebSite\",\"@id\":\"https:\/\/myvize.com.tr\/mikronezya\/#website\",\"url\":\"https:\/\/myvize.com.tr\/mikronezya\/\",\"name\":\"Mikronezya Vizesi\",\"description\":\"\",\"potentialAction\":[{\"@type\":\"SearchAction\",\"target\":{\"@type\":\"EntryPoint\",\"urlTemplate\":\"https:\/\/myvize.com.tr\/mikronezya\/?s={search_term_string}\"},\"query-input\":{\"@type\":\"PropertyValueSpecification\",\"valueRequired\":true,\"valueName\":\"search_term_string\"}}],\"inLanguage\":\"tr\"}]}<\/script>\n<!-- \/ Yoast SEO plugin. -->","yoast_head_json":{"title":"Mikronezya Vize Ba\u015fvuru \u015eubesi Ankara - MyVize","description":"Mikronezya Vizesi Ankara Vize Ba\u015fvuru Merkezi. Mikronezya Vizesi Nas\u0131l Al\u0131n\u0131r? Ba\u015fvuru Yapmak \u0130\u00e7in Ankara \u015eubemizi Aray\u0131n: 0850 346 84 93","robots":{"index":"index","follow":"follow","max-snippet":"max-snippet:-1","max-image-preview":"max-image-preview:large","max-video-preview":"max-video-preview:-1"},"canonical":"https:\/\/myvize.com.tr\/mikronezya\/subelerimiz\/ankara\/","og_locale":"tr_TR","og_type":"article","og_title":"Mikronezya Vize Ba\u015fvuru \u015eubesi Ankara - MyVize","og_description":"Mikronezya Vizesi Ankara Vize Ba\u015fvuru Merkezi. Mikronezya Vizesi Nas\u0131l Al\u0131n\u0131r? Ba\u015fvuru Yapmak \u0130\u00e7in Ankara \u015eubemizi Aray\u0131n: 0850 346 84 93","og_url":"https:\/\/myvize.com.tr\/mikronezya\/subelerimiz\/ankara\/","og_site_name":"Mikronezya Vizesi","article_modified_time":"2022-01-15T11:17:05+00:00","twitter_card":"summary_large_image","twitter_misc":{"Tahmini okuma s\u00fcresi":"1 dakika"},"schema":{"@context":"https:\/\/schema.org","@graph":[{"@type":"WebPage","@id":"https:\/\/myvize.com.tr\/mikronezya\/subelerimiz\/ankara\/","url":"https:\/\/myvize.com.tr\/mikronezya\/subelerimiz\/ankara\/","name":"Mikronezya Vize Ba\u015fvuru \u015eubesi Ankara - MyVize","isPartOf":{"@id":"https:\/\/myvize.com.tr\/mikronezya\/#website"},"datePublished":"2021-01-15T13:16:34+00:00","dateModified":"2022-01-15T11:17:05+00:00","description":"Mikronezya Vizesi Ankara Vize Ba\u015fvuru Merkezi. Mikronezya Vizesi Nas\u0131l Al\u0131n\u0131r? Ba\u015fvuru Yapmak \u0130\u00e7in Ankara \u015eubemizi Aray\u0131n: 0850 346 84 93","breadcrumb":{"@id":"https:\/\/myvize.com.tr\/mikronezya\/subelerimiz\/ankara\/#breadcrumb"},"inLanguage":"tr","potentialAction":[{"@type":"ReadAction","target":["https:\/\/myvize.com.tr\/mikronezya\/subelerimiz\/ankara\/"]}]},{"@type":"BreadcrumbList","@id":"https:\/\/myvize.com.tr\/mikronezya\/subelerimiz\/ankara\/#breadcrumb","itemListElement":[{"@type":"ListItem","position":1,"name":"Anasayfa","item":"https:\/\/myvize.com.tr\/mikronezya\/"},{"@type":"ListItem","position":2,"name":"\u015eUBELER\u0130M\u0130Z","item":"https:\/\/myvize.com.tr\/mikronezya\/subelerimiz\/"},{"@type":"ListItem","position":3,"name":"Ankara"}]},{"@type":"WebSite","@id":"https:\/\/myvize.com.tr\/mikronezya\/#website","url":"https:\/\/myvize.com.tr\/mikronezya\/","name":"Mikronezya Vizesi","description":"","potentialAction":[{"@type":"SearchAction","target":{"@type":"EntryPoint","urlTemplate":"https:\/\/myvize.com.tr\/mikronezya\/?s={search_term_string}"},"query-input":{"@type":"PropertyValueSpecification","valueRequired":true,"valueName":"search_term_string"}}],"inLanguage":"tr"}]}},"_links":{"self":[{"href":"https:\/\/myvize.com.tr\/mikronezya\/wp-json\/wp\/v2\/pages\/170","targetHints":{"allow":["GET"]}}],"collection":[{"href":"https:\/\/myvize.com.tr\/mikronezya\/wp-json\/wp\/v2\/pages"}],"about":[{"href":"https:\/\/myvize.com.tr\/mikronezya\/wp-json\/wp\/v2\/types\/page"}],"author":[{"embeddable":true,"href":"https:\/\/myvize.com.tr\/mikronezya\/wp-json\/wp\/v2\/users\/1"}],"replies":[{"embeddable":true,"href":"https:\/\/myvize.com.tr\/mikronezya\/wp-json\/wp\/v2\/comments?post=170"}],"version-history":[{"count":5,"href":"https:\/\/myvize.com.tr\/mikronezya\/wp-json\/wp\/v2\/pages\/170\/revisions"}],"predecessor-version":[{"id":410,"href":"https:\/\/myvize.com.tr\/mikronezya\/wp-json\/wp\/v2\/pages\/170\/revisions\/410"}],"up":[{"embeddable":true,"href":"https:\/\/myvize.com.tr\/mikronezya\/wp-json\/wp\/v2\/pages\/147"}],"wp:attachment":[{"href":"https:\/\/myvize.com.tr\/mikronezya\/wp-json\/wp\/v2\/media?parent=170"}],"curies":[{"name":"wp","href":"https:\/\/api.w.org\/{rel}","templated":true}]}}