{"id":94,"date":"2020-11-30T13:07:41","date_gmt":"2020-11-30T10:07:41","guid":{"rendered":"http:\/\/myvize.com.tr\/meksika\/?page_id=94"},"modified":"2022-05-12T16:33:41","modified_gmt":"2022-05-12T13:33:41","slug":"baskonsolosluk-bolumleri","status":"publish","type":"page","link":"https:\/\/myvize.com.tr\/meksika\/konsolosluklar\/baskonsolosluk-bolumleri\/","title":{"rendered":"Meksika Ba\u015fkonsolosluk B\u00f6l\u00fcmleri"},"content":{"rendered":"<h2><span style=\"font-family: Roboto; font-size: 27px;\"><strong>Meksika Ba\u015fkonsolosluk B\u00f6l\u00fcmleri ile \u0130lgili<\/strong><\/span><\/h2>\n<p><span style=\"font-family: Roboto; font-size: 14px;\"><strong>Meksika\u2019ya seyahat<\/strong> yapacak T\u00fcrkiye Cumhuriyet Umuma mahsus pasaporta sahip vatanda\u015flar\u0131n <strong>Meksika Devleti vize<\/strong> uygulamaktad\u0131r; Diplomatik, hizmet ve husus pasaport hamili ise 180 g\u00fcn i\u00e7inde 90 g\u00fcn\u00fc a\u015fmama ko\u015fuluyla, Meksika seyahatinde vizeden muaf tutmaktad\u0131r. Meksika&#8217;ya seyahat edecek ki\u015fi kendisini kapsayan vize t\u00fcr\u00fcne ba\u015fvuruda bulunmas\u0131 gerekir. Yapaca\u011f\u0131 ba\u015fvuruda Meksika ba\u015fkonsoloslu\u011fun gerekli b\u00f6l\u00fcm\u00fcnde yapmas\u0131 gerekmektedir. Bu b\u00f6l\u00fcmler \u015f\u00f6yledir:<\/span><\/p>\n<ul>\n<li><span style=\"font-family: Roboto; font-size: 14px;\"><strong>Meksika Ba\u015fkonsoloslu\u011fu<\/strong> Hukuk ve Konsolosluk \u0130\u015fleri B\u00f6l\u00fcm\u00fc.<\/span><\/li>\n<li><span style=\"font-family: Roboto; font-size: 14px;\">Meksika Ba\u015fkonsoloslu\u011fu Ekonomi ve Ekonomik \u0130li\u015fkiler B\u00f6l\u00fcm\u00fc. Meksika Ba\u015fkonsoloslu\u011fu Bas\u0131n B\u00f6l\u00fcm\u00fc.<\/span><\/li>\n<li><span style=\"font-family: Roboto; font-size: 14px;\">Meksika Ba\u015fkonsoloslu\u011fu K\u00fclt\u00fcr B\u00f6l\u00fcm\u00fc.<\/span><\/li>\n<li><span style=\"font-family: Roboto; font-size: 14px;\">Meksika Ba\u015fkonsoloslu\u011fu Protokol B\u00f6l\u00fcm\u00fc.<\/span><\/li>\n<li><span style=\"font-family: Roboto; font-size: 14px;\">Meksika Ba\u015fkonsoloslu\u011fu \u0130dari B\u00f6l\u00fcm.<\/span><\/li>\n<\/ul>\n<p><span style=\"font-family: Roboto; font-size: 14px;\">Meksika\u2019ya k\u0131sa s\u00fcreli seyahat etmek isteyen ki\u015fi, <span style=\"color: #2acec2;\"><strong><a style=\"color: #2acec2;\" href=\"https:\/\/myvize.com.tr\/meksika\/vize-islemleri\/meksika-vizesi\/\" target=\"_blank\" rel=\"noopener\">Meksika vizesi <\/a><\/strong><\/span>ba\u015fvurusunu kabul etmek, de\u011ferlendirme ve onaylama yetkili kurum Meksika Konsoloslu\u011fudur.<\/span><br \/>\n<span style=\"font-family: Roboto; font-size: 14px;\">K\u0131sa s\u00fcreli seyahat i\u00e7in<span style=\"color: #2acec2;\"><strong><a style=\"color: #2acec2;\" href=\"https:\/\/myvize.com.tr\/meksika\/vize-islemleri\/meksika-turistik-vize\/\" target=\"_blank\" rel=\"noopener\"> Meksika turistik vize<\/a><\/strong><\/span>, Meksika ticari vize ve Meksika aile ziyaret vize i\u015flemi ba\u015fvurusu, yetkilendirmi\u015f. Vize ba\u015fvuru merkezi ve Meksika Konsoloslu\u011fu taraf\u0131ndan akredite edilmi\u015f seyahat acentesi \u00fczerinde yap\u0131lmaktad\u0131r. Meksika Devleti, Meksika seyahat edecek T\u00fcrkiye Cumhuriyeti vatanda\u015f\u0131n\u0131 Meksika vize prosed\u00fcr\u00fc tabii tutmaktad\u0131r. Sadece T\u00fcrkiye Cumhuriyeti diplomat pasaport sahibi Meksika vizesinden muaft\u0131r.<\/span><\/p>\n<h2><span style=\"font-family: Roboto; font-size: 27px;\"><strong>Meksika Ba\u015fkonsolosluk B\u00f6l\u00fcmleri Hakk\u0131nda<\/strong><\/span><\/h2>\n<p><span style=\"font-family: Roboto; font-size: 14px;\">Konsolosluklar \u00fclkeler aras\u0131nda ger\u00e7ekle\u015fecek olan resmi diplomatik ili\u015fkilerden sorumludur. Her \u00fclkenin kendine ait bir konsoloslu\u011fu vard\u0131r ve her \u00fclke s\u0131n\u0131rlar\u0131 d\u0131\u015f\u0131nda bulunan \u00fclkelerde a\u00e7acaklar\u0131 konsolosluklar ile kendi vatanda\u015flar\u0131na diplomatik anlamda destek sunmay\u0131 ama\u00e7lar. Konsolosluklar\u0131n ba\u011fl\u0131 oldu\u011fu ana kurum ba\u015fkonsolosluklard\u0131r ve ba\u015fkonsolosluklar\u0131n g\u00f6rev alanlar\u0131 olduk\u00e7a \u00e7e\u015fitlidir.\u00a0<strong>Ba\u015fkonsolosluk b\u00f6l\u00fcmleri<\/strong>\u00a0i\u00e7erisinde yer alan ba\u015fl\u0131ca alanlar; sekreterlik, y\u00f6netim, ticaret, vize, vatanda\u015fl\u0131k vb. \u015feklinde s\u0131ralanabilir. Her b\u00f6l\u00fcm temelde kendi \u00fclke vatanda\u015f\u0131na ihtiyac\u0131 olan en iyi hizmeti sunmay\u0131 ama\u00e7lar. Bu do\u011frultuda vatanda\u015flar vatanda\u015f\u0131 oldu\u011fu \u00fclkenin konsoloslu\u011fu ile ileti\u015fime ge\u00e7erek ya\u015fad\u0131klar\u0131 \u00fclkelerde de kendilerini her konuda rahat ve g\u00fcvende hissedebilirler.<\/span><\/p>\n<p><span style=\"font-family: Roboto; font-size: 14px;\">Konsolosluklar, vize ba\u015fta olmak \u00fczere bir\u00e7ok resmi ve diplomatik konuda yetki sahibi olan resm\u00ee kurumlard\u0131r. Vatanda\u015flar kendi \u00fclke s\u0131n\u0131rlar\u0131n\u0131n d\u0131\u015f\u0131nda ikamet ettikleri durumlarda her t\u00fcrl\u00fc resmi evrak ve belge i\u015flemlerini konsolosluklar arac\u0131l\u0131\u011f\u0131 ile ger\u00e7ekle\u015ftirebilirler. \u00a0<\/span><span style=\"font-family: Roboto; font-size: 14px;\">Konsolosluklar\u0131n bir di\u011fer g\u00f6revi ise bulunduklar\u0131 \u00fclke ile kendi \u00fclkeleri aras\u0131nda ticari, politik, sosyal ve k\u00fclt\u00fcrel ili\u015fkilerin korunmas\u0131d\u0131r. Bu amaca y\u00f6nelik olarak da iki \u00fclke s\u00fcrekli olarak ileti\u015fimdedir ve temelde bu ileti\u015fim ba\u011flar\u0131n\u0131n g\u00fc\u00e7lendirilmesi esast\u0131r.<\/span><\/p>\n<h2><strong><span style=\"font-family: Roboto; font-size: 27px;\">B\u00f6l\u00fcmlerine G\u00f6re Meksika Ba\u015fkonsoloslu\u011fu<\/span><\/strong><\/h2>\n<p><span style=\"font-family: Roboto; font-size: 14px;\"><strong>Meksika Konsoloslu\u011fu<\/strong> i\u015flemleri h\u0131zland\u0131rmak i\u00e7in \u00e7e\u015fitli b\u00f6l\u00fcmlerden olu\u015fmaktad\u0131r. Meksika Konsoloslu\u011fu\u2019nda i\u015flem yapacak olan ki\u015filer i\u015flemlerini ilgili Ba\u015fkonsolosluk b\u00f6l\u00fcmlerine yapabilmektedir. Bu yaz\u0131da Meksika Ba\u015fkonsoloslu\u011fu\u2019nda i\u015flem yapacak olan ki\u015filer i\u00e7in b\u00f6l\u00fcmlerine g\u00f6re <strong>Meksika Ba\u015fkonsoloslu\u011fu<\/strong> hakk\u0131nda bilgi verilmi\u015ftir.<\/span><\/p>\n<ul>\n<li><span style=\"font-family: Roboto; font-size: 14px;\"><strong>Ekonomi B\u00f6l\u00fcm\u00fc:\u00a0<\/strong>Meksika ile T\u00fcrkiye aras\u0131ndaki ticari ve ekonomik i\u015fbirlikleri ile ilgilenmektedir. T\u00fcrkiye ile Meksika aras\u0131nda yeni yat\u0131r\u0131m ve ticari i\u015fbirliklerinin ortaya \u00e7\u0131kar\u0131lmas\u0131n\u0131 ama\u00e7lamaktad\u0131r.<\/span><\/li>\n<li><span style=\"font-family: Roboto; font-size: 14px;\"><strong>Konsolosluk B\u00f6l\u00fcm\u00fc:\u00a0<\/strong>Meksika vatanda\u015flar\u0131na T\u00fcrkiye\u2019de konsolosluk himayesi sa\u011flamaktad\u0131r. Meksika vatanda\u015flar\u0131n\u0131n sorunlar\u0131 ile ilgilenmektedir.<\/span><\/li>\n<li><span style=\"font-family: Roboto; font-size: 14px;\"><strong>Vize B\u00f6l\u00fcm\u00fc:\u00a0<\/strong>Meksika\u2019ya seyahat edecek olan ki\u015filere seyahatlerini ger\u00e7ekle\u015ftirebilmesi i\u00e7in vize hizmeti vermektedir. Meksika seyahatleri i\u00e7in vize ba\u015fvurusu bu b\u00f6l\u00fcme yap\u0131labilir.<\/span><\/li>\n<li><span style=\"font-family: Roboto; font-size: 14px;\"><strong>K\u00fclt\u00fcr B\u00f6l\u00fcm\u00fc:\u00a0<\/strong>Meksika k\u00fclt\u00fcr\u00fcn\u00fcn T\u00fcrkiye\u2019de tan\u0131t\u0131lmas\u0131na \u00f6nc\u00fcl\u00fck etmektedir. T\u00fcrkiye\u2019de bulunan kurumlar ile Meksika aras\u0131nda koordinasyon sa\u011flamaktad\u0131r.<\/span><\/li>\n<li><span style=\"font-family: Roboto; font-size: 14px;\"><strong>Bas\u0131n B\u00f6l\u00fcm\u00fc:\u00a0<\/strong>Meksika\u2019da al\u0131nan kararlar hakk\u0131nda T\u00fcrkiye g\u00fcndemini bilgilendirmektedir. <strong>Meksika Ba\u015fkonsoloslu\u011fu<\/strong> ad\u0131na bas\u0131n a\u00e7\u0131klamas\u0131 yapmaktad\u0131r.<\/span><\/li>\n<\/ul>\n<h3><span style=\"font-size: 24px;\"><strong><span style=\"font-family: Roboto;\">Meksika Ba\u015fkonsoloslu\u011fu Vize B\u00f6l\u00fcm\u00fc<\/span><\/strong><\/span><\/h3>\n<p><span style=\"font-family: Roboto; font-size: 14px;\"><strong>Meksika\u2019ya seyahat edecek<\/strong> olan ki\u015filer Meksika seyahatlerini ger\u00e7ekle\u015ftirebilmek i\u00e7in<strong> Meksika vizesi<\/strong> almal\u0131d\u0131r. Meksika vizesi alacak olan ki\u015filer, Meksika vize ba\u015fvurusunu Meksika Ba\u015fkonsoloslu\u011fu\u2019na yapabilir. Meksika Ba\u015fkonsoloslu\u011fu\u2019na vize ba\u015fvurusu yapacak olan ki\u015filerin ba\u015fvuruda bulunmas\u0131 gereken ilgili b\u00f6l\u00fcm vize b\u00f6l\u00fcm\u00fcd\u00fcr. <strong>Meksika vizesi<\/strong> alacak olan ki\u015filer i\u00e7in bu yaz\u0131da Meksika Ba\u015fkonsoloslu\u011fu vize b\u00f6l\u00fcm\u00fc hakk\u0131nda bilgi verilmi\u015ftir.<\/span><\/p>\n<p><span style=\"font-family: Roboto; font-size: 14px;\"><strong>Meksika vizesi<\/strong> alacak olan ki\u015filer, Meksika seyahatleri i\u00e7in vize t\u00fcr\u00fcn\u00fc belirlemelidir. Vize t\u00fcr\u00fcn\u00fc belirleyen ki\u015filer i\u015flemlerini vize b\u00f6l\u00fcm\u00fcne yapabilmek i\u00e7in randevu almal\u0131d\u0131r. Randevu tarihine kadar Meksika vizesi i\u00e7in gerekli olan evraklar\u0131 eksiksiz olarak haz\u0131rlamal\u0131d\u0131r. Haz\u0131rlanan evraklar randevu tarihinde <strong>Meksika Ba\u015fkonsoloslu\u011fu<\/strong> yetkililerine teslim edilmelidir.<\/span><\/p>\n<p><span style=\"font-family: Roboto; font-size: 14px;\">Meksika\u2019ya seyahat edecek olan ki\u015filerin vize muafiyeti bulunmuyorsa Meksika seyahatleri i\u00e7in vize almal\u0131d\u0131r. Meksika vizesi alacak olan ki\u015filer, vize i\u015flemlerini <strong>Meksika Ba\u015fkonsoloslu\u011fu<\/strong> vize b\u00f6l\u00fcm\u00fcne yapmal\u0131d\u0131r. \u0130\u015flem yapacak olan ki\u015filer Meksika Ba\u015fkonsoloslu\u011fu ile ileti\u015fime ge\u00e7erek bilgi alabilir.<\/span><\/p>\n<h3><strong><span style=\"font-family: Roboto; font-size: 24px;\">Meksika Ba\u015fkonsoloslu\u011fu Randevu B\u00f6l\u00fcm\u00fc<\/span><\/strong><\/h3>\n<p><span style=\"font-family: Roboto; font-size: 14px;\">Meksika Ba\u015fkonsoloslu\u011fu\u2019nda i\u015flem yapacak olan ki\u015filer, Meksika Ba\u015fkonsoloslu\u011fu i\u015flemleri i\u00e7in randevu almal\u0131d\u0131r. Meksika Ba\u015fkonsoloslu\u011fu randevusu alacak olan ki\u015filer, <strong>Meksika Ba\u015fkonsoloslu\u011fu<\/strong> randevu i\u015flemlerini randevu b\u00f6l\u00fcm\u00fc ile yapabilir. Bu yaz\u0131da Meksika Ba\u015fkonsoloslu\u011fu randevu b\u00f6l\u00fcm\u00fc hakk\u0131nda bilgi verilmi\u015ftir.<\/span><\/p>\n<p><span style=\"font-family: Roboto; font-size: 14px;\">Meksika Ba\u015fkonsoloslu\u011fu\u2019nda i\u015flem yapacak olan ki\u015filer, <strong>Meksika Ba\u015fkonsoloslu\u011fu<\/strong> ile ileti\u015fime ge\u00e7erek randevusunu alabilir. Meksika Konsoloslu\u011fu\u2019ndan randevu alan ki\u015filer, randevu tarihini ka\u00e7\u0131rmamaya \u00f6zen g\u00f6stermelidir. Randevu tarihini ka\u00e7\u0131ran ki\u015filerin i\u015flemleri yap\u0131lmayabilir.<\/span><\/p>\n<p><span style=\"font-family: Roboto; font-size: 14px;\">Meksika Ba\u015fkonsoloslu\u011fu\u2019nda i\u015flem yapabilmek i\u00e7in randevu al\u0131nmas\u0131 zorunludur. Randevu tarihinde Meksika Ba\u015fkonsoloslu\u011fu\u2019nda yap\u0131lacak olan i\u015flemler i\u00e7in gerekli olan evraklar haz\u0131rlanmal\u0131d\u0131r. Haz\u0131rlanan evraklar randevu tarihinde Meksika Ba\u015fkonsoloslu\u011fu yetkililerine teslim edilerek i\u015flem yap\u0131labilir.<\/span><\/p>\n<p><span style=\"font-family: Roboto; font-size: 14px;\">Meksika Ba\u015fkonsoloslu\u011fu\u2019nda yap\u0131lacak vize ba\u015fvurular\u0131 ya da Meksika vatanda\u015flar\u0131n\u0131n konsolosluk i\u015flemleri i\u00e7in randevu al\u0131nmas\u0131 gerekmektedir. Ancak baz\u0131 durumlarda randevusuz i\u015flem yap\u0131labilir. Bunun i\u00e7in bilgi almak isteyen ki\u015filer <strong>Meksika Ba\u015fkonsoloslu\u011fu randevu b\u00f6l\u00fcm\u00fc<\/strong> ile ileti\u015fime ge\u00e7ebilir.<\/span><\/p>\n<h3><strong><span style=\"font-family: Roboto; font-size: 24px;\">Meksika Ba\u015fkonsoloslu\u011fu Pasaport B\u00f6l\u00fcm\u00fc<\/span><\/strong><\/h3>\n<p><span style=\"font-family: Roboto; font-size: 14px;\"><strong>Meksika pasaport i\u015flemi<\/strong> yapacak olan ki\u015filer, i\u015flemlerini Meksika Ba\u015fkonsoloslu\u011fu\u2019na yapabilir. Meksika Ba\u015fkonsoloslu\u011fu\u2019nda pasaport i\u015flemi yapacak olan ki\u015filerin i\u015flem yapmas\u0131 gereken ilgili b\u00f6l\u00fcm ise <strong>Meksika Ba\u015fkonsoloslu\u011fu<\/strong> pasaport b\u00f6l\u00fcm\u00fcd\u00fcr. Meksika Ba\u015fkonsoloslu\u011fu pasaport b\u00f6l\u00fcm\u00fcnde i\u015flem yapacak olan ki\u015filer i\u00e7in bu yaz\u0131da bilgi verilmi\u015ftir.<\/span><\/p>\n<p><span style=\"font-family: Roboto; font-size: 14px;\">Meksika Ba\u015fkonsoloslu\u011fu\u2019nda pasaport i\u015flemi yapacak olan ki\u015filer, gerekli olan pasaport i\u015flem evraklar\u0131n\u0131 eksiksiz olarak haz\u0131rlamal\u0131d\u0131r. Evraklar\u0131n\u0131 haz\u0131rlayan ki\u015filer Meksika Ba\u015fkonsoloslu\u011fu pasaport b\u00f6l\u00fcm\u00fcnden randevu almal\u0131d\u0131r. Randevu tarihinde bu evraklar <strong>Meksika Ba\u015fkonsoloslu\u011fu<\/strong> pasaport b\u00f6l\u00fcm\u00fc yetkililerine teslim edilmelidir.<\/span><\/p>\n<p><span style=\"font-family: Roboto; font-size: 14px;\">Meksika Ba\u015fkonsoloslu\u011fu\u2019nda pasaport i\u015flemi yapacak olan ki\u015filer, a\u015fa\u011f\u0131daki i\u015flemleri yapabilmektedir.<\/span><\/p>\n<ul>\n<li><span style=\"font-family: Roboto; font-size: 14px;\">Meksika Ba\u015fkonsoloslu\u011fu\u2019nda Meksika pasaportunu kaybetmi\u015f olan ki\u015filer, Meksika pasaport \u00e7\u0131karma i\u015flemini yapabilmektedir.<\/span><\/li>\n<li><span style=\"font-family: Roboto; font-size: 14px;\">Meksika pasaportu s\u00fcresi dolmu\u015f ki\u015filer i\u00e7in pasaport yenileme i\u015flemi yap\u0131labilir.<\/span><\/li>\n<li><span style=\"font-family: Roboto; font-size: 14px;\">Meksika pasaportu y\u0131pranm\u0131\u015f olan ki\u015filerin pasaport yenileme i\u015flemi yap\u0131labilir.<\/span><\/li>\n<li><span style=\"font-family: Roboto; font-size: 14px;\">Meksika vatanda\u015fl\u0131\u011f\u0131na hak kazanm\u0131\u015f olan ki\u015filerin pasaport \u00e7\u0131karma i\u015flemi yap\u0131labilir.<\/span><\/li>\n<li><span style=\"font-family: Roboto; font-size: 14px;\"><span style=\"color: #2acec2;\"><strong><a style=\"color: #2acec2;\" href=\"https:\/\/myvize.com.tr\/meksika\/meksika-vize-basvurusu\/\" target=\"_blank\" rel=\"noopener\">Meksika vize ba\u015fvurusu<\/a><\/strong><\/span> yapm\u0131\u015f olan ki\u015filerin pasaport i\u015flemleri yap\u0131labilir.<\/span><\/li>\n<\/ul>\n","protected":false},"excerpt":{"rendered":"<p>Meksika Ba\u015fkonsolosluk B\u00f6l\u00fcmleri ile \u0130lgili Meksika\u2019ya seyahat yapacak T\u00fcrkiye Cumhuriyet Umuma mahsus pasaporta sahip vatanda\u015flar\u0131n Meksika Devleti vize uygulamaktad\u0131r; Diplomatik, hizmet ve husus pasaport hamili ise 180 g\u00fcn i\u00e7inde 90 g\u00fcn\u00fc a\u015fmama ko\u015fuluyla, Meksika seyahatinde vizeden muaf tutmaktad\u0131r. Meksika&#8217;ya seyahat edecek ki\u015fi kendisini kapsayan vize t\u00fcr\u00fcne ba\u015fvuruda bulunmas\u0131 gerekir. Yapaca\u011f\u0131 ba\u015fvuruda Meksika ba\u015fkonsoloslu\u011fun gerekli b\u00f6l\u00fcm\u00fcnde<\/p>\n","protected":false},"author":1,"featured_media":0,"parent":69,"menu_order":0,"comment_status":"closed","ping_status":"closed","template":"","meta":{"footnotes":""},"class_list":["post-94","page","type-page","status-publish","hentry"],"yoast_head":"<!-- This site is optimized with the Yoast SEO plugin v24.0 - https:\/\/yoast.com\/wordpress\/plugins\/seo\/ -->\n<title>Meksika Ba\u015fkonsolosluk B\u00f6l\u00fcmleri - MyVize<\/title>\n<meta name=\"description\" content=\"Meksika ba\u015fkonsoloslu\u011fu b\u00f6l\u00fcmleri g\u00f6rev alanlar\u0131 ve mesai saatleri. Meksika ba\u015fkonsoloslu\u011fu b\u00f6l\u00fcmleri ileti\u015fim bilgileri.\" \/>\n<meta name=\"robots\" content=\"index, follow, max-snippet:-1, max-image-preview:large, max-video-preview:-1\" \/>\n<link rel=\"canonical\" href=\"https:\/\/myvize.com.tr\/meksika\/konsolosluklar\/baskonsolosluk-bolumleri\/\" \/>\n<meta property=\"og:locale\" content=\"tr_TR\" \/>\n<meta property=\"og:type\" content=\"article\" \/>\n<meta property=\"og:title\" content=\"Meksika Ba\u015fkonsolosluk B\u00f6l\u00fcmleri - MyVize\" \/>\n<meta property=\"og:description\" content=\"Meksika ba\u015fkonsoloslu\u011fu b\u00f6l\u00fcmleri g\u00f6rev alanlar\u0131 ve mesai saatleri. Meksika ba\u015fkonsoloslu\u011fu b\u00f6l\u00fcmleri ileti\u015fim bilgileri.\" \/>\n<meta property=\"og:url\" content=\"https:\/\/myvize.com.tr\/meksika\/konsolosluklar\/baskonsolosluk-bolumleri\/\" \/>\n<meta property=\"og:site_name\" content=\"Meksika Vizesi\" \/>\n<meta property=\"article:modified_time\" content=\"2022-05-12T13:33:41+00:00\" \/>\n<meta name=\"twitter:card\" content=\"summary_large_image\" \/>\n<meta name=\"twitter:label1\" content=\"Tahmini okuma s\u00fcresi\" \/>\n\t<meta name=\"twitter:data1\" content=\"4 dakika\" \/>\n<script type=\"application\/ld+json\" class=\"yoast-schema-graph\">{\"@context\":\"https:\/\/schema.org\",\"@graph\":[{\"@type\":\"WebPage\",\"@id\":\"https:\/\/myvize.com.tr\/meksika\/konsolosluklar\/baskonsolosluk-bolumleri\/\",\"url\":\"https:\/\/myvize.com.tr\/meksika\/konsolosluklar\/baskonsolosluk-bolumleri\/\",\"name\":\"Meksika Ba\u015fkonsolosluk B\u00f6l\u00fcmleri - MyVize\",\"isPartOf\":{\"@id\":\"https:\/\/myvize.com.tr\/meksika\/#website\"},\"datePublished\":\"2020-11-30T10:07:41+00:00\",\"dateModified\":\"2022-05-12T13:33:41+00:00\",\"description\":\"Meksika ba\u015fkonsoloslu\u011fu b\u00f6l\u00fcmleri g\u00f6rev alanlar\u0131 ve mesai saatleri. Meksika ba\u015fkonsoloslu\u011fu b\u00f6l\u00fcmleri ileti\u015fim bilgileri.\",\"breadcrumb\":{\"@id\":\"https:\/\/myvize.com.tr\/meksika\/konsolosluklar\/baskonsolosluk-bolumleri\/#breadcrumb\"},\"inLanguage\":\"tr\",\"potentialAction\":[{\"@type\":\"ReadAction\",\"target\":[\"https:\/\/myvize.com.tr\/meksika\/konsolosluklar\/baskonsolosluk-bolumleri\/\"]}]},{\"@type\":\"BreadcrumbList\",\"@id\":\"https:\/\/myvize.com.tr\/meksika\/konsolosluklar\/baskonsolosluk-bolumleri\/#breadcrumb\",\"itemListElement\":[{\"@type\":\"ListItem\",\"position\":1,\"name\":\"Anasayfa\",\"item\":\"https:\/\/myvize.com.tr\/meksika\/\"},{\"@type\":\"ListItem\",\"position\":2,\"name\":\"KONSOLOSLUKLAR\",\"item\":\"https:\/\/myvize.com.tr\/meksika\/konsolosluklar\/\"},{\"@type\":\"ListItem\",\"position\":3,\"name\":\"Meksika Ba\u015fkonsolosluk B\u00f6l\u00fcmleri\"}]},{\"@type\":\"WebSite\",\"@id\":\"https:\/\/myvize.com.tr\/meksika\/#website\",\"url\":\"https:\/\/myvize.com.tr\/meksika\/\",\"name\":\"Meksika Vizesi\",\"description\":\"\",\"potentialAction\":[{\"@type\":\"SearchAction\",\"target\":{\"@type\":\"EntryPoint\",\"urlTemplate\":\"https:\/\/myvize.com.tr\/meksika\/?s={search_term_string}\"},\"query-input\":{\"@type\":\"PropertyValueSpecification\",\"valueRequired\":true,\"valueName\":\"search_term_string\"}}],\"inLanguage\":\"tr\"}]}<\/script>\n<!-- \/ Yoast SEO plugin. -->","yoast_head_json":{"title":"Meksika Ba\u015fkonsolosluk B\u00f6l\u00fcmleri - MyVize","description":"Meksika ba\u015fkonsoloslu\u011fu b\u00f6l\u00fcmleri g\u00f6rev alanlar\u0131 ve mesai saatleri. Meksika ba\u015fkonsoloslu\u011fu b\u00f6l\u00fcmleri ileti\u015fim bilgileri.","robots":{"index":"index","follow":"follow","max-snippet":"max-snippet:-1","max-image-preview":"max-image-preview:large","max-video-preview":"max-video-preview:-1"},"canonical":"https:\/\/myvize.com.tr\/meksika\/konsolosluklar\/baskonsolosluk-bolumleri\/","og_locale":"tr_TR","og_type":"article","og_title":"Meksika Ba\u015fkonsolosluk B\u00f6l\u00fcmleri - MyVize","og_description":"Meksika ba\u015fkonsoloslu\u011fu b\u00f6l\u00fcmleri g\u00f6rev alanlar\u0131 ve mesai saatleri. Meksika ba\u015fkonsoloslu\u011fu b\u00f6l\u00fcmleri ileti\u015fim bilgileri.","og_url":"https:\/\/myvize.com.tr\/meksika\/konsolosluklar\/baskonsolosluk-bolumleri\/","og_site_name":"Meksika Vizesi","article_modified_time":"2022-05-12T13:33:41+00:00","twitter_card":"summary_large_image","twitter_misc":{"Tahmini okuma s\u00fcresi":"4 dakika"},"schema":{"@context":"https:\/\/schema.org","@graph":[{"@type":"WebPage","@id":"https:\/\/myvize.com.tr\/meksika\/konsolosluklar\/baskonsolosluk-bolumleri\/","url":"https:\/\/myvize.com.tr\/meksika\/konsolosluklar\/baskonsolosluk-bolumleri\/","name":"Meksika Ba\u015fkonsolosluk B\u00f6l\u00fcmleri - MyVize","isPartOf":{"@id":"https:\/\/myvize.com.tr\/meksika\/#website"},"datePublished":"2020-11-30T10:07:41+00:00","dateModified":"2022-05-12T13:33:41+00:00","description":"Meksika ba\u015fkonsoloslu\u011fu b\u00f6l\u00fcmleri g\u00f6rev alanlar\u0131 ve mesai saatleri. Meksika ba\u015fkonsoloslu\u011fu b\u00f6l\u00fcmleri ileti\u015fim bilgileri.","breadcrumb":{"@id":"https:\/\/myvize.com.tr\/meksika\/konsolosluklar\/baskonsolosluk-bolumleri\/#breadcrumb"},"inLanguage":"tr","potentialAction":[{"@type":"ReadAction","target":["https:\/\/myvize.com.tr\/meksika\/konsolosluklar\/baskonsolosluk-bolumleri\/"]}]},{"@type":"BreadcrumbList","@id":"https:\/\/myvize.com.tr\/meksika\/konsolosluklar\/baskonsolosluk-bolumleri\/#breadcrumb","itemListElement":[{"@type":"ListItem","position":1,"name":"Anasayfa","item":"https:\/\/myvize.com.tr\/meksika\/"},{"@type":"ListItem","position":2,"name":"KONSOLOSLUKLAR","item":"https:\/\/myvize.com.tr\/meksika\/konsolosluklar\/"},{"@type":"ListItem","position":3,"name":"Meksika Ba\u015fkonsolosluk B\u00f6l\u00fcmleri"}]},{"@type":"WebSite","@id":"https:\/\/myvize.com.tr\/meksika\/#website","url":"https:\/\/myvize.com.tr\/meksika\/","name":"Meksika Vizesi","description":"","potentialAction":[{"@type":"SearchAction","target":{"@type":"EntryPoint","urlTemplate":"https:\/\/myvize.com.tr\/meksika\/?s={search_term_string}"},"query-input":{"@type":"PropertyValueSpecification","valueRequired":true,"valueName":"search_term_string"}}],"inLanguage":"tr"}]}},"_links":{"self":[{"href":"https:\/\/myvize.com.tr\/meksika\/wp-json\/wp\/v2\/pages\/94","targetHints":{"allow":["GET"]}}],"collection":[{"href":"https:\/\/myvize.com.tr\/meksika\/wp-json\/wp\/v2\/pages"}],"about":[{"href":"https:\/\/myvize.com.tr\/meksika\/wp-json\/wp\/v2\/types\/page"}],"author":[{"embeddable":true,"href":"https:\/\/myvize.com.tr\/meksika\/wp-json\/wp\/v2\/users\/1"}],"replies":[{"embeddable":true,"href":"https:\/\/myvize.com.tr\/meksika\/wp-json\/wp\/v2\/comments?post=94"}],"version-history":[{"count":5,"href":"https:\/\/myvize.com.tr\/meksika\/wp-json\/wp\/v2\/pages\/94\/revisions"}],"predecessor-version":[{"id":876,"href":"https:\/\/myvize.com.tr\/meksika\/wp-json\/wp\/v2\/pages\/94\/revisions\/876"}],"up":[{"embeddable":true,"href":"https:\/\/myvize.com.tr\/meksika\/wp-json\/wp\/v2\/pages\/69"}],"wp:attachment":[{"href":"https:\/\/myvize.com.tr\/meksika\/wp-json\/wp\/v2\/media?parent=94"}],"curies":[{"name":"wp","href":"https:\/\/api.w.org\/{rel}","templated":true}]}}