{"id":92,"date":"2020-11-30T13:07:02","date_gmt":"2020-11-30T10:07:02","guid":{"rendered":"http:\/\/myvize.com.tr\/meksika\/?page_id=92"},"modified":"2022-05-12T16:32:13","modified_gmt":"2022-05-12T13:32:13","slug":"meksika-konsolosluk-islemleri","status":"publish","type":"page","link":"https:\/\/myvize.com.tr\/meksika\/konsolosluklar\/meksika-konsolosluk-islemleri\/","title":{"rendered":"Meksika Konsolosluk \u0130\u015flemleri"},"content":{"rendered":"<h2><span style=\"font-family: Roboto; font-size: 27px;\"><strong>Meksika Konsolosluk \u0130\u015flemleri Hakk\u0131nda<\/strong><\/span><\/h2>\n<p><span style=\"font-family: Roboto; font-size: 14px;\"><strong>Meksika Devleti<\/strong>, Meksika seyahat edecek T\u00fcrkiye Cumhuriyeti vatanda\u015f\u0131n\u0131 Meksika vize prosed\u00fcr\u00fc tabii tutmaktad\u0131r. Sadece T\u00fcrkiye Cumhuriyeti diplomat pasaport sahibi Meksika vizesinden muaft\u0131r.<\/span><br \/>\n<span style=\"font-family: Roboto; font-size: 14px;\">Ancak Meksika Devleti 17 Aral\u0131k 2013 tarihinde itibaren ge\u00e7erlilik soktu\u011fu Elektronik Onay sistem sayesinde Meksika\u2019ya turistik, i\u015f, gazetecilik ve transit ge\u00e7i\u015fi gibi nedenlerle ziyaret etmek isteyen T\u00fcrkiye Cumhuriyeti vatanda\u015f\u0131n\u0131n, Meksika\u2019ya Hava yolu ve seyahat etmesi \u015fart\u0131yla, 30 g\u00fcn ge\u00e7erlilik olan tek giri\u015f <strong>vize ba\u015fvurusu<\/strong> online olarak yapabilmesine olanak tan\u0131maktad\u0131r<a href=\"https:\/\/myvize.com.tr\/meksika\/konsolosluklar\/ankara-buyukelciligi\/\" target=\"_blank\" rel=\"noopener\"><strong><span style=\"color: #2acec2;\">. Meksika Ankara B\u00fcy\u00fckel\u00e7ili\u011fi <\/span><\/strong><\/a>veya Meksika \u0130stanbul Ba\u015fkonsoloslu\u011fu Meksika vize ba\u015fvurusu yapmak gerekmektedir.<\/span><br \/>\n<span style=\"font-family: Roboto; font-size: 14px;\">T\u00fcrkiye\u2019de Meksika Devlet d\u0131\u015f temsilcili\u011fi olarak g\u00f6rev yapan<strong> Meksika Ankara B\u00fcy\u00fckel\u00e7ili\u011fi<\/strong> ile Meksika \u0130stanbul Ba\u015fkonsolosluk yetkili kurumdur.<\/span><br \/>\n<span style=\"font-family: Roboto; font-size: 14px;\">Meksika\u2019ya ziyaret amac\u0131 uygun evrakla haz\u0131rlanm\u0131\u015f belge dosyas\u0131 ve \u0131slak imza <span style=\"color: #2acec2;\"><strong><a style=\"color: #2acec2;\" href=\"https:\/\/myvize.com.tr\/meksika\/form-ve-dilekce\/meksika-vize-basvuru-formu\/\" target=\"_blank\" rel=\"noopener\">Meksika vize ba\u015fvuru form<\/a><\/strong><strong>u<\/strong><\/span> foto\u011frafl\u0131 asl\u0131 ve Meksika Konsoloslu\u011funa m\u00fcracaat kabul etmektedir.<\/span><br \/>\n<span style=\"font-family: Roboto; font-size: 14px;\"><strong>Meksika Konsoloslu\u011fu<\/strong> ve B\u00fcy\u00fckel\u00e7ili\u011fi vize ba\u015fvurusunu hafta i\u00e7i Pazartesi-Cuma 09:00-13:00 aras\u0131nda kabul etmektedir. Meksika Konsoloslu\u011fu yap\u0131lan m\u00fcracaat 20 g\u00fcn i\u00e7inde sonu\u00e7lanmaktad\u0131r.<\/span><br \/>\n<span style=\"font-family: Roboto; font-size: 14px;\">Meksika Devleti\u2019nin T\u00fcrkiye d\u0131\u015f temsilcilik Meksika Konsoloslu\u011fu ile T\u00fcrkiye Devleti\u2019nin resm\u00ee tatili ve bayram\u0131nda kapal\u0131 oldu\u011fu g\u00fcn\u00fcn dikkate alarak, seyahatin aksamama i\u00e7in Meksika Konsoloslu\u011funa yap\u0131lacak vize ba\u015fvuru i\u015fleminin 1 ay evveli yap\u0131lmas\u0131 gerekmektedir.<\/span><\/p>\n<h2><span style=\"font-family: Roboto; font-size: 27px;\"><strong>Meksika Konsolosluk \u0130\u015flemleri Hakk\u0131nda 2022<\/strong><\/span><\/h2>\n<p><span style=\"font-family: Roboto; font-size: 14px;\"><strong>Meksika konsolosluk i\u015flemleri\u00a0<\/strong>ile iki \u00fclke aras\u0131nda gerekli olacak diplomasi trafi\u011finin \u00e7\u00f6z\u00fclmesi m\u00fcmk\u00fcn olur. T\u00fcrkiye\u2019de ikamet eden Meksika vatanda\u015flar\u0131 gerekli, onlara gerekli olacak her t\u00fcrl\u00fc hak koruma hususunda \u00fclkeleri ile ili\u015fkili olarak hizmet veren konsolosluklara ba\u011fl\u0131d\u0131r.<strong> Meksika Konsoloslu\u011fu<\/strong> kendi \u00fclkesinin vatanda\u015flar\u0131na T\u00fcrkiye Cumhuriyeti s\u0131n\u0131rlar\u0131 i\u00e7erisinde gerekli olacak her t\u00fcrl\u00fc resmi evrak hizmetini sunar.<\/span><\/p>\n<p><span style=\"font-family: Roboto; font-size: 14px;\">Konsolosluklar\u0131n yetkili odluklar\u0131 bir di\u011fer konu ise vizedir. Meksika, T\u00fcrkiye\u2019den yap\u0131lacak olan giri\u015flerde vatanda\u015flardan vize talebinde bulunur. Seyahat \u00f6ncesi gerekli olacak vize i\u00e7in vatanda\u015flar<strong> Meksika Konsoloslu\u011fu<\/strong> ile ileti\u015fime ge\u00e7ebilir. <span style=\"color: #2acec2;\"><strong><a style=\"color: #2acec2;\" href=\"https:\/\/myvize.com.tr\/meksika\/vize-islemleri\/meksika-vize-randevusu\/\" target=\"_blank\" rel=\"noopener\">Meksika Vize Randevusu <\/a><\/strong><\/span>ile konsoloslukta haz\u0131r bulunan vatanda\u015flar kendilerine yap\u0131lacak y\u00f6nlendirmeler do\u011frultusunda vize i\u00e7in gerekli evraklar\u0131 haz\u0131rlayarak konsolosluklar arac\u0131l\u0131\u011f\u0131 ile resmi vize ba\u015fvurusunda bulunabilir.<\/span><\/p>\n<p><span style=\"font-family: Roboto; font-size: 14px;\"><strong>Meksika konsoloslu\u011fu<\/strong> vize ba\u015fvurusu yapma isteyen vatanda\u015flar konsolosluklar ile yak\u0131n mesafede ikamet etmedi\u011fi durumlarda ya\u015fad\u0131klar\u0131 \u015fehirlerde hizmet veren resmi vize acenteleri ile ileti\u015fime ge\u00e7erek de vize i\u015flemlerini ger\u00e7ekle\u015ftirebilirler.<\/span><\/p>\n<p><span style=\"font-family: Roboto; font-size: 14px;\">Konsolosluklar resm\u00ee tatil g\u00fcnlerinde hizmete kapal\u0131d\u0131r. \u00dclkeler i\u00e7in ge\u00e7erli olacak resm\u00ee tatil g\u00fcn\u00fcne denk gelmeyen vatanda\u015flar di\u011fer g\u00fcnlerde gerekli olacak i\u015flemleri k\u0131sa s\u00fcre i\u00e7erisinde ger\u00e7ekle\u015ftirebilirler.<\/span><\/p>\n<h2><span style=\"font-size: 27px;\"><strong><span style=\"font-family: Roboto;\">Meksika Konsolosluk Departmanlar\u0131<\/span><\/strong><\/span><\/h2>\n<p><span style=\"font-family: Roboto; font-size: 14px;\"><strong>Meksika konsolosluk i\u015flemi<\/strong> yapacak olan ki\u015filer, Meksika konsolosluk departmanlar\u0131 ile i\u015flemlerini yapabilir. Meksika konsolosluk i\u015flemi yapacak olan ve i\u015flemlerini hangi Meksika konsolosluk departman\u0131nda yapaca\u011f\u0131n\u0131 ara\u015ft\u0131rmaktad\u0131r. Bu yaz\u0131da Meksika konsolosluk i\u015flemlerini hangi departmanda yapaca\u011f\u0131n\u0131 bilmeyen ki\u015filer i\u00e7in Meksika konsolosluk departmanlar\u0131 hakk\u0131nda bilgi verilmi\u015ftir.<\/span><\/p>\n<p><span style=\"font-family: Roboto; font-size: 14px;\">Meksika konsolosluk departmanlar\u0131 a\u015fa\u011f\u0131da yer almaktad\u0131r;<\/span><\/p>\n<ul>\n<li><span style=\"font-family: Roboto; font-size: 14px;\"><strong>Meksika Vize Departman\u0131:\u00a0<\/strong>Meksika\u2019ya seyahat etmek i\u00e7in vize alacak olan ki\u015filer, Meksika Konsoloslu\u011fu\u2019nun vize departman\u0131na ba\u015fvurmal\u0131d\u0131r.<\/span><\/li>\n<li><span style=\"font-family: Roboto; font-size: 14px;\"><strong>Meksika Konsolosluk Departman\u0131:\u00a0<\/strong>Konsolosluk i\u015flemi yapacak olan Meksika vatanda\u015flar\u0131 Meksika konsolosluk i\u015flemlerini Meksika Konsolosluk Departman\u0131\u2019na yapmal\u0131d\u0131r.<\/span><\/li>\n<li><span style=\"font-family: Roboto; font-size: 14px;\"><strong>K\u00fclt\u00fcr Departman\u0131:\u00a0<\/strong>Meksika\u2019n\u0131n k\u00fclt\u00fcr\u00fcn\u00fc T\u00fcrkiye\u2019de tan\u0131tmay\u0131 ve Meksika ile T\u00fcrkiye aras\u0131nda k\u00fclt\u00fcr al\u0131\u015fveri\u015fi yap\u0131lmas\u0131n\u0131 sa\u011flamaktad\u0131r.<\/span><\/li>\n<li><span style=\"font-family: Roboto; font-size: 14px;\"><strong>Ekonomi Departman\u0131:\u00a0<\/strong>Meksika ile T\u00fcrkiye aras\u0131nda ekonomik i\u015fbirliklerinin yap\u0131lmas\u0131n\u0131 ve T\u00fcrkiye\u2019de Meksika ad\u0131na yat\u0131r\u0131mlar\u0131n yap\u0131lmas\u0131n\u0131 ama\u00e7lamaktad\u0131r.<\/span><\/li>\n<li><span style=\"font-family: Roboto; font-size: 14px;\"><strong>Y\u00f6netim Departman\u0131:<\/strong>\u00a0Meksika Konsoloslu\u011fu\u2019nun y\u00f6netimi ile ilgilenmektedir. Meksika konsoloslu\u011fu \u00e7al\u0131\u015fanlar\u0131, Meksika Konsolosluk binas\u0131n\u0131n bak\u0131m\u0131 ve y\u00f6netiminden sorumludur.<\/span><\/li>\n<\/ul>\n<h2><span style=\"font-size: 27px;\"><strong><span style=\"font-family: Roboto;\">Meksika Konsoloslu\u011fu&#8217;nda Hangi \u0130\u015flemler Yap\u0131l\u0131r?<\/span><\/strong><\/span><\/h2>\n<p><span style=\"font-family: Roboto; font-size: 14px;\">Meksika Konsoloslu\u011fu\u2019nda i\u015flem yapacak olan ki\u015filer, i\u015flemlerinin Meksika konsoloslu\u011funda yap\u0131l\u0131p yap\u0131lmayaca\u011f\u0131n\u0131 merak etmektedir. Bu yaz\u0131da Meksika Konsoloslu\u011fu\u2019nda i\u015flem yapacak olan ki\u015filer i\u00e7in Meksika Konsoloslu\u011fu\u2019nda hangi i\u015flemlerin yap\u0131laca\u011f\u0131n\u0131 merak etmektedir. Bu yaz\u0131da <strong>Meksika Konsoloslu\u011fu<\/strong>\u2019nda i\u015flem yapacak olan ki\u015filer i\u00e7in \u201cMeksika Konsoloslu\u011fu\u2019nda hangi i\u015flemler yap\u0131l\u0131r?\u201d sorusunun cevab\u0131 verilmi\u015ftir.<\/span><\/p>\n<p><span style=\"font-family: Roboto; font-size: 14px;\">Meksika Konsoloslu\u011fu\u2019nda Meksika vatanda\u015flar\u0131, T\u00fcrkiye Cumhuriyeti vatanda\u015flar\u0131 ve T\u00fcrkiye\u2019de ikamet eden di\u011fer \u00fclke vatanda\u015flar\u0131 i\u015flem yapabilmektedir. Meksika Konsoloslu\u011fu\u2019nda a\u015fa\u011f\u0131daki i\u015flem yapabilmektedir. Meksika Konsoloslu\u011fu\u2019nda yap\u0131labilecek i\u015flemler a\u015fa\u011f\u0131da verilmi\u015ftir.<\/span><\/p>\n<ul>\n<li><span style=\"font-family: Roboto; font-size: 14px;\">Meksika vatanda\u015flar\u0131 i\u00e7in evlilik ve bo\u015fanma i\u015flemleri yap\u0131lmaktad\u0131r.<\/span><\/li>\n<li><span style=\"font-family: Roboto; font-size: 14px;\">Meksika vatanda\u015flar\u0131n\u0131n do\u011fum ve \u00f6l\u00fcm i\u015flemleri yap\u0131lmaktad\u0131r.<\/span><\/li>\n<li><span style=\"font-family: Roboto; font-size: 14px;\">Meksika vatanda\u015flar\u0131n\u0131n n\u00fcfus i\u015flemleri yap\u0131lmaktad\u0131r.<\/span><\/li>\n<li><span style=\"font-family: Roboto; font-size: 14px;\">Meksika vatanda\u015flar\u0131n\u0131n askerlik i\u015flemleri yap\u0131lmaktad\u0131r.<\/span><\/li>\n<li><span style=\"font-family: Roboto; font-size: 14px;\">Meksika vergi m\u00fckellefi olan ki\u015filer vergi i\u015flemlerini yapabilmektedir.<\/span><\/li>\n<li><span style=\"font-family: Roboto; font-size: 14px;\">Meksika vatanda\u015flar\u0131n\u0131n pasaport i\u015flemleri, kimlik i\u015flemleri ve ehliyet i\u015flemleri yap\u0131lmaktad\u0131r.<\/span><\/li>\n<li><span style=\"font-family: Roboto; font-size: 14px;\">Meksika noterlik i\u015flemleri yerine getirilmektedir.<\/span><\/li>\n<li><span style=\"font-family: Roboto; font-size: 14px;\">Meksika adli sicil i\u015flemleri yap\u0131lmaktad\u0131r.<\/span><\/li>\n<li><span style=\"font-family: Roboto; font-size: 14px;\">Meksika\u2019ya seyahat edecek olan ki\u015filer, Meksika seyahatleri i\u00e7in Meksika vize ba\u015fvurular\u0131n\u0131 Meksika temsilciliklerin yapabilmektedir.<\/span><\/li>\n<\/ul>\n<h3><span style=\"font-size: 24px;\"><strong><span style=\"font-family: Roboto;\">Meksika Konsoloslu\u011fu Vize \u0130\u015flemleri<\/span><\/strong><\/span><\/h3>\n<p><span style=\"font-family: Roboto; font-size: 14px;\">Meksika\u2019ya seyahat etmek isteyen ki\u015filer, Meksika seyahatlerine uygun olarak Meksika vize ba\u015fvurusu yapmal\u0131d\u0131r. <strong>Meksika vizesi<\/strong> alacak olan ki\u015filer, Meksika vize ba\u015fvurular\u0131n\u0131 Meksika Konsoloslu\u011fu\u2019na yapabilir. Meksika Konsoloslu\u011fu\u2019na vize ba\u015fvurusu yapacak olan ki\u015filer Meksika Konsoloslu\u011fu vize i\u015flemlerini merak etmektedir. Bu yaz\u0131da Meksika Konsoloslu\u011fu vize i\u015flemleri hakk\u0131nda bilgi verilmi\u015ftir.<\/span><\/p>\n<ul>\n<li><span style=\"font-family: Roboto; font-size: 14px;\"><strong>Meksika Konsoloslu\u011fu vize i\u015flemleri<\/strong> i\u00e7in \u00f6ncelikle ba\u015fvuru yap\u0131lacak olan vize t\u00fcr\u00fc belirlenmelidir.<\/span><\/li>\n<li><span style=\"font-family: Roboto; font-size: 14px;\">Vize t\u00fcr\u00fc belirlendikten sonra seyahat amac\u0131na uygun olan Meksika vize t\u00fcr\u00fc belirlenmelidir.<\/span><\/li>\n<li><span style=\"font-family: Roboto; font-size: 14px;\">Meksika vize t\u00fcr\u00fc belirlendikten sonra Meksika Konsoloslu\u011fu vize i\u015flemleri i\u00e7in Meksika Konsoloslu\u011fu\u2019ndan randevu al\u0131nmal\u0131d\u0131r.<\/span><\/li>\n<li><span style=\"font-family: Roboto; font-size: 14px;\">Meksika Konsoloslu\u011fu vize i\u015flemleri i\u00e7in randevu al\u0131nd\u0131ktan sonra randevu tarihine kadar gerekli olan vize evraklar\u0131 haz\u0131rlanmal\u0131d\u0131r.<\/span><\/li>\n<li><span style=\"font-family: Roboto; font-size: 14px;\">Haz\u0131rlanan Meksika vize evraklar\u0131 eksiksiz olarak Meksika Konsoloslu\u011fu vize i\u015flemleri randevu tarihinde yetkililere teslim edilmelidir.<\/span><\/li>\n<li><span style=\"font-family: Roboto; font-size: 14px;\">Meksika vize ba\u015fvurular\u0131n\u0131 inceleme yetkisi T\u00fcrkiye\u2019de bulunan Meksika temsilciliklerine aittir. Ba\u015fvurular vize t\u00fcr\u00fcne g\u00f6re farkl\u0131 s\u00fcrelerde incelenmektedir.<\/span><\/li>\n<\/ul>\n<h3><span style=\"font-size: 24px;\"><strong><span style=\"font-family: Roboto;\">Meksika Konsolosluk Pasaport \u0130\u015flemleri<\/span><\/strong><\/span><\/h3>\n<p><span style=\"font-family: Roboto; font-size: 14px;\">Meksika Konsoloslu\u011fu\u2019nda pasaport i\u015flemi yapacak olan ki\u015filer,<strong> Meksika Konsolosluk i\u015flemleri<\/strong> hakk\u0131nda ara\u015ft\u0131rma yapmaktad\u0131r. Meksika Konsoloslu\u011fu\u2019nda pasaport i\u015flemi yapacak olan ki\u015filer i\u00e7in <strong>Meksika Konsolosluk<\/strong> pasaport i\u015flemleri hakk\u0131nda bilgi verilmi\u015ftir.<\/span><\/p>\n<p><span style=\"font-family: Roboto; font-size: 14px;\"><strong>Meksika Konsolosluk pasaport i\u015flemi<\/strong> yapacak olan ki\u015filer \u00f6ncelikle i\u015flem yapaca\u011f\u0131 Meksika temsilcili\u011finden randevu almal\u0131d\u0131r. Randevular i\u015flem yap\u0131lacak olan Meksika temsilcili\u011fi ile ileti\u015fime ge\u00e7ilerek al\u0131nabilir. Randevu tarihine kadar <strong>Meksika Konsolosluk<\/strong> pasaport i\u015flemleri i\u00e7in gerekli olan evraklar\u0131 haz\u0131rlamal\u0131d\u0131r. Haz\u0131rlanan evraklar randevu tarihinde Meksika Konsoloslu\u011fu\u2019na teslim edilmelidir.<\/span><\/p>\n<p><span style=\"font-family: Roboto; font-size: 14px;\">Meksika Konsoloslu\u011fu\u2019nda pasaport i\u015flemi yapacak olan ki\u015filer a\u015fa\u011f\u0131daki i\u015flemleri yap\u0131labilir;<\/span><\/p>\n<ul>\n<li><span style=\"font-family: Roboto; font-size: 14px;\">Yeni do\u011fmu\u015f olan ve Meksika vatanda\u015fl\u0131k hakk\u0131 olan ki\u015filerin pasaport \u00e7\u0131karma i\u015flemi,<\/span><\/li>\n<li><span style=\"font-family: Roboto; font-size: 14px;\">Pasaportunu kaybetmi\u015f olan Meksika vatanda\u015flar\u0131n\u0131n pasaport i\u015flemleri,<\/span><\/li>\n<li><span style=\"font-family: Roboto; font-size: 14px;\">Pasaport s\u00fcresi bitmi\u015f ve Meksika pasaportunu yenilemek isteyen ki\u015filerin Meksika Pasaport yenileme i\u015flemleri,<\/span><\/li>\n<li><span style=\"font-family: Roboto; font-size: 14px;\">Meksika pasaportu y\u0131pranm\u0131\u015f ki\u015filerin Meksika pasaport yenileme i\u015flemleri,<\/span><\/li>\n<li><span style=\"font-family: Roboto; font-size: 14px;\">Meksika\u2019ya seyahat edecek olan ki\u015filerin pasaport teslim i\u015flemleri yap\u0131lmaktad\u0131r.<\/span><\/li>\n<\/ul>\n<p>&nbsp;<\/p>\n","protected":false},"excerpt":{"rendered":"<p>Meksika Konsolosluk \u0130\u015flemleri Hakk\u0131nda Meksika Devleti, Meksika seyahat edecek T\u00fcrkiye Cumhuriyeti vatanda\u015f\u0131n\u0131 Meksika vize prosed\u00fcr\u00fc tabii tutmaktad\u0131r. Sadece T\u00fcrkiye Cumhuriyeti diplomat pasaport sahibi Meksika vizesinden muaft\u0131r. Ancak Meksika Devleti 17 Aral\u0131k 2013 tarihinde itibaren ge\u00e7erlilik soktu\u011fu Elektronik Onay sistem sayesinde Meksika\u2019ya turistik, i\u015f, gazetecilik ve transit ge\u00e7i\u015fi gibi nedenlerle ziyaret etmek isteyen T\u00fcrkiye Cumhuriyeti vatanda\u015f\u0131n\u0131n,<\/p>\n","protected":false},"author":1,"featured_media":0,"parent":69,"menu_order":0,"comment_status":"closed","ping_status":"closed","template":"","meta":{"footnotes":""},"class_list":["post-92","page","type-page","status-publish","hentry"],"yoast_head":"<!-- This site is optimized with the Yoast SEO plugin v24.0 - https:\/\/yoast.com\/wordpress\/plugins\/seo\/ -->\n<title>Meksika Konsolosluk \u0130\u015flemleri - MyVize<\/title>\n<meta name=\"description\" content=\"Meksika konsolosluk i\u015flemleri gerekli evraklar g\u00fcncel olarak verilmektedir. Meksika konsolosluk i\u015flemleri gerekli \u015fartlar.\" \/>\n<meta name=\"robots\" content=\"index, follow, max-snippet:-1, max-image-preview:large, max-video-preview:-1\" \/>\n<link rel=\"canonical\" href=\"https:\/\/myvize.com.tr\/meksika\/konsolosluklar\/meksika-konsolosluk-islemleri\/\" \/>\n<meta property=\"og:locale\" content=\"tr_TR\" \/>\n<meta property=\"og:type\" content=\"article\" \/>\n<meta property=\"og:title\" content=\"Meksika Konsolosluk \u0130\u015flemleri - MyVize\" \/>\n<meta property=\"og:description\" content=\"Meksika konsolosluk i\u015flemleri gerekli evraklar g\u00fcncel olarak verilmektedir. Meksika konsolosluk i\u015flemleri gerekli \u015fartlar.\" \/>\n<meta property=\"og:url\" content=\"https:\/\/myvize.com.tr\/meksika\/konsolosluklar\/meksika-konsolosluk-islemleri\/\" \/>\n<meta property=\"og:site_name\" content=\"Meksika Vizesi\" \/>\n<meta property=\"article:modified_time\" content=\"2022-05-12T13:32:13+00:00\" \/>\n<meta name=\"twitter:card\" content=\"summary_large_image\" \/>\n<meta name=\"twitter:label1\" content=\"Tahmini okuma s\u00fcresi\" \/>\n\t<meta name=\"twitter:data1\" content=\"4 dakika\" \/>\n<script type=\"application\/ld+json\" class=\"yoast-schema-graph\">{\"@context\":\"https:\/\/schema.org\",\"@graph\":[{\"@type\":\"WebPage\",\"@id\":\"https:\/\/myvize.com.tr\/meksika\/konsolosluklar\/meksika-konsolosluk-islemleri\/\",\"url\":\"https:\/\/myvize.com.tr\/meksika\/konsolosluklar\/meksika-konsolosluk-islemleri\/\",\"name\":\"Meksika Konsolosluk \u0130\u015flemleri - MyVize\",\"isPartOf\":{\"@id\":\"https:\/\/myvize.com.tr\/meksika\/#website\"},\"datePublished\":\"2020-11-30T10:07:02+00:00\",\"dateModified\":\"2022-05-12T13:32:13+00:00\",\"description\":\"Meksika konsolosluk i\u015flemleri gerekli evraklar g\u00fcncel olarak verilmektedir. Meksika konsolosluk i\u015flemleri gerekli \u015fartlar.\",\"breadcrumb\":{\"@id\":\"https:\/\/myvize.com.tr\/meksika\/konsolosluklar\/meksika-konsolosluk-islemleri\/#breadcrumb\"},\"inLanguage\":\"tr\",\"potentialAction\":[{\"@type\":\"ReadAction\",\"target\":[\"https:\/\/myvize.com.tr\/meksika\/konsolosluklar\/meksika-konsolosluk-islemleri\/\"]}]},{\"@type\":\"BreadcrumbList\",\"@id\":\"https:\/\/myvize.com.tr\/meksika\/konsolosluklar\/meksika-konsolosluk-islemleri\/#breadcrumb\",\"itemListElement\":[{\"@type\":\"ListItem\",\"position\":1,\"name\":\"Anasayfa\",\"item\":\"https:\/\/myvize.com.tr\/meksika\/\"},{\"@type\":\"ListItem\",\"position\":2,\"name\":\"KONSOLOSLUKLAR\",\"item\":\"https:\/\/myvize.com.tr\/meksika\/konsolosluklar\/\"},{\"@type\":\"ListItem\",\"position\":3,\"name\":\"Meksika Konsolosluk \u0130\u015flemleri\"}]},{\"@type\":\"WebSite\",\"@id\":\"https:\/\/myvize.com.tr\/meksika\/#website\",\"url\":\"https:\/\/myvize.com.tr\/meksika\/\",\"name\":\"Meksika Vizesi\",\"description\":\"\",\"potentialAction\":[{\"@type\":\"SearchAction\",\"target\":{\"@type\":\"EntryPoint\",\"urlTemplate\":\"https:\/\/myvize.com.tr\/meksika\/?s={search_term_string}\"},\"query-input\":{\"@type\":\"PropertyValueSpecification\",\"valueRequired\":true,\"valueName\":\"search_term_string\"}}],\"inLanguage\":\"tr\"}]}<\/script>\n<!-- \/ Yoast SEO plugin. -->","yoast_head_json":{"title":"Meksika Konsolosluk \u0130\u015flemleri - MyVize","description":"Meksika konsolosluk i\u015flemleri gerekli evraklar g\u00fcncel olarak verilmektedir. Meksika konsolosluk i\u015flemleri gerekli \u015fartlar.","robots":{"index":"index","follow":"follow","max-snippet":"max-snippet:-1","max-image-preview":"max-image-preview:large","max-video-preview":"max-video-preview:-1"},"canonical":"https:\/\/myvize.com.tr\/meksika\/konsolosluklar\/meksika-konsolosluk-islemleri\/","og_locale":"tr_TR","og_type":"article","og_title":"Meksika Konsolosluk \u0130\u015flemleri - MyVize","og_description":"Meksika konsolosluk i\u015flemleri gerekli evraklar g\u00fcncel olarak verilmektedir. Meksika konsolosluk i\u015flemleri gerekli \u015fartlar.","og_url":"https:\/\/myvize.com.tr\/meksika\/konsolosluklar\/meksika-konsolosluk-islemleri\/","og_site_name":"Meksika Vizesi","article_modified_time":"2022-05-12T13:32:13+00:00","twitter_card":"summary_large_image","twitter_misc":{"Tahmini okuma s\u00fcresi":"4 dakika"},"schema":{"@context":"https:\/\/schema.org","@graph":[{"@type":"WebPage","@id":"https:\/\/myvize.com.tr\/meksika\/konsolosluklar\/meksika-konsolosluk-islemleri\/","url":"https:\/\/myvize.com.tr\/meksika\/konsolosluklar\/meksika-konsolosluk-islemleri\/","name":"Meksika Konsolosluk \u0130\u015flemleri - MyVize","isPartOf":{"@id":"https:\/\/myvize.com.tr\/meksika\/#website"},"datePublished":"2020-11-30T10:07:02+00:00","dateModified":"2022-05-12T13:32:13+00:00","description":"Meksika konsolosluk i\u015flemleri gerekli evraklar g\u00fcncel olarak verilmektedir. Meksika konsolosluk i\u015flemleri gerekli \u015fartlar.","breadcrumb":{"@id":"https:\/\/myvize.com.tr\/meksika\/konsolosluklar\/meksika-konsolosluk-islemleri\/#breadcrumb"},"inLanguage":"tr","potentialAction":[{"@type":"ReadAction","target":["https:\/\/myvize.com.tr\/meksika\/konsolosluklar\/meksika-konsolosluk-islemleri\/"]}]},{"@type":"BreadcrumbList","@id":"https:\/\/myvize.com.tr\/meksika\/konsolosluklar\/meksika-konsolosluk-islemleri\/#breadcrumb","itemListElement":[{"@type":"ListItem","position":1,"name":"Anasayfa","item":"https:\/\/myvize.com.tr\/meksika\/"},{"@type":"ListItem","position":2,"name":"KONSOLOSLUKLAR","item":"https:\/\/myvize.com.tr\/meksika\/konsolosluklar\/"},{"@type":"ListItem","position":3,"name":"Meksika Konsolosluk \u0130\u015flemleri"}]},{"@type":"WebSite","@id":"https:\/\/myvize.com.tr\/meksika\/#website","url":"https:\/\/myvize.com.tr\/meksika\/","name":"Meksika Vizesi","description":"","potentialAction":[{"@type":"SearchAction","target":{"@type":"EntryPoint","urlTemplate":"https:\/\/myvize.com.tr\/meksika\/?s={search_term_string}"},"query-input":{"@type":"PropertyValueSpecification","valueRequired":true,"valueName":"search_term_string"}}],"inLanguage":"tr"}]}},"_links":{"self":[{"href":"https:\/\/myvize.com.tr\/meksika\/wp-json\/wp\/v2\/pages\/92","targetHints":{"allow":["GET"]}}],"collection":[{"href":"https:\/\/myvize.com.tr\/meksika\/wp-json\/wp\/v2\/pages"}],"about":[{"href":"https:\/\/myvize.com.tr\/meksika\/wp-json\/wp\/v2\/types\/page"}],"author":[{"embeddable":true,"href":"https:\/\/myvize.com.tr\/meksika\/wp-json\/wp\/v2\/users\/1"}],"replies":[{"embeddable":true,"href":"https:\/\/myvize.com.tr\/meksika\/wp-json\/wp\/v2\/comments?post=92"}],"version-history":[{"count":9,"href":"https:\/\/myvize.com.tr\/meksika\/wp-json\/wp\/v2\/pages\/92\/revisions"}],"predecessor-version":[{"id":875,"href":"https:\/\/myvize.com.tr\/meksika\/wp-json\/wp\/v2\/pages\/92\/revisions\/875"}],"up":[{"embeddable":true,"href":"https:\/\/myvize.com.tr\/meksika\/wp-json\/wp\/v2\/pages\/69"}],"wp:attachment":[{"href":"https:\/\/myvize.com.tr\/meksika\/wp-json\/wp\/v2\/media?parent=92"}],"curies":[{"name":"wp","href":"https:\/\/api.w.org\/{rel}","templated":true}]}}