{"id":82,"date":"2020-11-30T13:04:43","date_gmt":"2020-11-30T10:04:43","guid":{"rendered":"http:\/\/myvize.com.tr\/meksika\/?page_id=82"},"modified":"2022-09-05T12:10:13","modified_gmt":"2022-09-05T09:10:13","slug":"bursa-fahri-konsoloslugu","status":"publish","type":"page","link":"https:\/\/myvize.com.tr\/meksika\/konsolosluklar\/bursa-fahri-konsoloslugu\/","title":{"rendered":"Meksika Bursa Fahri Konsoloslu\u011fu"},"content":{"rendered":"<h2><span style=\"font-family: Roboto; font-size: 27px;\"><strong>Meksika Bursa Konsoloslu\u011fu<\/strong><\/span><\/h2>\n<p><span style=\"font-family: Roboto; font-size: 14px;\">Meksika <strong><a href=\"https:\/\/myvize.com.tr\/meksika\/subelerimiz\/bursa\/\" target=\"_blank\" rel=\"noopener\"><span style=\"color: #2acec2;\">Bursa<\/span><\/a><\/strong> Fahri Konsoloslu\u011funun, hafta i\u00e7i her g\u00fcn 08.30- 16.00 saati aras\u0131nda faaliyet g\u00f6stermektedir. T\u00fcrkiye resm\u00ee tatil ile Meksika resm\u00ee tatilinde hizmet vermemektedir. Hafta i\u00e7i \u00e7al\u0131\u015fma saatleri i\u00e7inde randevu alarak i\u015flemlerinizi ger\u00e7ekle\u015ftirmeniz gerekmektedir. Aksi durumda yapt\u0131\u011f\u0131n\u0131z ba\u015fvuru ret al\u0131r ve ileri tarihe randevu olu\u015fturman\u0131z gerekmektedir.<\/span><br \/>\n<span style=\"font-family: Roboto; font-size: 14px;\">Meksika&#8217;ya vize ba\u015fvurusu yapaca\u011f\u0131n\u0131z il neresi olursa olsun evrak Meksika Ankara B\u00fcy\u00fckel\u00e7ili\u011fine iletilecek. Meksika Bursa Fahri konsoloslu\u011funa vize ba\u015fvurunuz <span style=\"color: #2acec2;\"><strong><a style=\"color: #2acec2;\" href=\"https:\/\/myvize.com.tr\/meksika\/konsolosluklar\/ankara-buyukelciligi\/\" target=\"_blank\" rel=\"noopener\">Meksika Ankara B\u00fcy\u00fckel\u00e7ili\u011fi<\/a><\/strong><\/span> taraf\u0131ndan de\u011ferlendirilecek ve sonu\u00e7lanacak ba\u015fvuru yapt\u0131\u011f\u0131n\u0131z il e\u011fer Meksika Ankara B\u00fcy\u00fckel\u00e7ili\u011fi g\u00f6revi kapsam\u0131 d\u0131\u015f\u0131nda yer al\u0131yorsa vize onay s\u00fcre\u00e7 uzun s\u00fcrebilir. <strong>Meksika Bursa Fahri Konsoloslu\u011fu<\/strong> \u00fclkemizde vize ba\u015fvurusunu kabul etmemektedir. Bu nedenle <strong>Meksika Bursa Fahri Konsoloslu\u011fu<\/strong> ve Meksika Bursa Fahri Konsolosluklar\u0131na yap\u0131lacak ba\u015fvurular\u0131 kabul edilmeyecektir.<\/span><br \/>\n<span style=\"font-family: Roboto; font-size: 14px;\">Vize ba\u015fvurusunu kabul etmeyen Bursa fahri konsoloslu\u011fu Meksika vatanda\u015f\u0131 T\u00fcrkiye&#8217;de gerekli belge almas\u0131na yard\u0131mc\u0131 olmaktad\u0131r. Meksika vatanda\u015flar\u0131, <strong>Meksika Bursa Fahri Konsoloslu\u011fu<\/strong> giderek ihtiya\u00e7 duydu\u011fu belgeyi gerekli i\u015flemlerden sonra alabilmektedir. Bursa fahri konsoloslu\u011fu sayfas\u0131ndan gerekli bilgilere ula\u015f\u0131labilmektedir.<\/span><\/p>\n<h2><span style=\"font-family: Roboto; font-size: 27px;\"><strong>Bursa Fahri Konsoloslu\u011fu<\/strong><\/span><\/h2>\n<p><span style=\"font-family: Roboto; font-size: 14px;\"><strong>Meksika Bursa Fahri Konsoloslu\u011fu<\/strong>\u00a0T\u00fcrkiye ile Meksika aras\u0131nda ekonomik ticari sosyal ve k\u00fclt\u00fcrel ili\u015fkilerin geli\u015ftirilmesine yard\u0131mc\u0131 olur. \u0130ki \u00fclkenin belirlenmi\u015f alanlarda en \u00fcst d\u00fczeyde birbirleri ile ili\u015fki konular\u0131nda do\u011frudan yetki sahibi olan resm\u00ee kurumdur. Vatanda\u015flara pasaport, vize veya seyahat belgesi verme konusunda herhangi bir yetkiye sahip olmayan Fahri konsolosluklar iki \u00fclke aras\u0131nda ger\u00e7ekle\u015fecek olan ticari ve k\u00fclt\u00fcrel faaliyetlerin y\u00fcr\u00fct\u00fclmesinde yetki sahibidir.<\/span><\/p>\n<p><span style=\"font-family: Roboto; font-size: 14px;\"><strong>Meksika Bursa Fahri Konsoloslu\u011fu<\/strong> T\u00fcrkiye&#8217;de ikamet eden <strong>Meksika vatanda\u015flar\u0131na<\/strong> gerekli olacak resmi evraklar\u0131n teminini sa\u011flar. Vatanda\u015flar vize ba\u015fvurusu hari\u00e7 olacak konularda fahri konsolosluklarda haz\u0131r bulunarak gerekli b\u00fct\u00fcn resmi evrak i\u015flemlerini k\u0131sa s\u00fcre i\u00e7erisinde ger\u00e7ekle\u015ftirebilirler. Fotokopi veya resmi evrak ibraz\u0131 gibi konularda gerekli i\u015flemleri yerine getiren konsolosluklar hafta i\u00e7i her g\u00fcn mesai saatleri i\u00e7erisinde hizmete a\u00e7\u0131kt\u0131r.<\/span><\/p>\n<p><span style=\"font-family: Roboto; font-size: 14px;\">T\u00fcrkiye Meksika aras\u0131nda resmi olarak tatil kabul edilen g\u00fcnlerde Fahri konsolosluklar da hizmete kapal\u0131d\u0131r. <strong>Meksika Bursa Fahri Konsoloslu\u011fu<\/strong> ile ileti\u015fime ge\u00e7erek vatanda\u015flar resm\u00ee tatil g\u00fcnleri hakk\u0131nda bilgi sahibi olabilir ve bu g\u00fcne denk gelmeyecek di\u011fer g\u00fcnlerde alacaklar\u0131 randevular ile fahri konsoloslukta haz\u0131r bulunabilirler.<\/span><\/p>\n<h2><span style=\"font-family: Roboto; font-size: 27px;\"><strong>Meksika Bursa Fahri Konsoloslu\u011fu Hakk\u0131nda<\/strong><\/span><\/h2>\n<p><span style=\"font-family: Roboto; font-size: 14px;\">Meksika Bursa Fahri Konsoloslu\u011fu, Meksika\u2019n\u0131n T\u00fcrkiye\u2019de bulunan temsilcili\u011findendir. Fahri Konsoloslu\u011fun resm\u00ee ya da diplomat bir yetkisi yoktur. <span style=\"color: #2acec2;\"><strong><a style=\"color: #2acec2;\" href=\"https:\/\/myvize.com.tr\/meksika\/konsolosluklar\/ankara-buyukelciligi\/\" target=\"_blank\" rel=\"noopener\">Meksika Ankara B\u00fcy\u00fckel\u00e7ili\u011fi<\/a><\/strong><\/span> ba\u011fl\u0131 olarak faaliyet g\u00f6stermekte. Meksika ba\u015fkonsoloslu\u011fu ya da konsoloslu\u011fu kurulmas\u0131na gerek g\u00f6r\u00fclmeyen Bursa kurulmu\u015ftur.<\/span><br \/>\n<span style=\"font-family: Roboto; font-size: 14px;\"><strong>Meksika Bursa Fahri Konsoloslu\u011fu<\/strong> birincil amac\u0131 Meksika ve T\u00fcrkiye aras\u0131 ticari ili\u015fkiyi geli\u015ftirmektir. Bunun yan\u0131 da Meksika i\u00e7in yeni yat\u0131r\u0131m alan\u0131 ya da ekonomik i\u015f birlikleri aramaktad\u0131r. Meksika Devleti\u2019nin ekonomi \u00e7\u0131karlar\u0131n\u0131 g\u00f6zetmektedir. Ayr\u0131ca k\u00fclt\u00fcr, siyasal ve sosyal i\u015f birli\u011fi ama\u00e7lanmaktad\u0131r.<\/span><br \/>\n<span style=\"font-family: Roboto; font-size: 14px;\">Meksika Bursa Fahri Konsolosluk, <strong>Meksika vatanda\u015f\u0131na<\/strong> evrak tasdik gibi noter hizmeti vermektedir. Ancak konsolosluk hizmet verme yetkisi yoktur. Ayn\u0131 zaman da <strong>T\u00fcrkiye Cumhuriyeti<\/strong> vatanda\u015f\u0131n\u0131n vize ba\u015fvurusunu kabul etme ve de\u011ferlendirmek yetkisi de verilmemi\u015ftir. Bu i\u015flemi i\u00e7in en yak\u0131n <strong>Meksika Ba\u015fkonsolosluk<\/strong> ya da Konsoloslu\u011fa ba\u015fvurman\u0131z gerekmektedir. Konsolosluklar\u0131 hafta i\u00e7i her g\u00fcn saat 11.00 ve 13.00 aras\u0131 hizmet vermekte. Meksika resm\u00ee tatili ve T\u00fcrkiye resm\u00ee tatilinde \u00e7al\u0131\u015fmamakta.<\/span><br \/>\n<span style=\"font-family: Roboto; font-size: 14px;\"><strong>Meksika Bursa Fahri konsoloslu\u011fu<\/strong>, vize i\u015flemi i\u00e7in hizmet vermemektedir. Ancak Meksika\u2019ya seyahat etmeyi isteyen T\u00fcrkiye Cumhuriyeti vatanda\u015f\u0131na vize i\u015flemi hakk\u0131nda rehberlik edebilmekte. Meksika\u2019ya yapaca\u011f\u0131 seyahatinizde vize ba\u015fvurunuzu <span style=\"color: #2acec2;\"><strong><a style=\"color: #2acec2;\" href=\"https:\/\/myvize.com.tr\/meksika\/vize-islemleri\/meksika-vizesi\/\" target=\"_blank\" rel=\"noopener\">Meksika vizesi<\/a><\/strong><\/span> ba\u015fvuru merkezine ya da B\u00fcy\u00fckel\u00e7ili\u011fe yapabilirsiniz.<\/span><br \/>\n<span style=\"font-family: Roboto; font-size: 14px;\">Fahri konsolosluklar genel ticari ili\u015fki i\u00e7in kurulmaktad\u0131r. Fahri konsolos bundan dolay genellikle i\u015f adam\u0131 i\u00e7erisinden se\u00e7ilir. Ticari ili\u015fkiyi d\u00fczenlemenin yan\u0131nda diplomat ve k\u00fclt\u00fcrel i\u015f birlikleri i\u00e7in arac\u0131l\u0131k yapmakta. Ayn\u0131 zamanda Meksika vatanda\u015f\u0131na resm\u00ee evrak i\u00e7in yard\u0131mc\u0131 olmakta. Ancak Meksika\u2019y\u0131 resm\u00ee olarak temsil etmemekte.<strong> Meksika Ankara B\u00fcy\u00fckel\u00e7ili\u011fi<\/strong> alt\u0131nda faaliyetler g\u00f6stermektedir.<\/span><\/p>\n<p><span style=\"font-family: Roboto; font-size: 14px;\"><span style=\"color: #2acec2;\"><strong><a style=\"color: #2acec2;\" href=\"https:\/\/myvize.com.tr\/meksika\/vize-islemleri\/meksika-aile-birlesimi-vizesi\/\" target=\"_blank\" rel=\"noopener\">Meksika Aile Birle\u015fimi Vizesi<\/a><\/strong><\/span> ile ilgili bilgi almak i\u00e7in bizi aray\u0131n\u0131z.<\/span><\/p>\n","protected":false},"excerpt":{"rendered":"<p>Meksika Bursa Konsoloslu\u011fu Meksika Bursa Fahri Konsoloslu\u011funun, hafta i\u00e7i her g\u00fcn 08.30- 16.00 saati aras\u0131nda faaliyet g\u00f6stermektedir. T\u00fcrkiye resm\u00ee tatil ile Meksika resm\u00ee tatilinde hizmet vermemektedir. Hafta i\u00e7i \u00e7al\u0131\u015fma saatleri i\u00e7inde randevu alarak i\u015flemlerinizi ger\u00e7ekle\u015ftirmeniz gerekmektedir. Aksi durumda yapt\u0131\u011f\u0131n\u0131z ba\u015fvuru ret al\u0131r ve ileri tarihe randevu olu\u015fturman\u0131z gerekmektedir. Meksika&#8217;ya vize ba\u015fvurusu yapaca\u011f\u0131n\u0131z il neresi olursa<\/p>\n","protected":false},"author":1,"featured_media":0,"parent":69,"menu_order":0,"comment_status":"closed","ping_status":"closed","template":"","meta":{"footnotes":""},"class_list":["post-82","page","type-page","status-publish","hentry"],"yoast_head":"<!-- This site is optimized with the Yoast SEO plugin v24.0 - https:\/\/yoast.com\/wordpress\/plugins\/seo\/ -->\n<title>Meksika Bursa Fahri Konsoloslu\u011fu - MyVize<\/title>\n<meta name=\"description\" content=\"Meksika Bursa Fahri Konsoloslu\u011fu \u00e7al\u0131\u015fma saatleri. Meksika Bursa Fahri Konsoloslu\u011fu ula\u015f\u0131m, ileti\u015fim bilgileri ve faaliyet alan\u0131.\" \/>\n<meta name=\"robots\" content=\"index, follow, max-snippet:-1, max-image-preview:large, max-video-preview:-1\" \/>\n<link rel=\"canonical\" href=\"https:\/\/myvize.com.tr\/meksika\/konsolosluklar\/bursa-fahri-konsoloslugu\/\" \/>\n<meta property=\"og:locale\" content=\"tr_TR\" \/>\n<meta property=\"og:type\" content=\"article\" \/>\n<meta property=\"og:title\" content=\"Meksika Bursa Fahri Konsoloslu\u011fu - MyVize\" \/>\n<meta property=\"og:description\" content=\"Meksika Bursa Fahri Konsoloslu\u011fu \u00e7al\u0131\u015fma saatleri. Meksika Bursa Fahri Konsoloslu\u011fu ula\u015f\u0131m, ileti\u015fim bilgileri ve faaliyet alan\u0131.\" \/>\n<meta property=\"og:url\" content=\"https:\/\/myvize.com.tr\/meksika\/konsolosluklar\/bursa-fahri-konsoloslugu\/\" \/>\n<meta property=\"og:site_name\" content=\"Meksika Vizesi\" \/>\n<meta property=\"article:modified_time\" content=\"2022-09-05T09:10:13+00:00\" \/>\n<meta name=\"twitter:card\" content=\"summary_large_image\" \/>\n<meta name=\"twitter:label1\" content=\"Tahmini okuma s\u00fcresi\" \/>\n\t<meta name=\"twitter:data1\" content=\"3 dakika\" \/>\n<script type=\"application\/ld+json\" class=\"yoast-schema-graph\">{\"@context\":\"https:\/\/schema.org\",\"@graph\":[{\"@type\":\"WebPage\",\"@id\":\"https:\/\/myvize.com.tr\/meksika\/konsolosluklar\/bursa-fahri-konsoloslugu\/\",\"url\":\"https:\/\/myvize.com.tr\/meksika\/konsolosluklar\/bursa-fahri-konsoloslugu\/\",\"name\":\"Meksika Bursa Fahri Konsoloslu\u011fu - MyVize\",\"isPartOf\":{\"@id\":\"https:\/\/myvize.com.tr\/meksika\/#website\"},\"datePublished\":\"2020-11-30T10:04:43+00:00\",\"dateModified\":\"2022-09-05T09:10:13+00:00\",\"description\":\"Meksika Bursa Fahri Konsoloslu\u011fu \u00e7al\u0131\u015fma saatleri. Meksika Bursa Fahri Konsoloslu\u011fu ula\u015f\u0131m, ileti\u015fim bilgileri ve faaliyet alan\u0131.\",\"breadcrumb\":{\"@id\":\"https:\/\/myvize.com.tr\/meksika\/konsolosluklar\/bursa-fahri-konsoloslugu\/#breadcrumb\"},\"inLanguage\":\"tr\",\"potentialAction\":[{\"@type\":\"ReadAction\",\"target\":[\"https:\/\/myvize.com.tr\/meksika\/konsolosluklar\/bursa-fahri-konsoloslugu\/\"]}]},{\"@type\":\"BreadcrumbList\",\"@id\":\"https:\/\/myvize.com.tr\/meksika\/konsolosluklar\/bursa-fahri-konsoloslugu\/#breadcrumb\",\"itemListElement\":[{\"@type\":\"ListItem\",\"position\":1,\"name\":\"Anasayfa\",\"item\":\"https:\/\/myvize.com.tr\/meksika\/\"},{\"@type\":\"ListItem\",\"position\":2,\"name\":\"KONSOLOSLUKLAR\",\"item\":\"https:\/\/myvize.com.tr\/meksika\/konsolosluklar\/\"},{\"@type\":\"ListItem\",\"position\":3,\"name\":\"Meksika Bursa Fahri Konsoloslu\u011fu\"}]},{\"@type\":\"WebSite\",\"@id\":\"https:\/\/myvize.com.tr\/meksika\/#website\",\"url\":\"https:\/\/myvize.com.tr\/meksika\/\",\"name\":\"Meksika Vizesi\",\"description\":\"\",\"potentialAction\":[{\"@type\":\"SearchAction\",\"target\":{\"@type\":\"EntryPoint\",\"urlTemplate\":\"https:\/\/myvize.com.tr\/meksika\/?s={search_term_string}\"},\"query-input\":{\"@type\":\"PropertyValueSpecification\",\"valueRequired\":true,\"valueName\":\"search_term_string\"}}],\"inLanguage\":\"tr\"}]}<\/script>\n<!-- \/ Yoast SEO plugin. -->","yoast_head_json":{"title":"Meksika Bursa Fahri Konsoloslu\u011fu - MyVize","description":"Meksika Bursa Fahri Konsoloslu\u011fu \u00e7al\u0131\u015fma saatleri. Meksika Bursa Fahri Konsoloslu\u011fu ula\u015f\u0131m, ileti\u015fim bilgileri ve faaliyet alan\u0131.","robots":{"index":"index","follow":"follow","max-snippet":"max-snippet:-1","max-image-preview":"max-image-preview:large","max-video-preview":"max-video-preview:-1"},"canonical":"https:\/\/myvize.com.tr\/meksika\/konsolosluklar\/bursa-fahri-konsoloslugu\/","og_locale":"tr_TR","og_type":"article","og_title":"Meksika Bursa Fahri Konsoloslu\u011fu - MyVize","og_description":"Meksika Bursa Fahri Konsoloslu\u011fu \u00e7al\u0131\u015fma saatleri. Meksika Bursa Fahri Konsoloslu\u011fu ula\u015f\u0131m, ileti\u015fim bilgileri ve faaliyet alan\u0131.","og_url":"https:\/\/myvize.com.tr\/meksika\/konsolosluklar\/bursa-fahri-konsoloslugu\/","og_site_name":"Meksika Vizesi","article_modified_time":"2022-09-05T09:10:13+00:00","twitter_card":"summary_large_image","twitter_misc":{"Tahmini okuma s\u00fcresi":"3 dakika"},"schema":{"@context":"https:\/\/schema.org","@graph":[{"@type":"WebPage","@id":"https:\/\/myvize.com.tr\/meksika\/konsolosluklar\/bursa-fahri-konsoloslugu\/","url":"https:\/\/myvize.com.tr\/meksika\/konsolosluklar\/bursa-fahri-konsoloslugu\/","name":"Meksika Bursa Fahri Konsoloslu\u011fu - MyVize","isPartOf":{"@id":"https:\/\/myvize.com.tr\/meksika\/#website"},"datePublished":"2020-11-30T10:04:43+00:00","dateModified":"2022-09-05T09:10:13+00:00","description":"Meksika Bursa Fahri Konsoloslu\u011fu \u00e7al\u0131\u015fma saatleri. Meksika Bursa Fahri Konsoloslu\u011fu ula\u015f\u0131m, ileti\u015fim bilgileri ve faaliyet alan\u0131.","breadcrumb":{"@id":"https:\/\/myvize.com.tr\/meksika\/konsolosluklar\/bursa-fahri-konsoloslugu\/#breadcrumb"},"inLanguage":"tr","potentialAction":[{"@type":"ReadAction","target":["https:\/\/myvize.com.tr\/meksika\/konsolosluklar\/bursa-fahri-konsoloslugu\/"]}]},{"@type":"BreadcrumbList","@id":"https:\/\/myvize.com.tr\/meksika\/konsolosluklar\/bursa-fahri-konsoloslugu\/#breadcrumb","itemListElement":[{"@type":"ListItem","position":1,"name":"Anasayfa","item":"https:\/\/myvize.com.tr\/meksika\/"},{"@type":"ListItem","position":2,"name":"KONSOLOSLUKLAR","item":"https:\/\/myvize.com.tr\/meksika\/konsolosluklar\/"},{"@type":"ListItem","position":3,"name":"Meksika Bursa Fahri Konsoloslu\u011fu"}]},{"@type":"WebSite","@id":"https:\/\/myvize.com.tr\/meksika\/#website","url":"https:\/\/myvize.com.tr\/meksika\/","name":"Meksika Vizesi","description":"","potentialAction":[{"@type":"SearchAction","target":{"@type":"EntryPoint","urlTemplate":"https:\/\/myvize.com.tr\/meksika\/?s={search_term_string}"},"query-input":{"@type":"PropertyValueSpecification","valueRequired":true,"valueName":"search_term_string"}}],"inLanguage":"tr"}]}},"_links":{"self":[{"href":"https:\/\/myvize.com.tr\/meksika\/wp-json\/wp\/v2\/pages\/82","targetHints":{"allow":["GET"]}}],"collection":[{"href":"https:\/\/myvize.com.tr\/meksika\/wp-json\/wp\/v2\/pages"}],"about":[{"href":"https:\/\/myvize.com.tr\/meksika\/wp-json\/wp\/v2\/types\/page"}],"author":[{"embeddable":true,"href":"https:\/\/myvize.com.tr\/meksika\/wp-json\/wp\/v2\/users\/1"}],"replies":[{"embeddable":true,"href":"https:\/\/myvize.com.tr\/meksika\/wp-json\/wp\/v2\/comments?post=82"}],"version-history":[{"count":6,"href":"https:\/\/myvize.com.tr\/meksika\/wp-json\/wp\/v2\/pages\/82\/revisions"}],"predecessor-version":[{"id":910,"href":"https:\/\/myvize.com.tr\/meksika\/wp-json\/wp\/v2\/pages\/82\/revisions\/910"}],"up":[{"embeddable":true,"href":"https:\/\/myvize.com.tr\/meksika\/wp-json\/wp\/v2\/pages\/69"}],"wp:attachment":[{"href":"https:\/\/myvize.com.tr\/meksika\/wp-json\/wp\/v2\/media?parent=82"}],"curies":[{"name":"wp","href":"https:\/\/api.w.org\/{rel}","templated":true}]}}