{"id":80,"date":"2020-11-30T13:04:17","date_gmt":"2020-11-30T10:04:17","guid":{"rendered":"http:\/\/myvize.com.tr\/meksika\/?page_id=80"},"modified":"2022-05-12T16:21:32","modified_gmt":"2022-05-12T13:21:32","slug":"kayseri-fahri-konsoloslugu","status":"publish","type":"page","link":"https:\/\/myvize.com.tr\/meksika\/konsolosluklar\/kayseri-fahri-konsoloslugu\/","title":{"rendered":"Meksika Kayseri Konsoloslu\u011fu"},"content":{"rendered":"<h2><span style=\"font-family: Roboto; font-size: 27px;\"><strong>Meksika Kayseri Konsoloslu\u011fu Hakk\u0131nda<\/strong><\/span><\/h2>\n<p><span style=\"font-family: Roboto; font-size: 14px;\"><strong>Meksika Kayseri Fahri Konsoloslu\u011fu<\/strong> \u00fclkemizde vize ba\u015fvurusunu kabul etmemektedir. Bu nedenle Meksika Kayseri Fahri Konsoloslu\u011fu ve Meksika Fahri Konsolosluklar\u0131na yapacak oldu\u011funuz ba\u015fvuru kabul edilmeyecektir.<\/span><br \/>\n<span style=\"font-family: Roboto; font-size: 14px;\"><span style=\"color: #2acec2;\"><strong><a style=\"color: #2acec2;\" href=\"https:\/\/myvize.com.tr\/meksika\/vize-islemleri\/meksika-vizesi\/\" target=\"_blank\" rel=\"noopener\">Meksika Vizesi<\/a><\/strong><\/span> Ba\u015fvurusunda bulundu\u011funuz il ve il\u00e7e neresi olursa olsun belgeniz <strong>Meksika Ankara B\u00fcy\u00fckel\u00e7ili\u011fe<\/strong> iletilecektir. Meksika vize ba\u015fvurunuzu <a href=\"https:\/\/myvize.com.tr\/meksika\/konsolosluklar\/ankara-buyukelciligi\/\" target=\"_blank\" rel=\"noopener\"><span style=\"color: #2acec2;\"><strong>Meksika Ankara B\u00fcy\u00fckel\u00e7ili\u011fi<\/strong><\/span><\/a> taraf\u0131ndan de\u011ferlendirilecek ve sonu\u00e7land\u0131raca\u011f\u0131 i\u00e7in ba\u015fvuru yapt\u0131\u011f\u0131n\u0131z il ve il\u00e7e e\u011fer Meksika Ankara B\u00fcy\u00fckel\u00e7ili\u011fi g\u00f6rev kapsam\u0131 d\u0131\u015f\u0131nda yer al\u0131yor ise vize onay\u0131 s\u00fcreci biraz uzun s\u00fcrebilir.<\/span><br \/>\n<span style=\"font-family: Roboto; font-size: 14px;\"><strong>Vize ba\u015fvurusu<\/strong> kabul etmeyen fahri konsolosluklar Meksika vatanda\u015f\u0131n\u0131n T\u00fcrkiye&#8217;de gerekli belgeyi almas\u0131na yard\u0131mc\u0131 olmaktad\u0131r. Meksika vatanda\u015f\u0131, <strong>Meksika Kayseri Fahri<\/strong> Konsoloslu\u011funa giderek ihtiya\u00e7 duyduklar\u0131 belgeleri gerekli i\u015flemlerden sonra alabilmektedirler. Kayseri fahri konsoloslu\u011fu sayfas\u0131ndan gerekli bilgilere ula\u015f\u0131labilmektedir.<\/span><br \/>\n<span style=\"font-family: Roboto; font-size: 14px;\">Meksika Kayseri Fahri Konsoloslu\u011funun, hafta i\u00e7i her g\u00fcn 09.00- 16.30 saati aras\u0131nda faaliyet g\u00f6stermekte. T\u00fcrkiye&#8217;nin resm\u00ee tatili ile Meksika resm\u00ee tatillerinde hizmet vermemekte. Hafta i\u00e7i \u00e7al\u0131\u015fma saatleri i\u00e7erisinde randevu alarak i\u015flemlerinizi ger\u00e7ekle\u015ftirmeniz gerekmektedir. Aksi durumda yapt\u0131\u011f\u0131n\u0131z ba\u015fvurular onaylanmaz ve ileri bir tarihe randevu almak durumunda kal\u0131rs\u0131n\u0131z.<\/span><\/p>\n<h2><span style=\"font-family: Roboto; font-size: 27px;\"><strong>Meksika Kayseri Fahri Konsoloslu\u011fu<\/strong><\/span><\/h2>\n<p><span style=\"font-family: Roboto; font-size: 14px;\"><strong>Meksika Kayseri Fahri Konsoloslu\u011fu<\/strong> \u00fclkemizde Meksika vize ba\u015fvurular\u0131n\u0131 kabul etmez. Bu nedenle vatanda\u015flar Fahri konsolosluklardan vize ile ilgili herhangi bir \u015fekilde hizmet alamaz. Vize ba\u015fvurular\u0131 i\u00e7in do\u011frudan yetki sahibi olan yer<strong> Meksika B\u00fcy\u00fckel\u00e7ili\u011fi<\/strong> veya Meksika Ba\u015fkonsoloslu\u011fu\u2019dur. Vatanda\u015flar hangi \u015fehirde ikamet ederse etsin bulunduklar\u0131 yerden en yak\u0131n resmi vize acentesi ile ileti\u015fime ge\u00e7erek vize ba\u015fvurusunda bulunabilirler. Acenteler vize ba\u015fvurular\u0131n\u0131 konsolosluklara iletirler ve bu \u015fekilde vize ba\u015fvurusunun de\u011ferlendirmeye al\u0131nmas\u0131n\u0131 sa\u011flayabilirler.<\/span><\/p>\n<p><span style=\"font-family: Roboto; font-size: 14px;\"><strong>Kayseri Fahri Konsoloslu\u011fu<\/strong> vize ba\u015fvurusu konusunda gerekli yetkiye sahip olmamakla birlikte Meksika vatanda\u015flar\u0131n\u0131n T\u00fcrkiye&#8217;ye i\u00e7erisinde gerekli olacak resmi evrak i\u015flemlerini yerine getirmekle sorumludur.<strong> Meksika vatanda\u015flar\u0131<\/strong> Fahri konsolosluklara giderek ihtiya\u00e7lar\u0131 olan belgeleri k\u0131sa bir s\u00fcre i\u00e7erisinde temin edebilirler.<strong> Meksika Kayseri Fahri Konsoloslu\u011fu<\/strong> resmi internet sitesi \u00fczerinden de vatanda\u015flar\u0131n gerekli bilgilere sahip olmalar\u0131 ve evrak i\u00e7in randevu almalar\u0131 m\u00fcmk\u00fcn olur.<\/span><\/p>\n<p><span style=\"font-family: Roboto; font-size: 14px;\">Kayseri&#8217;de hizmet veren Fahri konsolosluk hafta i\u00e7i her g\u00fcn 09.00 ve 16.30 saatleri aras\u0131nda hizmete a\u00e7\u0131kt\u0131r. Vatanda\u015flar hafta i\u00e7i \u00e7al\u0131\u015fma saatleri aras\u0131nda randevu alarak burada evrak i\u015flerini kolay \u015fekilde \u00e7\u00f6z\u00fcme kavu\u015fturulabilir.<\/span><\/p>\n<h2><span style=\"font-family: Roboto; font-size: 27px;\"><strong>Meksika Kayseri Fahri Konsolosu Kimdir?<\/strong><\/span><\/h2>\n<p><span style=\"font-family: Roboto; font-size: 14px;\">Kayseri b\u00f6lgesi vatanda\u015flar\u0131 vize ba\u015fvurular\u0131, resmi i\u015flemler ve di\u011fer uluslararas\u0131 i\u015flemler i\u00e7in diledikleri gibi konsolosluklardan g\u00fcvenli bir \u015fekilde yard\u0131m talep edebilirler. \u0130stanbul, \u0130zmir ve Mersin&#8217;deki farkl\u0131 konsolosluklar, Meksika&#8217;n\u0131n Kayseri Fahri Konsoloslu\u011fu&#8217;nu arayan vatanda\u015flara yard\u0131mc\u0131 olabilir. Bu b\u00f6l\u00fcm, Meksika sakinlerinin vize ba\u015fvurusunda bulunmalar\u0131na ve \u00e7e\u015fitli resmi prosed\u00fcrleri yerine getirmelerine izin verir.<\/span><\/p>\n<p><span style=\"font-family: Roboto; font-size: 14px;\">Meksika sakinleri konsolosluklar arac\u0131l\u0131\u011f\u0131yla resmi belge talep etme se\u00e7ene\u011fine sahiptir. Do\u011fum belgesi, \u00f6l\u00fcm belgesi, evlilik ve bo\u015fanma belgesi gibi bir\u00e7ok belge konsolosluklardan istenebilmekte ve Meksika vatanda\u015flar\u0131n\u0131n resmi belge talepleri do\u011frultusunda temin edilmektedir.<\/span><\/p>\n<p><span style=\"font-family: Roboto; font-size: 14px;\">T\u00fcrk vatanda\u015flar\u0131 <strong>Meksika konsolosluklar\u0131<\/strong> arac\u0131l\u0131\u011f\u0131yla vize ba\u015fvurusunda bulunabilmektedir.<strong> Meksika&#8217;ya vizesiz gitmek<\/strong> m\u00fcmk\u00fcn olmad\u0131\u011f\u0131 i\u00e7in konsolosluklar arac\u0131l\u0131\u011f\u0131yla vize al\u0131nabilmektedir. Gerekli belgeler ba\u015fvuru prosed\u00fcr\u00fcn\u00fcn bir par\u00e7as\u0131 olarak sunulmal\u0131d\u0131r. Gerekli belgelerin tamam\u0131n\u0131n sunulmas\u0131 halinde ba\u015fvurunun i\u015fleme al\u0131nmas\u0131 m\u00fcmk\u00fcn olacakt\u0131r. Bu s\u00fcre zarf\u0131nda belgelerde resmi olmayan de\u011fi\u015fiklikler yap\u0131lmamal\u0131d\u0131r.<\/span><\/p>\n<h2><span style=\"font-family: Roboto; font-size: 27px;\"><strong>Meksika Kayseri Fahri Konsoloslu\u011fu Vize \u0130\u015flemleri<\/strong><\/span><\/h2>\n<p><span style=\"font-family: Roboto; font-size: 14px;\"><strong>Meksika&#8217;y\u0131 ziyaret etmek<\/strong> isteyen T\u00fcrkiye vatanda\u015flar\u0131, ziyaretlerine uygun vize almalar\u0131 gerekmektedir. Meksika vizesi almaya hak kazananlar\u0131n Kayseri&#8217;deki Meksika Fahri Konsoloslu\u011fu&#8217;na ba\u015fvuruda bulunmalar\u0131 gerekmektedir.<\/span><\/p>\n<p><span style=\"font-family: Roboto; font-size: 14px;\"><strong>Meksika vizesi<\/strong> istisnas\u0131 olmad\u0131k\u00e7a, Meksika vizesi i\u00e7in ba\u015fvuranlar\u0131n hepsinin bir tane almas\u0131 gerekir. T\u00fcrkiye Cumhuriyeti ve Meksika aras\u0131nda vize muafiyeti anla\u015fmas\u0131 bulunmad\u0131\u011f\u0131ndan, t\u00fcm seyahat edenlerin <strong>Meksika vizesi<\/strong> almas\u0131 gerekmektedir.<\/span><\/p>\n<p><span style=\"font-family: Roboto; font-size: 14px;\">Meksika&#8217;ya seyahat etmek isteyen T\u00fcrkiye Cumhuriyeti ve di\u011fer T\u00fcrk \u00fclkeleri vatanda\u015flar\u0131 \u00f6ncelikle ihtiya\u00e7 duyacaklar\u0131 vize t\u00fcr\u00fcn\u00fc belirlemelidir.<\/span><\/p>\n<p><span style=\"font-family: Roboto; font-size: 14px;\">Bir vize t\u00fcr\u00fcne karar vermi\u015f olanlar, Meksika&#8217;ya vize i\u00e7in \u00e7evrimi\u00e7i ba\u015fvuruda bulunmal\u0131d\u0131r.<\/span><\/p>\n<p><span style=\"font-family: Roboto; font-size: 14px;\">Evrak i\u015flemlerini tamamlayanlar\u0131n Meksika&#8217;n\u0131n Kayseri Fahri Konsoloslu\u011fu&#8217;ndan randevu almalar\u0131 gerekmektedir.<\/span><\/p>\n<p><span style=\"font-family: Roboto; font-size: 14px;\">Meksika&#8217;da kullan\u0131lan vize ba\u015fvurusunun t\u00fcr\u00fcne g\u00f6re, atananlar\u0131n vize ba\u015fvurular\u0131 i\u00e7in gerekli belgeleri toplamalar\u0131 gerekmektedir.<\/span><\/p>\n<p><span style=\"font-family: Roboto; font-size: 14px;\"><span style=\"color: #2acec2;\"><strong><a style=\"color: #2acec2;\" href=\"https:\/\/myvize.com.tr\/meksika\/meksika-vize-basvurusu\/\" target=\"_blank\" rel=\"noopener\">Meksika vize ba\u015fvurusu<\/a><\/strong><\/span> i\u00e7in gerekli evraklar haz\u0131rlanarak Meksika Kayseri Fahri Konsoloslu\u011funa teslim edilmelidir.<\/span><\/p>\n<p><span style=\"font-family: Roboto; font-size: 14px;\"><strong>Kayseri Meksika Fahri Konsoloslu\u011funa<\/strong> vize ba\u015fvurusunda bulunan herkes i\u00e7in<strong> seyahat sa\u011fl\u0131k sigortas\u0131<\/strong> yapt\u0131r\u0131lmas\u0131 zorunludur. Ba\u015fvuru sahipleri ayr\u0131ca Meksika&#8217;ya seyahat masraflar\u0131n\u0131 kar\u015f\u0131layabilecek mali kapasiteye sahip olmal\u0131d\u0131r. Rus vizesi sahipleri, vizeleri sona ermeden \u00fclkeyi terk etmelidir.<\/span><\/p>\n<h3><span style=\"font-family: Roboto; font-size: 24px;\"><strong>Meksika Kayseri Fahri Konsoloslu\u011fu Vize Randevusu<\/strong><\/span><\/h3>\n<p><span style=\"font-family: Roboto; font-size: 14px;\"><strong>Meksika&#8217;y\u0131 ziyaret etmek<\/strong> istiyorsan\u0131z ve Meksika vize muafiyetiniz yoksa, \u00f6nce <strong>Meksika vizesi<\/strong> alman\u0131z gerekir. Meksika ve T\u00fcrkiye&#8217;nin vize muafiyeti anla\u015fmas\u0131 olmad\u0131\u011f\u0131 i\u00e7in Meksika&#8217;y\u0131 ziyaret etmek isteyen T\u00fcrklerin vize almalar\u0131 gerekmektedir. Meksika&#8217;y\u0131 Kayseri&#8217;de veya yak\u0131nlar\u0131nda ya\u015fayan ziyaret\u00e7ilerin randevu almak i\u00e7in Kayseri&#8217;deki Meksika Fahri Konsoloslu\u011fu ile ileti\u015fime ge\u00e7meleri gerekmektedir.<\/span><\/p>\n<p><span style=\"font-family: Roboto; font-size: 14px;\"><strong>Meksika gezisi<\/strong> planlayanlar\u0131n, Meksika Kayseri Fahri Konsoloslu\u011fu&#8217;ndan randevu almak i\u00e7in Kayseri&#8217;deki Meksika Ba\u015fkonsoloslu\u011fu&#8217;nu aramalar\u0131 gerekmektedir.<\/span><\/p>\n<p><span style=\"font-family: Roboto; font-size: 14px;\">Meksika&#8217;n\u0131n teslimat prosed\u00fcrleri hakk\u0131nda daha fazla bilgi i\u00e7in l\u00fctfen Kayseri&#8217;deki <strong>Meksika Fahri Konsoloslu\u011fu<\/strong> ile ileti\u015fime ge\u00e7in.<\/span><\/p>\n<p><span style=\"font-family: Roboto; font-size: 14px;\">Meksika Kayseri Fahri Konsoloslu\u011fu&#8217;ndan vize ba\u015fvurusu i\u00e7in randevusu olan ki\u015filerin zaman\u0131nda gelmeleri gerekmektedir. Randevular\u0131na gelmeyenlerin ba\u015fvurular\u0131 reddedilebilir. Sonu\u00e7 olarak, Meksika randevunuzu ka\u00e7\u0131rmamak i\u00e7in ola\u011fan\u00fcst\u00fc dikkatli olmal\u0131s\u0131n\u0131z.<\/span><\/p>\n<p><span style=\"font-family: Roboto; font-size: 14px;\">Vize randevular\u0131 normalde 3 ila 7 i\u015f g\u00fcn\u00fc i\u00e7erisinde Meksika&#8217;n\u0131n Kayseri Fahri Konsoloslu\u011funda yap\u0131lmaktad\u0131r. Ancak Meksika vize ba\u015fvurular\u0131n\u0131n yo\u011funlu\u011funa g\u00f6re bu s\u00fcre uzayabilmektedir.<\/span><\/p>\n<p><span style=\"font-family: Roboto; font-size: 14px;\">Daha fazla bilgi i\u00e7in <strong>Kayseri Meksika Fahri Konsoloslu\u011fu<\/strong> ile kolay, h\u0131zl\u0131 ve g\u00fcvenli bir \u015fekilde ileti\u015fime ge\u00e7ebilirsiniz.<\/span><\/p>\n<h3><span style=\"font-family: Roboto; font-size: 24px;\"><strong>Meksika Kayseri Fahri Konsoloslu\u011fu Vize Ba\u015fvurusu<\/strong><\/span><\/h3>\n<p><span style=\"font-family: Roboto; font-size: 14px;\">Meksika&#8217;ya seyahat etmek isteyen T\u00fcrkiye vatanda\u015flar\u0131 gerekli vizeyi almak zorundad\u0131r. <strong>Meksika vizesi<\/strong> almaya hak kazananlar\u0131n Kayseri&#8217;deki Meksika Fahri Konsoloslu\u011funa ba\u015fvurmalar\u0131 gerekmektedir.<\/span><\/p>\n<p><span style=\"font-family: Roboto; font-size: 14px;\">\u0130stisna olmad\u0131k\u00e7a,<strong> Meksika vizesi<\/strong> i\u00e7in ba\u015fvuran t\u00fcm adaylar\u0131n bir tane almas\u0131 gerekir. T\u00fcrkiye Cumhuriyeti ve Meksika aras\u0131nda vize muafiyeti anla\u015fmas\u0131 bulunmad\u0131\u011f\u0131ndan, t\u00fcm seyahat edenlerin <strong>Meksika vizesi<\/strong> almas\u0131 gerekmektedir.<\/span><\/p>\n<p><span style=\"font-family: Roboto; font-size: 14px;\">Meksika&#8217;y\u0131 ziyaret etmek isteyen T\u00fcrkiye Cumhuriyeti ve di\u011fer T\u00fcrk \u00fclkeleri vatanda\u015flar\u0131 \u00f6ncelikle hangi vize t\u00fcr\u00fcne ihtiya\u00e7 duyduklar\u0131n\u0131 belirlemelidir.<\/span><\/p>\n<p><span style=\"font-family: Roboto; font-size: 14px;\">Bir vize t\u00fcr\u00fc se\u00e7mi\u015f olanlar, Meksika&#8217;ya vize ba\u015fvurusunu \u00e7evrimi\u00e7i olarak sunmal\u0131d\u0131r.<\/span><\/p>\n<p><span style=\"font-family: Roboto; font-size: 14px;\">Evraklar\u0131 tamamlayanlar\u0131n, randevu almak i\u00e7in Kayseri&#8217;deki <strong>Meksika Fahri Konsoloslu\u011fu<\/strong> ile ileti\u015fime ge\u00e7meleri gerekmektedir.<\/span><\/p>\n<p><span style=\"font-family: Roboto; font-size: 14px;\">Atananlar, Meksika&#8217;da kullan\u0131lan vize ba\u015fvurusu t\u00fcr\u00fcne g\u00f6re vize ba\u015fvurular\u0131 i\u00e7in gerekli belgeleri toplamal\u0131d\u0131r.<\/span><\/p>\n<p><span style=\"font-family: Roboto; font-size: 14px;\"><strong>Meksika vize ba\u015fvurusu<\/strong> i\u00e7in gerekli belgeler olu\u015fturulmal\u0131 ve Meksika Fahri Konsoloslu\u011funa sunulmal\u0131d\u0131r.<\/span><\/p>\n<p><span style=\"font-family: Roboto; font-size: 14px;\">Meksika&#8217;n\u0131n Kayseri Fahri Konsoloslu\u011fu&#8217;na vize ba\u015fvurusunda bulunan herkesin <strong>seyahat sa\u011fl\u0131k sigortas\u0131<\/strong> yapt\u0131rmas\u0131 zorunludur. Ba\u015fvuru sahipleri ayr\u0131ca Meksika seyahatlerinin masraflar\u0131n\u0131 kar\u015f\u0131layabilecek mali kapasiteye sahip olmal\u0131d\u0131r. Rus vizesi sahipleri, vizeleri sona ermeden \u00fclkeyi terk etmelidir.<\/span><\/p>\n","protected":false},"excerpt":{"rendered":"<p>Meksika Kayseri Konsoloslu\u011fu Hakk\u0131nda Meksika Kayseri Fahri Konsoloslu\u011fu \u00fclkemizde vize ba\u015fvurusunu kabul etmemektedir. Bu nedenle Meksika Kayseri Fahri Konsoloslu\u011fu ve Meksika Fahri Konsolosluklar\u0131na yapacak oldu\u011funuz ba\u015fvuru kabul edilmeyecektir. Meksika Vizesi Ba\u015fvurusunda bulundu\u011funuz il ve il\u00e7e neresi olursa olsun belgeniz Meksika Ankara B\u00fcy\u00fckel\u00e7ili\u011fe iletilecektir. Meksika vize ba\u015fvurunuzu Meksika Ankara B\u00fcy\u00fckel\u00e7ili\u011fi taraf\u0131ndan de\u011ferlendirilecek ve sonu\u00e7land\u0131raca\u011f\u0131 i\u00e7in ba\u015fvuru<\/p>\n","protected":false},"author":1,"featured_media":0,"parent":69,"menu_order":0,"comment_status":"closed","ping_status":"closed","template":"","meta":{"footnotes":""},"class_list":["post-80","page","type-page","status-publish","hentry"],"yoast_head":"<!-- This site is optimized with the Yoast SEO plugin v24.0 - https:\/\/yoast.com\/wordpress\/plugins\/seo\/ -->\n<title>Meksika Kayseri Fahri Konsoloslu\u011fu - MyVize<\/title>\n<meta name=\"description\" content=\"Meksika Kayseri Fahri Konsoloslu\u011fu \u00e7al\u0131\u015fma saatleri. Meksika Kayseri Fahri Konsoloslu\u011fu ula\u015f\u0131m, ileti\u015fim bilgileri ve faaliyet alan\u0131.\" \/>\n<meta name=\"robots\" content=\"index, follow, max-snippet:-1, max-image-preview:large, max-video-preview:-1\" \/>\n<link rel=\"canonical\" href=\"https:\/\/myvize.com.tr\/meksika\/konsolosluklar\/kayseri-fahri-konsoloslugu\/\" \/>\n<meta property=\"og:locale\" content=\"tr_TR\" \/>\n<meta property=\"og:type\" content=\"article\" \/>\n<meta property=\"og:title\" content=\"Meksika Kayseri Fahri Konsoloslu\u011fu - MyVize\" \/>\n<meta property=\"og:description\" content=\"Meksika Kayseri Fahri Konsoloslu\u011fu \u00e7al\u0131\u015fma saatleri. Meksika Kayseri Fahri Konsoloslu\u011fu ula\u015f\u0131m, ileti\u015fim bilgileri ve faaliyet alan\u0131.\" \/>\n<meta property=\"og:url\" content=\"https:\/\/myvize.com.tr\/meksika\/konsolosluklar\/kayseri-fahri-konsoloslugu\/\" \/>\n<meta property=\"og:site_name\" content=\"Meksika Vizesi\" \/>\n<meta property=\"article:modified_time\" content=\"2022-05-12T13:21:32+00:00\" \/>\n<meta name=\"twitter:card\" content=\"summary_large_image\" \/>\n<meta name=\"twitter:label1\" content=\"Tahmini okuma s\u00fcresi\" \/>\n\t<meta name=\"twitter:data1\" content=\"4 dakika\" \/>\n<script type=\"application\/ld+json\" class=\"yoast-schema-graph\">{\"@context\":\"https:\/\/schema.org\",\"@graph\":[{\"@type\":\"WebPage\",\"@id\":\"https:\/\/myvize.com.tr\/meksika\/konsolosluklar\/kayseri-fahri-konsoloslugu\/\",\"url\":\"https:\/\/myvize.com.tr\/meksika\/konsolosluklar\/kayseri-fahri-konsoloslugu\/\",\"name\":\"Meksika Kayseri Fahri Konsoloslu\u011fu - MyVize\",\"isPartOf\":{\"@id\":\"https:\/\/myvize.com.tr\/meksika\/#website\"},\"datePublished\":\"2020-11-30T10:04:17+00:00\",\"dateModified\":\"2022-05-12T13:21:32+00:00\",\"description\":\"Meksika Kayseri Fahri Konsoloslu\u011fu \u00e7al\u0131\u015fma saatleri. Meksika Kayseri Fahri Konsoloslu\u011fu ula\u015f\u0131m, ileti\u015fim bilgileri ve faaliyet alan\u0131.\",\"breadcrumb\":{\"@id\":\"https:\/\/myvize.com.tr\/meksika\/konsolosluklar\/kayseri-fahri-konsoloslugu\/#breadcrumb\"},\"inLanguage\":\"tr\",\"potentialAction\":[{\"@type\":\"ReadAction\",\"target\":[\"https:\/\/myvize.com.tr\/meksika\/konsolosluklar\/kayseri-fahri-konsoloslugu\/\"]}]},{\"@type\":\"BreadcrumbList\",\"@id\":\"https:\/\/myvize.com.tr\/meksika\/konsolosluklar\/kayseri-fahri-konsoloslugu\/#breadcrumb\",\"itemListElement\":[{\"@type\":\"ListItem\",\"position\":1,\"name\":\"Anasayfa\",\"item\":\"https:\/\/myvize.com.tr\/meksika\/\"},{\"@type\":\"ListItem\",\"position\":2,\"name\":\"KONSOLOSLUKLAR\",\"item\":\"https:\/\/myvize.com.tr\/meksika\/konsolosluklar\/\"},{\"@type\":\"ListItem\",\"position\":3,\"name\":\"Meksika Kayseri Konsoloslu\u011fu\"}]},{\"@type\":\"WebSite\",\"@id\":\"https:\/\/myvize.com.tr\/meksika\/#website\",\"url\":\"https:\/\/myvize.com.tr\/meksika\/\",\"name\":\"Meksika Vizesi\",\"description\":\"\",\"potentialAction\":[{\"@type\":\"SearchAction\",\"target\":{\"@type\":\"EntryPoint\",\"urlTemplate\":\"https:\/\/myvize.com.tr\/meksika\/?s={search_term_string}\"},\"query-input\":{\"@type\":\"PropertyValueSpecification\",\"valueRequired\":true,\"valueName\":\"search_term_string\"}}],\"inLanguage\":\"tr\"}]}<\/script>\n<!-- \/ Yoast SEO plugin. -->","yoast_head_json":{"title":"Meksika Kayseri Fahri Konsoloslu\u011fu - MyVize","description":"Meksika Kayseri Fahri Konsoloslu\u011fu \u00e7al\u0131\u015fma saatleri. Meksika Kayseri Fahri Konsoloslu\u011fu ula\u015f\u0131m, ileti\u015fim bilgileri ve faaliyet alan\u0131.","robots":{"index":"index","follow":"follow","max-snippet":"max-snippet:-1","max-image-preview":"max-image-preview:large","max-video-preview":"max-video-preview:-1"},"canonical":"https:\/\/myvize.com.tr\/meksika\/konsolosluklar\/kayseri-fahri-konsoloslugu\/","og_locale":"tr_TR","og_type":"article","og_title":"Meksika Kayseri Fahri Konsoloslu\u011fu - MyVize","og_description":"Meksika Kayseri Fahri Konsoloslu\u011fu \u00e7al\u0131\u015fma saatleri. Meksika Kayseri Fahri Konsoloslu\u011fu ula\u015f\u0131m, ileti\u015fim bilgileri ve faaliyet alan\u0131.","og_url":"https:\/\/myvize.com.tr\/meksika\/konsolosluklar\/kayseri-fahri-konsoloslugu\/","og_site_name":"Meksika Vizesi","article_modified_time":"2022-05-12T13:21:32+00:00","twitter_card":"summary_large_image","twitter_misc":{"Tahmini okuma s\u00fcresi":"4 dakika"},"schema":{"@context":"https:\/\/schema.org","@graph":[{"@type":"WebPage","@id":"https:\/\/myvize.com.tr\/meksika\/konsolosluklar\/kayseri-fahri-konsoloslugu\/","url":"https:\/\/myvize.com.tr\/meksika\/konsolosluklar\/kayseri-fahri-konsoloslugu\/","name":"Meksika Kayseri Fahri Konsoloslu\u011fu - MyVize","isPartOf":{"@id":"https:\/\/myvize.com.tr\/meksika\/#website"},"datePublished":"2020-11-30T10:04:17+00:00","dateModified":"2022-05-12T13:21:32+00:00","description":"Meksika Kayseri Fahri Konsoloslu\u011fu \u00e7al\u0131\u015fma saatleri. Meksika Kayseri Fahri Konsoloslu\u011fu ula\u015f\u0131m, ileti\u015fim bilgileri ve faaliyet alan\u0131.","breadcrumb":{"@id":"https:\/\/myvize.com.tr\/meksika\/konsolosluklar\/kayseri-fahri-konsoloslugu\/#breadcrumb"},"inLanguage":"tr","potentialAction":[{"@type":"ReadAction","target":["https:\/\/myvize.com.tr\/meksika\/konsolosluklar\/kayseri-fahri-konsoloslugu\/"]}]},{"@type":"BreadcrumbList","@id":"https:\/\/myvize.com.tr\/meksika\/konsolosluklar\/kayseri-fahri-konsoloslugu\/#breadcrumb","itemListElement":[{"@type":"ListItem","position":1,"name":"Anasayfa","item":"https:\/\/myvize.com.tr\/meksika\/"},{"@type":"ListItem","position":2,"name":"KONSOLOSLUKLAR","item":"https:\/\/myvize.com.tr\/meksika\/konsolosluklar\/"},{"@type":"ListItem","position":3,"name":"Meksika Kayseri Konsoloslu\u011fu"}]},{"@type":"WebSite","@id":"https:\/\/myvize.com.tr\/meksika\/#website","url":"https:\/\/myvize.com.tr\/meksika\/","name":"Meksika Vizesi","description":"","potentialAction":[{"@type":"SearchAction","target":{"@type":"EntryPoint","urlTemplate":"https:\/\/myvize.com.tr\/meksika\/?s={search_term_string}"},"query-input":{"@type":"PropertyValueSpecification","valueRequired":true,"valueName":"search_term_string"}}],"inLanguage":"tr"}]}},"_links":{"self":[{"href":"https:\/\/myvize.com.tr\/meksika\/wp-json\/wp\/v2\/pages\/80","targetHints":{"allow":["GET"]}}],"collection":[{"href":"https:\/\/myvize.com.tr\/meksika\/wp-json\/wp\/v2\/pages"}],"about":[{"href":"https:\/\/myvize.com.tr\/meksika\/wp-json\/wp\/v2\/types\/page"}],"author":[{"embeddable":true,"href":"https:\/\/myvize.com.tr\/meksika\/wp-json\/wp\/v2\/users\/1"}],"replies":[{"embeddable":true,"href":"https:\/\/myvize.com.tr\/meksika\/wp-json\/wp\/v2\/comments?post=80"}],"version-history":[{"count":5,"href":"https:\/\/myvize.com.tr\/meksika\/wp-json\/wp\/v2\/pages\/80\/revisions"}],"predecessor-version":[{"id":869,"href":"https:\/\/myvize.com.tr\/meksika\/wp-json\/wp\/v2\/pages\/80\/revisions\/869"}],"up":[{"embeddable":true,"href":"https:\/\/myvize.com.tr\/meksika\/wp-json\/wp\/v2\/pages\/69"}],"wp:attachment":[{"href":"https:\/\/myvize.com.tr\/meksika\/wp-json\/wp\/v2\/media?parent=80"}],"curies":[{"name":"wp","href":"https:\/\/api.w.org\/{rel}","templated":true}]}}